{"id":22599,"date":"2022-09-07T23:31:31","date_gmt":"2022-09-07T23:31:31","guid":{"rendered":"https:\/\/artesagrado.net\/?page_id=22599"},"modified":"2024-08-27T13:01:58","modified_gmt":"2024-08-27T19:01:58","slug":"ofertas","status":"publish","type":"page","link":"https:\/\/artesagrado.com.mx\/en\/ofertas\/","title":{"rendered":"Offers"},"content":{"rendered":"<div data-elementor-type=\"wp-page\" data-elementor-id=\"22599\" class=\"elementor elementor-22599\" data-elementor-post-type=\"page\">\n\t\t\t\t<div class=\"elementor-element elementor-element-a9a64dd e-con-full e-flex e-con e-parent\" data-id=\"a9a64dd\" data-element_type=\"container\" data-settings=\"{&quot;background_background&quot;:&quot;classic&quot;,&quot;shape_divider_bottom&quot;:&quot;opacity-fan&quot;}\">\n\t\t\t\t<div class=\"elementor-shape elementor-shape-bottom\" aria-hidden=\"true\" data-negative=\"false\">\n\t\t\t<svg xmlns=\"http:\/\/www.w3.org\/2000\/svg\" viewbox=\"0 0 283.5 19.6\" preserveaspectratio=\"none\">\n\t<path class=\"elementor-shape-fill\" style=\"opacity:0.33\" d=\"M0 0L0 18.8 141.8 4.1 283.5 18.8 283.5 0z\"\/>\n\t<path class=\"elementor-shape-fill\" style=\"opacity:0.33\" d=\"M0 0L0 12.6 141.8 4 283.5 12.6 283.5 0z\"\/>\n\t<path class=\"elementor-shape-fill\" style=\"opacity:0.33\" d=\"M0 0L0 6.4 141.8 4 283.5 6.4 283.5 0z\"\/>\n\t<path class=\"elementor-shape-fill\" d=\"M0 0L0 1.2 141.8 4 283.5 1.2 283.5 0z\"\/>\n<\/svg>\t\t<\/div>\n\t\t<div class=\"elementor-element elementor-element-4a143f7 e-con-full e-flex e-con e-child\" data-id=\"4a143f7\" data-element_type=\"container\">\n\t\t\t\t<div class=\"elementor-element elementor-element-316945a elementor-widget elementor-widget-heading\" data-id=\"316945a\" data-element_type=\"widget\" data-widget_type=\"heading.default\">\n\t\t\t\t<div class=\"elementor-widget-container\">\n\t\t\t\t\t<h1 class=\"elementor-heading-title elementor-size-default\">Offers<\/h1>\t\t\t\t<\/div>\n\t\t\t\t<\/div>\n\t\t\t\t<\/div>\n\t\t\t\t<\/div>\n\t\t<div class=\"elementor-element elementor-element-976f4b8 e-flex e-con-boxed e-con e-parent\" data-id=\"976f4b8\" data-element_type=\"container\">\n\t\t\t\t\t<div class=\"e-con-inner\">\n\t\t\t\t<div class=\"elementor-element elementor-element-a6a1f18 elementor-widget elementor-widget-template\" data-id=\"a6a1f18\" data-element_type=\"widget\" data-widget_type=\"template.default\">\n\t\t\t\t<div class=\"elementor-widget-container\">\n\t\t\t\t\t\t\t<div class=\"elementor-template\">\n\t\t\t\t\t<div data-elementor-type=\"container\" data-elementor-id=\"43010\" class=\"elementor elementor-43010\" data-elementor-post-type=\"elementor_library\">\n\t\t\t\t<div class=\"elementor-element elementor-element-3284592b e-flex e-con-boxed e-con e-parent\" data-id=\"3284592b\" data-element_type=\"container\">\n\t\t\t\t\t<div class=\"e-con-inner\">\n\t\t\t\t<div class=\"elementor-element elementor-element-3165b071 elementor--h-position-center elementor--v-position-middle elementor-pagination-position-inside elementor-widget elementor-widget-slides\" data-id=\"3165b071\" data-element_type=\"widget\" data-settings=\"{&quot;navigation&quot;:&quot;dots&quot;,&quot;autoplay&quot;:&quot;yes&quot;,&quot;autoplay_speed&quot;:5000,&quot;infinite&quot;:&quot;yes&quot;,&quot;transition&quot;:&quot;slide&quot;,&quot;transition_speed&quot;:500}\" data-widget_type=\"slides.default\">\n\t\t\t\t<div class=\"elementor-widget-container\">\n\t\t\t\t\t\t\t\t\t<div class=\"elementor-swiper\">\n\t\t\t\t\t<div class=\"elementor-slides-wrapper elementor-main-swiper swiper\" role=\"region\" aria-roledescription=\"carousel\" aria-label=\"Diapositivas\" dir=\"ltr\" data-animation=\"fadeInUp\">\n\t\t\t\t<div class=\"swiper-wrapper elementor-slides\">\n\t\t\t\t\t\t\t\t\t\t<div class=\"elementor-repeater-item-e64031f swiper-slide\" role=\"group\" aria-roledescription=\"slide\"><div class=\"swiper-slide-bg\" role=\"img\" aria-label=\"\"><\/div><div class=\"swiper-slide-inner\" ><div class=\"swiper-slide-contents\"><\/div><\/div><\/div>\t\t\t\t<\/div>\n\t\t\t\t\t\t\t<\/div>\n\t\t\t\t<\/div>\n\t\t\t\t\t\t\t\t<\/div>\n\t\t\t\t<\/div>\n\t\t\t\t\t<\/div>\n\t\t\t\t<\/div>\n\t\t\t\t<\/div>\n\t\t\t\t<\/div>\n\t\t\t\t\t\t<\/div>\n\t\t\t\t<\/div>\n\t\t\t\t\t<\/div>\n\t\t\t\t<\/div>\n\t\t<section class=\"elementor-element elementor-element-9d4f9dc e-flex e-con-boxed e-con e-parent\" data-id=\"9d4f9dc\" data-element_type=\"container\">\n\t\t\t\t\t<div class=\"e-con-inner\">\n\t\t<div class=\"elementor-element elementor-element-1d3d2b9 e-flex e-con-boxed e-con e-child\" data-id=\"1d3d2b9\" data-element_type=\"container\">\n\t\t\t\t\t<div class=\"e-con-inner\">\n\t\t<div class=\"elementor-element elementor-element-b122c66 e-con-full e-flex e-con e-child\" data-id=\"b122c66\" data-element_type=\"container\">\n\t\t<div class=\"elementor-element elementor-element-8502765 e-con-full e-flex e-con e-child\" data-id=\"8502765\" data-element_type=\"container\">\n\t\t\t\t<div class=\"elementor-element elementor-element-a570592 elementor-widget elementor-widget-jet-woo-builder-products-result-count\" data-id=\"a570592\" data-element_type=\"widget\" data-widget_type=\"jet-woo-builder-products-result-count.default\">\n\t\t\t\t<div class=\"elementor-widget-container\">\n\t\t\t\t\t<div class=\"elementor-jet-woo-builder-products-result-count jet-woo-builder\"><\/div>\t\t\t\t<\/div>\n\t\t\t\t<\/div>\n\t\t\t\t<\/div>\n\t\t<div class=\"elementor-element elementor-element-482292d e-flex e-con-boxed e-con e-child\" data-id=\"482292d\" data-element_type=\"container\">\n\t\t\t\t\t<div class=\"e-con-inner\">\n\t\t\t\t<div class=\"elementor-element elementor-element-5784dfa elementor-widget elementor-widget-jet-smart-filters-sorting\" data-id=\"5784dfa\" data-element_type=\"widget\" data-widget_type=\"jet-smart-filters-sorting.default\">\n\t\t\t\t<div class=\"elementor-widget-container\">\n\t\t\t\t\t<div class=\"jet-smart-filters-sorting jet-filter\"><div class=\"jet-sorting jet-sorting--flex-column\"  data-smart-filter=\"sorting\" data-query-type=\"sort\" data-query-var=\"standard\" data-content-provider=\"jet-woo-products-grid\" data-query-id=\"default\" data-apply-type=\"ajax\" data-apply-on=\"value\" data-additional-providers=\"\">\n\t\t<select\n\t\tclass=\"jet-sorting-select\"\n\t\tname=\"select-name\"\n\t\ttabindex=\"0\"\t\taria-label=\"Sort filter\"\n\t>\n\t\t\t\t\t<option value=\"\">Sort by...<\/option>\n\t\t\t\t\t\t\t\t\t\t<option\n\t\t\t\tvalue=\"{&quot;orderby&quot;:&quot;title&quot;,&quot;order&quot;:&quot;ASC&quot;}\"\n\t\t\t\t\t\t\t>By title A-Z<\/option>\n\t\t\t\t\t\t\t\t<option\n\t\t\t\tvalue=\"{&quot;orderby&quot;:&quot;title&quot;,&quot;order&quot;:&quot;DESC&quot;}\"\n\t\t\t\t\t\t\t>By title Z-A<\/option>\n\t\t\t\t\t\t\t\t<option\n\t\t\t\tvalue=\"{&quot;orderby&quot;:&quot;price&quot;,&quot;order&quot;:&quot;ASC&quot;}\"\n\t\t\t\t\t\t\t>Por el precio m\u00e1s bajo<\/option>\n\t\t\t\t\t\t\t\t<option\n\t\t\t\tvalue=\"{&quot;orderby&quot;:&quot;price&quot;,&quot;order&quot;:&quot;DESC&quot;}\"\n\t\t\t\t\t\t\t>Por el precio m\u00e1s alto<\/option>\n\t\t\t<\/select>\n<\/div><\/div>\t\t\t\t<\/div>\n\t\t\t\t<\/div>\n\t\t\t\t\t<\/div>\n\t\t\t\t<\/div>\n\t\t\t\t<\/div>\n\t\t<div class=\"elementor-element elementor-element-c7fbed1 e-flex e-con-boxed e-con e-child\" data-id=\"c7fbed1\" data-element_type=\"container\" data-settings=\"{&quot;background_background&quot;:&quot;classic&quot;}\">\n\t\t\t\t\t<div class=\"e-con-inner\">\n\t\t<div class=\"elementor-element elementor-element-02d2458 e-con-full e-flex e-con e-child\" data-id=\"02d2458\" data-element_type=\"container\">\n\t\t\t\t<div class=\"elementor-element elementor-element-ef05525 elementor-widget elementor-widget-jet-woo-products\" data-id=\"ef05525\" data-element_type=\"widget\" data-settings=\"{&quot;columns&quot;:&quot;4&quot;,&quot;columns_tablet&quot;:&quot;2&quot;,&quot;columns_tablet_extra&quot;:&quot;3&quot;}\" data-widget_type=\"jet-woo-products.default\">\n\t\t\t\t<div class=\"elementor-widget-container\">\n\t\t\t\t\t<div class=\"elementor-jet-woo-products jet-woo-builder\"><div class=\"jet-woo-products__not-found\">We could not find the products.<\/div><\/div>\t\t\t\t<\/div>\n\t\t\t\t<\/div>\n\t\t\t\t<div class=\"elementor-element elementor-element-eb8b380 elementor-widget elementor-widget-jet-smart-filters-pagination\" data-id=\"eb8b380\" data-element_type=\"widget\" data-widget_type=\"jet-smart-filters-pagination.default\">\n\t\t\t\t<div class=\"elementor-widget-container\">\n\t\t\t\t\t<div\n\t\t\t\tclass=\"jet-smart-filters-pagination jet-filter\"\n\t\t\t\tdata-apply-provider=\"jet-woo-products-grid\"\n\t\t\t\tdata-content-provider=\"jet-woo-products-grid\"\n\t\t\t\tdata-query-id=\"default\"\n\t\t\t\tdata-controls=\"{&quot;items_enabled&quot;:true,&quot;pages_mid_size&quot;:2,&quot;pages_end_size&quot;:0,&quot;nav_enabled&quot;:true,&quot;prev&quot;:&quot;&lt;&quot;,&quot;next&quot;:&quot;&gt;&quot;,&quot;hide_inactive_nav&quot;:true,&quot;load_more_enabled&quot;:false,&quot;provider_top_offset&quot;:300}\"\n\t\t\t\tdata-apply-type=\"ajax\"\n\t\t\t><\/div>\t\t\t\t<\/div>\n\t\t\t\t<\/div>\n\t\t\t\t<\/div>\n\t\t\t\t\t<\/div>\n\t\t\t\t<\/div>\n\t\t\t\t\t<\/div>\n\t\t\t\t<\/div>\n\t\t\t\t\t<\/div>\n\t\t\t\t<\/section>\n\t\t\t\t<\/div>","protected":false},"excerpt":{"rendered":"<p>Ofertas Ordenar por&#8230;Por t\u00edtulo A-ZPor t\u00edtulo Z-APor el precio m\u00e1s bajoPor el precio m\u00e1s alto Joyer\u00eda Collar Org\u00f3n Cubo de Metatr\u00f3n con Turmalina Negra &#36;666.00 El precio original era: &#036;666.00.&#36;532.80El precio actual es: &#036;532.80. Personaliza Este producto tiene m\u00faltiples variantes. Las opciones se pueden elegir en la p\u00e1gina de producto Valorado con 0 de 5 [&hellip;]<\/p>","protected":false},"author":326,"featured_media":0,"parent":0,"menu_order":0,"comment_status":"closed","ping_status":"closed","template":"elementor_header_footer","meta":{"_acf_changed":false,"site-sidebar-layout":"default","site-content-layout":"","ast-site-content-layout":"default","site-content-style":"default","site-sidebar-style":"default","ast-global-header-display":"","ast-banner-title-visibility":"","ast-main-header-display":"","ast-hfb-above-header-display":"","ast-hfb-below-header-display":"","ast-hfb-mobile-header-display":"","site-post-title":"","ast-breadcrumbs-content":"","ast-featured-img":"","footer-sml-layout":"","ast-disable-related-posts":"","theme-transparent-header-meta":"","adv-header-id-meta":"","stick-header-meta":"","header-above-stick-meta":"","header-main-stick-meta":"","header-below-stick-meta":"","astra-migrate-meta-layouts":"default","ast-page-background-enabled":"default","ast-page-background-meta":{"desktop":{"background-color":"var(--ast-global-color-4)","background-image":"","background-repeat":"repeat","background-position":"center center","background-size":"auto","background-attachment":"scroll","background-type":"","background-media":"","overlay-type":"","overlay-color":"","overlay-opacity":"","overlay-gradient":""},"tablet":{"background-color":"","background-image":"","background-repeat":"repeat","background-position":"center center","background-size":"auto","background-attachment":"scroll","background-type":"","background-media":"","overlay-type":"","overlay-color":"","overlay-opacity":"","overlay-gradient":""},"mobile":{"background-color":"","background-image":"","background-repeat":"repeat","background-position":"center center","background-size":"auto","background-attachment":"scroll","background-type":"","background-media":"","overlay-type":"","overlay-color":"","overlay-opacity":"","overlay-gradient":""}},"ast-content-background-meta":{"desktop":{"background-color":"var(--ast-global-color-5)","background-image":"","background-repeat":"repeat","background-position":"center center","background-size":"auto","background-attachment":"scroll","background-type":"","background-media":"","overlay-type":"","overlay-color":"","overlay-opacity":"","overlay-gradient":""},"tablet":{"background-color":"var(--ast-global-color-5)","background-image":"","background-repeat":"repeat","background-position":"center center","background-size":"auto","background-attachment":"scroll","background-type":"","background-media":"","overlay-type":"","overlay-color":"","overlay-opacity":"","overlay-gradient":""},"mobile":{"background-color":"var(--ast-global-color-5)","background-image":"","background-repeat":"repeat","background-position":"center center","background-size":"auto","background-attachment":"scroll","background-type":"","background-media":"","overlay-type":"","overlay-color":"","overlay-opacity":"","overlay-gradient":""}},"_joinchat":[],"footnotes":""},"class_list":["post-22599","page","type-page","status-publish","hentry"],"acf":[],"yoast_head":"<!-- This site is optimized with the Yoast SEO Premium plugin v24.9 (Yoast SEO v24.9) - https:\/\/yoast.com\/wordpress\/plugins\/seo\/ -->\n<title>Ofertas &#8902; Arte Sagrado<\/title>\n<meta name=\"description\" content=\"Explora la variedad de productos y contenidos de Arte Sagrado M\u00e9xico, donde fusionamos arte y energ\u00eda a trav\u00e9s de la geometr\u00eda sagrada y tecnolog\u00eda Org\u00f3n para mejorar tu bienestar.\" \/>\n<meta name=\"robots\" content=\"index, follow, max-snippet:-1, max-image-preview:large, max-video-preview:-1\" \/>\n<link rel=\"canonical\" href=\"https:\/\/artesagrado.com.mx\/en\/ofertas\/\" \/>\n<meta property=\"og:locale\" content=\"en_US\" \/>\n<meta property=\"og:type\" content=\"article\" \/>\n<meta property=\"og:title\" content=\"Ofertas\" \/>\n<meta property=\"og:description\" content=\"Explora la variedad de productos y contenidos de Arte Sagrado M\u00e9xico, donde fusionamos arte y energ\u00eda a trav\u00e9s de la geometr\u00eda sagrada y tecnolog\u00eda Org\u00f3n para mejorar tu bienestar.\" \/>\n<meta property=\"og:url\" content=\"https:\/\/artesagrado.com.mx\/en\/ofertas\/\" \/>\n<meta property=\"og:site_name\" content=\"Arte Sagrado\" \/>\n<meta property=\"article:publisher\" content=\"https:\/\/www.facebook.com\/ArteSagradoMexico\" \/>\n<meta property=\"article:modified_time\" content=\"2024-08-27T19:01:58+00:00\" \/>\n<meta property=\"og:image\" content=\"https:\/\/artesagrado.com.mx\/wp-content\/uploads\/2024\/05\/Collar-Orgon-Cubo-de-Metatron-con-Turmalina-Negra_1.webp\" \/>\n<meta name=\"twitter:card\" content=\"summary_large_image\" \/>\n<meta name=\"twitter:label1\" content=\"Est. reading time\" \/>\n\t<meta name=\"twitter:data1\" content=\"3 minutes\" \/>\n<script type=\"application\/ld+json\" class=\"yoast-schema-graph\">{\"@context\":\"https:\/\/schema.org\",\"@graph\":[{\"@type\":\"WebPage\",\"@id\":\"https:\/\/artesagrado.com.mx\/ofertas\/\",\"url\":\"https:\/\/artesagrado.com.mx\/ofertas\/\",\"name\":\"Ofertas &#8902; Arte Sagrado\",\"isPartOf\":{\"@id\":\"https:\/\/artesagrado.com.mx\/#website\"},\"primaryImageOfPage\":{\"@id\":\"https:\/\/artesagrado.com.mx\/ofertas\/#primaryimage\"},\"image\":{\"@id\":\"https:\/\/artesagrado.com.mx\/ofertas\/#primaryimage\"},\"thumbnailUrl\":\"https:\/\/artesagrado.com.mx\/wp-content\/uploads\/2024\/05\/Collar-Orgon-Cubo-de-Metatron-con-Turmalina-Negra_1.webp\",\"datePublished\":\"2022-09-07T23:31:31+00:00\",\"dateModified\":\"2024-08-27T19:01:58+00:00\",\"description\":\"Explora la variedad de productos y contenidos de Arte Sagrado M\u00e9xico, donde fusionamos arte y energ\u00eda a trav\u00e9s de la geometr\u00eda sagrada y tecnolog\u00eda Org\u00f3n para mejorar tu bienestar.\",\"breadcrumb\":{\"@id\":\"https:\/\/artesagrado.com.mx\/ofertas\/#breadcrumb\"},\"inLanguage\":\"en-US\",\"potentialAction\":[{\"@type\":\"ReadAction\",\"target\":[\"https:\/\/artesagrado.com.mx\/ofertas\/\"]}]},{\"@type\":\"ImageObject\",\"inLanguage\":\"en-US\",\"@id\":\"https:\/\/artesagrado.com.mx\/ofertas\/#primaryimage\",\"url\":\"https:\/\/artesagrado.com.mx\/wp-content\/uploads\/2024\/05\/Collar-Orgon-Cubo-de-Metatron-con-Turmalina-Negra_1.webp\",\"contentUrl\":\"https:\/\/artesagrado.com.mx\/wp-content\/uploads\/2024\/05\/Collar-Orgon-Cubo-de-Metatron-con-Turmalina-Negra_1.webp\"},{\"@type\":\"BreadcrumbList\",\"@id\":\"https:\/\/artesagrado.com.mx\/ofertas\/#breadcrumb\",\"itemListElement\":[{\"@type\":\"ListItem\",\"position\":1,\"name\":\"Portada\",\"item\":\"https:\/\/artesagrado.com.mx\/\"},{\"@type\":\"ListItem\",\"position\":2,\"name\":\"Ofertas\"}]},{\"@type\":\"WebSite\",\"@id\":\"https:\/\/artesagrado.com.mx\/#website\",\"url\":\"https:\/\/artesagrado.com.mx\/\",\"name\":\"Arte Sagrado\",\"description\":\"Empoderando tu ser\",\"publisher\":{\"@id\":\"https:\/\/artesagrado.com.mx\/#organization\"},\"alternateName\":\"Arte Sagrado M\u00e9xico\",\"potentialAction\":[{\"@type\":\"SearchAction\",\"target\":{\"@type\":\"EntryPoint\",\"urlTemplate\":\"https:\/\/artesagrado.com.mx\/?s={search_term_string}\"},\"query-input\":{\"@type\":\"PropertyValueSpecification\",\"valueRequired\":true,\"valueName\":\"search_term_string\"}}],\"inLanguage\":\"en-US\"},{\"@type\":\"Organization\",\"@id\":\"https:\/\/artesagrado.com.mx\/#organization\",\"name\":\"Arte Sagrado\",\"alternateName\":\"Arte Sagrado M\u00e9xico\",\"url\":\"https:\/\/artesagrado.com.mx\/\",\"logo\":{\"@type\":\"ImageObject\",\"inLanguage\":\"en-US\",\"@id\":\"https:\/\/artesagrado.com.mx\/#\/schema\/logo\/image\/\",\"url\":\"https:\/\/artesagrado.com.mx\/wp-content\/uploads\/2024\/07\/portada_cuadrada_base_arte-sagrado.webp\",\"contentUrl\":\"https:\/\/artesagrado.com.mx\/wp-content\/uploads\/2024\/07\/portada_cuadrada_base_arte-sagrado.webp\",\"width\":1000,\"height\":1000,\"caption\":\"Arte Sagrado\"},\"image\":{\"@id\":\"https:\/\/artesagrado.com.mx\/#\/schema\/logo\/image\/\"},\"sameAs\":[\"https:\/\/www.facebook.com\/ArteSagradoMexico\",\"https:\/\/www.instagram.com\/arte_sagrado_oficial\/\",\"https:\/\/www.tiktok.com\/@arte_sagrado_oficial\"],\"description\":\"Arte Sagrado\u00ae es un proyecto pensado, sentido y accionado al servicio de la humanidad y la conciencia. Nacemos en tiempos precisos donde la luz y el recuerdo de nuestra grandeza, empiezan a resplandecer; es por eso que nuestro proyecto se enfoca y especializa en contribuir con informaci\u00f3n y conocimiento de los arquetipos originales y el lenguaje de la geometr\u00eda sagrada.\",\"publishingPrinciples\":\"https:\/\/artesagrado.com.mx\/conoce-a-arte-sagrado\/\"}]}<\/script>\n<!-- \/ Yoast SEO Premium plugin. -->","yoast_head_json":{"title":"Ofertas &#8902; Arte Sagrado","description":"Explora la variedad de productos y contenidos de Arte Sagrado M\u00e9xico, donde fusionamos arte y energ\u00eda a trav\u00e9s de la geometr\u00eda sagrada y tecnolog\u00eda Org\u00f3n para mejorar tu bienestar.","robots":{"index":"index","follow":"follow","max-snippet":"max-snippet:-1","max-image-preview":"max-image-preview:large","max-video-preview":"max-video-preview:-1"},"canonical":"https:\/\/artesagrado.com.mx\/en\/ofertas\/","og_locale":"en_US","og_type":"article","og_title":"Ofertas","og_description":"Explora la variedad de productos y contenidos de Arte Sagrado M\u00e9xico, donde fusionamos arte y energ\u00eda a trav\u00e9s de la geometr\u00eda sagrada y tecnolog\u00eda Org\u00f3n para mejorar tu bienestar.","og_url":"https:\/\/artesagrado.com.mx\/en\/ofertas\/","og_site_name":"Arte Sagrado","article_publisher":"https:\/\/www.facebook.com\/ArteSagradoMexico","article_modified_time":"2024-08-27T19:01:58+00:00","og_image":[{"url":"https:\/\/artesagrado.com.mx\/wp-content\/uploads\/2024\/05\/Collar-Orgon-Cubo-de-Metatron-con-Turmalina-Negra_1.webp","type":"","width":"","height":""}],"twitter_card":"summary_large_image","twitter_misc":{"Est. reading time":"3 minutes"},"schema":{"@context":"https:\/\/schema.org","@graph":[{"@type":"WebPage","@id":"https:\/\/artesagrado.com.mx\/ofertas\/","url":"https:\/\/artesagrado.com.mx\/ofertas\/","name":"Ofertas &#8902; Arte Sagrado","isPartOf":{"@id":"https:\/\/artesagrado.com.mx\/#website"},"primaryImageOfPage":{"@id":"https:\/\/artesagrado.com.mx\/ofertas\/#primaryimage"},"image":{"@id":"https:\/\/artesagrado.com.mx\/ofertas\/#primaryimage"},"thumbnailUrl":"https:\/\/artesagrado.com.mx\/wp-content\/uploads\/2024\/05\/Collar-Orgon-Cubo-de-Metatron-con-Turmalina-Negra_1.webp","datePublished":"2022-09-07T23:31:31+00:00","dateModified":"2024-08-27T19:01:58+00:00","description":"Explora la variedad de productos y contenidos de Arte Sagrado M\u00e9xico, donde fusionamos arte y energ\u00eda a trav\u00e9s de la geometr\u00eda sagrada y tecnolog\u00eda Org\u00f3n para mejorar tu bienestar.","breadcrumb":{"@id":"https:\/\/artesagrado.com.mx\/ofertas\/#breadcrumb"},"inLanguage":"en-US","potentialAction":[{"@type":"ReadAction","target":["https:\/\/artesagrado.com.mx\/ofertas\/"]}]},{"@type":"ImageObject","inLanguage":"en-US","@id":"https:\/\/artesagrado.com.mx\/ofertas\/#primaryimage","url":"https:\/\/artesagrado.com.mx\/wp-content\/uploads\/2024\/05\/Collar-Orgon-Cubo-de-Metatron-con-Turmalina-Negra_1.webp","contentUrl":"https:\/\/artesagrado.com.mx\/wp-content\/uploads\/2024\/05\/Collar-Orgon-Cubo-de-Metatron-con-Turmalina-Negra_1.webp"},{"@type":"BreadcrumbList","@id":"https:\/\/artesagrado.com.mx\/ofertas\/#breadcrumb","itemListElement":[{"@type":"ListItem","position":1,"name":"Portada","item":"https:\/\/artesagrado.com.mx\/"},{"@type":"ListItem","position":2,"name":"Ofertas"}]},{"@type":"WebSite","@id":"https:\/\/artesagrado.com.mx\/#website","url":"https:\/\/artesagrado.com.mx\/","name":"Arte Sagrado","description":"Empoderando tu ser","publisher":{"@id":"https:\/\/artesagrado.com.mx\/#organization"},"alternateName":"Arte Sagrado M\u00e9xico","potentialAction":[{"@type":"SearchAction","target":{"@type":"EntryPoint","urlTemplate":"https:\/\/artesagrado.com.mx\/?s={search_term_string}"},"query-input":{"@type":"PropertyValueSpecification","valueRequired":true,"valueName":"search_term_string"}}],"inLanguage":"en-US"},{"@type":"Organization","@id":"https:\/\/artesagrado.com.mx\/#organization","name":"Arte Sagrado","alternateName":"Arte Sagrado M\u00e9xico","url":"https:\/\/artesagrado.com.mx\/","logo":{"@type":"ImageObject","inLanguage":"en-US","@id":"https:\/\/artesagrado.com.mx\/#\/schema\/logo\/image\/","url":"https:\/\/artesagrado.com.mx\/wp-content\/uploads\/2024\/07\/portada_cuadrada_base_arte-sagrado.webp","contentUrl":"https:\/\/artesagrado.com.mx\/wp-content\/uploads\/2024\/07\/portada_cuadrada_base_arte-sagrado.webp","width":1000,"height":1000,"caption":"Arte Sagrado"},"image":{"@id":"https:\/\/artesagrado.com.mx\/#\/schema\/logo\/image\/"},"sameAs":["https:\/\/www.facebook.com\/ArteSagradoMexico","https:\/\/www.instagram.com\/arte_sagrado_oficial\/","https:\/\/www.tiktok.com\/@arte_sagrado_oficial"],"description":"Arte Sagrado\u00ae es un proyecto pensado, sentido y accionado al servicio de la humanidad y la conciencia. Nacemos en tiempos precisos donde la luz y el recuerdo de nuestra grandeza, empiezan a resplandecer; es por eso que nuestro proyecto se enfoca y especializa en contribuir con informaci\u00f3n y conocimiento de los arquetipos originales y el lenguaje de la geometr\u00eda sagrada.","publishingPrinciples":"https:\/\/artesagrado.com.mx\/conoce-a-arte-sagrado\/"}]}},"jetpack_sharing_enabled":true,"_links":{"self":[{"href":"https:\/\/artesagrado.com.mx\/en\/wp-json\/wp\/v2\/pages\/22599","targetHints":{"allow":["GET"]}}],"collection":[{"href":"https:\/\/artesagrado.com.mx\/en\/wp-json\/wp\/v2\/pages"}],"about":[{"href":"https:\/\/artesagrado.com.mx\/en\/wp-json\/wp\/v2\/types\/page"}],"author":[{"embeddable":true,"href":"https:\/\/artesagrado.com.mx\/en\/wp-json\/wp\/v2\/users\/326"}],"replies":[{"embeddable":true,"href":"https:\/\/artesagrado.com.mx\/en\/wp-json\/wp\/v2\/comments?post=22599"}],"version-history":[{"count":0,"href":"https:\/\/artesagrado.com.mx\/en\/wp-json\/wp\/v2\/pages\/22599\/revisions"}],"wp:attachment":[{"href":"https:\/\/artesagrado.com.mx\/en\/wp-json\/wp\/v2\/media?parent=22599"}],"curies":[{"name":"wp","href":"https:\/\/api.w.org\/{rel}","templated":true}]}}