{"id":607,"date":"2017-03-03T03:30:36","date_gmt":"2017-03-03T09:30:36","guid":{"rendered":"https:\/\/karo.themeftc.com\/test\/\/\/?page_id=607"},"modified":"2024-08-27T13:02:05","modified_gmt":"2024-08-27T19:02:05","slug":"mi-cuenta","status":"publish","type":"page","link":"https:\/\/artesagrado.com.mx\/en\/mi-cuenta\/","title":{"rendered":"My Account"},"content":{"rendered":"<div data-elementor-type=\"wp-page\" data-elementor-id=\"607\" class=\"elementor elementor-607\" data-elementor-post-type=\"page\">\n\t\t\t\t<div class=\"elementor-element elementor-element-6f97662 e-con-full e-flex e-con e-parent\" data-id=\"6f97662\" data-element_type=\"container\" data-settings=\"{&quot;background_background&quot;:&quot;classic&quot;}\">\n\t\t\t\t<div class=\"elementor-element elementor-element-8eea1cd elementor-widget elementor-widget-heading\" data-id=\"8eea1cd\" data-element_type=\"widget\" data-widget_type=\"heading.default\">\n\t\t\t\t<div class=\"elementor-widget-container\">\n\t\t\t\t\t<h1 class=\"elementor-heading-title elementor-size-default\">Mi Cuenta<\/h1>\t\t\t\t<\/div>\n\t\t\t\t<\/div>\n\t\t\t\t<\/div>\n\t\t<div class=\"elementor-element elementor-element-35e59591 e-flex e-con-boxed e-con e-parent\" data-id=\"35e59591\" data-element_type=\"container\">\n\t\t\t\t\t<div class=\"e-con-inner\">\n\t\t\t\t<div class=\"elementor-element elementor-element-0375192 e-my-account-tabs-vertical elementor-widget elementor-widget-woocommerce-my-account\" data-id=\"0375192\" data-element_type=\"widget\" data-widget_type=\"woocommerce-my-account.default\">\n\t\t\t\t<div class=\"elementor-widget-container\">\n\t\t\t\t\t<div class=\"e-my-account-tab e-my-account-tab__\">\t\t\t<div class=\"woocommerce\"><\/div>\t\t<\/div>\n\t\t\t\t\t\t<\/div>\n\t\t\t\t<\/div>\n\t\t\t\t\t<\/div>\n\t\t\t\t<\/div>\n\t\t\t\t<\/div>","protected":false},"excerpt":{"rendered":"<p>Mi Cuenta Escritorio Pedidos Descargas Direcciones M\u00e9todos de pago Detalles de la cuenta Cerrar sesi\u00f3n Hola Sardina Soporte (\u00bfno eres Sardina Soporte? Cerrar sesi\u00f3n) Desde el escritorio de tu cuenta puedes ver tus pedidos recientes, gestionar tus direcciones de env\u00edo y facturaci\u00f3n y editar tu contrase\u00f1a y los detalles de tu cuenta.<\/p>","protected":false},"author":326,"featured_media":0,"parent":0,"menu_order":0,"comment_status":"closed","ping_status":"closed","template":"elementor_header_footer","meta":{"_acf_changed":false,"site-sidebar-layout":"default","site-content-layout":"","ast-site-content-layout":"default","site-content-style":"default","site-sidebar-style":"default","ast-global-header-display":"","ast-banner-title-visibility":"","ast-main-header-display":"","ast-hfb-above-header-display":"","ast-hfb-below-header-display":"","ast-hfb-mobile-header-display":"","site-post-title":"","ast-breadcrumbs-content":"","ast-featured-img":"","footer-sml-layout":"","ast-disable-related-posts":"","theme-transparent-header-meta":"","adv-header-id-meta":"","stick-header-meta":"","header-above-stick-meta":"","header-main-stick-meta":"","header-below-stick-meta":"","astra-migrate-meta-layouts":"default","ast-page-background-enabled":"default","ast-page-background-meta":{"desktop":{"background-color":"var(--ast-global-color-4)","background-image":"","background-repeat":"repeat","background-position":"center center","background-size":"auto","background-attachment":"scroll","background-type":"","background-media":"","overlay-type":"","overlay-color":"","overlay-opacity":"","overlay-gradient":""},"tablet":{"background-color":"","background-image":"","background-repeat":"repeat","background-position":"center center","background-size":"auto","background-attachment":"scroll","background-type":"","background-media":"","overlay-type":"","overlay-color":"","overlay-opacity":"","overlay-gradient":""},"mobile":{"background-color":"","background-image":"","background-repeat":"repeat","background-position":"center center","background-size":"auto","background-attachment":"scroll","background-type":"","background-media":"","overlay-type":"","overlay-color":"","overlay-opacity":"","overlay-gradient":""}},"ast-content-background-meta":{"desktop":{"background-color":"var(--ast-global-color-5)","background-image":"","background-repeat":"repeat","background-position":"center center","background-size":"auto","background-attachment":"scroll","background-type":"","background-media":"","overlay-type":"","overlay-color":"","overlay-opacity":"","overlay-gradient":""},"tablet":{"background-color":"var(--ast-global-color-5)","background-image":"","background-repeat":"repeat","background-position":"center center","background-size":"auto","background-attachment":"scroll","background-type":"","background-media":"","overlay-type":"","overlay-color":"","overlay-opacity":"","overlay-gradient":""},"mobile":{"background-color":"var(--ast-global-color-5)","background-image":"","background-repeat":"repeat","background-position":"center center","background-size":"auto","background-attachment":"scroll","background-type":"","background-media":"","overlay-type":"","overlay-color":"","overlay-opacity":"","overlay-gradient":""}},"_joinchat":[],"footnotes":""},"class_list":["post-607","page","type-page","status-publish","hentry"],"acf":[],"yoast_head":"<!-- This site is optimized with the Yoast SEO Premium plugin v24.9 (Yoast SEO v24.9) - https:\/\/yoast.com\/wordpress\/plugins\/seo\/ -->\n<title>Mi cuenta &#8902; Arte Sagrado<\/title>\n<meta name=\"description\" content=\"Explora la variedad de productos y contenidos de Arte Sagrado M\u00e9xico, donde fusionamos arte y energ\u00eda a trav\u00e9s de la geometr\u00eda sagrada y tecnolog\u00eda Org\u00f3n para mejorar tu bienestar.\" \/>\n<meta name=\"robots\" content=\"index, follow, max-snippet:-1, max-image-preview:large, max-video-preview:-1\" \/>\n<link rel=\"canonical\" href=\"https:\/\/artesagrado.com.mx\/en\/mi-cuenta\/\" \/>\n<meta property=\"og:locale\" content=\"en_US\" \/>\n<meta property=\"og:type\" content=\"article\" \/>\n<meta property=\"og:title\" content=\"Mi cuenta\" \/>\n<meta property=\"og:description\" content=\"Explora la variedad de productos y contenidos de Arte Sagrado M\u00e9xico, donde fusionamos arte y energ\u00eda a trav\u00e9s de la geometr\u00eda sagrada y tecnolog\u00eda Org\u00f3n para mejorar tu bienestar.\" \/>\n<meta property=\"og:url\" content=\"https:\/\/artesagrado.com.mx\/en\/mi-cuenta\/\" \/>\n<meta property=\"og:site_name\" content=\"Arte Sagrado\" \/>\n<meta property=\"article:publisher\" content=\"https:\/\/www.facebook.com\/ArteSagradoMexico\" \/>\n<meta property=\"article:modified_time\" content=\"2024-08-27T19:02:05+00:00\" \/>\n<meta property=\"og:image\" content=\"https:\/\/artesagrado.com.mx\/wp-content\/uploads\/2024\/07\/portada_base_arte-sagrado.webp\" \/>\n\t<meta property=\"og:image:width\" content=\"1300\" \/>\n\t<meta property=\"og:image:height\" content=\"865\" \/>\n\t<meta property=\"og:image:type\" content=\"image\/webp\" \/>\n<meta name=\"twitter:card\" content=\"summary_large_image\" \/>\n<meta name=\"twitter:label1\" content=\"Est. reading time\" \/>\n\t<meta name=\"twitter:data1\" content=\"2 minutes\" \/>\n<script type=\"application\/ld+json\" class=\"yoast-schema-graph\">{\"@context\":\"https:\/\/schema.org\",\"@graph\":[{\"@type\":\"WebPage\",\"@id\":\"https:\/\/artesagrado.com.mx\/mi-cuenta\/\",\"url\":\"https:\/\/artesagrado.com.mx\/mi-cuenta\/\",\"name\":\"Mi cuenta &#8902; Arte Sagrado\",\"isPartOf\":{\"@id\":\"https:\/\/artesagrado.com.mx\/#website\"},\"datePublished\":\"2017-03-03T09:30:36+00:00\",\"dateModified\":\"2024-08-27T19:02:05+00:00\",\"description\":\"Explora la variedad de productos y contenidos de Arte Sagrado M\u00e9xico, donde fusionamos arte y energ\u00eda a trav\u00e9s de la geometr\u00eda sagrada y tecnolog\u00eda Org\u00f3n para mejorar tu bienestar.\",\"breadcrumb\":{\"@id\":\"https:\/\/artesagrado.com.mx\/mi-cuenta\/#breadcrumb\"},\"inLanguage\":\"en-US\",\"potentialAction\":[{\"@type\":\"ReadAction\",\"target\":[\"https:\/\/artesagrado.com.mx\/mi-cuenta\/\"]}]},{\"@type\":\"BreadcrumbList\",\"@id\":\"https:\/\/artesagrado.com.mx\/mi-cuenta\/#breadcrumb\",\"itemListElement\":[{\"@type\":\"ListItem\",\"position\":1,\"name\":\"Portada\",\"item\":\"https:\/\/artesagrado.com.mx\/\"},{\"@type\":\"ListItem\",\"position\":2,\"name\":\"Mi cuenta\"}]},{\"@type\":\"WebSite\",\"@id\":\"https:\/\/artesagrado.com.mx\/#website\",\"url\":\"https:\/\/artesagrado.com.mx\/\",\"name\":\"Arte Sagrado\",\"description\":\"Empoderando tu ser\",\"publisher\":{\"@id\":\"https:\/\/artesagrado.com.mx\/#organization\"},\"alternateName\":\"Arte Sagrado M\u00e9xico\",\"potentialAction\":[{\"@type\":\"SearchAction\",\"target\":{\"@type\":\"EntryPoint\",\"urlTemplate\":\"https:\/\/artesagrado.com.mx\/?s={search_term_string}\"},\"query-input\":{\"@type\":\"PropertyValueSpecification\",\"valueRequired\":true,\"valueName\":\"search_term_string\"}}],\"inLanguage\":\"en-US\"},{\"@type\":\"Organization\",\"@id\":\"https:\/\/artesagrado.com.mx\/#organization\",\"name\":\"Arte Sagrado\",\"alternateName\":\"Arte Sagrado M\u00e9xico\",\"url\":\"https:\/\/artesagrado.com.mx\/\",\"logo\":{\"@type\":\"ImageObject\",\"inLanguage\":\"en-US\",\"@id\":\"https:\/\/artesagrado.com.mx\/#\/schema\/logo\/image\/\",\"url\":\"https:\/\/artesagrado.com.mx\/wp-content\/uploads\/2024\/07\/portada_cuadrada_base_arte-sagrado.webp\",\"contentUrl\":\"https:\/\/artesagrado.com.mx\/wp-content\/uploads\/2024\/07\/portada_cuadrada_base_arte-sagrado.webp\",\"width\":1000,\"height\":1000,\"caption\":\"Arte Sagrado\"},\"image\":{\"@id\":\"https:\/\/artesagrado.com.mx\/#\/schema\/logo\/image\/\"},\"sameAs\":[\"https:\/\/www.facebook.com\/ArteSagradoMexico\",\"https:\/\/www.instagram.com\/arte_sagrado_oficial\/\",\"https:\/\/www.tiktok.com\/@arte_sagrado_oficial\"],\"description\":\"Arte Sagrado\u00ae es un proyecto pensado, sentido y accionado al servicio de la humanidad y la conciencia. Nacemos en tiempos precisos donde la luz y el recuerdo de nuestra grandeza, empiezan a resplandecer; es por eso que nuestro proyecto se enfoca y especializa en contribuir con informaci\u00f3n y conocimiento de los arquetipos originales y el lenguaje de la geometr\u00eda sagrada.\",\"publishingPrinciples\":\"https:\/\/artesagrado.com.mx\/conoce-a-arte-sagrado\/\"}]}<\/script>\n<!-- \/ Yoast SEO Premium plugin. -->","yoast_head_json":{"title":"Mi cuenta &#8902; Arte Sagrado","description":"Explora la variedad de productos y contenidos de Arte Sagrado M\u00e9xico, donde fusionamos arte y energ\u00eda a trav\u00e9s de la geometr\u00eda sagrada y tecnolog\u00eda Org\u00f3n para mejorar tu bienestar.","robots":{"index":"index","follow":"follow","max-snippet":"max-snippet:-1","max-image-preview":"max-image-preview:large","max-video-preview":"max-video-preview:-1"},"canonical":"https:\/\/artesagrado.com.mx\/en\/mi-cuenta\/","og_locale":"en_US","og_type":"article","og_title":"Mi cuenta","og_description":"Explora la variedad de productos y contenidos de Arte Sagrado M\u00e9xico, donde fusionamos arte y energ\u00eda a trav\u00e9s de la geometr\u00eda sagrada y tecnolog\u00eda Org\u00f3n para mejorar tu bienestar.","og_url":"https:\/\/artesagrado.com.mx\/en\/mi-cuenta\/","og_site_name":"Arte Sagrado","article_publisher":"https:\/\/www.facebook.com\/ArteSagradoMexico","article_modified_time":"2024-08-27T19:02:05+00:00","og_image":[{"width":1300,"height":865,"url":"https:\/\/artesagrado.com.mx\/wp-content\/uploads\/2024\/07\/portada_base_arte-sagrado.webp","type":"image\/webp"}],"twitter_card":"summary_large_image","twitter_misc":{"Est. reading time":"2 minutes"},"schema":{"@context":"https:\/\/schema.org","@graph":[{"@type":"WebPage","@id":"https:\/\/artesagrado.com.mx\/mi-cuenta\/","url":"https:\/\/artesagrado.com.mx\/mi-cuenta\/","name":"Mi cuenta &#8902; Arte Sagrado","isPartOf":{"@id":"https:\/\/artesagrado.com.mx\/#website"},"datePublished":"2017-03-03T09:30:36+00:00","dateModified":"2024-08-27T19:02:05+00:00","description":"Explora la variedad de productos y contenidos de Arte Sagrado M\u00e9xico, donde fusionamos arte y energ\u00eda a trav\u00e9s de la geometr\u00eda sagrada y tecnolog\u00eda Org\u00f3n para mejorar tu bienestar.","breadcrumb":{"@id":"https:\/\/artesagrado.com.mx\/mi-cuenta\/#breadcrumb"},"inLanguage":"en-US","potentialAction":[{"@type":"ReadAction","target":["https:\/\/artesagrado.com.mx\/mi-cuenta\/"]}]},{"@type":"BreadcrumbList","@id":"https:\/\/artesagrado.com.mx\/mi-cuenta\/#breadcrumb","itemListElement":[{"@type":"ListItem","position":1,"name":"Portada","item":"https:\/\/artesagrado.com.mx\/"},{"@type":"ListItem","position":2,"name":"Mi cuenta"}]},{"@type":"WebSite","@id":"https:\/\/artesagrado.com.mx\/#website","url":"https:\/\/artesagrado.com.mx\/","name":"Arte Sagrado","description":"Empoderando tu ser","publisher":{"@id":"https:\/\/artesagrado.com.mx\/#organization"},"alternateName":"Arte Sagrado M\u00e9xico","potentialAction":[{"@type":"SearchAction","target":{"@type":"EntryPoint","urlTemplate":"https:\/\/artesagrado.com.mx\/?s={search_term_string}"},"query-input":{"@type":"PropertyValueSpecification","valueRequired":true,"valueName":"search_term_string"}}],"inLanguage":"en-US"},{"@type":"Organization","@id":"https:\/\/artesagrado.com.mx\/#organization","name":"Arte Sagrado","alternateName":"Arte Sagrado M\u00e9xico","url":"https:\/\/artesagrado.com.mx\/","logo":{"@type":"ImageObject","inLanguage":"en-US","@id":"https:\/\/artesagrado.com.mx\/#\/schema\/logo\/image\/","url":"https:\/\/artesagrado.com.mx\/wp-content\/uploads\/2024\/07\/portada_cuadrada_base_arte-sagrado.webp","contentUrl":"https:\/\/artesagrado.com.mx\/wp-content\/uploads\/2024\/07\/portada_cuadrada_base_arte-sagrado.webp","width":1000,"height":1000,"caption":"Arte Sagrado"},"image":{"@id":"https:\/\/artesagrado.com.mx\/#\/schema\/logo\/image\/"},"sameAs":["https:\/\/www.facebook.com\/ArteSagradoMexico","https:\/\/www.instagram.com\/arte_sagrado_oficial\/","https:\/\/www.tiktok.com\/@arte_sagrado_oficial"],"description":"Arte Sagrado\u00ae es un proyecto pensado, sentido y accionado al servicio de la humanidad y la conciencia. Nacemos en tiempos precisos donde la luz y el recuerdo de nuestra grandeza, empiezan a resplandecer; es por eso que nuestro proyecto se enfoca y especializa en contribuir con informaci\u00f3n y conocimiento de los arquetipos originales y el lenguaje de la geometr\u00eda sagrada.","publishingPrinciples":"https:\/\/artesagrado.com.mx\/conoce-a-arte-sagrado\/"}]}},"jetpack_sharing_enabled":true,"_links":{"self":[{"href":"https:\/\/artesagrado.com.mx\/en\/wp-json\/wp\/v2\/pages\/607","targetHints":{"allow":["GET"]}}],"collection":[{"href":"https:\/\/artesagrado.com.mx\/en\/wp-json\/wp\/v2\/pages"}],"about":[{"href":"https:\/\/artesagrado.com.mx\/en\/wp-json\/wp\/v2\/types\/page"}],"author":[{"embeddable":true,"href":"https:\/\/artesagrado.com.mx\/en\/wp-json\/wp\/v2\/users\/326"}],"replies":[{"embeddable":true,"href":"https:\/\/artesagrado.com.mx\/en\/wp-json\/wp\/v2\/comments?post=607"}],"version-history":[{"count":0,"href":"https:\/\/artesagrado.com.mx\/en\/wp-json\/wp\/v2\/pages\/607\/revisions"}],"wp:attachment":[{"href":"https:\/\/artesagrado.com.mx\/en\/wp-json\/wp\/v2\/media?parent=607"}],"curies":[{"name":"wp","href":"https:\/\/api.w.org\/{rel}","templated":true}]}}