{"id":17564,"date":"2024-07-23T15:59:40","date_gmt":"2024-07-23T21:59:40","guid":{"rendered":"https:\/\/artesagrado.com.mx\/?post_type=product&#038;p=17564"},"modified":"2026-04-13T13:41:58","modified_gmt":"2026-04-13T19:41:58","slug":"potenciador-x5-sensor-cosmico-en-plata-0-925-con-aventurina","status":"publish","type":"product","link":"https:\/\/artesagrado.com.mx\/en\/product\/potenciador-x5-sensor-cosmico-en-plata-0-925-con-aventurina\/","title":{"rendered":"Enhancer X5 Cosmic Sensor in 0.925 Silver with Aventurine"},"content":{"rendered":"<p>The <strong>Cosmic Sensor<\/strong> also known as the \"Flat Pyramid\", was discovered by Patrick Flanagan, an American nuclear mathematical physicist.<\/p>\n<p>Dr. Flanagan's research has resulted in a generator that handles subtle biocosmic energies from the solar system, auric and thought fields. It is based on the mathematical progression of Fibonacci and if we observe it carefully, its development is that of an evolved pyramid.<\/p>\n<p>This disk emits pyramid energy, without the measures, volume or alignment restrictions of a pyramid. Therefore, the energy field it emits is exactly the same as the one generated by the pyramid, harmonic and harmless, as it integrates at the same time the Section or Golden Point.<\/p>\n<p>It is a scientifically proven code of perfection that raises the vibratory frequency. It recharges the body's energy reserves, revitalizing the organism with greater dynamism, mental health and optimism.<\/p>\n<p>It is useful to reduce or eliminate pain.<\/p>\n<p>Prevents citrus oxidation.<\/p>\n<p>&nbsp;<\/p>\n<p>Dr. Willheim Reich described the<strong> Orgone<\/strong> as the cosmic energy that is part of all living matter. The name comes from \"organism and orgasm\", which refers to the vital energy and creative power.<\/p>\n<p>An orgone generator or energy transmuter is a compact and solid structure made to stimulate the piezoelectric properties of its materials and thus attract, accumulate, order and enhance the energy present, transforming the negative and chaotic electromagnetic waves into vital energy, harmonized and in perfect harmony with nature, which is reflected in restorative biological effects, which is why it has been used for therapeutic purposes due to its benefits in a wide range of applications.<\/p>\n<p>&nbsp;<\/p>\n<p>The <strong>Blue Aventurine<\/strong> is particularly stimulating to the third eye and throat chakra, opening us to a higher spiritual life and revealing psychic and intuitive abilities that may have been previously blocked. It encourages open and honest communication by speaking with the mind and heart.<\/p>\n<p>It embodies strength, honors peace, generates compassion, knowledge, progress and love.<\/p>\n<p>&nbsp;<\/p>\n<p>The <strong>Silver<\/strong> is a bright white metal and is the best electrical conductor among metals.<\/p>\n<p>The shine of this metal symbolizes Moonlight, and as such, it is related to our deepest emotions and can store information about the inner world of the wearer.<\/p>\n<p>It is a powerful protector, as it distributes, neutralizes and eliminates negative energy from any source.<\/p>\n<p>It helps to enhance dreams making them more lucid, beneficial and productive.<\/p>\n<p>Being related to the moon and emotions, it stimulates clairvoyance and extrasensory perceptions and is the perfect ally to release negative emotions and tensions.<\/p>","protected":false},"excerpt":{"rendered":"<p><strong>Orgone, Enhancer, Cosmic Sensor, Aventurine<\/strong><\/p>\n<p><span>Improved vibration and pyramidal energy size: 1m<\/span><\/p>\n<p><strong>Benefits of High protection, harmony, tranquility, relaxation and peace up to: 33 mts.<\/strong><\/p>\n<ul>\n<li>7 centimeters in diameter.<\/li>\n<li>3 orgone pills of 4 centimeters (inside the enhancer).<\/li>\n<li>8 grams of Blue Aventurine quartz.<\/li>\n<\/ul>\n<p>About our X5 enhancer: This power work was created in order to enhance the pyramidal energy generated by the cosmic sensor 2 cms in 0.925 silver (High conductivity).<\/p>","protected":false},"featured_media":42625,"comment_status":"open","ping_status":"closed","template":"","meta":{"_acf_changed":false,"site-sidebar-layout":"default","site-content-layout":"","ast-site-content-layout":"default","site-content-style":"default","site-sidebar-style":"default","ast-global-header-display":"","ast-banner-title-visibility":"","ast-main-header-display":"","ast-hfb-above-header-display":"","ast-hfb-below-header-display":"","ast-hfb-mobile-header-display":"","site-post-title":"","ast-breadcrumbs-content":"","ast-featured-img":"","footer-sml-layout":"","ast-disable-related-posts":"","theme-transparent-header-meta":"default","adv-header-id-meta":"","stick-header-meta":"","header-above-stick-meta":"","header-main-stick-meta":"","header-below-stick-meta":"","astra-migrate-meta-layouts":"set","ast-page-background-enabled":"default","ast-page-background-meta":{"desktop":{"background-color":"var(--ast-global-color-4)","background-image":"","background-repeat":"repeat","background-position":"center center","background-size":"auto","background-attachment":"scroll","background-type":"","background-media":"","overlay-type":"","overlay-color":"","overlay-opacity":"","overlay-gradient":""},"tablet":{"background-color":"","background-image":"","background-repeat":"repeat","background-position":"center center","background-size":"auto","background-attachment":"scroll","background-type":"","background-media":"","overlay-type":"","overlay-color":"","overlay-opacity":"","overlay-gradient":""},"mobile":{"background-color":"","background-image":"","background-repeat":"repeat","background-position":"center center","background-size":"auto","background-attachment":"scroll","background-type":"","background-media":"","overlay-type":"","overlay-color":"","overlay-opacity":"","overlay-gradient":""}},"ast-content-background-meta":{"desktop":{"background-color":"var(--ast-global-color-5)","background-image":"","background-repeat":"repeat","background-position":"center center","background-size":"auto","background-attachment":"scroll","background-type":"","background-media":"","overlay-type":"","overlay-color":"","overlay-opacity":"","overlay-gradient":""},"tablet":{"background-color":"var(--ast-global-color-5)","background-image":"","background-repeat":"repeat","background-position":"center center","background-size":"auto","background-attachment":"scroll","background-type":"","background-media":"","overlay-type":"","overlay-color":"","overlay-opacity":"","overlay-gradient":""},"mobile":{"background-color":"var(--ast-global-color-5)","background-image":"","background-repeat":"repeat","background-position":"center center","background-size":"auto","background-attachment":"scroll","background-type":"","background-media":"","overlay-type":"","overlay-color":"","overlay-opacity":"","overlay-gradient":""}},"_joinchat":[]},"astrologia":[],"coleccion":[959],"joyeria":[],"linea":[],"material":[2342,2227],"orgonita":[1604,1608],"piedra":[869],"proposito":[1899,2316,778,939],"simbolo":[849],"tamano":[2422],"visibilidad-producto-nuevo":[],"product_brand":[],"product_cat":[1617,1610],"product_tag":[],"class_list":{"0":"post-17564","1":"product","2":"type-product","3":"status-publish","4":"has-post-thumbnail","6":"coleccion-sensor-cosmico","7":"material-cuarzo","8":"material-plata","9":"orgonita-potenciadores","10":"orgonita-potenciadores-x5","11":"piedra-aventurina","12":"proposito-estimula-glandula-pineal","13":"proposito-guia-espiritual","14":"proposito-potenciador","15":"proposito-vibracion-5d","16":"simbolo-sensor-cosmico","17":"tamano-regular","18":"product_cat-colecciones","19":"product_cat-orgonitas","20":"pa_cuarzos-aventurina","21":"pa_material-plata","22":"pa_simbolo-sensor-cosmico","23":"desktop-align-left","24":"tablet-align-left","25":"mobile-align-left","27":"first","28":"outofstock","29":"shipping-taxable","30":"purchasable","31":"product-type-simple"},"acf":[],"yoast_head":"<!-- This site is optimized with the Yoast SEO Premium plugin v24.9 (Yoast SEO v24.9) - https:\/\/yoast.com\/wordpress\/plugins\/seo\/ -->\n<title>Potenciador X5 Sensor C\u00f3smico en Plata 0.925 con Aventurina &#8902; Arte Sagrado<\/title>\n<meta name=\"description\" content=\"Potenciador X5: Sensor C\u00f3smico en Plata 0.925 con Aventurina, energ\u00eda y equilibrio en una pieza poderosa.\" \/>\n<meta name=\"robots\" content=\"index, follow, max-snippet:-1, max-image-preview:large, max-video-preview:-1\" \/>\n<link rel=\"canonical\" href=\"https:\/\/artesagrado.com.mx\/en\/product\/potenciador-x5-sensor-cosmico-en-plata-0-925-con-aventurina\/\" \/>\n<meta property=\"og:locale\" content=\"en_US\" \/>\n<meta property=\"og:type\" content=\"article\" \/>\n<meta property=\"og:title\" content=\"Potenciador X5 Sensor C\u00f3smico en Plata 0.925 con Aventurina\" \/>\n<meta property=\"og:description\" content=\"Descubre la colecci\u00f3n de productos de Arte Sagrado M\u00e9xico: joyer\u00eda y dispositivos energ\u00e9ticos elaborados con geometr\u00eda sagrada y tecnolog\u00eda Org\u00f3n para equilibrar y armonizar tu vida.\" \/>\n<meta property=\"og:url\" content=\"https:\/\/artesagrado.com.mx\/en\/product\/potenciador-x5-sensor-cosmico-en-plata-0-925-con-aventurina\/\" \/>\n<meta property=\"og:site_name\" content=\"Arte Sagrado\" \/>\n<meta property=\"article:publisher\" content=\"https:\/\/www.facebook.com\/ArteSagradoMexico\" \/>\n<meta property=\"article:modified_time\" content=\"2026-04-13T19:41:58+00:00\" \/>\n<meta property=\"og:image\" content=\"https:\/\/artesagrado.com.mx\/wp-content\/uploads\/2021\/06\/Potenciador-X5-Sensor-Cosmico-en-Plata-0.925-con-Aventurina_3.webp\" \/>\n\t<meta property=\"og:image:width\" content=\"1000\" \/>\n\t<meta property=\"og:image:height\" content=\"1000\" \/>\n\t<meta property=\"og:image:type\" content=\"image\/webp\" \/>\n<meta name=\"twitter:card\" content=\"summary_large_image\" \/>\n<meta name=\"twitter:label1\" content=\"Price\" \/>\n\t<meta name=\"twitter:data1\" content=\"&#036;2,222.00\" \/>\n\t<meta name=\"twitter:label2\" content=\"Availability\" \/>\n\t<meta name=\"twitter:data2\" content=\"Out of stock\" \/>\n<script type=\"application\/ld+json\" class=\"yoast-schema-graph\">{\"@context\":\"https:\/\/schema.org\",\"@graph\":[{\"@type\":\"WebPage\",\"@id\":\"https:\/\/artesagrado.com.mx\/producto\/potenciador-x5-sensor-cosmico-en-plata-0-925-con-aventurina\/\",\"url\":\"https:\/\/artesagrado.com.mx\/producto\/potenciador-x5-sensor-cosmico-en-plata-0-925-con-aventurina\/\",\"name\":\"Potenciador X5 Sensor C\u00f3smico en Plata 0.925 con Aventurina &#8902; Arte Sagrado\",\"isPartOf\":{\"@id\":\"https:\/\/artesagrado.com.mx\/#website\"},\"primaryImageOfPage\":{\"@id\":\"https:\/\/artesagrado.com.mx\/producto\/potenciador-x5-sensor-cosmico-en-plata-0-925-con-aventurina\/#primaryimage\"},\"image\":{\"@id\":\"https:\/\/artesagrado.com.mx\/producto\/potenciador-x5-sensor-cosmico-en-plata-0-925-con-aventurina\/#primaryimage\"},\"thumbnailUrl\":\"https:\/\/artesagrado.com.mx\/wp-content\/uploads\/2021\/06\/Potenciador-X5-Sensor-Cosmico-en-Plata-0.925-con-Aventurina_3.webp\",\"datePublished\":\"2024-07-23T21:59:40+00:00\",\"dateModified\":\"2026-04-13T19:41:58+00:00\",\"description\":\"Potenciador X5: Sensor C\u00f3smico en Plata 0.925 con Aventurina, energ\u00eda y equilibrio en una pieza poderosa.\",\"breadcrumb\":{\"@id\":\"https:\/\/artesagrado.com.mx\/producto\/potenciador-x5-sensor-cosmico-en-plata-0-925-con-aventurina\/#breadcrumb\"},\"inLanguage\":\"en-US\",\"potentialAction\":[{\"@type\":\"ReadAction\",\"target\":[\"https:\/\/artesagrado.com.mx\/producto\/potenciador-x5-sensor-cosmico-en-plata-0-925-con-aventurina\/\"]}]},{\"@type\":\"ImageObject\",\"inLanguage\":\"en-US\",\"@id\":\"https:\/\/artesagrado.com.mx\/producto\/potenciador-x5-sensor-cosmico-en-plata-0-925-con-aventurina\/#primaryimage\",\"url\":\"https:\/\/artesagrado.com.mx\/wp-content\/uploads\/2021\/06\/Potenciador-X5-Sensor-Cosmico-en-Plata-0.925-con-Aventurina_3.webp\",\"contentUrl\":\"https:\/\/artesagrado.com.mx\/wp-content\/uploads\/2021\/06\/Potenciador-X5-Sensor-Cosmico-en-Plata-0.925-con-Aventurina_3.webp\",\"width\":1000,\"height\":1000,\"caption\":\"Potenciador X5 Sensor C\u00f3smico en Plata 0.925 con Aventurina - Sostenido\"},{\"@type\":\"BreadcrumbList\",\"@id\":\"https:\/\/artesagrado.com.mx\/producto\/potenciador-x5-sensor-cosmico-en-plata-0-925-con-aventurina\/#breadcrumb\",\"itemListElement\":[{\"@type\":\"ListItem\",\"position\":1,\"name\":\"Portada\",\"item\":\"https:\/\/artesagrado.com.mx\/\"},{\"@type\":\"ListItem\",\"position\":2,\"name\":\"Tienda\",\"item\":\"https:\/\/artesagrado.com.mx\/tienda\/\"},{\"@type\":\"ListItem\",\"position\":3,\"name\":\"Potenciador X5 Sensor C\u00f3smico en Plata 0.925 con Aventurina\"}]},{\"@type\":\"WebSite\",\"@id\":\"https:\/\/artesagrado.com.mx\/#website\",\"url\":\"https:\/\/artesagrado.com.mx\/\",\"name\":\"Arte Sagrado\",\"description\":\"Empoderando tu ser\",\"publisher\":{\"@id\":\"https:\/\/artesagrado.com.mx\/#organization\"},\"alternateName\":\"Arte Sagrado M\u00e9xico\",\"potentialAction\":[{\"@type\":\"SearchAction\",\"target\":{\"@type\":\"EntryPoint\",\"urlTemplate\":\"https:\/\/artesagrado.com.mx\/?s={search_term_string}\"},\"query-input\":{\"@type\":\"PropertyValueSpecification\",\"valueRequired\":true,\"valueName\":\"search_term_string\"}}],\"inLanguage\":\"en-US\"},{\"@type\":\"Organization\",\"@id\":\"https:\/\/artesagrado.com.mx\/#organization\",\"name\":\"Arte Sagrado\",\"alternateName\":\"Arte Sagrado M\u00e9xico\",\"url\":\"https:\/\/artesagrado.com.mx\/\",\"logo\":{\"@type\":\"ImageObject\",\"inLanguage\":\"en-US\",\"@id\":\"https:\/\/artesagrado.com.mx\/#\/schema\/logo\/image\/\",\"url\":\"https:\/\/artesagrado.com.mx\/wp-content\/uploads\/2024\/07\/portada_cuadrada_base_arte-sagrado.webp\",\"contentUrl\":\"https:\/\/artesagrado.com.mx\/wp-content\/uploads\/2024\/07\/portada_cuadrada_base_arte-sagrado.webp\",\"width\":1000,\"height\":1000,\"caption\":\"Arte Sagrado\"},\"image\":{\"@id\":\"https:\/\/artesagrado.com.mx\/#\/schema\/logo\/image\/\"},\"sameAs\":[\"https:\/\/www.facebook.com\/ArteSagradoMexico\",\"https:\/\/www.instagram.com\/arte_sagrado_oficial\/\",\"https:\/\/www.tiktok.com\/@arte_sagrado_oficial\"],\"description\":\"Arte Sagrado\u00ae es un proyecto pensado, sentido y accionado al servicio de la humanidad y la conciencia. Nacemos en tiempos precisos donde la luz y el recuerdo de nuestra grandeza, empiezan a resplandecer; es por eso que nuestro proyecto se enfoca y especializa en contribuir con informaci\u00f3n y conocimiento de los arquetipos originales y el lenguaje de la geometr\u00eda sagrada.\",\"publishingPrinciples\":\"https:\/\/artesagrado.com.mx\/conoce-a-arte-sagrado\/\"}]}<\/script>\n<meta property=\"product:price:amount\" content=\"2222.00\" \/>\n<meta property=\"product:price:currency\" content=\"MXN\" \/>\n<meta property=\"og:availability\" content=\"out of stock\" \/>\n<meta property=\"product:availability\" content=\"out of stock\" \/>\n<meta property=\"product:condition\" content=\"new\" \/>\n<!-- \/ Yoast SEO Premium plugin. -->","yoast_head_json":{"title":"Potenciador X5 Sensor C\u00f3smico en Plata 0.925 con Aventurina &#8902; Arte Sagrado","description":"Potenciador X5: Sensor C\u00f3smico en Plata 0.925 con Aventurina, energ\u00eda y equilibrio en una pieza poderosa.","robots":{"index":"index","follow":"follow","max-snippet":"max-snippet:-1","max-image-preview":"max-image-preview:large","max-video-preview":"max-video-preview:-1"},"canonical":"https:\/\/artesagrado.com.mx\/en\/product\/potenciador-x5-sensor-cosmico-en-plata-0-925-con-aventurina\/","og_locale":"en_US","og_type":"article","og_title":"Potenciador X5 Sensor C\u00f3smico en Plata 0.925 con Aventurina","og_description":"Descubre la colecci\u00f3n de productos de Arte Sagrado M\u00e9xico: joyer\u00eda y dispositivos energ\u00e9ticos elaborados con geometr\u00eda sagrada y tecnolog\u00eda Org\u00f3n para equilibrar y armonizar tu vida.","og_url":"https:\/\/artesagrado.com.mx\/en\/product\/potenciador-x5-sensor-cosmico-en-plata-0-925-con-aventurina\/","og_site_name":"Arte Sagrado","article_publisher":"https:\/\/www.facebook.com\/ArteSagradoMexico","article_modified_time":"2026-04-13T19:41:58+00:00","og_image":[{"width":1000,"height":1000,"url":"https:\/\/artesagrado.com.mx\/wp-content\/uploads\/2021\/06\/Potenciador-X5-Sensor-Cosmico-en-Plata-0.925-con-Aventurina_3.webp","type":"image\/webp"}],"twitter_card":"summary_large_image","twitter_misc":{"Price":"&#36;2,222.00","Availability":"Out of stock"},"schema":{"@context":"https:\/\/schema.org","@graph":[{"@type":"WebPage","@id":"https:\/\/artesagrado.com.mx\/producto\/potenciador-x5-sensor-cosmico-en-plata-0-925-con-aventurina\/","url":"https:\/\/artesagrado.com.mx\/producto\/potenciador-x5-sensor-cosmico-en-plata-0-925-con-aventurina\/","name":"Potenciador X5 Sensor C\u00f3smico en Plata 0.925 con Aventurina &#8902; Arte Sagrado","isPartOf":{"@id":"https:\/\/artesagrado.com.mx\/#website"},"primaryImageOfPage":{"@id":"https:\/\/artesagrado.com.mx\/producto\/potenciador-x5-sensor-cosmico-en-plata-0-925-con-aventurina\/#primaryimage"},"image":{"@id":"https:\/\/artesagrado.com.mx\/producto\/potenciador-x5-sensor-cosmico-en-plata-0-925-con-aventurina\/#primaryimage"},"thumbnailUrl":"https:\/\/artesagrado.com.mx\/wp-content\/uploads\/2021\/06\/Potenciador-X5-Sensor-Cosmico-en-Plata-0.925-con-Aventurina_3.webp","datePublished":"2024-07-23T21:59:40+00:00","dateModified":"2026-04-13T19:41:58+00:00","description":"Potenciador X5: Sensor C\u00f3smico en Plata 0.925 con Aventurina, energ\u00eda y equilibrio en una pieza poderosa.","breadcrumb":{"@id":"https:\/\/artesagrado.com.mx\/producto\/potenciador-x5-sensor-cosmico-en-plata-0-925-con-aventurina\/#breadcrumb"},"inLanguage":"en-US","potentialAction":[{"@type":"ReadAction","target":["https:\/\/artesagrado.com.mx\/producto\/potenciador-x5-sensor-cosmico-en-plata-0-925-con-aventurina\/"]}]},{"@type":"ImageObject","inLanguage":"en-US","@id":"https:\/\/artesagrado.com.mx\/producto\/potenciador-x5-sensor-cosmico-en-plata-0-925-con-aventurina\/#primaryimage","url":"https:\/\/artesagrado.com.mx\/wp-content\/uploads\/2021\/06\/Potenciador-X5-Sensor-Cosmico-en-Plata-0.925-con-Aventurina_3.webp","contentUrl":"https:\/\/artesagrado.com.mx\/wp-content\/uploads\/2021\/06\/Potenciador-X5-Sensor-Cosmico-en-Plata-0.925-con-Aventurina_3.webp","width":1000,"height":1000,"caption":"Potenciador X5 Sensor C\u00f3smico en Plata 0.925 con Aventurina - Sostenido"},{"@type":"BreadcrumbList","@id":"https:\/\/artesagrado.com.mx\/producto\/potenciador-x5-sensor-cosmico-en-plata-0-925-con-aventurina\/#breadcrumb","itemListElement":[{"@type":"ListItem","position":1,"name":"Portada","item":"https:\/\/artesagrado.com.mx\/"},{"@type":"ListItem","position":2,"name":"Tienda","item":"https:\/\/artesagrado.com.mx\/tienda\/"},{"@type":"ListItem","position":3,"name":"Potenciador X5 Sensor C\u00f3smico en Plata 0.925 con Aventurina"}]},{"@type":"WebSite","@id":"https:\/\/artesagrado.com.mx\/#website","url":"https:\/\/artesagrado.com.mx\/","name":"Arte Sagrado","description":"Empoderando tu ser","publisher":{"@id":"https:\/\/artesagrado.com.mx\/#organization"},"alternateName":"Arte Sagrado M\u00e9xico","potentialAction":[{"@type":"SearchAction","target":{"@type":"EntryPoint","urlTemplate":"https:\/\/artesagrado.com.mx\/?s={search_term_string}"},"query-input":{"@type":"PropertyValueSpecification","valueRequired":true,"valueName":"search_term_string"}}],"inLanguage":"en-US"},{"@type":"Organization","@id":"https:\/\/artesagrado.com.mx\/#organization","name":"Arte Sagrado","alternateName":"Arte Sagrado M\u00e9xico","url":"https:\/\/artesagrado.com.mx\/","logo":{"@type":"ImageObject","inLanguage":"en-US","@id":"https:\/\/artesagrado.com.mx\/#\/schema\/logo\/image\/","url":"https:\/\/artesagrado.com.mx\/wp-content\/uploads\/2024\/07\/portada_cuadrada_base_arte-sagrado.webp","contentUrl":"https:\/\/artesagrado.com.mx\/wp-content\/uploads\/2024\/07\/portada_cuadrada_base_arte-sagrado.webp","width":1000,"height":1000,"caption":"Arte Sagrado"},"image":{"@id":"https:\/\/artesagrado.com.mx\/#\/schema\/logo\/image\/"},"sameAs":["https:\/\/www.facebook.com\/ArteSagradoMexico","https:\/\/www.instagram.com\/arte_sagrado_oficial\/","https:\/\/www.tiktok.com\/@arte_sagrado_oficial"],"description":"Arte Sagrado\u00ae es un proyecto pensado, sentido y accionado al servicio de la humanidad y la conciencia. Nacemos en tiempos precisos donde la luz y el recuerdo de nuestra grandeza, empiezan a resplandecer; es por eso que nuestro proyecto se enfoca y especializa en contribuir con informaci\u00f3n y conocimiento de los arquetipos originales y el lenguaje de la geometr\u00eda sagrada.","publishingPrinciples":"https:\/\/artesagrado.com.mx\/conoce-a-arte-sagrado\/"}]},"product_price_amount":"2222.00","product_price_currency":"MXN","og_availability":"out of stock","product_availability":"out of stock","product_condition":"new"},"jetpack_sharing_enabled":true,"_links":{"self":[{"href":"https:\/\/artesagrado.com.mx\/en\/wp-json\/wp\/v2\/product\/17564","targetHints":{"allow":["GET"]}}],"collection":[{"href":"https:\/\/artesagrado.com.mx\/en\/wp-json\/wp\/v2\/product"}],"about":[{"href":"https:\/\/artesagrado.com.mx\/en\/wp-json\/wp\/v2\/types\/product"}],"replies":[{"embeddable":true,"href":"https:\/\/artesagrado.com.mx\/en\/wp-json\/wp\/v2\/comments?post=17564"}],"wp:featuredmedia":[{"embeddable":true,"href":"https:\/\/artesagrado.com.mx\/en\/wp-json\/wp\/v2\/media\/42625"}],"wp:attachment":[{"href":"https:\/\/artesagrado.com.mx\/en\/wp-json\/wp\/v2\/media?parent=17564"}],"wp:term":[{"taxonomy":"astrologia","embeddable":true,"href":"https:\/\/artesagrado.com.mx\/en\/wp-json\/wp\/v2\/astrologia?post=17564"},{"taxonomy":"coleccion","embeddable":true,"href":"https:\/\/artesagrado.com.mx\/en\/wp-json\/wp\/v2\/coleccion?post=17564"},{"taxonomy":"joyeria","embeddable":true,"href":"https:\/\/artesagrado.com.mx\/en\/wp-json\/wp\/v2\/joyeria?post=17564"},{"taxonomy":"linea","embeddable":true,"href":"https:\/\/artesagrado.com.mx\/en\/wp-json\/wp\/v2\/linea?post=17564"},{"taxonomy":"material","embeddable":true,"href":"https:\/\/artesagrado.com.mx\/en\/wp-json\/wp\/v2\/material?post=17564"},{"taxonomy":"orgonita","embeddable":true,"href":"https:\/\/artesagrado.com.mx\/en\/wp-json\/wp\/v2\/orgonita?post=17564"},{"taxonomy":"piedra","embeddable":true,"href":"https:\/\/artesagrado.com.mx\/en\/wp-json\/wp\/v2\/piedra?post=17564"},{"taxonomy":"proposito","embeddable":true,"href":"https:\/\/artesagrado.com.mx\/en\/wp-json\/wp\/v2\/proposito?post=17564"},{"taxonomy":"simbolo","embeddable":true,"href":"https:\/\/artesagrado.com.mx\/en\/wp-json\/wp\/v2\/simbolo?post=17564"},{"taxonomy":"tamano","embeddable":true,"href":"https:\/\/artesagrado.com.mx\/en\/wp-json\/wp\/v2\/tamano?post=17564"},{"taxonomy":"visibilidad-producto-nuevo","embeddable":true,"href":"https:\/\/artesagrado.com.mx\/en\/wp-json\/wp\/v2\/visibilidad-producto-nuevo?post=17564"},{"taxonomy":"product_brand","embeddable":true,"href":"https:\/\/artesagrado.com.mx\/en\/wp-json\/wp\/v2\/product_brand?post=17564"},{"taxonomy":"product_cat","embeddable":true,"href":"https:\/\/artesagrado.com.mx\/en\/wp-json\/wp\/v2\/product_cat?post=17564"},{"taxonomy":"product_tag","embeddable":true,"href":"https:\/\/artesagrado.com.mx\/en\/wp-json\/wp\/v2\/product_tag?post=17564"}],"curies":[{"name":"wp","href":"https:\/\/api.w.org\/{rel}","templated":true}]}}