{"id":17787,"date":"2023-12-20T15:07:55","date_gmt":"2023-12-20T21:07:55","guid":{"rendered":"https:\/\/artesagrado.net\/?post_type=product&#038;p=17787"},"modified":"2026-01-22T16:31:06","modified_gmt":"2026-01-22T22:31:06","slug":"collar-mini-orgon-ohm-en-plata-0-925-con-piedra-luna","status":"publish","type":"product","link":"https:\/\/artesagrado.com.mx\/en\/product\/collar-mini-orgon-ohm-en-plata-0-925-con-piedra-luna\/","title":{"rendered":"Mini Orgone OHM Necklace in 0.925 Silver with Moonstone"},"content":{"rendered":"<p>Dr. Willheim Reich described the<strong> Orgone<\/strong> as the cosmic energy that is part of all living matter. The name comes from \"organism and orgasm\", which refers to the vital energy and creative power.<\/p>\n<p>An orgone generator or energy transmuter is a compact and solid structure made to stimulate the piezoelectric properties of its materials and thus attract, accumulate, order and enhance the energy present, transforming the negative and chaotic electromagnetic waves into vital energy, harmonized and in perfect harmony with nature, which is reflected in restorative biological effects, which is why it has been used for therapeutic purposes due to its benefits in a wide range of applications.<\/p>\n<p>&nbsp;<\/p>\n<p>The<strong> OHM<\/strong> represents as sound, vibration and\/or Sonic Geometry, the origin and end of Creation. The OHM as a symbol is a fraction of the cross section of a Toroid within the Sacred Geometry.<\/p>\n<p>It represents Unity with the Supreme, it is the sacred syllable, the first sound from which all other sounds emerge, whether of music or language.<\/p>\n<p>It is considered the true basis of any sacred mantra.<\/p>\n<p>The past, present and future are all included in this single symbol\/sound that transcends the time configuration implicit in the OHM.<\/p>\n<p>In Hindu Cosmogony, it represents the Triad of Brahma, Vishnu and Shiva. The primordial Vibration of the <strong>OHM\/I AM<\/strong> It vibrates in you.<\/p>\n<p>&nbsp;<\/p>\n<p>The<strong> MOON Stone, <\/strong>helps us to free ourselves from bad thoughts and energies, to carry out a personal catharsis often necessary to find the balance we are looking for in our lives.<\/p>\n<p>The Moonstone is also related to passionate love, the awakening of intuition, success in business and protection on land and sea, being an ideal element for any frequent traveler.<\/p>\n<p>Moonstone quartz is considered a stone that brings good omens to new couples, and protects their love against future problems or vicissitudes.<\/p>\n<p>&nbsp;<\/p>\n<p>The <strong>Silver<\/strong> is a bright white metal and is the best electrical conductor among metals.<\/p>\n<p>The shine of this metal symbolizes Moonlight, and as such, it is related to our deepest emotions and can store information about the inner world of the wearer.<\/p>\n<p>It is a powerful protector, as it distributes, neutralizes and eliminates negative energy from any source.<\/p>\n<p>It helps to enhance dreams making them more lucid, beneficial and productive.<\/p>\n<p>Being related to the moon and emotions, it stimulates clairvoyance and extrasensory perceptions and is the perfect ally to release negative emotions and tensions.<\/p>","protected":false},"excerpt":{"rendered":"<p><strong>Moonstone Quartz, Symbol in 0.925 Silver and Aluminum Base<\/strong><\/p>\n<p><strong>Orgone power: 1m<\/strong><\/p>\n<ul>\n<li>Mini orgone 3.3 cm in diameter and 7 mm thick.<\/li>\n<li>Copper machinery and bronze base.<\/li>\n<li>Symbol in silver 0.925.<\/li>\n<\/ul>\n<p>NOTE: Due to their nature, some of the pieces that make up this necklace may vary in detail, tone and color.<\/p>","protected":false},"featured_media":38659,"comment_status":"open","ping_status":"closed","template":"","meta":{"_acf_changed":false,"site-sidebar-layout":"default","site-content-layout":"","ast-site-content-layout":"default","site-content-style":"default","site-sidebar-style":"default","ast-global-header-display":"","ast-banner-title-visibility":"","ast-main-header-display":"","ast-hfb-above-header-display":"","ast-hfb-below-header-display":"","ast-hfb-mobile-header-display":"","site-post-title":"","ast-breadcrumbs-content":"","ast-featured-img":"","footer-sml-layout":"","ast-disable-related-posts":"","theme-transparent-header-meta":"default","adv-header-id-meta":"","stick-header-meta":"","header-above-stick-meta":"","header-main-stick-meta":"","header-below-stick-meta":"","astra-migrate-meta-layouts":"set","ast-page-background-enabled":"default","ast-page-background-meta":{"desktop":{"background-color":"var(--ast-global-color-4)","background-image":"","background-repeat":"repeat","background-position":"center center","background-size":"auto","background-attachment":"scroll","background-type":"","background-media":"","overlay-type":"","overlay-color":"","overlay-opacity":"","overlay-gradient":""},"tablet":{"background-color":"","background-image":"","background-repeat":"repeat","background-position":"center center","background-size":"auto","background-attachment":"scroll","background-type":"","background-media":"","overlay-type":"","overlay-color":"","overlay-opacity":"","overlay-gradient":""},"mobile":{"background-color":"","background-image":"","background-repeat":"repeat","background-position":"center center","background-size":"auto","background-attachment":"scroll","background-type":"","background-media":"","overlay-type":"","overlay-color":"","overlay-opacity":"","overlay-gradient":""}},"ast-content-background-meta":{"desktop":{"background-color":"var(--ast-global-color-5)","background-image":"","background-repeat":"repeat","background-position":"center center","background-size":"auto","background-attachment":"scroll","background-type":"","background-media":"","overlay-type":"","overlay-color":"","overlay-opacity":"","overlay-gradient":""},"tablet":{"background-color":"var(--ast-global-color-5)","background-image":"","background-repeat":"repeat","background-position":"center center","background-size":"auto","background-attachment":"scroll","background-type":"","background-media":"","overlay-type":"","overlay-color":"","overlay-opacity":"","overlay-gradient":""},"mobile":{"background-color":"var(--ast-global-color-5)","background-image":"","background-repeat":"repeat","background-position":"center center","background-size":"auto","background-attachment":"scroll","background-type":"","background-media":"","overlay-type":"","overlay-color":"","overlay-opacity":"","overlay-gradient":""}},"_joinchat":[]},"astrologia":[],"coleccion":[955],"joyeria":[1577,1582,1574],"linea":[],"material":[2225,2342,2227,2226],"orgonita":[1598,1596,1633],"piedra":[898,901],"proposito":[937,691,938],"simbolo":[842],"tamano":[809],"visibilidad-producto-nuevo":[],"product_brand":[],"product_cat":[1617,1618,1610],"product_tag":[],"class_list":{"0":"post-17787","1":"product","2":"type-product","3":"status-publish","4":"has-post-thumbnail","6":"coleccion-ohm","7":"joyeria-collares","8":"joyeria-collares-orgon","9":"joyeria-coleccion-joyeria","10":"material-acero-inoxidable","11":"material-cuarzo","12":"material-plata","13":"material-tela","14":"orgonita-collar-mini-orgon","15":"orgonita-collar-orgon","16":"orgonita-joyeria","17":"piedra-piedra-luna","18":"piedra-plata","19":"proposito-conexion-con-ser-superior","20":"proposito-equilibrio","21":"proposito-sabiduria","22":"simbolo-ohm","23":"tamano-mini","24":"product_cat-colecciones","25":"product_cat-joyeria","26":"product_cat-orgonitas","27":"pa_material-plata","28":"pa_piedras-piedra-luna","29":"pa_simbolo-ohm","30":"desktop-align-left","31":"tablet-align-left","32":"mobile-align-left","34":"first","35":"instock","36":"purchasable","37":"product-type-variable","38":"has-default-attributes","39":"wvs-archive-product-wrapper"},"acf":[],"yoast_head":"<!-- This site is optimized with the Yoast SEO Premium plugin v24.9 (Yoast SEO v24.9) - https:\/\/yoast.com\/wordpress\/plugins\/seo\/ -->\n<title>Collar Mini Org\u00f3n OHM en Plata 0.925 con Piedra Luna &#8902; Arte Sagrado<\/title>\n<meta name=\"description\" content=\"Collar Mini Org\u00f3n Ohm en Plata 0.925 con Piedra Luna: Potencia org\u00f3n de 1m, maquinaria de cobre y base de bronce. S\u00edmbolo en Plata 0.925.\" \/>\n<meta name=\"robots\" content=\"index, follow, max-snippet:-1, max-image-preview:large, max-video-preview:-1\" \/>\n<link rel=\"canonical\" href=\"https:\/\/artesagrado.com.mx\/en\/product\/collar-mini-orgon-ohm-en-plata-0-925-con-piedra-luna\/\" \/>\n<meta property=\"og:locale\" content=\"en_US\" \/>\n<meta property=\"og:type\" content=\"article\" \/>\n<meta property=\"og:title\" content=\"Collar Mini Org\u00f3n OHM en Plata 0.925 con Piedra Luna\" \/>\n<meta property=\"og:description\" content=\"Descubre la colecci\u00f3n de productos de Arte Sagrado M\u00e9xico: joyer\u00eda y dispositivos energ\u00e9ticos elaborados con geometr\u00eda sagrada y tecnolog\u00eda Org\u00f3n para equilibrar y armonizar tu vida.\" \/>\n<meta property=\"og:url\" content=\"https:\/\/artesagrado.com.mx\/en\/product\/collar-mini-orgon-ohm-en-plata-0-925-con-piedra-luna\/\" \/>\n<meta property=\"og:site_name\" content=\"Arte Sagrado\" \/>\n<meta property=\"article:publisher\" content=\"https:\/\/www.facebook.com\/ArteSagradoMexico\" \/>\n<meta property=\"article:modified_time\" content=\"2026-01-22T22:31:06+00:00\" \/>\n<meta property=\"og:image\" content=\"https:\/\/artesagrado.com.mx\/wp-content\/uploads\/2024\/05\/Collar-mini-orgon-OHM-en-Plata-0.925-con-Piedra-Luna_1.webp\" \/>\n\t<meta property=\"og:image:width\" content=\"1000\" \/>\n\t<meta property=\"og:image:height\" content=\"1000\" \/>\n\t<meta property=\"og:image:type\" content=\"image\/webp\" \/>\n<meta name=\"twitter:card\" content=\"summary_large_image\" \/>\n<meta name=\"twitter:label1\" content=\"Availability\" \/>\n\t<meta name=\"twitter:data1\" content=\"In stock\" \/>\n<script type=\"application\/ld+json\" class=\"yoast-schema-graph\">{\"@context\":\"https:\/\/schema.org\",\"@graph\":[{\"@type\":\"WebPage\",\"@id\":\"https:\/\/artesagrado.com.mx\/producto\/collar-mini-orgon-ohm-en-plata-0-925-con-piedra-luna\/\",\"url\":\"https:\/\/artesagrado.com.mx\/producto\/collar-mini-orgon-ohm-en-plata-0-925-con-piedra-luna\/\",\"name\":\"Collar Mini Org\u00f3n OHM en Plata 0.925 con Piedra Luna &#8902; Arte Sagrado\",\"isPartOf\":{\"@id\":\"https:\/\/artesagrado.com.mx\/#website\"},\"primaryImageOfPage\":{\"@id\":\"https:\/\/artesagrado.com.mx\/producto\/collar-mini-orgon-ohm-en-plata-0-925-con-piedra-luna\/#primaryimage\"},\"image\":{\"@id\":\"https:\/\/artesagrado.com.mx\/producto\/collar-mini-orgon-ohm-en-plata-0-925-con-piedra-luna\/#primaryimage\"},\"thumbnailUrl\":\"https:\/\/artesagrado.com.mx\/wp-content\/uploads\/2024\/05\/Collar-mini-orgon-OHM-en-Plata-0.925-con-Piedra-Luna_1.webp\",\"datePublished\":\"2023-12-20T21:07:55+00:00\",\"dateModified\":\"2026-01-22T22:31:06+00:00\",\"description\":\"Collar Mini Org\u00f3n Ohm en Plata 0.925 con Piedra Luna: Potencia org\u00f3n de 1m, maquinaria de cobre y base de bronce. S\u00edmbolo en Plata 0.925.\",\"breadcrumb\":{\"@id\":\"https:\/\/artesagrado.com.mx\/producto\/collar-mini-orgon-ohm-en-plata-0-925-con-piedra-luna\/#breadcrumb\"},\"inLanguage\":\"en-US\",\"potentialAction\":[{\"@type\":\"ReadAction\",\"target\":[\"https:\/\/artesagrado.com.mx\/producto\/collar-mini-orgon-ohm-en-plata-0-925-con-piedra-luna\/\"]}]},{\"@type\":\"ImageObject\",\"inLanguage\":\"en-US\",\"@id\":\"https:\/\/artesagrado.com.mx\/producto\/collar-mini-orgon-ohm-en-plata-0-925-con-piedra-luna\/#primaryimage\",\"url\":\"https:\/\/artesagrado.com.mx\/wp-content\/uploads\/2024\/05\/Collar-mini-orgon-OHM-en-Plata-0.925-con-Piedra-Luna_1.webp\",\"contentUrl\":\"https:\/\/artesagrado.com.mx\/wp-content\/uploads\/2024\/05\/Collar-mini-orgon-OHM-en-Plata-0.925-con-Piedra-Luna_1.webp\",\"width\":1000,\"height\":1000,\"caption\":\"Collar Mini Org\u00f3n Ohm en Plata 0.925 con Piedra Luna - Vista Lateral\"},{\"@type\":\"BreadcrumbList\",\"@id\":\"https:\/\/artesagrado.com.mx\/producto\/collar-mini-orgon-ohm-en-plata-0-925-con-piedra-luna\/#breadcrumb\",\"itemListElement\":[{\"@type\":\"ListItem\",\"position\":1,\"name\":\"Portada\",\"item\":\"https:\/\/artesagrado.com.mx\/\"},{\"@type\":\"ListItem\",\"position\":2,\"name\":\"Tienda\",\"item\":\"https:\/\/artesagrado.com.mx\/tienda\/\"},{\"@type\":\"ListItem\",\"position\":3,\"name\":\"Collar Mini Org\u00f3n OHM en Plata 0.925 con Piedra Luna\"}]},{\"@type\":\"WebSite\",\"@id\":\"https:\/\/artesagrado.com.mx\/#website\",\"url\":\"https:\/\/artesagrado.com.mx\/\",\"name\":\"Arte Sagrado\",\"description\":\"Empoderando tu ser\",\"publisher\":{\"@id\":\"https:\/\/artesagrado.com.mx\/#organization\"},\"alternateName\":\"Arte Sagrado M\u00e9xico\",\"potentialAction\":[{\"@type\":\"SearchAction\",\"target\":{\"@type\":\"EntryPoint\",\"urlTemplate\":\"https:\/\/artesagrado.com.mx\/?s={search_term_string}\"},\"query-input\":{\"@type\":\"PropertyValueSpecification\",\"valueRequired\":true,\"valueName\":\"search_term_string\"}}],\"inLanguage\":\"en-US\"},{\"@type\":\"Organization\",\"@id\":\"https:\/\/artesagrado.com.mx\/#organization\",\"name\":\"Arte Sagrado\",\"alternateName\":\"Arte Sagrado M\u00e9xico\",\"url\":\"https:\/\/artesagrado.com.mx\/\",\"logo\":{\"@type\":\"ImageObject\",\"inLanguage\":\"en-US\",\"@id\":\"https:\/\/artesagrado.com.mx\/#\/schema\/logo\/image\/\",\"url\":\"https:\/\/artesagrado.com.mx\/wp-content\/uploads\/2024\/07\/portada_cuadrada_base_arte-sagrado.webp\",\"contentUrl\":\"https:\/\/artesagrado.com.mx\/wp-content\/uploads\/2024\/07\/portada_cuadrada_base_arte-sagrado.webp\",\"width\":1000,\"height\":1000,\"caption\":\"Arte Sagrado\"},\"image\":{\"@id\":\"https:\/\/artesagrado.com.mx\/#\/schema\/logo\/image\/\"},\"sameAs\":[\"https:\/\/www.facebook.com\/ArteSagradoMexico\",\"https:\/\/www.instagram.com\/arte_sagrado_oficial\/\",\"https:\/\/www.tiktok.com\/@arte_sagrado_oficial\"],\"description\":\"Arte Sagrado\u00ae es un proyecto pensado, sentido y accionado al servicio de la humanidad y la conciencia. Nacemos en tiempos precisos donde la luz y el recuerdo de nuestra grandeza, empiezan a resplandecer; es por eso que nuestro proyecto se enfoca y especializa en contribuir con informaci\u00f3n y conocimiento de los arquetipos originales y el lenguaje de la geometr\u00eda sagrada.\",\"publishingPrinciples\":\"https:\/\/artesagrado.com.mx\/conoce-a-arte-sagrado\/\"}]}<\/script>\n<meta property=\"og:availability\" content=\"instock\" \/>\n<meta property=\"product:availability\" content=\"instock\" \/>\n<meta property=\"product:retailer_item_id\" content=\"2dbed4f58787\" \/>\n<meta property=\"product:condition\" content=\"new\" \/>\n<!-- \/ Yoast SEO Premium plugin. -->","yoast_head_json":{"title":"Collar Mini Org\u00f3n OHM en Plata 0.925 con Piedra Luna &#8902; Arte Sagrado","description":"Collar Mini Org\u00f3n Ohm en Plata 0.925 con Piedra Luna: Potencia org\u00f3n de 1m, maquinaria de cobre y base de bronce. S\u00edmbolo en Plata 0.925.","robots":{"index":"index","follow":"follow","max-snippet":"max-snippet:-1","max-image-preview":"max-image-preview:large","max-video-preview":"max-video-preview:-1"},"canonical":"https:\/\/artesagrado.com.mx\/en\/product\/collar-mini-orgon-ohm-en-plata-0-925-con-piedra-luna\/","og_locale":"en_US","og_type":"article","og_title":"Collar Mini Org\u00f3n OHM en Plata 0.925 con Piedra Luna","og_description":"Descubre la colecci\u00f3n de productos de Arte Sagrado M\u00e9xico: joyer\u00eda y dispositivos energ\u00e9ticos elaborados con geometr\u00eda sagrada y tecnolog\u00eda Org\u00f3n para equilibrar y armonizar tu vida.","og_url":"https:\/\/artesagrado.com.mx\/en\/product\/collar-mini-orgon-ohm-en-plata-0-925-con-piedra-luna\/","og_site_name":"Arte Sagrado","article_publisher":"https:\/\/www.facebook.com\/ArteSagradoMexico","article_modified_time":"2026-01-22T22:31:06+00:00","og_image":[{"width":1000,"height":1000,"url":"https:\/\/artesagrado.com.mx\/wp-content\/uploads\/2024\/05\/Collar-mini-orgon-OHM-en-Plata-0.925-con-Piedra-Luna_1.webp","type":"image\/webp"}],"twitter_card":"summary_large_image","twitter_misc":{"Availability":"In stock"},"schema":{"@context":"https:\/\/schema.org","@graph":[{"@type":"WebPage","@id":"https:\/\/artesagrado.com.mx\/producto\/collar-mini-orgon-ohm-en-plata-0-925-con-piedra-luna\/","url":"https:\/\/artesagrado.com.mx\/producto\/collar-mini-orgon-ohm-en-plata-0-925-con-piedra-luna\/","name":"Collar Mini Org\u00f3n OHM en Plata 0.925 con Piedra Luna &#8902; Arte Sagrado","isPartOf":{"@id":"https:\/\/artesagrado.com.mx\/#website"},"primaryImageOfPage":{"@id":"https:\/\/artesagrado.com.mx\/producto\/collar-mini-orgon-ohm-en-plata-0-925-con-piedra-luna\/#primaryimage"},"image":{"@id":"https:\/\/artesagrado.com.mx\/producto\/collar-mini-orgon-ohm-en-plata-0-925-con-piedra-luna\/#primaryimage"},"thumbnailUrl":"https:\/\/artesagrado.com.mx\/wp-content\/uploads\/2024\/05\/Collar-mini-orgon-OHM-en-Plata-0.925-con-Piedra-Luna_1.webp","datePublished":"2023-12-20T21:07:55+00:00","dateModified":"2026-01-22T22:31:06+00:00","description":"Collar Mini Org\u00f3n Ohm en Plata 0.925 con Piedra Luna: Potencia org\u00f3n de 1m, maquinaria de cobre y base de bronce. S\u00edmbolo en Plata 0.925.","breadcrumb":{"@id":"https:\/\/artesagrado.com.mx\/producto\/collar-mini-orgon-ohm-en-plata-0-925-con-piedra-luna\/#breadcrumb"},"inLanguage":"en-US","potentialAction":[{"@type":"ReadAction","target":["https:\/\/artesagrado.com.mx\/producto\/collar-mini-orgon-ohm-en-plata-0-925-con-piedra-luna\/"]}]},{"@type":"ImageObject","inLanguage":"en-US","@id":"https:\/\/artesagrado.com.mx\/producto\/collar-mini-orgon-ohm-en-plata-0-925-con-piedra-luna\/#primaryimage","url":"https:\/\/artesagrado.com.mx\/wp-content\/uploads\/2024\/05\/Collar-mini-orgon-OHM-en-Plata-0.925-con-Piedra-Luna_1.webp","contentUrl":"https:\/\/artesagrado.com.mx\/wp-content\/uploads\/2024\/05\/Collar-mini-orgon-OHM-en-Plata-0.925-con-Piedra-Luna_1.webp","width":1000,"height":1000,"caption":"Collar Mini Org\u00f3n Ohm en Plata 0.925 con Piedra Luna - Vista Lateral"},{"@type":"BreadcrumbList","@id":"https:\/\/artesagrado.com.mx\/producto\/collar-mini-orgon-ohm-en-plata-0-925-con-piedra-luna\/#breadcrumb","itemListElement":[{"@type":"ListItem","position":1,"name":"Portada","item":"https:\/\/artesagrado.com.mx\/"},{"@type":"ListItem","position":2,"name":"Tienda","item":"https:\/\/artesagrado.com.mx\/tienda\/"},{"@type":"ListItem","position":3,"name":"Collar Mini Org\u00f3n OHM en Plata 0.925 con Piedra Luna"}]},{"@type":"WebSite","@id":"https:\/\/artesagrado.com.mx\/#website","url":"https:\/\/artesagrado.com.mx\/","name":"Arte Sagrado","description":"Empoderando tu ser","publisher":{"@id":"https:\/\/artesagrado.com.mx\/#organization"},"alternateName":"Arte Sagrado M\u00e9xico","potentialAction":[{"@type":"SearchAction","target":{"@type":"EntryPoint","urlTemplate":"https:\/\/artesagrado.com.mx\/?s={search_term_string}"},"query-input":{"@type":"PropertyValueSpecification","valueRequired":true,"valueName":"search_term_string"}}],"inLanguage":"en-US"},{"@type":"Organization","@id":"https:\/\/artesagrado.com.mx\/#organization","name":"Arte Sagrado","alternateName":"Arte Sagrado M\u00e9xico","url":"https:\/\/artesagrado.com.mx\/","logo":{"@type":"ImageObject","inLanguage":"en-US","@id":"https:\/\/artesagrado.com.mx\/#\/schema\/logo\/image\/","url":"https:\/\/artesagrado.com.mx\/wp-content\/uploads\/2024\/07\/portada_cuadrada_base_arte-sagrado.webp","contentUrl":"https:\/\/artesagrado.com.mx\/wp-content\/uploads\/2024\/07\/portada_cuadrada_base_arte-sagrado.webp","width":1000,"height":1000,"caption":"Arte Sagrado"},"image":{"@id":"https:\/\/artesagrado.com.mx\/#\/schema\/logo\/image\/"},"sameAs":["https:\/\/www.facebook.com\/ArteSagradoMexico","https:\/\/www.instagram.com\/arte_sagrado_oficial\/","https:\/\/www.tiktok.com\/@arte_sagrado_oficial"],"description":"Arte Sagrado\u00ae es un proyecto pensado, sentido y accionado al servicio de la humanidad y la conciencia. Nacemos en tiempos precisos donde la luz y el recuerdo de nuestra grandeza, empiezan a resplandecer; es por eso que nuestro proyecto se enfoca y especializa en contribuir con informaci\u00f3n y conocimiento de los arquetipos originales y el lenguaje de la geometr\u00eda sagrada.","publishingPrinciples":"https:\/\/artesagrado.com.mx\/conoce-a-arte-sagrado\/"}]},"og_availability":"instock","product_availability":"instock","product_retailer_item_id":"2dbed4f58787","product_condition":"new"},"jetpack_sharing_enabled":true,"_links":{"self":[{"href":"https:\/\/artesagrado.com.mx\/en\/wp-json\/wp\/v2\/product\/17787","targetHints":{"allow":["GET"]}}],"collection":[{"href":"https:\/\/artesagrado.com.mx\/en\/wp-json\/wp\/v2\/product"}],"about":[{"href":"https:\/\/artesagrado.com.mx\/en\/wp-json\/wp\/v2\/types\/product"}],"replies":[{"embeddable":true,"href":"https:\/\/artesagrado.com.mx\/en\/wp-json\/wp\/v2\/comments?post=17787"}],"wp:featuredmedia":[{"embeddable":true,"href":"https:\/\/artesagrado.com.mx\/en\/wp-json\/wp\/v2\/media\/38659"}],"wp:attachment":[{"href":"https:\/\/artesagrado.com.mx\/en\/wp-json\/wp\/v2\/media?parent=17787"}],"wp:term":[{"taxonomy":"astrologia","embeddable":true,"href":"https:\/\/artesagrado.com.mx\/en\/wp-json\/wp\/v2\/astrologia?post=17787"},{"taxonomy":"coleccion","embeddable":true,"href":"https:\/\/artesagrado.com.mx\/en\/wp-json\/wp\/v2\/coleccion?post=17787"},{"taxonomy":"joyeria","embeddable":true,"href":"https:\/\/artesagrado.com.mx\/en\/wp-json\/wp\/v2\/joyeria?post=17787"},{"taxonomy":"linea","embeddable":true,"href":"https:\/\/artesagrado.com.mx\/en\/wp-json\/wp\/v2\/linea?post=17787"},{"taxonomy":"material","embeddable":true,"href":"https:\/\/artesagrado.com.mx\/en\/wp-json\/wp\/v2\/material?post=17787"},{"taxonomy":"orgonita","embeddable":true,"href":"https:\/\/artesagrado.com.mx\/en\/wp-json\/wp\/v2\/orgonita?post=17787"},{"taxonomy":"piedra","embeddable":true,"href":"https:\/\/artesagrado.com.mx\/en\/wp-json\/wp\/v2\/piedra?post=17787"},{"taxonomy":"proposito","embeddable":true,"href":"https:\/\/artesagrado.com.mx\/en\/wp-json\/wp\/v2\/proposito?post=17787"},{"taxonomy":"simbolo","embeddable":true,"href":"https:\/\/artesagrado.com.mx\/en\/wp-json\/wp\/v2\/simbolo?post=17787"},{"taxonomy":"tamano","embeddable":true,"href":"https:\/\/artesagrado.com.mx\/en\/wp-json\/wp\/v2\/tamano?post=17787"},{"taxonomy":"visibilidad-producto-nuevo","embeddable":true,"href":"https:\/\/artesagrado.com.mx\/en\/wp-json\/wp\/v2\/visibilidad-producto-nuevo?post=17787"},{"taxonomy":"product_brand","embeddable":true,"href":"https:\/\/artesagrado.com.mx\/en\/wp-json\/wp\/v2\/product_brand?post=17787"},{"taxonomy":"product_cat","embeddable":true,"href":"https:\/\/artesagrado.com.mx\/en\/wp-json\/wp\/v2\/product_cat?post=17787"},{"taxonomy":"product_tag","embeddable":true,"href":"https:\/\/artesagrado.com.mx\/en\/wp-json\/wp\/v2\/product_tag?post=17787"}],"curies":[{"name":"wp","href":"https:\/\/api.w.org\/{rel}","templated":true}]}}