{"id":19025,"date":"2021-07-31T22:30:57","date_gmt":"2021-08-01T03:30:57","guid":{"rendered":"https:\/\/artesagrado.com.mx\/producto\/collar-orgon-semilla-vida-amatista\/"},"modified":"2026-01-22T16:35:33","modified_gmt":"2026-01-22T22:35:33","slug":"collar-orgon-semilla-de-la-vida-con-amatista","status":"publish","type":"product","link":"https:\/\/artesagrado.com.mx\/en\/product\/collar-orgon-semilla-de-la-vida-con-amatista\/","title":{"rendered":"Seed of Life Orgone Necklace with Amethyst"},"content":{"rendered":"<p><span>Dr. Willheim Reich described the <\/span><b>Orgone<\/b><span> as the cosmic energy that is part of all living matter. The name comes from \"organism and orgasm\", which refers to the vital energy and creative power.<\/span><\/p>\n<p><span>An Orgone generator or energy transmuter is a compact and solid structure made to stimulate the piezoelectric properties of its materials and thus attract, accumulate, order and enhance the energy present, transforming the negative and chaotic electromagnetic waves into vital energy, harmonized and in perfect harmony with nature, which is reflected in restorative biological effects, which is why it has been used for therapeutic purposes due to its benefits in a wide range of applications.\u00a0<\/span><\/p>\n<p>&nbsp;<\/p>\n<p><span>The<\/span><b> Seed of Life <\/b><span>is a phase prior to the form known as the \"Flower of Life\".<\/span><\/p>\n<p><span>In the Seed of Life the first 7 movements of creation take place, it contains every atom, molecular structure, life form and eventually everything that exists; therefore, all things that exist can be built from the form of the Seed of Life.<\/span><\/p>\n<p>&nbsp;<\/p>\n<p class=\"translation-block\"><b>Amethyst<\/b><span style=\"font-weight: 400\"> is an extraordinarily powerful and protective stone, with a high spiritual vibration as it promotes love for the divine.<\/span><\/p>\n<p><span>It protects from psychic attack, transmuting energy into love, it is a natural tranquilizer and beneficial for the mind, relaxing or stimulating it as needed, which is why it is recommended in cases of overactive mind or insomnia.<\/span><\/p>\n<ul>\n<li><span>On a mental level: It is highly recommended to meditate and work with the sixth chakra, related to the third eye, as it opens the intuition, facilitating decision making.<\/span><\/li>\n<li><span>Emotionally: Dispels anger, rage, fear and anxiety; Relieves sadness and grief, as it helps to integrate losses.<\/span><\/li>\n<li><span>On a physical level: It boosts hormone production, relieves pain and relaxes muscle tension, promotes wound healing, aids in ear disorders and swelling, helps heal lung and respiratory tract diseases, as well as cellular and digestive system disorders.<\/span><\/li>\n<li><span>At the energetic level: It cleanses the aura and transmutes negative energy, stimulating the chakras; It enhances spiritual awareness and blocks negative energies and geopathic tensions.<\/span><\/li>\n<\/ul>","protected":false},"excerpt":{"rendered":"<p><b>Amethyst, Seed of Life, Orgone<\/b><\/p>\n<p>We create your Orgone through 28 artisanal processes of refinement and energetics.\u00a0<\/p>\n<p><b>Orgone Power: Personal<\/b><\/p>\n<ul>\n<li>Orgone 4.5cm in diameter and 7 mm thick.<\/li>\n<li>Copper machinery and bronze base.<\/li>\n<li>Wooden symbol.<\/li>\n<\/ul>\n<p>NOTE: The design of the chain may vary from the picture.<\/p>","protected":false},"featured_media":38851,"comment_status":"open","ping_status":"closed","template":"","meta":{"_acf_changed":false,"site-sidebar-layout":"default","site-content-layout":"","ast-site-content-layout":"default","site-content-style":"default","site-sidebar-style":"default","ast-global-header-display":"","ast-banner-title-visibility":"","ast-main-header-display":"","ast-hfb-above-header-display":"","ast-hfb-below-header-display":"","ast-hfb-mobile-header-display":"","site-post-title":"","ast-breadcrumbs-content":"","ast-featured-img":"","footer-sml-layout":"","ast-disable-related-posts":"","theme-transparent-header-meta":"default","adv-header-id-meta":"","stick-header-meta":"","header-above-stick-meta":"","header-main-stick-meta":"","header-below-stick-meta":"","astra-migrate-meta-layouts":"set","ast-page-background-enabled":"default","ast-page-background-meta":{"desktop":{"background-color":"var(--ast-global-color-4)","background-image":"","background-repeat":"repeat","background-position":"center center","background-size":"auto","background-attachment":"scroll","background-type":"","background-media":"","overlay-type":"","overlay-color":"","overlay-opacity":"","overlay-gradient":""},"tablet":{"background-color":"","background-image":"","background-repeat":"repeat","background-position":"center center","background-size":"auto","background-attachment":"scroll","background-type":"","background-media":"","overlay-type":"","overlay-color":"","overlay-opacity":"","overlay-gradient":""},"mobile":{"background-color":"","background-image":"","background-repeat":"repeat","background-position":"center center","background-size":"auto","background-attachment":"scroll","background-type":"","background-media":"","overlay-type":"","overlay-color":"","overlay-opacity":"","overlay-gradient":""}},"ast-content-background-meta":{"desktop":{"background-color":"var(--ast-global-color-5)","background-image":"","background-repeat":"repeat","background-position":"center center","background-size":"auto","background-attachment":"scroll","background-type":"","background-media":"","overlay-type":"","overlay-color":"","overlay-opacity":"","overlay-gradient":""},"tablet":{"background-color":"var(--ast-global-color-5)","background-image":"","background-repeat":"repeat","background-position":"center center","background-size":"auto","background-attachment":"scroll","background-type":"","background-media":"","overlay-type":"","overlay-color":"","overlay-opacity":"","overlay-gradient":""},"mobile":{"background-color":"var(--ast-global-color-5)","background-image":"","background-repeat":"repeat","background-position":"center center","background-size":"auto","background-attachment":"scroll","background-type":"","background-media":"","overlay-type":"","overlay-color":"","overlay-opacity":"","overlay-gradient":""}},"_joinchat":[]},"astrologia":[],"coleccion":[],"joyeria":[1577,1582,1574],"linea":[],"material":[2225,2342,2226],"orgonita":[1596,1599,1633],"piedra":[864],"proposito":[706,692,1685,695],"simbolo":[848],"tamano":[810],"visibilidad-producto-nuevo":[],"product_brand":[],"product_cat":[1618,1610],"product_tag":[],"class_list":{"0":"post-19025","1":"product","2":"type-product","3":"status-publish","4":"has-post-thumbnail","6":"joyeria-collares","7":"joyeria-collares-orgon","8":"joyeria-coleccion-joyeria","9":"material-acero-inoxidable","10":"material-cuarzo","11":"material-tela","12":"orgonita-collar-orgon","13":"orgonita-collar-orgon-mediano","14":"orgonita-joyeria","15":"piedra-amatista","16":"proposito-desarrollo-espiritual","17":"proposito-intuicion","18":"proposito-proteccion","19":"proposito-transmutacion","20":"simbolo-semilla-de-la-vida","21":"tamano-mediano","22":"product_cat-joyeria","23":"product_cat-orgonitas","24":"desktop-align-left","25":"tablet-align-left","26":"mobile-align-left","28":"first","29":"instock","30":"purchasable","31":"product-type-variable","32":"has-default-attributes","33":"wvs-archive-product-wrapper"},"acf":[],"yoast_head":"<!-- This site is optimized with the Yoast SEO Premium plugin v24.9 (Yoast SEO v24.9) - https:\/\/yoast.com\/wordpress\/plugins\/seo\/ -->\n<title>Collar Org\u00f3n Semilla de la Vida con Amatista &#8902; Arte Sagrado<\/title>\n<meta name=\"description\" content=\"Collar Org\u00f3n Semilla de la Vida con Amatista: Potencia org\u00f3n personal, maquinaria de cobre y base de bronce. S\u00edmbolo en Plata 0.925.\" \/>\n<meta name=\"robots\" content=\"index, follow, max-snippet:-1, max-image-preview:large, max-video-preview:-1\" \/>\n<link rel=\"canonical\" href=\"https:\/\/artesagrado.com.mx\/en\/product\/collar-orgon-semilla-de-la-vida-con-amatista\/\" \/>\n<meta property=\"og:locale\" content=\"en_US\" \/>\n<meta property=\"og:type\" content=\"article\" \/>\n<meta property=\"og:title\" content=\"Collar Org\u00f3n Semilla de la Vida con Amatista\" \/>\n<meta property=\"og:description\" content=\"Descubre la colecci\u00f3n de productos de Arte Sagrado M\u00e9xico: joyer\u00eda y dispositivos energ\u00e9ticos elaborados con geometr\u00eda sagrada y tecnolog\u00eda Org\u00f3n para equilibrar y armonizar tu vida.\" \/>\n<meta property=\"og:url\" content=\"https:\/\/artesagrado.com.mx\/en\/product\/collar-orgon-semilla-de-la-vida-con-amatista\/\" \/>\n<meta property=\"og:site_name\" content=\"Arte Sagrado\" \/>\n<meta property=\"article:publisher\" content=\"https:\/\/www.facebook.com\/ArteSagradoMexico\" \/>\n<meta property=\"article:modified_time\" content=\"2026-01-22T22:35:33+00:00\" \/>\n<meta property=\"og:image\" content=\"https:\/\/artesagrado.com.mx\/wp-content\/uploads\/2024\/05\/Collar-Orgon-Semilla-de-la-Vida-con-Amatista_1.webp\" \/>\n\t<meta property=\"og:image:width\" content=\"1000\" \/>\n\t<meta property=\"og:image:height\" content=\"1000\" \/>\n\t<meta property=\"og:image:type\" content=\"image\/webp\" \/>\n<meta name=\"twitter:card\" content=\"summary_large_image\" \/>\n<meta name=\"twitter:label1\" content=\"Availability\" \/>\n\t<meta name=\"twitter:data1\" content=\"In stock\" \/>\n<script type=\"application\/ld+json\" class=\"yoast-schema-graph\">{\"@context\":\"https:\/\/schema.org\",\"@graph\":[{\"@type\":\"WebPage\",\"@id\":\"https:\/\/artesagrado.com.mx\/producto\/collar-orgon-semilla-de-la-vida-con-amatista\/\",\"url\":\"https:\/\/artesagrado.com.mx\/producto\/collar-orgon-semilla-de-la-vida-con-amatista\/\",\"name\":\"Collar Org\u00f3n Semilla de la Vida con Amatista &#8902; Arte Sagrado\",\"isPartOf\":{\"@id\":\"https:\/\/artesagrado.com.mx\/#website\"},\"primaryImageOfPage\":{\"@id\":\"https:\/\/artesagrado.com.mx\/producto\/collar-orgon-semilla-de-la-vida-con-amatista\/#primaryimage\"},\"image\":{\"@id\":\"https:\/\/artesagrado.com.mx\/producto\/collar-orgon-semilla-de-la-vida-con-amatista\/#primaryimage\"},\"thumbnailUrl\":\"https:\/\/artesagrado.com.mx\/wp-content\/uploads\/2024\/05\/Collar-Orgon-Semilla-de-la-Vida-con-Amatista_1.webp\",\"datePublished\":\"2021-08-01T03:30:57+00:00\",\"dateModified\":\"2026-01-22T22:35:33+00:00\",\"description\":\"Collar Org\u00f3n Semilla de la Vida con Amatista: Potencia org\u00f3n personal, maquinaria de cobre y base de bronce. S\u00edmbolo en Plata 0.925.\",\"breadcrumb\":{\"@id\":\"https:\/\/artesagrado.com.mx\/producto\/collar-orgon-semilla-de-la-vida-con-amatista\/#breadcrumb\"},\"inLanguage\":\"en-US\",\"potentialAction\":[{\"@type\":\"ReadAction\",\"target\":[\"https:\/\/artesagrado.com.mx\/producto\/collar-orgon-semilla-de-la-vida-con-amatista\/\"]}]},{\"@type\":\"ImageObject\",\"inLanguage\":\"en-US\",\"@id\":\"https:\/\/artesagrado.com.mx\/producto\/collar-orgon-semilla-de-la-vida-con-amatista\/#primaryimage\",\"url\":\"https:\/\/artesagrado.com.mx\/wp-content\/uploads\/2024\/05\/Collar-Orgon-Semilla-de-la-Vida-con-Amatista_1.webp\",\"contentUrl\":\"https:\/\/artesagrado.com.mx\/wp-content\/uploads\/2024\/05\/Collar-Orgon-Semilla-de-la-Vida-con-Amatista_1.webp\",\"width\":1000,\"height\":1000,\"caption\":\"Collar Org\u00f3n Semilla de la Vida con Amatista - Cadena de Tela\"},{\"@type\":\"BreadcrumbList\",\"@id\":\"https:\/\/artesagrado.com.mx\/producto\/collar-orgon-semilla-de-la-vida-con-amatista\/#breadcrumb\",\"itemListElement\":[{\"@type\":\"ListItem\",\"position\":1,\"name\":\"Portada\",\"item\":\"https:\/\/artesagrado.com.mx\/\"},{\"@type\":\"ListItem\",\"position\":2,\"name\":\"Tienda\",\"item\":\"https:\/\/artesagrado.com.mx\/tienda\/\"},{\"@type\":\"ListItem\",\"position\":3,\"name\":\"Collar Org\u00f3n Semilla de la Vida con Amatista\"}]},{\"@type\":\"WebSite\",\"@id\":\"https:\/\/artesagrado.com.mx\/#website\",\"url\":\"https:\/\/artesagrado.com.mx\/\",\"name\":\"Arte Sagrado\",\"description\":\"Empoderando tu ser\",\"publisher\":{\"@id\":\"https:\/\/artesagrado.com.mx\/#organization\"},\"alternateName\":\"Arte Sagrado M\u00e9xico\",\"potentialAction\":[{\"@type\":\"SearchAction\",\"target\":{\"@type\":\"EntryPoint\",\"urlTemplate\":\"https:\/\/artesagrado.com.mx\/?s={search_term_string}\"},\"query-input\":{\"@type\":\"PropertyValueSpecification\",\"valueRequired\":true,\"valueName\":\"search_term_string\"}}],\"inLanguage\":\"en-US\"},{\"@type\":\"Organization\",\"@id\":\"https:\/\/artesagrado.com.mx\/#organization\",\"name\":\"Arte Sagrado\",\"alternateName\":\"Arte Sagrado M\u00e9xico\",\"url\":\"https:\/\/artesagrado.com.mx\/\",\"logo\":{\"@type\":\"ImageObject\",\"inLanguage\":\"en-US\",\"@id\":\"https:\/\/artesagrado.com.mx\/#\/schema\/logo\/image\/\",\"url\":\"https:\/\/artesagrado.com.mx\/wp-content\/uploads\/2024\/07\/portada_cuadrada_base_arte-sagrado.webp\",\"contentUrl\":\"https:\/\/artesagrado.com.mx\/wp-content\/uploads\/2024\/07\/portada_cuadrada_base_arte-sagrado.webp\",\"width\":1000,\"height\":1000,\"caption\":\"Arte Sagrado\"},\"image\":{\"@id\":\"https:\/\/artesagrado.com.mx\/#\/schema\/logo\/image\/\"},\"sameAs\":[\"https:\/\/www.facebook.com\/ArteSagradoMexico\",\"https:\/\/www.instagram.com\/arte_sagrado_oficial\/\",\"https:\/\/www.tiktok.com\/@arte_sagrado_oficial\"],\"description\":\"Arte Sagrado\u00ae es un proyecto pensado, sentido y accionado al servicio de la humanidad y la conciencia. Nacemos en tiempos precisos donde la luz y el recuerdo de nuestra grandeza, empiezan a resplandecer; es por eso que nuestro proyecto se enfoca y especializa en contribuir con informaci\u00f3n y conocimiento de los arquetipos originales y el lenguaje de la geometr\u00eda sagrada.\",\"publishingPrinciples\":\"https:\/\/artesagrado.com.mx\/conoce-a-arte-sagrado\/\"}]}<\/script>\n<meta property=\"og:availability\" content=\"instock\" \/>\n<meta property=\"product:availability\" content=\"instock\" \/>\n<meta property=\"product:retailer_item_id\" content=\"eff4a2deec96\" \/>\n<meta property=\"product:condition\" content=\"new\" \/>\n<!-- \/ Yoast SEO Premium plugin. -->","yoast_head_json":{"title":"Collar Org\u00f3n Semilla de la Vida con Amatista &#8902; Arte Sagrado","description":"Collar Org\u00f3n Semilla de la Vida con Amatista: Potencia org\u00f3n personal, maquinaria de cobre y base de bronce. S\u00edmbolo en Plata 0.925.","robots":{"index":"index","follow":"follow","max-snippet":"max-snippet:-1","max-image-preview":"max-image-preview:large","max-video-preview":"max-video-preview:-1"},"canonical":"https:\/\/artesagrado.com.mx\/en\/product\/collar-orgon-semilla-de-la-vida-con-amatista\/","og_locale":"en_US","og_type":"article","og_title":"Collar Org\u00f3n Semilla de la Vida con Amatista","og_description":"Descubre la colecci\u00f3n de productos de Arte Sagrado M\u00e9xico: joyer\u00eda y dispositivos energ\u00e9ticos elaborados con geometr\u00eda sagrada y tecnolog\u00eda Org\u00f3n para equilibrar y armonizar tu vida.","og_url":"https:\/\/artesagrado.com.mx\/en\/product\/collar-orgon-semilla-de-la-vida-con-amatista\/","og_site_name":"Arte Sagrado","article_publisher":"https:\/\/www.facebook.com\/ArteSagradoMexico","article_modified_time":"2026-01-22T22:35:33+00:00","og_image":[{"width":1000,"height":1000,"url":"https:\/\/artesagrado.com.mx\/wp-content\/uploads\/2024\/05\/Collar-Orgon-Semilla-de-la-Vida-con-Amatista_1.webp","type":"image\/webp"}],"twitter_card":"summary_large_image","twitter_misc":{"Availability":"In stock"},"schema":{"@context":"https:\/\/schema.org","@graph":[{"@type":"WebPage","@id":"https:\/\/artesagrado.com.mx\/producto\/collar-orgon-semilla-de-la-vida-con-amatista\/","url":"https:\/\/artesagrado.com.mx\/producto\/collar-orgon-semilla-de-la-vida-con-amatista\/","name":"Collar Org\u00f3n Semilla de la Vida con Amatista &#8902; Arte Sagrado","isPartOf":{"@id":"https:\/\/artesagrado.com.mx\/#website"},"primaryImageOfPage":{"@id":"https:\/\/artesagrado.com.mx\/producto\/collar-orgon-semilla-de-la-vida-con-amatista\/#primaryimage"},"image":{"@id":"https:\/\/artesagrado.com.mx\/producto\/collar-orgon-semilla-de-la-vida-con-amatista\/#primaryimage"},"thumbnailUrl":"https:\/\/artesagrado.com.mx\/wp-content\/uploads\/2024\/05\/Collar-Orgon-Semilla-de-la-Vida-con-Amatista_1.webp","datePublished":"2021-08-01T03:30:57+00:00","dateModified":"2026-01-22T22:35:33+00:00","description":"Collar Org\u00f3n Semilla de la Vida con Amatista: Potencia org\u00f3n personal, maquinaria de cobre y base de bronce. S\u00edmbolo en Plata 0.925.","breadcrumb":{"@id":"https:\/\/artesagrado.com.mx\/producto\/collar-orgon-semilla-de-la-vida-con-amatista\/#breadcrumb"},"inLanguage":"en-US","potentialAction":[{"@type":"ReadAction","target":["https:\/\/artesagrado.com.mx\/producto\/collar-orgon-semilla-de-la-vida-con-amatista\/"]}]},{"@type":"ImageObject","inLanguage":"en-US","@id":"https:\/\/artesagrado.com.mx\/producto\/collar-orgon-semilla-de-la-vida-con-amatista\/#primaryimage","url":"https:\/\/artesagrado.com.mx\/wp-content\/uploads\/2024\/05\/Collar-Orgon-Semilla-de-la-Vida-con-Amatista_1.webp","contentUrl":"https:\/\/artesagrado.com.mx\/wp-content\/uploads\/2024\/05\/Collar-Orgon-Semilla-de-la-Vida-con-Amatista_1.webp","width":1000,"height":1000,"caption":"Collar Org\u00f3n Semilla de la Vida con Amatista - Cadena de Tela"},{"@type":"BreadcrumbList","@id":"https:\/\/artesagrado.com.mx\/producto\/collar-orgon-semilla-de-la-vida-con-amatista\/#breadcrumb","itemListElement":[{"@type":"ListItem","position":1,"name":"Portada","item":"https:\/\/artesagrado.com.mx\/"},{"@type":"ListItem","position":2,"name":"Tienda","item":"https:\/\/artesagrado.com.mx\/tienda\/"},{"@type":"ListItem","position":3,"name":"Collar Org\u00f3n Semilla de la Vida con Amatista"}]},{"@type":"WebSite","@id":"https:\/\/artesagrado.com.mx\/#website","url":"https:\/\/artesagrado.com.mx\/","name":"Arte Sagrado","description":"Empoderando tu ser","publisher":{"@id":"https:\/\/artesagrado.com.mx\/#organization"},"alternateName":"Arte Sagrado M\u00e9xico","potentialAction":[{"@type":"SearchAction","target":{"@type":"EntryPoint","urlTemplate":"https:\/\/artesagrado.com.mx\/?s={search_term_string}"},"query-input":{"@type":"PropertyValueSpecification","valueRequired":true,"valueName":"search_term_string"}}],"inLanguage":"en-US"},{"@type":"Organization","@id":"https:\/\/artesagrado.com.mx\/#organization","name":"Arte Sagrado","alternateName":"Arte Sagrado M\u00e9xico","url":"https:\/\/artesagrado.com.mx\/","logo":{"@type":"ImageObject","inLanguage":"en-US","@id":"https:\/\/artesagrado.com.mx\/#\/schema\/logo\/image\/","url":"https:\/\/artesagrado.com.mx\/wp-content\/uploads\/2024\/07\/portada_cuadrada_base_arte-sagrado.webp","contentUrl":"https:\/\/artesagrado.com.mx\/wp-content\/uploads\/2024\/07\/portada_cuadrada_base_arte-sagrado.webp","width":1000,"height":1000,"caption":"Arte Sagrado"},"image":{"@id":"https:\/\/artesagrado.com.mx\/#\/schema\/logo\/image\/"},"sameAs":["https:\/\/www.facebook.com\/ArteSagradoMexico","https:\/\/www.instagram.com\/arte_sagrado_oficial\/","https:\/\/www.tiktok.com\/@arte_sagrado_oficial"],"description":"Arte Sagrado\u00ae es un proyecto pensado, sentido y accionado al servicio de la humanidad y la conciencia. Nacemos en tiempos precisos donde la luz y el recuerdo de nuestra grandeza, empiezan a resplandecer; es por eso que nuestro proyecto se enfoca y especializa en contribuir con informaci\u00f3n y conocimiento de los arquetipos originales y el lenguaje de la geometr\u00eda sagrada.","publishingPrinciples":"https:\/\/artesagrado.com.mx\/conoce-a-arte-sagrado\/"}]},"og_availability":"instock","product_availability":"instock","product_retailer_item_id":"eff4a2deec96","product_condition":"new"},"jetpack_sharing_enabled":true,"_links":{"self":[{"href":"https:\/\/artesagrado.com.mx\/en\/wp-json\/wp\/v2\/product\/19025","targetHints":{"allow":["GET"]}}],"collection":[{"href":"https:\/\/artesagrado.com.mx\/en\/wp-json\/wp\/v2\/product"}],"about":[{"href":"https:\/\/artesagrado.com.mx\/en\/wp-json\/wp\/v2\/types\/product"}],"replies":[{"embeddable":true,"href":"https:\/\/artesagrado.com.mx\/en\/wp-json\/wp\/v2\/comments?post=19025"}],"wp:featuredmedia":[{"embeddable":true,"href":"https:\/\/artesagrado.com.mx\/en\/wp-json\/wp\/v2\/media\/38851"}],"wp:attachment":[{"href":"https:\/\/artesagrado.com.mx\/en\/wp-json\/wp\/v2\/media?parent=19025"}],"wp:term":[{"taxonomy":"astrologia","embeddable":true,"href":"https:\/\/artesagrado.com.mx\/en\/wp-json\/wp\/v2\/astrologia?post=19025"},{"taxonomy":"coleccion","embeddable":true,"href":"https:\/\/artesagrado.com.mx\/en\/wp-json\/wp\/v2\/coleccion?post=19025"},{"taxonomy":"joyeria","embeddable":true,"href":"https:\/\/artesagrado.com.mx\/en\/wp-json\/wp\/v2\/joyeria?post=19025"},{"taxonomy":"linea","embeddable":true,"href":"https:\/\/artesagrado.com.mx\/en\/wp-json\/wp\/v2\/linea?post=19025"},{"taxonomy":"material","embeddable":true,"href":"https:\/\/artesagrado.com.mx\/en\/wp-json\/wp\/v2\/material?post=19025"},{"taxonomy":"orgonita","embeddable":true,"href":"https:\/\/artesagrado.com.mx\/en\/wp-json\/wp\/v2\/orgonita?post=19025"},{"taxonomy":"piedra","embeddable":true,"href":"https:\/\/artesagrado.com.mx\/en\/wp-json\/wp\/v2\/piedra?post=19025"},{"taxonomy":"proposito","embeddable":true,"href":"https:\/\/artesagrado.com.mx\/en\/wp-json\/wp\/v2\/proposito?post=19025"},{"taxonomy":"simbolo","embeddable":true,"href":"https:\/\/artesagrado.com.mx\/en\/wp-json\/wp\/v2\/simbolo?post=19025"},{"taxonomy":"tamano","embeddable":true,"href":"https:\/\/artesagrado.com.mx\/en\/wp-json\/wp\/v2\/tamano?post=19025"},{"taxonomy":"visibilidad-producto-nuevo","embeddable":true,"href":"https:\/\/artesagrado.com.mx\/en\/wp-json\/wp\/v2\/visibilidad-producto-nuevo?post=19025"},{"taxonomy":"product_brand","embeddable":true,"href":"https:\/\/artesagrado.com.mx\/en\/wp-json\/wp\/v2\/product_brand?post=19025"},{"taxonomy":"product_cat","embeddable":true,"href":"https:\/\/artesagrado.com.mx\/en\/wp-json\/wp\/v2\/product_cat?post=19025"},{"taxonomy":"product_tag","embeddable":true,"href":"https:\/\/artesagrado.com.mx\/en\/wp-json\/wp\/v2\/product_tag?post=19025"}],"curies":[{"name":"wp","href":"https:\/\/api.w.org\/{rel}","templated":true}]}}