{"id":19714,"date":"2021-08-06T23:16:50","date_gmt":"2021-08-07T04:16:50","guid":{"rendered":"https:\/\/artesagrado.com.mx\/producto\/pulsera-7-chakras-y-flor-de-la-vida-en-plata-0-925-con-obsidiana-negra\/"},"modified":"2026-01-22T16:35:42","modified_gmt":"2026-01-22T22:35:42","slug":"pulsera-7-chakras-y-flor-de-la-vida-en-plata-0-925-con-obsidiana-negra","status":"publish","type":"product","link":"https:\/\/artesagrado.com.mx\/en\/product\/pulsera-7-chakras-y-flor-de-la-vida-en-plata-0-925-con-obsidiana-negra\/","title":{"rendered":"Bracelet 7 Chakras and Flower of Life in 0.925 Sterling Silver with Black Obsidian"},"content":{"rendered":"<p>The <strong>Agate<\/strong> is a stone that in its various natural shades covers the entire chromatic spectrum; that is, all the virtues and energies that integrate the Self and the Light. As well as the 7 Chakras.<\/p>\n<p>Agate also benefits us and brings harmony, balance, strengthening, courage and security.<\/p>\n<p>&nbsp;<\/p>\n<p>The <strong>Black Obsidian<\/strong>is a highly protective stone, which operates with extreme speed and great power.  Its attributes are truth and reflective power that helps us expose our faults, weaknesses and blockages, pointing out how to improve and get better results, brings us personal empowerment and drives us to grow.<\/p>\n<p>&nbsp;<\/p>\n<p><span>The<\/span><b> Flower of Life,<\/b><span> contains within its proportions each and every aspect of life that exists, every mathematical formula, every law of physics, every musical harmony, every form of life, <\/span><i><span>(including the wonder of the human body)<\/span><\/i><span> every atom, every cell, every dimensional level; absolutely everything contained in multi-universes of waveform.<\/span><\/p>\n<p><span>The symbol of the Flower of Life is considered sacred, since within it lies the code of all creation.<\/span><\/p>\n<p><span>The \"Flower of Life\" is undoubtedly the most powerful symbol of Creation.<\/span><\/p>\n<p>&nbsp;<\/p>\n<p class=\"translation-block\"><b>The 7 chakras<\/b><span style=\"font-weight: 400\"> (Sanskrit for 'wheels' or 'disks') are the main energetic vortices located in the subtle bodies of the human being. Their task is the reception, accumulation, transformation and distribution of the energy called prana.<\/span><\/p>\n<p><span>Each of these centers resembles an open flower and has a color and shape corresponding to its vibration.<\/span><\/p>\n<p><span>They represent the 7 spectrums of Light, therefore together and in their respective order, they form the integrity of the manifestation of consciousness.<\/span><\/p>\n<p>&nbsp;<\/p>\n<p><span>The <\/span><b>Silver<\/b><span> is a bright white metal and is the best electrical conductor among metals.<\/span><\/p>\n<p><span>The shine of this metal symbolizes Moonlight, and as such, it is related to our deepest emotions and can store information about the inner world of the wearer.<\/span><\/p>\n<p><span>It is a powerful protector, as it distributes, neutralizes and eliminates negative energy from any source.<\/span><\/p>\n<p><span>It helps to enhance dreams making them more lucid, beneficial and productive.<\/span><\/p>\n<p><span>Being related to the moon and emotions, it stimulates clairvoyance and extrasensory perceptions and is the perfect ally to release negative emotions and tensions.<\/span><\/p>","protected":false},"excerpt":{"rendered":"<p><strong><span>Flower of Life, Agate, Obsidian, Chakras, Silver 0.925<\/span><\/strong><\/p>\n<p>We have carefully selected each Agate stone in our bracelet, so that its tonality (vibration) works with its corresponding chakra.<\/p>\n<ul>\n<li>Flower of Life Symbol 1 cm diameter and details in 0.925 Silver.<\/li>\n<\/ul>\n<p><span>NOTE: Due to their nature, some of the pieces that make up this bracelet may vary in detail, tone and color.<\/span><\/p>","protected":false},"featured_media":41662,"comment_status":"open","ping_status":"closed","template":"","meta":{"_acf_changed":false,"site-sidebar-layout":"default","site-content-layout":"","ast-site-content-layout":"default","site-content-style":"default","site-sidebar-style":"default","ast-global-header-display":"","ast-banner-title-visibility":"","ast-main-header-display":"","ast-hfb-above-header-display":"","ast-hfb-below-header-display":"","ast-hfb-mobile-header-display":"","site-post-title":"","ast-breadcrumbs-content":"","ast-featured-img":"","footer-sml-layout":"","ast-disable-related-posts":"","theme-transparent-header-meta":"default","adv-header-id-meta":"","stick-header-meta":"","header-above-stick-meta":"","header-main-stick-meta":"","header-below-stick-meta":"","astra-migrate-meta-layouts":"set","ast-page-background-enabled":"default","ast-page-background-meta":{"desktop":{"background-color":"var(--ast-global-color-4)","background-image":"","background-repeat":"repeat","background-position":"center center","background-size":"auto","background-attachment":"scroll","background-type":"","background-media":"","overlay-type":"","overlay-color":"","overlay-opacity":"","overlay-gradient":""},"tablet":{"background-color":"","background-image":"","background-repeat":"repeat","background-position":"center center","background-size":"auto","background-attachment":"scroll","background-type":"","background-media":"","overlay-type":"","overlay-color":"","overlay-opacity":"","overlay-gradient":""},"mobile":{"background-color":"","background-image":"","background-repeat":"repeat","background-position":"center center","background-size":"auto","background-attachment":"scroll","background-type":"","background-media":"","overlay-type":"","overlay-color":"","overlay-opacity":"","overlay-gradient":""}},"ast-content-background-meta":{"desktop":{"background-color":"var(--ast-global-color-5)","background-image":"","background-repeat":"repeat","background-position":"center center","background-size":"auto","background-attachment":"scroll","background-type":"","background-media":"","overlay-type":"","overlay-color":"","overlay-opacity":"","overlay-gradient":""},"tablet":{"background-color":"var(--ast-global-color-5)","background-image":"","background-repeat":"repeat","background-position":"center center","background-size":"auto","background-attachment":"scroll","background-type":"","background-media":"","overlay-type":"","overlay-color":"","overlay-opacity":"","overlay-gradient":""},"mobile":{"background-color":"var(--ast-global-color-5)","background-image":"","background-repeat":"repeat","background-position":"center center","background-size":"auto","background-attachment":"scroll","background-type":"","background-media":"","overlay-type":"","overlay-color":"","overlay-opacity":"","overlay-gradient":""}},"_joinchat":[]},"astrologia":[],"coleccion":[],"joyeria":[1574,1583,1588,1585],"linea":[],"material":[2342,2424,2227],"orgonita":[],"piedra":[822,901],"proposito":[686,688,689,706,690,691,707,692,693,1685,694,763],"simbolo":[834],"tamano":[2422],"visibilidad-producto-nuevo":[],"product_brand":[],"product_cat":[1618],"product_tag":[],"class_list":{"0":"post-19714","1":"product","2":"type-product","3":"status-publish","4":"has-post-thumbnail","6":"joyeria-coleccion-joyeria","7":"joyeria-pulseras","8":"joyeria-pulseras-de-cuarzo","9":"joyeria-pulseras-de-plata","10":"material-cuarzo","11":"material-elastico","12":"material-plata","13":"piedra-obsidiana-negra","14":"piedra-plata","15":"proposito-alta-proteccion","16":"proposito-armonia","17":"proposito-concentracion","18":"proposito-desarrollo-espiritual","19":"proposito-despertar-de-conciencia","20":"proposito-equilibrio","21":"proposito-expansion","22":"proposito-intuicion","23":"proposito-meditacion","24":"proposito-proteccion","25":"proposito-purificacion","26":"proposito-salud","27":"simbolo-flor-de-la-vida","28":"tamano-regular","29":"product_cat-joyeria","30":"pa_cuarzos-obsidiana-negra","31":"pa_simbolo-chakras","32":"pa_simbolo-flor-de-la-vida","33":"desktop-align-left","34":"tablet-align-left","35":"mobile-align-left","37":"first","38":"instock","39":"shipping-taxable","40":"purchasable","41":"product-type-variable","42":"has-default-attributes","43":"wvs-archive-product-wrapper"},"acf":[],"yoast_head":"<!-- This site is optimized with the Yoast SEO Premium plugin v24.9 (Yoast SEO v24.9) - https:\/\/yoast.com\/wordpress\/plugins\/seo\/ -->\n<title>Pulsera 7 Chakras y Flor de la Vida en Plata 0.925 con Obsidiana Negra &#8902; Arte Sagrado<\/title>\n<meta name=\"description\" content=\"Pulsera 7 Chakras y Flor de la Vida en Plata 0.925 con Obsidiana Negra. Protecci\u00f3n y energ\u00eda equilibrada.\" \/>\n<meta name=\"robots\" content=\"index, follow, max-snippet:-1, max-image-preview:large, max-video-preview:-1\" \/>\n<link rel=\"canonical\" href=\"https:\/\/artesagrado.com.mx\/en\/product\/pulsera-7-chakras-y-flor-de-la-vida-en-plata-0-925-con-obsidiana-negra\/\" \/>\n<meta property=\"og:locale\" content=\"en_US\" \/>\n<meta property=\"og:type\" content=\"article\" \/>\n<meta property=\"og:title\" content=\"Pulsera 7 Chakras y Flor de la Vida en Plata 0.925 con Obsidiana Negra\" \/>\n<meta property=\"og:description\" content=\"Descubre la colecci\u00f3n de productos de Arte Sagrado M\u00e9xico: joyer\u00eda y dispositivos energ\u00e9ticos elaborados con geometr\u00eda sagrada y tecnolog\u00eda Org\u00f3n para equilibrar y armonizar tu vida.\" \/>\n<meta property=\"og:url\" content=\"https:\/\/artesagrado.com.mx\/en\/product\/pulsera-7-chakras-y-flor-de-la-vida-en-plata-0-925-con-obsidiana-negra\/\" \/>\n<meta property=\"og:site_name\" content=\"Arte Sagrado\" \/>\n<meta property=\"article:publisher\" content=\"https:\/\/www.facebook.com\/ArteSagradoMexico\" \/>\n<meta property=\"article:modified_time\" content=\"2026-01-22T22:35:42+00:00\" \/>\n<meta property=\"og:image\" content=\"https:\/\/artesagrado.com.mx\/wp-content\/uploads\/2021\/08\/Pulsera-7-Chakras-y-Flor-de-la-Vida-en-Plata-0.925-con-Obsidiana-Negra_2.webp\" \/>\n\t<meta property=\"og:image:width\" content=\"1000\" \/>\n\t<meta property=\"og:image:height\" content=\"1000\" \/>\n\t<meta property=\"og:image:type\" content=\"image\/webp\" \/>\n<meta name=\"twitter:card\" content=\"summary_large_image\" \/>\n<meta name=\"twitter:label1\" content=\"Availability\" \/>\n\t<meta name=\"twitter:data1\" content=\"In stock\" \/>\n<script type=\"application\/ld+json\" class=\"yoast-schema-graph\">{\"@context\":\"https:\/\/schema.org\",\"@graph\":[{\"@type\":\"WebPage\",\"@id\":\"https:\/\/artesagrado.com.mx\/producto\/pulsera-7-chakras-y-flor-de-la-vida-en-plata-0-925-con-obsidiana-negra\/\",\"url\":\"https:\/\/artesagrado.com.mx\/producto\/pulsera-7-chakras-y-flor-de-la-vida-en-plata-0-925-con-obsidiana-negra\/\",\"name\":\"Pulsera 7 Chakras y Flor de la Vida en Plata 0.925 con Obsidiana Negra &#8902; Arte Sagrado\",\"isPartOf\":{\"@id\":\"https:\/\/artesagrado.com.mx\/#website\"},\"primaryImageOfPage\":{\"@id\":\"https:\/\/artesagrado.com.mx\/producto\/pulsera-7-chakras-y-flor-de-la-vida-en-plata-0-925-con-obsidiana-negra\/#primaryimage\"},\"image\":{\"@id\":\"https:\/\/artesagrado.com.mx\/producto\/pulsera-7-chakras-y-flor-de-la-vida-en-plata-0-925-con-obsidiana-negra\/#primaryimage\"},\"thumbnailUrl\":\"https:\/\/artesagrado.com.mx\/wp-content\/uploads\/2021\/08\/Pulsera-7-Chakras-y-Flor-de-la-Vida-en-Plata-0.925-con-Obsidiana-Negra_2.webp\",\"datePublished\":\"2021-08-07T04:16:50+00:00\",\"dateModified\":\"2026-01-22T22:35:42+00:00\",\"description\":\"Pulsera 7 Chakras y Flor de la Vida en Plata 0.925 con Obsidiana Negra. Protecci\u00f3n y energ\u00eda equilibrada.\",\"breadcrumb\":{\"@id\":\"https:\/\/artesagrado.com.mx\/producto\/pulsera-7-chakras-y-flor-de-la-vida-en-plata-0-925-con-obsidiana-negra\/#breadcrumb\"},\"inLanguage\":\"en-US\",\"potentialAction\":[{\"@type\":\"ReadAction\",\"target\":[\"https:\/\/artesagrado.com.mx\/producto\/pulsera-7-chakras-y-flor-de-la-vida-en-plata-0-925-con-obsidiana-negra\/\"]}]},{\"@type\":\"ImageObject\",\"inLanguage\":\"en-US\",\"@id\":\"https:\/\/artesagrado.com.mx\/producto\/pulsera-7-chakras-y-flor-de-la-vida-en-plata-0-925-con-obsidiana-negra\/#primaryimage\",\"url\":\"https:\/\/artesagrado.com.mx\/wp-content\/uploads\/2021\/08\/Pulsera-7-Chakras-y-Flor-de-la-Vida-en-Plata-0.925-con-Obsidiana-Negra_2.webp\",\"contentUrl\":\"https:\/\/artesagrado.com.mx\/wp-content\/uploads\/2021\/08\/Pulsera-7-Chakras-y-Flor-de-la-Vida-en-Plata-0.925-con-Obsidiana-Negra_2.webp\",\"width\":1000,\"height\":1000},{\"@type\":\"BreadcrumbList\",\"@id\":\"https:\/\/artesagrado.com.mx\/producto\/pulsera-7-chakras-y-flor-de-la-vida-en-plata-0-925-con-obsidiana-negra\/#breadcrumb\",\"itemListElement\":[{\"@type\":\"ListItem\",\"position\":1,\"name\":\"Portada\",\"item\":\"https:\/\/artesagrado.com.mx\/\"},{\"@type\":\"ListItem\",\"position\":2,\"name\":\"Tienda\",\"item\":\"https:\/\/artesagrado.com.mx\/tienda\/\"},{\"@type\":\"ListItem\",\"position\":3,\"name\":\"Pulsera 7 Chakras y Flor de la Vida en Plata 0.925 con Obsidiana Negra\"}]},{\"@type\":\"WebSite\",\"@id\":\"https:\/\/artesagrado.com.mx\/#website\",\"url\":\"https:\/\/artesagrado.com.mx\/\",\"name\":\"Arte Sagrado\",\"description\":\"Empoderando tu ser\",\"publisher\":{\"@id\":\"https:\/\/artesagrado.com.mx\/#organization\"},\"alternateName\":\"Arte Sagrado M\u00e9xico\",\"potentialAction\":[{\"@type\":\"SearchAction\",\"target\":{\"@type\":\"EntryPoint\",\"urlTemplate\":\"https:\/\/artesagrado.com.mx\/?s={search_term_string}\"},\"query-input\":{\"@type\":\"PropertyValueSpecification\",\"valueRequired\":true,\"valueName\":\"search_term_string\"}}],\"inLanguage\":\"en-US\"},{\"@type\":\"Organization\",\"@id\":\"https:\/\/artesagrado.com.mx\/#organization\",\"name\":\"Arte Sagrado\",\"alternateName\":\"Arte Sagrado M\u00e9xico\",\"url\":\"https:\/\/artesagrado.com.mx\/\",\"logo\":{\"@type\":\"ImageObject\",\"inLanguage\":\"en-US\",\"@id\":\"https:\/\/artesagrado.com.mx\/#\/schema\/logo\/image\/\",\"url\":\"https:\/\/artesagrado.com.mx\/wp-content\/uploads\/2024\/07\/portada_cuadrada_base_arte-sagrado.webp\",\"contentUrl\":\"https:\/\/artesagrado.com.mx\/wp-content\/uploads\/2024\/07\/portada_cuadrada_base_arte-sagrado.webp\",\"width\":1000,\"height\":1000,\"caption\":\"Arte Sagrado\"},\"image\":{\"@id\":\"https:\/\/artesagrado.com.mx\/#\/schema\/logo\/image\/\"},\"sameAs\":[\"https:\/\/www.facebook.com\/ArteSagradoMexico\",\"https:\/\/www.instagram.com\/arte_sagrado_oficial\/\",\"https:\/\/www.tiktok.com\/@arte_sagrado_oficial\"],\"description\":\"Arte Sagrado\u00ae es un proyecto pensado, sentido y accionado al servicio de la humanidad y la conciencia. Nacemos en tiempos precisos donde la luz y el recuerdo de nuestra grandeza, empiezan a resplandecer; es por eso que nuestro proyecto se enfoca y especializa en contribuir con informaci\u00f3n y conocimiento de los arquetipos originales y el lenguaje de la geometr\u00eda sagrada.\",\"publishingPrinciples\":\"https:\/\/artesagrado.com.mx\/conoce-a-arte-sagrado\/\"}]}<\/script>\n<meta property=\"og:availability\" content=\"instock\" \/>\n<meta property=\"product:availability\" content=\"instock\" \/>\n<meta property=\"product:condition\" content=\"new\" \/>\n<!-- \/ Yoast SEO Premium plugin. -->","yoast_head_json":{"title":"Pulsera 7 Chakras y Flor de la Vida en Plata 0.925 con Obsidiana Negra &#8902; Arte Sagrado","description":"Pulsera 7 Chakras y Flor de la Vida en Plata 0.925 con Obsidiana Negra. Protecci\u00f3n y energ\u00eda equilibrada.","robots":{"index":"index","follow":"follow","max-snippet":"max-snippet:-1","max-image-preview":"max-image-preview:large","max-video-preview":"max-video-preview:-1"},"canonical":"https:\/\/artesagrado.com.mx\/en\/product\/pulsera-7-chakras-y-flor-de-la-vida-en-plata-0-925-con-obsidiana-negra\/","og_locale":"en_US","og_type":"article","og_title":"Pulsera 7 Chakras y Flor de la Vida en Plata 0.925 con Obsidiana Negra","og_description":"Descubre la colecci\u00f3n de productos de Arte Sagrado M\u00e9xico: joyer\u00eda y dispositivos energ\u00e9ticos elaborados con geometr\u00eda sagrada y tecnolog\u00eda Org\u00f3n para equilibrar y armonizar tu vida.","og_url":"https:\/\/artesagrado.com.mx\/en\/product\/pulsera-7-chakras-y-flor-de-la-vida-en-plata-0-925-con-obsidiana-negra\/","og_site_name":"Arte Sagrado","article_publisher":"https:\/\/www.facebook.com\/ArteSagradoMexico","article_modified_time":"2026-01-22T22:35:42+00:00","og_image":[{"width":1000,"height":1000,"url":"https:\/\/artesagrado.com.mx\/wp-content\/uploads\/2021\/08\/Pulsera-7-Chakras-y-Flor-de-la-Vida-en-Plata-0.925-con-Obsidiana-Negra_2.webp","type":"image\/webp"}],"twitter_card":"summary_large_image","twitter_misc":{"Availability":"In stock"},"schema":{"@context":"https:\/\/schema.org","@graph":[{"@type":"WebPage","@id":"https:\/\/artesagrado.com.mx\/producto\/pulsera-7-chakras-y-flor-de-la-vida-en-plata-0-925-con-obsidiana-negra\/","url":"https:\/\/artesagrado.com.mx\/producto\/pulsera-7-chakras-y-flor-de-la-vida-en-plata-0-925-con-obsidiana-negra\/","name":"Pulsera 7 Chakras y Flor de la Vida en Plata 0.925 con Obsidiana Negra &#8902; Arte Sagrado","isPartOf":{"@id":"https:\/\/artesagrado.com.mx\/#website"},"primaryImageOfPage":{"@id":"https:\/\/artesagrado.com.mx\/producto\/pulsera-7-chakras-y-flor-de-la-vida-en-plata-0-925-con-obsidiana-negra\/#primaryimage"},"image":{"@id":"https:\/\/artesagrado.com.mx\/producto\/pulsera-7-chakras-y-flor-de-la-vida-en-plata-0-925-con-obsidiana-negra\/#primaryimage"},"thumbnailUrl":"https:\/\/artesagrado.com.mx\/wp-content\/uploads\/2021\/08\/Pulsera-7-Chakras-y-Flor-de-la-Vida-en-Plata-0.925-con-Obsidiana-Negra_2.webp","datePublished":"2021-08-07T04:16:50+00:00","dateModified":"2026-01-22T22:35:42+00:00","description":"Pulsera 7 Chakras y Flor de la Vida en Plata 0.925 con Obsidiana Negra. Protecci\u00f3n y energ\u00eda equilibrada.","breadcrumb":{"@id":"https:\/\/artesagrado.com.mx\/producto\/pulsera-7-chakras-y-flor-de-la-vida-en-plata-0-925-con-obsidiana-negra\/#breadcrumb"},"inLanguage":"en-US","potentialAction":[{"@type":"ReadAction","target":["https:\/\/artesagrado.com.mx\/producto\/pulsera-7-chakras-y-flor-de-la-vida-en-plata-0-925-con-obsidiana-negra\/"]}]},{"@type":"ImageObject","inLanguage":"en-US","@id":"https:\/\/artesagrado.com.mx\/producto\/pulsera-7-chakras-y-flor-de-la-vida-en-plata-0-925-con-obsidiana-negra\/#primaryimage","url":"https:\/\/artesagrado.com.mx\/wp-content\/uploads\/2021\/08\/Pulsera-7-Chakras-y-Flor-de-la-Vida-en-Plata-0.925-con-Obsidiana-Negra_2.webp","contentUrl":"https:\/\/artesagrado.com.mx\/wp-content\/uploads\/2021\/08\/Pulsera-7-Chakras-y-Flor-de-la-Vida-en-Plata-0.925-con-Obsidiana-Negra_2.webp","width":1000,"height":1000},{"@type":"BreadcrumbList","@id":"https:\/\/artesagrado.com.mx\/producto\/pulsera-7-chakras-y-flor-de-la-vida-en-plata-0-925-con-obsidiana-negra\/#breadcrumb","itemListElement":[{"@type":"ListItem","position":1,"name":"Portada","item":"https:\/\/artesagrado.com.mx\/"},{"@type":"ListItem","position":2,"name":"Tienda","item":"https:\/\/artesagrado.com.mx\/tienda\/"},{"@type":"ListItem","position":3,"name":"Pulsera 7 Chakras y Flor de la Vida en Plata 0.925 con Obsidiana Negra"}]},{"@type":"WebSite","@id":"https:\/\/artesagrado.com.mx\/#website","url":"https:\/\/artesagrado.com.mx\/","name":"Arte Sagrado","description":"Empoderando tu ser","publisher":{"@id":"https:\/\/artesagrado.com.mx\/#organization"},"alternateName":"Arte Sagrado M\u00e9xico","potentialAction":[{"@type":"SearchAction","target":{"@type":"EntryPoint","urlTemplate":"https:\/\/artesagrado.com.mx\/?s={search_term_string}"},"query-input":{"@type":"PropertyValueSpecification","valueRequired":true,"valueName":"search_term_string"}}],"inLanguage":"en-US"},{"@type":"Organization","@id":"https:\/\/artesagrado.com.mx\/#organization","name":"Arte Sagrado","alternateName":"Arte Sagrado M\u00e9xico","url":"https:\/\/artesagrado.com.mx\/","logo":{"@type":"ImageObject","inLanguage":"en-US","@id":"https:\/\/artesagrado.com.mx\/#\/schema\/logo\/image\/","url":"https:\/\/artesagrado.com.mx\/wp-content\/uploads\/2024\/07\/portada_cuadrada_base_arte-sagrado.webp","contentUrl":"https:\/\/artesagrado.com.mx\/wp-content\/uploads\/2024\/07\/portada_cuadrada_base_arte-sagrado.webp","width":1000,"height":1000,"caption":"Arte Sagrado"},"image":{"@id":"https:\/\/artesagrado.com.mx\/#\/schema\/logo\/image\/"},"sameAs":["https:\/\/www.facebook.com\/ArteSagradoMexico","https:\/\/www.instagram.com\/arte_sagrado_oficial\/","https:\/\/www.tiktok.com\/@arte_sagrado_oficial"],"description":"Arte Sagrado\u00ae es un proyecto pensado, sentido y accionado al servicio de la humanidad y la conciencia. Nacemos en tiempos precisos donde la luz y el recuerdo de nuestra grandeza, empiezan a resplandecer; es por eso que nuestro proyecto se enfoca y especializa en contribuir con informaci\u00f3n y conocimiento de los arquetipos originales y el lenguaje de la geometr\u00eda sagrada.","publishingPrinciples":"https:\/\/artesagrado.com.mx\/conoce-a-arte-sagrado\/"}]},"og_availability":"instock","product_availability":"instock","product_condition":"new"},"jetpack_sharing_enabled":true,"_links":{"self":[{"href":"https:\/\/artesagrado.com.mx\/en\/wp-json\/wp\/v2\/product\/19714","targetHints":{"allow":["GET"]}}],"collection":[{"href":"https:\/\/artesagrado.com.mx\/en\/wp-json\/wp\/v2\/product"}],"about":[{"href":"https:\/\/artesagrado.com.mx\/en\/wp-json\/wp\/v2\/types\/product"}],"replies":[{"embeddable":true,"href":"https:\/\/artesagrado.com.mx\/en\/wp-json\/wp\/v2\/comments?post=19714"}],"wp:featuredmedia":[{"embeddable":true,"href":"https:\/\/artesagrado.com.mx\/en\/wp-json\/wp\/v2\/media\/41662"}],"wp:attachment":[{"href":"https:\/\/artesagrado.com.mx\/en\/wp-json\/wp\/v2\/media?parent=19714"}],"wp:term":[{"taxonomy":"astrologia","embeddable":true,"href":"https:\/\/artesagrado.com.mx\/en\/wp-json\/wp\/v2\/astrologia?post=19714"},{"taxonomy":"coleccion","embeddable":true,"href":"https:\/\/artesagrado.com.mx\/en\/wp-json\/wp\/v2\/coleccion?post=19714"},{"taxonomy":"joyeria","embeddable":true,"href":"https:\/\/artesagrado.com.mx\/en\/wp-json\/wp\/v2\/joyeria?post=19714"},{"taxonomy":"linea","embeddable":true,"href":"https:\/\/artesagrado.com.mx\/en\/wp-json\/wp\/v2\/linea?post=19714"},{"taxonomy":"material","embeddable":true,"href":"https:\/\/artesagrado.com.mx\/en\/wp-json\/wp\/v2\/material?post=19714"},{"taxonomy":"orgonita","embeddable":true,"href":"https:\/\/artesagrado.com.mx\/en\/wp-json\/wp\/v2\/orgonita?post=19714"},{"taxonomy":"piedra","embeddable":true,"href":"https:\/\/artesagrado.com.mx\/en\/wp-json\/wp\/v2\/piedra?post=19714"},{"taxonomy":"proposito","embeddable":true,"href":"https:\/\/artesagrado.com.mx\/en\/wp-json\/wp\/v2\/proposito?post=19714"},{"taxonomy":"simbolo","embeddable":true,"href":"https:\/\/artesagrado.com.mx\/en\/wp-json\/wp\/v2\/simbolo?post=19714"},{"taxonomy":"tamano","embeddable":true,"href":"https:\/\/artesagrado.com.mx\/en\/wp-json\/wp\/v2\/tamano?post=19714"},{"taxonomy":"visibilidad-producto-nuevo","embeddable":true,"href":"https:\/\/artesagrado.com.mx\/en\/wp-json\/wp\/v2\/visibilidad-producto-nuevo?post=19714"},{"taxonomy":"product_brand","embeddable":true,"href":"https:\/\/artesagrado.com.mx\/en\/wp-json\/wp\/v2\/product_brand?post=19714"},{"taxonomy":"product_cat","embeddable":true,"href":"https:\/\/artesagrado.com.mx\/en\/wp-json\/wp\/v2\/product_cat?post=19714"},{"taxonomy":"product_tag","embeddable":true,"href":"https:\/\/artesagrado.com.mx\/en\/wp-json\/wp\/v2\/product_tag?post=19714"}],"curies":[{"name":"wp","href":"https:\/\/api.w.org\/{rel}","templated":true}]}}