{"id":19719,"date":"2021-08-07T17:15:39","date_gmt":"2021-08-07T22:15:39","guid":{"rendered":"https:\/\/artesagrado.com.mx\/producto\/pulsera-7-chakras-y-flor-de-la-vida-en-plata-0-925-con-agata-blanca\/"},"modified":"2026-01-22T16:35:42","modified_gmt":"2026-01-22T22:35:42","slug":"pulsera-7-chakras-y-flor-de-la-vida-en-plata-0-925-con-agata-blanca","status":"publish","type":"product","link":"https:\/\/artesagrado.com.mx\/en\/product\/pulsera-7-chakras-y-flor-de-la-vida-en-plata-0-925-con-agata-blanca\/","title":{"rendered":"Bracelet 7 Chakras and Flower of Life in Silver 0.925 with White Agate"},"content":{"rendered":"<p class=\"translation-block\"><span style=\"font-weight: 400\"> <strong>Agata<\/strong>is a stone that in its various natural shades covers the entire chromatic spectrum, that is, all the virtues and energies that integrate the Self and the Light. As well as the 7 Chakras.<\/span><\/p>\n<p>Agate also benefits us and brings harmony, balance, strengthening, courage and security.<\/p>\n<p>&nbsp;<\/p>\n<p><span>The<\/span><b> Flower of Life,<\/b><span> contains within its proportions each and every aspect of life that exists, every mathematical formula, every law of physics, every musical harmony, every form of life, <\/span><i><span>(including the wonder of the human body)<\/span><\/i><span> every atom, every cell, every dimensional level; absolutely everything contained in multi-universes of waveform.<\/span><\/p>\n<p><span>\u00a0<\/span><span>The symbol of the Flower of Life is considered sacred, since within it lies the code of all creation.<\/span><\/p>\n<p><span>\u00a0<\/span><\/p>\n<p><span>The \"Flower of Life\" is undoubtedly the most powerful symbol of Creation.<\/span><\/p>\n<p>&nbsp;<\/p>\n<p class=\"translation-block\"><b>The 7 chakras<\/b><span style=\"font-weight: 400\"> (Sanskrit for 'wheels' or 'disks') are the main energetic vortices located in the subtle bodies of the human being. Their task is the reception, accumulation, transformation and distribution of the energy called prana.<\/span><\/p>\n<p><span>Each of these centers resembles an open flower and has a color and shape corresponding to its vibration.<\/span><\/p>\n<p><span>They represent the 7 spectrums of Light, therefore together and in their respective order, they form the integrity of the manifestation of consciousness.<\/span><\/p>","protected":false},"excerpt":{"rendered":"<p><strong><span>Flower of Life, Agate, Chakras. Silver 0.925<\/span><\/strong><\/p>\n<p>&nbsp;<\/p>\n<p>We have carefully selected each Agate stone in our bracelet, so that its tonality (vibration) works with its corresponding chakra.<\/p>\n<ul>\n<li>Flower of Life Symbol 1 cm diameter and details in 0.925 Silver.<\/li>\n<\/ul>\n<p><span>NOTE: Due to their nature, some of the pieces that make up this bracelet may vary in detail, tone and color.<\/span><\/p>","protected":false},"featured_media":41206,"comment_status":"open","ping_status":"closed","template":"","meta":{"_acf_changed":false,"site-sidebar-layout":"default","site-content-layout":"","ast-site-content-layout":"default","site-content-style":"default","site-sidebar-style":"default","ast-global-header-display":"","ast-banner-title-visibility":"","ast-main-header-display":"","ast-hfb-above-header-display":"","ast-hfb-below-header-display":"","ast-hfb-mobile-header-display":"","site-post-title":"","ast-breadcrumbs-content":"","ast-featured-img":"","footer-sml-layout":"","ast-disable-related-posts":"","theme-transparent-header-meta":"default","adv-header-id-meta":"","stick-header-meta":"","header-above-stick-meta":"","header-main-stick-meta":"","header-below-stick-meta":"","astra-migrate-meta-layouts":"set","ast-page-background-enabled":"default","ast-page-background-meta":{"desktop":{"background-color":"var(--ast-global-color-4)","background-image":"","background-repeat":"repeat","background-position":"center center","background-size":"auto","background-attachment":"scroll","background-type":"","background-media":"","overlay-type":"","overlay-color":"","overlay-opacity":"","overlay-gradient":""},"tablet":{"background-color":"","background-image":"","background-repeat":"repeat","background-position":"center center","background-size":"auto","background-attachment":"scroll","background-type":"","background-media":"","overlay-type":"","overlay-color":"","overlay-opacity":"","overlay-gradient":""},"mobile":{"background-color":"","background-image":"","background-repeat":"repeat","background-position":"center center","background-size":"auto","background-attachment":"scroll","background-type":"","background-media":"","overlay-type":"","overlay-color":"","overlay-opacity":"","overlay-gradient":""}},"ast-content-background-meta":{"desktop":{"background-color":"var(--ast-global-color-5)","background-image":"","background-repeat":"repeat","background-position":"center center","background-size":"auto","background-attachment":"scroll","background-type":"","background-media":"","overlay-type":"","overlay-color":"","overlay-opacity":"","overlay-gradient":""},"tablet":{"background-color":"var(--ast-global-color-5)","background-image":"","background-repeat":"repeat","background-position":"center center","background-size":"auto","background-attachment":"scroll","background-type":"","background-media":"","overlay-type":"","overlay-color":"","overlay-opacity":"","overlay-gradient":""},"mobile":{"background-color":"var(--ast-global-color-5)","background-image":"","background-repeat":"repeat","background-position":"center center","background-size":"auto","background-attachment":"scroll","background-type":"","background-media":"","overlay-type":"","overlay-color":"","overlay-opacity":"","overlay-gradient":""}},"_joinchat":[]},"astrologia":[],"coleccion":[],"joyeria":[1574,1583,1588],"linea":[],"material":[2342,2424,2227],"orgonita":[],"piedra":[812,901],"proposito":[686,688,706,690,707,692,693,1685,763,695],"simbolo":[830,834],"tamano":[2422],"visibilidad-producto-nuevo":[],"product_brand":[],"product_cat":[1618],"product_tag":[],"class_list":{"0":"post-19719","1":"product","2":"type-product","3":"status-publish","4":"has-post-thumbnail","6":"joyeria-coleccion-joyeria","7":"joyeria-pulseras","8":"joyeria-pulseras-de-cuarzo","9":"material-cuarzo","10":"material-elastico","11":"material-plata","12":"piedra-agata","13":"piedra-plata","14":"proposito-alta-proteccion","15":"proposito-armonia","16":"proposito-desarrollo-espiritual","17":"proposito-despertar-de-conciencia","18":"proposito-expansion","19":"proposito-intuicion","20":"proposito-meditacion","21":"proposito-proteccion","22":"proposito-salud","23":"proposito-transmutacion","24":"simbolo-chakras","25":"simbolo-flor-de-la-vida","26":"tamano-regular","27":"product_cat-joyeria","28":"pa_cuarzos-agata-blanca","29":"pa_material-cuarzos","30":"desktop-align-left","31":"tablet-align-left","32":"mobile-align-left","34":"first","35":"instock","36":"shipping-taxable","37":"purchasable","38":"product-type-variable","39":"has-default-attributes","40":"wvs-archive-product-wrapper"},"acf":[],"yoast_head":"<!-- This site is optimized with the Yoast SEO Premium plugin v24.9 (Yoast SEO v24.9) - https:\/\/yoast.com\/wordpress\/plugins\/seo\/ -->\n<title>Pulsera 7 Chakras y Flor de la Vida en Plata 0.925 con \u00c1gata Blanca &#8902; Arte Sagrado<\/title>\n<meta name=\"description\" content=\"Pulsera 7 Chakras y Flor de la Vida en Plata 0.925 con \u00c1gata Blanca. Conecta con la energ\u00eda de los chakras y la Flor de la Vida.\" \/>\n<meta name=\"robots\" content=\"index, follow, max-snippet:-1, max-image-preview:large, max-video-preview:-1\" \/>\n<link rel=\"canonical\" href=\"https:\/\/artesagrado.com.mx\/en\/product\/pulsera-7-chakras-y-flor-de-la-vida-en-plata-0-925-con-agata-blanca\/\" \/>\n<meta property=\"og:locale\" content=\"en_US\" \/>\n<meta property=\"og:type\" content=\"article\" \/>\n<meta property=\"og:title\" content=\"Pulsera 7 Chakras y Flor de la Vida en Plata 0.925 con \u00c1gata Blanca\" \/>\n<meta property=\"og:description\" content=\"Descubre la colecci\u00f3n de productos de Arte Sagrado M\u00e9xico: joyer\u00eda y dispositivos energ\u00e9ticos elaborados con geometr\u00eda sagrada y tecnolog\u00eda Org\u00f3n para equilibrar y armonizar tu vida.\" \/>\n<meta property=\"og:url\" content=\"https:\/\/artesagrado.com.mx\/en\/product\/pulsera-7-chakras-y-flor-de-la-vida-en-plata-0-925-con-agata-blanca\/\" \/>\n<meta property=\"og:site_name\" content=\"Arte Sagrado\" \/>\n<meta property=\"article:publisher\" content=\"https:\/\/www.facebook.com\/ArteSagradoMexico\" \/>\n<meta property=\"article:modified_time\" content=\"2026-01-22T22:35:42+00:00\" \/>\n<meta property=\"og:image\" content=\"https:\/\/artesagrado.com.mx\/wp-content\/uploads\/2021\/08\/Pulsera-7-Chakras-y-Flor-de-la-Vida-en-Plata-0.925-con-Agata-Blanca_1.webp\" \/>\n\t<meta property=\"og:image:width\" content=\"1000\" \/>\n\t<meta property=\"og:image:height\" content=\"1000\" \/>\n\t<meta property=\"og:image:type\" content=\"image\/webp\" \/>\n<meta name=\"twitter:card\" content=\"summary_large_image\" \/>\n<meta name=\"twitter:label1\" content=\"Availability\" \/>\n\t<meta name=\"twitter:data1\" content=\"In stock\" \/>\n<script type=\"application\/ld+json\" class=\"yoast-schema-graph\">{\"@context\":\"https:\/\/schema.org\",\"@graph\":[{\"@type\":\"WebPage\",\"@id\":\"https:\/\/artesagrado.com.mx\/producto\/pulsera-7-chakras-y-flor-de-la-vida-en-plata-0-925-con-agata-blanca\/\",\"url\":\"https:\/\/artesagrado.com.mx\/producto\/pulsera-7-chakras-y-flor-de-la-vida-en-plata-0-925-con-agata-blanca\/\",\"name\":\"Pulsera 7 Chakras y Flor de la Vida en Plata 0.925 con \u00c1gata Blanca &#8902; Arte Sagrado\",\"isPartOf\":{\"@id\":\"https:\/\/artesagrado.com.mx\/#website\"},\"primaryImageOfPage\":{\"@id\":\"https:\/\/artesagrado.com.mx\/producto\/pulsera-7-chakras-y-flor-de-la-vida-en-plata-0-925-con-agata-blanca\/#primaryimage\"},\"image\":{\"@id\":\"https:\/\/artesagrado.com.mx\/producto\/pulsera-7-chakras-y-flor-de-la-vida-en-plata-0-925-con-agata-blanca\/#primaryimage\"},\"thumbnailUrl\":\"https:\/\/artesagrado.com.mx\/wp-content\/uploads\/2021\/08\/Pulsera-7-Chakras-y-Flor-de-la-Vida-en-Plata-0.925-con-Agata-Blanca_1.webp\",\"datePublished\":\"2021-08-07T22:15:39+00:00\",\"dateModified\":\"2026-01-22T22:35:42+00:00\",\"description\":\"Pulsera 7 Chakras y Flor de la Vida en Plata 0.925 con \u00c1gata Blanca. Conecta con la energ\u00eda de los chakras y la Flor de la Vida.\",\"breadcrumb\":{\"@id\":\"https:\/\/artesagrado.com.mx\/producto\/pulsera-7-chakras-y-flor-de-la-vida-en-plata-0-925-con-agata-blanca\/#breadcrumb\"},\"inLanguage\":\"en-US\",\"potentialAction\":[{\"@type\":\"ReadAction\",\"target\":[\"https:\/\/artesagrado.com.mx\/producto\/pulsera-7-chakras-y-flor-de-la-vida-en-plata-0-925-con-agata-blanca\/\"]}]},{\"@type\":\"ImageObject\",\"inLanguage\":\"en-US\",\"@id\":\"https:\/\/artesagrado.com.mx\/producto\/pulsera-7-chakras-y-flor-de-la-vida-en-plata-0-925-con-agata-blanca\/#primaryimage\",\"url\":\"https:\/\/artesagrado.com.mx\/wp-content\/uploads\/2021\/08\/Pulsera-7-Chakras-y-Flor-de-la-Vida-en-Plata-0.925-con-Agata-Blanca_1.webp\",\"contentUrl\":\"https:\/\/artesagrado.com.mx\/wp-content\/uploads\/2021\/08\/Pulsera-7-Chakras-y-Flor-de-la-Vida-en-Plata-0.925-con-Agata-Blanca_1.webp\",\"width\":1000,\"height\":1000},{\"@type\":\"BreadcrumbList\",\"@id\":\"https:\/\/artesagrado.com.mx\/producto\/pulsera-7-chakras-y-flor-de-la-vida-en-plata-0-925-con-agata-blanca\/#breadcrumb\",\"itemListElement\":[{\"@type\":\"ListItem\",\"position\":1,\"name\":\"Portada\",\"item\":\"https:\/\/artesagrado.com.mx\/\"},{\"@type\":\"ListItem\",\"position\":2,\"name\":\"Tienda\",\"item\":\"https:\/\/artesagrado.com.mx\/tienda\/\"},{\"@type\":\"ListItem\",\"position\":3,\"name\":\"Pulsera 7 Chakras y Flor de la Vida en Plata 0.925 con \u00c1gata Blanca\"}]},{\"@type\":\"WebSite\",\"@id\":\"https:\/\/artesagrado.com.mx\/#website\",\"url\":\"https:\/\/artesagrado.com.mx\/\",\"name\":\"Arte Sagrado\",\"description\":\"Empoderando tu ser\",\"publisher\":{\"@id\":\"https:\/\/artesagrado.com.mx\/#organization\"},\"alternateName\":\"Arte Sagrado M\u00e9xico\",\"potentialAction\":[{\"@type\":\"SearchAction\",\"target\":{\"@type\":\"EntryPoint\",\"urlTemplate\":\"https:\/\/artesagrado.com.mx\/?s={search_term_string}\"},\"query-input\":{\"@type\":\"PropertyValueSpecification\",\"valueRequired\":true,\"valueName\":\"search_term_string\"}}],\"inLanguage\":\"en-US\"},{\"@type\":\"Organization\",\"@id\":\"https:\/\/artesagrado.com.mx\/#organization\",\"name\":\"Arte Sagrado\",\"alternateName\":\"Arte Sagrado M\u00e9xico\",\"url\":\"https:\/\/artesagrado.com.mx\/\",\"logo\":{\"@type\":\"ImageObject\",\"inLanguage\":\"en-US\",\"@id\":\"https:\/\/artesagrado.com.mx\/#\/schema\/logo\/image\/\",\"url\":\"https:\/\/artesagrado.com.mx\/wp-content\/uploads\/2024\/07\/portada_cuadrada_base_arte-sagrado.webp\",\"contentUrl\":\"https:\/\/artesagrado.com.mx\/wp-content\/uploads\/2024\/07\/portada_cuadrada_base_arte-sagrado.webp\",\"width\":1000,\"height\":1000,\"caption\":\"Arte Sagrado\"},\"image\":{\"@id\":\"https:\/\/artesagrado.com.mx\/#\/schema\/logo\/image\/\"},\"sameAs\":[\"https:\/\/www.facebook.com\/ArteSagradoMexico\",\"https:\/\/www.instagram.com\/arte_sagrado_oficial\/\",\"https:\/\/www.tiktok.com\/@arte_sagrado_oficial\"],\"description\":\"Arte Sagrado\u00ae es un proyecto pensado, sentido y accionado al servicio de la humanidad y la conciencia. Nacemos en tiempos precisos donde la luz y el recuerdo de nuestra grandeza, empiezan a resplandecer; es por eso que nuestro proyecto se enfoca y especializa en contribuir con informaci\u00f3n y conocimiento de los arquetipos originales y el lenguaje de la geometr\u00eda sagrada.\",\"publishingPrinciples\":\"https:\/\/artesagrado.com.mx\/conoce-a-arte-sagrado\/\"}]}<\/script>\n<meta property=\"og:availability\" content=\"instock\" \/>\n<meta property=\"product:availability\" content=\"instock\" \/>\n<meta property=\"product:condition\" content=\"new\" \/>\n<!-- \/ Yoast SEO Premium plugin. -->","yoast_head_json":{"title":"Pulsera 7 Chakras y Flor de la Vida en Plata 0.925 con \u00c1gata Blanca &#8902; Arte Sagrado","description":"Pulsera 7 Chakras y Flor de la Vida en Plata 0.925 con \u00c1gata Blanca. Conecta con la energ\u00eda de los chakras y la Flor de la Vida.","robots":{"index":"index","follow":"follow","max-snippet":"max-snippet:-1","max-image-preview":"max-image-preview:large","max-video-preview":"max-video-preview:-1"},"canonical":"https:\/\/artesagrado.com.mx\/en\/product\/pulsera-7-chakras-y-flor-de-la-vida-en-plata-0-925-con-agata-blanca\/","og_locale":"en_US","og_type":"article","og_title":"Pulsera 7 Chakras y Flor de la Vida en Plata 0.925 con \u00c1gata Blanca","og_description":"Descubre la colecci\u00f3n de productos de Arte Sagrado M\u00e9xico: joyer\u00eda y dispositivos energ\u00e9ticos elaborados con geometr\u00eda sagrada y tecnolog\u00eda Org\u00f3n para equilibrar y armonizar tu vida.","og_url":"https:\/\/artesagrado.com.mx\/en\/product\/pulsera-7-chakras-y-flor-de-la-vida-en-plata-0-925-con-agata-blanca\/","og_site_name":"Arte Sagrado","article_publisher":"https:\/\/www.facebook.com\/ArteSagradoMexico","article_modified_time":"2026-01-22T22:35:42+00:00","og_image":[{"width":1000,"height":1000,"url":"https:\/\/artesagrado.com.mx\/wp-content\/uploads\/2021\/08\/Pulsera-7-Chakras-y-Flor-de-la-Vida-en-Plata-0.925-con-Agata-Blanca_1.webp","type":"image\/webp"}],"twitter_card":"summary_large_image","twitter_misc":{"Availability":"In stock"},"schema":{"@context":"https:\/\/schema.org","@graph":[{"@type":"WebPage","@id":"https:\/\/artesagrado.com.mx\/producto\/pulsera-7-chakras-y-flor-de-la-vida-en-plata-0-925-con-agata-blanca\/","url":"https:\/\/artesagrado.com.mx\/producto\/pulsera-7-chakras-y-flor-de-la-vida-en-plata-0-925-con-agata-blanca\/","name":"Pulsera 7 Chakras y Flor de la Vida en Plata 0.925 con \u00c1gata Blanca &#8902; Arte Sagrado","isPartOf":{"@id":"https:\/\/artesagrado.com.mx\/#website"},"primaryImageOfPage":{"@id":"https:\/\/artesagrado.com.mx\/producto\/pulsera-7-chakras-y-flor-de-la-vida-en-plata-0-925-con-agata-blanca\/#primaryimage"},"image":{"@id":"https:\/\/artesagrado.com.mx\/producto\/pulsera-7-chakras-y-flor-de-la-vida-en-plata-0-925-con-agata-blanca\/#primaryimage"},"thumbnailUrl":"https:\/\/artesagrado.com.mx\/wp-content\/uploads\/2021\/08\/Pulsera-7-Chakras-y-Flor-de-la-Vida-en-Plata-0.925-con-Agata-Blanca_1.webp","datePublished":"2021-08-07T22:15:39+00:00","dateModified":"2026-01-22T22:35:42+00:00","description":"Pulsera 7 Chakras y Flor de la Vida en Plata 0.925 con \u00c1gata Blanca. Conecta con la energ\u00eda de los chakras y la Flor de la Vida.","breadcrumb":{"@id":"https:\/\/artesagrado.com.mx\/producto\/pulsera-7-chakras-y-flor-de-la-vida-en-plata-0-925-con-agata-blanca\/#breadcrumb"},"inLanguage":"en-US","potentialAction":[{"@type":"ReadAction","target":["https:\/\/artesagrado.com.mx\/producto\/pulsera-7-chakras-y-flor-de-la-vida-en-plata-0-925-con-agata-blanca\/"]}]},{"@type":"ImageObject","inLanguage":"en-US","@id":"https:\/\/artesagrado.com.mx\/producto\/pulsera-7-chakras-y-flor-de-la-vida-en-plata-0-925-con-agata-blanca\/#primaryimage","url":"https:\/\/artesagrado.com.mx\/wp-content\/uploads\/2021\/08\/Pulsera-7-Chakras-y-Flor-de-la-Vida-en-Plata-0.925-con-Agata-Blanca_1.webp","contentUrl":"https:\/\/artesagrado.com.mx\/wp-content\/uploads\/2021\/08\/Pulsera-7-Chakras-y-Flor-de-la-Vida-en-Plata-0.925-con-Agata-Blanca_1.webp","width":1000,"height":1000},{"@type":"BreadcrumbList","@id":"https:\/\/artesagrado.com.mx\/producto\/pulsera-7-chakras-y-flor-de-la-vida-en-plata-0-925-con-agata-blanca\/#breadcrumb","itemListElement":[{"@type":"ListItem","position":1,"name":"Portada","item":"https:\/\/artesagrado.com.mx\/"},{"@type":"ListItem","position":2,"name":"Tienda","item":"https:\/\/artesagrado.com.mx\/tienda\/"},{"@type":"ListItem","position":3,"name":"Pulsera 7 Chakras y Flor de la Vida en Plata 0.925 con \u00c1gata Blanca"}]},{"@type":"WebSite","@id":"https:\/\/artesagrado.com.mx\/#website","url":"https:\/\/artesagrado.com.mx\/","name":"Arte Sagrado","description":"Empoderando tu ser","publisher":{"@id":"https:\/\/artesagrado.com.mx\/#organization"},"alternateName":"Arte Sagrado M\u00e9xico","potentialAction":[{"@type":"SearchAction","target":{"@type":"EntryPoint","urlTemplate":"https:\/\/artesagrado.com.mx\/?s={search_term_string}"},"query-input":{"@type":"PropertyValueSpecification","valueRequired":true,"valueName":"search_term_string"}}],"inLanguage":"en-US"},{"@type":"Organization","@id":"https:\/\/artesagrado.com.mx\/#organization","name":"Arte Sagrado","alternateName":"Arte Sagrado M\u00e9xico","url":"https:\/\/artesagrado.com.mx\/","logo":{"@type":"ImageObject","inLanguage":"en-US","@id":"https:\/\/artesagrado.com.mx\/#\/schema\/logo\/image\/","url":"https:\/\/artesagrado.com.mx\/wp-content\/uploads\/2024\/07\/portada_cuadrada_base_arte-sagrado.webp","contentUrl":"https:\/\/artesagrado.com.mx\/wp-content\/uploads\/2024\/07\/portada_cuadrada_base_arte-sagrado.webp","width":1000,"height":1000,"caption":"Arte Sagrado"},"image":{"@id":"https:\/\/artesagrado.com.mx\/#\/schema\/logo\/image\/"},"sameAs":["https:\/\/www.facebook.com\/ArteSagradoMexico","https:\/\/www.instagram.com\/arte_sagrado_oficial\/","https:\/\/www.tiktok.com\/@arte_sagrado_oficial"],"description":"Arte Sagrado\u00ae es un proyecto pensado, sentido y accionado al servicio de la humanidad y la conciencia. Nacemos en tiempos precisos donde la luz y el recuerdo de nuestra grandeza, empiezan a resplandecer; es por eso que nuestro proyecto se enfoca y especializa en contribuir con informaci\u00f3n y conocimiento de los arquetipos originales y el lenguaje de la geometr\u00eda sagrada.","publishingPrinciples":"https:\/\/artesagrado.com.mx\/conoce-a-arte-sagrado\/"}]},"og_availability":"instock","product_availability":"instock","product_condition":"new"},"jetpack_sharing_enabled":true,"_links":{"self":[{"href":"https:\/\/artesagrado.com.mx\/en\/wp-json\/wp\/v2\/product\/19719","targetHints":{"allow":["GET"]}}],"collection":[{"href":"https:\/\/artesagrado.com.mx\/en\/wp-json\/wp\/v2\/product"}],"about":[{"href":"https:\/\/artesagrado.com.mx\/en\/wp-json\/wp\/v2\/types\/product"}],"replies":[{"embeddable":true,"href":"https:\/\/artesagrado.com.mx\/en\/wp-json\/wp\/v2\/comments?post=19719"}],"wp:featuredmedia":[{"embeddable":true,"href":"https:\/\/artesagrado.com.mx\/en\/wp-json\/wp\/v2\/media\/41206"}],"wp:attachment":[{"href":"https:\/\/artesagrado.com.mx\/en\/wp-json\/wp\/v2\/media?parent=19719"}],"wp:term":[{"taxonomy":"astrologia","embeddable":true,"href":"https:\/\/artesagrado.com.mx\/en\/wp-json\/wp\/v2\/astrologia?post=19719"},{"taxonomy":"coleccion","embeddable":true,"href":"https:\/\/artesagrado.com.mx\/en\/wp-json\/wp\/v2\/coleccion?post=19719"},{"taxonomy":"joyeria","embeddable":true,"href":"https:\/\/artesagrado.com.mx\/en\/wp-json\/wp\/v2\/joyeria?post=19719"},{"taxonomy":"linea","embeddable":true,"href":"https:\/\/artesagrado.com.mx\/en\/wp-json\/wp\/v2\/linea?post=19719"},{"taxonomy":"material","embeddable":true,"href":"https:\/\/artesagrado.com.mx\/en\/wp-json\/wp\/v2\/material?post=19719"},{"taxonomy":"orgonita","embeddable":true,"href":"https:\/\/artesagrado.com.mx\/en\/wp-json\/wp\/v2\/orgonita?post=19719"},{"taxonomy":"piedra","embeddable":true,"href":"https:\/\/artesagrado.com.mx\/en\/wp-json\/wp\/v2\/piedra?post=19719"},{"taxonomy":"proposito","embeddable":true,"href":"https:\/\/artesagrado.com.mx\/en\/wp-json\/wp\/v2\/proposito?post=19719"},{"taxonomy":"simbolo","embeddable":true,"href":"https:\/\/artesagrado.com.mx\/en\/wp-json\/wp\/v2\/simbolo?post=19719"},{"taxonomy":"tamano","embeddable":true,"href":"https:\/\/artesagrado.com.mx\/en\/wp-json\/wp\/v2\/tamano?post=19719"},{"taxonomy":"visibilidad-producto-nuevo","embeddable":true,"href":"https:\/\/artesagrado.com.mx\/en\/wp-json\/wp\/v2\/visibilidad-producto-nuevo?post=19719"},{"taxonomy":"product_brand","embeddable":true,"href":"https:\/\/artesagrado.com.mx\/en\/wp-json\/wp\/v2\/product_brand?post=19719"},{"taxonomy":"product_cat","embeddable":true,"href":"https:\/\/artesagrado.com.mx\/en\/wp-json\/wp\/v2\/product_cat?post=19719"},{"taxonomy":"product_tag","embeddable":true,"href":"https:\/\/artesagrado.com.mx\/en\/wp-json\/wp\/v2\/product_tag?post=19719"}],"curies":[{"name":"wp","href":"https:\/\/api.w.org\/{rel}","templated":true}]}}