{"id":21905,"date":"2024-07-19T01:43:13","date_gmt":"2024-07-19T07:43:13","guid":{"rendered":"https:\/\/artesagrado.com.mx\/?post_type=product&#038;p=21905"},"modified":"2026-01-22T16:37:29","modified_gmt":"2026-01-22T22:37:29","slug":"pulsera-mini-vector-en-equilibrio-en-plata-0-925-o-chapa-de-oro-8k-con-pirita-y-hematita","status":"publish","type":"product","link":"https:\/\/artesagrado.com.mx\/en\/product\/pulsera-mini-vector-en-equilibrio-en-plata-0-925-o-chapa-de-oro-8k-con-pirita-y-hematita\/","title":{"rendered":"Mini Vector in Equilibrium Bracelet in 0.925 Sterling Silver or 8K Gold Plated with Pyrite and Hematite"},"content":{"rendered":"<p><span>The <strong>Vector in Equilibrium<\/strong> is the masculine aspect and generating centre of the \"Flower of Life\". It has exactly 13 vertices; a central one, plus the outer ones that define the 12 directions in space (the 12 energetic archetypes).<\/span><\/p>\n<p><span>The Equilibrium Vector is the only geometry and possibility among all the possibilities that harbors a perfect balance of forces. It is the only configuration in which the length of the polyhedral edges is equal to the radial distance from its center of gravity to any vertex.<\/span><\/p>\n<p>&nbsp;<\/p>\n<p><span>The <strong>Pyrite<\/strong> is the quartz of abundance, power and prosperity. It strengthens and empowers masculine energy; it enhances productivity, order and structure.<\/span><\/p>\n<p><span>Helps to increase security and self-confidence, stops energetic leakage from the physical body and aura. Expands and structures mental functions.<\/span><\/p>\n<p><span>It strengthens the digestive system, neutralizes toxins, stimulates cell formation and repairs DNA.<\/span><\/p>\n<p>&nbsp;<\/p>\n<p><span>The <\/span><b>Hematite<\/b><span> is particularly effective in settling, protecting and harmonizing mind, body and spirit. It protects the soul and links it to the body during astral travel.\u00a0<\/span><\/p>\n<p><span>It has a powerful yang element, balances the meridians and dissolves negativity, preventing negative energies from entering the aura.\u00a0<\/span><\/p>\n<ul>\n<li><span>Psychologically it gives support to shy women, expands self-esteem and survival instinct. It boosts willpower, reliability and confidence.<\/span><\/li>\n<li><span>Mentally it stimulates concentration and focus, enhances memory and original thoughts.<\/span><\/li>\n<li><span>Physically, hematite has a powerful connection to the blood and is suggested for use at the base and top of the spine.<\/span><\/li>\n<\/ul>\n<p>It should not be used for long periods of time.<\/p>\n<p><span>The <\/span><b>Silver<\/b><span> is a bright white metal and is the best electrical conductor among metals.<\/span><\/p>\n<p>The shine of this metal symbolizes Moonlight, and as such, it is related to our deepest emotions and can store information about the inner world of the wearer.<\/p>\n<p>It is a powerful protector, as it distributes, neutralizes and eliminates negative energy from any source.<\/p>\n<p>It helps to enhance dreams making them more lucid, beneficial and productive.<\/p>\n<p><span>Being related to the moon and emotions, it stimulates clairvoyance and extrasensory perceptions and is the perfect ally to release negative emotions and tensions.<\/span><\/p>","protected":false},"excerpt":{"rendered":"<p><strong><span>Vector in Equilibrium, Pyrite, Hematite, Silver 0.925<\/span><\/strong><\/p>\n<p>&nbsp;<\/p>\n<ul>\n<li><span>4 mm. pyrite quartz and faceted hematite bracelet.<\/span><\/li>\n<li><span><span>Symbol Geometry Vector in Equilibrium.<\/span><\/span><\/li>\n<\/ul>","protected":false},"featured_media":42205,"comment_status":"open","ping_status":"closed","template":"","meta":{"_acf_changed":false,"site-sidebar-layout":"default","site-content-layout":"","ast-site-content-layout":"default","site-content-style":"default","site-sidebar-style":"default","ast-global-header-display":"","ast-banner-title-visibility":"","ast-main-header-display":"","ast-hfb-above-header-display":"","ast-hfb-below-header-display":"","ast-hfb-mobile-header-display":"","site-post-title":"","ast-breadcrumbs-content":"","ast-featured-img":"","footer-sml-layout":"","ast-disable-related-posts":"","theme-transparent-header-meta":"default","adv-header-id-meta":"","stick-header-meta":"","header-above-stick-meta":"","header-main-stick-meta":"","header-below-stick-meta":"","astra-migrate-meta-layouts":"set","ast-page-background-enabled":"default","ast-page-background-meta":{"desktop":{"background-color":"var(--ast-global-color-4)","background-image":"","background-repeat":"repeat","background-position":"center center","background-size":"auto","background-attachment":"scroll","background-type":"","background-media":"","overlay-type":"","overlay-color":"","overlay-opacity":"","overlay-gradient":""},"tablet":{"background-color":"","background-image":"","background-repeat":"repeat","background-position":"center center","background-size":"auto","background-attachment":"scroll","background-type":"","background-media":"","overlay-type":"","overlay-color":"","overlay-opacity":"","overlay-gradient":""},"mobile":{"background-color":"","background-image":"","background-repeat":"repeat","background-position":"center center","background-size":"auto","background-attachment":"scroll","background-type":"","background-media":"","overlay-type":"","overlay-color":"","overlay-opacity":"","overlay-gradient":""}},"ast-content-background-meta":{"desktop":{"background-color":"var(--ast-global-color-5)","background-image":"","background-repeat":"repeat","background-position":"center center","background-size":"auto","background-attachment":"scroll","background-type":"","background-media":"","overlay-type":"","overlay-color":"","overlay-opacity":"","overlay-gradient":""},"tablet":{"background-color":"var(--ast-global-color-5)","background-image":"","background-repeat":"repeat","background-position":"center center","background-size":"auto","background-attachment":"scroll","background-type":"","background-media":"","overlay-type":"","overlay-color":"","overlay-opacity":"","overlay-gradient":""},"mobile":{"background-color":"var(--ast-global-color-5)","background-image":"","background-repeat":"repeat","background-position":"center center","background-size":"auto","background-attachment":"scroll","background-type":"","background-media":"","overlay-type":"","overlay-color":"","overlay-opacity":"","overlay-gradient":""}},"_joinchat":[]},"astrologia":[],"coleccion":[],"joyeria":[1574,1583,1587,1588,1585],"linea":[],"material":[2231,2424,2227],"orgonita":[],"piedra":[884,900,901],"proposito":[685,941,691,936,740,715,1796],"simbolo":[856],"tamano":[2422],"visibilidad-producto-nuevo":[],"product_brand":[],"product_cat":[1618],"product_tag":[],"class_list":{"0":"post-21905","1":"product","2":"type-product","3":"status-publish","4":"has-post-thumbnail","6":"joyeria-coleccion-joyeria","7":"joyeria-pulseras","8":"joyeria-pulseras-de-chapa-de-oro","9":"joyeria-pulseras-de-cuarzo","10":"joyeria-pulseras-de-plata","11":"material-chapa-de-oro","12":"material-elastico","13":"material-plata","14":"piedra-hematita","15":"piedra-pirita","16":"piedra-plata","17":"proposito-abundancia","18":"proposito-amplitud-de-perspectiva","19":"proposito-equilibrio","20":"proposito-integracion-de-polaridades","21":"proposito-prosperidad","22":"proposito-toma-de-decisiones","23":"proposito-vitalidad","24":"simbolo-vector-en-equilibrio","25":"tamano-regular","26":"product_cat-joyeria","27":"pa_material-plata","28":"pa_material-chapa-de-oro-8k","29":"desktop-align-left","30":"tablet-align-left","31":"mobile-align-left","33":"first","34":"instock","35":"shipping-taxable","36":"purchasable","37":"product-type-variable","38":"has-default-attributes","39":"wvs-archive-product-wrapper"},"acf":[],"yoast_head":"<!-- This site is optimized with the Yoast SEO Premium plugin v24.9 (Yoast SEO v24.9) - https:\/\/yoast.com\/wordpress\/plugins\/seo\/ -->\n<title>Pulsera mini Vector en Equilibrio en Plata 0.925 o Chapa de Oro 8K con Pirita y Hematita &#8902; Arte Sagrado<\/title>\n<meta name=\"description\" content=\"Pulsera mini Vector en Equilibrio en Plata 0.925 o Chapa de Oro 8K con Pirita y Hematita. Energ\u00eda y protecci\u00f3n con elegancia.\" \/>\n<meta name=\"robots\" content=\"index, follow, max-snippet:-1, max-image-preview:large, max-video-preview:-1\" \/>\n<link rel=\"canonical\" href=\"https:\/\/artesagrado.com.mx\/en\/product\/pulsera-mini-vector-en-equilibrio-en-plata-0-925-o-chapa-de-oro-8k-con-pirita-y-hematita\/\" \/>\n<meta property=\"og:locale\" content=\"en_US\" \/>\n<meta property=\"og:type\" content=\"article\" \/>\n<meta property=\"og:title\" content=\"Pulsera mini Vector en Equilibrio en Plata 0.925 o Chapa de Oro 8K con Pirita y Hematita\" \/>\n<meta property=\"og:description\" content=\"Descubre la colecci\u00f3n de productos de Arte Sagrado M\u00e9xico: joyer\u00eda y dispositivos energ\u00e9ticos elaborados con geometr\u00eda sagrada y tecnolog\u00eda Org\u00f3n para equilibrar y armonizar tu vida.\" \/>\n<meta property=\"og:url\" content=\"https:\/\/artesagrado.com.mx\/en\/product\/pulsera-mini-vector-en-equilibrio-en-plata-0-925-o-chapa-de-oro-8k-con-pirita-y-hematita\/\" \/>\n<meta property=\"og:site_name\" content=\"Arte Sagrado\" \/>\n<meta property=\"article:publisher\" content=\"https:\/\/www.facebook.com\/ArteSagradoMexico\" \/>\n<meta property=\"article:modified_time\" content=\"2026-01-22T22:37:29+00:00\" \/>\n<meta property=\"og:image\" content=\"https:\/\/artesagrado.com.mx\/wp-content\/uploads\/2022\/03\/Pulsera-mini-Vector-en-Equilibrio-en-Plata-0.925-o-Chapa-de-Oro-8K-con-Pirita-y-Hematita_1.webp\" \/>\n\t<meta property=\"og:image:width\" content=\"1000\" \/>\n\t<meta property=\"og:image:height\" content=\"1000\" \/>\n\t<meta property=\"og:image:type\" content=\"image\/webp\" \/>\n<meta name=\"twitter:card\" content=\"summary_large_image\" \/>\n<meta name=\"twitter:label1\" content=\"Availability\" \/>\n\t<meta name=\"twitter:data1\" content=\"In stock\" \/>\n<script type=\"application\/ld+json\" class=\"yoast-schema-graph\">{\"@context\":\"https:\/\/schema.org\",\"@graph\":[{\"@type\":\"WebPage\",\"@id\":\"https:\/\/artesagrado.com.mx\/producto\/pulsera-mini-vector-en-equilibrio-en-plata-0-925-o-chapa-de-oro-8k-con-pirita-y-hematita\/\",\"url\":\"https:\/\/artesagrado.com.mx\/producto\/pulsera-mini-vector-en-equilibrio-en-plata-0-925-o-chapa-de-oro-8k-con-pirita-y-hematita\/\",\"name\":\"Pulsera mini Vector en Equilibrio en Plata 0.925 o Chapa de Oro 8K con Pirita y Hematita &#8902; Arte Sagrado\",\"isPartOf\":{\"@id\":\"https:\/\/artesagrado.com.mx\/#website\"},\"primaryImageOfPage\":{\"@id\":\"https:\/\/artesagrado.com.mx\/producto\/pulsera-mini-vector-en-equilibrio-en-plata-0-925-o-chapa-de-oro-8k-con-pirita-y-hematita\/#primaryimage\"},\"image\":{\"@id\":\"https:\/\/artesagrado.com.mx\/producto\/pulsera-mini-vector-en-equilibrio-en-plata-0-925-o-chapa-de-oro-8k-con-pirita-y-hematita\/#primaryimage\"},\"thumbnailUrl\":\"https:\/\/artesagrado.com.mx\/wp-content\/uploads\/2022\/03\/Pulsera-mini-Vector-en-Equilibrio-en-Plata-0.925-o-Chapa-de-Oro-8K-con-Pirita-y-Hematita_1.webp\",\"datePublished\":\"2024-07-19T07:43:13+00:00\",\"dateModified\":\"2026-01-22T22:37:29+00:00\",\"description\":\"Pulsera mini Vector en Equilibrio en Plata 0.925 o Chapa de Oro 8K con Pirita y Hematita. Energ\u00eda y protecci\u00f3n con elegancia.\",\"breadcrumb\":{\"@id\":\"https:\/\/artesagrado.com.mx\/producto\/pulsera-mini-vector-en-equilibrio-en-plata-0-925-o-chapa-de-oro-8k-con-pirita-y-hematita\/#breadcrumb\"},\"inLanguage\":\"en-US\",\"potentialAction\":[{\"@type\":\"ReadAction\",\"target\":[\"https:\/\/artesagrado.com.mx\/producto\/pulsera-mini-vector-en-equilibrio-en-plata-0-925-o-chapa-de-oro-8k-con-pirita-y-hematita\/\"]}]},{\"@type\":\"ImageObject\",\"inLanguage\":\"en-US\",\"@id\":\"https:\/\/artesagrado.com.mx\/producto\/pulsera-mini-vector-en-equilibrio-en-plata-0-925-o-chapa-de-oro-8k-con-pirita-y-hematita\/#primaryimage\",\"url\":\"https:\/\/artesagrado.com.mx\/wp-content\/uploads\/2022\/03\/Pulsera-mini-Vector-en-Equilibrio-en-Plata-0.925-o-Chapa-de-Oro-8K-con-Pirita-y-Hematita_1.webp\",\"contentUrl\":\"https:\/\/artesagrado.com.mx\/wp-content\/uploads\/2022\/03\/Pulsera-mini-Vector-en-Equilibrio-en-Plata-0.925-o-Chapa-de-Oro-8K-con-Pirita-y-Hematita_1.webp\",\"width\":1000,\"height\":1000},{\"@type\":\"BreadcrumbList\",\"@id\":\"https:\/\/artesagrado.com.mx\/producto\/pulsera-mini-vector-en-equilibrio-en-plata-0-925-o-chapa-de-oro-8k-con-pirita-y-hematita\/#breadcrumb\",\"itemListElement\":[{\"@type\":\"ListItem\",\"position\":1,\"name\":\"Portada\",\"item\":\"https:\/\/artesagrado.com.mx\/\"},{\"@type\":\"ListItem\",\"position\":2,\"name\":\"Tienda\",\"item\":\"https:\/\/artesagrado.com.mx\/tienda\/\"},{\"@type\":\"ListItem\",\"position\":3,\"name\":\"Pulsera mini Vector en Equilibrio en Plata 0.925 o Chapa de Oro 8K con Pirita y Hematita\"}]},{\"@type\":\"WebSite\",\"@id\":\"https:\/\/artesagrado.com.mx\/#website\",\"url\":\"https:\/\/artesagrado.com.mx\/\",\"name\":\"Arte Sagrado\",\"description\":\"Empoderando tu ser\",\"publisher\":{\"@id\":\"https:\/\/artesagrado.com.mx\/#organization\"},\"alternateName\":\"Arte Sagrado M\u00e9xico\",\"potentialAction\":[{\"@type\":\"SearchAction\",\"target\":{\"@type\":\"EntryPoint\",\"urlTemplate\":\"https:\/\/artesagrado.com.mx\/?s={search_term_string}\"},\"query-input\":{\"@type\":\"PropertyValueSpecification\",\"valueRequired\":true,\"valueName\":\"search_term_string\"}}],\"inLanguage\":\"en-US\"},{\"@type\":\"Organization\",\"@id\":\"https:\/\/artesagrado.com.mx\/#organization\",\"name\":\"Arte Sagrado\",\"alternateName\":\"Arte Sagrado M\u00e9xico\",\"url\":\"https:\/\/artesagrado.com.mx\/\",\"logo\":{\"@type\":\"ImageObject\",\"inLanguage\":\"en-US\",\"@id\":\"https:\/\/artesagrado.com.mx\/#\/schema\/logo\/image\/\",\"url\":\"https:\/\/artesagrado.com.mx\/wp-content\/uploads\/2024\/07\/portada_cuadrada_base_arte-sagrado.webp\",\"contentUrl\":\"https:\/\/artesagrado.com.mx\/wp-content\/uploads\/2024\/07\/portada_cuadrada_base_arte-sagrado.webp\",\"width\":1000,\"height\":1000,\"caption\":\"Arte Sagrado\"},\"image\":{\"@id\":\"https:\/\/artesagrado.com.mx\/#\/schema\/logo\/image\/\"},\"sameAs\":[\"https:\/\/www.facebook.com\/ArteSagradoMexico\",\"https:\/\/www.instagram.com\/arte_sagrado_oficial\/\",\"https:\/\/www.tiktok.com\/@arte_sagrado_oficial\"],\"description\":\"Arte Sagrado\u00ae es un proyecto pensado, sentido y accionado al servicio de la humanidad y la conciencia. Nacemos en tiempos precisos donde la luz y el recuerdo de nuestra grandeza, empiezan a resplandecer; es por eso que nuestro proyecto se enfoca y especializa en contribuir con informaci\u00f3n y conocimiento de los arquetipos originales y el lenguaje de la geometr\u00eda sagrada.\",\"publishingPrinciples\":\"https:\/\/artesagrado.com.mx\/conoce-a-arte-sagrado\/\"}]}<\/script>\n<meta property=\"og:availability\" content=\"instock\" \/>\n<meta property=\"product:availability\" content=\"instock\" \/>\n<meta property=\"product:condition\" content=\"new\" \/>\n<!-- \/ Yoast SEO Premium plugin. -->","yoast_head_json":{"title":"Pulsera mini Vector en Equilibrio en Plata 0.925 o Chapa de Oro 8K con Pirita y Hematita &#8902; Arte Sagrado","description":"Pulsera mini Vector en Equilibrio en Plata 0.925 o Chapa de Oro 8K con Pirita y Hematita. Energ\u00eda y protecci\u00f3n con elegancia.","robots":{"index":"index","follow":"follow","max-snippet":"max-snippet:-1","max-image-preview":"max-image-preview:large","max-video-preview":"max-video-preview:-1"},"canonical":"https:\/\/artesagrado.com.mx\/en\/product\/pulsera-mini-vector-en-equilibrio-en-plata-0-925-o-chapa-de-oro-8k-con-pirita-y-hematita\/","og_locale":"en_US","og_type":"article","og_title":"Pulsera mini Vector en Equilibrio en Plata 0.925 o Chapa de Oro 8K con Pirita y Hematita","og_description":"Descubre la colecci\u00f3n de productos de Arte Sagrado M\u00e9xico: joyer\u00eda y dispositivos energ\u00e9ticos elaborados con geometr\u00eda sagrada y tecnolog\u00eda Org\u00f3n para equilibrar y armonizar tu vida.","og_url":"https:\/\/artesagrado.com.mx\/en\/product\/pulsera-mini-vector-en-equilibrio-en-plata-0-925-o-chapa-de-oro-8k-con-pirita-y-hematita\/","og_site_name":"Arte Sagrado","article_publisher":"https:\/\/www.facebook.com\/ArteSagradoMexico","article_modified_time":"2026-01-22T22:37:29+00:00","og_image":[{"width":1000,"height":1000,"url":"https:\/\/artesagrado.com.mx\/wp-content\/uploads\/2022\/03\/Pulsera-mini-Vector-en-Equilibrio-en-Plata-0.925-o-Chapa-de-Oro-8K-con-Pirita-y-Hematita_1.webp","type":"image\/webp"}],"twitter_card":"summary_large_image","twitter_misc":{"Availability":"In stock"},"schema":{"@context":"https:\/\/schema.org","@graph":[{"@type":"WebPage","@id":"https:\/\/artesagrado.com.mx\/producto\/pulsera-mini-vector-en-equilibrio-en-plata-0-925-o-chapa-de-oro-8k-con-pirita-y-hematita\/","url":"https:\/\/artesagrado.com.mx\/producto\/pulsera-mini-vector-en-equilibrio-en-plata-0-925-o-chapa-de-oro-8k-con-pirita-y-hematita\/","name":"Pulsera mini Vector en Equilibrio en Plata 0.925 o Chapa de Oro 8K con Pirita y Hematita &#8902; Arte Sagrado","isPartOf":{"@id":"https:\/\/artesagrado.com.mx\/#website"},"primaryImageOfPage":{"@id":"https:\/\/artesagrado.com.mx\/producto\/pulsera-mini-vector-en-equilibrio-en-plata-0-925-o-chapa-de-oro-8k-con-pirita-y-hematita\/#primaryimage"},"image":{"@id":"https:\/\/artesagrado.com.mx\/producto\/pulsera-mini-vector-en-equilibrio-en-plata-0-925-o-chapa-de-oro-8k-con-pirita-y-hematita\/#primaryimage"},"thumbnailUrl":"https:\/\/artesagrado.com.mx\/wp-content\/uploads\/2022\/03\/Pulsera-mini-Vector-en-Equilibrio-en-Plata-0.925-o-Chapa-de-Oro-8K-con-Pirita-y-Hematita_1.webp","datePublished":"2024-07-19T07:43:13+00:00","dateModified":"2026-01-22T22:37:29+00:00","description":"Pulsera mini Vector en Equilibrio en Plata 0.925 o Chapa de Oro 8K con Pirita y Hematita. Energ\u00eda y protecci\u00f3n con elegancia.","breadcrumb":{"@id":"https:\/\/artesagrado.com.mx\/producto\/pulsera-mini-vector-en-equilibrio-en-plata-0-925-o-chapa-de-oro-8k-con-pirita-y-hematita\/#breadcrumb"},"inLanguage":"en-US","potentialAction":[{"@type":"ReadAction","target":["https:\/\/artesagrado.com.mx\/producto\/pulsera-mini-vector-en-equilibrio-en-plata-0-925-o-chapa-de-oro-8k-con-pirita-y-hematita\/"]}]},{"@type":"ImageObject","inLanguage":"en-US","@id":"https:\/\/artesagrado.com.mx\/producto\/pulsera-mini-vector-en-equilibrio-en-plata-0-925-o-chapa-de-oro-8k-con-pirita-y-hematita\/#primaryimage","url":"https:\/\/artesagrado.com.mx\/wp-content\/uploads\/2022\/03\/Pulsera-mini-Vector-en-Equilibrio-en-Plata-0.925-o-Chapa-de-Oro-8K-con-Pirita-y-Hematita_1.webp","contentUrl":"https:\/\/artesagrado.com.mx\/wp-content\/uploads\/2022\/03\/Pulsera-mini-Vector-en-Equilibrio-en-Plata-0.925-o-Chapa-de-Oro-8K-con-Pirita-y-Hematita_1.webp","width":1000,"height":1000},{"@type":"BreadcrumbList","@id":"https:\/\/artesagrado.com.mx\/producto\/pulsera-mini-vector-en-equilibrio-en-plata-0-925-o-chapa-de-oro-8k-con-pirita-y-hematita\/#breadcrumb","itemListElement":[{"@type":"ListItem","position":1,"name":"Portada","item":"https:\/\/artesagrado.com.mx\/"},{"@type":"ListItem","position":2,"name":"Tienda","item":"https:\/\/artesagrado.com.mx\/tienda\/"},{"@type":"ListItem","position":3,"name":"Pulsera mini Vector en Equilibrio en Plata 0.925 o Chapa de Oro 8K con Pirita y Hematita"}]},{"@type":"WebSite","@id":"https:\/\/artesagrado.com.mx\/#website","url":"https:\/\/artesagrado.com.mx\/","name":"Arte Sagrado","description":"Empoderando tu ser","publisher":{"@id":"https:\/\/artesagrado.com.mx\/#organization"},"alternateName":"Arte Sagrado M\u00e9xico","potentialAction":[{"@type":"SearchAction","target":{"@type":"EntryPoint","urlTemplate":"https:\/\/artesagrado.com.mx\/?s={search_term_string}"},"query-input":{"@type":"PropertyValueSpecification","valueRequired":true,"valueName":"search_term_string"}}],"inLanguage":"en-US"},{"@type":"Organization","@id":"https:\/\/artesagrado.com.mx\/#organization","name":"Arte Sagrado","alternateName":"Arte Sagrado M\u00e9xico","url":"https:\/\/artesagrado.com.mx\/","logo":{"@type":"ImageObject","inLanguage":"en-US","@id":"https:\/\/artesagrado.com.mx\/#\/schema\/logo\/image\/","url":"https:\/\/artesagrado.com.mx\/wp-content\/uploads\/2024\/07\/portada_cuadrada_base_arte-sagrado.webp","contentUrl":"https:\/\/artesagrado.com.mx\/wp-content\/uploads\/2024\/07\/portada_cuadrada_base_arte-sagrado.webp","width":1000,"height":1000,"caption":"Arte Sagrado"},"image":{"@id":"https:\/\/artesagrado.com.mx\/#\/schema\/logo\/image\/"},"sameAs":["https:\/\/www.facebook.com\/ArteSagradoMexico","https:\/\/www.instagram.com\/arte_sagrado_oficial\/","https:\/\/www.tiktok.com\/@arte_sagrado_oficial"],"description":"Arte Sagrado\u00ae es un proyecto pensado, sentido y accionado al servicio de la humanidad y la conciencia. Nacemos en tiempos precisos donde la luz y el recuerdo de nuestra grandeza, empiezan a resplandecer; es por eso que nuestro proyecto se enfoca y especializa en contribuir con informaci\u00f3n y conocimiento de los arquetipos originales y el lenguaje de la geometr\u00eda sagrada.","publishingPrinciples":"https:\/\/artesagrado.com.mx\/conoce-a-arte-sagrado\/"}]},"og_availability":"instock","product_availability":"instock","product_condition":"new"},"jetpack_sharing_enabled":true,"_links":{"self":[{"href":"https:\/\/artesagrado.com.mx\/en\/wp-json\/wp\/v2\/product\/21905","targetHints":{"allow":["GET"]}}],"collection":[{"href":"https:\/\/artesagrado.com.mx\/en\/wp-json\/wp\/v2\/product"}],"about":[{"href":"https:\/\/artesagrado.com.mx\/en\/wp-json\/wp\/v2\/types\/product"}],"replies":[{"embeddable":true,"href":"https:\/\/artesagrado.com.mx\/en\/wp-json\/wp\/v2\/comments?post=21905"}],"wp:featuredmedia":[{"embeddable":true,"href":"https:\/\/artesagrado.com.mx\/en\/wp-json\/wp\/v2\/media\/42205"}],"wp:attachment":[{"href":"https:\/\/artesagrado.com.mx\/en\/wp-json\/wp\/v2\/media?parent=21905"}],"wp:term":[{"taxonomy":"astrologia","embeddable":true,"href":"https:\/\/artesagrado.com.mx\/en\/wp-json\/wp\/v2\/astrologia?post=21905"},{"taxonomy":"coleccion","embeddable":true,"href":"https:\/\/artesagrado.com.mx\/en\/wp-json\/wp\/v2\/coleccion?post=21905"},{"taxonomy":"joyeria","embeddable":true,"href":"https:\/\/artesagrado.com.mx\/en\/wp-json\/wp\/v2\/joyeria?post=21905"},{"taxonomy":"linea","embeddable":true,"href":"https:\/\/artesagrado.com.mx\/en\/wp-json\/wp\/v2\/linea?post=21905"},{"taxonomy":"material","embeddable":true,"href":"https:\/\/artesagrado.com.mx\/en\/wp-json\/wp\/v2\/material?post=21905"},{"taxonomy":"orgonita","embeddable":true,"href":"https:\/\/artesagrado.com.mx\/en\/wp-json\/wp\/v2\/orgonita?post=21905"},{"taxonomy":"piedra","embeddable":true,"href":"https:\/\/artesagrado.com.mx\/en\/wp-json\/wp\/v2\/piedra?post=21905"},{"taxonomy":"proposito","embeddable":true,"href":"https:\/\/artesagrado.com.mx\/en\/wp-json\/wp\/v2\/proposito?post=21905"},{"taxonomy":"simbolo","embeddable":true,"href":"https:\/\/artesagrado.com.mx\/en\/wp-json\/wp\/v2\/simbolo?post=21905"},{"taxonomy":"tamano","embeddable":true,"href":"https:\/\/artesagrado.com.mx\/en\/wp-json\/wp\/v2\/tamano?post=21905"},{"taxonomy":"visibilidad-producto-nuevo","embeddable":true,"href":"https:\/\/artesagrado.com.mx\/en\/wp-json\/wp\/v2\/visibilidad-producto-nuevo?post=21905"},{"taxonomy":"product_brand","embeddable":true,"href":"https:\/\/artesagrado.com.mx\/en\/wp-json\/wp\/v2\/product_brand?post=21905"},{"taxonomy":"product_cat","embeddable":true,"href":"https:\/\/artesagrado.com.mx\/en\/wp-json\/wp\/v2\/product_cat?post=21905"},{"taxonomy":"product_tag","embeddable":true,"href":"https:\/\/artesagrado.com.mx\/en\/wp-json\/wp\/v2\/product_tag?post=21905"}],"curies":[{"name":"wp","href":"https:\/\/api.w.org\/{rel}","templated":true}]}}