{"id":22530,"date":"2023-12-20T15:07:40","date_gmt":"2023-12-20T21:07:40","guid":{"rendered":"https:\/\/artesagrado.net\/?post_type=product&#038;p=22530"},"modified":"2026-03-03T07:47:13","modified_gmt":"2026-03-03T13:47:13","slug":"pulsera-hilo-rojo-con-vector-en-equilibrio-en-chapa-de-oro-de-18k-o-plata-0-925","status":"publish","type":"product","link":"https:\/\/artesagrado.com.mx\/en\/product\/pulsera-hilo-rojo-con-vector-en-equilibrio-en-chapa-de-oro-de-18k-o-plata-0-925\/","title":{"rendered":"Red thread bracelet with Vector in Equilibrium in 18k Gold Plated or 0.925 Sterling Silver"},"content":{"rendered":"<p><span>The <b>Vector in Equilibrium <\/b>is the masculine aspect and generating centre of the \"Flower of Life\". It has exactly 13 vertices; a central one, plus the outer ones that define the 12 directions in space (the 12 energetic archetypes).<\/span><\/p>\n<p><span>The Equilibrium Vector is the only geometry and possibility among all the possibilities that harbors a perfect balance of forces. It is the only configuration in which the length of the polyhedral edges is equal to the radial distance from its center of gravity to any vertex.<\/span><\/p>\n<p>&nbsp;<\/p>\n<p><span>The <\/span><b>Silver<\/b><span> is a bright white metal and is the best electrical conductor among metals.<\/span><\/p>\n<p><span>The shine of this metal symbolizes Moonlight, and as such, it is related to our deepest emotions and can store information about the inner world of the wearer.<\/span><\/p>\n<p><span>It is a powerful protector, as it distributes, neutralizes and eliminates negative energy from any source.<\/span><\/p>\n<p><span>It helps to enhance dreams making them more lucid, beneficial and productive.<\/span><\/p>\n<p><span>Being related to the moon and emotions, it stimulates clairvoyance and extrasensory perceptions and is the perfect ally to release negative emotions and tensions.<\/span><\/p>","protected":false},"excerpt":{"rendered":"<p><strong>Vector in Equilibrium, 0.925 Silver, 18k Gold Plated<\/strong><\/p>\n<p>Recommended for use in the left hand<\/p>\n<ul>\n<li>Symbol Vector in Equilibrium of 1 cm diameter in 0.925 silver or 18k gold plate.<\/li>\n<li>Woven - Adjustable<\/li>\n<\/ul>","protected":false},"featured_media":39170,"comment_status":"open","ping_status":"closed","template":"","meta":{"_acf_changed":false,"site-sidebar-layout":"default","site-content-layout":"","ast-site-content-layout":"default","site-content-style":"default","site-sidebar-style":"default","ast-global-header-display":"","ast-banner-title-visibility":"","ast-main-header-display":"","ast-hfb-above-header-display":"","ast-hfb-below-header-display":"","ast-hfb-mobile-header-display":"","site-post-title":"","ast-breadcrumbs-content":"","ast-featured-img":"","footer-sml-layout":"","ast-disable-related-posts":"","theme-transparent-header-meta":"default","adv-header-id-meta":"","stick-header-meta":"","header-above-stick-meta":"","header-main-stick-meta":"","header-below-stick-meta":"","astra-migrate-meta-layouts":"set","ast-page-background-enabled":"default","ast-page-background-meta":{"desktop":{"background-color":"var(--ast-global-color-4)","background-image":"","background-repeat":"repeat","background-position":"center center","background-size":"auto","background-attachment":"scroll","background-type":"","background-media":"","overlay-type":"","overlay-color":"","overlay-opacity":"","overlay-gradient":""},"tablet":{"background-color":"","background-image":"","background-repeat":"repeat","background-position":"center center","background-size":"auto","background-attachment":"scroll","background-type":"","background-media":"","overlay-type":"","overlay-color":"","overlay-opacity":"","overlay-gradient":""},"mobile":{"background-color":"","background-image":"","background-repeat":"repeat","background-position":"center center","background-size":"auto","background-attachment":"scroll","background-type":"","background-media":"","overlay-type":"","overlay-color":"","overlay-opacity":"","overlay-gradient":""}},"ast-content-background-meta":{"desktop":{"background-color":"var(--ast-global-color-5)","background-image":"","background-repeat":"repeat","background-position":"center center","background-size":"auto","background-attachment":"scroll","background-type":"","background-media":"","overlay-type":"","overlay-color":"","overlay-opacity":"","overlay-gradient":""},"tablet":{"background-color":"var(--ast-global-color-5)","background-image":"","background-repeat":"repeat","background-position":"center center","background-size":"auto","background-attachment":"scroll","background-type":"","background-media":"","overlay-type":"","overlay-color":"","overlay-opacity":"","overlay-gradient":""},"mobile":{"background-color":"var(--ast-global-color-5)","background-image":"","background-repeat":"repeat","background-position":"center center","background-size":"auto","background-attachment":"scroll","background-type":"","background-media":"","overlay-type":"","overlay-color":"","overlay-opacity":"","overlay-gradient":""}},"_joinchat":[]},"astrologia":[],"coleccion":[],"joyeria":[1574,1583,1586],"linea":[],"material":[2231,2227,2226],"orgonita":[],"piedra":[901],"proposito":[686,806,807],"simbolo":[856],"tamano":[810],"visibilidad-producto-nuevo":[],"product_brand":[],"product_cat":[1618],"product_tag":[],"class_list":{"0":"post-22530","1":"product","2":"type-product","3":"status-publish","4":"has-post-thumbnail","6":"joyeria-coleccion-joyeria","7":"joyeria-pulseras","8":"joyeria-pulseras-tejidas","9":"material-chapa-de-oro","10":"material-plata","11":"material-tela","12":"piedra-plata","13":"proposito-alta-proteccion","14":"proposito-estimula-la-clarividencia","15":"proposito-libera-emociones-negativas","16":"simbolo-vector-en-equilibrio","17":"tamano-mediano","18":"product_cat-joyeria","19":"desktop-align-left","20":"tablet-align-left","21":"mobile-align-left","23":"first","24":"instock","25":"purchasable","26":"product-type-variable","27":"has-default-attributes","28":"wvs-archive-product-wrapper"},"acf":[],"yoast_head":"<!-- This site is optimized with the Yoast SEO Premium plugin v24.9 (Yoast SEO v24.9) - https:\/\/yoast.com\/wordpress\/plugins\/seo\/ -->\n<title>Pulsera hilo rojo con Vector en Equilibrio en Chapa de Oro de 18k o Plata 0.925 &#8902; Arte Sagrado<\/title>\n<meta name=\"description\" content=\"Pulsera Flor de la Vida en Plata 0.925 con Rodonita. Tama\u00f1o chica de 16 cm. Energ\u00eda y protecci\u00f3n con elegancia.\" \/>\n<meta name=\"robots\" content=\"index, follow, max-snippet:-1, max-image-preview:large, max-video-preview:-1\" \/>\n<link rel=\"canonical\" href=\"https:\/\/artesagrado.com.mx\/en\/product\/pulsera-hilo-rojo-con-vector-en-equilibrio-en-chapa-de-oro-de-18k-o-plata-0-925\/\" \/>\n<meta property=\"og:locale\" content=\"en_US\" \/>\n<meta property=\"og:type\" content=\"article\" \/>\n<meta property=\"og:title\" content=\"Pulsera hilo rojo con Vector en Equilibrio en Chapa de Oro de 18k o Plata 0.925\" \/>\n<meta property=\"og:description\" content=\"Descubre la colecci\u00f3n de productos de Arte Sagrado M\u00e9xico: joyer\u00eda y dispositivos energ\u00e9ticos elaborados con geometr\u00eda sagrada y tecnolog\u00eda Org\u00f3n para equilibrar y armonizar tu vida.\" \/>\n<meta property=\"og:url\" content=\"https:\/\/artesagrado.com.mx\/en\/product\/pulsera-hilo-rojo-con-vector-en-equilibrio-en-chapa-de-oro-de-18k-o-plata-0-925\/\" \/>\n<meta property=\"og:site_name\" content=\"Arte Sagrado\" \/>\n<meta property=\"article:publisher\" content=\"https:\/\/www.facebook.com\/ArteSagradoMexico\" \/>\n<meta property=\"article:modified_time\" content=\"2026-03-03T13:47:13+00:00\" \/>\n<meta property=\"og:image\" content=\"https:\/\/artesagrado.com.mx\/wp-content\/uploads\/2024\/05\/Pulsera-hilo-rojo-con-Vector-en-Equilibrio-en-Chapa-de-Oro-de-18k-o-plata-0.925_2.webp\" \/>\n\t<meta property=\"og:image:width\" content=\"1000\" \/>\n\t<meta property=\"og:image:height\" content=\"1000\" \/>\n\t<meta property=\"og:image:type\" content=\"image\/webp\" \/>\n<meta name=\"twitter:card\" content=\"summary_large_image\" \/>\n<meta name=\"twitter:label1\" content=\"Availability\" \/>\n\t<meta name=\"twitter:data1\" content=\"In stock\" \/>\n<script type=\"application\/ld+json\" class=\"yoast-schema-graph\">{\"@context\":\"https:\/\/schema.org\",\"@graph\":[{\"@type\":\"WebPage\",\"@id\":\"https:\/\/artesagrado.com.mx\/producto\/pulsera-hilo-rojo-con-vector-en-equilibrio-en-chapa-de-oro-de-18k-o-plata-0-925\/\",\"url\":\"https:\/\/artesagrado.com.mx\/producto\/pulsera-hilo-rojo-con-vector-en-equilibrio-en-chapa-de-oro-de-18k-o-plata-0-925\/\",\"name\":\"Pulsera hilo rojo con Vector en Equilibrio en Chapa de Oro de 18k o Plata 0.925 &#8902; Arte Sagrado\",\"isPartOf\":{\"@id\":\"https:\/\/artesagrado.com.mx\/#website\"},\"primaryImageOfPage\":{\"@id\":\"https:\/\/artesagrado.com.mx\/producto\/pulsera-hilo-rojo-con-vector-en-equilibrio-en-chapa-de-oro-de-18k-o-plata-0-925\/#primaryimage\"},\"image\":{\"@id\":\"https:\/\/artesagrado.com.mx\/producto\/pulsera-hilo-rojo-con-vector-en-equilibrio-en-chapa-de-oro-de-18k-o-plata-0-925\/#primaryimage\"},\"thumbnailUrl\":\"https:\/\/artesagrado.com.mx\/wp-content\/uploads\/2024\/05\/Pulsera-hilo-rojo-con-Vector-en-Equilibrio-en-Chapa-de-Oro-de-18k-o-plata-0.925_2.webp\",\"datePublished\":\"2023-12-20T21:07:40+00:00\",\"dateModified\":\"2026-03-03T13:47:13+00:00\",\"description\":\"Pulsera Flor de la Vida en Plata 0.925 con Rodonita. Tama\u00f1o chica de 16 cm. Energ\u00eda y protecci\u00f3n con elegancia.\",\"breadcrumb\":{\"@id\":\"https:\/\/artesagrado.com.mx\/producto\/pulsera-hilo-rojo-con-vector-en-equilibrio-en-chapa-de-oro-de-18k-o-plata-0-925\/#breadcrumb\"},\"inLanguage\":\"en-US\",\"potentialAction\":[{\"@type\":\"ReadAction\",\"target\":[\"https:\/\/artesagrado.com.mx\/producto\/pulsera-hilo-rojo-con-vector-en-equilibrio-en-chapa-de-oro-de-18k-o-plata-0-925\/\"]}]},{\"@type\":\"ImageObject\",\"inLanguage\":\"en-US\",\"@id\":\"https:\/\/artesagrado.com.mx\/producto\/pulsera-hilo-rojo-con-vector-en-equilibrio-en-chapa-de-oro-de-18k-o-plata-0-925\/#primaryimage\",\"url\":\"https:\/\/artesagrado.com.mx\/wp-content\/uploads\/2024\/05\/Pulsera-hilo-rojo-con-Vector-en-Equilibrio-en-Chapa-de-Oro-de-18k-o-plata-0.925_2.webp\",\"contentUrl\":\"https:\/\/artesagrado.com.mx\/wp-content\/uploads\/2024\/05\/Pulsera-hilo-rojo-con-Vector-en-Equilibrio-en-Chapa-de-Oro-de-18k-o-plata-0.925_2.webp\",\"width\":1000,\"height\":1000,\"caption\":\"Pulsera hilo rojo con Vector en Equilibrio en Chapa de Oro de 18k o plata 0.925 por Arte Sagrado\"},{\"@type\":\"BreadcrumbList\",\"@id\":\"https:\/\/artesagrado.com.mx\/producto\/pulsera-hilo-rojo-con-vector-en-equilibrio-en-chapa-de-oro-de-18k-o-plata-0-925\/#breadcrumb\",\"itemListElement\":[{\"@type\":\"ListItem\",\"position\":1,\"name\":\"Portada\",\"item\":\"https:\/\/artesagrado.com.mx\/\"},{\"@type\":\"ListItem\",\"position\":2,\"name\":\"Tienda\",\"item\":\"https:\/\/artesagrado.com.mx\/tienda\/\"},{\"@type\":\"ListItem\",\"position\":3,\"name\":\"Pulsera hilo rojo con Vector en Equilibrio en Chapa de Oro de 18k o Plata 0.925\"}]},{\"@type\":\"WebSite\",\"@id\":\"https:\/\/artesagrado.com.mx\/#website\",\"url\":\"https:\/\/artesagrado.com.mx\/\",\"name\":\"Arte Sagrado\",\"description\":\"Empoderando tu ser\",\"publisher\":{\"@id\":\"https:\/\/artesagrado.com.mx\/#organization\"},\"alternateName\":\"Arte Sagrado M\u00e9xico\",\"potentialAction\":[{\"@type\":\"SearchAction\",\"target\":{\"@type\":\"EntryPoint\",\"urlTemplate\":\"https:\/\/artesagrado.com.mx\/?s={search_term_string}\"},\"query-input\":{\"@type\":\"PropertyValueSpecification\",\"valueRequired\":true,\"valueName\":\"search_term_string\"}}],\"inLanguage\":\"en-US\"},{\"@type\":\"Organization\",\"@id\":\"https:\/\/artesagrado.com.mx\/#organization\",\"name\":\"Arte Sagrado\",\"alternateName\":\"Arte Sagrado M\u00e9xico\",\"url\":\"https:\/\/artesagrado.com.mx\/\",\"logo\":{\"@type\":\"ImageObject\",\"inLanguage\":\"en-US\",\"@id\":\"https:\/\/artesagrado.com.mx\/#\/schema\/logo\/image\/\",\"url\":\"https:\/\/artesagrado.com.mx\/wp-content\/uploads\/2024\/07\/portada_cuadrada_base_arte-sagrado.webp\",\"contentUrl\":\"https:\/\/artesagrado.com.mx\/wp-content\/uploads\/2024\/07\/portada_cuadrada_base_arte-sagrado.webp\",\"width\":1000,\"height\":1000,\"caption\":\"Arte Sagrado\"},\"image\":{\"@id\":\"https:\/\/artesagrado.com.mx\/#\/schema\/logo\/image\/\"},\"sameAs\":[\"https:\/\/www.facebook.com\/ArteSagradoMexico\",\"https:\/\/www.instagram.com\/arte_sagrado_oficial\/\",\"https:\/\/www.tiktok.com\/@arte_sagrado_oficial\"],\"description\":\"Arte Sagrado\u00ae es un proyecto pensado, sentido y accionado al servicio de la humanidad y la conciencia. Nacemos en tiempos precisos donde la luz y el recuerdo de nuestra grandeza, empiezan a resplandecer; es por eso que nuestro proyecto se enfoca y especializa en contribuir con informaci\u00f3n y conocimiento de los arquetipos originales y el lenguaje de la geometr\u00eda sagrada.\",\"publishingPrinciples\":\"https:\/\/artesagrado.com.mx\/conoce-a-arte-sagrado\/\"}]}<\/script>\n<meta property=\"og:availability\" content=\"instock\" \/>\n<meta property=\"product:availability\" content=\"instock\" \/>\n<meta property=\"product:retailer_item_id\" content=\"bd75240bfe62\" \/>\n<meta property=\"product:condition\" content=\"new\" \/>\n<!-- \/ Yoast SEO Premium plugin. -->","yoast_head_json":{"title":"Pulsera hilo rojo con Vector en Equilibrio en Chapa de Oro de 18k o Plata 0.925 &#8902; Arte Sagrado","description":"Pulsera Flor de la Vida en Plata 0.925 con Rodonita. Tama\u00f1o chica de 16 cm. Energ\u00eda y protecci\u00f3n con elegancia.","robots":{"index":"index","follow":"follow","max-snippet":"max-snippet:-1","max-image-preview":"max-image-preview:large","max-video-preview":"max-video-preview:-1"},"canonical":"https:\/\/artesagrado.com.mx\/en\/product\/pulsera-hilo-rojo-con-vector-en-equilibrio-en-chapa-de-oro-de-18k-o-plata-0-925\/","og_locale":"en_US","og_type":"article","og_title":"Pulsera hilo rojo con Vector en Equilibrio en Chapa de Oro de 18k o Plata 0.925","og_description":"Descubre la colecci\u00f3n de productos de Arte Sagrado M\u00e9xico: joyer\u00eda y dispositivos energ\u00e9ticos elaborados con geometr\u00eda sagrada y tecnolog\u00eda Org\u00f3n para equilibrar y armonizar tu vida.","og_url":"https:\/\/artesagrado.com.mx\/en\/product\/pulsera-hilo-rojo-con-vector-en-equilibrio-en-chapa-de-oro-de-18k-o-plata-0-925\/","og_site_name":"Arte Sagrado","article_publisher":"https:\/\/www.facebook.com\/ArteSagradoMexico","article_modified_time":"2026-03-03T13:47:13+00:00","og_image":[{"width":1000,"height":1000,"url":"https:\/\/artesagrado.com.mx\/wp-content\/uploads\/2024\/05\/Pulsera-hilo-rojo-con-Vector-en-Equilibrio-en-Chapa-de-Oro-de-18k-o-plata-0.925_2.webp","type":"image\/webp"}],"twitter_card":"summary_large_image","twitter_misc":{"Availability":"In stock"},"schema":{"@context":"https:\/\/schema.org","@graph":[{"@type":"WebPage","@id":"https:\/\/artesagrado.com.mx\/producto\/pulsera-hilo-rojo-con-vector-en-equilibrio-en-chapa-de-oro-de-18k-o-plata-0-925\/","url":"https:\/\/artesagrado.com.mx\/producto\/pulsera-hilo-rojo-con-vector-en-equilibrio-en-chapa-de-oro-de-18k-o-plata-0-925\/","name":"Pulsera hilo rojo con Vector en Equilibrio en Chapa de Oro de 18k o Plata 0.925 &#8902; Arte Sagrado","isPartOf":{"@id":"https:\/\/artesagrado.com.mx\/#website"},"primaryImageOfPage":{"@id":"https:\/\/artesagrado.com.mx\/producto\/pulsera-hilo-rojo-con-vector-en-equilibrio-en-chapa-de-oro-de-18k-o-plata-0-925\/#primaryimage"},"image":{"@id":"https:\/\/artesagrado.com.mx\/producto\/pulsera-hilo-rojo-con-vector-en-equilibrio-en-chapa-de-oro-de-18k-o-plata-0-925\/#primaryimage"},"thumbnailUrl":"https:\/\/artesagrado.com.mx\/wp-content\/uploads\/2024\/05\/Pulsera-hilo-rojo-con-Vector-en-Equilibrio-en-Chapa-de-Oro-de-18k-o-plata-0.925_2.webp","datePublished":"2023-12-20T21:07:40+00:00","dateModified":"2026-03-03T13:47:13+00:00","description":"Pulsera Flor de la Vida en Plata 0.925 con Rodonita. Tama\u00f1o chica de 16 cm. Energ\u00eda y protecci\u00f3n con elegancia.","breadcrumb":{"@id":"https:\/\/artesagrado.com.mx\/producto\/pulsera-hilo-rojo-con-vector-en-equilibrio-en-chapa-de-oro-de-18k-o-plata-0-925\/#breadcrumb"},"inLanguage":"en-US","potentialAction":[{"@type":"ReadAction","target":["https:\/\/artesagrado.com.mx\/producto\/pulsera-hilo-rojo-con-vector-en-equilibrio-en-chapa-de-oro-de-18k-o-plata-0-925\/"]}]},{"@type":"ImageObject","inLanguage":"en-US","@id":"https:\/\/artesagrado.com.mx\/producto\/pulsera-hilo-rojo-con-vector-en-equilibrio-en-chapa-de-oro-de-18k-o-plata-0-925\/#primaryimage","url":"https:\/\/artesagrado.com.mx\/wp-content\/uploads\/2024\/05\/Pulsera-hilo-rojo-con-Vector-en-Equilibrio-en-Chapa-de-Oro-de-18k-o-plata-0.925_2.webp","contentUrl":"https:\/\/artesagrado.com.mx\/wp-content\/uploads\/2024\/05\/Pulsera-hilo-rojo-con-Vector-en-Equilibrio-en-Chapa-de-Oro-de-18k-o-plata-0.925_2.webp","width":1000,"height":1000,"caption":"Pulsera hilo rojo con Vector en Equilibrio en Chapa de Oro de 18k o plata 0.925 por Arte Sagrado"},{"@type":"BreadcrumbList","@id":"https:\/\/artesagrado.com.mx\/producto\/pulsera-hilo-rojo-con-vector-en-equilibrio-en-chapa-de-oro-de-18k-o-plata-0-925\/#breadcrumb","itemListElement":[{"@type":"ListItem","position":1,"name":"Portada","item":"https:\/\/artesagrado.com.mx\/"},{"@type":"ListItem","position":2,"name":"Tienda","item":"https:\/\/artesagrado.com.mx\/tienda\/"},{"@type":"ListItem","position":3,"name":"Pulsera hilo rojo con Vector en Equilibrio en Chapa de Oro de 18k o Plata 0.925"}]},{"@type":"WebSite","@id":"https:\/\/artesagrado.com.mx\/#website","url":"https:\/\/artesagrado.com.mx\/","name":"Arte Sagrado","description":"Empoderando tu ser","publisher":{"@id":"https:\/\/artesagrado.com.mx\/#organization"},"alternateName":"Arte Sagrado M\u00e9xico","potentialAction":[{"@type":"SearchAction","target":{"@type":"EntryPoint","urlTemplate":"https:\/\/artesagrado.com.mx\/?s={search_term_string}"},"query-input":{"@type":"PropertyValueSpecification","valueRequired":true,"valueName":"search_term_string"}}],"inLanguage":"en-US"},{"@type":"Organization","@id":"https:\/\/artesagrado.com.mx\/#organization","name":"Arte Sagrado","alternateName":"Arte Sagrado M\u00e9xico","url":"https:\/\/artesagrado.com.mx\/","logo":{"@type":"ImageObject","inLanguage":"en-US","@id":"https:\/\/artesagrado.com.mx\/#\/schema\/logo\/image\/","url":"https:\/\/artesagrado.com.mx\/wp-content\/uploads\/2024\/07\/portada_cuadrada_base_arte-sagrado.webp","contentUrl":"https:\/\/artesagrado.com.mx\/wp-content\/uploads\/2024\/07\/portada_cuadrada_base_arte-sagrado.webp","width":1000,"height":1000,"caption":"Arte Sagrado"},"image":{"@id":"https:\/\/artesagrado.com.mx\/#\/schema\/logo\/image\/"},"sameAs":["https:\/\/www.facebook.com\/ArteSagradoMexico","https:\/\/www.instagram.com\/arte_sagrado_oficial\/","https:\/\/www.tiktok.com\/@arte_sagrado_oficial"],"description":"Arte Sagrado\u00ae es un proyecto pensado, sentido y accionado al servicio de la humanidad y la conciencia. Nacemos en tiempos precisos donde la luz y el recuerdo de nuestra grandeza, empiezan a resplandecer; es por eso que nuestro proyecto se enfoca y especializa en contribuir con informaci\u00f3n y conocimiento de los arquetipos originales y el lenguaje de la geometr\u00eda sagrada.","publishingPrinciples":"https:\/\/artesagrado.com.mx\/conoce-a-arte-sagrado\/"}]},"og_availability":"instock","product_availability":"instock","product_retailer_item_id":"bd75240bfe62","product_condition":"new"},"jetpack_sharing_enabled":true,"_links":{"self":[{"href":"https:\/\/artesagrado.com.mx\/en\/wp-json\/wp\/v2\/product\/22530","targetHints":{"allow":["GET"]}}],"collection":[{"href":"https:\/\/artesagrado.com.mx\/en\/wp-json\/wp\/v2\/product"}],"about":[{"href":"https:\/\/artesagrado.com.mx\/en\/wp-json\/wp\/v2\/types\/product"}],"replies":[{"embeddable":true,"href":"https:\/\/artesagrado.com.mx\/en\/wp-json\/wp\/v2\/comments?post=22530"}],"wp:featuredmedia":[{"embeddable":true,"href":"https:\/\/artesagrado.com.mx\/en\/wp-json\/wp\/v2\/media\/39170"}],"wp:attachment":[{"href":"https:\/\/artesagrado.com.mx\/en\/wp-json\/wp\/v2\/media?parent=22530"}],"wp:term":[{"taxonomy":"astrologia","embeddable":true,"href":"https:\/\/artesagrado.com.mx\/en\/wp-json\/wp\/v2\/astrologia?post=22530"},{"taxonomy":"coleccion","embeddable":true,"href":"https:\/\/artesagrado.com.mx\/en\/wp-json\/wp\/v2\/coleccion?post=22530"},{"taxonomy":"joyeria","embeddable":true,"href":"https:\/\/artesagrado.com.mx\/en\/wp-json\/wp\/v2\/joyeria?post=22530"},{"taxonomy":"linea","embeddable":true,"href":"https:\/\/artesagrado.com.mx\/en\/wp-json\/wp\/v2\/linea?post=22530"},{"taxonomy":"material","embeddable":true,"href":"https:\/\/artesagrado.com.mx\/en\/wp-json\/wp\/v2\/material?post=22530"},{"taxonomy":"orgonita","embeddable":true,"href":"https:\/\/artesagrado.com.mx\/en\/wp-json\/wp\/v2\/orgonita?post=22530"},{"taxonomy":"piedra","embeddable":true,"href":"https:\/\/artesagrado.com.mx\/en\/wp-json\/wp\/v2\/piedra?post=22530"},{"taxonomy":"proposito","embeddable":true,"href":"https:\/\/artesagrado.com.mx\/en\/wp-json\/wp\/v2\/proposito?post=22530"},{"taxonomy":"simbolo","embeddable":true,"href":"https:\/\/artesagrado.com.mx\/en\/wp-json\/wp\/v2\/simbolo?post=22530"},{"taxonomy":"tamano","embeddable":true,"href":"https:\/\/artesagrado.com.mx\/en\/wp-json\/wp\/v2\/tamano?post=22530"},{"taxonomy":"visibilidad-producto-nuevo","embeddable":true,"href":"https:\/\/artesagrado.com.mx\/en\/wp-json\/wp\/v2\/visibilidad-producto-nuevo?post=22530"},{"taxonomy":"product_brand","embeddable":true,"href":"https:\/\/artesagrado.com.mx\/en\/wp-json\/wp\/v2\/product_brand?post=22530"},{"taxonomy":"product_cat","embeddable":true,"href":"https:\/\/artesagrado.com.mx\/en\/wp-json\/wp\/v2\/product_cat?post=22530"},{"taxonomy":"product_tag","embeddable":true,"href":"https:\/\/artesagrado.com.mx\/en\/wp-json\/wp\/v2\/product_tag?post=22530"}],"curies":[{"name":"wp","href":"https:\/\/api.w.org\/{rel}","templated":true}]}}