{"id":23518,"date":"2022-12-23T19:07:36","date_gmt":"2022-12-24T01:07:36","guid":{"rendered":"https:\/\/artesagrado.com.mx\/producto\/pulsera-flor-de-la-vida-en-plata-0-925-con-cinco-cuarzos-exoticos\/"},"modified":"2026-01-28T01:14:44","modified_gmt":"2026-01-28T07:14:44","slug":"pulsera-flor-de-la-vida-en-plata-0-925-con-cinco-cuarzos-exoticos","status":"publish","type":"product","link":"https:\/\/artesagrado.com.mx\/en\/product\/pulsera-flor-de-la-vida-en-plata-0-925-con-cinco-cuarzos-exoticos\/","title":{"rendered":"Flower of Life Bracelet in 0.925 Sterling Silver with Five Exotic Quartzes"},"content":{"rendered":"<p>Dr. Willheim Reich described the<strong> Orgone<\/strong> as the cosmic energy that is part of all living matter. The name comes from \"organism and orgasm\", which refers to the vital energy and creative power.<\/p>\n<p>An orgone generator or energy transmuter is a compact and solid structure made to stimulate the piezoelectric properties of its materials and thus attract, accumulate, order and enhance the energy present, transforming the negative and chaotic electromagnetic waves into vital energy, harmonized and in perfect harmony with nature, which is reflected in restorative biological effects, which is why it has been used for therapeutic purposes due to its benefits in a wide range of applications.<\/p>\n<p>&nbsp;<\/p>\n<p>The <strong>Flower of Life<\/strong>contains within its proportions each and every aspect of life that exists, every mathematical formula, every law of physics, every musical harmony, every form of life, (including the wonder of the human body) every atom, every cell, every dimensional level; absolutely everything contained in multi-universes of waveforms.<\/p>\n<p>The symbol of the Flower of Life is considered sacred, since within it lies the code of all creation.<\/p>\n<p>The \"Flower of Life\" is undoubtedly the most powerful symbol of Creation.<\/p>\n<p>&nbsp;<\/p>\n<p>The <strong>Phosphosiderite<\/strong> also known as <strong>Phosphosiderite<\/strong>allows celestial energies to be channeled through the body during meditation, which can also help open consciousness and psychic abilities, as well as connect with our spirit guides and other higher dimensional energies.Phosphosiderite connects with the \"Violet Phoenix\" energy, which means it channels the Violet Flame, which transmutes and cleanses the energies around the body and etheric field, helping to heal and clear attachments and other energies. It can also be a great crystal to assist in magical work, as it helps support any type of healers, shamans or energy workers.<\/p>\n<p>&nbsp;<\/p>\n<p>The <strong>Imperial Jade<\/strong> is the most coveted and most valuable variant of this stone, distinguished by its intense color and its betas in dark green tones.  This stone protects and brings a deep harmony.<\/p>\n<p>It is well known for its metaphysical magic and is often used as a tool for emotional healing, dream work and connection to higher realms.<\/p>\n<p>Jade is also a good luck charm, a talisman to welcome abundance and a stone of sublime peace and well-being.<\/p>\n<p>Symbol of purity, serenity and wisdom. It is also appreciated by shamans and therapists as a medicine stone.<\/p>\n<p>It has an excellent channeling factor of energies, thus removing negative energies and harmonizing the environment, producing a sense of calm.<\/p>\n<p>Ancient cultures whispered that jade was a stone of dreams.<\/p>\n<p>It is related to the heart chakra, to love and harmony.<\/p>\n<p>&nbsp;<\/p>\n<p>The stone <strong>Eagle Eye<\/strong> represents the guardian angel who sees all, is the eye of the one who rises above the world, promotes vision, intuition and increases psychic abilities such as clairvoyance, cleansing and adjusting the third eye chakra.<\/p>\n<p>Its main connection is with the earth, it promotes the connection with the earth and the material, stimulating and invigorating the physical body, giving strength to the root chakra.<\/p>\n<p>It helps to have a better perspective in complicated situations and therefore is also useful in case of difficulties in making decisions, helps in case of nervousness and promotes inner peace.<\/p>\n<p>In the Middle Ages it was worn as an amulet against spells, demons and the evil eye.<\/p>\n<p>It develops empathy and promotes openness to new ways of thinking by opening up to others.<\/p>\n<p>Releases emotional blockages.<\/p>\n<p>Attracts abundance.<\/p>\n<p>&nbsp;<\/p>\n<p>The <strong>Rhodochrosite<\/strong> is a powerful emotional healer, radiating a very strong energy of divine love. It represents selfless love and compassion.<\/p>\n<p>It is a spiritual stone that facilitates the opening of higher consciousness and psychic abilities.<\/p>\n<p>Rhodochrosite stimulates and balances the heart area, promoting understanding, self-esteem and courage, helping to reach a state of sublime happiness and to get in touch with the golden light.<\/p>\n<p>Its energy awakens the libido, reduces inhibitions and helps us to express ourselves with more confidence and love.<\/p>\n<p>It is a stone that imparts a dynamic and positive attitude, it is excellent for the heart teaching it to assimilate and overcome painful feelings.<\/p>\n<p>&nbsp;<\/p>\n<p>Nicknamed the stone of hypersensitivity, sincerity, and friendship, the <strong>Blue Apatite<\/strong> regulates emotions contributing positively to liberation.<\/p>\n<p>It acts mainly in the functions managed by the epiphysis gland (pineal gland or Third Eye) whose nucleus is composed of Apatite crystals. This endocrine gland is useful for the essential functions of life by synchronizing our internal clock and regulating sleep, cell growth, sexuality, among others.<\/p>\n<p>It is a stone for the shy promoting self-confidence.<\/p>\n<p>It promotes creativity and motivation and helps to channel anger and frustration.<\/p>","protected":false},"excerpt":{"rendered":"<p><strong><span>Phosphosiderite, Phosphosiderite, Blue Apatite, Blue Apatite, Rhodochrosite, Imperial Jade, Eagle's Eye, Flower of Life, Silver<\/span><\/strong><\/p>\n<ul>\n<li><span>8 millimeter beads.<\/span><\/li>\n<li><span>Flower of Life in Silver<\/span><\/li>\n<\/ul>\n<p><span>NOTE: Due to their nature, some of the pieces that make up this work of power may vary in detail, tone and color.<\/span><\/p>","protected":false},"featured_media":41587,"comment_status":"open","ping_status":"closed","template":"","meta":{"_acf_changed":false,"site-sidebar-layout":"default","site-content-layout":"","ast-site-content-layout":"default","site-content-style":"default","site-sidebar-style":"default","ast-global-header-display":"","ast-banner-title-visibility":"","ast-main-header-display":"","ast-hfb-above-header-display":"","ast-hfb-below-header-display":"","ast-hfb-mobile-header-display":"","site-post-title":"","ast-breadcrumbs-content":"","ast-featured-img":"","footer-sml-layout":"","ast-disable-related-posts":"","theme-transparent-header-meta":"default","adv-header-id-meta":"","stick-header-meta":"","header-above-stick-meta":"","header-main-stick-meta":"","header-below-stick-meta":"","astra-migrate-meta-layouts":"set","ast-page-background-enabled":"default","ast-page-background-meta":{"desktop":{"background-color":"var(--ast-global-color-4)","background-image":"","background-repeat":"repeat","background-position":"center center","background-size":"auto","background-attachment":"scroll","background-type":"","background-media":"","overlay-type":"","overlay-color":"","overlay-opacity":"","overlay-gradient":""},"tablet":{"background-color":"","background-image":"","background-repeat":"repeat","background-position":"center center","background-size":"auto","background-attachment":"scroll","background-type":"","background-media":"","overlay-type":"","overlay-color":"","overlay-opacity":"","overlay-gradient":""},"mobile":{"background-color":"","background-image":"","background-repeat":"repeat","background-position":"center center","background-size":"auto","background-attachment":"scroll","background-type":"","background-media":"","overlay-type":"","overlay-color":"","overlay-opacity":"","overlay-gradient":""}},"ast-content-background-meta":{"desktop":{"background-color":"var(--ast-global-color-5)","background-image":"","background-repeat":"repeat","background-position":"center center","background-size":"auto","background-attachment":"scroll","background-type":"","background-media":"","overlay-type":"","overlay-color":"","overlay-opacity":"","overlay-gradient":""},"tablet":{"background-color":"var(--ast-global-color-5)","background-image":"","background-repeat":"repeat","background-position":"center center","background-size":"auto","background-attachment":"scroll","background-type":"","background-media":"","overlay-type":"","overlay-color":"","overlay-opacity":"","overlay-gradient":""},"mobile":{"background-color":"var(--ast-global-color-5)","background-image":"","background-repeat":"repeat","background-position":"center center","background-size":"auto","background-attachment":"scroll","background-type":"","background-media":"","overlay-type":"","overlay-color":"","overlay-opacity":"","overlay-gradient":""}},"_joinchat":[]},"astrologia":[],"coleccion":[961],"joyeria":[1574,1583,1588,1585],"linea":[],"material":[2342,2424,2227],"orgonita":[],"piedra":[866,886,892,897,902],"proposito":[685,818,686,687,688,1769,690,777,819,692,693,740,694],"simbolo":[834],"tamano":[2422],"visibilidad-producto-nuevo":[],"product_brand":[],"product_cat":[1617,1618],"product_tag":[],"class_list":{"0":"post-23518","1":"product","2":"type-product","3":"status-publish","4":"has-post-thumbnail","6":"coleccion-cuarzos-exoticos","7":"joyeria-coleccion-joyeria","8":"joyeria-pulseras","9":"joyeria-pulseras-de-cuarzo","10":"joyeria-pulseras-de-plata","11":"material-cuarzo","12":"material-elastico","13":"material-plata","14":"piedra-apatito-azul","15":"piedra-jade-imperial","16":"piedra-ojo-de-aguila","17":"piedra-phosphosiderite","18":"piedra-rodocrosita","19":"proposito-abundancia","20":"proposito-activacion-energetica","21":"proposito-alta-proteccion","22":"proposito-amor-y-amistad","23":"proposito-armonia","24":"proposito-conexion-interna","25":"proposito-despertar-de-conciencia","26":"proposito-funcionalidad","27":"proposito-integracion","28":"proposito-intuicion","29":"proposito-meditacion","30":"proposito-prosperidad","31":"proposito-purificacion","32":"simbolo-flor-de-la-vida","33":"tamano-regular","34":"product_cat-colecciones","35":"product_cat-joyeria","36":"pa_cuarzos-apatita-azul","37":"pa_cuarzos-fosfosiderita","38":"pa_cuarzos-jade-imperial","39":"pa_cuarzos-ojo-de-aguila","40":"pa_cuarzos-rodocrosita","41":"pa_simbolo-flor-de-la-vida","42":"desktop-align-left","43":"tablet-align-left","44":"mobile-align-left","46":"first","47":"instock","48":"shipping-taxable","49":"purchasable","50":"product-type-variable","51":"has-default-attributes","52":"wvs-archive-product-wrapper"},"acf":[],"yoast_head":"<!-- This site is optimized with the Yoast SEO Premium plugin v24.9 (Yoast SEO v24.9) - https:\/\/yoast.com\/wordpress\/plugins\/seo\/ -->\n<title>Pulsera Flor de la Vida en Plata 0.925 con Cinco Cuarzos Ex\u00f3ticos &#8902; Arte Sagrado<\/title>\n<meta name=\"description\" content=\"Pulsera Flor de la Vida en Plata 0.925 con Cinco Cuarzos Ex\u00f3ticos. Protecci\u00f3n y energ\u00eda con variedad de cuarzos.\" \/>\n<meta name=\"robots\" content=\"index, follow, max-snippet:-1, max-image-preview:large, max-video-preview:-1\" \/>\n<link rel=\"canonical\" href=\"https:\/\/artesagrado.com.mx\/en\/product\/pulsera-flor-de-la-vida-en-plata-0-925-con-cinco-cuarzos-exoticos\/\" \/>\n<meta property=\"og:locale\" content=\"en_US\" \/>\n<meta property=\"og:type\" content=\"article\" \/>\n<meta property=\"og:title\" content=\"Pulsera Flor de la Vida en Plata 0.925 con Cinco Cuarzos Ex\u00f3ticos\" \/>\n<meta property=\"og:description\" content=\"Descubre la colecci\u00f3n de productos de Arte Sagrado M\u00e9xico: joyer\u00eda y dispositivos energ\u00e9ticos elaborados con geometr\u00eda sagrada y tecnolog\u00eda Org\u00f3n para equilibrar y armonizar tu vida.\" \/>\n<meta property=\"og:url\" content=\"https:\/\/artesagrado.com.mx\/en\/product\/pulsera-flor-de-la-vida-en-plata-0-925-con-cinco-cuarzos-exoticos\/\" \/>\n<meta property=\"og:site_name\" content=\"Arte Sagrado\" \/>\n<meta property=\"article:publisher\" content=\"https:\/\/www.facebook.com\/ArteSagradoMexico\" \/>\n<meta property=\"article:modified_time\" content=\"2026-01-28T07:14:44+00:00\" \/>\n<meta property=\"og:image\" content=\"https:\/\/artesagrado.com.mx\/wp-content\/uploads\/2022\/12\/Pulsera-Flor-de-la-Vida-en-Plata-0.925-con-Cinco-Cuarzos-Exoticos_1.webp\" \/>\n\t<meta property=\"og:image:width\" content=\"1000\" \/>\n\t<meta property=\"og:image:height\" content=\"1000\" \/>\n\t<meta property=\"og:image:type\" content=\"image\/webp\" \/>\n<meta name=\"twitter:card\" content=\"summary_large_image\" \/>\n<meta name=\"twitter:label1\" content=\"Availability\" \/>\n\t<meta name=\"twitter:data1\" content=\"In stock\" \/>\n<script type=\"application\/ld+json\" class=\"yoast-schema-graph\">{\"@context\":\"https:\/\/schema.org\",\"@graph\":[{\"@type\":\"WebPage\",\"@id\":\"https:\/\/artesagrado.com.mx\/producto\/pulsera-flor-de-la-vida-en-plata-0-925-con-cinco-cuarzos-exoticos\/\",\"url\":\"https:\/\/artesagrado.com.mx\/producto\/pulsera-flor-de-la-vida-en-plata-0-925-con-cinco-cuarzos-exoticos\/\",\"name\":\"Pulsera Flor de la Vida en Plata 0.925 con Cinco Cuarzos Ex\u00f3ticos &#8902; Arte Sagrado\",\"isPartOf\":{\"@id\":\"https:\/\/artesagrado.com.mx\/#website\"},\"primaryImageOfPage\":{\"@id\":\"https:\/\/artesagrado.com.mx\/producto\/pulsera-flor-de-la-vida-en-plata-0-925-con-cinco-cuarzos-exoticos\/#primaryimage\"},\"image\":{\"@id\":\"https:\/\/artesagrado.com.mx\/producto\/pulsera-flor-de-la-vida-en-plata-0-925-con-cinco-cuarzos-exoticos\/#primaryimage\"},\"thumbnailUrl\":\"https:\/\/artesagrado.com.mx\/wp-content\/uploads\/2022\/12\/Pulsera-Flor-de-la-Vida-en-Plata-0.925-con-Cinco-Cuarzos-Exoticos_1.webp\",\"datePublished\":\"2022-12-24T01:07:36+00:00\",\"dateModified\":\"2026-01-28T07:14:44+00:00\",\"description\":\"Pulsera Flor de la Vida en Plata 0.925 con Cinco Cuarzos Ex\u00f3ticos. Protecci\u00f3n y energ\u00eda con variedad de cuarzos.\",\"breadcrumb\":{\"@id\":\"https:\/\/artesagrado.com.mx\/producto\/pulsera-flor-de-la-vida-en-plata-0-925-con-cinco-cuarzos-exoticos\/#breadcrumb\"},\"inLanguage\":\"en-US\",\"potentialAction\":[{\"@type\":\"ReadAction\",\"target\":[\"https:\/\/artesagrado.com.mx\/producto\/pulsera-flor-de-la-vida-en-plata-0-925-con-cinco-cuarzos-exoticos\/\"]}]},{\"@type\":\"ImageObject\",\"inLanguage\":\"en-US\",\"@id\":\"https:\/\/artesagrado.com.mx\/producto\/pulsera-flor-de-la-vida-en-plata-0-925-con-cinco-cuarzos-exoticos\/#primaryimage\",\"url\":\"https:\/\/artesagrado.com.mx\/wp-content\/uploads\/2022\/12\/Pulsera-Flor-de-la-Vida-en-Plata-0.925-con-Cinco-Cuarzos-Exoticos_1.webp\",\"contentUrl\":\"https:\/\/artesagrado.com.mx\/wp-content\/uploads\/2022\/12\/Pulsera-Flor-de-la-Vida-en-Plata-0.925-con-Cinco-Cuarzos-Exoticos_1.webp\",\"width\":1000,\"height\":1000},{\"@type\":\"BreadcrumbList\",\"@id\":\"https:\/\/artesagrado.com.mx\/producto\/pulsera-flor-de-la-vida-en-plata-0-925-con-cinco-cuarzos-exoticos\/#breadcrumb\",\"itemListElement\":[{\"@type\":\"ListItem\",\"position\":1,\"name\":\"Portada\",\"item\":\"https:\/\/artesagrado.com.mx\/\"},{\"@type\":\"ListItem\",\"position\":2,\"name\":\"Tienda\",\"item\":\"https:\/\/artesagrado.com.mx\/tienda\/\"},{\"@type\":\"ListItem\",\"position\":3,\"name\":\"Pulsera Flor de la Vida en Plata 0.925 con Cinco Cuarzos Ex\u00f3ticos\"}]},{\"@type\":\"WebSite\",\"@id\":\"https:\/\/artesagrado.com.mx\/#website\",\"url\":\"https:\/\/artesagrado.com.mx\/\",\"name\":\"Arte Sagrado\",\"description\":\"Empoderando tu ser\",\"publisher\":{\"@id\":\"https:\/\/artesagrado.com.mx\/#organization\"},\"alternateName\":\"Arte Sagrado M\u00e9xico\",\"potentialAction\":[{\"@type\":\"SearchAction\",\"target\":{\"@type\":\"EntryPoint\",\"urlTemplate\":\"https:\/\/artesagrado.com.mx\/?s={search_term_string}\"},\"query-input\":{\"@type\":\"PropertyValueSpecification\",\"valueRequired\":true,\"valueName\":\"search_term_string\"}}],\"inLanguage\":\"en-US\"},{\"@type\":\"Organization\",\"@id\":\"https:\/\/artesagrado.com.mx\/#organization\",\"name\":\"Arte Sagrado\",\"alternateName\":\"Arte Sagrado M\u00e9xico\",\"url\":\"https:\/\/artesagrado.com.mx\/\",\"logo\":{\"@type\":\"ImageObject\",\"inLanguage\":\"en-US\",\"@id\":\"https:\/\/artesagrado.com.mx\/#\/schema\/logo\/image\/\",\"url\":\"https:\/\/artesagrado.com.mx\/wp-content\/uploads\/2024\/07\/portada_cuadrada_base_arte-sagrado.webp\",\"contentUrl\":\"https:\/\/artesagrado.com.mx\/wp-content\/uploads\/2024\/07\/portada_cuadrada_base_arte-sagrado.webp\",\"width\":1000,\"height\":1000,\"caption\":\"Arte Sagrado\"},\"image\":{\"@id\":\"https:\/\/artesagrado.com.mx\/#\/schema\/logo\/image\/\"},\"sameAs\":[\"https:\/\/www.facebook.com\/ArteSagradoMexico\",\"https:\/\/www.instagram.com\/arte_sagrado_oficial\/\",\"https:\/\/www.tiktok.com\/@arte_sagrado_oficial\"],\"description\":\"Arte Sagrado\u00ae es un proyecto pensado, sentido y accionado al servicio de la humanidad y la conciencia. Nacemos en tiempos precisos donde la luz y el recuerdo de nuestra grandeza, empiezan a resplandecer; es por eso que nuestro proyecto se enfoca y especializa en contribuir con informaci\u00f3n y conocimiento de los arquetipos originales y el lenguaje de la geometr\u00eda sagrada.\",\"publishingPrinciples\":\"https:\/\/artesagrado.com.mx\/conoce-a-arte-sagrado\/\"}]}<\/script>\n<meta property=\"og:availability\" content=\"instock\" \/>\n<meta property=\"product:availability\" content=\"instock\" \/>\n<meta property=\"product:condition\" content=\"new\" \/>\n<!-- \/ Yoast SEO Premium plugin. -->","yoast_head_json":{"title":"Pulsera Flor de la Vida en Plata 0.925 con Cinco Cuarzos Ex\u00f3ticos &#8902; Arte Sagrado","description":"Pulsera Flor de la Vida en Plata 0.925 con Cinco Cuarzos Ex\u00f3ticos. Protecci\u00f3n y energ\u00eda con variedad de cuarzos.","robots":{"index":"index","follow":"follow","max-snippet":"max-snippet:-1","max-image-preview":"max-image-preview:large","max-video-preview":"max-video-preview:-1"},"canonical":"https:\/\/artesagrado.com.mx\/en\/product\/pulsera-flor-de-la-vida-en-plata-0-925-con-cinco-cuarzos-exoticos\/","og_locale":"en_US","og_type":"article","og_title":"Pulsera Flor de la Vida en Plata 0.925 con Cinco Cuarzos Ex\u00f3ticos","og_description":"Descubre la colecci\u00f3n de productos de Arte Sagrado M\u00e9xico: joyer\u00eda y dispositivos energ\u00e9ticos elaborados con geometr\u00eda sagrada y tecnolog\u00eda Org\u00f3n para equilibrar y armonizar tu vida.","og_url":"https:\/\/artesagrado.com.mx\/en\/product\/pulsera-flor-de-la-vida-en-plata-0-925-con-cinco-cuarzos-exoticos\/","og_site_name":"Arte Sagrado","article_publisher":"https:\/\/www.facebook.com\/ArteSagradoMexico","article_modified_time":"2026-01-28T07:14:44+00:00","og_image":[{"width":1000,"height":1000,"url":"https:\/\/artesagrado.com.mx\/wp-content\/uploads\/2022\/12\/Pulsera-Flor-de-la-Vida-en-Plata-0.925-con-Cinco-Cuarzos-Exoticos_1.webp","type":"image\/webp"}],"twitter_card":"summary_large_image","twitter_misc":{"Availability":"In stock"},"schema":{"@context":"https:\/\/schema.org","@graph":[{"@type":"WebPage","@id":"https:\/\/artesagrado.com.mx\/producto\/pulsera-flor-de-la-vida-en-plata-0-925-con-cinco-cuarzos-exoticos\/","url":"https:\/\/artesagrado.com.mx\/producto\/pulsera-flor-de-la-vida-en-plata-0-925-con-cinco-cuarzos-exoticos\/","name":"Pulsera Flor de la Vida en Plata 0.925 con Cinco Cuarzos Ex\u00f3ticos &#8902; Arte Sagrado","isPartOf":{"@id":"https:\/\/artesagrado.com.mx\/#website"},"primaryImageOfPage":{"@id":"https:\/\/artesagrado.com.mx\/producto\/pulsera-flor-de-la-vida-en-plata-0-925-con-cinco-cuarzos-exoticos\/#primaryimage"},"image":{"@id":"https:\/\/artesagrado.com.mx\/producto\/pulsera-flor-de-la-vida-en-plata-0-925-con-cinco-cuarzos-exoticos\/#primaryimage"},"thumbnailUrl":"https:\/\/artesagrado.com.mx\/wp-content\/uploads\/2022\/12\/Pulsera-Flor-de-la-Vida-en-Plata-0.925-con-Cinco-Cuarzos-Exoticos_1.webp","datePublished":"2022-12-24T01:07:36+00:00","dateModified":"2026-01-28T07:14:44+00:00","description":"Pulsera Flor de la Vida en Plata 0.925 con Cinco Cuarzos Ex\u00f3ticos. Protecci\u00f3n y energ\u00eda con variedad de cuarzos.","breadcrumb":{"@id":"https:\/\/artesagrado.com.mx\/producto\/pulsera-flor-de-la-vida-en-plata-0-925-con-cinco-cuarzos-exoticos\/#breadcrumb"},"inLanguage":"en-US","potentialAction":[{"@type":"ReadAction","target":["https:\/\/artesagrado.com.mx\/producto\/pulsera-flor-de-la-vida-en-plata-0-925-con-cinco-cuarzos-exoticos\/"]}]},{"@type":"ImageObject","inLanguage":"en-US","@id":"https:\/\/artesagrado.com.mx\/producto\/pulsera-flor-de-la-vida-en-plata-0-925-con-cinco-cuarzos-exoticos\/#primaryimage","url":"https:\/\/artesagrado.com.mx\/wp-content\/uploads\/2022\/12\/Pulsera-Flor-de-la-Vida-en-Plata-0.925-con-Cinco-Cuarzos-Exoticos_1.webp","contentUrl":"https:\/\/artesagrado.com.mx\/wp-content\/uploads\/2022\/12\/Pulsera-Flor-de-la-Vida-en-Plata-0.925-con-Cinco-Cuarzos-Exoticos_1.webp","width":1000,"height":1000},{"@type":"BreadcrumbList","@id":"https:\/\/artesagrado.com.mx\/producto\/pulsera-flor-de-la-vida-en-plata-0-925-con-cinco-cuarzos-exoticos\/#breadcrumb","itemListElement":[{"@type":"ListItem","position":1,"name":"Portada","item":"https:\/\/artesagrado.com.mx\/"},{"@type":"ListItem","position":2,"name":"Tienda","item":"https:\/\/artesagrado.com.mx\/tienda\/"},{"@type":"ListItem","position":3,"name":"Pulsera Flor de la Vida en Plata 0.925 con Cinco Cuarzos Ex\u00f3ticos"}]},{"@type":"WebSite","@id":"https:\/\/artesagrado.com.mx\/#website","url":"https:\/\/artesagrado.com.mx\/","name":"Arte Sagrado","description":"Empoderando tu ser","publisher":{"@id":"https:\/\/artesagrado.com.mx\/#organization"},"alternateName":"Arte Sagrado M\u00e9xico","potentialAction":[{"@type":"SearchAction","target":{"@type":"EntryPoint","urlTemplate":"https:\/\/artesagrado.com.mx\/?s={search_term_string}"},"query-input":{"@type":"PropertyValueSpecification","valueRequired":true,"valueName":"search_term_string"}}],"inLanguage":"en-US"},{"@type":"Organization","@id":"https:\/\/artesagrado.com.mx\/#organization","name":"Arte Sagrado","alternateName":"Arte Sagrado M\u00e9xico","url":"https:\/\/artesagrado.com.mx\/","logo":{"@type":"ImageObject","inLanguage":"en-US","@id":"https:\/\/artesagrado.com.mx\/#\/schema\/logo\/image\/","url":"https:\/\/artesagrado.com.mx\/wp-content\/uploads\/2024\/07\/portada_cuadrada_base_arte-sagrado.webp","contentUrl":"https:\/\/artesagrado.com.mx\/wp-content\/uploads\/2024\/07\/portada_cuadrada_base_arte-sagrado.webp","width":1000,"height":1000,"caption":"Arte Sagrado"},"image":{"@id":"https:\/\/artesagrado.com.mx\/#\/schema\/logo\/image\/"},"sameAs":["https:\/\/www.facebook.com\/ArteSagradoMexico","https:\/\/www.instagram.com\/arte_sagrado_oficial\/","https:\/\/www.tiktok.com\/@arte_sagrado_oficial"],"description":"Arte Sagrado\u00ae es un proyecto pensado, sentido y accionado al servicio de la humanidad y la conciencia. Nacemos en tiempos precisos donde la luz y el recuerdo de nuestra grandeza, empiezan a resplandecer; es por eso que nuestro proyecto se enfoca y especializa en contribuir con informaci\u00f3n y conocimiento de los arquetipos originales y el lenguaje de la geometr\u00eda sagrada.","publishingPrinciples":"https:\/\/artesagrado.com.mx\/conoce-a-arte-sagrado\/"}]},"og_availability":"instock","product_availability":"instock","product_condition":"new"},"jetpack_sharing_enabled":true,"_links":{"self":[{"href":"https:\/\/artesagrado.com.mx\/en\/wp-json\/wp\/v2\/product\/23518","targetHints":{"allow":["GET"]}}],"collection":[{"href":"https:\/\/artesagrado.com.mx\/en\/wp-json\/wp\/v2\/product"}],"about":[{"href":"https:\/\/artesagrado.com.mx\/en\/wp-json\/wp\/v2\/types\/product"}],"replies":[{"embeddable":true,"href":"https:\/\/artesagrado.com.mx\/en\/wp-json\/wp\/v2\/comments?post=23518"}],"wp:featuredmedia":[{"embeddable":true,"href":"https:\/\/artesagrado.com.mx\/en\/wp-json\/wp\/v2\/media\/41587"}],"wp:attachment":[{"href":"https:\/\/artesagrado.com.mx\/en\/wp-json\/wp\/v2\/media?parent=23518"}],"wp:term":[{"taxonomy":"astrologia","embeddable":true,"href":"https:\/\/artesagrado.com.mx\/en\/wp-json\/wp\/v2\/astrologia?post=23518"},{"taxonomy":"coleccion","embeddable":true,"href":"https:\/\/artesagrado.com.mx\/en\/wp-json\/wp\/v2\/coleccion?post=23518"},{"taxonomy":"joyeria","embeddable":true,"href":"https:\/\/artesagrado.com.mx\/en\/wp-json\/wp\/v2\/joyeria?post=23518"},{"taxonomy":"linea","embeddable":true,"href":"https:\/\/artesagrado.com.mx\/en\/wp-json\/wp\/v2\/linea?post=23518"},{"taxonomy":"material","embeddable":true,"href":"https:\/\/artesagrado.com.mx\/en\/wp-json\/wp\/v2\/material?post=23518"},{"taxonomy":"orgonita","embeddable":true,"href":"https:\/\/artesagrado.com.mx\/en\/wp-json\/wp\/v2\/orgonita?post=23518"},{"taxonomy":"piedra","embeddable":true,"href":"https:\/\/artesagrado.com.mx\/en\/wp-json\/wp\/v2\/piedra?post=23518"},{"taxonomy":"proposito","embeddable":true,"href":"https:\/\/artesagrado.com.mx\/en\/wp-json\/wp\/v2\/proposito?post=23518"},{"taxonomy":"simbolo","embeddable":true,"href":"https:\/\/artesagrado.com.mx\/en\/wp-json\/wp\/v2\/simbolo?post=23518"},{"taxonomy":"tamano","embeddable":true,"href":"https:\/\/artesagrado.com.mx\/en\/wp-json\/wp\/v2\/tamano?post=23518"},{"taxonomy":"visibilidad-producto-nuevo","embeddable":true,"href":"https:\/\/artesagrado.com.mx\/en\/wp-json\/wp\/v2\/visibilidad-producto-nuevo?post=23518"},{"taxonomy":"product_brand","embeddable":true,"href":"https:\/\/artesagrado.com.mx\/en\/wp-json\/wp\/v2\/product_brand?post=23518"},{"taxonomy":"product_cat","embeddable":true,"href":"https:\/\/artesagrado.com.mx\/en\/wp-json\/wp\/v2\/product_cat?post=23518"},{"taxonomy":"product_tag","embeddable":true,"href":"https:\/\/artesagrado.com.mx\/en\/wp-json\/wp\/v2\/product_tag?post=23518"}],"curies":[{"name":"wp","href":"https:\/\/api.w.org\/{rel}","templated":true}]}}