{"id":23541,"date":"2022-12-23T19:12:40","date_gmt":"2022-12-24T01:12:40","guid":{"rendered":"https:\/\/artesagrado.com.mx\/producto\/pulsera-flor-de-la-vida-en-plata-0-925-con-rodocrosita-argentina-y-jade-imperial\/"},"modified":"2026-01-28T01:14:44","modified_gmt":"2026-01-28T07:14:44","slug":"pulsera-flor-de-la-vida-en-plata-0-925-con-rodocrosita-argentina-y-jade-imperial","status":"publish","type":"product","link":"https:\/\/artesagrado.com.mx\/en\/product\/pulsera-flor-de-la-vida-en-plata-0-925-con-rodocrosita-argentina-y-jade-imperial\/","title":{"rendered":"0.925 Silver Flower of Life Bracelet with Argentine Rhodochrosite and Imperial Jade"},"content":{"rendered":"<p>Dr. Willheim Reich described the<strong> Orgone<\/strong> as the cosmic energy that is part of all living matter. The name comes from \"organism and orgasm\", which refers to the vital energy and creative power.<\/p>\n<p>An orgone generator or energy transmuter is a compact and solid structure made to stimulate the piezoelectric properties of its materials and thus attract, accumulate, order and enhance the energy present, transforming the negative and chaotic electromagnetic waves into vital energy, harmonized and in perfect harmony with nature, which is reflected in restorative biological effects, which is why it has been used for therapeutic purposes due to its benefits in a wide range of applications.<\/p>\n<p>&nbsp;<\/p>\n<p>The <strong>Flower of Life<\/strong>contains within its proportions each and every aspect of life that exists, every mathematical formula, every law of physics, every musical harmony, every form of life, (including the wonder of the human body) every atom, every cell, every dimensional level; absolutely everything contained in multi-universes of waveforms.<\/p>\n<p>The symbol of the Flower of Life is considered sacred, since within it lies the code of all creation.<\/p>\n<p>The \"Flower of Life\" is undoubtedly the most powerful symbol of Creation.<\/p>\n<p>&nbsp;<\/p>\n<p>The <strong>Imperial Jade<\/strong> is the most coveted and most valuable variant of this stone, distinguished by its intense color and its betas in dark green tones.  This stone protects and brings a deep harmony.<\/p>\n<p>It is well known for its metaphysical magic and is often used as a tool for emotional healing, dream work and connection to higher realms.<\/p>\n<p>Jade is also a good luck charm, a talisman to welcome abundance and a stone of sublime peace and well-being.<\/p>\n<p>Symbol of purity, serenity and wisdom. It is also appreciated by shamans and therapists as a medicine stone.<\/p>\n<p>It has an excellent channeling factor of energies, thus removing negative energies and harmonizing the environment, producing a sense of calm.<\/p>\n<p>Ancient cultures whispered that jade was a stone of dreams.<\/p>\n<p>It is related to the heart chakra, to love and harmony.<\/p>\n<p>&nbsp;<\/p>\n<p>The <strong>Rhodochrosite<\/strong> is a powerful emotional healer, radiating a very strong energy of divine love. It represents selfless love and compassion.<\/p>\n<p>It is a spiritual stone that facilitates the opening of higher consciousness and psychic abilities.<\/p>\n<p>Rhodochrosite stimulates and balances the heart area, promoting understanding, self-esteem and courage, helping to reach a state of sublime happiness and to get in touch with the golden light.<\/p>\n<p>Its energy awakens the libido, reduces inhibitions and helps us to express ourselves with more confidence and love.<\/p>\n<p>It is a stone that imparts a dynamic and positive attitude, it is excellent for the heart teaching it to assimilate and overcome painful feelings.<\/p>","protected":false},"excerpt":{"rendered":"<p><strong><span>Rhodochrosite, Imperial Jade, Flower of Life, Silver<\/span><\/strong><\/p>\n<ul>\n<li><span>8 millimeter beads.<\/span><\/li>\n<li><span>Flower of Life in Silver<\/span><\/li>\n<\/ul>\n<p><span>NOTE: Due to their nature, some of the pieces that make up this work of power may vary in detail, tone and color.<\/span><\/p>","protected":false},"featured_media":41644,"comment_status":"open","ping_status":"closed","template":"","meta":{"_acf_changed":false,"site-sidebar-layout":"default","site-content-layout":"","ast-site-content-layout":"default","site-content-style":"default","site-sidebar-style":"default","ast-global-header-display":"","ast-banner-title-visibility":"","ast-main-header-display":"","ast-hfb-above-header-display":"","ast-hfb-below-header-display":"","ast-hfb-mobile-header-display":"","site-post-title":"","ast-breadcrumbs-content":"","ast-featured-img":"","footer-sml-layout":"","ast-disable-related-posts":"","theme-transparent-header-meta":"default","adv-header-id-meta":"","stick-header-meta":"","header-above-stick-meta":"","header-main-stick-meta":"","header-below-stick-meta":"","astra-migrate-meta-layouts":"set","ast-page-background-enabled":"default","ast-page-background-meta":{"desktop":{"background-color":"var(--ast-global-color-4)","background-image":"","background-repeat":"repeat","background-position":"center center","background-size":"auto","background-attachment":"scroll","background-type":"","background-media":"","overlay-type":"","overlay-color":"","overlay-opacity":"","overlay-gradient":""},"tablet":{"background-color":"","background-image":"","background-repeat":"repeat","background-position":"center center","background-size":"auto","background-attachment":"scroll","background-type":"","background-media":"","overlay-type":"","overlay-color":"","overlay-opacity":"","overlay-gradient":""},"mobile":{"background-color":"","background-image":"","background-repeat":"repeat","background-position":"center center","background-size":"auto","background-attachment":"scroll","background-type":"","background-media":"","overlay-type":"","overlay-color":"","overlay-opacity":"","overlay-gradient":""}},"ast-content-background-meta":{"desktop":{"background-color":"var(--ast-global-color-5)","background-image":"","background-repeat":"repeat","background-position":"center center","background-size":"auto","background-attachment":"scroll","background-type":"","background-media":"","overlay-type":"","overlay-color":"","overlay-opacity":"","overlay-gradient":""},"tablet":{"background-color":"var(--ast-global-color-5)","background-image":"","background-repeat":"repeat","background-position":"center center","background-size":"auto","background-attachment":"scroll","background-type":"","background-media":"","overlay-type":"","overlay-color":"","overlay-opacity":"","overlay-gradient":""},"mobile":{"background-color":"var(--ast-global-color-5)","background-image":"","background-repeat":"repeat","background-position":"center center","background-size":"auto","background-attachment":"scroll","background-type":"","background-media":"","overlay-type":"","overlay-color":"","overlay-opacity":"","overlay-gradient":""}},"_joinchat":[]},"astrologia":[],"coleccion":[961],"joyeria":[1574,1583,1588,1585],"linea":[],"material":[2342,2424,2227],"orgonita":[],"piedra":[886,901,902],"proposito":[685,818,686,687,688,1769,691,777,819,740,694],"simbolo":[834],"tamano":[2422],"visibilidad-producto-nuevo":[],"product_brand":[],"product_cat":[1617,1618],"product_tag":[],"class_list":{"0":"post-23541","1":"product","2":"type-product","3":"status-publish","4":"has-post-thumbnail","6":"coleccion-cuarzos-exoticos","7":"joyeria-coleccion-joyeria","8":"joyeria-pulseras","9":"joyeria-pulseras-de-cuarzo","10":"joyeria-pulseras-de-plata","11":"material-cuarzo","12":"material-elastico","13":"material-plata","14":"piedra-jade-imperial","15":"piedra-plata","16":"piedra-rodocrosita","17":"proposito-abundancia","18":"proposito-activacion-energetica","19":"proposito-alta-proteccion","20":"proposito-amor-y-amistad","21":"proposito-armonia","22":"proposito-conexion-interna","23":"proposito-equilibrio","24":"proposito-funcionalidad","25":"proposito-integracion","26":"proposito-prosperidad","27":"proposito-purificacion","28":"simbolo-flor-de-la-vida","29":"tamano-regular","30":"product_cat-colecciones","31":"product_cat-joyeria","32":"pa_cuarzos-jade-imperial","33":"pa_cuarzos-rodocrosita","34":"pa_simbolo-flor-de-la-vida","35":"desktop-align-left","36":"tablet-align-left","37":"mobile-align-left","39":"first","40":"instock","41":"shipping-taxable","42":"purchasable","43":"product-type-variable","44":"has-default-attributes","45":"wvs-archive-product-wrapper"},"acf":[],"yoast_head":"<!-- This site is optimized with the Yoast SEO Premium plugin v24.9 (Yoast SEO v24.9) - https:\/\/yoast.com\/wordpress\/plugins\/seo\/ -->\n<title>Pulsera Flor de la Vida en Plata 0.925 con Rodocrosita Argentina y Jade Imperial &#8902; Arte Sagrado<\/title>\n<meta name=\"description\" content=\"Pulsera Flor de la Vida en Plata 0.925 con Rodocrosita Argentina y Jade Imperial. Energ\u00eda y equilibrio con elegancia.\" \/>\n<meta name=\"robots\" content=\"index, follow, max-snippet:-1, max-image-preview:large, max-video-preview:-1\" \/>\n<link rel=\"canonical\" href=\"https:\/\/artesagrado.com.mx\/en\/product\/pulsera-flor-de-la-vida-en-plata-0-925-con-rodocrosita-argentina-y-jade-imperial\/\" \/>\n<meta property=\"og:locale\" content=\"en_US\" \/>\n<meta property=\"og:type\" content=\"article\" \/>\n<meta property=\"og:title\" content=\"Pulsera Flor de la Vida en Plata 0.925 con Rodocrosita Argentina y Jade Imperial\" \/>\n<meta property=\"og:description\" content=\"Descubre la colecci\u00f3n de productos de Arte Sagrado M\u00e9xico: joyer\u00eda y dispositivos energ\u00e9ticos elaborados con geometr\u00eda sagrada y tecnolog\u00eda Org\u00f3n para equilibrar y armonizar tu vida.\" \/>\n<meta property=\"og:url\" content=\"https:\/\/artesagrado.com.mx\/en\/product\/pulsera-flor-de-la-vida-en-plata-0-925-con-rodocrosita-argentina-y-jade-imperial\/\" \/>\n<meta property=\"og:site_name\" content=\"Arte Sagrado\" \/>\n<meta property=\"article:publisher\" content=\"https:\/\/www.facebook.com\/ArteSagradoMexico\" \/>\n<meta property=\"article:modified_time\" content=\"2026-01-28T07:14:44+00:00\" \/>\n<meta property=\"og:image\" content=\"https:\/\/artesagrado.com.mx\/wp-content\/uploads\/2022\/12\/Pulsera-Flor-de-la-Vida-en-Plata-0.925-con-Rodocrosita-Argentina-y-Jade-Imperial_1.webp\" \/>\n\t<meta property=\"og:image:width\" content=\"1000\" \/>\n\t<meta property=\"og:image:height\" content=\"1000\" \/>\n\t<meta property=\"og:image:type\" content=\"image\/webp\" \/>\n<meta name=\"twitter:card\" content=\"summary_large_image\" \/>\n<meta name=\"twitter:label1\" content=\"Availability\" \/>\n\t<meta name=\"twitter:data1\" content=\"In stock\" \/>\n<script type=\"application\/ld+json\" class=\"yoast-schema-graph\">{\"@context\":\"https:\/\/schema.org\",\"@graph\":[{\"@type\":\"WebPage\",\"@id\":\"https:\/\/artesagrado.com.mx\/producto\/pulsera-flor-de-la-vida-en-plata-0-925-con-rodocrosita-argentina-y-jade-imperial\/\",\"url\":\"https:\/\/artesagrado.com.mx\/producto\/pulsera-flor-de-la-vida-en-plata-0-925-con-rodocrosita-argentina-y-jade-imperial\/\",\"name\":\"Pulsera Flor de la Vida en Plata 0.925 con Rodocrosita Argentina y Jade Imperial &#8902; Arte Sagrado\",\"isPartOf\":{\"@id\":\"https:\/\/artesagrado.com.mx\/#website\"},\"primaryImageOfPage\":{\"@id\":\"https:\/\/artesagrado.com.mx\/producto\/pulsera-flor-de-la-vida-en-plata-0-925-con-rodocrosita-argentina-y-jade-imperial\/#primaryimage\"},\"image\":{\"@id\":\"https:\/\/artesagrado.com.mx\/producto\/pulsera-flor-de-la-vida-en-plata-0-925-con-rodocrosita-argentina-y-jade-imperial\/#primaryimage\"},\"thumbnailUrl\":\"https:\/\/artesagrado.com.mx\/wp-content\/uploads\/2022\/12\/Pulsera-Flor-de-la-Vida-en-Plata-0.925-con-Rodocrosita-Argentina-y-Jade-Imperial_1.webp\",\"datePublished\":\"2022-12-24T01:12:40+00:00\",\"dateModified\":\"2026-01-28T07:14:44+00:00\",\"description\":\"Pulsera Flor de la Vida en Plata 0.925 con Rodocrosita Argentina y Jade Imperial. Energ\u00eda y equilibrio con elegancia.\",\"breadcrumb\":{\"@id\":\"https:\/\/artesagrado.com.mx\/producto\/pulsera-flor-de-la-vida-en-plata-0-925-con-rodocrosita-argentina-y-jade-imperial\/#breadcrumb\"},\"inLanguage\":\"en-US\",\"potentialAction\":[{\"@type\":\"ReadAction\",\"target\":[\"https:\/\/artesagrado.com.mx\/producto\/pulsera-flor-de-la-vida-en-plata-0-925-con-rodocrosita-argentina-y-jade-imperial\/\"]}]},{\"@type\":\"ImageObject\",\"inLanguage\":\"en-US\",\"@id\":\"https:\/\/artesagrado.com.mx\/producto\/pulsera-flor-de-la-vida-en-plata-0-925-con-rodocrosita-argentina-y-jade-imperial\/#primaryimage\",\"url\":\"https:\/\/artesagrado.com.mx\/wp-content\/uploads\/2022\/12\/Pulsera-Flor-de-la-Vida-en-Plata-0.925-con-Rodocrosita-Argentina-y-Jade-Imperial_1.webp\",\"contentUrl\":\"https:\/\/artesagrado.com.mx\/wp-content\/uploads\/2022\/12\/Pulsera-Flor-de-la-Vida-en-Plata-0.925-con-Rodocrosita-Argentina-y-Jade-Imperial_1.webp\",\"width\":1000,\"height\":1000},{\"@type\":\"BreadcrumbList\",\"@id\":\"https:\/\/artesagrado.com.mx\/producto\/pulsera-flor-de-la-vida-en-plata-0-925-con-rodocrosita-argentina-y-jade-imperial\/#breadcrumb\",\"itemListElement\":[{\"@type\":\"ListItem\",\"position\":1,\"name\":\"Portada\",\"item\":\"https:\/\/artesagrado.com.mx\/\"},{\"@type\":\"ListItem\",\"position\":2,\"name\":\"Tienda\",\"item\":\"https:\/\/artesagrado.com.mx\/tienda\/\"},{\"@type\":\"ListItem\",\"position\":3,\"name\":\"Pulsera Flor de la Vida en Plata 0.925 con Rodocrosita Argentina y Jade Imperial\"}]},{\"@type\":\"WebSite\",\"@id\":\"https:\/\/artesagrado.com.mx\/#website\",\"url\":\"https:\/\/artesagrado.com.mx\/\",\"name\":\"Arte Sagrado\",\"description\":\"Empoderando tu ser\",\"publisher\":{\"@id\":\"https:\/\/artesagrado.com.mx\/#organization\"},\"alternateName\":\"Arte Sagrado M\u00e9xico\",\"potentialAction\":[{\"@type\":\"SearchAction\",\"target\":{\"@type\":\"EntryPoint\",\"urlTemplate\":\"https:\/\/artesagrado.com.mx\/?s={search_term_string}\"},\"query-input\":{\"@type\":\"PropertyValueSpecification\",\"valueRequired\":true,\"valueName\":\"search_term_string\"}}],\"inLanguage\":\"en-US\"},{\"@type\":\"Organization\",\"@id\":\"https:\/\/artesagrado.com.mx\/#organization\",\"name\":\"Arte Sagrado\",\"alternateName\":\"Arte Sagrado M\u00e9xico\",\"url\":\"https:\/\/artesagrado.com.mx\/\",\"logo\":{\"@type\":\"ImageObject\",\"inLanguage\":\"en-US\",\"@id\":\"https:\/\/artesagrado.com.mx\/#\/schema\/logo\/image\/\",\"url\":\"https:\/\/artesagrado.com.mx\/wp-content\/uploads\/2024\/07\/portada_cuadrada_base_arte-sagrado.webp\",\"contentUrl\":\"https:\/\/artesagrado.com.mx\/wp-content\/uploads\/2024\/07\/portada_cuadrada_base_arte-sagrado.webp\",\"width\":1000,\"height\":1000,\"caption\":\"Arte Sagrado\"},\"image\":{\"@id\":\"https:\/\/artesagrado.com.mx\/#\/schema\/logo\/image\/\"},\"sameAs\":[\"https:\/\/www.facebook.com\/ArteSagradoMexico\",\"https:\/\/www.instagram.com\/arte_sagrado_oficial\/\",\"https:\/\/www.tiktok.com\/@arte_sagrado_oficial\"],\"description\":\"Arte Sagrado\u00ae es un proyecto pensado, sentido y accionado al servicio de la humanidad y la conciencia. Nacemos en tiempos precisos donde la luz y el recuerdo de nuestra grandeza, empiezan a resplandecer; es por eso que nuestro proyecto se enfoca y especializa en contribuir con informaci\u00f3n y conocimiento de los arquetipos originales y el lenguaje de la geometr\u00eda sagrada.\",\"publishingPrinciples\":\"https:\/\/artesagrado.com.mx\/conoce-a-arte-sagrado\/\"}]}<\/script>\n<meta property=\"og:availability\" content=\"instock\" \/>\n<meta property=\"product:availability\" content=\"instock\" \/>\n<meta property=\"product:condition\" content=\"new\" \/>\n<!-- \/ Yoast SEO Premium plugin. -->","yoast_head_json":{"title":"Pulsera Flor de la Vida en Plata 0.925 con Rodocrosita Argentina y Jade Imperial &#8902; Arte Sagrado","description":"Pulsera Flor de la Vida en Plata 0.925 con Rodocrosita Argentina y Jade Imperial. Energ\u00eda y equilibrio con elegancia.","robots":{"index":"index","follow":"follow","max-snippet":"max-snippet:-1","max-image-preview":"max-image-preview:large","max-video-preview":"max-video-preview:-1"},"canonical":"https:\/\/artesagrado.com.mx\/en\/product\/pulsera-flor-de-la-vida-en-plata-0-925-con-rodocrosita-argentina-y-jade-imperial\/","og_locale":"en_US","og_type":"article","og_title":"Pulsera Flor de la Vida en Plata 0.925 con Rodocrosita Argentina y Jade Imperial","og_description":"Descubre la colecci\u00f3n de productos de Arte Sagrado M\u00e9xico: joyer\u00eda y dispositivos energ\u00e9ticos elaborados con geometr\u00eda sagrada y tecnolog\u00eda Org\u00f3n para equilibrar y armonizar tu vida.","og_url":"https:\/\/artesagrado.com.mx\/en\/product\/pulsera-flor-de-la-vida-en-plata-0-925-con-rodocrosita-argentina-y-jade-imperial\/","og_site_name":"Arte Sagrado","article_publisher":"https:\/\/www.facebook.com\/ArteSagradoMexico","article_modified_time":"2026-01-28T07:14:44+00:00","og_image":[{"width":1000,"height":1000,"url":"https:\/\/artesagrado.com.mx\/wp-content\/uploads\/2022\/12\/Pulsera-Flor-de-la-Vida-en-Plata-0.925-con-Rodocrosita-Argentina-y-Jade-Imperial_1.webp","type":"image\/webp"}],"twitter_card":"summary_large_image","twitter_misc":{"Availability":"In stock"},"schema":{"@context":"https:\/\/schema.org","@graph":[{"@type":"WebPage","@id":"https:\/\/artesagrado.com.mx\/producto\/pulsera-flor-de-la-vida-en-plata-0-925-con-rodocrosita-argentina-y-jade-imperial\/","url":"https:\/\/artesagrado.com.mx\/producto\/pulsera-flor-de-la-vida-en-plata-0-925-con-rodocrosita-argentina-y-jade-imperial\/","name":"Pulsera Flor de la Vida en Plata 0.925 con Rodocrosita Argentina y Jade Imperial &#8902; Arte Sagrado","isPartOf":{"@id":"https:\/\/artesagrado.com.mx\/#website"},"primaryImageOfPage":{"@id":"https:\/\/artesagrado.com.mx\/producto\/pulsera-flor-de-la-vida-en-plata-0-925-con-rodocrosita-argentina-y-jade-imperial\/#primaryimage"},"image":{"@id":"https:\/\/artesagrado.com.mx\/producto\/pulsera-flor-de-la-vida-en-plata-0-925-con-rodocrosita-argentina-y-jade-imperial\/#primaryimage"},"thumbnailUrl":"https:\/\/artesagrado.com.mx\/wp-content\/uploads\/2022\/12\/Pulsera-Flor-de-la-Vida-en-Plata-0.925-con-Rodocrosita-Argentina-y-Jade-Imperial_1.webp","datePublished":"2022-12-24T01:12:40+00:00","dateModified":"2026-01-28T07:14:44+00:00","description":"Pulsera Flor de la Vida en Plata 0.925 con Rodocrosita Argentina y Jade Imperial. Energ\u00eda y equilibrio con elegancia.","breadcrumb":{"@id":"https:\/\/artesagrado.com.mx\/producto\/pulsera-flor-de-la-vida-en-plata-0-925-con-rodocrosita-argentina-y-jade-imperial\/#breadcrumb"},"inLanguage":"en-US","potentialAction":[{"@type":"ReadAction","target":["https:\/\/artesagrado.com.mx\/producto\/pulsera-flor-de-la-vida-en-plata-0-925-con-rodocrosita-argentina-y-jade-imperial\/"]}]},{"@type":"ImageObject","inLanguage":"en-US","@id":"https:\/\/artesagrado.com.mx\/producto\/pulsera-flor-de-la-vida-en-plata-0-925-con-rodocrosita-argentina-y-jade-imperial\/#primaryimage","url":"https:\/\/artesagrado.com.mx\/wp-content\/uploads\/2022\/12\/Pulsera-Flor-de-la-Vida-en-Plata-0.925-con-Rodocrosita-Argentina-y-Jade-Imperial_1.webp","contentUrl":"https:\/\/artesagrado.com.mx\/wp-content\/uploads\/2022\/12\/Pulsera-Flor-de-la-Vida-en-Plata-0.925-con-Rodocrosita-Argentina-y-Jade-Imperial_1.webp","width":1000,"height":1000},{"@type":"BreadcrumbList","@id":"https:\/\/artesagrado.com.mx\/producto\/pulsera-flor-de-la-vida-en-plata-0-925-con-rodocrosita-argentina-y-jade-imperial\/#breadcrumb","itemListElement":[{"@type":"ListItem","position":1,"name":"Portada","item":"https:\/\/artesagrado.com.mx\/"},{"@type":"ListItem","position":2,"name":"Tienda","item":"https:\/\/artesagrado.com.mx\/tienda\/"},{"@type":"ListItem","position":3,"name":"Pulsera Flor de la Vida en Plata 0.925 con Rodocrosita Argentina y Jade Imperial"}]},{"@type":"WebSite","@id":"https:\/\/artesagrado.com.mx\/#website","url":"https:\/\/artesagrado.com.mx\/","name":"Arte Sagrado","description":"Empoderando tu ser","publisher":{"@id":"https:\/\/artesagrado.com.mx\/#organization"},"alternateName":"Arte Sagrado M\u00e9xico","potentialAction":[{"@type":"SearchAction","target":{"@type":"EntryPoint","urlTemplate":"https:\/\/artesagrado.com.mx\/?s={search_term_string}"},"query-input":{"@type":"PropertyValueSpecification","valueRequired":true,"valueName":"search_term_string"}}],"inLanguage":"en-US"},{"@type":"Organization","@id":"https:\/\/artesagrado.com.mx\/#organization","name":"Arte Sagrado","alternateName":"Arte Sagrado M\u00e9xico","url":"https:\/\/artesagrado.com.mx\/","logo":{"@type":"ImageObject","inLanguage":"en-US","@id":"https:\/\/artesagrado.com.mx\/#\/schema\/logo\/image\/","url":"https:\/\/artesagrado.com.mx\/wp-content\/uploads\/2024\/07\/portada_cuadrada_base_arte-sagrado.webp","contentUrl":"https:\/\/artesagrado.com.mx\/wp-content\/uploads\/2024\/07\/portada_cuadrada_base_arte-sagrado.webp","width":1000,"height":1000,"caption":"Arte Sagrado"},"image":{"@id":"https:\/\/artesagrado.com.mx\/#\/schema\/logo\/image\/"},"sameAs":["https:\/\/www.facebook.com\/ArteSagradoMexico","https:\/\/www.instagram.com\/arte_sagrado_oficial\/","https:\/\/www.tiktok.com\/@arte_sagrado_oficial"],"description":"Arte Sagrado\u00ae es un proyecto pensado, sentido y accionado al servicio de la humanidad y la conciencia. Nacemos en tiempos precisos donde la luz y el recuerdo de nuestra grandeza, empiezan a resplandecer; es por eso que nuestro proyecto se enfoca y especializa en contribuir con informaci\u00f3n y conocimiento de los arquetipos originales y el lenguaje de la geometr\u00eda sagrada.","publishingPrinciples":"https:\/\/artesagrado.com.mx\/conoce-a-arte-sagrado\/"}]},"og_availability":"instock","product_availability":"instock","product_condition":"new"},"jetpack_sharing_enabled":true,"_links":{"self":[{"href":"https:\/\/artesagrado.com.mx\/en\/wp-json\/wp\/v2\/product\/23541","targetHints":{"allow":["GET"]}}],"collection":[{"href":"https:\/\/artesagrado.com.mx\/en\/wp-json\/wp\/v2\/product"}],"about":[{"href":"https:\/\/artesagrado.com.mx\/en\/wp-json\/wp\/v2\/types\/product"}],"replies":[{"embeddable":true,"href":"https:\/\/artesagrado.com.mx\/en\/wp-json\/wp\/v2\/comments?post=23541"}],"wp:featuredmedia":[{"embeddable":true,"href":"https:\/\/artesagrado.com.mx\/en\/wp-json\/wp\/v2\/media\/41644"}],"wp:attachment":[{"href":"https:\/\/artesagrado.com.mx\/en\/wp-json\/wp\/v2\/media?parent=23541"}],"wp:term":[{"taxonomy":"astrologia","embeddable":true,"href":"https:\/\/artesagrado.com.mx\/en\/wp-json\/wp\/v2\/astrologia?post=23541"},{"taxonomy":"coleccion","embeddable":true,"href":"https:\/\/artesagrado.com.mx\/en\/wp-json\/wp\/v2\/coleccion?post=23541"},{"taxonomy":"joyeria","embeddable":true,"href":"https:\/\/artesagrado.com.mx\/en\/wp-json\/wp\/v2\/joyeria?post=23541"},{"taxonomy":"linea","embeddable":true,"href":"https:\/\/artesagrado.com.mx\/en\/wp-json\/wp\/v2\/linea?post=23541"},{"taxonomy":"material","embeddable":true,"href":"https:\/\/artesagrado.com.mx\/en\/wp-json\/wp\/v2\/material?post=23541"},{"taxonomy":"orgonita","embeddable":true,"href":"https:\/\/artesagrado.com.mx\/en\/wp-json\/wp\/v2\/orgonita?post=23541"},{"taxonomy":"piedra","embeddable":true,"href":"https:\/\/artesagrado.com.mx\/en\/wp-json\/wp\/v2\/piedra?post=23541"},{"taxonomy":"proposito","embeddable":true,"href":"https:\/\/artesagrado.com.mx\/en\/wp-json\/wp\/v2\/proposito?post=23541"},{"taxonomy":"simbolo","embeddable":true,"href":"https:\/\/artesagrado.com.mx\/en\/wp-json\/wp\/v2\/simbolo?post=23541"},{"taxonomy":"tamano","embeddable":true,"href":"https:\/\/artesagrado.com.mx\/en\/wp-json\/wp\/v2\/tamano?post=23541"},{"taxonomy":"visibilidad-producto-nuevo","embeddable":true,"href":"https:\/\/artesagrado.com.mx\/en\/wp-json\/wp\/v2\/visibilidad-producto-nuevo?post=23541"},{"taxonomy":"product_brand","embeddable":true,"href":"https:\/\/artesagrado.com.mx\/en\/wp-json\/wp\/v2\/product_brand?post=23541"},{"taxonomy":"product_cat","embeddable":true,"href":"https:\/\/artesagrado.com.mx\/en\/wp-json\/wp\/v2\/product_cat?post=23541"},{"taxonomy":"product_tag","embeddable":true,"href":"https:\/\/artesagrado.com.mx\/en\/wp-json\/wp\/v2\/product_tag?post=23541"}],"curies":[{"name":"wp","href":"https:\/\/api.w.org\/{rel}","templated":true}]}}