{"id":23557,"date":"2022-12-23T19:44:59","date_gmt":"2022-12-24T01:44:59","guid":{"rendered":"https:\/\/artesagrado.com.mx\/producto\/pulsera-flor-de-la-vida-en-plata-0-925-con-ojo-de-aguila-y-citrino-brasileno\/"},"modified":"2026-01-28T01:14:44","modified_gmt":"2026-01-28T07:14:44","slug":"pulsera-flor-de-la-vida-en-plata-0-925-con-ojo-de-aguila-y-citrino-brasileno","status":"publish","type":"product","link":"https:\/\/artesagrado.com.mx\/en\/product\/pulsera-flor-de-la-vida-en-plata-0-925-con-ojo-de-aguila-y-citrino-brasileno\/","title":{"rendered":"Flower of Life Bracelet in 0.925 Sterling Silver with Eagle Eye and Brazilian Citrine"},"content":{"rendered":"<p>Dr. Willheim Reich described the<strong> Orgone<\/strong> as the cosmic energy that is part of all living matter. The name comes from \"organism and orgasm\", which refers to the vital energy and creative power.<\/p>\n<p>An orgone generator or energy transmuter is a compact and solid structure made to stimulate the piezoelectric properties of its materials and thus attract, accumulate, order and enhance the energy present, transforming the negative and chaotic electromagnetic waves into vital energy, harmonized and in perfect harmony with nature, which is reflected in restorative biological effects, which is why it has been used for therapeutic purposes due to its benefits in a wide range of applications.<\/p>\n<p>&nbsp;<\/p>\n<p>The <strong>Flower of Life<\/strong>contains within its proportions each and every aspect of life that exists, every mathematical formula, every law of physics, every musical harmony, every form of life, (including the wonder of the human body) every atom, every cell, every dimensional level; absolutely everything contained in multi-universes of waveforms.<\/p>\n<p>The symbol of the Flower of Life is considered sacred, since within it lies the code of all creation.<\/p>\n<p>The \"Flower of Life\" is undoubtedly the most powerful symbol of Creation.<\/p>\n<p>&nbsp;<\/p>\n<p>The stone <strong>Eagle Eye<\/strong> represents the guardian angel who sees all, is the eye of the one who rises above the world, promotes vision, intuition and increases psychic abilities such as clairvoyance, cleansing and adjusting the third eye chakra.<\/p>\n<p>Its main connection is with the earth, it promotes the connection with the earth and the material, stimulating and invigorating the physical body, giving strength to the root chakra.<\/p>\n<p>It helps to have a better perspective in complicated situations and therefore is also useful in case of difficulties in making decisions, helps in case of nervousness and promotes inner peace.<\/p>\n<p>In the Middle Ages it was worn as an amulet against spells, demons and the evil eye.<\/p>\n<p>It develops empathy and promotes openness to new ways of thinking by opening up to others.<\/p>\n<p>Releases emotional blockages.<\/p>\n<p>Attracts abundance.<\/p>\n<p>&nbsp;<\/p>\n<p>The <strong>Brazilian Citrine<\/strong> has always been highly valued. It is considered the archetype of the Master, mainly because it was created by the Great Mother, the Amethyst.<\/p>\n<p>Citrine is spatially related to spiritual nobility and enlightenment. It is said to represent those who have reached the peak of spiritual consciousness, that is, who are already the best presentation of themselves.<\/p>\n<p>But let's see what properties citrine quartz has to offer you.<\/p>\n<p>It is regenerative. It is good for discharging negative energies and is considered an element that helps to discharge, to cleanse, to drive away negative energies.<\/p>\n<p>It is purifying. It is very useful to eliminate bad vibrations from the environment. In fact, it is widely used in feng shui to eradicate negative energies.<\/p>\n<p>It is energizing. It works very well on fatigue and is also good for liver, kidney and biliary problems, among other physical ailments that can be treated with citrine.<\/p>\n<p>It has a great positive energy. On the other hand, it has a powerful side related to happiness, abundance, wealth and also success. It is related to generosity, high self-esteem and also self-confidence, self-assurance. It also absorbs negative energy.<\/p>\n<p>It helps with depression. Like any stone, it is often used to work certain problems that have to do with the mentality. Being a stone somewhat related to the ego, it helps those who have drawbacks in this regard. It is also good against depression, phobias and other related fears.<\/p>\n<p>Relieves digestive problems. It is said to be good for relieving stomach discomfort and pains in the abdominal area. It would also be good for improving circulation. Helps heal the liver and keep kidney and digestive functions at their peak.<\/p>\n<p>It raises self-esteem. If you are going through a difficult time or need a great incentive, yellow quartz can help you thanks to its great power to boost your optimism, be enlightened and reborn.<\/p>\n<p>Emotional protector. If you are living adverse or complicated circumstances at home, or you have to go to a place with negative energy, citrine can help you. It will protect you in heavy and negative environments thanks to its illumination and positive energy.Activates your creativity. Citrine is used to channel energy from the crown chakra to the plexus, which will help you to stimulate consciousness, encouraging creativity. Don't forget that it is important to be in a space that also helps you to realize the creative process.<\/p>\n<p>Strengthens the aura. This electromagnetic field surrounds all matter and it is important to keep it strong to avoid being hurt by others, that is, it acts as a protective shield. You can use citrine to strengthen it and lead a happy and fulfilling life.<\/p>","protected":false},"excerpt":{"rendered":"<p><strong><span>Eagle's Eye, Brazilian Citrine, Flower of Life, Silver<\/span><\/strong><\/p>\n<ul>\n<li><span>8 millimeter beads.<\/span><\/li>\n<li><span>Flower of Life in Silver<\/span><\/li>\n<\/ul>\n<p><span>NOTE: Due to their nature, some of the pieces that make up this work of power may vary in detail, tone and color.<\/span><\/p>","protected":false},"featured_media":41626,"comment_status":"open","ping_status":"closed","template":"","meta":{"_acf_changed":false,"site-sidebar-layout":"default","site-content-layout":"","ast-site-content-layout":"default","site-content-style":"default","site-sidebar-style":"default","ast-global-header-display":"","ast-banner-title-visibility":"","ast-main-header-display":"","ast-hfb-above-header-display":"","ast-hfb-below-header-display":"","ast-hfb-mobile-header-display":"","site-post-title":"","ast-breadcrumbs-content":"","ast-featured-img":"","footer-sml-layout":"","ast-disable-related-posts":"","theme-transparent-header-meta":"default","adv-header-id-meta":"","stick-header-meta":"","header-above-stick-meta":"","header-main-stick-meta":"","header-below-stick-meta":"","astra-migrate-meta-layouts":"set","ast-page-background-enabled":"default","ast-page-background-meta":{"desktop":{"background-color":"var(--ast-global-color-4)","background-image":"","background-repeat":"repeat","background-position":"center center","background-size":"auto","background-attachment":"scroll","background-type":"","background-media":"","overlay-type":"","overlay-color":"","overlay-opacity":"","overlay-gradient":""},"tablet":{"background-color":"","background-image":"","background-repeat":"repeat","background-position":"center center","background-size":"auto","background-attachment":"scroll","background-type":"","background-media":"","overlay-type":"","overlay-color":"","overlay-opacity":"","overlay-gradient":""},"mobile":{"background-color":"","background-image":"","background-repeat":"repeat","background-position":"center center","background-size":"auto","background-attachment":"scroll","background-type":"","background-media":"","overlay-type":"","overlay-color":"","overlay-opacity":"","overlay-gradient":""}},"ast-content-background-meta":{"desktop":{"background-color":"var(--ast-global-color-5)","background-image":"","background-repeat":"repeat","background-position":"center center","background-size":"auto","background-attachment":"scroll","background-type":"","background-media":"","overlay-type":"","overlay-color":"","overlay-opacity":"","overlay-gradient":""},"tablet":{"background-color":"var(--ast-global-color-5)","background-image":"","background-repeat":"repeat","background-position":"center center","background-size":"auto","background-attachment":"scroll","background-type":"","background-media":"","overlay-type":"","overlay-color":"","overlay-opacity":"","overlay-gradient":""},"mobile":{"background-color":"var(--ast-global-color-5)","background-image":"","background-repeat":"repeat","background-position":"center center","background-size":"auto","background-attachment":"scroll","background-type":"","background-media":"","overlay-type":"","overlay-color":"","overlay-opacity":"","overlay-gradient":""}},"_joinchat":[]},"astrologia":[],"coleccion":[961],"joyeria":[1574,1583,1588,1585],"linea":[],"material":[2342,2424,2227],"orgonita":[],"piedra":[872,892,901],"proposito":[685,818,686,687,688,1769,690,777,819,692,740,694],"simbolo":[834],"tamano":[2422],"visibilidad-producto-nuevo":[],"product_brand":[],"product_cat":[1617,1618],"product_tag":[],"class_list":{"0":"post-23557","1":"product","2":"type-product","3":"status-publish","4":"has-post-thumbnail","6":"coleccion-cuarzos-exoticos","7":"joyeria-coleccion-joyeria","8":"joyeria-pulseras","9":"joyeria-pulseras-de-cuarzo","10":"joyeria-pulseras-de-plata","11":"material-cuarzo","12":"material-elastico","13":"material-plata","14":"piedra-cuarzo-citrino","15":"piedra-ojo-de-aguila","16":"piedra-plata","17":"proposito-abundancia","18":"proposito-activacion-energetica","19":"proposito-alta-proteccion","20":"proposito-amor-y-amistad","21":"proposito-armonia","22":"proposito-conexion-interna","23":"proposito-despertar-de-conciencia","24":"proposito-funcionalidad","25":"proposito-integracion","26":"proposito-intuicion","27":"proposito-prosperidad","28":"proposito-purificacion","29":"simbolo-flor-de-la-vida","30":"tamano-regular","31":"product_cat-colecciones","32":"product_cat-joyeria","33":"pa_cuarzos-citrino-brasileno","34":"pa_cuarzos-ojo-de-aguila","35":"pa_simbolo-flor-de-la-vida","36":"desktop-align-left","37":"tablet-align-left","38":"mobile-align-left","40":"first","41":"instock","42":"shipping-taxable","43":"purchasable","44":"product-type-variable","45":"has-default-attributes","46":"wvs-archive-product-wrapper"},"acf":[],"yoast_head":"<!-- This site is optimized with the Yoast SEO Premium plugin v24.9 (Yoast SEO v24.9) - https:\/\/yoast.com\/wordpress\/plugins\/seo\/ -->\n<title>Pulsera Flor de la Vida en Plata 0.925 con Ojo de \u00c1guila y Citrino Brasile\u00f1o &#8902; Arte Sagrado<\/title>\n<meta name=\"description\" content=\"Pulsera Flor de la Vida en Plata 0.925 con Ojo de \u00c1guila y Citrino Brasile\u00f1o. Energ\u00eda y protecci\u00f3n con elegancia.\" \/>\n<meta name=\"robots\" content=\"index, follow, max-snippet:-1, max-image-preview:large, max-video-preview:-1\" \/>\n<link rel=\"canonical\" href=\"https:\/\/artesagrado.com.mx\/en\/product\/pulsera-flor-de-la-vida-en-plata-0-925-con-ojo-de-aguila-y-citrino-brasileno\/\" \/>\n<meta property=\"og:locale\" content=\"en_US\" \/>\n<meta property=\"og:type\" content=\"article\" \/>\n<meta property=\"og:title\" content=\"Pulsera Flor de la Vida en Plata 0.925 con Ojo de \u00c1guila y Citrino Brasile\u00f1o\" \/>\n<meta property=\"og:description\" content=\"Descubre la colecci\u00f3n de productos de Arte Sagrado M\u00e9xico: joyer\u00eda y dispositivos energ\u00e9ticos elaborados con geometr\u00eda sagrada y tecnolog\u00eda Org\u00f3n para equilibrar y armonizar tu vida.\" \/>\n<meta property=\"og:url\" content=\"https:\/\/artesagrado.com.mx\/en\/product\/pulsera-flor-de-la-vida-en-plata-0-925-con-ojo-de-aguila-y-citrino-brasileno\/\" \/>\n<meta property=\"og:site_name\" content=\"Arte Sagrado\" \/>\n<meta property=\"article:publisher\" content=\"https:\/\/www.facebook.com\/ArteSagradoMexico\" \/>\n<meta property=\"article:modified_time\" content=\"2026-01-28T07:14:44+00:00\" \/>\n<meta property=\"og:image\" content=\"https:\/\/artesagrado.com.mx\/wp-content\/uploads\/2022\/12\/Pulsera-Flor-de-la-Vida-en-Plata-0.925-con-Ojo-de-Aguila-y-Citrino-Brasileno_1.webp\" \/>\n\t<meta property=\"og:image:width\" content=\"1000\" \/>\n\t<meta property=\"og:image:height\" content=\"1000\" \/>\n\t<meta property=\"og:image:type\" content=\"image\/webp\" \/>\n<meta name=\"twitter:card\" content=\"summary_large_image\" \/>\n<meta name=\"twitter:label1\" content=\"Availability\" \/>\n\t<meta name=\"twitter:data1\" content=\"In stock\" \/>\n<script type=\"application\/ld+json\" class=\"yoast-schema-graph\">{\"@context\":\"https:\/\/schema.org\",\"@graph\":[{\"@type\":\"WebPage\",\"@id\":\"https:\/\/artesagrado.com.mx\/producto\/pulsera-flor-de-la-vida-en-plata-0-925-con-ojo-de-aguila-y-citrino-brasileno\/\",\"url\":\"https:\/\/artesagrado.com.mx\/producto\/pulsera-flor-de-la-vida-en-plata-0-925-con-ojo-de-aguila-y-citrino-brasileno\/\",\"name\":\"Pulsera Flor de la Vida en Plata 0.925 con Ojo de \u00c1guila y Citrino Brasile\u00f1o &#8902; Arte Sagrado\",\"isPartOf\":{\"@id\":\"https:\/\/artesagrado.com.mx\/#website\"},\"primaryImageOfPage\":{\"@id\":\"https:\/\/artesagrado.com.mx\/producto\/pulsera-flor-de-la-vida-en-plata-0-925-con-ojo-de-aguila-y-citrino-brasileno\/#primaryimage\"},\"image\":{\"@id\":\"https:\/\/artesagrado.com.mx\/producto\/pulsera-flor-de-la-vida-en-plata-0-925-con-ojo-de-aguila-y-citrino-brasileno\/#primaryimage\"},\"thumbnailUrl\":\"https:\/\/artesagrado.com.mx\/wp-content\/uploads\/2022\/12\/Pulsera-Flor-de-la-Vida-en-Plata-0.925-con-Ojo-de-Aguila-y-Citrino-Brasileno_1.webp\",\"datePublished\":\"2022-12-24T01:44:59+00:00\",\"dateModified\":\"2026-01-28T07:14:44+00:00\",\"description\":\"Pulsera Flor de la Vida en Plata 0.925 con Ojo de \u00c1guila y Citrino Brasile\u00f1o. Energ\u00eda y protecci\u00f3n con elegancia.\",\"breadcrumb\":{\"@id\":\"https:\/\/artesagrado.com.mx\/producto\/pulsera-flor-de-la-vida-en-plata-0-925-con-ojo-de-aguila-y-citrino-brasileno\/#breadcrumb\"},\"inLanguage\":\"en-US\",\"potentialAction\":[{\"@type\":\"ReadAction\",\"target\":[\"https:\/\/artesagrado.com.mx\/producto\/pulsera-flor-de-la-vida-en-plata-0-925-con-ojo-de-aguila-y-citrino-brasileno\/\"]}]},{\"@type\":\"ImageObject\",\"inLanguage\":\"en-US\",\"@id\":\"https:\/\/artesagrado.com.mx\/producto\/pulsera-flor-de-la-vida-en-plata-0-925-con-ojo-de-aguila-y-citrino-brasileno\/#primaryimage\",\"url\":\"https:\/\/artesagrado.com.mx\/wp-content\/uploads\/2022\/12\/Pulsera-Flor-de-la-Vida-en-Plata-0.925-con-Ojo-de-Aguila-y-Citrino-Brasileno_1.webp\",\"contentUrl\":\"https:\/\/artesagrado.com.mx\/wp-content\/uploads\/2022\/12\/Pulsera-Flor-de-la-Vida-en-Plata-0.925-con-Ojo-de-Aguila-y-Citrino-Brasileno_1.webp\",\"width\":1000,\"height\":1000},{\"@type\":\"BreadcrumbList\",\"@id\":\"https:\/\/artesagrado.com.mx\/producto\/pulsera-flor-de-la-vida-en-plata-0-925-con-ojo-de-aguila-y-citrino-brasileno\/#breadcrumb\",\"itemListElement\":[{\"@type\":\"ListItem\",\"position\":1,\"name\":\"Portada\",\"item\":\"https:\/\/artesagrado.com.mx\/\"},{\"@type\":\"ListItem\",\"position\":2,\"name\":\"Tienda\",\"item\":\"https:\/\/artesagrado.com.mx\/tienda\/\"},{\"@type\":\"ListItem\",\"position\":3,\"name\":\"Pulsera Flor de la Vida en Plata 0.925 con Ojo de \u00c1guila y Citrino Brasile\u00f1o\"}]},{\"@type\":\"WebSite\",\"@id\":\"https:\/\/artesagrado.com.mx\/#website\",\"url\":\"https:\/\/artesagrado.com.mx\/\",\"name\":\"Arte Sagrado\",\"description\":\"Empoderando tu ser\",\"publisher\":{\"@id\":\"https:\/\/artesagrado.com.mx\/#organization\"},\"alternateName\":\"Arte Sagrado M\u00e9xico\",\"potentialAction\":[{\"@type\":\"SearchAction\",\"target\":{\"@type\":\"EntryPoint\",\"urlTemplate\":\"https:\/\/artesagrado.com.mx\/?s={search_term_string}\"},\"query-input\":{\"@type\":\"PropertyValueSpecification\",\"valueRequired\":true,\"valueName\":\"search_term_string\"}}],\"inLanguage\":\"en-US\"},{\"@type\":\"Organization\",\"@id\":\"https:\/\/artesagrado.com.mx\/#organization\",\"name\":\"Arte Sagrado\",\"alternateName\":\"Arte Sagrado M\u00e9xico\",\"url\":\"https:\/\/artesagrado.com.mx\/\",\"logo\":{\"@type\":\"ImageObject\",\"inLanguage\":\"en-US\",\"@id\":\"https:\/\/artesagrado.com.mx\/#\/schema\/logo\/image\/\",\"url\":\"https:\/\/artesagrado.com.mx\/wp-content\/uploads\/2024\/07\/portada_cuadrada_base_arte-sagrado.webp\",\"contentUrl\":\"https:\/\/artesagrado.com.mx\/wp-content\/uploads\/2024\/07\/portada_cuadrada_base_arte-sagrado.webp\",\"width\":1000,\"height\":1000,\"caption\":\"Arte Sagrado\"},\"image\":{\"@id\":\"https:\/\/artesagrado.com.mx\/#\/schema\/logo\/image\/\"},\"sameAs\":[\"https:\/\/www.facebook.com\/ArteSagradoMexico\",\"https:\/\/www.instagram.com\/arte_sagrado_oficial\/\",\"https:\/\/www.tiktok.com\/@arte_sagrado_oficial\"],\"description\":\"Arte Sagrado\u00ae es un proyecto pensado, sentido y accionado al servicio de la humanidad y la conciencia. Nacemos en tiempos precisos donde la luz y el recuerdo de nuestra grandeza, empiezan a resplandecer; es por eso que nuestro proyecto se enfoca y especializa en contribuir con informaci\u00f3n y conocimiento de los arquetipos originales y el lenguaje de la geometr\u00eda sagrada.\",\"publishingPrinciples\":\"https:\/\/artesagrado.com.mx\/conoce-a-arte-sagrado\/\"}]}<\/script>\n<meta property=\"og:availability\" content=\"instock\" \/>\n<meta property=\"product:availability\" content=\"instock\" \/>\n<meta property=\"product:condition\" content=\"new\" \/>\n<!-- \/ Yoast SEO Premium plugin. -->","yoast_head_json":{"title":"Pulsera Flor de la Vida en Plata 0.925 con Ojo de \u00c1guila y Citrino Brasile\u00f1o &#8902; Arte Sagrado","description":"Pulsera Flor de la Vida en Plata 0.925 con Ojo de \u00c1guila y Citrino Brasile\u00f1o. Energ\u00eda y protecci\u00f3n con elegancia.","robots":{"index":"index","follow":"follow","max-snippet":"max-snippet:-1","max-image-preview":"max-image-preview:large","max-video-preview":"max-video-preview:-1"},"canonical":"https:\/\/artesagrado.com.mx\/en\/product\/pulsera-flor-de-la-vida-en-plata-0-925-con-ojo-de-aguila-y-citrino-brasileno\/","og_locale":"en_US","og_type":"article","og_title":"Pulsera Flor de la Vida en Plata 0.925 con Ojo de \u00c1guila y Citrino Brasile\u00f1o","og_description":"Descubre la colecci\u00f3n de productos de Arte Sagrado M\u00e9xico: joyer\u00eda y dispositivos energ\u00e9ticos elaborados con geometr\u00eda sagrada y tecnolog\u00eda Org\u00f3n para equilibrar y armonizar tu vida.","og_url":"https:\/\/artesagrado.com.mx\/en\/product\/pulsera-flor-de-la-vida-en-plata-0-925-con-ojo-de-aguila-y-citrino-brasileno\/","og_site_name":"Arte Sagrado","article_publisher":"https:\/\/www.facebook.com\/ArteSagradoMexico","article_modified_time":"2026-01-28T07:14:44+00:00","og_image":[{"width":1000,"height":1000,"url":"https:\/\/artesagrado.com.mx\/wp-content\/uploads\/2022\/12\/Pulsera-Flor-de-la-Vida-en-Plata-0.925-con-Ojo-de-Aguila-y-Citrino-Brasileno_1.webp","type":"image\/webp"}],"twitter_card":"summary_large_image","twitter_misc":{"Availability":"In stock"},"schema":{"@context":"https:\/\/schema.org","@graph":[{"@type":"WebPage","@id":"https:\/\/artesagrado.com.mx\/producto\/pulsera-flor-de-la-vida-en-plata-0-925-con-ojo-de-aguila-y-citrino-brasileno\/","url":"https:\/\/artesagrado.com.mx\/producto\/pulsera-flor-de-la-vida-en-plata-0-925-con-ojo-de-aguila-y-citrino-brasileno\/","name":"Pulsera Flor de la Vida en Plata 0.925 con Ojo de \u00c1guila y Citrino Brasile\u00f1o &#8902; Arte Sagrado","isPartOf":{"@id":"https:\/\/artesagrado.com.mx\/#website"},"primaryImageOfPage":{"@id":"https:\/\/artesagrado.com.mx\/producto\/pulsera-flor-de-la-vida-en-plata-0-925-con-ojo-de-aguila-y-citrino-brasileno\/#primaryimage"},"image":{"@id":"https:\/\/artesagrado.com.mx\/producto\/pulsera-flor-de-la-vida-en-plata-0-925-con-ojo-de-aguila-y-citrino-brasileno\/#primaryimage"},"thumbnailUrl":"https:\/\/artesagrado.com.mx\/wp-content\/uploads\/2022\/12\/Pulsera-Flor-de-la-Vida-en-Plata-0.925-con-Ojo-de-Aguila-y-Citrino-Brasileno_1.webp","datePublished":"2022-12-24T01:44:59+00:00","dateModified":"2026-01-28T07:14:44+00:00","description":"Pulsera Flor de la Vida en Plata 0.925 con Ojo de \u00c1guila y Citrino Brasile\u00f1o. Energ\u00eda y protecci\u00f3n con elegancia.","breadcrumb":{"@id":"https:\/\/artesagrado.com.mx\/producto\/pulsera-flor-de-la-vida-en-plata-0-925-con-ojo-de-aguila-y-citrino-brasileno\/#breadcrumb"},"inLanguage":"en-US","potentialAction":[{"@type":"ReadAction","target":["https:\/\/artesagrado.com.mx\/producto\/pulsera-flor-de-la-vida-en-plata-0-925-con-ojo-de-aguila-y-citrino-brasileno\/"]}]},{"@type":"ImageObject","inLanguage":"en-US","@id":"https:\/\/artesagrado.com.mx\/producto\/pulsera-flor-de-la-vida-en-plata-0-925-con-ojo-de-aguila-y-citrino-brasileno\/#primaryimage","url":"https:\/\/artesagrado.com.mx\/wp-content\/uploads\/2022\/12\/Pulsera-Flor-de-la-Vida-en-Plata-0.925-con-Ojo-de-Aguila-y-Citrino-Brasileno_1.webp","contentUrl":"https:\/\/artesagrado.com.mx\/wp-content\/uploads\/2022\/12\/Pulsera-Flor-de-la-Vida-en-Plata-0.925-con-Ojo-de-Aguila-y-Citrino-Brasileno_1.webp","width":1000,"height":1000},{"@type":"BreadcrumbList","@id":"https:\/\/artesagrado.com.mx\/producto\/pulsera-flor-de-la-vida-en-plata-0-925-con-ojo-de-aguila-y-citrino-brasileno\/#breadcrumb","itemListElement":[{"@type":"ListItem","position":1,"name":"Portada","item":"https:\/\/artesagrado.com.mx\/"},{"@type":"ListItem","position":2,"name":"Tienda","item":"https:\/\/artesagrado.com.mx\/tienda\/"},{"@type":"ListItem","position":3,"name":"Pulsera Flor de la Vida en Plata 0.925 con Ojo de \u00c1guila y Citrino Brasile\u00f1o"}]},{"@type":"WebSite","@id":"https:\/\/artesagrado.com.mx\/#website","url":"https:\/\/artesagrado.com.mx\/","name":"Arte Sagrado","description":"Empoderando tu ser","publisher":{"@id":"https:\/\/artesagrado.com.mx\/#organization"},"alternateName":"Arte Sagrado M\u00e9xico","potentialAction":[{"@type":"SearchAction","target":{"@type":"EntryPoint","urlTemplate":"https:\/\/artesagrado.com.mx\/?s={search_term_string}"},"query-input":{"@type":"PropertyValueSpecification","valueRequired":true,"valueName":"search_term_string"}}],"inLanguage":"en-US"},{"@type":"Organization","@id":"https:\/\/artesagrado.com.mx\/#organization","name":"Arte Sagrado","alternateName":"Arte Sagrado M\u00e9xico","url":"https:\/\/artesagrado.com.mx\/","logo":{"@type":"ImageObject","inLanguage":"en-US","@id":"https:\/\/artesagrado.com.mx\/#\/schema\/logo\/image\/","url":"https:\/\/artesagrado.com.mx\/wp-content\/uploads\/2024\/07\/portada_cuadrada_base_arte-sagrado.webp","contentUrl":"https:\/\/artesagrado.com.mx\/wp-content\/uploads\/2024\/07\/portada_cuadrada_base_arte-sagrado.webp","width":1000,"height":1000,"caption":"Arte Sagrado"},"image":{"@id":"https:\/\/artesagrado.com.mx\/#\/schema\/logo\/image\/"},"sameAs":["https:\/\/www.facebook.com\/ArteSagradoMexico","https:\/\/www.instagram.com\/arte_sagrado_oficial\/","https:\/\/www.tiktok.com\/@arte_sagrado_oficial"],"description":"Arte Sagrado\u00ae es un proyecto pensado, sentido y accionado al servicio de la humanidad y la conciencia. Nacemos en tiempos precisos donde la luz y el recuerdo de nuestra grandeza, empiezan a resplandecer; es por eso que nuestro proyecto se enfoca y especializa en contribuir con informaci\u00f3n y conocimiento de los arquetipos originales y el lenguaje de la geometr\u00eda sagrada.","publishingPrinciples":"https:\/\/artesagrado.com.mx\/conoce-a-arte-sagrado\/"}]},"og_availability":"instock","product_availability":"instock","product_condition":"new"},"jetpack_sharing_enabled":true,"_links":{"self":[{"href":"https:\/\/artesagrado.com.mx\/en\/wp-json\/wp\/v2\/product\/23557","targetHints":{"allow":["GET"]}}],"collection":[{"href":"https:\/\/artesagrado.com.mx\/en\/wp-json\/wp\/v2\/product"}],"about":[{"href":"https:\/\/artesagrado.com.mx\/en\/wp-json\/wp\/v2\/types\/product"}],"replies":[{"embeddable":true,"href":"https:\/\/artesagrado.com.mx\/en\/wp-json\/wp\/v2\/comments?post=23557"}],"wp:featuredmedia":[{"embeddable":true,"href":"https:\/\/artesagrado.com.mx\/en\/wp-json\/wp\/v2\/media\/41626"}],"wp:attachment":[{"href":"https:\/\/artesagrado.com.mx\/en\/wp-json\/wp\/v2\/media?parent=23557"}],"wp:term":[{"taxonomy":"astrologia","embeddable":true,"href":"https:\/\/artesagrado.com.mx\/en\/wp-json\/wp\/v2\/astrologia?post=23557"},{"taxonomy":"coleccion","embeddable":true,"href":"https:\/\/artesagrado.com.mx\/en\/wp-json\/wp\/v2\/coleccion?post=23557"},{"taxonomy":"joyeria","embeddable":true,"href":"https:\/\/artesagrado.com.mx\/en\/wp-json\/wp\/v2\/joyeria?post=23557"},{"taxonomy":"linea","embeddable":true,"href":"https:\/\/artesagrado.com.mx\/en\/wp-json\/wp\/v2\/linea?post=23557"},{"taxonomy":"material","embeddable":true,"href":"https:\/\/artesagrado.com.mx\/en\/wp-json\/wp\/v2\/material?post=23557"},{"taxonomy":"orgonita","embeddable":true,"href":"https:\/\/artesagrado.com.mx\/en\/wp-json\/wp\/v2\/orgonita?post=23557"},{"taxonomy":"piedra","embeddable":true,"href":"https:\/\/artesagrado.com.mx\/en\/wp-json\/wp\/v2\/piedra?post=23557"},{"taxonomy":"proposito","embeddable":true,"href":"https:\/\/artesagrado.com.mx\/en\/wp-json\/wp\/v2\/proposito?post=23557"},{"taxonomy":"simbolo","embeddable":true,"href":"https:\/\/artesagrado.com.mx\/en\/wp-json\/wp\/v2\/simbolo?post=23557"},{"taxonomy":"tamano","embeddable":true,"href":"https:\/\/artesagrado.com.mx\/en\/wp-json\/wp\/v2\/tamano?post=23557"},{"taxonomy":"visibilidad-producto-nuevo","embeddable":true,"href":"https:\/\/artesagrado.com.mx\/en\/wp-json\/wp\/v2\/visibilidad-producto-nuevo?post=23557"},{"taxonomy":"product_brand","embeddable":true,"href":"https:\/\/artesagrado.com.mx\/en\/wp-json\/wp\/v2\/product_brand?post=23557"},{"taxonomy":"product_cat","embeddable":true,"href":"https:\/\/artesagrado.com.mx\/en\/wp-json\/wp\/v2\/product_cat?post=23557"},{"taxonomy":"product_tag","embeddable":true,"href":"https:\/\/artesagrado.com.mx\/en\/wp-json\/wp\/v2\/product_tag?post=23557"}],"curies":[{"name":"wp","href":"https:\/\/api.w.org\/{rel}","templated":true}]}}