{"id":23815,"date":"2023-02-18T02:51:53","date_gmt":"2023-02-18T08:51:53","guid":{"rendered":"https:\/\/artesagrado.com.mx\/producto\/collar-hexagonal-orgon-del-arcangel-metatron-con-shungita-y-obsidiana-negra\/"},"modified":"2026-01-22T16:29:01","modified_gmt":"2026-01-22T22:29:01","slug":"collar-hexagonal-orgon-del-arcangel-metatron-con-shungita-y-obsidiana-negra","status":"publish","type":"product","link":"https:\/\/artesagrado.com.mx\/en\/product\/collar-hexagonal-orgon-del-arcangel-metatron-con-shungita-y-obsidiana-negra\/","title":{"rendered":"Archangel Metatron Hexagonal Orgone Necklace with Shungite and Black Obsidian"},"content":{"rendered":"<p>We created this collection with the most powerful elements for energetic protection: Metatron's Seal, Russian Shungite and black obsidian. Our collection is designed for your highest priority: multidimensional cleansing and protection.<\/p>\n<p>Our collection is inspired by Metatron, which is considered the pinnacle of ancient geometry and its emanating energy is given off from the highest expression. Its name comes from the Mighty Eighth of the Archangels, Metatron.<\/p>\n<p>Metatron is the guardian Archangel of our planet who intervenes Lovingly for its highest good; Metatron embodied his Soulic code in this symbol\/code and when drawn in space it acts as a great protector and enhancer, protecting people and places.<\/p>\n<p>This code is formed by thirteen circles, two tetrahedrons, which in turn form the Merkabah or body of light. An archetypal code loaded with Power and information of the reality and Divine Truths; that is why Metatron is also the main conductor and user of the Metatronic Energy, the one with which the universe itself was created. And that has known other names such as quantum or tachyon energy, depending on the science under which it is analyzed.<\/p>\n<p>Defining this energy is not as difficult as it might be considered. The power of this energy is that which manifests itself through thought, feeling and word. This is the origin of the idea that the universe was generated by a thought, a divine and marvelous thought that gave way to the infinite and perfect creation of which we are an intimate part.<\/p>\n<p>&nbsp;<\/p>\n<p>Dr. Willheim Reich described the<strong> Orgone<\/strong> as the cosmic energy that is part of all living matter. The name comes from \"organism and orgasm\", which refers to the vital energy and creative power.<\/p>\n<p>An orgone generator or energy transmuter is a compact and solid structure made to stimulate the piezoelectric properties of its materials and thus attract, accumulate, order and enhance the energy present, transforming the negative and chaotic electromagnetic waves into vital energy, harmonized and in perfect harmony with nature, which is reflected in restorative biological effects, which is why it has been used for therapeutic purposes due to its benefits in a wide range of applications.<\/p>\n<p>&nbsp;<\/p>\n<p>The <strong>Metatron's Cube<\/strong> is considered the pinnacle of ancient geometry and is a geometric body that is part of the \"Flower of Life\". Its name comes from the Mighty Eighth of the Archangels, Metatron. Metatron is the guardian Archangel of our planet who lovingly intervenes for its highest good, he embodied his almic code in this symbol\/code and when drawn in space, it acts as a great protector and enhancer, protecting people and places.\n\nTranslated with www.DeepL.com\/Translator (free version)<\/p>\n<p>This code is formed by thirteen circles and two tetrahedrons, which in turn form the Merkabah or body of light. It is an archetypal code loaded with power and information of reality and divine truths; Metatron is also the main conductor and user of the Metatronic energy, the one with which the universe itself was created, and has also been named as quantum or tachyon energy, depending on the science under which it is analyzed.<\/p>\n<p>The power of this energy is manifested through thought, feeling and word, hence the idea that the universe was generated by a thought, a divine and wonderful thought, which gave way to the infinite and perfect creation of which we are an intimate part.<\/p>\n<p>&nbsp;<\/p>\n<p><b>Shungite<\/b><span> is named after the village of Shunga, on the shores of Lake Onega, Karelia, Russia.<\/span><\/p>\n<p><span>This is an incredibly beneficial stone for healthy living. It is one of the only natural materials known to contain fullerenes, which are powerful antioxidants.  It has been nicknamed \"the smart stone\" or \"the black hole\" because of its property of attracting electromagnetic energy.<\/span><\/p>\n<p><span>The energy embodied in this ancient stone is said to absorb and eliminate everything that is a danger to the health of human life, and has active metaphysical properties with strong healing powers.<\/span><\/p>\n<p><span>It reactivates our cellular intelligence and our self-healing power. In this way, we will achieve a greater mental, physical and emotional balance.<\/span><\/p>\n<p>&nbsp;<\/p>\n<p>The <strong>Black Obsidian<\/strong>is a highly protective stone, which operates with extreme speed and great power. Its attributes are truth and reflective power that helps us expose our faults, weaknesses and blockages, pointing out how to improve and get better results, brings us personal empowerment and drives us to grow.<\/p>","protected":false},"excerpt":{"rendered":"<p><strong>Metharon Cube, Black Obsidian, Shunguite, Orgone<\/strong><\/p>\n<p><strong>Orgone power: 1m<\/strong><\/p>\n<ul>\n<li>Orgone of 4.5cm diameter and 7 mm thickness.<\/li>\n<li>Copper machinery and bronze base.<\/li>\n<li>Wooden symbol.<\/li>\n<\/ul>\n<p>NOTE: Due to their nature, some of the pieces that make up this work of power may vary in detail, tone and color.<\/p>","protected":false},"featured_media":39283,"comment_status":"open","ping_status":"closed","template":"","meta":{"_acf_changed":false,"site-sidebar-layout":"default","site-content-layout":"","ast-site-content-layout":"default","site-content-style":"default","site-sidebar-style":"default","ast-global-header-display":"","ast-banner-title-visibility":"","ast-main-header-display":"","ast-hfb-above-header-display":"","ast-hfb-below-header-display":"","ast-hfb-mobile-header-display":"","site-post-title":"","ast-breadcrumbs-content":"","ast-featured-img":"","footer-sml-layout":"","ast-disable-related-posts":"","theme-transparent-header-meta":"default","adv-header-id-meta":"","stick-header-meta":"","header-above-stick-meta":"","header-main-stick-meta":"","header-below-stick-meta":"","astra-migrate-meta-layouts":"set","ast-page-background-enabled":"default","ast-page-background-meta":{"desktop":{"background-color":"var(--ast-global-color-4)","background-image":"","background-repeat":"repeat","background-position":"center center","background-size":"auto","background-attachment":"scroll","background-type":"","background-media":"","overlay-type":"","overlay-color":"","overlay-opacity":"","overlay-gradient":""},"tablet":{"background-color":"","background-image":"","background-repeat":"repeat","background-position":"center center","background-size":"auto","background-attachment":"scroll","background-type":"","background-media":"","overlay-type":"","overlay-color":"","overlay-opacity":"","overlay-gradient":""},"mobile":{"background-color":"","background-image":"","background-repeat":"repeat","background-position":"center center","background-size":"auto","background-attachment":"scroll","background-type":"","background-media":"","overlay-type":"","overlay-color":"","overlay-opacity":"","overlay-gradient":""}},"ast-content-background-meta":{"desktop":{"background-color":"var(--ast-global-color-5)","background-image":"","background-repeat":"repeat","background-position":"center center","background-size":"auto","background-attachment":"scroll","background-type":"","background-media":"","overlay-type":"","overlay-color":"","overlay-opacity":"","overlay-gradient":""},"tablet":{"background-color":"var(--ast-global-color-5)","background-image":"","background-repeat":"repeat","background-position":"center center","background-size":"auto","background-attachment":"scroll","background-type":"","background-media":"","overlay-type":"","overlay-color":"","overlay-opacity":"","overlay-gradient":""},"mobile":{"background-color":"var(--ast-global-color-5)","background-image":"","background-repeat":"repeat","background-position":"center center","background-size":"auto","background-attachment":"scroll","background-type":"","background-media":"","overlay-type":"","overlay-color":"","overlay-opacity":"","overlay-gradient":""}},"_joinchat":[]},"astrologia":[],"coleccion":[960],"joyeria":[1577,1582,1574],"linea":[],"material":[2225,2342,2226],"orgonita":[1596,1633],"piedra":[822,909],"proposito":[685,686,689,690,692,693,1685,694,781,695],"simbolo":[2486],"tamano":[810],"visibilidad-producto-nuevo":[],"product_brand":[],"product_cat":[1617,1618,1610],"product_tag":[],"class_list":{"0":"post-23815","1":"product","2":"type-product","3":"status-publish","4":"has-post-thumbnail","6":"coleccion-shungita-metatron","7":"joyeria-collares","8":"joyeria-collares-orgon","9":"joyeria-coleccion-joyeria","10":"material-acero-inoxidable","11":"material-cuarzo","12":"material-tela","13":"orgonita-collar-orgon","14":"orgonita-joyeria","15":"piedra-obsidiana-negra","16":"piedra-shungita","17":"proposito-abundancia","18":"proposito-alta-proteccion","19":"proposito-concentracion","20":"proposito-despertar-de-conciencia","21":"proposito-intuicion","22":"proposito-meditacion","23":"proposito-proteccion","24":"proposito-purificacion","25":"proposito-relajacion","26":"proposito-transmutacion","27":"simbolo-arcangel-metatron","28":"tamano-mediano","29":"product_cat-colecciones","30":"product_cat-joyeria","31":"product_cat-orgonitas","32":"pa_cuarzos-obsidiana-negra","33":"pa_cuarzos-shungita","34":"pa_simbolo-cubo-de-metatron","35":"desktop-align-left","36":"tablet-align-left","37":"mobile-align-left","39":"first","40":"instock","41":"purchasable","42":"product-type-variable","43":"has-default-attributes","44":"wvs-archive-product-wrapper"},"acf":[],"yoast_head":"<!-- This site is optimized with the Yoast SEO Premium plugin v24.9 (Yoast SEO v24.9) - https:\/\/yoast.com\/wordpress\/plugins\/seo\/ -->\n<title>Collar hexagonal org\u00f3n del Arc\u00e1ngel Metatr\u00f3n con Shungita y Obsidiana Negra &#8902; Arte Sagrado<\/title>\n<meta name=\"description\" content=\"Collar hexagonal org\u00f3n del Arc\u00e1ngel Metatr\u00f3n con Shungita y Obsidiana Negra: Potencia org\u00f3n de 1m. Cadena disponible en acero inoxidable o tela.\" \/>\n<meta name=\"robots\" content=\"index, follow, max-snippet:-1, max-image-preview:large, max-video-preview:-1\" \/>\n<link rel=\"canonical\" href=\"https:\/\/artesagrado.com.mx\/en\/product\/collar-hexagonal-orgon-del-arcangel-metatron-con-shungita-y-obsidiana-negra\/\" \/>\n<meta property=\"og:locale\" content=\"en_US\" \/>\n<meta property=\"og:type\" content=\"article\" \/>\n<meta property=\"og:title\" content=\"Collar hexagonal org\u00f3n del Arc\u00e1ngel Metatr\u00f3n con Shungita y Obsidiana Negra\" \/>\n<meta property=\"og:description\" content=\"Descubre la colecci\u00f3n de productos de Arte Sagrado M\u00e9xico: joyer\u00eda y dispositivos energ\u00e9ticos elaborados con geometr\u00eda sagrada y tecnolog\u00eda Org\u00f3n para equilibrar y armonizar tu vida.\" \/>\n<meta property=\"og:url\" content=\"https:\/\/artesagrado.com.mx\/en\/product\/collar-hexagonal-orgon-del-arcangel-metatron-con-shungita-y-obsidiana-negra\/\" \/>\n<meta property=\"og:site_name\" content=\"Arte Sagrado\" \/>\n<meta property=\"article:publisher\" content=\"https:\/\/www.facebook.com\/ArteSagradoMexico\" \/>\n<meta property=\"article:modified_time\" content=\"2026-01-22T22:29:01+00:00\" \/>\n<meta property=\"og:image\" content=\"https:\/\/artesagrado.com.mx\/wp-content\/uploads\/2024\/05\/Collar-hexagonal-orgon-del-Arcangel-Metatron-con-Shungita-y-Obsidiana-Negra_1.webp\" \/>\n\t<meta property=\"og:image:width\" content=\"1000\" \/>\n\t<meta property=\"og:image:height\" content=\"1000\" \/>\n\t<meta property=\"og:image:type\" content=\"image\/webp\" \/>\n<meta name=\"twitter:card\" content=\"summary_large_image\" \/>\n<meta name=\"twitter:label1\" content=\"Availability\" \/>\n\t<meta name=\"twitter:data1\" content=\"In stock\" \/>\n<script type=\"application\/ld+json\" class=\"yoast-schema-graph\">{\"@context\":\"https:\/\/schema.org\",\"@graph\":[{\"@type\":\"WebPage\",\"@id\":\"https:\/\/artesagrado.com.mx\/producto\/collar-hexagonal-orgon-del-arcangel-metatron-con-shungita-y-obsidiana-negra\/\",\"url\":\"https:\/\/artesagrado.com.mx\/producto\/collar-hexagonal-orgon-del-arcangel-metatron-con-shungita-y-obsidiana-negra\/\",\"name\":\"Collar hexagonal org\u00f3n del Arc\u00e1ngel Metatr\u00f3n con Shungita y Obsidiana Negra &#8902; Arte Sagrado\",\"isPartOf\":{\"@id\":\"https:\/\/artesagrado.com.mx\/#website\"},\"primaryImageOfPage\":{\"@id\":\"https:\/\/artesagrado.com.mx\/producto\/collar-hexagonal-orgon-del-arcangel-metatron-con-shungita-y-obsidiana-negra\/#primaryimage\"},\"image\":{\"@id\":\"https:\/\/artesagrado.com.mx\/producto\/collar-hexagonal-orgon-del-arcangel-metatron-con-shungita-y-obsidiana-negra\/#primaryimage\"},\"thumbnailUrl\":\"https:\/\/artesagrado.com.mx\/wp-content\/uploads\/2024\/05\/Collar-hexagonal-orgon-del-Arcangel-Metatron-con-Shungita-y-Obsidiana-Negra_1.webp\",\"datePublished\":\"2023-02-18T08:51:53+00:00\",\"dateModified\":\"2026-01-22T22:29:01+00:00\",\"description\":\"Collar hexagonal org\u00f3n del Arc\u00e1ngel Metatr\u00f3n con Shungita y Obsidiana Negra: Potencia org\u00f3n de 1m. Cadena disponible en acero inoxidable o tela.\",\"breadcrumb\":{\"@id\":\"https:\/\/artesagrado.com.mx\/producto\/collar-hexagonal-orgon-del-arcangel-metatron-con-shungita-y-obsidiana-negra\/#breadcrumb\"},\"inLanguage\":\"en-US\",\"potentialAction\":[{\"@type\":\"ReadAction\",\"target\":[\"https:\/\/artesagrado.com.mx\/producto\/collar-hexagonal-orgon-del-arcangel-metatron-con-shungita-y-obsidiana-negra\/\"]}]},{\"@type\":\"ImageObject\",\"inLanguage\":\"en-US\",\"@id\":\"https:\/\/artesagrado.com.mx\/producto\/collar-hexagonal-orgon-del-arcangel-metatron-con-shungita-y-obsidiana-negra\/#primaryimage\",\"url\":\"https:\/\/artesagrado.com.mx\/wp-content\/uploads\/2024\/05\/Collar-hexagonal-orgon-del-Arcangel-Metatron-con-Shungita-y-Obsidiana-Negra_1.webp\",\"contentUrl\":\"https:\/\/artesagrado.com.mx\/wp-content\/uploads\/2024\/05\/Collar-hexagonal-orgon-del-Arcangel-Metatron-con-Shungita-y-Obsidiana-Negra_1.webp\",\"width\":1000,\"height\":1000,\"caption\":\"Collar Hexagonal Org\u00f3n del Arc\u00e1ngel Metatr\u00f3n con Shungita y Obsidiana Negra\"},{\"@type\":\"BreadcrumbList\",\"@id\":\"https:\/\/artesagrado.com.mx\/producto\/collar-hexagonal-orgon-del-arcangel-metatron-con-shungita-y-obsidiana-negra\/#breadcrumb\",\"itemListElement\":[{\"@type\":\"ListItem\",\"position\":1,\"name\":\"Portada\",\"item\":\"https:\/\/artesagrado.com.mx\/\"},{\"@type\":\"ListItem\",\"position\":2,\"name\":\"Tienda\",\"item\":\"https:\/\/artesagrado.com.mx\/tienda\/\"},{\"@type\":\"ListItem\",\"position\":3,\"name\":\"Collar hexagonal org\u00f3n del Arc\u00e1ngel Metatr\u00f3n con Shungita y Obsidiana Negra\"}]},{\"@type\":\"WebSite\",\"@id\":\"https:\/\/artesagrado.com.mx\/#website\",\"url\":\"https:\/\/artesagrado.com.mx\/\",\"name\":\"Arte Sagrado\",\"description\":\"Empoderando tu ser\",\"publisher\":{\"@id\":\"https:\/\/artesagrado.com.mx\/#organization\"},\"alternateName\":\"Arte Sagrado M\u00e9xico\",\"potentialAction\":[{\"@type\":\"SearchAction\",\"target\":{\"@type\":\"EntryPoint\",\"urlTemplate\":\"https:\/\/artesagrado.com.mx\/?s={search_term_string}\"},\"query-input\":{\"@type\":\"PropertyValueSpecification\",\"valueRequired\":true,\"valueName\":\"search_term_string\"}}],\"inLanguage\":\"en-US\"},{\"@type\":\"Organization\",\"@id\":\"https:\/\/artesagrado.com.mx\/#organization\",\"name\":\"Arte Sagrado\",\"alternateName\":\"Arte Sagrado M\u00e9xico\",\"url\":\"https:\/\/artesagrado.com.mx\/\",\"logo\":{\"@type\":\"ImageObject\",\"inLanguage\":\"en-US\",\"@id\":\"https:\/\/artesagrado.com.mx\/#\/schema\/logo\/image\/\",\"url\":\"https:\/\/artesagrado.com.mx\/wp-content\/uploads\/2024\/07\/portada_cuadrada_base_arte-sagrado.webp\",\"contentUrl\":\"https:\/\/artesagrado.com.mx\/wp-content\/uploads\/2024\/07\/portada_cuadrada_base_arte-sagrado.webp\",\"width\":1000,\"height\":1000,\"caption\":\"Arte Sagrado\"},\"image\":{\"@id\":\"https:\/\/artesagrado.com.mx\/#\/schema\/logo\/image\/\"},\"sameAs\":[\"https:\/\/www.facebook.com\/ArteSagradoMexico\",\"https:\/\/www.instagram.com\/arte_sagrado_oficial\/\",\"https:\/\/www.tiktok.com\/@arte_sagrado_oficial\"],\"description\":\"Arte Sagrado\u00ae es un proyecto pensado, sentido y accionado al servicio de la humanidad y la conciencia. Nacemos en tiempos precisos donde la luz y el recuerdo de nuestra grandeza, empiezan a resplandecer; es por eso que nuestro proyecto se enfoca y especializa en contribuir con informaci\u00f3n y conocimiento de los arquetipos originales y el lenguaje de la geometr\u00eda sagrada.\",\"publishingPrinciples\":\"https:\/\/artesagrado.com.mx\/conoce-a-arte-sagrado\/\"}]}<\/script>\n<meta property=\"og:availability\" content=\"instock\" \/>\n<meta property=\"product:availability\" content=\"instock\" \/>\n<meta property=\"product:retailer_item_id\" content=\"8cde0a9ca48e\" \/>\n<meta property=\"product:condition\" content=\"new\" \/>\n<!-- \/ Yoast SEO Premium plugin. -->","yoast_head_json":{"title":"Collar hexagonal org\u00f3n del Arc\u00e1ngel Metatr\u00f3n con Shungita y Obsidiana Negra &#8902; Arte Sagrado","description":"Collar hexagonal org\u00f3n del Arc\u00e1ngel Metatr\u00f3n con Shungita y Obsidiana Negra: Potencia org\u00f3n de 1m. Cadena disponible en acero inoxidable o tela.","robots":{"index":"index","follow":"follow","max-snippet":"max-snippet:-1","max-image-preview":"max-image-preview:large","max-video-preview":"max-video-preview:-1"},"canonical":"https:\/\/artesagrado.com.mx\/en\/product\/collar-hexagonal-orgon-del-arcangel-metatron-con-shungita-y-obsidiana-negra\/","og_locale":"en_US","og_type":"article","og_title":"Collar hexagonal org\u00f3n del Arc\u00e1ngel Metatr\u00f3n con Shungita y Obsidiana Negra","og_description":"Descubre la colecci\u00f3n de productos de Arte Sagrado M\u00e9xico: joyer\u00eda y dispositivos energ\u00e9ticos elaborados con geometr\u00eda sagrada y tecnolog\u00eda Org\u00f3n para equilibrar y armonizar tu vida.","og_url":"https:\/\/artesagrado.com.mx\/en\/product\/collar-hexagonal-orgon-del-arcangel-metatron-con-shungita-y-obsidiana-negra\/","og_site_name":"Arte Sagrado","article_publisher":"https:\/\/www.facebook.com\/ArteSagradoMexico","article_modified_time":"2026-01-22T22:29:01+00:00","og_image":[{"width":1000,"height":1000,"url":"https:\/\/artesagrado.com.mx\/wp-content\/uploads\/2024\/05\/Collar-hexagonal-orgon-del-Arcangel-Metatron-con-Shungita-y-Obsidiana-Negra_1.webp","type":"image\/webp"}],"twitter_card":"summary_large_image","twitter_misc":{"Availability":"In stock"},"schema":{"@context":"https:\/\/schema.org","@graph":[{"@type":"WebPage","@id":"https:\/\/artesagrado.com.mx\/producto\/collar-hexagonal-orgon-del-arcangel-metatron-con-shungita-y-obsidiana-negra\/","url":"https:\/\/artesagrado.com.mx\/producto\/collar-hexagonal-orgon-del-arcangel-metatron-con-shungita-y-obsidiana-negra\/","name":"Collar hexagonal org\u00f3n del Arc\u00e1ngel Metatr\u00f3n con Shungita y Obsidiana Negra &#8902; Arte Sagrado","isPartOf":{"@id":"https:\/\/artesagrado.com.mx\/#website"},"primaryImageOfPage":{"@id":"https:\/\/artesagrado.com.mx\/producto\/collar-hexagonal-orgon-del-arcangel-metatron-con-shungita-y-obsidiana-negra\/#primaryimage"},"image":{"@id":"https:\/\/artesagrado.com.mx\/producto\/collar-hexagonal-orgon-del-arcangel-metatron-con-shungita-y-obsidiana-negra\/#primaryimage"},"thumbnailUrl":"https:\/\/artesagrado.com.mx\/wp-content\/uploads\/2024\/05\/Collar-hexagonal-orgon-del-Arcangel-Metatron-con-Shungita-y-Obsidiana-Negra_1.webp","datePublished":"2023-02-18T08:51:53+00:00","dateModified":"2026-01-22T22:29:01+00:00","description":"Collar hexagonal org\u00f3n del Arc\u00e1ngel Metatr\u00f3n con Shungita y Obsidiana Negra: Potencia org\u00f3n de 1m. Cadena disponible en acero inoxidable o tela.","breadcrumb":{"@id":"https:\/\/artesagrado.com.mx\/producto\/collar-hexagonal-orgon-del-arcangel-metatron-con-shungita-y-obsidiana-negra\/#breadcrumb"},"inLanguage":"en-US","potentialAction":[{"@type":"ReadAction","target":["https:\/\/artesagrado.com.mx\/producto\/collar-hexagonal-orgon-del-arcangel-metatron-con-shungita-y-obsidiana-negra\/"]}]},{"@type":"ImageObject","inLanguage":"en-US","@id":"https:\/\/artesagrado.com.mx\/producto\/collar-hexagonal-orgon-del-arcangel-metatron-con-shungita-y-obsidiana-negra\/#primaryimage","url":"https:\/\/artesagrado.com.mx\/wp-content\/uploads\/2024\/05\/Collar-hexagonal-orgon-del-Arcangel-Metatron-con-Shungita-y-Obsidiana-Negra_1.webp","contentUrl":"https:\/\/artesagrado.com.mx\/wp-content\/uploads\/2024\/05\/Collar-hexagonal-orgon-del-Arcangel-Metatron-con-Shungita-y-Obsidiana-Negra_1.webp","width":1000,"height":1000,"caption":"Collar Hexagonal Org\u00f3n del Arc\u00e1ngel Metatr\u00f3n con Shungita y Obsidiana Negra"},{"@type":"BreadcrumbList","@id":"https:\/\/artesagrado.com.mx\/producto\/collar-hexagonal-orgon-del-arcangel-metatron-con-shungita-y-obsidiana-negra\/#breadcrumb","itemListElement":[{"@type":"ListItem","position":1,"name":"Portada","item":"https:\/\/artesagrado.com.mx\/"},{"@type":"ListItem","position":2,"name":"Tienda","item":"https:\/\/artesagrado.com.mx\/tienda\/"},{"@type":"ListItem","position":3,"name":"Collar hexagonal org\u00f3n del Arc\u00e1ngel Metatr\u00f3n con Shungita y Obsidiana Negra"}]},{"@type":"WebSite","@id":"https:\/\/artesagrado.com.mx\/#website","url":"https:\/\/artesagrado.com.mx\/","name":"Arte Sagrado","description":"Empoderando tu ser","publisher":{"@id":"https:\/\/artesagrado.com.mx\/#organization"},"alternateName":"Arte Sagrado M\u00e9xico","potentialAction":[{"@type":"SearchAction","target":{"@type":"EntryPoint","urlTemplate":"https:\/\/artesagrado.com.mx\/?s={search_term_string}"},"query-input":{"@type":"PropertyValueSpecification","valueRequired":true,"valueName":"search_term_string"}}],"inLanguage":"en-US"},{"@type":"Organization","@id":"https:\/\/artesagrado.com.mx\/#organization","name":"Arte Sagrado","alternateName":"Arte Sagrado M\u00e9xico","url":"https:\/\/artesagrado.com.mx\/","logo":{"@type":"ImageObject","inLanguage":"en-US","@id":"https:\/\/artesagrado.com.mx\/#\/schema\/logo\/image\/","url":"https:\/\/artesagrado.com.mx\/wp-content\/uploads\/2024\/07\/portada_cuadrada_base_arte-sagrado.webp","contentUrl":"https:\/\/artesagrado.com.mx\/wp-content\/uploads\/2024\/07\/portada_cuadrada_base_arte-sagrado.webp","width":1000,"height":1000,"caption":"Arte Sagrado"},"image":{"@id":"https:\/\/artesagrado.com.mx\/#\/schema\/logo\/image\/"},"sameAs":["https:\/\/www.facebook.com\/ArteSagradoMexico","https:\/\/www.instagram.com\/arte_sagrado_oficial\/","https:\/\/www.tiktok.com\/@arte_sagrado_oficial"],"description":"Arte Sagrado\u00ae es un proyecto pensado, sentido y accionado al servicio de la humanidad y la conciencia. Nacemos en tiempos precisos donde la luz y el recuerdo de nuestra grandeza, empiezan a resplandecer; es por eso que nuestro proyecto se enfoca y especializa en contribuir con informaci\u00f3n y conocimiento de los arquetipos originales y el lenguaje de la geometr\u00eda sagrada.","publishingPrinciples":"https:\/\/artesagrado.com.mx\/conoce-a-arte-sagrado\/"}]},"og_availability":"instock","product_availability":"instock","product_retailer_item_id":"8cde0a9ca48e","product_condition":"new"},"jetpack_sharing_enabled":true,"_links":{"self":[{"href":"https:\/\/artesagrado.com.mx\/en\/wp-json\/wp\/v2\/product\/23815","targetHints":{"allow":["GET"]}}],"collection":[{"href":"https:\/\/artesagrado.com.mx\/en\/wp-json\/wp\/v2\/product"}],"about":[{"href":"https:\/\/artesagrado.com.mx\/en\/wp-json\/wp\/v2\/types\/product"}],"replies":[{"embeddable":true,"href":"https:\/\/artesagrado.com.mx\/en\/wp-json\/wp\/v2\/comments?post=23815"}],"wp:featuredmedia":[{"embeddable":true,"href":"https:\/\/artesagrado.com.mx\/en\/wp-json\/wp\/v2\/media\/39283"}],"wp:attachment":[{"href":"https:\/\/artesagrado.com.mx\/en\/wp-json\/wp\/v2\/media?parent=23815"}],"wp:term":[{"taxonomy":"astrologia","embeddable":true,"href":"https:\/\/artesagrado.com.mx\/en\/wp-json\/wp\/v2\/astrologia?post=23815"},{"taxonomy":"coleccion","embeddable":true,"href":"https:\/\/artesagrado.com.mx\/en\/wp-json\/wp\/v2\/coleccion?post=23815"},{"taxonomy":"joyeria","embeddable":true,"href":"https:\/\/artesagrado.com.mx\/en\/wp-json\/wp\/v2\/joyeria?post=23815"},{"taxonomy":"linea","embeddable":true,"href":"https:\/\/artesagrado.com.mx\/en\/wp-json\/wp\/v2\/linea?post=23815"},{"taxonomy":"material","embeddable":true,"href":"https:\/\/artesagrado.com.mx\/en\/wp-json\/wp\/v2\/material?post=23815"},{"taxonomy":"orgonita","embeddable":true,"href":"https:\/\/artesagrado.com.mx\/en\/wp-json\/wp\/v2\/orgonita?post=23815"},{"taxonomy":"piedra","embeddable":true,"href":"https:\/\/artesagrado.com.mx\/en\/wp-json\/wp\/v2\/piedra?post=23815"},{"taxonomy":"proposito","embeddable":true,"href":"https:\/\/artesagrado.com.mx\/en\/wp-json\/wp\/v2\/proposito?post=23815"},{"taxonomy":"simbolo","embeddable":true,"href":"https:\/\/artesagrado.com.mx\/en\/wp-json\/wp\/v2\/simbolo?post=23815"},{"taxonomy":"tamano","embeddable":true,"href":"https:\/\/artesagrado.com.mx\/en\/wp-json\/wp\/v2\/tamano?post=23815"},{"taxonomy":"visibilidad-producto-nuevo","embeddable":true,"href":"https:\/\/artesagrado.com.mx\/en\/wp-json\/wp\/v2\/visibilidad-producto-nuevo?post=23815"},{"taxonomy":"product_brand","embeddable":true,"href":"https:\/\/artesagrado.com.mx\/en\/wp-json\/wp\/v2\/product_brand?post=23815"},{"taxonomy":"product_cat","embeddable":true,"href":"https:\/\/artesagrado.com.mx\/en\/wp-json\/wp\/v2\/product_cat?post=23815"},{"taxonomy":"product_tag","embeddable":true,"href":"https:\/\/artesagrado.com.mx\/en\/wp-json\/wp\/v2\/product_tag?post=23815"}],"curies":[{"name":"wp","href":"https:\/\/api.w.org\/{rel}","templated":true}]}}