{"id":24531,"date":"2023-12-20T15:06:56","date_gmt":"2023-12-20T21:06:56","guid":{"rendered":"https:\/\/artesagrado.website\/stage\/?post_type=product&#038;p=24531"},"modified":"2026-01-22T16:30:59","modified_gmt":"2026-01-22T22:30:59","slug":"collar-mini-orgon-llama-trina-en-dorado-con-cuarzo-blanco-sodalita-rosa-y-citrino","status":"publish","type":"product","link":"https:\/\/artesagrado.com.mx\/en\/product\/collar-mini-orgon-llama-trina-en-dorado-con-cuarzo-blanco-sodalita-rosa-y-citrino\/","title":{"rendered":"Mini Orgone Flame Trina Necklace in Gold with White Quartz, Sodalite, Rose and Citrine"},"content":{"rendered":"<p>Dr. Willheim Reich described the<strong> Orgone<\/strong> as the cosmic energy that is part of all living matter. The name comes from \"organism and orgasm\", which refers to the vital energy and creative power.<\/p>\n<p>An orgone generator or energy transmuter is a compact and solid structure made to stimulate the piezoelectric properties of its materials and thus attract, accumulate, order and enhance the energy present, transforming the negative and chaotic electromagnetic waves into vital energy, harmonized and in perfect harmony with nature, which is reflected in restorative biological effects, which is why it has been used for therapeutic purposes due to its benefits in a wide range of applications.<\/p>\n<p>&nbsp;<\/p>\n<p><span>We are unlimited beings of Light, we come out of the Spirit, and our Spiritual Heart is <\/span><b>The Triple Flame.<\/b><\/p>\n<p><span>It is the balance of the Trinity of the Spirit of the Father, Mother and Son. It is the signature of our Divinity and our bloodline.<\/span><\/p>\n<p><span>The three rays of the Threefold Flame are each an emanation of the One, the threefold power, the Trinity.<\/span><\/p>\n<p><span>The Blue Ray is the emanation of the Father as power, will, communication and strength.<\/span><\/p>\n<p><span>The pink Ray is the emanation of the Mother: Love, beauty and compassion.<\/span><\/p>\n<p><span>Yellow is the emanation of the Son: Wisdom, illumination and joy.<\/span><\/p>\n<p><span>With this, we have within us all the forms of God.<\/span><\/p>\n<p><span>We are born free to Be ALL that we create of ourselves, through our conscious understanding of who we are, universal beings of God.<\/span><\/p>\n<p>&nbsp;<\/p>\n<p><span>The <\/span><b>White Quartz<\/b><span>has the property of balancing and harmonizing our bodies,<\/span> <span>tuning into our needs to heal, cleanse and help us connect to our spiritual purpose.<\/span><\/p>\n<p><span>It is also called the Stone of Power for transmitting, projecting, channeling and activating all the energetic forms we know; harmonizing and purifying our vibratory level.\u00a0<\/span><\/p>\n<p><span>It relieves all types of pain, accelerates healing, revitalizes cells and stimulates collagen formation.<\/span><\/p>\n<p>&nbsp;<\/p>\n<p><span>The <\/span><b>Sodalite<\/b><span> allows to unite logic with intuition, opening the spiritual perception while stimulating the third eye and deepening meditation.\u00a0<\/span><\/p>\n<p><span>It instills a true desire and idealistic drive, enabling you to be true to yourself and stand up for your beliefs.<\/span><\/p>\n<p><span>The Sodalite has special properties, committed to help those in need, awaken intuition and enter into greater connection with your inner self, improving spirituality and breaking the barriers of what is energy, clearer and stronger.<\/span><\/p>\n<p>&nbsp;<\/p>\n<p><span>The <\/span><b>Pink Quartz<\/b><span> is a stone of unconditional love and infinite peace and is the most important stone for the heart, as it manifests the true essence of love; it purifies and opens the heart at all levels.<\/span><\/p>\n<p><span>It brings deep communication, calms and increases self-confidence and self-assurance.<\/span><\/p>\n<p><span>Rose quartz gently extracts negative energy and replaces it with more subtle and loving energy vibrations, it is an excellent transmuter of unexpressed emotions.<\/span><\/p>\n<p><span>In health Rose Quartz strengthens the physical heart and circulatory system, stimulates the thymus gland. It helps in cases of Alzheimer's disease, Parkinson's disease and senile dementia.<\/span><\/p>\n<p>&nbsp;<\/p>\n<p class=\"translation-block\"><span style=\"font-weight: 400\">The <\/span><b>Citrine<\/b><span style=\"font-weight: 400\"> helps the manifestation of prosperity, particularly if combined with the power of affirmations.<\/p>\n<p><span>Because of its ability to activate the Solar Plexus, which is the seat of the will, it will help you to be decisive and assertive about what you can attract into your life.<\/span><\/p>\n<p><span>One of the lesser known properties of these crystals is their strong ability to calm fear and anxiety. By letting go of your fear you accept into your life the good that comes your way, i.e. prosperity.<\/span><\/p>\n<p><span>It will help you heal ego issues coming from the solar plexus, also known as the personal power chakra. Citrine will also help you release etheric blockages within your chakras.<\/span><\/p>","protected":false},"excerpt":{"rendered":"<p> <strong>Llama Trina, Cuarzo Blanco, Sodalita, Cuarzo Rosa y Citrino<\/strong><\/p>\n<p><strong>Orgone power: 1m<\/strong><\/p>\n<ul>\n<li>Org\u00f3n de 3.3cm de diametro y 7 mm de espesor.<\/li>\n<li>Copper machinery and bronze base.<\/li>\n<li>S\u00edmbolo en madera versi\u00f3n Dorada<\/li>\n<\/ul>\n<p>NOTE: Due to their nature, some of the pieces that make up this work of power may vary in detail, tone and color.<\/p>","protected":false},"featured_media":39377,"comment_status":"open","ping_status":"closed","template":"","meta":{"_acf_changed":false,"site-sidebar-layout":"default","site-content-layout":"","ast-site-content-layout":"default","site-content-style":"default","site-sidebar-style":"default","ast-global-header-display":"","ast-banner-title-visibility":"","ast-main-header-display":"","ast-hfb-above-header-display":"","ast-hfb-below-header-display":"","ast-hfb-mobile-header-display":"","site-post-title":"","ast-breadcrumbs-content":"","ast-featured-img":"","footer-sml-layout":"","ast-disable-related-posts":"","theme-transparent-header-meta":"default","adv-header-id-meta":"","stick-header-meta":"","header-above-stick-meta":"","header-main-stick-meta":"","header-below-stick-meta":"","astra-migrate-meta-layouts":"set","ast-page-background-enabled":"default","ast-page-background-meta":{"desktop":{"background-color":"var(--ast-global-color-4)","background-image":"","background-repeat":"repeat","background-position":"center center","background-size":"auto","background-attachment":"scroll","background-type":"","background-media":"","overlay-type":"","overlay-color":"","overlay-opacity":"","overlay-gradient":""},"tablet":{"background-color":"","background-image":"","background-repeat":"repeat","background-position":"center center","background-size":"auto","background-attachment":"scroll","background-type":"","background-media":"","overlay-type":"","overlay-color":"","overlay-opacity":"","overlay-gradient":""},"mobile":{"background-color":"","background-image":"","background-repeat":"repeat","background-position":"center center","background-size":"auto","background-attachment":"scroll","background-type":"","background-media":"","overlay-type":"","overlay-color":"","overlay-opacity":"","overlay-gradient":""}},"ast-content-background-meta":{"desktop":{"background-color":"var(--ast-global-color-5)","background-image":"","background-repeat":"repeat","background-position":"center center","background-size":"auto","background-attachment":"scroll","background-type":"","background-media":"","overlay-type":"","overlay-color":"","overlay-opacity":"","overlay-gradient":""},"tablet":{"background-color":"var(--ast-global-color-5)","background-image":"","background-repeat":"repeat","background-position":"center center","background-size":"auto","background-attachment":"scroll","background-type":"","background-media":"","overlay-type":"","overlay-color":"","overlay-opacity":"","overlay-gradient":""},"mobile":{"background-color":"var(--ast-global-color-5)","background-image":"","background-repeat":"repeat","background-position":"center center","background-size":"auto","background-attachment":"scroll","background-type":"","background-media":"","overlay-type":"","overlay-color":"","overlay-opacity":"","overlay-gradient":""}},"_joinchat":[]},"astrologia":[],"coleccion":[952],"joyeria":[1577,1580,1582,1574],"linea":[],"material":[2225,2342,2226],"orgonita":[1598,1596,1633],"piedra":[877,872,879,905],"proposito":[690,691,729],"simbolo":[839],"tamano":[809],"visibilidad-producto-nuevo":[],"product_brand":[],"product_cat":[1617,1618,1610],"product_tag":[],"class_list":{"0":"post-24531","1":"product","2":"type-product","3":"status-publish","4":"has-post-thumbnail","6":"coleccion-llama-trina","7":"joyeria-collares","8":"joyeria-collares-de-cuarzo","9":"joyeria-collares-orgon","10":"joyeria-coleccion-joyeria","11":"material-acero-inoxidable","12":"material-cuarzo","13":"material-tela","14":"orgonita-collar-mini-orgon","15":"orgonita-collar-orgon","16":"orgonita-joyeria","17":"piedra-cuarzo-blanco","18":"piedra-cuarzo-citrino","19":"piedra-cuarzo-rosa","20":"piedra-sodalita","21":"proposito-despertar-de-conciencia","22":"proposito-equilibrio","23":"proposito-verdad","24":"simbolo-llama-trina","25":"tamano-mini","26":"product_cat-colecciones","27":"product_cat-joyeria","28":"product_cat-orgonitas","29":"pa_piedras-citrino","30":"pa_piedras-cuarzo-blanco","31":"pa_piedras-cuarzo-rosa","32":"pa_piedras-sodalita","33":"pa_simbolo-llama-trina","34":"desktop-align-left","35":"tablet-align-left","36":"mobile-align-left","38":"first","39":"instock","40":"purchasable","41":"product-type-variable","42":"has-default-attributes","43":"wvs-archive-product-wrapper"},"acf":[],"yoast_head":"<!-- This site is optimized with the Yoast SEO Premium plugin v24.9 (Yoast SEO v24.9) - https:\/\/yoast.com\/wordpress\/plugins\/seo\/ -->\n<title>Collar Mini Org\u00f3n Llama Trina en Dorado con Cuarzo Blanco, Sodalita, Rosa y Citrino &#8902; Arte Sagrado<\/title>\n<meta name=\"description\" content=\"Collar Mini Org\u00f3n Llama Trina en Dorado con Cuarzo Blanco, Sodalita, Rosa y Citrino: Potencia org\u00f3n de 1m, maquinaria de cobre y base de bronce. S\u00edmbolo en madera versi\u00f3n Dorada.\" \/>\n<meta name=\"robots\" content=\"index, follow, max-snippet:-1, max-image-preview:large, max-video-preview:-1\" \/>\n<link rel=\"canonical\" href=\"https:\/\/artesagrado.com.mx\/en\/product\/collar-mini-orgon-llama-trina-en-dorado-con-cuarzo-blanco-sodalita-rosa-y-citrino\/\" \/>\n<meta property=\"og:locale\" content=\"en_US\" \/>\n<meta property=\"og:type\" content=\"article\" \/>\n<meta property=\"og:title\" content=\"Collar Mini Org\u00f3n Llama Trina en Dorado con Cuarzo Blanco, Sodalita, Rosa y Citrino\" \/>\n<meta property=\"og:description\" content=\"Descubre la colecci\u00f3n de productos de Arte Sagrado M\u00e9xico: joyer\u00eda y dispositivos energ\u00e9ticos elaborados con geometr\u00eda sagrada y tecnolog\u00eda Org\u00f3n para equilibrar y armonizar tu vida.\" \/>\n<meta property=\"og:url\" content=\"https:\/\/artesagrado.com.mx\/en\/product\/collar-mini-orgon-llama-trina-en-dorado-con-cuarzo-blanco-sodalita-rosa-y-citrino\/\" \/>\n<meta property=\"og:site_name\" content=\"Arte Sagrado\" \/>\n<meta property=\"article:publisher\" content=\"https:\/\/www.facebook.com\/ArteSagradoMexico\" \/>\n<meta property=\"article:modified_time\" content=\"2026-01-22T22:30:59+00:00\" \/>\n<meta property=\"og:image\" content=\"https:\/\/artesagrado.com.mx\/wp-content\/uploads\/2024\/05\/Collar-mini-orgon-Llama-Trina-en-Dorado-con-Cuarzo-Blanco-Sodalita-Rosa-y-Citrino_6-1.webp\" \/>\n\t<meta property=\"og:image:width\" content=\"1000\" \/>\n\t<meta property=\"og:image:height\" content=\"1000\" \/>\n\t<meta property=\"og:image:type\" content=\"image\/webp\" \/>\n<meta name=\"twitter:card\" content=\"summary_large_image\" \/>\n<meta name=\"twitter:label1\" content=\"Availability\" \/>\n\t<meta name=\"twitter:data1\" content=\"In stock\" \/>\n<script type=\"application\/ld+json\" class=\"yoast-schema-graph\">{\"@context\":\"https:\/\/schema.org\",\"@graph\":[{\"@type\":\"WebPage\",\"@id\":\"https:\/\/artesagrado.com.mx\/producto\/collar-mini-orgon-llama-trina-en-dorado-con-cuarzo-blanco-sodalita-rosa-y-citrino\/\",\"url\":\"https:\/\/artesagrado.com.mx\/producto\/collar-mini-orgon-llama-trina-en-dorado-con-cuarzo-blanco-sodalita-rosa-y-citrino\/\",\"name\":\"Collar Mini Org\u00f3n Llama Trina en Dorado con Cuarzo Blanco, Sodalita, Rosa y Citrino &#8902; Arte Sagrado\",\"isPartOf\":{\"@id\":\"https:\/\/artesagrado.com.mx\/#website\"},\"primaryImageOfPage\":{\"@id\":\"https:\/\/artesagrado.com.mx\/producto\/collar-mini-orgon-llama-trina-en-dorado-con-cuarzo-blanco-sodalita-rosa-y-citrino\/#primaryimage\"},\"image\":{\"@id\":\"https:\/\/artesagrado.com.mx\/producto\/collar-mini-orgon-llama-trina-en-dorado-con-cuarzo-blanco-sodalita-rosa-y-citrino\/#primaryimage\"},\"thumbnailUrl\":\"https:\/\/artesagrado.com.mx\/wp-content\/uploads\/2024\/05\/Collar-mini-orgon-Llama-Trina-en-Dorado-con-Cuarzo-Blanco-Sodalita-Rosa-y-Citrino_6-1.webp\",\"datePublished\":\"2023-12-20T21:06:56+00:00\",\"dateModified\":\"2026-01-22T22:30:59+00:00\",\"description\":\"Collar Mini Org\u00f3n Llama Trina en Dorado con Cuarzo Blanco, Sodalita, Rosa y Citrino: Potencia org\u00f3n de 1m, maquinaria de cobre y base de bronce. S\u00edmbolo en madera versi\u00f3n Dorada.\",\"breadcrumb\":{\"@id\":\"https:\/\/artesagrado.com.mx\/producto\/collar-mini-orgon-llama-trina-en-dorado-con-cuarzo-blanco-sodalita-rosa-y-citrino\/#breadcrumb\"},\"inLanguage\":\"en-US\",\"potentialAction\":[{\"@type\":\"ReadAction\",\"target\":[\"https:\/\/artesagrado.com.mx\/producto\/collar-mini-orgon-llama-trina-en-dorado-con-cuarzo-blanco-sodalita-rosa-y-citrino\/\"]}]},{\"@type\":\"ImageObject\",\"inLanguage\":\"en-US\",\"@id\":\"https:\/\/artesagrado.com.mx\/producto\/collar-mini-orgon-llama-trina-en-dorado-con-cuarzo-blanco-sodalita-rosa-y-citrino\/#primaryimage\",\"url\":\"https:\/\/artesagrado.com.mx\/wp-content\/uploads\/2024\/05\/Collar-mini-orgon-Llama-Trina-en-Dorado-con-Cuarzo-Blanco-Sodalita-Rosa-y-Citrino_6-1.webp\",\"contentUrl\":\"https:\/\/artesagrado.com.mx\/wp-content\/uploads\/2024\/05\/Collar-mini-orgon-Llama-Trina-en-Dorado-con-Cuarzo-Blanco-Sodalita-Rosa-y-Citrino_6-1.webp\",\"width\":1000,\"height\":1000,\"caption\":\"Collar Mini Org\u00f3n Llama Trina en Dorado con Cuarzo Blanco, Sodalita, Rosa y Citrino - Vista Izquierda\"},{\"@type\":\"BreadcrumbList\",\"@id\":\"https:\/\/artesagrado.com.mx\/producto\/collar-mini-orgon-llama-trina-en-dorado-con-cuarzo-blanco-sodalita-rosa-y-citrino\/#breadcrumb\",\"itemListElement\":[{\"@type\":\"ListItem\",\"position\":1,\"name\":\"Portada\",\"item\":\"https:\/\/artesagrado.com.mx\/\"},{\"@type\":\"ListItem\",\"position\":2,\"name\":\"Tienda\",\"item\":\"https:\/\/artesagrado.com.mx\/tienda\/\"},{\"@type\":\"ListItem\",\"position\":3,\"name\":\"Collar Mini Org\u00f3n Llama Trina en Dorado con Cuarzo Blanco, Sodalita, Rosa y Citrino\"}]},{\"@type\":\"WebSite\",\"@id\":\"https:\/\/artesagrado.com.mx\/#website\",\"url\":\"https:\/\/artesagrado.com.mx\/\",\"name\":\"Arte Sagrado\",\"description\":\"Empoderando tu ser\",\"publisher\":{\"@id\":\"https:\/\/artesagrado.com.mx\/#organization\"},\"alternateName\":\"Arte Sagrado M\u00e9xico\",\"potentialAction\":[{\"@type\":\"SearchAction\",\"target\":{\"@type\":\"EntryPoint\",\"urlTemplate\":\"https:\/\/artesagrado.com.mx\/?s={search_term_string}\"},\"query-input\":{\"@type\":\"PropertyValueSpecification\",\"valueRequired\":true,\"valueName\":\"search_term_string\"}}],\"inLanguage\":\"en-US\"},{\"@type\":\"Organization\",\"@id\":\"https:\/\/artesagrado.com.mx\/#organization\",\"name\":\"Arte Sagrado\",\"alternateName\":\"Arte Sagrado M\u00e9xico\",\"url\":\"https:\/\/artesagrado.com.mx\/\",\"logo\":{\"@type\":\"ImageObject\",\"inLanguage\":\"en-US\",\"@id\":\"https:\/\/artesagrado.com.mx\/#\/schema\/logo\/image\/\",\"url\":\"https:\/\/artesagrado.com.mx\/wp-content\/uploads\/2024\/07\/portada_cuadrada_base_arte-sagrado.webp\",\"contentUrl\":\"https:\/\/artesagrado.com.mx\/wp-content\/uploads\/2024\/07\/portada_cuadrada_base_arte-sagrado.webp\",\"width\":1000,\"height\":1000,\"caption\":\"Arte Sagrado\"},\"image\":{\"@id\":\"https:\/\/artesagrado.com.mx\/#\/schema\/logo\/image\/\"},\"sameAs\":[\"https:\/\/www.facebook.com\/ArteSagradoMexico\",\"https:\/\/www.instagram.com\/arte_sagrado_oficial\/\",\"https:\/\/www.tiktok.com\/@arte_sagrado_oficial\"],\"description\":\"Arte Sagrado\u00ae es un proyecto pensado, sentido y accionado al servicio de la humanidad y la conciencia. Nacemos en tiempos precisos donde la luz y el recuerdo de nuestra grandeza, empiezan a resplandecer; es por eso que nuestro proyecto se enfoca y especializa en contribuir con informaci\u00f3n y conocimiento de los arquetipos originales y el lenguaje de la geometr\u00eda sagrada.\",\"publishingPrinciples\":\"https:\/\/artesagrado.com.mx\/conoce-a-arte-sagrado\/\"}]}<\/script>\n<meta property=\"og:availability\" content=\"instock\" \/>\n<meta property=\"product:availability\" content=\"instock\" \/>\n<meta property=\"product:retailer_item_id\" content=\"ccad20f7ca2f\" \/>\n<meta property=\"product:condition\" content=\"new\" \/>\n<!-- \/ Yoast SEO Premium plugin. -->","yoast_head_json":{"title":"Collar Mini Org\u00f3n Llama Trina en Dorado con Cuarzo Blanco, Sodalita, Rosa y Citrino &#8902; Arte Sagrado","description":"Collar Mini Org\u00f3n Llama Trina en Dorado con Cuarzo Blanco, Sodalita, Rosa y Citrino: Potencia org\u00f3n de 1m, maquinaria de cobre y base de bronce. S\u00edmbolo en madera versi\u00f3n Dorada.","robots":{"index":"index","follow":"follow","max-snippet":"max-snippet:-1","max-image-preview":"max-image-preview:large","max-video-preview":"max-video-preview:-1"},"canonical":"https:\/\/artesagrado.com.mx\/en\/product\/collar-mini-orgon-llama-trina-en-dorado-con-cuarzo-blanco-sodalita-rosa-y-citrino\/","og_locale":"en_US","og_type":"article","og_title":"Collar Mini Org\u00f3n Llama Trina en Dorado con Cuarzo Blanco, Sodalita, Rosa y Citrino","og_description":"Descubre la colecci\u00f3n de productos de Arte Sagrado M\u00e9xico: joyer\u00eda y dispositivos energ\u00e9ticos elaborados con geometr\u00eda sagrada y tecnolog\u00eda Org\u00f3n para equilibrar y armonizar tu vida.","og_url":"https:\/\/artesagrado.com.mx\/en\/product\/collar-mini-orgon-llama-trina-en-dorado-con-cuarzo-blanco-sodalita-rosa-y-citrino\/","og_site_name":"Arte Sagrado","article_publisher":"https:\/\/www.facebook.com\/ArteSagradoMexico","article_modified_time":"2026-01-22T22:30:59+00:00","og_image":[{"width":1000,"height":1000,"url":"https:\/\/artesagrado.com.mx\/wp-content\/uploads\/2024\/05\/Collar-mini-orgon-Llama-Trina-en-Dorado-con-Cuarzo-Blanco-Sodalita-Rosa-y-Citrino_6-1.webp","type":"image\/webp"}],"twitter_card":"summary_large_image","twitter_misc":{"Availability":"In stock"},"schema":{"@context":"https:\/\/schema.org","@graph":[{"@type":"WebPage","@id":"https:\/\/artesagrado.com.mx\/producto\/collar-mini-orgon-llama-trina-en-dorado-con-cuarzo-blanco-sodalita-rosa-y-citrino\/","url":"https:\/\/artesagrado.com.mx\/producto\/collar-mini-orgon-llama-trina-en-dorado-con-cuarzo-blanco-sodalita-rosa-y-citrino\/","name":"Collar Mini Org\u00f3n Llama Trina en Dorado con Cuarzo Blanco, Sodalita, Rosa y Citrino &#8902; Arte Sagrado","isPartOf":{"@id":"https:\/\/artesagrado.com.mx\/#website"},"primaryImageOfPage":{"@id":"https:\/\/artesagrado.com.mx\/producto\/collar-mini-orgon-llama-trina-en-dorado-con-cuarzo-blanco-sodalita-rosa-y-citrino\/#primaryimage"},"image":{"@id":"https:\/\/artesagrado.com.mx\/producto\/collar-mini-orgon-llama-trina-en-dorado-con-cuarzo-blanco-sodalita-rosa-y-citrino\/#primaryimage"},"thumbnailUrl":"https:\/\/artesagrado.com.mx\/wp-content\/uploads\/2024\/05\/Collar-mini-orgon-Llama-Trina-en-Dorado-con-Cuarzo-Blanco-Sodalita-Rosa-y-Citrino_6-1.webp","datePublished":"2023-12-20T21:06:56+00:00","dateModified":"2026-01-22T22:30:59+00:00","description":"Collar Mini Org\u00f3n Llama Trina en Dorado con Cuarzo Blanco, Sodalita, Rosa y Citrino: Potencia org\u00f3n de 1m, maquinaria de cobre y base de bronce. S\u00edmbolo en madera versi\u00f3n Dorada.","breadcrumb":{"@id":"https:\/\/artesagrado.com.mx\/producto\/collar-mini-orgon-llama-trina-en-dorado-con-cuarzo-blanco-sodalita-rosa-y-citrino\/#breadcrumb"},"inLanguage":"en-US","potentialAction":[{"@type":"ReadAction","target":["https:\/\/artesagrado.com.mx\/producto\/collar-mini-orgon-llama-trina-en-dorado-con-cuarzo-blanco-sodalita-rosa-y-citrino\/"]}]},{"@type":"ImageObject","inLanguage":"en-US","@id":"https:\/\/artesagrado.com.mx\/producto\/collar-mini-orgon-llama-trina-en-dorado-con-cuarzo-blanco-sodalita-rosa-y-citrino\/#primaryimage","url":"https:\/\/artesagrado.com.mx\/wp-content\/uploads\/2024\/05\/Collar-mini-orgon-Llama-Trina-en-Dorado-con-Cuarzo-Blanco-Sodalita-Rosa-y-Citrino_6-1.webp","contentUrl":"https:\/\/artesagrado.com.mx\/wp-content\/uploads\/2024\/05\/Collar-mini-orgon-Llama-Trina-en-Dorado-con-Cuarzo-Blanco-Sodalita-Rosa-y-Citrino_6-1.webp","width":1000,"height":1000,"caption":"Collar Mini Org\u00f3n Llama Trina en Dorado con Cuarzo Blanco, Sodalita, Rosa y Citrino - Vista Izquierda"},{"@type":"BreadcrumbList","@id":"https:\/\/artesagrado.com.mx\/producto\/collar-mini-orgon-llama-trina-en-dorado-con-cuarzo-blanco-sodalita-rosa-y-citrino\/#breadcrumb","itemListElement":[{"@type":"ListItem","position":1,"name":"Portada","item":"https:\/\/artesagrado.com.mx\/"},{"@type":"ListItem","position":2,"name":"Tienda","item":"https:\/\/artesagrado.com.mx\/tienda\/"},{"@type":"ListItem","position":3,"name":"Collar Mini Org\u00f3n Llama Trina en Dorado con Cuarzo Blanco, Sodalita, Rosa y Citrino"}]},{"@type":"WebSite","@id":"https:\/\/artesagrado.com.mx\/#website","url":"https:\/\/artesagrado.com.mx\/","name":"Arte Sagrado","description":"Empoderando tu ser","publisher":{"@id":"https:\/\/artesagrado.com.mx\/#organization"},"alternateName":"Arte Sagrado M\u00e9xico","potentialAction":[{"@type":"SearchAction","target":{"@type":"EntryPoint","urlTemplate":"https:\/\/artesagrado.com.mx\/?s={search_term_string}"},"query-input":{"@type":"PropertyValueSpecification","valueRequired":true,"valueName":"search_term_string"}}],"inLanguage":"en-US"},{"@type":"Organization","@id":"https:\/\/artesagrado.com.mx\/#organization","name":"Arte Sagrado","alternateName":"Arte Sagrado M\u00e9xico","url":"https:\/\/artesagrado.com.mx\/","logo":{"@type":"ImageObject","inLanguage":"en-US","@id":"https:\/\/artesagrado.com.mx\/#\/schema\/logo\/image\/","url":"https:\/\/artesagrado.com.mx\/wp-content\/uploads\/2024\/07\/portada_cuadrada_base_arte-sagrado.webp","contentUrl":"https:\/\/artesagrado.com.mx\/wp-content\/uploads\/2024\/07\/portada_cuadrada_base_arte-sagrado.webp","width":1000,"height":1000,"caption":"Arte Sagrado"},"image":{"@id":"https:\/\/artesagrado.com.mx\/#\/schema\/logo\/image\/"},"sameAs":["https:\/\/www.facebook.com\/ArteSagradoMexico","https:\/\/www.instagram.com\/arte_sagrado_oficial\/","https:\/\/www.tiktok.com\/@arte_sagrado_oficial"],"description":"Arte Sagrado\u00ae es un proyecto pensado, sentido y accionado al servicio de la humanidad y la conciencia. Nacemos en tiempos precisos donde la luz y el recuerdo de nuestra grandeza, empiezan a resplandecer; es por eso que nuestro proyecto se enfoca y especializa en contribuir con informaci\u00f3n y conocimiento de los arquetipos originales y el lenguaje de la geometr\u00eda sagrada.","publishingPrinciples":"https:\/\/artesagrado.com.mx\/conoce-a-arte-sagrado\/"}]},"og_availability":"instock","product_availability":"instock","product_retailer_item_id":"ccad20f7ca2f","product_condition":"new"},"jetpack_sharing_enabled":true,"_links":{"self":[{"href":"https:\/\/artesagrado.com.mx\/en\/wp-json\/wp\/v2\/product\/24531","targetHints":{"allow":["GET"]}}],"collection":[{"href":"https:\/\/artesagrado.com.mx\/en\/wp-json\/wp\/v2\/product"}],"about":[{"href":"https:\/\/artesagrado.com.mx\/en\/wp-json\/wp\/v2\/types\/product"}],"replies":[{"embeddable":true,"href":"https:\/\/artesagrado.com.mx\/en\/wp-json\/wp\/v2\/comments?post=24531"}],"wp:featuredmedia":[{"embeddable":true,"href":"https:\/\/artesagrado.com.mx\/en\/wp-json\/wp\/v2\/media\/39377"}],"wp:attachment":[{"href":"https:\/\/artesagrado.com.mx\/en\/wp-json\/wp\/v2\/media?parent=24531"}],"wp:term":[{"taxonomy":"astrologia","embeddable":true,"href":"https:\/\/artesagrado.com.mx\/en\/wp-json\/wp\/v2\/astrologia?post=24531"},{"taxonomy":"coleccion","embeddable":true,"href":"https:\/\/artesagrado.com.mx\/en\/wp-json\/wp\/v2\/coleccion?post=24531"},{"taxonomy":"joyeria","embeddable":true,"href":"https:\/\/artesagrado.com.mx\/en\/wp-json\/wp\/v2\/joyeria?post=24531"},{"taxonomy":"linea","embeddable":true,"href":"https:\/\/artesagrado.com.mx\/en\/wp-json\/wp\/v2\/linea?post=24531"},{"taxonomy":"material","embeddable":true,"href":"https:\/\/artesagrado.com.mx\/en\/wp-json\/wp\/v2\/material?post=24531"},{"taxonomy":"orgonita","embeddable":true,"href":"https:\/\/artesagrado.com.mx\/en\/wp-json\/wp\/v2\/orgonita?post=24531"},{"taxonomy":"piedra","embeddable":true,"href":"https:\/\/artesagrado.com.mx\/en\/wp-json\/wp\/v2\/piedra?post=24531"},{"taxonomy":"proposito","embeddable":true,"href":"https:\/\/artesagrado.com.mx\/en\/wp-json\/wp\/v2\/proposito?post=24531"},{"taxonomy":"simbolo","embeddable":true,"href":"https:\/\/artesagrado.com.mx\/en\/wp-json\/wp\/v2\/simbolo?post=24531"},{"taxonomy":"tamano","embeddable":true,"href":"https:\/\/artesagrado.com.mx\/en\/wp-json\/wp\/v2\/tamano?post=24531"},{"taxonomy":"visibilidad-producto-nuevo","embeddable":true,"href":"https:\/\/artesagrado.com.mx\/en\/wp-json\/wp\/v2\/visibilidad-producto-nuevo?post=24531"},{"taxonomy":"product_brand","embeddable":true,"href":"https:\/\/artesagrado.com.mx\/en\/wp-json\/wp\/v2\/product_brand?post=24531"},{"taxonomy":"product_cat","embeddable":true,"href":"https:\/\/artesagrado.com.mx\/en\/wp-json\/wp\/v2\/product_cat?post=24531"},{"taxonomy":"product_tag","embeddable":true,"href":"https:\/\/artesagrado.com.mx\/en\/wp-json\/wp\/v2\/product_tag?post=24531"}],"curies":[{"name":"wp","href":"https:\/\/api.w.org\/{rel}","templated":true}]}}