{"id":24631,"date":"2023-03-16T02:54:00","date_gmt":"2023-03-16T08:54:00","guid":{"rendered":"https:\/\/artesagrado.com.mx\/producto\/collar-orgon-flor-de-la-vida-en-plata-0-925-con-cuarzo-rutilado\/"},"modified":"2026-01-22T16:35:31","modified_gmt":"2026-01-22T22:35:31","slug":"collar-orgon-flor-de-la-vida-en-plata-0-925-con-cuarzo-rutilado","status":"publish","type":"product","link":"https:\/\/artesagrado.com.mx\/en\/product\/collar-orgon-flor-de-la-vida-en-plata-0-925-con-cuarzo-rutilado\/","title":{"rendered":"Flower of Life Orgone Necklace in 0.925 Silver with Rutilated Quartz"},"content":{"rendered":"<p>Dr. Willheim Reich described the<strong> Orgone<\/strong> as the cosmic energy that is part of all living matter. The name comes from \"organism and orgasm\", which refers to the vital energy and creative power.<\/p>\n<p>An Orgone generator or energy transmuter is a compact and solid structure made to stimulate the piezoelectric properties of its materials and thus attract, accumulate, order and enhance the energy present, transforming the negative and chaotic electromagnetic waves into vital energy, harmonized and in perfect harmony with nature, which is reflected in restorative biological effects, which is why it has been used for therapeutic purposes due to its benefits in a wide range of applications.<\/p>\n<p>&nbsp;<\/p>\n<p>The <strong>Flower of Life<\/strong>contains within its proportions each and every aspect of life that exists, every mathematical formula, every law of physics, every musical harmony, every form of life, (including the wonder of the human body) every atom, every cell, every dimensional level; absolutely everything contained in multi-universes of waveforms.<\/p>\n<p>The symbol of the Flower of Life is considered sacred, since within it lies the code of all creation.<\/p>\n<p>The \"Flower of Life\" is undoubtedly the most powerful symbol of Creation.<\/p>\n<p>&nbsp;<\/p>\n<p>Symbolically, the <strong>rutilated quartz<\/strong> is linked to the higher realms. It is considered a stone of celestial power, uplifting and illuminating the soul, amplifying intention and enhancing intuition.<\/p>\n<p>Because rutilated quartz is composed of both rutile and quartz, it contains the healing properties and benefits of both. This combined energy is so intense that it is said to channel divine inspiration.<\/p>\n<p>Thanks to its multifaceted nature, rutile quartz has the rare and powerful energy needed to resonate with all seven chakras. As a result, it is a popular tool among crystal healers for aligning the aura, as it is also a divine connection between the crown and root chakras. It purifies and recharges all chakras.<\/p>\n<p>&nbsp;<\/p>\n<p>The <strong>Silver<\/strong> is a bright white metal and is the best electrical conductor among metals.<\/p>\n<p>The shine of this metal symbolizes Moonlight, and as such, it is related to our deepest emotions and can store information about the inner world of the wearer.<\/p>\n<p>It is a powerful protector, as it distributes, neutralizes and eliminates negative energy from any source.<\/p>\n<p>It helps to enhance dreams making them more lucid, beneficial and productive.<\/p>\n<p>Being related to the moon and emotions, it stimulates clairvoyance and extrasensory perceptions and is the perfect ally to release negative emotions and tensions.<\/p>","protected":false},"excerpt":{"rendered":"<p><strong>Flower of Life, Silver, Rutilated Quartz, Orgone<\/strong><\/p>\n<p><strong>Orgone power: 1m<\/strong><\/p>\n<ul>\n<li>Orgone of 4.5cm diameter and 7 mm thickness.<\/li>\n<li>Copper machinery and bronze base.<\/li>\n<li>Symbol in 0.925 silver<\/li>\n<\/ul>\n<p>NOTE: Due to their nature, some of the pieces that make up this necklace may vary in detail, tone and color.<\/p>","protected":false},"featured_media":38714,"comment_status":"open","ping_status":"closed","template":"","meta":{"_acf_changed":false,"site-sidebar-layout":"default","site-content-layout":"","ast-site-content-layout":"default","site-content-style":"default","site-sidebar-style":"default","ast-global-header-display":"","ast-banner-title-visibility":"","ast-main-header-display":"","ast-hfb-above-header-display":"","ast-hfb-below-header-display":"","ast-hfb-mobile-header-display":"","site-post-title":"","ast-breadcrumbs-content":"","ast-featured-img":"","footer-sml-layout":"","ast-disable-related-posts":"","theme-transparent-header-meta":"default","adv-header-id-meta":"","stick-header-meta":"","header-above-stick-meta":"","header-main-stick-meta":"","header-below-stick-meta":"","astra-migrate-meta-layouts":"set","ast-page-background-enabled":"default","ast-page-background-meta":{"desktop":{"background-color":"var(--ast-global-color-4)","background-image":"","background-repeat":"repeat","background-position":"center center","background-size":"auto","background-attachment":"scroll","background-type":"","background-media":"","overlay-type":"","overlay-color":"","overlay-opacity":"","overlay-gradient":""},"tablet":{"background-color":"","background-image":"","background-repeat":"repeat","background-position":"center center","background-size":"auto","background-attachment":"scroll","background-type":"","background-media":"","overlay-type":"","overlay-color":"","overlay-opacity":"","overlay-gradient":""},"mobile":{"background-color":"","background-image":"","background-repeat":"repeat","background-position":"center center","background-size":"auto","background-attachment":"scroll","background-type":"","background-media":"","overlay-type":"","overlay-color":"","overlay-opacity":"","overlay-gradient":""}},"ast-content-background-meta":{"desktop":{"background-color":"var(--ast-global-color-5)","background-image":"","background-repeat":"repeat","background-position":"center center","background-size":"auto","background-attachment":"scroll","background-type":"","background-media":"","overlay-type":"","overlay-color":"","overlay-opacity":"","overlay-gradient":""},"tablet":{"background-color":"var(--ast-global-color-5)","background-image":"","background-repeat":"repeat","background-position":"center center","background-size":"auto","background-attachment":"scroll","background-type":"","background-media":"","overlay-type":"","overlay-color":"","overlay-opacity":"","overlay-gradient":""},"mobile":{"background-color":"var(--ast-global-color-5)","background-image":"","background-repeat":"repeat","background-position":"center center","background-size":"auto","background-attachment":"scroll","background-type":"","background-media":"","overlay-type":"","overlay-color":"","overlay-opacity":"","overlay-gradient":""}},"_joinchat":[]},"astrologia":[],"coleccion":[],"joyeria":[1577,1580,1581,1582,1574],"linea":[],"material":[2225,2342,2227,2226],"orgonita":[1596,1599,1633],"piedra":[880,901],"proposito":[686,688,2065,690,691,692,694,695],"simbolo":[834],"tamano":[810],"visibilidad-producto-nuevo":[],"product_brand":[],"product_cat":[1618,1610],"product_tag":[],"class_list":{"0":"post-24631","1":"product","2":"type-product","3":"status-publish","4":"has-post-thumbnail","6":"joyeria-collares","7":"joyeria-collares-de-cuarzo","8":"joyeria-collares-de-plata","9":"joyeria-collares-orgon","10":"joyeria-coleccion-joyeria","11":"material-acero-inoxidable","12":"material-cuarzo","13":"material-plata","14":"material-tela","15":"orgonita-collar-orgon","16":"orgonita-collar-orgon-mediano","17":"orgonita-joyeria","18":"piedra-cuarzo-rutilado","19":"piedra-plata","20":"proposito-alta-proteccion","21":"proposito-armonia","22":"proposito-conexion-espiritual","23":"proposito-despertar-de-conciencia","24":"proposito-equilibrio","25":"proposito-intuicion","26":"proposito-purificacion","27":"proposito-transmutacion","28":"simbolo-flor-de-la-vida","29":"tamano-mediano","30":"product_cat-joyeria","31":"product_cat-orgonitas","32":"pa_cuarzos-malaquita","33":"pa_material-plata","34":"pa_simbolo-flor-de-la-vida","35":"desktop-align-left","36":"tablet-align-left","37":"mobile-align-left","39":"first","40":"instock","41":"purchasable","42":"product-type-variable","43":"has-default-attributes","44":"wvs-archive-product-wrapper"},"acf":[],"yoast_head":"<!-- This site is optimized with the Yoast SEO Premium plugin v24.9 (Yoast SEO v24.9) - https:\/\/yoast.com\/wordpress\/plugins\/seo\/ -->\n<title>Collar Org\u00f3n Flor de la Vida en Plata 0.925 con Cuarzo Rutilado &#8902; Arte Sagrado<\/title>\n<meta name=\"description\" content=\"Collar Org\u00f3n Flor de la Vida en Plata 0.925 con Cuarzo Rutilado: Potencia org\u00f3n personal, maquinaria de cobre y base de bronce. S\u00edmbolo en Plata 0.925.\" \/>\n<meta name=\"robots\" content=\"index, follow, max-snippet:-1, max-image-preview:large, max-video-preview:-1\" \/>\n<link rel=\"canonical\" href=\"https:\/\/artesagrado.com.mx\/en\/product\/collar-orgon-flor-de-la-vida-en-plata-0-925-con-cuarzo-rutilado\/\" \/>\n<meta property=\"og:locale\" content=\"en_US\" \/>\n<meta property=\"og:type\" content=\"article\" \/>\n<meta property=\"og:title\" content=\"Collar Org\u00f3n Flor de la Vida en Plata 0.925 con Cuarzo Rutilado\" \/>\n<meta property=\"og:description\" content=\"Descubre la colecci\u00f3n de productos de Arte Sagrado M\u00e9xico: joyer\u00eda y dispositivos energ\u00e9ticos elaborados con geometr\u00eda sagrada y tecnolog\u00eda Org\u00f3n para equilibrar y armonizar tu vida.\" \/>\n<meta property=\"og:url\" content=\"https:\/\/artesagrado.com.mx\/en\/product\/collar-orgon-flor-de-la-vida-en-plata-0-925-con-cuarzo-rutilado\/\" \/>\n<meta property=\"og:site_name\" content=\"Arte Sagrado\" \/>\n<meta property=\"article:publisher\" content=\"https:\/\/www.facebook.com\/ArteSagradoMexico\" \/>\n<meta property=\"article:modified_time\" content=\"2026-01-22T22:35:31+00:00\" \/>\n<meta property=\"og:image\" content=\"https:\/\/artesagrado.com.mx\/wp-content\/uploads\/2024\/05\/Collar-Orgon-Flor-de-la-Vida-en-Plata-0.925-con-Cuarzo-Rutilado_2.webp\" \/>\n\t<meta property=\"og:image:width\" content=\"1000\" \/>\n\t<meta property=\"og:image:height\" content=\"1000\" \/>\n\t<meta property=\"og:image:type\" content=\"image\/webp\" \/>\n<meta name=\"twitter:card\" content=\"summary_large_image\" \/>\n<meta name=\"twitter:label1\" content=\"Availability\" \/>\n\t<meta name=\"twitter:data1\" content=\"In stock\" \/>\n<script type=\"application\/ld+json\" class=\"yoast-schema-graph\">{\"@context\":\"https:\/\/schema.org\",\"@graph\":[{\"@type\":\"WebPage\",\"@id\":\"https:\/\/artesagrado.com.mx\/producto\/collar-orgon-flor-de-la-vida-en-plata-0-925-con-cuarzo-rutilado\/\",\"url\":\"https:\/\/artesagrado.com.mx\/producto\/collar-orgon-flor-de-la-vida-en-plata-0-925-con-cuarzo-rutilado\/\",\"name\":\"Collar Org\u00f3n Flor de la Vida en Plata 0.925 con Cuarzo Rutilado &#8902; Arte Sagrado\",\"isPartOf\":{\"@id\":\"https:\/\/artesagrado.com.mx\/#website\"},\"primaryImageOfPage\":{\"@id\":\"https:\/\/artesagrado.com.mx\/producto\/collar-orgon-flor-de-la-vida-en-plata-0-925-con-cuarzo-rutilado\/#primaryimage\"},\"image\":{\"@id\":\"https:\/\/artesagrado.com.mx\/producto\/collar-orgon-flor-de-la-vida-en-plata-0-925-con-cuarzo-rutilado\/#primaryimage\"},\"thumbnailUrl\":\"https:\/\/artesagrado.com.mx\/wp-content\/uploads\/2024\/05\/Collar-Orgon-Flor-de-la-Vida-en-Plata-0.925-con-Cuarzo-Rutilado_2.webp\",\"datePublished\":\"2023-03-16T08:54:00+00:00\",\"dateModified\":\"2026-01-22T22:35:31+00:00\",\"description\":\"Collar Org\u00f3n Flor de la Vida en Plata 0.925 con Cuarzo Rutilado: Potencia org\u00f3n personal, maquinaria de cobre y base de bronce. S\u00edmbolo en Plata 0.925.\",\"breadcrumb\":{\"@id\":\"https:\/\/artesagrado.com.mx\/producto\/collar-orgon-flor-de-la-vida-en-plata-0-925-con-cuarzo-rutilado\/#breadcrumb\"},\"inLanguage\":\"en-US\",\"potentialAction\":[{\"@type\":\"ReadAction\",\"target\":[\"https:\/\/artesagrado.com.mx\/producto\/collar-orgon-flor-de-la-vida-en-plata-0-925-con-cuarzo-rutilado\/\"]}]},{\"@type\":\"ImageObject\",\"inLanguage\":\"en-US\",\"@id\":\"https:\/\/artesagrado.com.mx\/producto\/collar-orgon-flor-de-la-vida-en-plata-0-925-con-cuarzo-rutilado\/#primaryimage\",\"url\":\"https:\/\/artesagrado.com.mx\/wp-content\/uploads\/2024\/05\/Collar-Orgon-Flor-de-la-Vida-en-Plata-0.925-con-Cuarzo-Rutilado_2.webp\",\"contentUrl\":\"https:\/\/artesagrado.com.mx\/wp-content\/uploads\/2024\/05\/Collar-Orgon-Flor-de-la-Vida-en-Plata-0.925-con-Cuarzo-Rutilado_2.webp\",\"width\":1000,\"height\":1000,\"caption\":\"Collar Org\u00f3n Flor de la Vida con Cuarzo Rutilado - Cadena de Acero Inoxidable\"},{\"@type\":\"BreadcrumbList\",\"@id\":\"https:\/\/artesagrado.com.mx\/producto\/collar-orgon-flor-de-la-vida-en-plata-0-925-con-cuarzo-rutilado\/#breadcrumb\",\"itemListElement\":[{\"@type\":\"ListItem\",\"position\":1,\"name\":\"Portada\",\"item\":\"https:\/\/artesagrado.com.mx\/\"},{\"@type\":\"ListItem\",\"position\":2,\"name\":\"Tienda\",\"item\":\"https:\/\/artesagrado.com.mx\/tienda\/\"},{\"@type\":\"ListItem\",\"position\":3,\"name\":\"Collar Org\u00f3n Flor de la Vida en Plata 0.925 con Cuarzo Rutilado\"}]},{\"@type\":\"WebSite\",\"@id\":\"https:\/\/artesagrado.com.mx\/#website\",\"url\":\"https:\/\/artesagrado.com.mx\/\",\"name\":\"Arte Sagrado\",\"description\":\"Empoderando tu ser\",\"publisher\":{\"@id\":\"https:\/\/artesagrado.com.mx\/#organization\"},\"alternateName\":\"Arte Sagrado M\u00e9xico\",\"potentialAction\":[{\"@type\":\"SearchAction\",\"target\":{\"@type\":\"EntryPoint\",\"urlTemplate\":\"https:\/\/artesagrado.com.mx\/?s={search_term_string}\"},\"query-input\":{\"@type\":\"PropertyValueSpecification\",\"valueRequired\":true,\"valueName\":\"search_term_string\"}}],\"inLanguage\":\"en-US\"},{\"@type\":\"Organization\",\"@id\":\"https:\/\/artesagrado.com.mx\/#organization\",\"name\":\"Arte Sagrado\",\"alternateName\":\"Arte Sagrado M\u00e9xico\",\"url\":\"https:\/\/artesagrado.com.mx\/\",\"logo\":{\"@type\":\"ImageObject\",\"inLanguage\":\"en-US\",\"@id\":\"https:\/\/artesagrado.com.mx\/#\/schema\/logo\/image\/\",\"url\":\"https:\/\/artesagrado.com.mx\/wp-content\/uploads\/2024\/07\/portada_cuadrada_base_arte-sagrado.webp\",\"contentUrl\":\"https:\/\/artesagrado.com.mx\/wp-content\/uploads\/2024\/07\/portada_cuadrada_base_arte-sagrado.webp\",\"width\":1000,\"height\":1000,\"caption\":\"Arte Sagrado\"},\"image\":{\"@id\":\"https:\/\/artesagrado.com.mx\/#\/schema\/logo\/image\/\"},\"sameAs\":[\"https:\/\/www.facebook.com\/ArteSagradoMexico\",\"https:\/\/www.instagram.com\/arte_sagrado_oficial\/\",\"https:\/\/www.tiktok.com\/@arte_sagrado_oficial\"],\"description\":\"Arte Sagrado\u00ae es un proyecto pensado, sentido y accionado al servicio de la humanidad y la conciencia. Nacemos en tiempos precisos donde la luz y el recuerdo de nuestra grandeza, empiezan a resplandecer; es por eso que nuestro proyecto se enfoca y especializa en contribuir con informaci\u00f3n y conocimiento de los arquetipos originales y el lenguaje de la geometr\u00eda sagrada.\",\"publishingPrinciples\":\"https:\/\/artesagrado.com.mx\/conoce-a-arte-sagrado\/\"}]}<\/script>\n<meta property=\"og:availability\" content=\"instock\" \/>\n<meta property=\"product:availability\" content=\"instock\" \/>\n<meta property=\"product:retailer_item_id\" content=\"189112eec3be\" \/>\n<meta property=\"product:condition\" content=\"new\" \/>\n<!-- \/ Yoast SEO Premium plugin. -->","yoast_head_json":{"title":"Collar Org\u00f3n Flor de la Vida en Plata 0.925 con Cuarzo Rutilado &#8902; Arte Sagrado","description":"Collar Org\u00f3n Flor de la Vida en Plata 0.925 con Cuarzo Rutilado: Potencia org\u00f3n personal, maquinaria de cobre y base de bronce. S\u00edmbolo en Plata 0.925.","robots":{"index":"index","follow":"follow","max-snippet":"max-snippet:-1","max-image-preview":"max-image-preview:large","max-video-preview":"max-video-preview:-1"},"canonical":"https:\/\/artesagrado.com.mx\/en\/product\/collar-orgon-flor-de-la-vida-en-plata-0-925-con-cuarzo-rutilado\/","og_locale":"en_US","og_type":"article","og_title":"Collar Org\u00f3n Flor de la Vida en Plata 0.925 con Cuarzo Rutilado","og_description":"Descubre la colecci\u00f3n de productos de Arte Sagrado M\u00e9xico: joyer\u00eda y dispositivos energ\u00e9ticos elaborados con geometr\u00eda sagrada y tecnolog\u00eda Org\u00f3n para equilibrar y armonizar tu vida.","og_url":"https:\/\/artesagrado.com.mx\/en\/product\/collar-orgon-flor-de-la-vida-en-plata-0-925-con-cuarzo-rutilado\/","og_site_name":"Arte Sagrado","article_publisher":"https:\/\/www.facebook.com\/ArteSagradoMexico","article_modified_time":"2026-01-22T22:35:31+00:00","og_image":[{"width":1000,"height":1000,"url":"https:\/\/artesagrado.com.mx\/wp-content\/uploads\/2024\/05\/Collar-Orgon-Flor-de-la-Vida-en-Plata-0.925-con-Cuarzo-Rutilado_2.webp","type":"image\/webp"}],"twitter_card":"summary_large_image","twitter_misc":{"Availability":"In stock"},"schema":{"@context":"https:\/\/schema.org","@graph":[{"@type":"WebPage","@id":"https:\/\/artesagrado.com.mx\/producto\/collar-orgon-flor-de-la-vida-en-plata-0-925-con-cuarzo-rutilado\/","url":"https:\/\/artesagrado.com.mx\/producto\/collar-orgon-flor-de-la-vida-en-plata-0-925-con-cuarzo-rutilado\/","name":"Collar Org\u00f3n Flor de la Vida en Plata 0.925 con Cuarzo Rutilado &#8902; Arte Sagrado","isPartOf":{"@id":"https:\/\/artesagrado.com.mx\/#website"},"primaryImageOfPage":{"@id":"https:\/\/artesagrado.com.mx\/producto\/collar-orgon-flor-de-la-vida-en-plata-0-925-con-cuarzo-rutilado\/#primaryimage"},"image":{"@id":"https:\/\/artesagrado.com.mx\/producto\/collar-orgon-flor-de-la-vida-en-plata-0-925-con-cuarzo-rutilado\/#primaryimage"},"thumbnailUrl":"https:\/\/artesagrado.com.mx\/wp-content\/uploads\/2024\/05\/Collar-Orgon-Flor-de-la-Vida-en-Plata-0.925-con-Cuarzo-Rutilado_2.webp","datePublished":"2023-03-16T08:54:00+00:00","dateModified":"2026-01-22T22:35:31+00:00","description":"Collar Org\u00f3n Flor de la Vida en Plata 0.925 con Cuarzo Rutilado: Potencia org\u00f3n personal, maquinaria de cobre y base de bronce. S\u00edmbolo en Plata 0.925.","breadcrumb":{"@id":"https:\/\/artesagrado.com.mx\/producto\/collar-orgon-flor-de-la-vida-en-plata-0-925-con-cuarzo-rutilado\/#breadcrumb"},"inLanguage":"en-US","potentialAction":[{"@type":"ReadAction","target":["https:\/\/artesagrado.com.mx\/producto\/collar-orgon-flor-de-la-vida-en-plata-0-925-con-cuarzo-rutilado\/"]}]},{"@type":"ImageObject","inLanguage":"en-US","@id":"https:\/\/artesagrado.com.mx\/producto\/collar-orgon-flor-de-la-vida-en-plata-0-925-con-cuarzo-rutilado\/#primaryimage","url":"https:\/\/artesagrado.com.mx\/wp-content\/uploads\/2024\/05\/Collar-Orgon-Flor-de-la-Vida-en-Plata-0.925-con-Cuarzo-Rutilado_2.webp","contentUrl":"https:\/\/artesagrado.com.mx\/wp-content\/uploads\/2024\/05\/Collar-Orgon-Flor-de-la-Vida-en-Plata-0.925-con-Cuarzo-Rutilado_2.webp","width":1000,"height":1000,"caption":"Collar Org\u00f3n Flor de la Vida con Cuarzo Rutilado - Cadena de Acero Inoxidable"},{"@type":"BreadcrumbList","@id":"https:\/\/artesagrado.com.mx\/producto\/collar-orgon-flor-de-la-vida-en-plata-0-925-con-cuarzo-rutilado\/#breadcrumb","itemListElement":[{"@type":"ListItem","position":1,"name":"Portada","item":"https:\/\/artesagrado.com.mx\/"},{"@type":"ListItem","position":2,"name":"Tienda","item":"https:\/\/artesagrado.com.mx\/tienda\/"},{"@type":"ListItem","position":3,"name":"Collar Org\u00f3n Flor de la Vida en Plata 0.925 con Cuarzo Rutilado"}]},{"@type":"WebSite","@id":"https:\/\/artesagrado.com.mx\/#website","url":"https:\/\/artesagrado.com.mx\/","name":"Arte Sagrado","description":"Empoderando tu ser","publisher":{"@id":"https:\/\/artesagrado.com.mx\/#organization"},"alternateName":"Arte Sagrado M\u00e9xico","potentialAction":[{"@type":"SearchAction","target":{"@type":"EntryPoint","urlTemplate":"https:\/\/artesagrado.com.mx\/?s={search_term_string}"},"query-input":{"@type":"PropertyValueSpecification","valueRequired":true,"valueName":"search_term_string"}}],"inLanguage":"en-US"},{"@type":"Organization","@id":"https:\/\/artesagrado.com.mx\/#organization","name":"Arte Sagrado","alternateName":"Arte Sagrado M\u00e9xico","url":"https:\/\/artesagrado.com.mx\/","logo":{"@type":"ImageObject","inLanguage":"en-US","@id":"https:\/\/artesagrado.com.mx\/#\/schema\/logo\/image\/","url":"https:\/\/artesagrado.com.mx\/wp-content\/uploads\/2024\/07\/portada_cuadrada_base_arte-sagrado.webp","contentUrl":"https:\/\/artesagrado.com.mx\/wp-content\/uploads\/2024\/07\/portada_cuadrada_base_arte-sagrado.webp","width":1000,"height":1000,"caption":"Arte Sagrado"},"image":{"@id":"https:\/\/artesagrado.com.mx\/#\/schema\/logo\/image\/"},"sameAs":["https:\/\/www.facebook.com\/ArteSagradoMexico","https:\/\/www.instagram.com\/arte_sagrado_oficial\/","https:\/\/www.tiktok.com\/@arte_sagrado_oficial"],"description":"Arte Sagrado\u00ae es un proyecto pensado, sentido y accionado al servicio de la humanidad y la conciencia. Nacemos en tiempos precisos donde la luz y el recuerdo de nuestra grandeza, empiezan a resplandecer; es por eso que nuestro proyecto se enfoca y especializa en contribuir con informaci\u00f3n y conocimiento de los arquetipos originales y el lenguaje de la geometr\u00eda sagrada.","publishingPrinciples":"https:\/\/artesagrado.com.mx\/conoce-a-arte-sagrado\/"}]},"og_availability":"instock","product_availability":"instock","product_retailer_item_id":"189112eec3be","product_condition":"new"},"jetpack_sharing_enabled":true,"_links":{"self":[{"href":"https:\/\/artesagrado.com.mx\/en\/wp-json\/wp\/v2\/product\/24631","targetHints":{"allow":["GET"]}}],"collection":[{"href":"https:\/\/artesagrado.com.mx\/en\/wp-json\/wp\/v2\/product"}],"about":[{"href":"https:\/\/artesagrado.com.mx\/en\/wp-json\/wp\/v2\/types\/product"}],"replies":[{"embeddable":true,"href":"https:\/\/artesagrado.com.mx\/en\/wp-json\/wp\/v2\/comments?post=24631"}],"wp:featuredmedia":[{"embeddable":true,"href":"https:\/\/artesagrado.com.mx\/en\/wp-json\/wp\/v2\/media\/38714"}],"wp:attachment":[{"href":"https:\/\/artesagrado.com.mx\/en\/wp-json\/wp\/v2\/media?parent=24631"}],"wp:term":[{"taxonomy":"astrologia","embeddable":true,"href":"https:\/\/artesagrado.com.mx\/en\/wp-json\/wp\/v2\/astrologia?post=24631"},{"taxonomy":"coleccion","embeddable":true,"href":"https:\/\/artesagrado.com.mx\/en\/wp-json\/wp\/v2\/coleccion?post=24631"},{"taxonomy":"joyeria","embeddable":true,"href":"https:\/\/artesagrado.com.mx\/en\/wp-json\/wp\/v2\/joyeria?post=24631"},{"taxonomy":"linea","embeddable":true,"href":"https:\/\/artesagrado.com.mx\/en\/wp-json\/wp\/v2\/linea?post=24631"},{"taxonomy":"material","embeddable":true,"href":"https:\/\/artesagrado.com.mx\/en\/wp-json\/wp\/v2\/material?post=24631"},{"taxonomy":"orgonita","embeddable":true,"href":"https:\/\/artesagrado.com.mx\/en\/wp-json\/wp\/v2\/orgonita?post=24631"},{"taxonomy":"piedra","embeddable":true,"href":"https:\/\/artesagrado.com.mx\/en\/wp-json\/wp\/v2\/piedra?post=24631"},{"taxonomy":"proposito","embeddable":true,"href":"https:\/\/artesagrado.com.mx\/en\/wp-json\/wp\/v2\/proposito?post=24631"},{"taxonomy":"simbolo","embeddable":true,"href":"https:\/\/artesagrado.com.mx\/en\/wp-json\/wp\/v2\/simbolo?post=24631"},{"taxonomy":"tamano","embeddable":true,"href":"https:\/\/artesagrado.com.mx\/en\/wp-json\/wp\/v2\/tamano?post=24631"},{"taxonomy":"visibilidad-producto-nuevo","embeddable":true,"href":"https:\/\/artesagrado.com.mx\/en\/wp-json\/wp\/v2\/visibilidad-producto-nuevo?post=24631"},{"taxonomy":"product_brand","embeddable":true,"href":"https:\/\/artesagrado.com.mx\/en\/wp-json\/wp\/v2\/product_brand?post=24631"},{"taxonomy":"product_cat","embeddable":true,"href":"https:\/\/artesagrado.com.mx\/en\/wp-json\/wp\/v2\/product_cat?post=24631"},{"taxonomy":"product_tag","embeddable":true,"href":"https:\/\/artesagrado.com.mx\/en\/wp-json\/wp\/v2\/product_tag?post=24631"}],"curies":[{"name":"wp","href":"https:\/\/api.w.org\/{rel}","templated":true}]}}