{"id":24909,"date":"2023-03-17T21:59:37","date_gmt":"2023-03-18T03:59:37","guid":{"rendered":"https:\/\/artesagrado.com.mx\/producto\/pulsera-7-chakras-con-agatas-de-colores-obsidiana-negra-o-agata-blanca\/"},"modified":"2026-01-22T16:35:41","modified_gmt":"2026-01-22T22:35:41","slug":"pulsera-7-chakras-con-agatas-de-colores-obsidiana-negra-o-agata-blanca","status":"publish","type":"product","link":"https:\/\/artesagrado.com.mx\/en\/product\/pulsera-7-chakras-con-agatas-de-colores-obsidiana-negra-o-agata-blanca\/","title":{"rendered":"7 Chakras Bracelet with coloured Agate, Black Obsidian or White Agate"},"content":{"rendered":"<p><span>Dr. Willheim Reich described the <\/span><b>Orgone<\/b><span> as the cosmic energy that is part of all living matter. The name comes from \"organism and orgasm\", which refers to the vital energy and creative power.<\/span><\/p>\n<p><span>An orgone generator or energy transmuter is a compact and solid structure made to stimulate the piezoelectric properties of its materials and thus attract, accumulate, order and enhance the energy present, transforming the negative and chaotic electromagnetic waves into vital energy, harmonized and in perfect harmony with nature, which is reflected in restorative biological effects, which is why it has been used for therapeutic purposes due to its benefits in a wide range of applications.\u00a0<\/span><\/p>\n<p class=\"translation-block\"><b>The 7 chakras<\/b><span style=\"font-weight: 400\"> (Sanskrit for 'wheels' or 'disks') are the main energetic vortices located in the subtle bodies of the human being. Their task is the reception, accumulation, transformation and distribution of the energy called prana.<\/span><\/p>\n<p><span>Each of these centers resembles an open flower and has a color and shape corresponding to its vibration.<\/span><\/p>\n<p><span>They represent the 7 spectrums of Light, therefore together and in their respective order, they form the integrity of the manifestation of consciousness.<\/span><\/p>\n<p>&nbsp;<\/p>\n<p class=\"translation-block\"><b>Red Jasper <\/b><span style=\"font-weight: 400\"> has been used since Roman times as a lucky talisman, they assured that if they wore a red jasper they were much more likely to win in battles. Now we understand it clearly, because we know that the Red Jasper works and stimulates the first chakra. \"Strength and Vitality\".<\/span><\/p>\n<p><b>Virtues of Red Jasper:<\/b><\/p>\n<p><b>Protector:\u00a0<\/b><\/p>\n<p><span>A good protector is the red jasper, which blocks all dark energy coming from spells, witchcraft or evil spells, rejects them and sometimes even works as a mirror, returning such negative energies, it also offers protection to travelers.<\/span><\/p>\n<p><b>Eliminate fears:<\/b><\/p>\n<p><span>Another important benefit obtained by the wearers of red jasper, is to eliminate all kinds of fear that paralyzes a person, fear to undertake, fear to take a step, fear to confess something to another person, fear to make a decision, all kinds of fear can be erased from your mind thanks to the red jasper. It helps to remove all those thoughts of negativity and see things from an always optimistic point of view.<\/span><\/p>\n<p>&nbsp;<\/p>\n<p class=\"translation-block\"><span style=\"font-weight: 400\">The <\/span><b>Cornalina <\/b><span>is a stone capable of cleansing other stones and has the ability to ground and anchor in the present reality, stabilizes energy and restores vitality and motivation, stimulating creativity.<\/p>\n<p><span>On a physical level: It fills with strength and vitality by stimulating metabolism and hormone production. It relieves pains and allows to release muscular tensions, helps in the healing of wounds, auditory disorders and swellings. It heals lung and respiratory tract diseases, cellular and digestive system disorders, influences the female organs and increases fertility.<\/span><\/p>\n<p><span>It heals the problems of the lower back, as it connects us with the root chakra (muladhara) that is related to the basic principles of survival, it is ideal for cases of arthritis, neuralgia and depression.\u00a0<\/span><\/p>\n<p><span>Emotionally: Carnelian imparts acceptance of the life cycle and dissolves fear of death, instills courage and encourages positive life choices. It helps overcome negative conditioning and encourages steadfastness, dispels apathy and motivates to achieve success in business or personal pursuits.<\/span><\/p>\n<p><span>It is a stone that allows to make contact with oneself, helping self-confidence, is a powerful stone against envy, anger and resentment (both personal and other people), calms the anger replacing it with love of life.<\/span><\/p>\n<p><span>Mental level: It is an excellent relaxant in cases of overactive mind and helps insomnia.<\/span><\/p>\n<p><span>On an energetic level: It cleanses the aura and transmutes negative energy, stimulating the chakras.<\/span><\/p>\n<p>&nbsp;<\/p>\n<p class=\"translation-block\"><span style=\"font-weight: 400\"> <strong>Agata<\/strong>is a stone that in its various natural shades covers the entire chromatic spectrum, that is, all the virtues and energies that integrate the Self and the Light. As well as the 7 Chakras.<\/span><\/p>\n<p><span>Agate also benefits us and brings harmony, balance, strengthening, courage and security.<\/span><\/p>","protected":false},"excerpt":{"rendered":"<p><span><strong>7 chakras, Vector in Balance<\/strong><\/span><\/p>","protected":false},"featured_media":41187,"comment_status":"open","ping_status":"closed","template":"","meta":{"_acf_changed":false,"site-sidebar-layout":"default","site-content-layout":"","ast-site-content-layout":"default","site-content-style":"default","site-sidebar-style":"default","ast-global-header-display":"","ast-banner-title-visibility":"","ast-main-header-display":"","ast-hfb-above-header-display":"","ast-hfb-below-header-display":"","ast-hfb-mobile-header-display":"","site-post-title":"","ast-breadcrumbs-content":"","ast-featured-img":"","footer-sml-layout":"","ast-disable-related-posts":"","theme-transparent-header-meta":"default","adv-header-id-meta":"","stick-header-meta":"","header-above-stick-meta":"","header-main-stick-meta":"","header-below-stick-meta":"","astra-migrate-meta-layouts":"set","ast-page-background-enabled":"default","ast-page-background-meta":{"desktop":{"background-color":"var(--ast-global-color-4)","background-image":"","background-repeat":"repeat","background-position":"center center","background-size":"auto","background-attachment":"scroll","background-type":"","background-media":"","overlay-type":"","overlay-color":"","overlay-opacity":"","overlay-gradient":""},"tablet":{"background-color":"","background-image":"","background-repeat":"repeat","background-position":"center center","background-size":"auto","background-attachment":"scroll","background-type":"","background-media":"","overlay-type":"","overlay-color":"","overlay-opacity":"","overlay-gradient":""},"mobile":{"background-color":"","background-image":"","background-repeat":"repeat","background-position":"center center","background-size":"auto","background-attachment":"scroll","background-type":"","background-media":"","overlay-type":"","overlay-color":"","overlay-opacity":"","overlay-gradient":""}},"ast-content-background-meta":{"desktop":{"background-color":"var(--ast-global-color-5)","background-image":"","background-repeat":"repeat","background-position":"center center","background-size":"auto","background-attachment":"scroll","background-type":"","background-media":"","overlay-type":"","overlay-color":"","overlay-opacity":"","overlay-gradient":""},"tablet":{"background-color":"var(--ast-global-color-5)","background-image":"","background-repeat":"repeat","background-position":"center center","background-size":"auto","background-attachment":"scroll","background-type":"","background-media":"","overlay-type":"","overlay-color":"","overlay-opacity":"","overlay-gradient":""},"mobile":{"background-color":"var(--ast-global-color-5)","background-image":"","background-repeat":"repeat","background-position":"center center","background-size":"auto","background-attachment":"scroll","background-type":"","background-media":"","overlay-type":"","overlay-color":"","overlay-opacity":"","overlay-gradient":""}},"_joinchat":[]},"astrologia":[],"coleccion":[948],"joyeria":[1574,1583,1588],"linea":[],"material":[2342,2424],"orgonita":[],"piedra":[812,813,814,861,862,815,864,874,872,881,887,889,822],"proposito":[1861,1862,688,706,1960,707,819,763],"simbolo":[830,856],"tamano":[2422],"visibilidad-producto-nuevo":[],"product_brand":[],"product_cat":[1617,1618],"product_tag":[],"class_list":{"0":"post-24909","1":"product","2":"type-product","3":"status-publish","4":"has-post-thumbnail","6":"coleccion-7mo-aniv-chakras","7":"joyeria-coleccion-joyeria","8":"joyeria-pulseras","9":"joyeria-pulseras-de-cuarzo","10":"material-cuarzo","11":"material-elastico","12":"piedra-agata","13":"piedra-agata-azul","14":"piedra-agata-blanca","15":"piedra-agata-morada","16":"piedra-agata-musgosa","17":"piedra-agata-negra","18":"piedra-amatista","19":"piedra-cornalina-naranja","20":"piedra-cuarzo-citrino","21":"piedra-cuarzo-verde","22":"piedra-jaspe-rojo","23":"piedra-lapislazuli","24":"piedra-obsidiana-negra","25":"proposito-antidepresivo","26":"proposito-apertura-de-posibilidades","27":"proposito-armonia","28":"proposito-desarrollo-espiritual","29":"proposito-espiritualidad","30":"proposito-expansion","31":"proposito-integracion","32":"proposito-salud","33":"simbolo-chakras","34":"simbolo-vector-en-equilibrio","35":"tamano-regular","36":"product_cat-colecciones","37":"product_cat-joyeria","38":"pa_cuarzos-obsidiana-negra","39":"pa_cuarzos-agata-blanca","40":"desktop-align-left","41":"tablet-align-left","42":"mobile-align-left","44":"first","45":"instock","46":"shipping-taxable","47":"purchasable","48":"product-type-variable","49":"has-default-attributes","50":"wvs-archive-product-wrapper"},"acf":[],"yoast_head":"<!-- This site is optimized with the Yoast SEO Premium plugin v24.9 (Yoast SEO v24.9) - https:\/\/yoast.com\/wordpress\/plugins\/seo\/ -->\n<title>Pulsera 7 Chakras con \u00c1gatas de colores, Obsidiana Negra o \u00c1gata Blanca &#8902; Arte Sagrado<\/title>\n<meta name=\"description\" content=\"Pulsera 7 Chakras: con \u00c1gatas de colores, Obsidiana Negra o \u00c1gata Blanca, armon\u00eda y balance energ\u00e9tico.\" \/>\n<meta name=\"robots\" content=\"index, follow, max-snippet:-1, max-image-preview:large, max-video-preview:-1\" \/>\n<link rel=\"canonical\" href=\"https:\/\/artesagrado.com.mx\/en\/product\/pulsera-7-chakras-con-agatas-de-colores-obsidiana-negra-o-agata-blanca\/\" \/>\n<meta property=\"og:locale\" content=\"en_US\" \/>\n<meta property=\"og:type\" content=\"article\" \/>\n<meta property=\"og:title\" content=\"Pulsera 7 Chakras con \u00c1gatas de colores, Obsidiana Negra o \u00c1gata Blanca\" \/>\n<meta property=\"og:description\" content=\"Descubre la colecci\u00f3n de productos de Arte Sagrado M\u00e9xico: joyer\u00eda y dispositivos energ\u00e9ticos elaborados con geometr\u00eda sagrada y tecnolog\u00eda Org\u00f3n para equilibrar y armonizar tu vida.\" \/>\n<meta property=\"og:url\" content=\"https:\/\/artesagrado.com.mx\/en\/product\/pulsera-7-chakras-con-agatas-de-colores-obsidiana-negra-o-agata-blanca\/\" \/>\n<meta property=\"og:site_name\" content=\"Arte Sagrado\" \/>\n<meta property=\"article:publisher\" content=\"https:\/\/www.facebook.com\/ArteSagradoMexico\" \/>\n<meta property=\"article:modified_time\" content=\"2026-01-22T22:35:41+00:00\" \/>\n<meta property=\"og:image\" content=\"https:\/\/artesagrado.com.mx\/wp-content\/uploads\/2023\/03\/Pulsera-7-Chakras-con-Agatas-de-colores-Obsidiana-Negra-o-Agata-Blanca_4.webp\" \/>\n\t<meta property=\"og:image:width\" content=\"1000\" \/>\n\t<meta property=\"og:image:height\" content=\"1000\" \/>\n\t<meta property=\"og:image:type\" content=\"image\/webp\" \/>\n<meta name=\"twitter:card\" content=\"summary_large_image\" \/>\n<meta name=\"twitter:label1\" content=\"Availability\" \/>\n\t<meta name=\"twitter:data1\" content=\"In stock\" \/>\n<script type=\"application\/ld+json\" class=\"yoast-schema-graph\">{\"@context\":\"https:\/\/schema.org\",\"@graph\":[{\"@type\":\"WebPage\",\"@id\":\"https:\/\/artesagrado.com.mx\/producto\/pulsera-7-chakras-con-agatas-de-colores-obsidiana-negra-o-agata-blanca\/\",\"url\":\"https:\/\/artesagrado.com.mx\/producto\/pulsera-7-chakras-con-agatas-de-colores-obsidiana-negra-o-agata-blanca\/\",\"name\":\"Pulsera 7 Chakras con \u00c1gatas de colores, Obsidiana Negra o \u00c1gata Blanca &#8902; Arte Sagrado\",\"isPartOf\":{\"@id\":\"https:\/\/artesagrado.com.mx\/#website\"},\"primaryImageOfPage\":{\"@id\":\"https:\/\/artesagrado.com.mx\/producto\/pulsera-7-chakras-con-agatas-de-colores-obsidiana-negra-o-agata-blanca\/#primaryimage\"},\"image\":{\"@id\":\"https:\/\/artesagrado.com.mx\/producto\/pulsera-7-chakras-con-agatas-de-colores-obsidiana-negra-o-agata-blanca\/#primaryimage\"},\"thumbnailUrl\":\"https:\/\/artesagrado.com.mx\/wp-content\/uploads\/2023\/03\/Pulsera-7-Chakras-con-Agatas-de-colores-Obsidiana-Negra-o-Agata-Blanca_4.webp\",\"datePublished\":\"2023-03-18T03:59:37+00:00\",\"dateModified\":\"2026-01-22T22:35:41+00:00\",\"description\":\"Pulsera 7 Chakras: con \u00c1gatas de colores, Obsidiana Negra o \u00c1gata Blanca, armon\u00eda y balance energ\u00e9tico.\",\"breadcrumb\":{\"@id\":\"https:\/\/artesagrado.com.mx\/producto\/pulsera-7-chakras-con-agatas-de-colores-obsidiana-negra-o-agata-blanca\/#breadcrumb\"},\"inLanguage\":\"en-US\",\"potentialAction\":[{\"@type\":\"ReadAction\",\"target\":[\"https:\/\/artesagrado.com.mx\/producto\/pulsera-7-chakras-con-agatas-de-colores-obsidiana-negra-o-agata-blanca\/\"]}]},{\"@type\":\"ImageObject\",\"inLanguage\":\"en-US\",\"@id\":\"https:\/\/artesagrado.com.mx\/producto\/pulsera-7-chakras-con-agatas-de-colores-obsidiana-negra-o-agata-blanca\/#primaryimage\",\"url\":\"https:\/\/artesagrado.com.mx\/wp-content\/uploads\/2023\/03\/Pulsera-7-Chakras-con-Agatas-de-colores-Obsidiana-Negra-o-Agata-Blanca_4.webp\",\"contentUrl\":\"https:\/\/artesagrado.com.mx\/wp-content\/uploads\/2023\/03\/Pulsera-7-Chakras-con-Agatas-de-colores-Obsidiana-Negra-o-Agata-Blanca_4.webp\",\"width\":1000,\"height\":1000},{\"@type\":\"BreadcrumbList\",\"@id\":\"https:\/\/artesagrado.com.mx\/producto\/pulsera-7-chakras-con-agatas-de-colores-obsidiana-negra-o-agata-blanca\/#breadcrumb\",\"itemListElement\":[{\"@type\":\"ListItem\",\"position\":1,\"name\":\"Portada\",\"item\":\"https:\/\/artesagrado.com.mx\/\"},{\"@type\":\"ListItem\",\"position\":2,\"name\":\"Tienda\",\"item\":\"https:\/\/artesagrado.com.mx\/tienda\/\"},{\"@type\":\"ListItem\",\"position\":3,\"name\":\"Pulsera 7 Chakras con \u00c1gatas de colores, Obsidiana Negra o \u00c1gata Blanca\"}]},{\"@type\":\"WebSite\",\"@id\":\"https:\/\/artesagrado.com.mx\/#website\",\"url\":\"https:\/\/artesagrado.com.mx\/\",\"name\":\"Arte Sagrado\",\"description\":\"Empoderando tu ser\",\"publisher\":{\"@id\":\"https:\/\/artesagrado.com.mx\/#organization\"},\"alternateName\":\"Arte Sagrado M\u00e9xico\",\"potentialAction\":[{\"@type\":\"SearchAction\",\"target\":{\"@type\":\"EntryPoint\",\"urlTemplate\":\"https:\/\/artesagrado.com.mx\/?s={search_term_string}\"},\"query-input\":{\"@type\":\"PropertyValueSpecification\",\"valueRequired\":true,\"valueName\":\"search_term_string\"}}],\"inLanguage\":\"en-US\"},{\"@type\":\"Organization\",\"@id\":\"https:\/\/artesagrado.com.mx\/#organization\",\"name\":\"Arte Sagrado\",\"alternateName\":\"Arte Sagrado M\u00e9xico\",\"url\":\"https:\/\/artesagrado.com.mx\/\",\"logo\":{\"@type\":\"ImageObject\",\"inLanguage\":\"en-US\",\"@id\":\"https:\/\/artesagrado.com.mx\/#\/schema\/logo\/image\/\",\"url\":\"https:\/\/artesagrado.com.mx\/wp-content\/uploads\/2024\/07\/portada_cuadrada_base_arte-sagrado.webp\",\"contentUrl\":\"https:\/\/artesagrado.com.mx\/wp-content\/uploads\/2024\/07\/portada_cuadrada_base_arte-sagrado.webp\",\"width\":1000,\"height\":1000,\"caption\":\"Arte Sagrado\"},\"image\":{\"@id\":\"https:\/\/artesagrado.com.mx\/#\/schema\/logo\/image\/\"},\"sameAs\":[\"https:\/\/www.facebook.com\/ArteSagradoMexico\",\"https:\/\/www.instagram.com\/arte_sagrado_oficial\/\",\"https:\/\/www.tiktok.com\/@arte_sagrado_oficial\"],\"description\":\"Arte Sagrado\u00ae es un proyecto pensado, sentido y accionado al servicio de la humanidad y la conciencia. Nacemos en tiempos precisos donde la luz y el recuerdo de nuestra grandeza, empiezan a resplandecer; es por eso que nuestro proyecto se enfoca y especializa en contribuir con informaci\u00f3n y conocimiento de los arquetipos originales y el lenguaje de la geometr\u00eda sagrada.\",\"publishingPrinciples\":\"https:\/\/artesagrado.com.mx\/conoce-a-arte-sagrado\/\"}]}<\/script>\n<meta property=\"og:availability\" content=\"instock\" \/>\n<meta property=\"product:availability\" content=\"instock\" \/>\n<meta property=\"product:condition\" content=\"new\" \/>\n<!-- \/ Yoast SEO Premium plugin. -->","yoast_head_json":{"title":"Pulsera 7 Chakras con \u00c1gatas de colores, Obsidiana Negra o \u00c1gata Blanca &#8902; Arte Sagrado","description":"Pulsera 7 Chakras: con \u00c1gatas de colores, Obsidiana Negra o \u00c1gata Blanca, armon\u00eda y balance energ\u00e9tico.","robots":{"index":"index","follow":"follow","max-snippet":"max-snippet:-1","max-image-preview":"max-image-preview:large","max-video-preview":"max-video-preview:-1"},"canonical":"https:\/\/artesagrado.com.mx\/en\/product\/pulsera-7-chakras-con-agatas-de-colores-obsidiana-negra-o-agata-blanca\/","og_locale":"en_US","og_type":"article","og_title":"Pulsera 7 Chakras con \u00c1gatas de colores, Obsidiana Negra o \u00c1gata Blanca","og_description":"Descubre la colecci\u00f3n de productos de Arte Sagrado M\u00e9xico: joyer\u00eda y dispositivos energ\u00e9ticos elaborados con geometr\u00eda sagrada y tecnolog\u00eda Org\u00f3n para equilibrar y armonizar tu vida.","og_url":"https:\/\/artesagrado.com.mx\/en\/product\/pulsera-7-chakras-con-agatas-de-colores-obsidiana-negra-o-agata-blanca\/","og_site_name":"Arte Sagrado","article_publisher":"https:\/\/www.facebook.com\/ArteSagradoMexico","article_modified_time":"2026-01-22T22:35:41+00:00","og_image":[{"width":1000,"height":1000,"url":"https:\/\/artesagrado.com.mx\/wp-content\/uploads\/2023\/03\/Pulsera-7-Chakras-con-Agatas-de-colores-Obsidiana-Negra-o-Agata-Blanca_4.webp","type":"image\/webp"}],"twitter_card":"summary_large_image","twitter_misc":{"Availability":"In stock"},"schema":{"@context":"https:\/\/schema.org","@graph":[{"@type":"WebPage","@id":"https:\/\/artesagrado.com.mx\/producto\/pulsera-7-chakras-con-agatas-de-colores-obsidiana-negra-o-agata-blanca\/","url":"https:\/\/artesagrado.com.mx\/producto\/pulsera-7-chakras-con-agatas-de-colores-obsidiana-negra-o-agata-blanca\/","name":"Pulsera 7 Chakras con \u00c1gatas de colores, Obsidiana Negra o \u00c1gata Blanca &#8902; Arte Sagrado","isPartOf":{"@id":"https:\/\/artesagrado.com.mx\/#website"},"primaryImageOfPage":{"@id":"https:\/\/artesagrado.com.mx\/producto\/pulsera-7-chakras-con-agatas-de-colores-obsidiana-negra-o-agata-blanca\/#primaryimage"},"image":{"@id":"https:\/\/artesagrado.com.mx\/producto\/pulsera-7-chakras-con-agatas-de-colores-obsidiana-negra-o-agata-blanca\/#primaryimage"},"thumbnailUrl":"https:\/\/artesagrado.com.mx\/wp-content\/uploads\/2023\/03\/Pulsera-7-Chakras-con-Agatas-de-colores-Obsidiana-Negra-o-Agata-Blanca_4.webp","datePublished":"2023-03-18T03:59:37+00:00","dateModified":"2026-01-22T22:35:41+00:00","description":"Pulsera 7 Chakras: con \u00c1gatas de colores, Obsidiana Negra o \u00c1gata Blanca, armon\u00eda y balance energ\u00e9tico.","breadcrumb":{"@id":"https:\/\/artesagrado.com.mx\/producto\/pulsera-7-chakras-con-agatas-de-colores-obsidiana-negra-o-agata-blanca\/#breadcrumb"},"inLanguage":"en-US","potentialAction":[{"@type":"ReadAction","target":["https:\/\/artesagrado.com.mx\/producto\/pulsera-7-chakras-con-agatas-de-colores-obsidiana-negra-o-agata-blanca\/"]}]},{"@type":"ImageObject","inLanguage":"en-US","@id":"https:\/\/artesagrado.com.mx\/producto\/pulsera-7-chakras-con-agatas-de-colores-obsidiana-negra-o-agata-blanca\/#primaryimage","url":"https:\/\/artesagrado.com.mx\/wp-content\/uploads\/2023\/03\/Pulsera-7-Chakras-con-Agatas-de-colores-Obsidiana-Negra-o-Agata-Blanca_4.webp","contentUrl":"https:\/\/artesagrado.com.mx\/wp-content\/uploads\/2023\/03\/Pulsera-7-Chakras-con-Agatas-de-colores-Obsidiana-Negra-o-Agata-Blanca_4.webp","width":1000,"height":1000},{"@type":"BreadcrumbList","@id":"https:\/\/artesagrado.com.mx\/producto\/pulsera-7-chakras-con-agatas-de-colores-obsidiana-negra-o-agata-blanca\/#breadcrumb","itemListElement":[{"@type":"ListItem","position":1,"name":"Portada","item":"https:\/\/artesagrado.com.mx\/"},{"@type":"ListItem","position":2,"name":"Tienda","item":"https:\/\/artesagrado.com.mx\/tienda\/"},{"@type":"ListItem","position":3,"name":"Pulsera 7 Chakras con \u00c1gatas de colores, Obsidiana Negra o \u00c1gata Blanca"}]},{"@type":"WebSite","@id":"https:\/\/artesagrado.com.mx\/#website","url":"https:\/\/artesagrado.com.mx\/","name":"Arte Sagrado","description":"Empoderando tu ser","publisher":{"@id":"https:\/\/artesagrado.com.mx\/#organization"},"alternateName":"Arte Sagrado M\u00e9xico","potentialAction":[{"@type":"SearchAction","target":{"@type":"EntryPoint","urlTemplate":"https:\/\/artesagrado.com.mx\/?s={search_term_string}"},"query-input":{"@type":"PropertyValueSpecification","valueRequired":true,"valueName":"search_term_string"}}],"inLanguage":"en-US"},{"@type":"Organization","@id":"https:\/\/artesagrado.com.mx\/#organization","name":"Arte Sagrado","alternateName":"Arte Sagrado M\u00e9xico","url":"https:\/\/artesagrado.com.mx\/","logo":{"@type":"ImageObject","inLanguage":"en-US","@id":"https:\/\/artesagrado.com.mx\/#\/schema\/logo\/image\/","url":"https:\/\/artesagrado.com.mx\/wp-content\/uploads\/2024\/07\/portada_cuadrada_base_arte-sagrado.webp","contentUrl":"https:\/\/artesagrado.com.mx\/wp-content\/uploads\/2024\/07\/portada_cuadrada_base_arte-sagrado.webp","width":1000,"height":1000,"caption":"Arte Sagrado"},"image":{"@id":"https:\/\/artesagrado.com.mx\/#\/schema\/logo\/image\/"},"sameAs":["https:\/\/www.facebook.com\/ArteSagradoMexico","https:\/\/www.instagram.com\/arte_sagrado_oficial\/","https:\/\/www.tiktok.com\/@arte_sagrado_oficial"],"description":"Arte Sagrado\u00ae es un proyecto pensado, sentido y accionado al servicio de la humanidad y la conciencia. Nacemos en tiempos precisos donde la luz y el recuerdo de nuestra grandeza, empiezan a resplandecer; es por eso que nuestro proyecto se enfoca y especializa en contribuir con informaci\u00f3n y conocimiento de los arquetipos originales y el lenguaje de la geometr\u00eda sagrada.","publishingPrinciples":"https:\/\/artesagrado.com.mx\/conoce-a-arte-sagrado\/"}]},"og_availability":"instock","product_availability":"instock","product_condition":"new"},"jetpack_sharing_enabled":true,"_links":{"self":[{"href":"https:\/\/artesagrado.com.mx\/en\/wp-json\/wp\/v2\/product\/24909","targetHints":{"allow":["GET"]}}],"collection":[{"href":"https:\/\/artesagrado.com.mx\/en\/wp-json\/wp\/v2\/product"}],"about":[{"href":"https:\/\/artesagrado.com.mx\/en\/wp-json\/wp\/v2\/types\/product"}],"replies":[{"embeddable":true,"href":"https:\/\/artesagrado.com.mx\/en\/wp-json\/wp\/v2\/comments?post=24909"}],"wp:featuredmedia":[{"embeddable":true,"href":"https:\/\/artesagrado.com.mx\/en\/wp-json\/wp\/v2\/media\/41187"}],"wp:attachment":[{"href":"https:\/\/artesagrado.com.mx\/en\/wp-json\/wp\/v2\/media?parent=24909"}],"wp:term":[{"taxonomy":"astrologia","embeddable":true,"href":"https:\/\/artesagrado.com.mx\/en\/wp-json\/wp\/v2\/astrologia?post=24909"},{"taxonomy":"coleccion","embeddable":true,"href":"https:\/\/artesagrado.com.mx\/en\/wp-json\/wp\/v2\/coleccion?post=24909"},{"taxonomy":"joyeria","embeddable":true,"href":"https:\/\/artesagrado.com.mx\/en\/wp-json\/wp\/v2\/joyeria?post=24909"},{"taxonomy":"linea","embeddable":true,"href":"https:\/\/artesagrado.com.mx\/en\/wp-json\/wp\/v2\/linea?post=24909"},{"taxonomy":"material","embeddable":true,"href":"https:\/\/artesagrado.com.mx\/en\/wp-json\/wp\/v2\/material?post=24909"},{"taxonomy":"orgonita","embeddable":true,"href":"https:\/\/artesagrado.com.mx\/en\/wp-json\/wp\/v2\/orgonita?post=24909"},{"taxonomy":"piedra","embeddable":true,"href":"https:\/\/artesagrado.com.mx\/en\/wp-json\/wp\/v2\/piedra?post=24909"},{"taxonomy":"proposito","embeddable":true,"href":"https:\/\/artesagrado.com.mx\/en\/wp-json\/wp\/v2\/proposito?post=24909"},{"taxonomy":"simbolo","embeddable":true,"href":"https:\/\/artesagrado.com.mx\/en\/wp-json\/wp\/v2\/simbolo?post=24909"},{"taxonomy":"tamano","embeddable":true,"href":"https:\/\/artesagrado.com.mx\/en\/wp-json\/wp\/v2\/tamano?post=24909"},{"taxonomy":"visibilidad-producto-nuevo","embeddable":true,"href":"https:\/\/artesagrado.com.mx\/en\/wp-json\/wp\/v2\/visibilidad-producto-nuevo?post=24909"},{"taxonomy":"product_brand","embeddable":true,"href":"https:\/\/artesagrado.com.mx\/en\/wp-json\/wp\/v2\/product_brand?post=24909"},{"taxonomy":"product_cat","embeddable":true,"href":"https:\/\/artesagrado.com.mx\/en\/wp-json\/wp\/v2\/product_cat?post=24909"},{"taxonomy":"product_tag","embeddable":true,"href":"https:\/\/artesagrado.com.mx\/en\/wp-json\/wp\/v2\/product_tag?post=24909"}],"curies":[{"name":"wp","href":"https:\/\/api.w.org\/{rel}","templated":true}]}}