{"id":25040,"date":"2023-03-17T23:51:07","date_gmt":"2023-03-18T05:51:07","guid":{"rendered":"https:\/\/artesagrado.com.mx\/producto\/piramide-orgonita-escorpio-turquesa-hematita\/"},"modified":"2026-04-13T13:41:22","modified_gmt":"2026-04-13T19:41:22","slug":"mini-piramide-orgonita-escorpio-con-turquesa-y-hematita","status":"publish","type":"product","link":"https:\/\/artesagrado.com.mx\/en\/product\/mini-piramide-orgonita-escorpio-con-turquesa-y-hematita\/","title":{"rendered":"Mini Scorpio Orgonite Pyramid with Turquoise and Hematite"},"content":{"rendered":"<p class=\"translation-block\"><span style=\"font-weight: 400\">Our<\/span><b> Astrological Line <\/b><span style=\"font-weight: 400\">  concentrates the symbols and energetic charges of the original archetypes of the Great Spirit.<\/span><\/p>\n<p><span>It has been inspired and empowered by the wisdom of Celtic Runes, Mayan mathematical counting, Sacred Geometry, planetary charge, constellation, zodiac sign, gemological correspondence and colorimetry. Thus achieving powerful works whose purpose is to bring the archetypal and energetic power to anyone, anywhere, regardless of their zodiac sign.<\/span><\/p>\n<p>&nbsp;<\/p>\n<p><b>Scorpio Characteristics:\u00a0<\/b>I wish.<\/p>\n<p><b>Decree: <\/b><span>I passionately desire to generate light, life and love.<\/span><\/p>\n<p><b>Modality: <\/b><span>Fixed water<\/span><\/p>\n<p><b>Ruling Astro:<\/b><span> Pluto<\/span><\/p>\n<p>&nbsp;<\/p>\n<p>The\u00a0<strong>Turquoise\u00a0<\/strong>is a stone of purification, dissipating negative energies and electromagnetic mist, aligning all the chakras with the subtle bodies.<\/p>\n<p>Psychologically it is a strengthening stone and mentally it instills inner calm while maintaining alertness.<\/p>\n<p>At the emotional level, it stabilizes mood alterations and brings inner calm.<\/p>\n<p>&nbsp;<\/p>\n<ul>\n<li>Enhances intuition.<\/li>\n<li><span>Stabilizes emotions.<\/span><\/li>\n<li>Dissipates negative energy.<\/li>\n<\/ul>\n<p>The\u00a0<strong>Hematite\u00a0<\/strong>is particularly effective in settling, protecting and harmonizing mind, body and spirit. It protects the soul and links it to the body during astral travel. It also enhances willpower and reliability and imparts confidence.<\/p>\n<ul>\n<li>Stimulates concentration.<\/li>\n<li>Willpower.<\/li>\n<li>Expands self-esteem.<\/li>\n<li>Protects the soul.<\/li>\n<li>Harmonizes the mind.<\/li>\n<li>Strong connection with blood.\n<p>The <strong>Silver<\/strong> is a bright white metal and is the best electrical conductor among metals.<\/p>\n<p>The shine of this metal symbolizes Moonlight, and as such, it is related to our deepest emotions and can store information about the inner world of the wearer.<\/p>\n<p>It is a powerful protector, as it distributes, neutralizes and eliminates negative energy from any source.<\/p>\n<p>It helps to enhance dreams making them more lucid, beneficial and productive.<\/p>\n<p>Being related to the moon and emotions, it stimulates clairvoyance and extrasensory perceptions and is the perfect ally to release negative emotions and tensions.<\/p>\n<\/li>\n<\/ul>","protected":false},"excerpt":{"rendered":"<p>Archetype of Transformation, chaos, alchemy and detonator of development. Integrating this energy into Consciousness, allows us to enter the deep world of the unconscious and generate the ruptures of the incorrect, in order to develop ourselves more and more. It gives us a powerful and magnetic opportunity to transform into the Divine.<\/p>\n<p><span><strong>Scorpio, Hematite, Turquoise, Silver 0.925.<\/strong><\/span><\/p>\n<ul>\n<li><span>Double Sight Orgone power necklace 4.4 cm in diameter - 7 mm high.<\/span><\/li>\n<li><span>Made in quartz Hematite and Turquoise (Side A) copper and bronze machinery (Side B).<\/span><\/li>\n<li><span>Scorpio Symbol Silver 0.925 (Side A).<\/span><\/li>\n<li><span><span>Constellation in 0.925 Silver (Side B).<\/span><\/span><span>NOTE: Due to their nature, some of the pieces that make up this necklace may vary in detail, tone and color.<\/span><\/li>\n<\/ul>","protected":false},"featured_media":39810,"comment_status":"open","ping_status":"closed","template":"","meta":{"_acf_changed":false,"site-sidebar-layout":"default","site-content-layout":"","ast-site-content-layout":"default","site-content-style":"default","site-sidebar-style":"default","ast-global-header-display":"","ast-banner-title-visibility":"","ast-main-header-display":"","ast-hfb-above-header-display":"","ast-hfb-below-header-display":"","ast-hfb-mobile-header-display":"","site-post-title":"","ast-breadcrumbs-content":"","ast-featured-img":"","footer-sml-layout":"","ast-disable-related-posts":"","theme-transparent-header-meta":"default","adv-header-id-meta":"","stick-header-meta":"","header-above-stick-meta":"","header-main-stick-meta":"","header-below-stick-meta":"","astra-migrate-meta-layouts":"set","ast-page-background-enabled":"default","ast-page-background-meta":{"desktop":{"background-color":"var(--ast-global-color-4)","background-image":"","background-repeat":"repeat","background-position":"center center","background-size":"auto","background-attachment":"scroll","background-type":"","background-media":"","overlay-type":"","overlay-color":"","overlay-opacity":"","overlay-gradient":""},"tablet":{"background-color":"","background-image":"","background-repeat":"repeat","background-position":"center center","background-size":"auto","background-attachment":"scroll","background-type":"","background-media":"","overlay-type":"","overlay-color":"","overlay-opacity":"","overlay-gradient":""},"mobile":{"background-color":"","background-image":"","background-repeat":"repeat","background-position":"center center","background-size":"auto","background-attachment":"scroll","background-type":"","background-media":"","overlay-type":"","overlay-color":"","overlay-opacity":"","overlay-gradient":""}},"ast-content-background-meta":{"desktop":{"background-color":"var(--ast-global-color-5)","background-image":"","background-repeat":"repeat","background-position":"center center","background-size":"auto","background-attachment":"scroll","background-type":"","background-media":"","overlay-type":"","overlay-color":"","overlay-opacity":"","overlay-gradient":""},"tablet":{"background-color":"var(--ast-global-color-5)","background-image":"","background-repeat":"repeat","background-position":"center center","background-size":"auto","background-attachment":"scroll","background-type":"","background-media":"","overlay-type":"","overlay-color":"","overlay-opacity":"","overlay-gradient":""},"mobile":{"background-color":"var(--ast-global-color-5)","background-image":"","background-repeat":"repeat","background-position":"center center","background-size":"auto","background-attachment":"scroll","background-type":"","background-media":"","overlay-type":"","overlay-color":"","overlay-opacity":"","overlay-gradient":""}},"_joinchat":[]},"astrologia":[800],"coleccion":[],"joyeria":[],"linea":[911,923,920],"material":[2225,2342,2226],"orgonita":[1602,1600],"piedra":[884,908],"proposito":[746,692,747,749,748],"simbolo":[833],"tamano":[809],"visibilidad-producto-nuevo":[],"product_brand":[],"product_cat":[1616,1610],"product_tag":[2476,665],"class_list":{"0":"post-25040","1":"product","2":"type-product","3":"status-publish","4":"has-post-thumbnail","6":"astrologia-escorpio","7":"linea-astrologia","8":"linea-mini-piramides-orgon","9":"linea-signo-zodiacal","10":"material-acero-inoxidable","11":"material-cuarzo","12":"material-tela","13":"orgonita-mini-orgonita","14":"orgonita-piramides","15":"piedra-hematita","16":"piedra-turquesa","17":"proposito-alquimia","18":"proposito-intuicion","19":"proposito-misticismo","20":"proposito-pasion","21":"proposito-renacimiento","22":"simbolo-escorpio","23":"tamano-mini","24":"product_cat-lineas","25":"product_cat-orgonitas","26":"product_tag-mini-piramides","27":"product_tag-piramides","28":"pa_material-plata","29":"pa_simbolo-escorpio","30":"desktop-align-left","31":"tablet-align-left","32":"mobile-align-left","34":"first","35":"instock","36":"shipping-taxable","37":"purchasable","38":"product-type-simple"},"acf":[],"yoast_head":"<!-- This site is optimized with the Yoast SEO Premium plugin v24.9 (Yoast SEO v24.9) - https:\/\/yoast.com\/wordpress\/plugins\/seo\/ -->\n<title>Mini Pir\u00e1mide Orgonita Escorpio con Turquesa y Hematita &#8902; Arte Sagrado<\/title>\n<meta name=\"description\" content=\"Mini Pir\u00e1mide Orgonita Escorpio con Turquesa y Hematita: Protecci\u00f3n y equilibrio con turquesa y hematita.\" \/>\n<meta name=\"robots\" content=\"index, follow, max-snippet:-1, max-image-preview:large, max-video-preview:-1\" \/>\n<link rel=\"canonical\" href=\"https:\/\/artesagrado.com.mx\/en\/product\/mini-piramide-orgonita-escorpio-con-turquesa-y-hematita\/\" \/>\n<meta property=\"og:locale\" content=\"en_US\" \/>\n<meta property=\"og:type\" content=\"article\" \/>\n<meta property=\"og:title\" content=\"Mini Pir\u00e1mide Orgonita Escorpio con Turquesa y Hematita\" \/>\n<meta property=\"og:description\" content=\"Descubre la colecci\u00f3n de productos de Arte Sagrado M\u00e9xico: joyer\u00eda y dispositivos energ\u00e9ticos elaborados con geometr\u00eda sagrada y tecnolog\u00eda Org\u00f3n para equilibrar y armonizar tu vida.\" \/>\n<meta property=\"og:url\" content=\"https:\/\/artesagrado.com.mx\/en\/product\/mini-piramide-orgonita-escorpio-con-turquesa-y-hematita\/\" \/>\n<meta property=\"og:site_name\" content=\"Arte Sagrado\" \/>\n<meta property=\"article:publisher\" content=\"https:\/\/www.facebook.com\/ArteSagradoMexico\" \/>\n<meta property=\"article:modified_time\" content=\"2026-04-13T19:41:22+00:00\" \/>\n<meta property=\"og:image\" content=\"https:\/\/artesagrado.com.mx\/wp-content\/uploads\/2023\/03\/Mini-Piramide-Orgonita-Escorpio-con-Turquesa-y-Hematita_3.webp\" \/>\n\t<meta property=\"og:image:width\" content=\"1000\" \/>\n\t<meta property=\"og:image:height\" content=\"1000\" \/>\n\t<meta property=\"og:image:type\" content=\"image\/webp\" \/>\n<meta name=\"twitter:card\" content=\"summary_large_image\" \/>\n<meta name=\"twitter:label1\" content=\"Price\" \/>\n\t<meta name=\"twitter:data1\" content=\"&#036;444.00\" \/>\n\t<meta name=\"twitter:label2\" content=\"Availability\" \/>\n\t<meta name=\"twitter:data2\" content=\"In stock\" \/>\n<script type=\"application\/ld+json\" class=\"yoast-schema-graph\">{\"@context\":\"https:\/\/schema.org\",\"@graph\":[{\"@type\":\"WebPage\",\"@id\":\"https:\/\/artesagrado.com.mx\/producto\/mini-piramide-orgonita-escorpio-con-turquesa-y-hematita\/\",\"url\":\"https:\/\/artesagrado.com.mx\/producto\/mini-piramide-orgonita-escorpio-con-turquesa-y-hematita\/\",\"name\":\"Mini Pir\u00e1mide Orgonita Escorpio con Turquesa y Hematita &#8902; Arte Sagrado\",\"isPartOf\":{\"@id\":\"https:\/\/artesagrado.com.mx\/#website\"},\"primaryImageOfPage\":{\"@id\":\"https:\/\/artesagrado.com.mx\/producto\/mini-piramide-orgonita-escorpio-con-turquesa-y-hematita\/#primaryimage\"},\"image\":{\"@id\":\"https:\/\/artesagrado.com.mx\/producto\/mini-piramide-orgonita-escorpio-con-turquesa-y-hematita\/#primaryimage\"},\"thumbnailUrl\":\"https:\/\/artesagrado.com.mx\/wp-content\/uploads\/2023\/03\/Mini-Piramide-Orgonita-Escorpio-con-Turquesa-y-Hematita_3.webp\",\"datePublished\":\"2023-03-18T05:51:07+00:00\",\"dateModified\":\"2026-04-13T19:41:22+00:00\",\"description\":\"Mini Pir\u00e1mide Orgonita Escorpio con Turquesa y Hematita: Protecci\u00f3n y equilibrio con turquesa y hematita.\",\"breadcrumb\":{\"@id\":\"https:\/\/artesagrado.com.mx\/producto\/mini-piramide-orgonita-escorpio-con-turquesa-y-hematita\/#breadcrumb\"},\"inLanguage\":\"en-US\",\"potentialAction\":[{\"@type\":\"ReadAction\",\"target\":[\"https:\/\/artesagrado.com.mx\/producto\/mini-piramide-orgonita-escorpio-con-turquesa-y-hematita\/\"]}]},{\"@type\":\"ImageObject\",\"inLanguage\":\"en-US\",\"@id\":\"https:\/\/artesagrado.com.mx\/producto\/mini-piramide-orgonita-escorpio-con-turquesa-y-hematita\/#primaryimage\",\"url\":\"https:\/\/artesagrado.com.mx\/wp-content\/uploads\/2023\/03\/Mini-Piramide-Orgonita-Escorpio-con-Turquesa-y-Hematita_3.webp\",\"contentUrl\":\"https:\/\/artesagrado.com.mx\/wp-content\/uploads\/2023\/03\/Mini-Piramide-Orgonita-Escorpio-con-Turquesa-y-Hematita_3.webp\",\"width\":1000,\"height\":1000,\"caption\":\"Mini Pir\u00e1mide Orgonita Escorpio con Turquesa y Hematita - Vista Lateral\"},{\"@type\":\"BreadcrumbList\",\"@id\":\"https:\/\/artesagrado.com.mx\/producto\/mini-piramide-orgonita-escorpio-con-turquesa-y-hematita\/#breadcrumb\",\"itemListElement\":[{\"@type\":\"ListItem\",\"position\":1,\"name\":\"Portada\",\"item\":\"https:\/\/artesagrado.com.mx\/\"},{\"@type\":\"ListItem\",\"position\":2,\"name\":\"Tienda\",\"item\":\"https:\/\/artesagrado.com.mx\/tienda\/\"},{\"@type\":\"ListItem\",\"position\":3,\"name\":\"Mini Pir\u00e1mide Orgonita Escorpio con Turquesa y Hematita\"}]},{\"@type\":\"WebSite\",\"@id\":\"https:\/\/artesagrado.com.mx\/#website\",\"url\":\"https:\/\/artesagrado.com.mx\/\",\"name\":\"Arte Sagrado\",\"description\":\"Empoderando tu ser\",\"publisher\":{\"@id\":\"https:\/\/artesagrado.com.mx\/#organization\"},\"alternateName\":\"Arte Sagrado M\u00e9xico\",\"potentialAction\":[{\"@type\":\"SearchAction\",\"target\":{\"@type\":\"EntryPoint\",\"urlTemplate\":\"https:\/\/artesagrado.com.mx\/?s={search_term_string}\"},\"query-input\":{\"@type\":\"PropertyValueSpecification\",\"valueRequired\":true,\"valueName\":\"search_term_string\"}}],\"inLanguage\":\"en-US\"},{\"@type\":\"Organization\",\"@id\":\"https:\/\/artesagrado.com.mx\/#organization\",\"name\":\"Arte Sagrado\",\"alternateName\":\"Arte Sagrado M\u00e9xico\",\"url\":\"https:\/\/artesagrado.com.mx\/\",\"logo\":{\"@type\":\"ImageObject\",\"inLanguage\":\"en-US\",\"@id\":\"https:\/\/artesagrado.com.mx\/#\/schema\/logo\/image\/\",\"url\":\"https:\/\/artesagrado.com.mx\/wp-content\/uploads\/2024\/07\/portada_cuadrada_base_arte-sagrado.webp\",\"contentUrl\":\"https:\/\/artesagrado.com.mx\/wp-content\/uploads\/2024\/07\/portada_cuadrada_base_arte-sagrado.webp\",\"width\":1000,\"height\":1000,\"caption\":\"Arte Sagrado\"},\"image\":{\"@id\":\"https:\/\/artesagrado.com.mx\/#\/schema\/logo\/image\/\"},\"sameAs\":[\"https:\/\/www.facebook.com\/ArteSagradoMexico\",\"https:\/\/www.instagram.com\/arte_sagrado_oficial\/\",\"https:\/\/www.tiktok.com\/@arte_sagrado_oficial\"],\"description\":\"Arte Sagrado\u00ae es un proyecto pensado, sentido y accionado al servicio de la humanidad y la conciencia. Nacemos en tiempos precisos donde la luz y el recuerdo de nuestra grandeza, empiezan a resplandecer; es por eso que nuestro proyecto se enfoca y especializa en contribuir con informaci\u00f3n y conocimiento de los arquetipos originales y el lenguaje de la geometr\u00eda sagrada.\",\"publishingPrinciples\":\"https:\/\/artesagrado.com.mx\/conoce-a-arte-sagrado\/\"}]}<\/script>\n<meta property=\"product:price:amount\" content=\"444.00\" \/>\n<meta property=\"product:price:currency\" content=\"MXN\" \/>\n<meta property=\"og:availability\" content=\"instock\" \/>\n<meta property=\"product:availability\" content=\"instock\" \/>\n<meta property=\"product:condition\" content=\"new\" \/>\n<!-- \/ Yoast SEO Premium plugin. -->","yoast_head_json":{"title":"Mini Pir\u00e1mide Orgonita Escorpio con Turquesa y Hematita &#8902; Arte Sagrado","description":"Mini Pir\u00e1mide Orgonita Escorpio con Turquesa y Hematita: Protecci\u00f3n y equilibrio con turquesa y hematita.","robots":{"index":"index","follow":"follow","max-snippet":"max-snippet:-1","max-image-preview":"max-image-preview:large","max-video-preview":"max-video-preview:-1"},"canonical":"https:\/\/artesagrado.com.mx\/en\/product\/mini-piramide-orgonita-escorpio-con-turquesa-y-hematita\/","og_locale":"en_US","og_type":"article","og_title":"Mini Pir\u00e1mide Orgonita Escorpio con Turquesa y Hematita","og_description":"Descubre la colecci\u00f3n de productos de Arte Sagrado M\u00e9xico: joyer\u00eda y dispositivos energ\u00e9ticos elaborados con geometr\u00eda sagrada y tecnolog\u00eda Org\u00f3n para equilibrar y armonizar tu vida.","og_url":"https:\/\/artesagrado.com.mx\/en\/product\/mini-piramide-orgonita-escorpio-con-turquesa-y-hematita\/","og_site_name":"Arte Sagrado","article_publisher":"https:\/\/www.facebook.com\/ArteSagradoMexico","article_modified_time":"2026-04-13T19:41:22+00:00","og_image":[{"width":1000,"height":1000,"url":"https:\/\/artesagrado.com.mx\/wp-content\/uploads\/2023\/03\/Mini-Piramide-Orgonita-Escorpio-con-Turquesa-y-Hematita_3.webp","type":"image\/webp"}],"twitter_card":"summary_large_image","twitter_misc":{"Price":"&#36;444.00","Availability":"In stock"},"schema":{"@context":"https:\/\/schema.org","@graph":[{"@type":"WebPage","@id":"https:\/\/artesagrado.com.mx\/producto\/mini-piramide-orgonita-escorpio-con-turquesa-y-hematita\/","url":"https:\/\/artesagrado.com.mx\/producto\/mini-piramide-orgonita-escorpio-con-turquesa-y-hematita\/","name":"Mini Pir\u00e1mide Orgonita Escorpio con Turquesa y Hematita &#8902; Arte Sagrado","isPartOf":{"@id":"https:\/\/artesagrado.com.mx\/#website"},"primaryImageOfPage":{"@id":"https:\/\/artesagrado.com.mx\/producto\/mini-piramide-orgonita-escorpio-con-turquesa-y-hematita\/#primaryimage"},"image":{"@id":"https:\/\/artesagrado.com.mx\/producto\/mini-piramide-orgonita-escorpio-con-turquesa-y-hematita\/#primaryimage"},"thumbnailUrl":"https:\/\/artesagrado.com.mx\/wp-content\/uploads\/2023\/03\/Mini-Piramide-Orgonita-Escorpio-con-Turquesa-y-Hematita_3.webp","datePublished":"2023-03-18T05:51:07+00:00","dateModified":"2026-04-13T19:41:22+00:00","description":"Mini Pir\u00e1mide Orgonita Escorpio con Turquesa y Hematita: Protecci\u00f3n y equilibrio con turquesa y hematita.","breadcrumb":{"@id":"https:\/\/artesagrado.com.mx\/producto\/mini-piramide-orgonita-escorpio-con-turquesa-y-hematita\/#breadcrumb"},"inLanguage":"en-US","potentialAction":[{"@type":"ReadAction","target":["https:\/\/artesagrado.com.mx\/producto\/mini-piramide-orgonita-escorpio-con-turquesa-y-hematita\/"]}]},{"@type":"ImageObject","inLanguage":"en-US","@id":"https:\/\/artesagrado.com.mx\/producto\/mini-piramide-orgonita-escorpio-con-turquesa-y-hematita\/#primaryimage","url":"https:\/\/artesagrado.com.mx\/wp-content\/uploads\/2023\/03\/Mini-Piramide-Orgonita-Escorpio-con-Turquesa-y-Hematita_3.webp","contentUrl":"https:\/\/artesagrado.com.mx\/wp-content\/uploads\/2023\/03\/Mini-Piramide-Orgonita-Escorpio-con-Turquesa-y-Hematita_3.webp","width":1000,"height":1000,"caption":"Mini Pir\u00e1mide Orgonita Escorpio con Turquesa y Hematita - Vista Lateral"},{"@type":"BreadcrumbList","@id":"https:\/\/artesagrado.com.mx\/producto\/mini-piramide-orgonita-escorpio-con-turquesa-y-hematita\/#breadcrumb","itemListElement":[{"@type":"ListItem","position":1,"name":"Portada","item":"https:\/\/artesagrado.com.mx\/"},{"@type":"ListItem","position":2,"name":"Tienda","item":"https:\/\/artesagrado.com.mx\/tienda\/"},{"@type":"ListItem","position":3,"name":"Mini Pir\u00e1mide Orgonita Escorpio con Turquesa y Hematita"}]},{"@type":"WebSite","@id":"https:\/\/artesagrado.com.mx\/#website","url":"https:\/\/artesagrado.com.mx\/","name":"Arte Sagrado","description":"Empoderando tu ser","publisher":{"@id":"https:\/\/artesagrado.com.mx\/#organization"},"alternateName":"Arte Sagrado M\u00e9xico","potentialAction":[{"@type":"SearchAction","target":{"@type":"EntryPoint","urlTemplate":"https:\/\/artesagrado.com.mx\/?s={search_term_string}"},"query-input":{"@type":"PropertyValueSpecification","valueRequired":true,"valueName":"search_term_string"}}],"inLanguage":"en-US"},{"@type":"Organization","@id":"https:\/\/artesagrado.com.mx\/#organization","name":"Arte Sagrado","alternateName":"Arte Sagrado M\u00e9xico","url":"https:\/\/artesagrado.com.mx\/","logo":{"@type":"ImageObject","inLanguage":"en-US","@id":"https:\/\/artesagrado.com.mx\/#\/schema\/logo\/image\/","url":"https:\/\/artesagrado.com.mx\/wp-content\/uploads\/2024\/07\/portada_cuadrada_base_arte-sagrado.webp","contentUrl":"https:\/\/artesagrado.com.mx\/wp-content\/uploads\/2024\/07\/portada_cuadrada_base_arte-sagrado.webp","width":1000,"height":1000,"caption":"Arte Sagrado"},"image":{"@id":"https:\/\/artesagrado.com.mx\/#\/schema\/logo\/image\/"},"sameAs":["https:\/\/www.facebook.com\/ArteSagradoMexico","https:\/\/www.instagram.com\/arte_sagrado_oficial\/","https:\/\/www.tiktok.com\/@arte_sagrado_oficial"],"description":"Arte Sagrado\u00ae es un proyecto pensado, sentido y accionado al servicio de la humanidad y la conciencia. Nacemos en tiempos precisos donde la luz y el recuerdo de nuestra grandeza, empiezan a resplandecer; es por eso que nuestro proyecto se enfoca y especializa en contribuir con informaci\u00f3n y conocimiento de los arquetipos originales y el lenguaje de la geometr\u00eda sagrada.","publishingPrinciples":"https:\/\/artesagrado.com.mx\/conoce-a-arte-sagrado\/"}]},"product_price_amount":"444.00","product_price_currency":"MXN","og_availability":"instock","product_availability":"instock","product_condition":"new"},"jetpack_sharing_enabled":true,"_links":{"self":[{"href":"https:\/\/artesagrado.com.mx\/en\/wp-json\/wp\/v2\/product\/25040","targetHints":{"allow":["GET"]}}],"collection":[{"href":"https:\/\/artesagrado.com.mx\/en\/wp-json\/wp\/v2\/product"}],"about":[{"href":"https:\/\/artesagrado.com.mx\/en\/wp-json\/wp\/v2\/types\/product"}],"replies":[{"embeddable":true,"href":"https:\/\/artesagrado.com.mx\/en\/wp-json\/wp\/v2\/comments?post=25040"}],"wp:featuredmedia":[{"embeddable":true,"href":"https:\/\/artesagrado.com.mx\/en\/wp-json\/wp\/v2\/media\/39810"}],"wp:attachment":[{"href":"https:\/\/artesagrado.com.mx\/en\/wp-json\/wp\/v2\/media?parent=25040"}],"wp:term":[{"taxonomy":"astrologia","embeddable":true,"href":"https:\/\/artesagrado.com.mx\/en\/wp-json\/wp\/v2\/astrologia?post=25040"},{"taxonomy":"coleccion","embeddable":true,"href":"https:\/\/artesagrado.com.mx\/en\/wp-json\/wp\/v2\/coleccion?post=25040"},{"taxonomy":"joyeria","embeddable":true,"href":"https:\/\/artesagrado.com.mx\/en\/wp-json\/wp\/v2\/joyeria?post=25040"},{"taxonomy":"linea","embeddable":true,"href":"https:\/\/artesagrado.com.mx\/en\/wp-json\/wp\/v2\/linea?post=25040"},{"taxonomy":"material","embeddable":true,"href":"https:\/\/artesagrado.com.mx\/en\/wp-json\/wp\/v2\/material?post=25040"},{"taxonomy":"orgonita","embeddable":true,"href":"https:\/\/artesagrado.com.mx\/en\/wp-json\/wp\/v2\/orgonita?post=25040"},{"taxonomy":"piedra","embeddable":true,"href":"https:\/\/artesagrado.com.mx\/en\/wp-json\/wp\/v2\/piedra?post=25040"},{"taxonomy":"proposito","embeddable":true,"href":"https:\/\/artesagrado.com.mx\/en\/wp-json\/wp\/v2\/proposito?post=25040"},{"taxonomy":"simbolo","embeddable":true,"href":"https:\/\/artesagrado.com.mx\/en\/wp-json\/wp\/v2\/simbolo?post=25040"},{"taxonomy":"tamano","embeddable":true,"href":"https:\/\/artesagrado.com.mx\/en\/wp-json\/wp\/v2\/tamano?post=25040"},{"taxonomy":"visibilidad-producto-nuevo","embeddable":true,"href":"https:\/\/artesagrado.com.mx\/en\/wp-json\/wp\/v2\/visibilidad-producto-nuevo?post=25040"},{"taxonomy":"product_brand","embeddable":true,"href":"https:\/\/artesagrado.com.mx\/en\/wp-json\/wp\/v2\/product_brand?post=25040"},{"taxonomy":"product_cat","embeddable":true,"href":"https:\/\/artesagrado.com.mx\/en\/wp-json\/wp\/v2\/product_cat?post=25040"},{"taxonomy":"product_tag","embeddable":true,"href":"https:\/\/artesagrado.com.mx\/en\/wp-json\/wp\/v2\/product_tag?post=25040"}],"curies":[{"name":"wp","href":"https:\/\/api.w.org\/{rel}","templated":true}]}}