{"id":27885,"date":"2023-10-11T12:07:49","date_gmt":"2023-10-11T18:07:49","guid":{"rendered":"https:\/\/artesagrado.com.mx\/producto\/swarovski-collar-orgon-cubo-de-metatron-y-turmalina-negra-fondo-solar\/"},"modified":"2026-01-22T16:28:59","modified_gmt":"2026-01-22T22:28:59","slug":"collar-de-cristales-orgon-cubo-de-metatron-con-turmalina-negra-en-fondo-solar","status":"publish","type":"product","link":"https:\/\/artesagrado.com.mx\/en\/product\/collar-de-cristales-orgon-cubo-de-metatron-con-turmalina-negra-en-fondo-solar\/","title":{"rendered":"Metatron's Cube Orgone Crystal Necklace with Black Tourmaline on a Solar Background"},"content":{"rendered":"<p>This sublime necklace enhances through its 13 crystals the Christic code implicit in the cube symbol of Metatron. Crystal comes from Christ and the number 13 is the Christic number. In addition, the golden background color also symbolizes the sun, the gold, the Christ.<\/p>\n<p>&nbsp;<\/p>\n<p>Dr. Willheim Reich described the <b>Orgone<\/b> as the cosmic energy that is part of all living matter. The name comes from \"organism and orgasm\", which refers to the vital energy and creative power.<\/p>\n<p>An orgone generator or energy transmuter is a compact and solid structure made to stimulate the piezoelectric properties of its materials and thus attract, accumulate, order and enhance the energy present, transforming the negative and chaotic electromagnetic waves into vital energy, harmonized and in perfect harmony with nature, which is reflected in restorative biological effects, which is why it has been used for therapeutic purposes due to its benefits in a wide range of applications.<\/p>\n<p>The <b>Metatron's Cube<\/b> is considered the pinnacle of ancient geometry and is a geometric body that is part of the \"Flower of Life\".<\/p>\n<p>Its name comes from the Mighty Eighth of the Archangels, Metatron. Metatron is the guardian Archangel of our planet who lovingly intervenes for its highest good, he embodied his almic code in this symbol\/code and when drawn in space, acts as a great protector and enhancer, protecting people and places.<\/p>\n<p>This code is formed by thirteen circles and two tetrahedrons, which in turn form the Merkabah or body of light. It is an archetypal code loaded with power and information of reality and divine truths; Metatron is also the main conductor and user of the Metatronic energy, the one with which the universe itself was created, and has also been named as quantum or tachyon energy, depending on the science under which it is analyzed.<\/p>\n<p>The power of this energy is manifested through thought, feeling and word, hence the idea that the universe was generated by a thought, a divine and wonderful thought, which gave way to the infinite and perfect creation of which we are an intimate part.<\/p>\n<p>&nbsp;<\/p>\n<p>The <b>Black Tourmaline<\/b> is a shamanic quartz that provides protection from any negative energy.<\/p>\n<p>It neutralizes psychic, physical attacks and enchantments, promotes self-confidence, reduces fear and also helps to increase physical vitality, dispersing tension and stress. It strengthens the immune system, treats dyslexia and arthritis.<\/p>\n<p>Orgone necklace with Swarovski\u00ae crystals<\/p>","protected":false},"excerpt":{"rendered":"<p><strong>Black Tourmaline, Metatron's Cube, Orgone<\/strong><\/p>\n<p><b>Orgone power: 1m<\/b><\/p>\n<ul>\n<li>Orgone 4.4 cm in diameter and 7 mm thick.<\/li>\n<li>Concealed copper machinery and brass back, bronze base.<\/li>\n<li>Wooden symbol.<\/li>\n<li>13 Swarovski\u00ae crystals<\/li>\n<\/ul>\n<p>NOTE: The design of the chain may vary from the picture.<\/p>","protected":false},"featured_media":40221,"comment_status":"open","ping_status":"closed","template":"","meta":{"_acf_changed":false,"site-sidebar-layout":"default","site-content-layout":"","ast-site-content-layout":"default","site-content-style":"default","site-sidebar-style":"default","ast-global-header-display":"","ast-banner-title-visibility":"","ast-main-header-display":"","ast-hfb-above-header-display":"","ast-hfb-below-header-display":"","ast-hfb-mobile-header-display":"","site-post-title":"","ast-breadcrumbs-content":"","ast-featured-img":"","footer-sml-layout":"","ast-disable-related-posts":"","theme-transparent-header-meta":"default","adv-header-id-meta":"","stick-header-meta":"","header-above-stick-meta":"","header-main-stick-meta":"","header-below-stick-meta":"","astra-migrate-meta-layouts":"set","ast-page-background-enabled":"default","ast-page-background-meta":{"desktop":{"background-color":"var(--ast-global-color-4)","background-image":"","background-repeat":"repeat","background-position":"center center","background-size":"auto","background-attachment":"scroll","background-type":"","background-media":"","overlay-type":"","overlay-color":"","overlay-opacity":"","overlay-gradient":""},"tablet":{"background-color":"","background-image":"","background-repeat":"repeat","background-position":"center center","background-size":"auto","background-attachment":"scroll","background-type":"","background-media":"","overlay-type":"","overlay-color":"","overlay-opacity":"","overlay-gradient":""},"mobile":{"background-color":"","background-image":"","background-repeat":"repeat","background-position":"center center","background-size":"auto","background-attachment":"scroll","background-type":"","background-media":"","overlay-type":"","overlay-color":"","overlay-opacity":"","overlay-gradient":""}},"ast-content-background-meta":{"desktop":{"background-color":"var(--ast-global-color-5)","background-image":"","background-repeat":"repeat","background-position":"center center","background-size":"auto","background-attachment":"scroll","background-type":"","background-media":"","overlay-type":"","overlay-color":"","overlay-opacity":"","overlay-gradient":""},"tablet":{"background-color":"var(--ast-global-color-5)","background-image":"","background-repeat":"repeat","background-position":"center center","background-size":"auto","background-attachment":"scroll","background-type":"","background-media":"","overlay-type":"","overlay-color":"","overlay-opacity":"","overlay-gradient":""},"mobile":{"background-color":"var(--ast-global-color-5)","background-image":"","background-repeat":"repeat","background-position":"center center","background-size":"auto","background-attachment":"scroll","background-type":"","background-media":"","overlay-type":"","overlay-color":"","overlay-opacity":"","overlay-gradient":""}},"_joinchat":[]},"astrologia":[],"coleccion":[],"joyeria":[1577,1582,1574],"linea":[],"material":[2225,2342,2226],"orgonita":[1596,1599,1633],"piedra":[906],"proposito":[714,712,713,711],"simbolo":[841],"tamano":[810],"visibilidad-producto-nuevo":[],"product_brand":[],"product_cat":[1618,1610],"product_tag":[],"class_list":{"0":"post-27885","1":"product","2":"type-product","3":"status-publish","4":"has-post-thumbnail","6":"joyeria-collares","7":"joyeria-collares-orgon","8":"joyeria-coleccion-joyeria","9":"material-acero-inoxidable","10":"material-cuarzo","11":"material-tela","12":"orgonita-collar-orgon","13":"orgonita-collar-orgon-mediano","14":"orgonita-joyeria","15":"piedra-turmalina-negra","16":"proposito-energia-cristica","17":"proposito-fortaleza","18":"proposito-proteccion-del-sueno-en-ninos","19":"proposito-proteccion-multidimensional","20":"simbolo-cubo-de-metatron","21":"tamano-mediano","22":"product_cat-joyeria","23":"product_cat-orgonitas","24":"desktop-align-left","25":"tablet-align-left","26":"mobile-align-left","28":"first","29":"instock","30":"shipping-taxable","31":"purchasable","32":"product-type-variable","33":"has-default-attributes","34":"wvs-archive-product-wrapper"},"acf":[],"yoast_head":"<!-- This site is optimized with the Yoast SEO Premium plugin v24.9 (Yoast SEO v24.9) - https:\/\/yoast.com\/wordpress\/plugins\/seo\/ -->\n<title>Collar de Cristales Org\u00f3n Cubo de Metatr\u00f3n con Turmalina Negra en Fondo Solar &#8902; Arte Sagrado<\/title>\n<meta name=\"description\" content=\"Collar de Cristales Org\u00f3n con Turmalina Negra: Potencia org\u00f3n de 1m, 13 cristales Swarovski, maquinaria de cobre oculta, fondo en lat\u00f3n, base de bronce.\" \/>\n<meta name=\"robots\" content=\"index, follow, max-snippet:-1, max-image-preview:large, max-video-preview:-1\" \/>\n<link rel=\"canonical\" href=\"https:\/\/artesagrado.com.mx\/en\/product\/collar-de-cristales-orgon-cubo-de-metatron-con-turmalina-negra-en-fondo-solar\/\" \/>\n<meta property=\"og:locale\" content=\"en_US\" \/>\n<meta property=\"og:type\" content=\"article\" \/>\n<meta property=\"og:title\" content=\"Collar de Cristales Org\u00f3n Cubo de Metatr\u00f3n con Turmalina Negra en Fondo Solar\" \/>\n<meta property=\"og:description\" content=\"Descubre la colecci\u00f3n de productos de Arte Sagrado M\u00e9xico: joyer\u00eda y dispositivos energ\u00e9ticos elaborados con geometr\u00eda sagrada y tecnolog\u00eda Org\u00f3n para equilibrar y armonizar tu vida.\" \/>\n<meta property=\"og:url\" content=\"https:\/\/artesagrado.com.mx\/en\/product\/collar-de-cristales-orgon-cubo-de-metatron-con-turmalina-negra-en-fondo-solar\/\" \/>\n<meta property=\"og:site_name\" content=\"Arte Sagrado\" \/>\n<meta property=\"article:publisher\" content=\"https:\/\/www.facebook.com\/ArteSagradoMexico\" \/>\n<meta property=\"article:modified_time\" content=\"2026-01-22T22:28:59+00:00\" \/>\n<meta property=\"og:image\" content=\"https:\/\/artesagrado.com.mx\/wp-content\/uploads\/2023\/11\/Collar-de-Cristales-Orgon-Cubo-de-Metatron-con-Turmalina-Negra-en-Fondo-Solar_1.webp\" \/>\n\t<meta property=\"og:image:width\" content=\"1000\" \/>\n\t<meta property=\"og:image:height\" content=\"1000\" \/>\n\t<meta property=\"og:image:type\" content=\"image\/webp\" \/>\n<meta name=\"twitter:card\" content=\"summary_large_image\" \/>\n<meta name=\"twitter:label1\" content=\"Availability\" \/>\n\t<meta name=\"twitter:data1\" content=\"In stock\" \/>\n<script type=\"application\/ld+json\" class=\"yoast-schema-graph\">{\"@context\":\"https:\/\/schema.org\",\"@graph\":[{\"@type\":\"WebPage\",\"@id\":\"https:\/\/artesagrado.com.mx\/producto\/collar-de-cristales-orgon-cubo-de-metatron-con-turmalina-negra-en-fondo-solar\/\",\"url\":\"https:\/\/artesagrado.com.mx\/producto\/collar-de-cristales-orgon-cubo-de-metatron-con-turmalina-negra-en-fondo-solar\/\",\"name\":\"Collar de Cristales Org\u00f3n Cubo de Metatr\u00f3n con Turmalina Negra en Fondo Solar &#8902; Arte Sagrado\",\"isPartOf\":{\"@id\":\"https:\/\/artesagrado.com.mx\/#website\"},\"primaryImageOfPage\":{\"@id\":\"https:\/\/artesagrado.com.mx\/producto\/collar-de-cristales-orgon-cubo-de-metatron-con-turmalina-negra-en-fondo-solar\/#primaryimage\"},\"image\":{\"@id\":\"https:\/\/artesagrado.com.mx\/producto\/collar-de-cristales-orgon-cubo-de-metatron-con-turmalina-negra-en-fondo-solar\/#primaryimage\"},\"thumbnailUrl\":\"https:\/\/artesagrado.com.mx\/wp-content\/uploads\/2023\/11\/Collar-de-Cristales-Orgon-Cubo-de-Metatron-con-Turmalina-Negra-en-Fondo-Solar_1.webp\",\"datePublished\":\"2023-10-11T18:07:49+00:00\",\"dateModified\":\"2026-01-22T22:28:59+00:00\",\"description\":\"Collar de Cristales Org\u00f3n con Turmalina Negra: Potencia org\u00f3n de 1m, 13 cristales Swarovski, maquinaria de cobre oculta, fondo en lat\u00f3n, base de bronce.\",\"breadcrumb\":{\"@id\":\"https:\/\/artesagrado.com.mx\/producto\/collar-de-cristales-orgon-cubo-de-metatron-con-turmalina-negra-en-fondo-solar\/#breadcrumb\"},\"inLanguage\":\"en-US\",\"potentialAction\":[{\"@type\":\"ReadAction\",\"target\":[\"https:\/\/artesagrado.com.mx\/producto\/collar-de-cristales-orgon-cubo-de-metatron-con-turmalina-negra-en-fondo-solar\/\"]}]},{\"@type\":\"ImageObject\",\"inLanguage\":\"en-US\",\"@id\":\"https:\/\/artesagrado.com.mx\/producto\/collar-de-cristales-orgon-cubo-de-metatron-con-turmalina-negra-en-fondo-solar\/#primaryimage\",\"url\":\"https:\/\/artesagrado.com.mx\/wp-content\/uploads\/2023\/11\/Collar-de-Cristales-Orgon-Cubo-de-Metatron-con-Turmalina-Negra-en-Fondo-Solar_1.webp\",\"contentUrl\":\"https:\/\/artesagrado.com.mx\/wp-content\/uploads\/2023\/11\/Collar-de-Cristales-Orgon-Cubo-de-Metatron-con-Turmalina-Negra-en-Fondo-Solar_1.webp\",\"width\":1000,\"height\":1000,\"caption\":\"Detalle del Collar de Cristales Org\u00f3n Cubo de Metatr\u00f3n con Turmalina Negra en Fondo Solar | https:\/\/artesagrado.com.mx\/wp-content\/uploads\/2023\/11\/Collar-de-Cristales-Orgon-Cubo-de-Metatron-con-Turmalina-Negra-en-Fondo-Solar_5.webp\"},{\"@type\":\"BreadcrumbList\",\"@id\":\"https:\/\/artesagrado.com.mx\/producto\/collar-de-cristales-orgon-cubo-de-metatron-con-turmalina-negra-en-fondo-solar\/#breadcrumb\",\"itemListElement\":[{\"@type\":\"ListItem\",\"position\":1,\"name\":\"Portada\",\"item\":\"https:\/\/artesagrado.com.mx\/\"},{\"@type\":\"ListItem\",\"position\":2,\"name\":\"Tienda\",\"item\":\"https:\/\/artesagrado.com.mx\/tienda\/\"},{\"@type\":\"ListItem\",\"position\":3,\"name\":\"Collar de Cristales Org\u00f3n Cubo de Metatr\u00f3n con Turmalina Negra en Fondo Solar\"}]},{\"@type\":\"WebSite\",\"@id\":\"https:\/\/artesagrado.com.mx\/#website\",\"url\":\"https:\/\/artesagrado.com.mx\/\",\"name\":\"Arte Sagrado\",\"description\":\"Empoderando tu ser\",\"publisher\":{\"@id\":\"https:\/\/artesagrado.com.mx\/#organization\"},\"alternateName\":\"Arte Sagrado M\u00e9xico\",\"potentialAction\":[{\"@type\":\"SearchAction\",\"target\":{\"@type\":\"EntryPoint\",\"urlTemplate\":\"https:\/\/artesagrado.com.mx\/?s={search_term_string}\"},\"query-input\":{\"@type\":\"PropertyValueSpecification\",\"valueRequired\":true,\"valueName\":\"search_term_string\"}}],\"inLanguage\":\"en-US\"},{\"@type\":\"Organization\",\"@id\":\"https:\/\/artesagrado.com.mx\/#organization\",\"name\":\"Arte Sagrado\",\"alternateName\":\"Arte Sagrado M\u00e9xico\",\"url\":\"https:\/\/artesagrado.com.mx\/\",\"logo\":{\"@type\":\"ImageObject\",\"inLanguage\":\"en-US\",\"@id\":\"https:\/\/artesagrado.com.mx\/#\/schema\/logo\/image\/\",\"url\":\"https:\/\/artesagrado.com.mx\/wp-content\/uploads\/2024\/07\/portada_cuadrada_base_arte-sagrado.webp\",\"contentUrl\":\"https:\/\/artesagrado.com.mx\/wp-content\/uploads\/2024\/07\/portada_cuadrada_base_arte-sagrado.webp\",\"width\":1000,\"height\":1000,\"caption\":\"Arte Sagrado\"},\"image\":{\"@id\":\"https:\/\/artesagrado.com.mx\/#\/schema\/logo\/image\/\"},\"sameAs\":[\"https:\/\/www.facebook.com\/ArteSagradoMexico\",\"https:\/\/www.instagram.com\/arte_sagrado_oficial\/\",\"https:\/\/www.tiktok.com\/@arte_sagrado_oficial\"],\"description\":\"Arte Sagrado\u00ae es un proyecto pensado, sentido y accionado al servicio de la humanidad y la conciencia. Nacemos en tiempos precisos donde la luz y el recuerdo de nuestra grandeza, empiezan a resplandecer; es por eso que nuestro proyecto se enfoca y especializa en contribuir con informaci\u00f3n y conocimiento de los arquetipos originales y el lenguaje de la geometr\u00eda sagrada.\",\"publishingPrinciples\":\"https:\/\/artesagrado.com.mx\/conoce-a-arte-sagrado\/\"}]}<\/script>\n<meta property=\"og:availability\" content=\"instock\" \/>\n<meta property=\"product:availability\" content=\"instock\" \/>\n<meta property=\"product:condition\" content=\"new\" \/>\n<!-- \/ Yoast SEO Premium plugin. -->","yoast_head_json":{"title":"Collar de Cristales Org\u00f3n Cubo de Metatr\u00f3n con Turmalina Negra en Fondo Solar &#8902; Arte Sagrado","description":"Collar de Cristales Org\u00f3n con Turmalina Negra: Potencia org\u00f3n de 1m, 13 cristales Swarovski, maquinaria de cobre oculta, fondo en lat\u00f3n, base de bronce.","robots":{"index":"index","follow":"follow","max-snippet":"max-snippet:-1","max-image-preview":"max-image-preview:large","max-video-preview":"max-video-preview:-1"},"canonical":"https:\/\/artesagrado.com.mx\/en\/product\/collar-de-cristales-orgon-cubo-de-metatron-con-turmalina-negra-en-fondo-solar\/","og_locale":"en_US","og_type":"article","og_title":"Collar de Cristales Org\u00f3n Cubo de Metatr\u00f3n con Turmalina Negra en Fondo Solar","og_description":"Descubre la colecci\u00f3n de productos de Arte Sagrado M\u00e9xico: joyer\u00eda y dispositivos energ\u00e9ticos elaborados con geometr\u00eda sagrada y tecnolog\u00eda Org\u00f3n para equilibrar y armonizar tu vida.","og_url":"https:\/\/artesagrado.com.mx\/en\/product\/collar-de-cristales-orgon-cubo-de-metatron-con-turmalina-negra-en-fondo-solar\/","og_site_name":"Arte Sagrado","article_publisher":"https:\/\/www.facebook.com\/ArteSagradoMexico","article_modified_time":"2026-01-22T22:28:59+00:00","og_image":[{"width":1000,"height":1000,"url":"https:\/\/artesagrado.com.mx\/wp-content\/uploads\/2023\/11\/Collar-de-Cristales-Orgon-Cubo-de-Metatron-con-Turmalina-Negra-en-Fondo-Solar_1.webp","type":"image\/webp"}],"twitter_card":"summary_large_image","twitter_misc":{"Availability":"In stock"},"schema":{"@context":"https:\/\/schema.org","@graph":[{"@type":"WebPage","@id":"https:\/\/artesagrado.com.mx\/producto\/collar-de-cristales-orgon-cubo-de-metatron-con-turmalina-negra-en-fondo-solar\/","url":"https:\/\/artesagrado.com.mx\/producto\/collar-de-cristales-orgon-cubo-de-metatron-con-turmalina-negra-en-fondo-solar\/","name":"Collar de Cristales Org\u00f3n Cubo de Metatr\u00f3n con Turmalina Negra en Fondo Solar &#8902; Arte Sagrado","isPartOf":{"@id":"https:\/\/artesagrado.com.mx\/#website"},"primaryImageOfPage":{"@id":"https:\/\/artesagrado.com.mx\/producto\/collar-de-cristales-orgon-cubo-de-metatron-con-turmalina-negra-en-fondo-solar\/#primaryimage"},"image":{"@id":"https:\/\/artesagrado.com.mx\/producto\/collar-de-cristales-orgon-cubo-de-metatron-con-turmalina-negra-en-fondo-solar\/#primaryimage"},"thumbnailUrl":"https:\/\/artesagrado.com.mx\/wp-content\/uploads\/2023\/11\/Collar-de-Cristales-Orgon-Cubo-de-Metatron-con-Turmalina-Negra-en-Fondo-Solar_1.webp","datePublished":"2023-10-11T18:07:49+00:00","dateModified":"2026-01-22T22:28:59+00:00","description":"Collar de Cristales Org\u00f3n con Turmalina Negra: Potencia org\u00f3n de 1m, 13 cristales Swarovski, maquinaria de cobre oculta, fondo en lat\u00f3n, base de bronce.","breadcrumb":{"@id":"https:\/\/artesagrado.com.mx\/producto\/collar-de-cristales-orgon-cubo-de-metatron-con-turmalina-negra-en-fondo-solar\/#breadcrumb"},"inLanguage":"en-US","potentialAction":[{"@type":"ReadAction","target":["https:\/\/artesagrado.com.mx\/producto\/collar-de-cristales-orgon-cubo-de-metatron-con-turmalina-negra-en-fondo-solar\/"]}]},{"@type":"ImageObject","inLanguage":"en-US","@id":"https:\/\/artesagrado.com.mx\/producto\/collar-de-cristales-orgon-cubo-de-metatron-con-turmalina-negra-en-fondo-solar\/#primaryimage","url":"https:\/\/artesagrado.com.mx\/wp-content\/uploads\/2023\/11\/Collar-de-Cristales-Orgon-Cubo-de-Metatron-con-Turmalina-Negra-en-Fondo-Solar_1.webp","contentUrl":"https:\/\/artesagrado.com.mx\/wp-content\/uploads\/2023\/11\/Collar-de-Cristales-Orgon-Cubo-de-Metatron-con-Turmalina-Negra-en-Fondo-Solar_1.webp","width":1000,"height":1000,"caption":"Detalle del Collar de Cristales Org\u00f3n Cubo de Metatr\u00f3n con Turmalina Negra en Fondo Solar | https:\/\/artesagrado.com.mx\/wp-content\/uploads\/2023\/11\/Collar-de-Cristales-Orgon-Cubo-de-Metatron-con-Turmalina-Negra-en-Fondo-Solar_5.webp"},{"@type":"BreadcrumbList","@id":"https:\/\/artesagrado.com.mx\/producto\/collar-de-cristales-orgon-cubo-de-metatron-con-turmalina-negra-en-fondo-solar\/#breadcrumb","itemListElement":[{"@type":"ListItem","position":1,"name":"Portada","item":"https:\/\/artesagrado.com.mx\/"},{"@type":"ListItem","position":2,"name":"Tienda","item":"https:\/\/artesagrado.com.mx\/tienda\/"},{"@type":"ListItem","position":3,"name":"Collar de Cristales Org\u00f3n Cubo de Metatr\u00f3n con Turmalina Negra en Fondo Solar"}]},{"@type":"WebSite","@id":"https:\/\/artesagrado.com.mx\/#website","url":"https:\/\/artesagrado.com.mx\/","name":"Arte Sagrado","description":"Empoderando tu ser","publisher":{"@id":"https:\/\/artesagrado.com.mx\/#organization"},"alternateName":"Arte Sagrado M\u00e9xico","potentialAction":[{"@type":"SearchAction","target":{"@type":"EntryPoint","urlTemplate":"https:\/\/artesagrado.com.mx\/?s={search_term_string}"},"query-input":{"@type":"PropertyValueSpecification","valueRequired":true,"valueName":"search_term_string"}}],"inLanguage":"en-US"},{"@type":"Organization","@id":"https:\/\/artesagrado.com.mx\/#organization","name":"Arte Sagrado","alternateName":"Arte Sagrado M\u00e9xico","url":"https:\/\/artesagrado.com.mx\/","logo":{"@type":"ImageObject","inLanguage":"en-US","@id":"https:\/\/artesagrado.com.mx\/#\/schema\/logo\/image\/","url":"https:\/\/artesagrado.com.mx\/wp-content\/uploads\/2024\/07\/portada_cuadrada_base_arte-sagrado.webp","contentUrl":"https:\/\/artesagrado.com.mx\/wp-content\/uploads\/2024\/07\/portada_cuadrada_base_arte-sagrado.webp","width":1000,"height":1000,"caption":"Arte Sagrado"},"image":{"@id":"https:\/\/artesagrado.com.mx\/#\/schema\/logo\/image\/"},"sameAs":["https:\/\/www.facebook.com\/ArteSagradoMexico","https:\/\/www.instagram.com\/arte_sagrado_oficial\/","https:\/\/www.tiktok.com\/@arte_sagrado_oficial"],"description":"Arte Sagrado\u00ae es un proyecto pensado, sentido y accionado al servicio de la humanidad y la conciencia. Nacemos en tiempos precisos donde la luz y el recuerdo de nuestra grandeza, empiezan a resplandecer; es por eso que nuestro proyecto se enfoca y especializa en contribuir con informaci\u00f3n y conocimiento de los arquetipos originales y el lenguaje de la geometr\u00eda sagrada.","publishingPrinciples":"https:\/\/artesagrado.com.mx\/conoce-a-arte-sagrado\/"}]},"og_availability":"instock","product_availability":"instock","product_condition":"new"},"jetpack_sharing_enabled":true,"_links":{"self":[{"href":"https:\/\/artesagrado.com.mx\/en\/wp-json\/wp\/v2\/product\/27885","targetHints":{"allow":["GET"]}}],"collection":[{"href":"https:\/\/artesagrado.com.mx\/en\/wp-json\/wp\/v2\/product"}],"about":[{"href":"https:\/\/artesagrado.com.mx\/en\/wp-json\/wp\/v2\/types\/product"}],"replies":[{"embeddable":true,"href":"https:\/\/artesagrado.com.mx\/en\/wp-json\/wp\/v2\/comments?post=27885"}],"wp:featuredmedia":[{"embeddable":true,"href":"https:\/\/artesagrado.com.mx\/en\/wp-json\/wp\/v2\/media\/40221"}],"wp:attachment":[{"href":"https:\/\/artesagrado.com.mx\/en\/wp-json\/wp\/v2\/media?parent=27885"}],"wp:term":[{"taxonomy":"astrologia","embeddable":true,"href":"https:\/\/artesagrado.com.mx\/en\/wp-json\/wp\/v2\/astrologia?post=27885"},{"taxonomy":"coleccion","embeddable":true,"href":"https:\/\/artesagrado.com.mx\/en\/wp-json\/wp\/v2\/coleccion?post=27885"},{"taxonomy":"joyeria","embeddable":true,"href":"https:\/\/artesagrado.com.mx\/en\/wp-json\/wp\/v2\/joyeria?post=27885"},{"taxonomy":"linea","embeddable":true,"href":"https:\/\/artesagrado.com.mx\/en\/wp-json\/wp\/v2\/linea?post=27885"},{"taxonomy":"material","embeddable":true,"href":"https:\/\/artesagrado.com.mx\/en\/wp-json\/wp\/v2\/material?post=27885"},{"taxonomy":"orgonita","embeddable":true,"href":"https:\/\/artesagrado.com.mx\/en\/wp-json\/wp\/v2\/orgonita?post=27885"},{"taxonomy":"piedra","embeddable":true,"href":"https:\/\/artesagrado.com.mx\/en\/wp-json\/wp\/v2\/piedra?post=27885"},{"taxonomy":"proposito","embeddable":true,"href":"https:\/\/artesagrado.com.mx\/en\/wp-json\/wp\/v2\/proposito?post=27885"},{"taxonomy":"simbolo","embeddable":true,"href":"https:\/\/artesagrado.com.mx\/en\/wp-json\/wp\/v2\/simbolo?post=27885"},{"taxonomy":"tamano","embeddable":true,"href":"https:\/\/artesagrado.com.mx\/en\/wp-json\/wp\/v2\/tamano?post=27885"},{"taxonomy":"visibilidad-producto-nuevo","embeddable":true,"href":"https:\/\/artesagrado.com.mx\/en\/wp-json\/wp\/v2\/visibilidad-producto-nuevo?post=27885"},{"taxonomy":"product_brand","embeddable":true,"href":"https:\/\/artesagrado.com.mx\/en\/wp-json\/wp\/v2\/product_brand?post=27885"},{"taxonomy":"product_cat","embeddable":true,"href":"https:\/\/artesagrado.com.mx\/en\/wp-json\/wp\/v2\/product_cat?post=27885"},{"taxonomy":"product_tag","embeddable":true,"href":"https:\/\/artesagrado.com.mx\/en\/wp-json\/wp\/v2\/product_tag?post=27885"}],"curies":[{"name":"wp","href":"https:\/\/api.w.org\/{rel}","templated":true}]}}