{"id":32178,"date":"2023-11-29T21:13:24","date_gmt":"2023-11-30T03:13:24","guid":{"rendered":"https:\/\/artesagrado.com.mx\/producto\/cristales-collar-orgon-cubo-de-metatron-en-plata-0-925-con-shungita-y-obsidiana-2\/"},"modified":"2026-01-22T16:28:59","modified_gmt":"2026-01-22T22:28:59","slug":"collar-de-cristales-orgon-cubo-de-metatron-en-plata-0-925-con-shungita-obsidiana-y-turmalina-negra","status":"publish","type":"product","link":"https:\/\/artesagrado.com.mx\/en\/product\/collar-de-cristales-orgon-cubo-de-metatron-en-plata-0-925-con-shungita-obsidiana-y-turmalina-negra\/","title":{"rendered":"Metatron's Cube Orgone Crystals Necklace in 0.925 Silver with Shungite, Obsidian and Black Tourmaline"},"content":{"rendered":"<p>This sublime necklace enhances through its 13 crystals the Christic code implicit in the cube symbol of Metatron.<\/p>\n<p>Crystal comes from Christ and the number 13 is the Christic number.<\/p>\n<p><span>Dr. Willheim Reich described the <\/span><b>Orgone<\/b><span> as the cosmic energy that is part of all living matter. The name comes from \"organism and orgasm\", which refers to the vital energy and creative power.<\/span><\/p>\n<p><span>An orgone generator or energy transmuter is a compact and solid structure made to stimulate the piezoelectric properties of its materials and thus attract, accumulate, order and enhance the energy present, transforming the negative and chaotic electromagnetic waves into vital energy, harmonized and in perfect harmony with nature, which is reflected in restorative biological effects, which is why it has been used for therapeutic purposes due to its benefits in a wide range of applications.&nbsp;<\/span><\/p>\n<p>&nbsp;<\/p>\n<p><span>The <\/span><b>Metatron's Cube<\/b><span> is considered the pinnacle of ancient geometry and is a geometric body that is part of the \"Flower of Life\".<\/span><\/p>\n<p><span>Its name comes from the Mighty Eighth of the Archangels, Metatron. Metatron is the guardian Archangel of our planet who lovingly intervenes for its highest good, he embodied his almic code in this symbol\/code and when drawn in space, acts as a great protector and enhancer, protecting people and places.<\/span><\/p>\n<p><span>This code is formed by thirteen circles and two tetrahedrons, which in turn form the Merkabah or body of light. It is an archetypal code loaded with power and information of reality and divine truths; Metatron is also the main conductor and user of the Metatronic energy, the one with which the universe itself was created, and has also been named as quantum or tachyon energy, depending on the science under which it is analyzed.<\/span><\/p>\n<p><span>The power of this energy is manifested through thought, feeling and word, hence the idea that the universe was generated by a thought, a divine and wonderful thought, which gave way to the infinite and perfect creation of which we are an intimate part.<\/span><\/p>\n<p><b>Shungite<\/b>&nbsp;is named after the village of Shunga, on the shores of Lake Onega, Karelia, Russia.<\/p>\n<p>This is an incredibly beneficial stone for healthy living. It is one of the only natural materials known to contain fullerenes, which are powerful antioxidants.  It has been nicknamed \"the smart stone\" or \"the black hole\" because of its property of attracting electromagnetic energy.<\/p>\n<p>The energy embodied in this ancient stone is said to absorb and eliminate everything that is a danger to the health of human life, and has active metaphysical properties with strong healing powers.<\/p>\n<p>It reactivates our cellular intelligence and our self-healing power. In this way, we will achieve a greater mental, physical and emotional balance.<\/p>\n<p>&nbsp;<\/p>\n<p><span>Orgone necklace with Swarovski\u00ae crystals<\/span><\/p>","protected":false},"excerpt":{"rendered":"<p><strong>Shungite, Metatron's Cube, Silver 0.925, Orgone<\/strong><\/p>\n<p><b>Orgone Power: Personal<\/b><\/p>\n<p>Orgone 4.4cm in diameter and 7 mm thick.<\/p>\n<ul>\n<li><span>Copper machinery and aluminum base.<\/span><\/li>\n<li><span>Symbol in 0.925 Silver<\/span><\/li>\n<li>13 Swarovski\u00ae crystals Fire \ud83d\udd25<\/li>\n<\/ul>\n<p><span>NOTE: Due to their nature, some of the pieces that make up this necklace may vary in detail, tone and color.<\/span><\/p>","protected":false},"featured_media":40205,"comment_status":"open","ping_status":"closed","template":"","meta":{"_acf_changed":false,"site-sidebar-layout":"default","site-content-layout":"","ast-site-content-layout":"default","site-content-style":"default","site-sidebar-style":"default","ast-global-header-display":"","ast-banner-title-visibility":"","ast-main-header-display":"","ast-hfb-above-header-display":"","ast-hfb-below-header-display":"","ast-hfb-mobile-header-display":"","site-post-title":"","ast-breadcrumbs-content":"","ast-featured-img":"","footer-sml-layout":"","ast-disable-related-posts":"","theme-transparent-header-meta":"default","adv-header-id-meta":"","stick-header-meta":"","header-above-stick-meta":"","header-main-stick-meta":"","header-below-stick-meta":"","astra-migrate-meta-layouts":"set","ast-page-background-enabled":"default","ast-page-background-meta":{"desktop":{"background-color":"var(--ast-global-color-4)","background-image":"","background-repeat":"repeat","background-position":"center center","background-size":"auto","background-attachment":"scroll","background-type":"","background-media":"","overlay-type":"","overlay-color":"","overlay-opacity":"","overlay-gradient":""},"tablet":{"background-color":"","background-image":"","background-repeat":"repeat","background-position":"center center","background-size":"auto","background-attachment":"scroll","background-type":"","background-media":"","overlay-type":"","overlay-color":"","overlay-opacity":"","overlay-gradient":""},"mobile":{"background-color":"","background-image":"","background-repeat":"repeat","background-position":"center center","background-size":"auto","background-attachment":"scroll","background-type":"","background-media":"","overlay-type":"","overlay-color":"","overlay-opacity":"","overlay-gradient":""}},"ast-content-background-meta":{"desktop":{"background-color":"var(--ast-global-color-5)","background-image":"","background-repeat":"repeat","background-position":"center center","background-size":"auto","background-attachment":"scroll","background-type":"","background-media":"","overlay-type":"","overlay-color":"","overlay-opacity":"","overlay-gradient":""},"tablet":{"background-color":"var(--ast-global-color-5)","background-image":"","background-repeat":"repeat","background-position":"center center","background-size":"auto","background-attachment":"scroll","background-type":"","background-media":"","overlay-type":"","overlay-color":"","overlay-opacity":"","overlay-gradient":""},"mobile":{"background-color":"var(--ast-global-color-5)","background-image":"","background-repeat":"repeat","background-position":"center center","background-size":"auto","background-attachment":"scroll","background-type":"","background-media":"","overlay-type":"","overlay-color":"","overlay-opacity":"","overlay-gradient":""}},"_joinchat":[]},"astrologia":[],"coleccion":[],"joyeria":[1577,1581,1582,1574],"linea":[],"material":[2225,2342,2227,2226],"orgonita":[1596,1599,1633],"piedra":[822,901,909,906],"proposito":[686,706,778,695],"simbolo":[2486],"tamano":[810],"visibilidad-producto-nuevo":[],"product_brand":[],"product_cat":[1618,1610],"product_tag":[],"class_list":{"0":"post-32178","1":"product","2":"type-product","3":"status-publish","4":"has-post-thumbnail","6":"joyeria-collares","7":"joyeria-collares-de-plata","8":"joyeria-collares-orgon","9":"joyeria-coleccion-joyeria","10":"material-acero-inoxidable","11":"material-cuarzo","12":"material-plata","13":"material-tela","14":"orgonita-collar-orgon","15":"orgonita-collar-orgon-mediano","16":"orgonita-joyeria","17":"piedra-obsidiana-negra","18":"piedra-plata","19":"piedra-shungita","20":"piedra-turmalina-negra","21":"proposito-alta-proteccion","22":"proposito-desarrollo-espiritual","23":"proposito-potenciador","24":"proposito-transmutacion","25":"simbolo-arcangel-metatron","26":"tamano-mediano","27":"product_cat-joyeria","28":"product_cat-orgonitas","29":"pa_cuarzos-amatista","30":"pa_simbolo-cubo-de-metatron","31":"desktop-align-left","32":"tablet-align-left","33":"mobile-align-left","35":"first","36":"outofstock","37":"shipping-taxable","38":"purchasable","39":"product-type-variable","40":"has-default-attributes","41":"wvs-archive-product-wrapper"},"acf":[],"yoast_head":"<!-- This site is optimized with the Yoast SEO Premium plugin v24.9 (Yoast SEO v24.9) - https:\/\/yoast.com\/wordpress\/plugins\/seo\/ -->\n<title>Collar de Cristales Org\u00f3n Cubo de Metatr\u00f3n en Plata 0.925 con Shungita, Obsidiana y Turmalina Negra &#8902; Arte Sagrado<\/title>\n<meta name=\"description\" content=\"Collar de Cristales Org\u00f3n con Cubo de Metatr\u00f3n en Plata 0.925, Shungita, Obsidiana y Turmalina Negra: Potencia org\u00f3n personal, 13 cristales Swarovski.\" \/>\n<meta name=\"robots\" content=\"index, follow, max-snippet:-1, max-image-preview:large, max-video-preview:-1\" \/>\n<link rel=\"canonical\" href=\"https:\/\/artesagrado.com.mx\/en\/product\/collar-de-cristales-orgon-cubo-de-metatron-en-plata-0-925-con-shungita-obsidiana-y-turmalina-negra\/\" \/>\n<meta property=\"og:locale\" content=\"en_US\" \/>\n<meta property=\"og:type\" content=\"article\" \/>\n<meta property=\"og:title\" content=\"Collar de Cristales Org\u00f3n Cubo de Metatr\u00f3n en Plata 0.925 con Shungita, Obsidiana y Turmalina Negra\" \/>\n<meta property=\"og:description\" content=\"Descubre la colecci\u00f3n de productos de Arte Sagrado M\u00e9xico: joyer\u00eda y dispositivos energ\u00e9ticos elaborados con geometr\u00eda sagrada y tecnolog\u00eda Org\u00f3n para equilibrar y armonizar tu vida.\" \/>\n<meta property=\"og:url\" content=\"https:\/\/artesagrado.com.mx\/en\/product\/collar-de-cristales-orgon-cubo-de-metatron-en-plata-0-925-con-shungita-obsidiana-y-turmalina-negra\/\" \/>\n<meta property=\"og:site_name\" content=\"Arte Sagrado\" \/>\n<meta property=\"article:publisher\" content=\"https:\/\/www.facebook.com\/ArteSagradoMexico\" \/>\n<meta property=\"article:modified_time\" content=\"2026-01-22T22:28:59+00:00\" \/>\n<meta property=\"og:image\" content=\"https:\/\/artesagrado.com.mx\/wp-content\/uploads\/2023\/11\/Collar-de-Cristales-Orgon-Cubo-de-Metatron-en-Plata-0.925-con-Shungita-Obsidiana-y-Turmalina-Negra_1.webp\" \/>\n\t<meta property=\"og:image:width\" content=\"1000\" \/>\n\t<meta property=\"og:image:height\" content=\"1000\" \/>\n\t<meta property=\"og:image:type\" content=\"image\/webp\" \/>\n<meta name=\"twitter:card\" content=\"summary_large_image\" \/>\n<meta name=\"twitter:label1\" content=\"Availability\" \/>\n\t<meta name=\"twitter:data1\" content=\"Out of stock\" \/>\n<script type=\"application\/ld+json\" class=\"yoast-schema-graph\">{\"@context\":\"https:\/\/schema.org\",\"@graph\":[{\"@type\":\"WebPage\",\"@id\":\"https:\/\/artesagrado.com.mx\/producto\/collar-de-cristales-orgon-cubo-de-metatron-en-plata-0-925-con-shungita-obsidiana-y-turmalina-negra\/\",\"url\":\"https:\/\/artesagrado.com.mx\/producto\/collar-de-cristales-orgon-cubo-de-metatron-en-plata-0-925-con-shungita-obsidiana-y-turmalina-negra\/\",\"name\":\"Collar de Cristales Org\u00f3n Cubo de Metatr\u00f3n en Plata 0.925 con Shungita, Obsidiana y Turmalina Negra &#8902; Arte Sagrado\",\"isPartOf\":{\"@id\":\"https:\/\/artesagrado.com.mx\/#website\"},\"primaryImageOfPage\":{\"@id\":\"https:\/\/artesagrado.com.mx\/producto\/collar-de-cristales-orgon-cubo-de-metatron-en-plata-0-925-con-shungita-obsidiana-y-turmalina-negra\/#primaryimage\"},\"image\":{\"@id\":\"https:\/\/artesagrado.com.mx\/producto\/collar-de-cristales-orgon-cubo-de-metatron-en-plata-0-925-con-shungita-obsidiana-y-turmalina-negra\/#primaryimage\"},\"thumbnailUrl\":\"https:\/\/artesagrado.com.mx\/wp-content\/uploads\/2023\/11\/Collar-de-Cristales-Orgon-Cubo-de-Metatron-en-Plata-0.925-con-Shungita-Obsidiana-y-Turmalina-Negra_1.webp\",\"datePublished\":\"2023-11-30T03:13:24+00:00\",\"dateModified\":\"2026-01-22T22:28:59+00:00\",\"description\":\"Collar de Cristales Org\u00f3n con Cubo de Metatr\u00f3n en Plata 0.925, Shungita, Obsidiana y Turmalina Negra: Potencia org\u00f3n personal, 13 cristales Swarovski.\",\"breadcrumb\":{\"@id\":\"https:\/\/artesagrado.com.mx\/producto\/collar-de-cristales-orgon-cubo-de-metatron-en-plata-0-925-con-shungita-obsidiana-y-turmalina-negra\/#breadcrumb\"},\"inLanguage\":\"en-US\",\"potentialAction\":[{\"@type\":\"ReadAction\",\"target\":[\"https:\/\/artesagrado.com.mx\/producto\/collar-de-cristales-orgon-cubo-de-metatron-en-plata-0-925-con-shungita-obsidiana-y-turmalina-negra\/\"]}]},{\"@type\":\"ImageObject\",\"inLanguage\":\"en-US\",\"@id\":\"https:\/\/artesagrado.com.mx\/producto\/collar-de-cristales-orgon-cubo-de-metatron-en-plata-0-925-con-shungita-obsidiana-y-turmalina-negra\/#primaryimage\",\"url\":\"https:\/\/artesagrado.com.mx\/wp-content\/uploads\/2023\/11\/Collar-de-Cristales-Orgon-Cubo-de-Metatron-en-Plata-0.925-con-Shungita-Obsidiana-y-Turmalina-Negra_1.webp\",\"contentUrl\":\"https:\/\/artesagrado.com.mx\/wp-content\/uploads\/2023\/11\/Collar-de-Cristales-Orgon-Cubo-de-Metatron-en-Plata-0.925-con-Shungita-Obsidiana-y-Turmalina-Negra_1.webp\",\"width\":1000,\"height\":1000,\"caption\":\"Detalle del Collar de Cristales Org\u00f3n Cubo de Metatr\u00f3n con Shungita, Obsidiana y Turmalina Negra - Cadena de Acero Inoxidable\"},{\"@type\":\"BreadcrumbList\",\"@id\":\"https:\/\/artesagrado.com.mx\/producto\/collar-de-cristales-orgon-cubo-de-metatron-en-plata-0-925-con-shungita-obsidiana-y-turmalina-negra\/#breadcrumb\",\"itemListElement\":[{\"@type\":\"ListItem\",\"position\":1,\"name\":\"Portada\",\"item\":\"https:\/\/artesagrado.com.mx\/\"},{\"@type\":\"ListItem\",\"position\":2,\"name\":\"Tienda\",\"item\":\"https:\/\/artesagrado.com.mx\/tienda\/\"},{\"@type\":\"ListItem\",\"position\":3,\"name\":\"Collar de Cristales Org\u00f3n Cubo de Metatr\u00f3n en Plata 0.925 con Shungita, Obsidiana y Turmalina Negra\"}]},{\"@type\":\"WebSite\",\"@id\":\"https:\/\/artesagrado.com.mx\/#website\",\"url\":\"https:\/\/artesagrado.com.mx\/\",\"name\":\"Arte Sagrado\",\"description\":\"Empoderando tu ser\",\"publisher\":{\"@id\":\"https:\/\/artesagrado.com.mx\/#organization\"},\"alternateName\":\"Arte Sagrado M\u00e9xico\",\"potentialAction\":[{\"@type\":\"SearchAction\",\"target\":{\"@type\":\"EntryPoint\",\"urlTemplate\":\"https:\/\/artesagrado.com.mx\/?s={search_term_string}\"},\"query-input\":{\"@type\":\"PropertyValueSpecification\",\"valueRequired\":true,\"valueName\":\"search_term_string\"}}],\"inLanguage\":\"en-US\"},{\"@type\":\"Organization\",\"@id\":\"https:\/\/artesagrado.com.mx\/#organization\",\"name\":\"Arte Sagrado\",\"alternateName\":\"Arte Sagrado M\u00e9xico\",\"url\":\"https:\/\/artesagrado.com.mx\/\",\"logo\":{\"@type\":\"ImageObject\",\"inLanguage\":\"en-US\",\"@id\":\"https:\/\/artesagrado.com.mx\/#\/schema\/logo\/image\/\",\"url\":\"https:\/\/artesagrado.com.mx\/wp-content\/uploads\/2024\/07\/portada_cuadrada_base_arte-sagrado.webp\",\"contentUrl\":\"https:\/\/artesagrado.com.mx\/wp-content\/uploads\/2024\/07\/portada_cuadrada_base_arte-sagrado.webp\",\"width\":1000,\"height\":1000,\"caption\":\"Arte Sagrado\"},\"image\":{\"@id\":\"https:\/\/artesagrado.com.mx\/#\/schema\/logo\/image\/\"},\"sameAs\":[\"https:\/\/www.facebook.com\/ArteSagradoMexico\",\"https:\/\/www.instagram.com\/arte_sagrado_oficial\/\",\"https:\/\/www.tiktok.com\/@arte_sagrado_oficial\"],\"description\":\"Arte Sagrado\u00ae es un proyecto pensado, sentido y accionado al servicio de la humanidad y la conciencia. Nacemos en tiempos precisos donde la luz y el recuerdo de nuestra grandeza, empiezan a resplandecer; es por eso que nuestro proyecto se enfoca y especializa en contribuir con informaci\u00f3n y conocimiento de los arquetipos originales y el lenguaje de la geometr\u00eda sagrada.\",\"publishingPrinciples\":\"https:\/\/artesagrado.com.mx\/conoce-a-arte-sagrado\/\"}]}<\/script>\n<meta property=\"og:availability\" content=\"out of stock\" \/>\n<meta property=\"product:availability\" content=\"out of stock\" \/>\n<meta property=\"product:condition\" content=\"new\" \/>\n<!-- \/ Yoast SEO Premium plugin. -->","yoast_head_json":{"title":"Collar de Cristales Org\u00f3n Cubo de Metatr\u00f3n en Plata 0.925 con Shungita, Obsidiana y Turmalina Negra &#8902; Arte Sagrado","description":"Collar de Cristales Org\u00f3n con Cubo de Metatr\u00f3n en Plata 0.925, Shungita, Obsidiana y Turmalina Negra: Potencia org\u00f3n personal, 13 cristales Swarovski.","robots":{"index":"index","follow":"follow","max-snippet":"max-snippet:-1","max-image-preview":"max-image-preview:large","max-video-preview":"max-video-preview:-1"},"canonical":"https:\/\/artesagrado.com.mx\/en\/product\/collar-de-cristales-orgon-cubo-de-metatron-en-plata-0-925-con-shungita-obsidiana-y-turmalina-negra\/","og_locale":"en_US","og_type":"article","og_title":"Collar de Cristales Org\u00f3n Cubo de Metatr\u00f3n en Plata 0.925 con Shungita, Obsidiana y Turmalina Negra","og_description":"Descubre la colecci\u00f3n de productos de Arte Sagrado M\u00e9xico: joyer\u00eda y dispositivos energ\u00e9ticos elaborados con geometr\u00eda sagrada y tecnolog\u00eda Org\u00f3n para equilibrar y armonizar tu vida.","og_url":"https:\/\/artesagrado.com.mx\/en\/product\/collar-de-cristales-orgon-cubo-de-metatron-en-plata-0-925-con-shungita-obsidiana-y-turmalina-negra\/","og_site_name":"Arte Sagrado","article_publisher":"https:\/\/www.facebook.com\/ArteSagradoMexico","article_modified_time":"2026-01-22T22:28:59+00:00","og_image":[{"width":1000,"height":1000,"url":"https:\/\/artesagrado.com.mx\/wp-content\/uploads\/2023\/11\/Collar-de-Cristales-Orgon-Cubo-de-Metatron-en-Plata-0.925-con-Shungita-Obsidiana-y-Turmalina-Negra_1.webp","type":"image\/webp"}],"twitter_card":"summary_large_image","twitter_misc":{"Availability":"Out of stock"},"schema":{"@context":"https:\/\/schema.org","@graph":[{"@type":"WebPage","@id":"https:\/\/artesagrado.com.mx\/producto\/collar-de-cristales-orgon-cubo-de-metatron-en-plata-0-925-con-shungita-obsidiana-y-turmalina-negra\/","url":"https:\/\/artesagrado.com.mx\/producto\/collar-de-cristales-orgon-cubo-de-metatron-en-plata-0-925-con-shungita-obsidiana-y-turmalina-negra\/","name":"Collar de Cristales Org\u00f3n Cubo de Metatr\u00f3n en Plata 0.925 con Shungita, Obsidiana y Turmalina Negra &#8902; Arte Sagrado","isPartOf":{"@id":"https:\/\/artesagrado.com.mx\/#website"},"primaryImageOfPage":{"@id":"https:\/\/artesagrado.com.mx\/producto\/collar-de-cristales-orgon-cubo-de-metatron-en-plata-0-925-con-shungita-obsidiana-y-turmalina-negra\/#primaryimage"},"image":{"@id":"https:\/\/artesagrado.com.mx\/producto\/collar-de-cristales-orgon-cubo-de-metatron-en-plata-0-925-con-shungita-obsidiana-y-turmalina-negra\/#primaryimage"},"thumbnailUrl":"https:\/\/artesagrado.com.mx\/wp-content\/uploads\/2023\/11\/Collar-de-Cristales-Orgon-Cubo-de-Metatron-en-Plata-0.925-con-Shungita-Obsidiana-y-Turmalina-Negra_1.webp","datePublished":"2023-11-30T03:13:24+00:00","dateModified":"2026-01-22T22:28:59+00:00","description":"Collar de Cristales Org\u00f3n con Cubo de Metatr\u00f3n en Plata 0.925, Shungita, Obsidiana y Turmalina Negra: Potencia org\u00f3n personal, 13 cristales Swarovski.","breadcrumb":{"@id":"https:\/\/artesagrado.com.mx\/producto\/collar-de-cristales-orgon-cubo-de-metatron-en-plata-0-925-con-shungita-obsidiana-y-turmalina-negra\/#breadcrumb"},"inLanguage":"en-US","potentialAction":[{"@type":"ReadAction","target":["https:\/\/artesagrado.com.mx\/producto\/collar-de-cristales-orgon-cubo-de-metatron-en-plata-0-925-con-shungita-obsidiana-y-turmalina-negra\/"]}]},{"@type":"ImageObject","inLanguage":"en-US","@id":"https:\/\/artesagrado.com.mx\/producto\/collar-de-cristales-orgon-cubo-de-metatron-en-plata-0-925-con-shungita-obsidiana-y-turmalina-negra\/#primaryimage","url":"https:\/\/artesagrado.com.mx\/wp-content\/uploads\/2023\/11\/Collar-de-Cristales-Orgon-Cubo-de-Metatron-en-Plata-0.925-con-Shungita-Obsidiana-y-Turmalina-Negra_1.webp","contentUrl":"https:\/\/artesagrado.com.mx\/wp-content\/uploads\/2023\/11\/Collar-de-Cristales-Orgon-Cubo-de-Metatron-en-Plata-0.925-con-Shungita-Obsidiana-y-Turmalina-Negra_1.webp","width":1000,"height":1000,"caption":"Detalle del Collar de Cristales Org\u00f3n Cubo de Metatr\u00f3n con Shungita, Obsidiana y Turmalina Negra - Cadena de Acero Inoxidable"},{"@type":"BreadcrumbList","@id":"https:\/\/artesagrado.com.mx\/producto\/collar-de-cristales-orgon-cubo-de-metatron-en-plata-0-925-con-shungita-obsidiana-y-turmalina-negra\/#breadcrumb","itemListElement":[{"@type":"ListItem","position":1,"name":"Portada","item":"https:\/\/artesagrado.com.mx\/"},{"@type":"ListItem","position":2,"name":"Tienda","item":"https:\/\/artesagrado.com.mx\/tienda\/"},{"@type":"ListItem","position":3,"name":"Collar de Cristales Org\u00f3n Cubo de Metatr\u00f3n en Plata 0.925 con Shungita, Obsidiana y Turmalina Negra"}]},{"@type":"WebSite","@id":"https:\/\/artesagrado.com.mx\/#website","url":"https:\/\/artesagrado.com.mx\/","name":"Arte Sagrado","description":"Empoderando tu ser","publisher":{"@id":"https:\/\/artesagrado.com.mx\/#organization"},"alternateName":"Arte Sagrado M\u00e9xico","potentialAction":[{"@type":"SearchAction","target":{"@type":"EntryPoint","urlTemplate":"https:\/\/artesagrado.com.mx\/?s={search_term_string}"},"query-input":{"@type":"PropertyValueSpecification","valueRequired":true,"valueName":"search_term_string"}}],"inLanguage":"en-US"},{"@type":"Organization","@id":"https:\/\/artesagrado.com.mx\/#organization","name":"Arte Sagrado","alternateName":"Arte Sagrado M\u00e9xico","url":"https:\/\/artesagrado.com.mx\/","logo":{"@type":"ImageObject","inLanguage":"en-US","@id":"https:\/\/artesagrado.com.mx\/#\/schema\/logo\/image\/","url":"https:\/\/artesagrado.com.mx\/wp-content\/uploads\/2024\/07\/portada_cuadrada_base_arte-sagrado.webp","contentUrl":"https:\/\/artesagrado.com.mx\/wp-content\/uploads\/2024\/07\/portada_cuadrada_base_arte-sagrado.webp","width":1000,"height":1000,"caption":"Arte Sagrado"},"image":{"@id":"https:\/\/artesagrado.com.mx\/#\/schema\/logo\/image\/"},"sameAs":["https:\/\/www.facebook.com\/ArteSagradoMexico","https:\/\/www.instagram.com\/arte_sagrado_oficial\/","https:\/\/www.tiktok.com\/@arte_sagrado_oficial"],"description":"Arte Sagrado\u00ae es un proyecto pensado, sentido y accionado al servicio de la humanidad y la conciencia. Nacemos en tiempos precisos donde la luz y el recuerdo de nuestra grandeza, empiezan a resplandecer; es por eso que nuestro proyecto se enfoca y especializa en contribuir con informaci\u00f3n y conocimiento de los arquetipos originales y el lenguaje de la geometr\u00eda sagrada.","publishingPrinciples":"https:\/\/artesagrado.com.mx\/conoce-a-arte-sagrado\/"}]},"og_availability":"out of stock","product_availability":"out of stock","product_condition":"new"},"jetpack_sharing_enabled":true,"_links":{"self":[{"href":"https:\/\/artesagrado.com.mx\/en\/wp-json\/wp\/v2\/product\/32178","targetHints":{"allow":["GET"]}}],"collection":[{"href":"https:\/\/artesagrado.com.mx\/en\/wp-json\/wp\/v2\/product"}],"about":[{"href":"https:\/\/artesagrado.com.mx\/en\/wp-json\/wp\/v2\/types\/product"}],"replies":[{"embeddable":true,"href":"https:\/\/artesagrado.com.mx\/en\/wp-json\/wp\/v2\/comments?post=32178"}],"wp:featuredmedia":[{"embeddable":true,"href":"https:\/\/artesagrado.com.mx\/en\/wp-json\/wp\/v2\/media\/40205"}],"wp:attachment":[{"href":"https:\/\/artesagrado.com.mx\/en\/wp-json\/wp\/v2\/media?parent=32178"}],"wp:term":[{"taxonomy":"astrologia","embeddable":true,"href":"https:\/\/artesagrado.com.mx\/en\/wp-json\/wp\/v2\/astrologia?post=32178"},{"taxonomy":"coleccion","embeddable":true,"href":"https:\/\/artesagrado.com.mx\/en\/wp-json\/wp\/v2\/coleccion?post=32178"},{"taxonomy":"joyeria","embeddable":true,"href":"https:\/\/artesagrado.com.mx\/en\/wp-json\/wp\/v2\/joyeria?post=32178"},{"taxonomy":"linea","embeddable":true,"href":"https:\/\/artesagrado.com.mx\/en\/wp-json\/wp\/v2\/linea?post=32178"},{"taxonomy":"material","embeddable":true,"href":"https:\/\/artesagrado.com.mx\/en\/wp-json\/wp\/v2\/material?post=32178"},{"taxonomy":"orgonita","embeddable":true,"href":"https:\/\/artesagrado.com.mx\/en\/wp-json\/wp\/v2\/orgonita?post=32178"},{"taxonomy":"piedra","embeddable":true,"href":"https:\/\/artesagrado.com.mx\/en\/wp-json\/wp\/v2\/piedra?post=32178"},{"taxonomy":"proposito","embeddable":true,"href":"https:\/\/artesagrado.com.mx\/en\/wp-json\/wp\/v2\/proposito?post=32178"},{"taxonomy":"simbolo","embeddable":true,"href":"https:\/\/artesagrado.com.mx\/en\/wp-json\/wp\/v2\/simbolo?post=32178"},{"taxonomy":"tamano","embeddable":true,"href":"https:\/\/artesagrado.com.mx\/en\/wp-json\/wp\/v2\/tamano?post=32178"},{"taxonomy":"visibilidad-producto-nuevo","embeddable":true,"href":"https:\/\/artesagrado.com.mx\/en\/wp-json\/wp\/v2\/visibilidad-producto-nuevo?post=32178"},{"taxonomy":"product_brand","embeddable":true,"href":"https:\/\/artesagrado.com.mx\/en\/wp-json\/wp\/v2\/product_brand?post=32178"},{"taxonomy":"product_cat","embeddable":true,"href":"https:\/\/artesagrado.com.mx\/en\/wp-json\/wp\/v2\/product_cat?post=32178"},{"taxonomy":"product_tag","embeddable":true,"href":"https:\/\/artesagrado.com.mx\/en\/wp-json\/wp\/v2\/product_tag?post=32178"}],"curies":[{"name":"wp","href":"https:\/\/api.w.org\/{rel}","templated":true}]}}