{"id":33098,"date":"2024-07-23T02:51:39","date_gmt":"2024-07-23T08:51:39","guid":{"rendered":"https:\/\/artesagrado.com.mx\/?post_type=product&#038;p=33098"},"modified":"2026-01-22T16:29:20","modified_gmt":"2026-01-22T22:29:20","slug":"collar-micro-orgon-cubo-de-metatron-en-plata-0-925-con-ojo-de-tigre","status":"publish","type":"product","link":"https:\/\/artesagrado.com.mx\/en\/product\/collar-micro-orgon-cubo-de-metatron-en-plata-0-925-con-ojo-de-tigre\/","title":{"rendered":"Metatron's Micro Orgone Cube Necklace in 0.925 Sterling Silver with Tiger Eye"},"content":{"rendered":"<p>Dr. Willheim Reich described the&nbsp;<b>Orgone<\/b>&nbsp;as the cosmic energy that is part of all living matter. The name comes from \"organism and orgasm\", which refers to the vital energy and creative power.<\/p>\n<p>An orgone generator or energy transmuter is a compact and solid structure made to stimulate the piezoelectric properties of its materials and thus attract, accumulate, order and enhance the energy present, transforming the negative and chaotic electromagnetic waves into vital energy, harmonized and in perfect harmony with nature, which is reflected in restorative biological effects, which is why it has been used for therapeutic purposes due to its benefits in a wide range of applications.<\/p>\n<p><span>The <\/span><b>Metatron's Cube<\/b><span> is considered the pinnacle of ancient geometry and is a geometric body that is part of the \"Flower of Life\".<\/span><\/p>\n<p><span>Its name comes from the Mighty Eighth of the Archangels, Metatron. Metatron is the guardian Archangel of our planet who lovingly intervenes for its highest good, he embodied his almic code in this symbol\/code and when drawn in space, acts as a great protector and enhancer, protecting people and places.<\/span><\/p>\n<p><span>This code is formed by thirteen circles and two tetrahedrons, which in turn form the Merkabah or body of light. It is an archetypal code loaded with power and information of reality and divine truths; Metatron is also the main conductor and user of the Metatronic energy, the one with which the universe itself was created, and has also been named as quantum or tachyon energy, depending on the science under which it is analyzed.<\/span><\/p>\n<p><span>The power of this energy is manifested through thought, feeling and word, hence the idea that the universe was generated by a thought, a divine and wonderful thought, which gave way to the infinite and perfect creation of which we are an intimate part.<\/span><\/p>\n<p>&nbsp;<\/p>\n<p><span>The <\/span><b>Pyrite<\/b><span> is the quartz of abundance, power and prosperity. It strengthens and empowers masculine energy; it enhances productivity, order and structure.<\/span><\/p>\n<p><span>Helps to increase security and self-confidence, stops energetic leakage from the physical body and aura. Expands and structures mental functions.<\/span><\/p>\n<p><span>It strengthens the digestive system, neutralizes toxins, stimulates cell formation and repairs DNA.<\/span><\/p>\n<p>&nbsp;<\/p>\n<p><span>The <\/span><b>Tiger Eye<\/b><span> combines the energy of the earth and the sun, integrates the cerebral hemispheres and anchors the high vibrational energy stimulating the ascent of the kundalini energy.<\/span><\/p>\n<p><span>It helps to achieve our goals, recognising our inner strength, relieves depression and lifts our mood.<\/span><\/p>\n<p><span>It energizes the emotional body, improves vision, soothes the throat and is ideal for the Root and Solar Plexus chakra.<\/span><\/p>","protected":false},"excerpt":{"rendered":"<p><strong>Metatron's Cube, Silver, Tiger's Eye, Orgone<\/strong><\/p>\n<p><span>We create your micro orgone necklace through 33 artisanal processes of refinement and energetics.<\/span><\/p>\n<p><b>Orgone Power: Personal<\/b><\/p>\n<ul>\n<li>Orgone of 1.4 cm in diameter and 7 mm thick.<\/li>\n<li>Copper machinery and aluminum base.<\/li>\n<li>Symbol and details in 925 silver<\/li>\n<li>Stainless steel chain or adjustable fabric lanyard<\/li>\n<li>Discreet, comfortable, elegant protection.<\/li>\n<\/ul>","protected":false},"featured_media":42480,"comment_status":"open","ping_status":"closed","template":"","meta":{"_acf_changed":false,"site-sidebar-layout":"default","site-content-layout":"","ast-site-content-layout":"default","site-content-style":"default","site-sidebar-style":"default","ast-global-header-display":"","ast-banner-title-visibility":"","ast-main-header-display":"","ast-hfb-above-header-display":"","ast-hfb-below-header-display":"","ast-hfb-mobile-header-display":"","site-post-title":"","ast-breadcrumbs-content":"","ast-featured-img":"","footer-sml-layout":"","ast-disable-related-posts":"","theme-transparent-header-meta":"default","adv-header-id-meta":"","stick-header-meta":"","header-above-stick-meta":"","header-main-stick-meta":"","header-below-stick-meta":"","astra-migrate-meta-layouts":"set","ast-page-background-enabled":"default","ast-page-background-meta":{"desktop":{"background-color":"var(--ast-global-color-4)","background-image":"","background-repeat":"repeat","background-position":"center center","background-size":"auto","background-attachment":"scroll","background-type":"","background-media":"","overlay-type":"","overlay-color":"","overlay-opacity":"","overlay-gradient":""},"tablet":{"background-color":"","background-image":"","background-repeat":"repeat","background-position":"center center","background-size":"auto","background-attachment":"scroll","background-type":"","background-media":"","overlay-type":"","overlay-color":"","overlay-opacity":"","overlay-gradient":""},"mobile":{"background-color":"","background-image":"","background-repeat":"repeat","background-position":"center center","background-size":"auto","background-attachment":"scroll","background-type":"","background-media":"","overlay-type":"","overlay-color":"","overlay-opacity":"","overlay-gradient":""}},"ast-content-background-meta":{"desktop":{"background-color":"var(--ast-global-color-5)","background-image":"","background-repeat":"repeat","background-position":"center center","background-size":"auto","background-attachment":"scroll","background-type":"","background-media":"","overlay-type":"","overlay-color":"","overlay-opacity":"","overlay-gradient":""},"tablet":{"background-color":"var(--ast-global-color-5)","background-image":"","background-repeat":"repeat","background-position":"center center","background-size":"auto","background-attachment":"scroll","background-type":"","background-media":"","overlay-type":"","overlay-color":"","overlay-opacity":"","overlay-gradient":""},"mobile":{"background-color":"var(--ast-global-color-5)","background-image":"","background-repeat":"repeat","background-position":"center center","background-size":"auto","background-attachment":"scroll","background-type":"","background-media":"","overlay-type":"","overlay-color":"","overlay-opacity":"","overlay-gradient":""}},"_joinchat":[]},"astrologia":[],"coleccion":[],"joyeria":[1581,1582,1574],"linea":[],"material":[2225,2342,2227,2226],"orgonita":[1597,1596,1633],"piedra":[894,901],"proposito":[686,761,807,1857,695,1796],"simbolo":[841],"tamano":[808],"visibilidad-producto-nuevo":[],"product_brand":[],"product_cat":[1610],"product_tag":[],"class_list":{"0":"post-33098","1":"product","2":"type-product","3":"status-publish","4":"has-post-thumbnail","6":"joyeria-collares-de-plata","7":"joyeria-collares-orgon","8":"joyeria-coleccion-joyeria","9":"material-acero-inoxidable","10":"material-cuarzo","11":"material-plata","12":"material-tela","13":"orgonita-collar-micro-orgon","14":"orgonita-collar-orgon","15":"orgonita-joyeria","16":"piedra-ojo-de-tigre","17":"piedra-plata","18":"proposito-alta-proteccion","19":"proposito-energizante","20":"proposito-libera-emociones-negativas","21":"proposito-neutraliza-la-energia-negativa","22":"proposito-transmutacion","23":"proposito-vitalidad","24":"simbolo-cubo-de-metatron","25":"tamano-micro","26":"product_cat-orgonitas","27":"desktop-align-left","28":"tablet-align-left","29":"mobile-align-left","31":"first","32":"instock","33":"shipping-taxable","34":"purchasable","35":"product-type-variable","36":"has-default-attributes","37":"wvs-archive-product-wrapper"},"acf":[],"yoast_head":"<!-- This site is optimized with the Yoast SEO Premium plugin v24.9 (Yoast SEO v24.9) - https:\/\/yoast.com\/wordpress\/plugins\/seo\/ -->\n<title>Collar Micro Org\u00f3n Cubo de Metatr\u00f3n en Plata 0.925 con Ojo de Tigre &#8902; Arte Sagrado<\/title>\n<meta name=\"description\" content=\"Collar Micro Org\u00f3n Cubo de Metatr\u00f3n en Plata 0.925 con Ojo de Tigre: Potencia org\u00f3n de 1m. Cadena disponible en acero inoxidable o tela.\" \/>\n<meta name=\"robots\" content=\"index, follow, max-snippet:-1, max-image-preview:large, max-video-preview:-1\" \/>\n<link rel=\"canonical\" href=\"https:\/\/artesagrado.com.mx\/en\/product\/collar-micro-orgon-cubo-de-metatron-en-plata-0-925-con-ojo-de-tigre\/\" \/>\n<meta property=\"og:locale\" content=\"en_US\" \/>\n<meta property=\"og:type\" content=\"article\" \/>\n<meta property=\"og:title\" content=\"Collar Micro Org\u00f3n Cubo de Metatr\u00f3n en Plata 0.925 con Ojo de Tigre\" \/>\n<meta property=\"og:description\" content=\"Descubre la colecci\u00f3n de productos de Arte Sagrado M\u00e9xico: joyer\u00eda y dispositivos energ\u00e9ticos elaborados con geometr\u00eda sagrada y tecnolog\u00eda Org\u00f3n para equilibrar y armonizar tu vida.\" \/>\n<meta property=\"og:url\" content=\"https:\/\/artesagrado.com.mx\/en\/product\/collar-micro-orgon-cubo-de-metatron-en-plata-0-925-con-ojo-de-tigre\/\" \/>\n<meta property=\"og:site_name\" content=\"Arte Sagrado\" \/>\n<meta property=\"article:publisher\" content=\"https:\/\/www.facebook.com\/ArteSagradoMexico\" \/>\n<meta property=\"article:modified_time\" content=\"2026-01-22T22:29:20+00:00\" \/>\n<meta property=\"og:image\" content=\"https:\/\/artesagrado.com.mx\/wp-content\/uploads\/2024\/04\/Collar-Micro-Orgon-Cubo-de-Metatron-en-Plata-0.925-con-Ojo-de-Tigre_1.webp\" \/>\n\t<meta property=\"og:image:width\" content=\"1000\" \/>\n\t<meta property=\"og:image:height\" content=\"1000\" \/>\n\t<meta property=\"og:image:type\" content=\"image\/webp\" \/>\n<meta name=\"twitter:card\" content=\"summary_large_image\" \/>\n<meta name=\"twitter:label1\" content=\"Availability\" \/>\n\t<meta name=\"twitter:data1\" content=\"In stock\" \/>\n<script type=\"application\/ld+json\" class=\"yoast-schema-graph\">{\"@context\":\"https:\/\/schema.org\",\"@graph\":[{\"@type\":\"WebPage\",\"@id\":\"https:\/\/artesagrado.com.mx\/producto\/collar-micro-orgon-cubo-de-metatron-en-plata-0-925-con-ojo-de-tigre\/\",\"url\":\"https:\/\/artesagrado.com.mx\/producto\/collar-micro-orgon-cubo-de-metatron-en-plata-0-925-con-ojo-de-tigre\/\",\"name\":\"Collar Micro Org\u00f3n Cubo de Metatr\u00f3n en Plata 0.925 con Ojo de Tigre &#8902; Arte Sagrado\",\"isPartOf\":{\"@id\":\"https:\/\/artesagrado.com.mx\/#website\"},\"primaryImageOfPage\":{\"@id\":\"https:\/\/artesagrado.com.mx\/producto\/collar-micro-orgon-cubo-de-metatron-en-plata-0-925-con-ojo-de-tigre\/#primaryimage\"},\"image\":{\"@id\":\"https:\/\/artesagrado.com.mx\/producto\/collar-micro-orgon-cubo-de-metatron-en-plata-0-925-con-ojo-de-tigre\/#primaryimage\"},\"thumbnailUrl\":\"https:\/\/artesagrado.com.mx\/wp-content\/uploads\/2024\/04\/Collar-Micro-Orgon-Cubo-de-Metatron-en-Plata-0.925-con-Ojo-de-Tigre_1.webp\",\"datePublished\":\"2024-07-23T08:51:39+00:00\",\"dateModified\":\"2026-01-22T22:29:20+00:00\",\"description\":\"Collar Micro Org\u00f3n Cubo de Metatr\u00f3n en Plata 0.925 con Ojo de Tigre: Potencia org\u00f3n de 1m. Cadena disponible en acero inoxidable o tela.\",\"breadcrumb\":{\"@id\":\"https:\/\/artesagrado.com.mx\/producto\/collar-micro-orgon-cubo-de-metatron-en-plata-0-925-con-ojo-de-tigre\/#breadcrumb\"},\"inLanguage\":\"en-US\",\"potentialAction\":[{\"@type\":\"ReadAction\",\"target\":[\"https:\/\/artesagrado.com.mx\/producto\/collar-micro-orgon-cubo-de-metatron-en-plata-0-925-con-ojo-de-tigre\/\"]}]},{\"@type\":\"ImageObject\",\"inLanguage\":\"en-US\",\"@id\":\"https:\/\/artesagrado.com.mx\/producto\/collar-micro-orgon-cubo-de-metatron-en-plata-0-925-con-ojo-de-tigre\/#primaryimage\",\"url\":\"https:\/\/artesagrado.com.mx\/wp-content\/uploads\/2024\/04\/Collar-Micro-Orgon-Cubo-de-Metatron-en-Plata-0.925-con-Ojo-de-Tigre_1.webp\",\"contentUrl\":\"https:\/\/artesagrado.com.mx\/wp-content\/uploads\/2024\/04\/Collar-Micro-Orgon-Cubo-de-Metatron-en-Plata-0.925-con-Ojo-de-Tigre_1.webp\",\"width\":1000,\"height\":1000,\"caption\":\"Detalle del Collar Micro Org\u00f3n Cubo de Metatr\u00f3n con Ojo de Tigre - Cadena de Acero Inoxidable\"},{\"@type\":\"BreadcrumbList\",\"@id\":\"https:\/\/artesagrado.com.mx\/producto\/collar-micro-orgon-cubo-de-metatron-en-plata-0-925-con-ojo-de-tigre\/#breadcrumb\",\"itemListElement\":[{\"@type\":\"ListItem\",\"position\":1,\"name\":\"Portada\",\"item\":\"https:\/\/artesagrado.com.mx\/\"},{\"@type\":\"ListItem\",\"position\":2,\"name\":\"Tienda\",\"item\":\"https:\/\/artesagrado.com.mx\/tienda\/\"},{\"@type\":\"ListItem\",\"position\":3,\"name\":\"Collar Micro Org\u00f3n Cubo de Metatr\u00f3n en Plata 0.925 con Ojo de Tigre\"}]},{\"@type\":\"WebSite\",\"@id\":\"https:\/\/artesagrado.com.mx\/#website\",\"url\":\"https:\/\/artesagrado.com.mx\/\",\"name\":\"Arte Sagrado\",\"description\":\"Empoderando tu ser\",\"publisher\":{\"@id\":\"https:\/\/artesagrado.com.mx\/#organization\"},\"alternateName\":\"Arte Sagrado M\u00e9xico\",\"potentialAction\":[{\"@type\":\"SearchAction\",\"target\":{\"@type\":\"EntryPoint\",\"urlTemplate\":\"https:\/\/artesagrado.com.mx\/?s={search_term_string}\"},\"query-input\":{\"@type\":\"PropertyValueSpecification\",\"valueRequired\":true,\"valueName\":\"search_term_string\"}}],\"inLanguage\":\"en-US\"},{\"@type\":\"Organization\",\"@id\":\"https:\/\/artesagrado.com.mx\/#organization\",\"name\":\"Arte Sagrado\",\"alternateName\":\"Arte Sagrado M\u00e9xico\",\"url\":\"https:\/\/artesagrado.com.mx\/\",\"logo\":{\"@type\":\"ImageObject\",\"inLanguage\":\"en-US\",\"@id\":\"https:\/\/artesagrado.com.mx\/#\/schema\/logo\/image\/\",\"url\":\"https:\/\/artesagrado.com.mx\/wp-content\/uploads\/2024\/07\/portada_cuadrada_base_arte-sagrado.webp\",\"contentUrl\":\"https:\/\/artesagrado.com.mx\/wp-content\/uploads\/2024\/07\/portada_cuadrada_base_arte-sagrado.webp\",\"width\":1000,\"height\":1000,\"caption\":\"Arte Sagrado\"},\"image\":{\"@id\":\"https:\/\/artesagrado.com.mx\/#\/schema\/logo\/image\/\"},\"sameAs\":[\"https:\/\/www.facebook.com\/ArteSagradoMexico\",\"https:\/\/www.instagram.com\/arte_sagrado_oficial\/\",\"https:\/\/www.tiktok.com\/@arte_sagrado_oficial\"],\"description\":\"Arte Sagrado\u00ae es un proyecto pensado, sentido y accionado al servicio de la humanidad y la conciencia. Nacemos en tiempos precisos donde la luz y el recuerdo de nuestra grandeza, empiezan a resplandecer; es por eso que nuestro proyecto se enfoca y especializa en contribuir con informaci\u00f3n y conocimiento de los arquetipos originales y el lenguaje de la geometr\u00eda sagrada.\",\"publishingPrinciples\":\"https:\/\/artesagrado.com.mx\/conoce-a-arte-sagrado\/\"}]}<\/script>\n<meta property=\"og:availability\" content=\"instock\" \/>\n<meta property=\"product:availability\" content=\"instock\" \/>\n<meta property=\"product:condition\" content=\"new\" \/>\n<!-- \/ Yoast SEO Premium plugin. -->","yoast_head_json":{"title":"Collar Micro Org\u00f3n Cubo de Metatr\u00f3n en Plata 0.925 con Ojo de Tigre &#8902; Arte Sagrado","description":"Collar Micro Org\u00f3n Cubo de Metatr\u00f3n en Plata 0.925 con Ojo de Tigre: Potencia org\u00f3n de 1m. Cadena disponible en acero inoxidable o tela.","robots":{"index":"index","follow":"follow","max-snippet":"max-snippet:-1","max-image-preview":"max-image-preview:large","max-video-preview":"max-video-preview:-1"},"canonical":"https:\/\/artesagrado.com.mx\/en\/product\/collar-micro-orgon-cubo-de-metatron-en-plata-0-925-con-ojo-de-tigre\/","og_locale":"en_US","og_type":"article","og_title":"Collar Micro Org\u00f3n Cubo de Metatr\u00f3n en Plata 0.925 con Ojo de Tigre","og_description":"Descubre la colecci\u00f3n de productos de Arte Sagrado M\u00e9xico: joyer\u00eda y dispositivos energ\u00e9ticos elaborados con geometr\u00eda sagrada y tecnolog\u00eda Org\u00f3n para equilibrar y armonizar tu vida.","og_url":"https:\/\/artesagrado.com.mx\/en\/product\/collar-micro-orgon-cubo-de-metatron-en-plata-0-925-con-ojo-de-tigre\/","og_site_name":"Arte Sagrado","article_publisher":"https:\/\/www.facebook.com\/ArteSagradoMexico","article_modified_time":"2026-01-22T22:29:20+00:00","og_image":[{"width":1000,"height":1000,"url":"https:\/\/artesagrado.com.mx\/wp-content\/uploads\/2024\/04\/Collar-Micro-Orgon-Cubo-de-Metatron-en-Plata-0.925-con-Ojo-de-Tigre_1.webp","type":"image\/webp"}],"twitter_card":"summary_large_image","twitter_misc":{"Availability":"In stock"},"schema":{"@context":"https:\/\/schema.org","@graph":[{"@type":"WebPage","@id":"https:\/\/artesagrado.com.mx\/producto\/collar-micro-orgon-cubo-de-metatron-en-plata-0-925-con-ojo-de-tigre\/","url":"https:\/\/artesagrado.com.mx\/producto\/collar-micro-orgon-cubo-de-metatron-en-plata-0-925-con-ojo-de-tigre\/","name":"Collar Micro Org\u00f3n Cubo de Metatr\u00f3n en Plata 0.925 con Ojo de Tigre &#8902; Arte Sagrado","isPartOf":{"@id":"https:\/\/artesagrado.com.mx\/#website"},"primaryImageOfPage":{"@id":"https:\/\/artesagrado.com.mx\/producto\/collar-micro-orgon-cubo-de-metatron-en-plata-0-925-con-ojo-de-tigre\/#primaryimage"},"image":{"@id":"https:\/\/artesagrado.com.mx\/producto\/collar-micro-orgon-cubo-de-metatron-en-plata-0-925-con-ojo-de-tigre\/#primaryimage"},"thumbnailUrl":"https:\/\/artesagrado.com.mx\/wp-content\/uploads\/2024\/04\/Collar-Micro-Orgon-Cubo-de-Metatron-en-Plata-0.925-con-Ojo-de-Tigre_1.webp","datePublished":"2024-07-23T08:51:39+00:00","dateModified":"2026-01-22T22:29:20+00:00","description":"Collar Micro Org\u00f3n Cubo de Metatr\u00f3n en Plata 0.925 con Ojo de Tigre: Potencia org\u00f3n de 1m. Cadena disponible en acero inoxidable o tela.","breadcrumb":{"@id":"https:\/\/artesagrado.com.mx\/producto\/collar-micro-orgon-cubo-de-metatron-en-plata-0-925-con-ojo-de-tigre\/#breadcrumb"},"inLanguage":"en-US","potentialAction":[{"@type":"ReadAction","target":["https:\/\/artesagrado.com.mx\/producto\/collar-micro-orgon-cubo-de-metatron-en-plata-0-925-con-ojo-de-tigre\/"]}]},{"@type":"ImageObject","inLanguage":"en-US","@id":"https:\/\/artesagrado.com.mx\/producto\/collar-micro-orgon-cubo-de-metatron-en-plata-0-925-con-ojo-de-tigre\/#primaryimage","url":"https:\/\/artesagrado.com.mx\/wp-content\/uploads\/2024\/04\/Collar-Micro-Orgon-Cubo-de-Metatron-en-Plata-0.925-con-Ojo-de-Tigre_1.webp","contentUrl":"https:\/\/artesagrado.com.mx\/wp-content\/uploads\/2024\/04\/Collar-Micro-Orgon-Cubo-de-Metatron-en-Plata-0.925-con-Ojo-de-Tigre_1.webp","width":1000,"height":1000,"caption":"Detalle del Collar Micro Org\u00f3n Cubo de Metatr\u00f3n con Ojo de Tigre - Cadena de Acero Inoxidable"},{"@type":"BreadcrumbList","@id":"https:\/\/artesagrado.com.mx\/producto\/collar-micro-orgon-cubo-de-metatron-en-plata-0-925-con-ojo-de-tigre\/#breadcrumb","itemListElement":[{"@type":"ListItem","position":1,"name":"Portada","item":"https:\/\/artesagrado.com.mx\/"},{"@type":"ListItem","position":2,"name":"Tienda","item":"https:\/\/artesagrado.com.mx\/tienda\/"},{"@type":"ListItem","position":3,"name":"Collar Micro Org\u00f3n Cubo de Metatr\u00f3n en Plata 0.925 con Ojo de Tigre"}]},{"@type":"WebSite","@id":"https:\/\/artesagrado.com.mx\/#website","url":"https:\/\/artesagrado.com.mx\/","name":"Arte Sagrado","description":"Empoderando tu ser","publisher":{"@id":"https:\/\/artesagrado.com.mx\/#organization"},"alternateName":"Arte Sagrado M\u00e9xico","potentialAction":[{"@type":"SearchAction","target":{"@type":"EntryPoint","urlTemplate":"https:\/\/artesagrado.com.mx\/?s={search_term_string}"},"query-input":{"@type":"PropertyValueSpecification","valueRequired":true,"valueName":"search_term_string"}}],"inLanguage":"en-US"},{"@type":"Organization","@id":"https:\/\/artesagrado.com.mx\/#organization","name":"Arte Sagrado","alternateName":"Arte Sagrado M\u00e9xico","url":"https:\/\/artesagrado.com.mx\/","logo":{"@type":"ImageObject","inLanguage":"en-US","@id":"https:\/\/artesagrado.com.mx\/#\/schema\/logo\/image\/","url":"https:\/\/artesagrado.com.mx\/wp-content\/uploads\/2024\/07\/portada_cuadrada_base_arte-sagrado.webp","contentUrl":"https:\/\/artesagrado.com.mx\/wp-content\/uploads\/2024\/07\/portada_cuadrada_base_arte-sagrado.webp","width":1000,"height":1000,"caption":"Arte Sagrado"},"image":{"@id":"https:\/\/artesagrado.com.mx\/#\/schema\/logo\/image\/"},"sameAs":["https:\/\/www.facebook.com\/ArteSagradoMexico","https:\/\/www.instagram.com\/arte_sagrado_oficial\/","https:\/\/www.tiktok.com\/@arte_sagrado_oficial"],"description":"Arte Sagrado\u00ae es un proyecto pensado, sentido y accionado al servicio de la humanidad y la conciencia. Nacemos en tiempos precisos donde la luz y el recuerdo de nuestra grandeza, empiezan a resplandecer; es por eso que nuestro proyecto se enfoca y especializa en contribuir con informaci\u00f3n y conocimiento de los arquetipos originales y el lenguaje de la geometr\u00eda sagrada.","publishingPrinciples":"https:\/\/artesagrado.com.mx\/conoce-a-arte-sagrado\/"}]},"og_availability":"instock","product_availability":"instock","product_condition":"new"},"jetpack_sharing_enabled":true,"_links":{"self":[{"href":"https:\/\/artesagrado.com.mx\/en\/wp-json\/wp\/v2\/product\/33098","targetHints":{"allow":["GET"]}}],"collection":[{"href":"https:\/\/artesagrado.com.mx\/en\/wp-json\/wp\/v2\/product"}],"about":[{"href":"https:\/\/artesagrado.com.mx\/en\/wp-json\/wp\/v2\/types\/product"}],"replies":[{"embeddable":true,"href":"https:\/\/artesagrado.com.mx\/en\/wp-json\/wp\/v2\/comments?post=33098"}],"wp:featuredmedia":[{"embeddable":true,"href":"https:\/\/artesagrado.com.mx\/en\/wp-json\/wp\/v2\/media\/42480"}],"wp:attachment":[{"href":"https:\/\/artesagrado.com.mx\/en\/wp-json\/wp\/v2\/media?parent=33098"}],"wp:term":[{"taxonomy":"astrologia","embeddable":true,"href":"https:\/\/artesagrado.com.mx\/en\/wp-json\/wp\/v2\/astrologia?post=33098"},{"taxonomy":"coleccion","embeddable":true,"href":"https:\/\/artesagrado.com.mx\/en\/wp-json\/wp\/v2\/coleccion?post=33098"},{"taxonomy":"joyeria","embeddable":true,"href":"https:\/\/artesagrado.com.mx\/en\/wp-json\/wp\/v2\/joyeria?post=33098"},{"taxonomy":"linea","embeddable":true,"href":"https:\/\/artesagrado.com.mx\/en\/wp-json\/wp\/v2\/linea?post=33098"},{"taxonomy":"material","embeddable":true,"href":"https:\/\/artesagrado.com.mx\/en\/wp-json\/wp\/v2\/material?post=33098"},{"taxonomy":"orgonita","embeddable":true,"href":"https:\/\/artesagrado.com.mx\/en\/wp-json\/wp\/v2\/orgonita?post=33098"},{"taxonomy":"piedra","embeddable":true,"href":"https:\/\/artesagrado.com.mx\/en\/wp-json\/wp\/v2\/piedra?post=33098"},{"taxonomy":"proposito","embeddable":true,"href":"https:\/\/artesagrado.com.mx\/en\/wp-json\/wp\/v2\/proposito?post=33098"},{"taxonomy":"simbolo","embeddable":true,"href":"https:\/\/artesagrado.com.mx\/en\/wp-json\/wp\/v2\/simbolo?post=33098"},{"taxonomy":"tamano","embeddable":true,"href":"https:\/\/artesagrado.com.mx\/en\/wp-json\/wp\/v2\/tamano?post=33098"},{"taxonomy":"visibilidad-producto-nuevo","embeddable":true,"href":"https:\/\/artesagrado.com.mx\/en\/wp-json\/wp\/v2\/visibilidad-producto-nuevo?post=33098"},{"taxonomy":"product_brand","embeddable":true,"href":"https:\/\/artesagrado.com.mx\/en\/wp-json\/wp\/v2\/product_brand?post=33098"},{"taxonomy":"product_cat","embeddable":true,"href":"https:\/\/artesagrado.com.mx\/en\/wp-json\/wp\/v2\/product_cat?post=33098"},{"taxonomy":"product_tag","embeddable":true,"href":"https:\/\/artesagrado.com.mx\/en\/wp-json\/wp\/v2\/product_tag?post=33098"}],"curies":[{"name":"wp","href":"https:\/\/api.w.org\/{rel}","templated":true}]}}