{"id":33113,"date":"2024-07-23T03:31:53","date_gmt":"2024-07-23T09:31:53","guid":{"rendered":"https:\/\/artesagrado.com.mx\/?post_type=product&#038;p=33113"},"modified":"2026-01-22T16:29:13","modified_gmt":"2026-01-22T22:29:13","slug":"collar-micro-orgon-con-piedra-luna-perla-y-swarovski","status":"publish","type":"product","link":"https:\/\/artesagrado.com.mx\/en\/product\/collar-micro-orgon-con-piedra-luna-perla-y-swarovski\/","title":{"rendered":"Micro Orgone Necklace with Moonstone, Pearl and Swarovski\u00ae"},"content":{"rendered":"<p>Dr. Willheim Reich described the&nbsp;<b>Orgone<\/b>&nbsp;as the cosmic energy that is part of all living matter. The name comes from \"organism and orgasm\", which refers to the vital energy and creative power.<\/p>\n<p>An orgone generator or energy transmuter is a compact and solid structure made to stimulate the piezoelectric properties of its materials and thus attract, accumulate, order and enhance the energy present, transforming the negative and chaotic electromagnetic waves into vital energy, harmonized and in perfect harmony with nature, which is reflected in restorative biological effects, which is why it has been used for therapeutic purposes due to its benefits in a wide range of applications.<\/p>\n<p>The&nbsp;<b>Black Tourmaline<\/b>&nbsp;is a shamanic quartz that provides protection from any negative energy.<\/p>\n<p>It neutralizes psychic, physical attacks and enchantments, promotes self-confidence, reduces fear and also helps to increase physical vitality, dispersing tension and stress. It strengthens the immune system, treats dyslexia and arthritis.<\/p>\n<p>The&nbsp;<strong>Silver<\/strong>&nbsp;is a bright white metal and is the best electrical conductor among metals.<\/p>\n<p>The shine of this metal symbolizes Moonlight, and as such, it is related to our deepest emotions and can store information about the inner world of the wearer.<\/p>\n<p>It is a powerful protector, as it distributes, neutralizes and eliminates negative energy from any source.<\/p>\n<p>It helps to enhance dreams making them more lucid, beneficial and productive.<\/p>\n<p>Being related to the moon and emotions, it stimulates clairvoyance and extrasensory perceptions and is the perfect ally to release negative emotions and tensions.<\/p>","protected":false},"excerpt":{"rendered":"<p><strong><span>Silver, Orgone<\/span><\/strong><\/p>\n<p>We create your micro orgone necklace through 33 artisanal processes of refinement and energetics.<\/p>\n<p><b>Orgone Power: Personal<\/b><\/p>\n<ul>\n<li>Orgone of 1.4 cm in diameter and 7 mm thick.<\/li>\n<li>Copper machinery and aluminum base.<\/li>\n<li>925 silver details<\/li>\n<li>Stainless steel chain or adjustable fabric lanyard<\/li>\n<li>Discreet, comfortable, elegant protection.<\/li>\n<\/ul>","protected":false},"featured_media":42495,"comment_status":"open","ping_status":"closed","template":"","meta":{"_acf_changed":false,"site-sidebar-layout":"default","site-content-layout":"","ast-site-content-layout":"default","site-content-style":"default","site-sidebar-style":"default","ast-global-header-display":"","ast-banner-title-visibility":"","ast-main-header-display":"","ast-hfb-above-header-display":"","ast-hfb-below-header-display":"","ast-hfb-mobile-header-display":"","site-post-title":"","ast-breadcrumbs-content":"","ast-featured-img":"","footer-sml-layout":"","ast-disable-related-posts":"","theme-transparent-header-meta":"default","adv-header-id-meta":"","stick-header-meta":"","header-above-stick-meta":"","header-main-stick-meta":"","header-below-stick-meta":"","astra-migrate-meta-layouts":"set","ast-page-background-enabled":"default","ast-page-background-meta":{"desktop":{"background-color":"var(--ast-global-color-4)","background-image":"","background-repeat":"repeat","background-position":"center center","background-size":"auto","background-attachment":"scroll","background-type":"","background-media":"","overlay-type":"","overlay-color":"","overlay-opacity":"","overlay-gradient":""},"tablet":{"background-color":"","background-image":"","background-repeat":"repeat","background-position":"center center","background-size":"auto","background-attachment":"scroll","background-type":"","background-media":"","overlay-type":"","overlay-color":"","overlay-opacity":"","overlay-gradient":""},"mobile":{"background-color":"","background-image":"","background-repeat":"repeat","background-position":"center center","background-size":"auto","background-attachment":"scroll","background-type":"","background-media":"","overlay-type":"","overlay-color":"","overlay-opacity":"","overlay-gradient":""}},"ast-content-background-meta":{"desktop":{"background-color":"var(--ast-global-color-5)","background-image":"","background-repeat":"repeat","background-position":"center center","background-size":"auto","background-attachment":"scroll","background-type":"","background-media":"","overlay-type":"","overlay-color":"","overlay-opacity":"","overlay-gradient":""},"tablet":{"background-color":"var(--ast-global-color-5)","background-image":"","background-repeat":"repeat","background-position":"center center","background-size":"auto","background-attachment":"scroll","background-type":"","background-media":"","overlay-type":"","overlay-color":"","overlay-opacity":"","overlay-gradient":""},"mobile":{"background-color":"var(--ast-global-color-5)","background-image":"","background-repeat":"repeat","background-position":"center center","background-size":"auto","background-attachment":"scroll","background-type":"","background-media":"","overlay-type":"","overlay-color":"","overlay-opacity":"","overlay-gradient":""}},"_joinchat":[]},"astrologia":[],"coleccion":[],"joyeria":[1577,1579,1580,1582,1574],"linea":[],"material":[2225,2342,2226],"orgonita":[1597,1596,1633],"piedra":[896,898],"proposito":[1954,686,1960,1907,807,763,695],"simbolo":[],"tamano":[808],"visibilidad-producto-nuevo":[],"product_brand":[],"product_cat":[1618,1610],"product_tag":[],"class_list":{"0":"post-33113","1":"product","2":"type-product","3":"status-publish","4":"has-post-thumbnail","6":"joyeria-collares","7":"joyeria-collares-de-acero-inoxidable","8":"joyeria-collares-de-cuarzo","9":"joyeria-collares-orgon","10":"joyeria-coleccion-joyeria","11":"material-acero-inoxidable","12":"material-cuarzo","13":"material-tela","14":"orgonita-collar-micro-orgon","15":"orgonita-collar-orgon","16":"orgonita-joyeria","17":"piedra-perla","18":"piedra-piedra-luna","19":"proposito-aclarar-emociones","20":"proposito-alta-proteccion","21":"proposito-espiritualidad","22":"proposito-feminidad","23":"proposito-libera-emociones-negativas","24":"proposito-salud","25":"proposito-transmutacion","26":"tamano-micro","27":"product_cat-joyeria","28":"product_cat-orgonitas","29":"desktop-align-left","30":"tablet-align-left","31":"mobile-align-left","33":"first","34":"instock","35":"shipping-taxable","36":"purchasable","37":"product-type-variable","38":"has-default-attributes","39":"wvs-archive-product-wrapper"},"acf":[],"yoast_head":"<!-- This site is optimized with the Yoast SEO Premium plugin v24.9 (Yoast SEO v24.9) - https:\/\/yoast.com\/wordpress\/plugins\/seo\/ -->\n<title>Collar Micro Org\u00f3n con Piedra Luna, Perla y Swarovski\u00ae &#8902; Arte Sagrado<\/title>\n<meta name=\"description\" content=\"Collar Micro Org\u00f3n con Piedra Luna y Perla: Potencia org\u00f3n de 1m. Embellecido con cristal Swarovski.\" \/>\n<meta name=\"robots\" content=\"index, follow, max-snippet:-1, max-image-preview:large, max-video-preview:-1\" \/>\n<link rel=\"canonical\" href=\"https:\/\/artesagrado.com.mx\/en\/product\/collar-micro-orgon-con-piedra-luna-perla-y-swarovski\/\" \/>\n<meta property=\"og:locale\" content=\"en_US\" \/>\n<meta property=\"og:type\" content=\"article\" \/>\n<meta property=\"og:title\" content=\"Collar Micro Org\u00f3n con Piedra Luna, Perla y Swarovski\u00ae\" \/>\n<meta property=\"og:description\" content=\"Descubre la colecci\u00f3n de productos de Arte Sagrado M\u00e9xico: joyer\u00eda y dispositivos energ\u00e9ticos elaborados con geometr\u00eda sagrada y tecnolog\u00eda Org\u00f3n para equilibrar y armonizar tu vida.\" \/>\n<meta property=\"og:url\" content=\"https:\/\/artesagrado.com.mx\/en\/product\/collar-micro-orgon-con-piedra-luna-perla-y-swarovski\/\" \/>\n<meta property=\"og:site_name\" content=\"Arte Sagrado\" \/>\n<meta property=\"article:publisher\" content=\"https:\/\/www.facebook.com\/ArteSagradoMexico\" \/>\n<meta property=\"article:modified_time\" content=\"2026-01-22T22:29:13+00:00\" \/>\n<meta property=\"og:image\" content=\"https:\/\/artesagrado.com.mx\/wp-content\/uploads\/2024\/04\/Collar-Micro-Orgon-con-Piedra-Luna-Perla-y-Swarovski_1.webp\" \/>\n\t<meta property=\"og:image:width\" content=\"1000\" \/>\n\t<meta property=\"og:image:height\" content=\"1000\" \/>\n\t<meta property=\"og:image:type\" content=\"image\/webp\" \/>\n<meta name=\"twitter:card\" content=\"summary_large_image\" \/>\n<meta name=\"twitter:label1\" content=\"Availability\" \/>\n\t<meta name=\"twitter:data1\" content=\"In stock\" \/>\n<script type=\"application\/ld+json\" class=\"yoast-schema-graph\">{\"@context\":\"https:\/\/schema.org\",\"@graph\":[{\"@type\":\"WebPage\",\"@id\":\"https:\/\/artesagrado.com.mx\/producto\/collar-micro-orgon-con-piedra-luna-perla-y-swarovski\/\",\"url\":\"https:\/\/artesagrado.com.mx\/producto\/collar-micro-orgon-con-piedra-luna-perla-y-swarovski\/\",\"name\":\"Collar Micro Org\u00f3n con Piedra Luna, Perla y Swarovski\u00ae &#8902; Arte Sagrado\",\"isPartOf\":{\"@id\":\"https:\/\/artesagrado.com.mx\/#website\"},\"primaryImageOfPage\":{\"@id\":\"https:\/\/artesagrado.com.mx\/producto\/collar-micro-orgon-con-piedra-luna-perla-y-swarovski\/#primaryimage\"},\"image\":{\"@id\":\"https:\/\/artesagrado.com.mx\/producto\/collar-micro-orgon-con-piedra-luna-perla-y-swarovski\/#primaryimage\"},\"thumbnailUrl\":\"https:\/\/artesagrado.com.mx\/wp-content\/uploads\/2024\/04\/Collar-Micro-Orgon-con-Piedra-Luna-Perla-y-Swarovski_1.webp\",\"datePublished\":\"2024-07-23T09:31:53+00:00\",\"dateModified\":\"2026-01-22T22:29:13+00:00\",\"description\":\"Collar Micro Org\u00f3n con Piedra Luna y Perla: Potencia org\u00f3n de 1m. Embellecido con cristal Swarovski.\",\"breadcrumb\":{\"@id\":\"https:\/\/artesagrado.com.mx\/producto\/collar-micro-orgon-con-piedra-luna-perla-y-swarovski\/#breadcrumb\"},\"inLanguage\":\"en-US\",\"potentialAction\":[{\"@type\":\"ReadAction\",\"target\":[\"https:\/\/artesagrado.com.mx\/producto\/collar-micro-orgon-con-piedra-luna-perla-y-swarovski\/\"]}]},{\"@type\":\"ImageObject\",\"inLanguage\":\"en-US\",\"@id\":\"https:\/\/artesagrado.com.mx\/producto\/collar-micro-orgon-con-piedra-luna-perla-y-swarovski\/#primaryimage\",\"url\":\"https:\/\/artesagrado.com.mx\/wp-content\/uploads\/2024\/04\/Collar-Micro-Orgon-con-Piedra-Luna-Perla-y-Swarovski_1.webp\",\"contentUrl\":\"https:\/\/artesagrado.com.mx\/wp-content\/uploads\/2024\/04\/Collar-Micro-Orgon-con-Piedra-Luna-Perla-y-Swarovski_1.webp\",\"width\":1000,\"height\":1000,\"caption\":\"Collar Micro Org\u00f3n con Piedra Luna, Perla y Swarovski - Cadena de Acero Inoxidable\"},{\"@type\":\"BreadcrumbList\",\"@id\":\"https:\/\/artesagrado.com.mx\/producto\/collar-micro-orgon-con-piedra-luna-perla-y-swarovski\/#breadcrumb\",\"itemListElement\":[{\"@type\":\"ListItem\",\"position\":1,\"name\":\"Portada\",\"item\":\"https:\/\/artesagrado.com.mx\/\"},{\"@type\":\"ListItem\",\"position\":2,\"name\":\"Tienda\",\"item\":\"https:\/\/artesagrado.com.mx\/tienda\/\"},{\"@type\":\"ListItem\",\"position\":3,\"name\":\"Collar Micro Org\u00f3n con Piedra Luna, Perla y Swarovski\u00ae\"}]},{\"@type\":\"WebSite\",\"@id\":\"https:\/\/artesagrado.com.mx\/#website\",\"url\":\"https:\/\/artesagrado.com.mx\/\",\"name\":\"Arte Sagrado\",\"description\":\"Empoderando tu ser\",\"publisher\":{\"@id\":\"https:\/\/artesagrado.com.mx\/#organization\"},\"alternateName\":\"Arte Sagrado M\u00e9xico\",\"potentialAction\":[{\"@type\":\"SearchAction\",\"target\":{\"@type\":\"EntryPoint\",\"urlTemplate\":\"https:\/\/artesagrado.com.mx\/?s={search_term_string}\"},\"query-input\":{\"@type\":\"PropertyValueSpecification\",\"valueRequired\":true,\"valueName\":\"search_term_string\"}}],\"inLanguage\":\"en-US\"},{\"@type\":\"Organization\",\"@id\":\"https:\/\/artesagrado.com.mx\/#organization\",\"name\":\"Arte Sagrado\",\"alternateName\":\"Arte Sagrado M\u00e9xico\",\"url\":\"https:\/\/artesagrado.com.mx\/\",\"logo\":{\"@type\":\"ImageObject\",\"inLanguage\":\"en-US\",\"@id\":\"https:\/\/artesagrado.com.mx\/#\/schema\/logo\/image\/\",\"url\":\"https:\/\/artesagrado.com.mx\/wp-content\/uploads\/2024\/07\/portada_cuadrada_base_arte-sagrado.webp\",\"contentUrl\":\"https:\/\/artesagrado.com.mx\/wp-content\/uploads\/2024\/07\/portada_cuadrada_base_arte-sagrado.webp\",\"width\":1000,\"height\":1000,\"caption\":\"Arte Sagrado\"},\"image\":{\"@id\":\"https:\/\/artesagrado.com.mx\/#\/schema\/logo\/image\/\"},\"sameAs\":[\"https:\/\/www.facebook.com\/ArteSagradoMexico\",\"https:\/\/www.instagram.com\/arte_sagrado_oficial\/\",\"https:\/\/www.tiktok.com\/@arte_sagrado_oficial\"],\"description\":\"Arte Sagrado\u00ae es un proyecto pensado, sentido y accionado al servicio de la humanidad y la conciencia. Nacemos en tiempos precisos donde la luz y el recuerdo de nuestra grandeza, empiezan a resplandecer; es por eso que nuestro proyecto se enfoca y especializa en contribuir con informaci\u00f3n y conocimiento de los arquetipos originales y el lenguaje de la geometr\u00eda sagrada.\",\"publishingPrinciples\":\"https:\/\/artesagrado.com.mx\/conoce-a-arte-sagrado\/\"}]}<\/script>\n<meta property=\"og:availability\" content=\"instock\" \/>\n<meta property=\"product:availability\" content=\"instock\" \/>\n<meta property=\"product:condition\" content=\"new\" \/>\n<!-- \/ Yoast SEO Premium plugin. -->","yoast_head_json":{"title":"Collar Micro Org\u00f3n con Piedra Luna, Perla y Swarovski\u00ae &#8902; Arte Sagrado","description":"Collar Micro Org\u00f3n con Piedra Luna y Perla: Potencia org\u00f3n de 1m. Embellecido con cristal Swarovski.","robots":{"index":"index","follow":"follow","max-snippet":"max-snippet:-1","max-image-preview":"max-image-preview:large","max-video-preview":"max-video-preview:-1"},"canonical":"https:\/\/artesagrado.com.mx\/en\/product\/collar-micro-orgon-con-piedra-luna-perla-y-swarovski\/","og_locale":"en_US","og_type":"article","og_title":"Collar Micro Org\u00f3n con Piedra Luna, Perla y Swarovski\u00ae","og_description":"Descubre la colecci\u00f3n de productos de Arte Sagrado M\u00e9xico: joyer\u00eda y dispositivos energ\u00e9ticos elaborados con geometr\u00eda sagrada y tecnolog\u00eda Org\u00f3n para equilibrar y armonizar tu vida.","og_url":"https:\/\/artesagrado.com.mx\/en\/product\/collar-micro-orgon-con-piedra-luna-perla-y-swarovski\/","og_site_name":"Arte Sagrado","article_publisher":"https:\/\/www.facebook.com\/ArteSagradoMexico","article_modified_time":"2026-01-22T22:29:13+00:00","og_image":[{"width":1000,"height":1000,"url":"https:\/\/artesagrado.com.mx\/wp-content\/uploads\/2024\/04\/Collar-Micro-Orgon-con-Piedra-Luna-Perla-y-Swarovski_1.webp","type":"image\/webp"}],"twitter_card":"summary_large_image","twitter_misc":{"Availability":"In stock"},"schema":{"@context":"https:\/\/schema.org","@graph":[{"@type":"WebPage","@id":"https:\/\/artesagrado.com.mx\/producto\/collar-micro-orgon-con-piedra-luna-perla-y-swarovski\/","url":"https:\/\/artesagrado.com.mx\/producto\/collar-micro-orgon-con-piedra-luna-perla-y-swarovski\/","name":"Collar Micro Org\u00f3n con Piedra Luna, Perla y Swarovski\u00ae &#8902; Arte Sagrado","isPartOf":{"@id":"https:\/\/artesagrado.com.mx\/#website"},"primaryImageOfPage":{"@id":"https:\/\/artesagrado.com.mx\/producto\/collar-micro-orgon-con-piedra-luna-perla-y-swarovski\/#primaryimage"},"image":{"@id":"https:\/\/artesagrado.com.mx\/producto\/collar-micro-orgon-con-piedra-luna-perla-y-swarovski\/#primaryimage"},"thumbnailUrl":"https:\/\/artesagrado.com.mx\/wp-content\/uploads\/2024\/04\/Collar-Micro-Orgon-con-Piedra-Luna-Perla-y-Swarovski_1.webp","datePublished":"2024-07-23T09:31:53+00:00","dateModified":"2026-01-22T22:29:13+00:00","description":"Collar Micro Org\u00f3n con Piedra Luna y Perla: Potencia org\u00f3n de 1m. Embellecido con cristal Swarovski.","breadcrumb":{"@id":"https:\/\/artesagrado.com.mx\/producto\/collar-micro-orgon-con-piedra-luna-perla-y-swarovski\/#breadcrumb"},"inLanguage":"en-US","potentialAction":[{"@type":"ReadAction","target":["https:\/\/artesagrado.com.mx\/producto\/collar-micro-orgon-con-piedra-luna-perla-y-swarovski\/"]}]},{"@type":"ImageObject","inLanguage":"en-US","@id":"https:\/\/artesagrado.com.mx\/producto\/collar-micro-orgon-con-piedra-luna-perla-y-swarovski\/#primaryimage","url":"https:\/\/artesagrado.com.mx\/wp-content\/uploads\/2024\/04\/Collar-Micro-Orgon-con-Piedra-Luna-Perla-y-Swarovski_1.webp","contentUrl":"https:\/\/artesagrado.com.mx\/wp-content\/uploads\/2024\/04\/Collar-Micro-Orgon-con-Piedra-Luna-Perla-y-Swarovski_1.webp","width":1000,"height":1000,"caption":"Collar Micro Org\u00f3n con Piedra Luna, Perla y Swarovski - Cadena de Acero Inoxidable"},{"@type":"BreadcrumbList","@id":"https:\/\/artesagrado.com.mx\/producto\/collar-micro-orgon-con-piedra-luna-perla-y-swarovski\/#breadcrumb","itemListElement":[{"@type":"ListItem","position":1,"name":"Portada","item":"https:\/\/artesagrado.com.mx\/"},{"@type":"ListItem","position":2,"name":"Tienda","item":"https:\/\/artesagrado.com.mx\/tienda\/"},{"@type":"ListItem","position":3,"name":"Collar Micro Org\u00f3n con Piedra Luna, Perla y Swarovski\u00ae"}]},{"@type":"WebSite","@id":"https:\/\/artesagrado.com.mx\/#website","url":"https:\/\/artesagrado.com.mx\/","name":"Arte Sagrado","description":"Empoderando tu ser","publisher":{"@id":"https:\/\/artesagrado.com.mx\/#organization"},"alternateName":"Arte Sagrado M\u00e9xico","potentialAction":[{"@type":"SearchAction","target":{"@type":"EntryPoint","urlTemplate":"https:\/\/artesagrado.com.mx\/?s={search_term_string}"},"query-input":{"@type":"PropertyValueSpecification","valueRequired":true,"valueName":"search_term_string"}}],"inLanguage":"en-US"},{"@type":"Organization","@id":"https:\/\/artesagrado.com.mx\/#organization","name":"Arte Sagrado","alternateName":"Arte Sagrado M\u00e9xico","url":"https:\/\/artesagrado.com.mx\/","logo":{"@type":"ImageObject","inLanguage":"en-US","@id":"https:\/\/artesagrado.com.mx\/#\/schema\/logo\/image\/","url":"https:\/\/artesagrado.com.mx\/wp-content\/uploads\/2024\/07\/portada_cuadrada_base_arte-sagrado.webp","contentUrl":"https:\/\/artesagrado.com.mx\/wp-content\/uploads\/2024\/07\/portada_cuadrada_base_arte-sagrado.webp","width":1000,"height":1000,"caption":"Arte Sagrado"},"image":{"@id":"https:\/\/artesagrado.com.mx\/#\/schema\/logo\/image\/"},"sameAs":["https:\/\/www.facebook.com\/ArteSagradoMexico","https:\/\/www.instagram.com\/arte_sagrado_oficial\/","https:\/\/www.tiktok.com\/@arte_sagrado_oficial"],"description":"Arte Sagrado\u00ae es un proyecto pensado, sentido y accionado al servicio de la humanidad y la conciencia. Nacemos en tiempos precisos donde la luz y el recuerdo de nuestra grandeza, empiezan a resplandecer; es por eso que nuestro proyecto se enfoca y especializa en contribuir con informaci\u00f3n y conocimiento de los arquetipos originales y el lenguaje de la geometr\u00eda sagrada.","publishingPrinciples":"https:\/\/artesagrado.com.mx\/conoce-a-arte-sagrado\/"}]},"og_availability":"instock","product_availability":"instock","product_condition":"new"},"jetpack_sharing_enabled":true,"_links":{"self":[{"href":"https:\/\/artesagrado.com.mx\/en\/wp-json\/wp\/v2\/product\/33113","targetHints":{"allow":["GET"]}}],"collection":[{"href":"https:\/\/artesagrado.com.mx\/en\/wp-json\/wp\/v2\/product"}],"about":[{"href":"https:\/\/artesagrado.com.mx\/en\/wp-json\/wp\/v2\/types\/product"}],"replies":[{"embeddable":true,"href":"https:\/\/artesagrado.com.mx\/en\/wp-json\/wp\/v2\/comments?post=33113"}],"wp:featuredmedia":[{"embeddable":true,"href":"https:\/\/artesagrado.com.mx\/en\/wp-json\/wp\/v2\/media\/42495"}],"wp:attachment":[{"href":"https:\/\/artesagrado.com.mx\/en\/wp-json\/wp\/v2\/media?parent=33113"}],"wp:term":[{"taxonomy":"astrologia","embeddable":true,"href":"https:\/\/artesagrado.com.mx\/en\/wp-json\/wp\/v2\/astrologia?post=33113"},{"taxonomy":"coleccion","embeddable":true,"href":"https:\/\/artesagrado.com.mx\/en\/wp-json\/wp\/v2\/coleccion?post=33113"},{"taxonomy":"joyeria","embeddable":true,"href":"https:\/\/artesagrado.com.mx\/en\/wp-json\/wp\/v2\/joyeria?post=33113"},{"taxonomy":"linea","embeddable":true,"href":"https:\/\/artesagrado.com.mx\/en\/wp-json\/wp\/v2\/linea?post=33113"},{"taxonomy":"material","embeddable":true,"href":"https:\/\/artesagrado.com.mx\/en\/wp-json\/wp\/v2\/material?post=33113"},{"taxonomy":"orgonita","embeddable":true,"href":"https:\/\/artesagrado.com.mx\/en\/wp-json\/wp\/v2\/orgonita?post=33113"},{"taxonomy":"piedra","embeddable":true,"href":"https:\/\/artesagrado.com.mx\/en\/wp-json\/wp\/v2\/piedra?post=33113"},{"taxonomy":"proposito","embeddable":true,"href":"https:\/\/artesagrado.com.mx\/en\/wp-json\/wp\/v2\/proposito?post=33113"},{"taxonomy":"simbolo","embeddable":true,"href":"https:\/\/artesagrado.com.mx\/en\/wp-json\/wp\/v2\/simbolo?post=33113"},{"taxonomy":"tamano","embeddable":true,"href":"https:\/\/artesagrado.com.mx\/en\/wp-json\/wp\/v2\/tamano?post=33113"},{"taxonomy":"visibilidad-producto-nuevo","embeddable":true,"href":"https:\/\/artesagrado.com.mx\/en\/wp-json\/wp\/v2\/visibilidad-producto-nuevo?post=33113"},{"taxonomy":"product_brand","embeddable":true,"href":"https:\/\/artesagrado.com.mx\/en\/wp-json\/wp\/v2\/product_brand?post=33113"},{"taxonomy":"product_cat","embeddable":true,"href":"https:\/\/artesagrado.com.mx\/en\/wp-json\/wp\/v2\/product_cat?post=33113"},{"taxonomy":"product_tag","embeddable":true,"href":"https:\/\/artesagrado.com.mx\/en\/wp-json\/wp\/v2\/product_tag?post=33113"}],"curies":[{"name":"wp","href":"https:\/\/api.w.org\/{rel}","templated":true}]}}