{"id":42379,"date":"2024-07-22T21:00:56","date_gmt":"2024-07-23T03:00:56","guid":{"rendered":"https:\/\/artesagrado.com.mx\/?post_type=product&#038;p=42379"},"modified":"2026-01-22T16:35:45","modified_gmt":"2026-01-22T22:35:45","slug":"pulsera-micro-orgon-cubo-arcangel-de-metatron-chapa-de-oro-en-piedra-luna-y-perla-tejido-negro","status":"publish","type":"product","link":"https:\/\/artesagrado.com.mx\/en\/product\/pulsera-micro-orgon-cubo-arcangel-de-metatron-chapa-de-oro-en-piedra-luna-y-perla-tejido-negro\/","title":{"rendered":"Pulsera Micro org\u00f3n Arcangel de Metatr\u00f3n Chapa de Oro en Piedra Luna y Perla"},"content":{"rendered":"<p>Dr. Willheim Reich described the\u00a0<b>Orgone<\/b>\u00a0as the cosmic energy that is part of all living matter. The name comes from \"organism and orgasm\", which refers to the vital energy and creative power.<\/p>\n<p>An orgone generator or energy transmuter is a compact and solid structure made to stimulate the piezoelectric properties of its materials and thus attract, accumulate, order and enhance the energy present, transforming the negative and chaotic electromagnetic waves into vital energy, harmonized and in perfect harmony with nature, which is reflected in restorative biological effects, which is why it has been used for therapeutic purposes due to its benefits in a wide range of applications.<\/p>\n<p>The <strong>Metatron's Cube<\/strong> is considered the pinnacle of ancient geometry and is a geometric body that is part of the \"Flower of Life\".<\/p>\n<p>Its name comes from the Mighty Eighth of the Archangels, Metatron. Metatron is the guardian Archangel of our planet who lovingly intervenes for its highest good, he embodied his almic code in this symbol\/code and when drawn in space, acts as a great protector and enhancer, protecting people and places.<\/p>\n<p>This code is formed by thirteen circles and two tetrahedrons, which in turn form the Merkabah or body of light. It is an archetypal code loaded with power and information of reality and divine truths; Metatron is also the main conductor and user of the Metatronic energy, the one with which the universe itself was created, and has also been named as quantum or tachyon energy, depending on the science under which it is analyzed.<\/p>\n<p>El poder de esta energ\u00eda es el que se manifiesta a trav\u00e9s del pensamiento, el sentimiento y la palabra, de ah\u00ed la idea de que el universo se gener\u00f3 por un pensamiento, un divino y maravilloso pensamiento, que dio paso a la creaci\u00f3n infinita y perfecta de la cual somos parte \u00edntima.<\/p>\n<p>The <strong>Moonstone<\/strong>, helps us to free ourselves from bad thoughts and energies, to carry out a personal catharsis often necessary to find the balance we are looking for in our lives.<\/p>\n<p>The Moonstone is also related to passionate love, the awakening of intuition, success in business and protection on land and sea, being an ideal element for any frequent traveler.<\/p>\n<p>Moonstone quartz is considered a stone that brings good omens to new couples, and protects their love against future problems or vicissitudes.<\/p>\n<p>The <strong>Pearl<\/strong> brings vitality, emotional and spiritual balance. They are a symbol of patience, high sensitivity, femininity and innocence. They are related to the moon and the feminine aspect, they are often used in night rituals, especially to attract love, money, protection or good luck.<\/p>\n<p>The mystical powers of the pearl make people go inside themselves to find their true self, thus reaching the real meaning of life. <\/p>\n<p>It helps to clear the mind and be more focused and humble. <\/p>","protected":false},"excerpt":{"rendered":"<p><strong>Orgone, in travel - vitality - empowerment of the feminine <\/strong><\/p>\n<p>We create your micro orgone bracelet through 33 artisanal processes of refinement and energetics.<\/p>\n<p><b>Orgone Power: Personal<\/b><\/p>\n<ul>\n<li>Orgone of 1.4 cm in diameter and 7 mm thick.<\/li>\n<li>Copper machinery and bronze base.<\/li>\n<li>Gold-plated details<\/li>\n<li>Adjustable fabric cord<\/li>\n<li>Discreet, comfortable, elegant protection.<\/li>\n<\/ul>","protected":false},"featured_media":41746,"comment_status":"open","ping_status":"closed","template":"","meta":{"_acf_changed":false,"site-sidebar-layout":"default","site-content-layout":"","ast-site-content-layout":"default","site-content-style":"default","site-sidebar-style":"default","ast-global-header-display":"","ast-banner-title-visibility":"","ast-main-header-display":"","ast-hfb-above-header-display":"","ast-hfb-below-header-display":"","ast-hfb-mobile-header-display":"","site-post-title":"","ast-breadcrumbs-content":"","ast-featured-img":"","footer-sml-layout":"","ast-disable-related-posts":"","theme-transparent-header-meta":"default","adv-header-id-meta":"","stick-header-meta":"","header-above-stick-meta":"","header-main-stick-meta":"","header-below-stick-meta":"","astra-migrate-meta-layouts":"set","ast-page-background-enabled":"default","ast-page-background-meta":{"desktop":{"background-color":"var(--ast-global-color-4)","background-image":"","background-repeat":"repeat","background-position":"center center","background-size":"auto","background-attachment":"scroll","background-type":"","background-media":"","overlay-type":"","overlay-color":"","overlay-opacity":"","overlay-gradient":""},"tablet":{"background-color":"","background-image":"","background-repeat":"repeat","background-position":"center center","background-size":"auto","background-attachment":"scroll","background-type":"","background-media":"","overlay-type":"","overlay-color":"","overlay-opacity":"","overlay-gradient":""},"mobile":{"background-color":"","background-image":"","background-repeat":"repeat","background-position":"center center","background-size":"auto","background-attachment":"scroll","background-type":"","background-media":"","overlay-type":"","overlay-color":"","overlay-opacity":"","overlay-gradient":""}},"ast-content-background-meta":{"desktop":{"background-color":"var(--ast-global-color-5)","background-image":"","background-repeat":"repeat","background-position":"center center","background-size":"auto","background-attachment":"scroll","background-type":"","background-media":"","overlay-type":"","overlay-color":"","overlay-opacity":"","overlay-gradient":""},"tablet":{"background-color":"var(--ast-global-color-5)","background-image":"","background-repeat":"repeat","background-position":"center center","background-size":"auto","background-attachment":"scroll","background-type":"","background-media":"","overlay-type":"","overlay-color":"","overlay-opacity":"","overlay-gradient":""},"mobile":{"background-color":"var(--ast-global-color-5)","background-image":"","background-repeat":"repeat","background-position":"center center","background-size":"auto","background-attachment":"scroll","background-type":"","background-media":"","overlay-type":"","overlay-color":"","overlay-opacity":"","overlay-gradient":""}},"_joinchat":[]},"astrologia":[],"coleccion":[],"joyeria":[1574,1587,1588,2483,1586],"linea":[],"material":[2231,2342,2226],"orgonita":[1609],"piedra":[896,898],"proposito":[1954,686,1960,1907,692,1857,763,1796],"simbolo":[2486],"tamano":[808],"visibilidad-producto-nuevo":[],"product_brand":[],"product_cat":[1610],"product_tag":[],"class_list":{"0":"post-42379","1":"product","2":"type-product","3":"status-publish","4":"has-post-thumbnail","6":"joyeria-coleccion-joyeria","7":"joyeria-pulseras-de-chapa-de-oro","8":"joyeria-pulseras-de-cuarzo","9":"joyeria-pulseras-micro-orgon","10":"joyeria-pulseras-tejidas","11":"material-chapa-de-oro","12":"material-cuarzo","13":"material-tela","14":"orgonita-pulseras-orgon","15":"piedra-perla","16":"piedra-piedra-luna","17":"proposito-aclarar-emociones","18":"proposito-alta-proteccion","19":"proposito-espiritualidad","20":"proposito-feminidad","21":"proposito-intuicion","22":"proposito-neutraliza-la-energia-negativa","23":"proposito-salud","24":"proposito-vitalidad","25":"simbolo-arcangel-metatron","26":"tamano-micro","27":"product_cat-orgonitas","28":"desktop-align-left","29":"tablet-align-left","30":"mobile-align-left","32":"first","33":"instock","34":"shipping-taxable","35":"purchasable","36":"product-type-variable","37":"has-default-attributes","38":"wvs-archive-product-wrapper"},"acf":[],"yoast_head":"<!-- This site is optimized with the Yoast SEO Premium plugin v24.9 (Yoast SEO v24.9) - https:\/\/yoast.com\/wordpress\/plugins\/seo\/ -->\n<title>Pulsera Micro org\u00f3n Arcangel de Metatr\u00f3n Chapa de Oro en Piedra Luna y Perla &#8902; Arte Sagrado<\/title>\n<meta name=\"description\" content=\"Pulsera Micro org\u00f3n Cubo Arc\u00e1ngel de Metatr\u00f3n en Chapa de Oro con Piedra Luna y Perla. Protecci\u00f3n y elegancia del Arc\u00e1ngel Metatr\u00f3n.\" \/>\n<meta name=\"robots\" content=\"index, follow, max-snippet:-1, max-image-preview:large, max-video-preview:-1\" \/>\n<link rel=\"canonical\" href=\"https:\/\/artesagrado.com.mx\/en\/product\/pulsera-micro-orgon-cubo-arcangel-de-metatron-chapa-de-oro-en-piedra-luna-y-perla-tejido-negro\/\" \/>\n<meta property=\"og:locale\" content=\"en_US\" \/>\n<meta property=\"og:type\" content=\"article\" \/>\n<meta property=\"og:title\" content=\"Pulsera Micro org\u00f3n Arcangel de Metatr\u00f3n Chapa de Oro en Piedra Luna y Perla\" \/>\n<meta property=\"og:description\" content=\"Descubre la colecci\u00f3n de productos de Arte Sagrado M\u00e9xico: joyer\u00eda y dispositivos energ\u00e9ticos elaborados con geometr\u00eda sagrada y tecnolog\u00eda Org\u00f3n para equilibrar y armonizar tu vida.\" \/>\n<meta property=\"og:url\" content=\"https:\/\/artesagrado.com.mx\/en\/product\/pulsera-micro-orgon-cubo-arcangel-de-metatron-chapa-de-oro-en-piedra-luna-y-perla-tejido-negro\/\" \/>\n<meta property=\"og:site_name\" content=\"Arte Sagrado\" \/>\n<meta property=\"article:publisher\" content=\"https:\/\/www.facebook.com\/ArteSagradoMexico\" \/>\n<meta property=\"article:modified_time\" content=\"2026-01-22T22:35:45+00:00\" \/>\n<meta property=\"og:image\" content=\"https:\/\/artesagrado.com.mx\/wp-content\/uploads\/2024\/04\/Pulsera-Micro-Orgon-Cubo-de-Metatron-con-Piedra-Luna-y-Perla_4.webp\" \/>\n\t<meta property=\"og:image:width\" content=\"1000\" \/>\n\t<meta property=\"og:image:height\" content=\"1000\" \/>\n\t<meta property=\"og:image:type\" content=\"image\/webp\" \/>\n<meta name=\"twitter:card\" content=\"summary_large_image\" \/>\n<meta name=\"twitter:label1\" content=\"Availability\" \/>\n\t<meta name=\"twitter:data1\" content=\"In stock\" \/>\n<script type=\"application\/ld+json\" class=\"yoast-schema-graph\">{\"@context\":\"https:\/\/schema.org\",\"@graph\":[{\"@type\":\"WebPage\",\"@id\":\"https:\/\/artesagrado.com.mx\/producto\/pulsera-micro-orgon-cubo-arcangel-de-metatron-chapa-de-oro-en-piedra-luna-y-perla-tejido-negro\/\",\"url\":\"https:\/\/artesagrado.com.mx\/producto\/pulsera-micro-orgon-cubo-arcangel-de-metatron-chapa-de-oro-en-piedra-luna-y-perla-tejido-negro\/\",\"name\":\"Pulsera Micro org\u00f3n Arcangel de Metatr\u00f3n Chapa de Oro en Piedra Luna y Perla &#8902; Arte Sagrado\",\"isPartOf\":{\"@id\":\"https:\/\/artesagrado.com.mx\/#website\"},\"primaryImageOfPage\":{\"@id\":\"https:\/\/artesagrado.com.mx\/producto\/pulsera-micro-orgon-cubo-arcangel-de-metatron-chapa-de-oro-en-piedra-luna-y-perla-tejido-negro\/#primaryimage\"},\"image\":{\"@id\":\"https:\/\/artesagrado.com.mx\/producto\/pulsera-micro-orgon-cubo-arcangel-de-metatron-chapa-de-oro-en-piedra-luna-y-perla-tejido-negro\/#primaryimage\"},\"thumbnailUrl\":\"https:\/\/artesagrado.com.mx\/wp-content\/uploads\/2024\/04\/Pulsera-Micro-Orgon-Cubo-de-Metatron-con-Piedra-Luna-y-Perla_4.webp\",\"datePublished\":\"2024-07-23T03:00:56+00:00\",\"dateModified\":\"2026-01-22T22:35:45+00:00\",\"description\":\"Pulsera Micro org\u00f3n Cubo Arc\u00e1ngel de Metatr\u00f3n en Chapa de Oro con Piedra Luna y Perla. Protecci\u00f3n y elegancia del Arc\u00e1ngel Metatr\u00f3n.\",\"breadcrumb\":{\"@id\":\"https:\/\/artesagrado.com.mx\/producto\/pulsera-micro-orgon-cubo-arcangel-de-metatron-chapa-de-oro-en-piedra-luna-y-perla-tejido-negro\/#breadcrumb\"},\"inLanguage\":\"en-US\",\"potentialAction\":[{\"@type\":\"ReadAction\",\"target\":[\"https:\/\/artesagrado.com.mx\/producto\/pulsera-micro-orgon-cubo-arcangel-de-metatron-chapa-de-oro-en-piedra-luna-y-perla-tejido-negro\/\"]}]},{\"@type\":\"ImageObject\",\"inLanguage\":\"en-US\",\"@id\":\"https:\/\/artesagrado.com.mx\/producto\/pulsera-micro-orgon-cubo-arcangel-de-metatron-chapa-de-oro-en-piedra-luna-y-perla-tejido-negro\/#primaryimage\",\"url\":\"https:\/\/artesagrado.com.mx\/wp-content\/uploads\/2024\/04\/Pulsera-Micro-Orgon-Cubo-de-Metatron-con-Piedra-Luna-y-Perla_4.webp\",\"contentUrl\":\"https:\/\/artesagrado.com.mx\/wp-content\/uploads\/2024\/04\/Pulsera-Micro-Orgon-Cubo-de-Metatron-con-Piedra-Luna-y-Perla_4.webp\",\"width\":1000,\"height\":1000,\"caption\":\"Pulsera Tejida Micro Org\u00f3n Cubo de Metatr\u00f3n con Piedra Luna y Perla - Vista Lateral Derecha\"},{\"@type\":\"BreadcrumbList\",\"@id\":\"https:\/\/artesagrado.com.mx\/producto\/pulsera-micro-orgon-cubo-arcangel-de-metatron-chapa-de-oro-en-piedra-luna-y-perla-tejido-negro\/#breadcrumb\",\"itemListElement\":[{\"@type\":\"ListItem\",\"position\":1,\"name\":\"Portada\",\"item\":\"https:\/\/artesagrado.com.mx\/\"},{\"@type\":\"ListItem\",\"position\":2,\"name\":\"Tienda\",\"item\":\"https:\/\/artesagrado.com.mx\/tienda\/\"},{\"@type\":\"ListItem\",\"position\":3,\"name\":\"Pulsera Micro org\u00f3n Arcangel de Metatr\u00f3n Chapa de Oro en Piedra Luna y Perla\"}]},{\"@type\":\"WebSite\",\"@id\":\"https:\/\/artesagrado.com.mx\/#website\",\"url\":\"https:\/\/artesagrado.com.mx\/\",\"name\":\"Arte Sagrado\",\"description\":\"Empoderando tu ser\",\"publisher\":{\"@id\":\"https:\/\/artesagrado.com.mx\/#organization\"},\"alternateName\":\"Arte Sagrado M\u00e9xico\",\"potentialAction\":[{\"@type\":\"SearchAction\",\"target\":{\"@type\":\"EntryPoint\",\"urlTemplate\":\"https:\/\/artesagrado.com.mx\/?s={search_term_string}\"},\"query-input\":{\"@type\":\"PropertyValueSpecification\",\"valueRequired\":true,\"valueName\":\"search_term_string\"}}],\"inLanguage\":\"en-US\"},{\"@type\":\"Organization\",\"@id\":\"https:\/\/artesagrado.com.mx\/#organization\",\"name\":\"Arte Sagrado\",\"alternateName\":\"Arte Sagrado M\u00e9xico\",\"url\":\"https:\/\/artesagrado.com.mx\/\",\"logo\":{\"@type\":\"ImageObject\",\"inLanguage\":\"en-US\",\"@id\":\"https:\/\/artesagrado.com.mx\/#\/schema\/logo\/image\/\",\"url\":\"https:\/\/artesagrado.com.mx\/wp-content\/uploads\/2024\/07\/portada_cuadrada_base_arte-sagrado.webp\",\"contentUrl\":\"https:\/\/artesagrado.com.mx\/wp-content\/uploads\/2024\/07\/portada_cuadrada_base_arte-sagrado.webp\",\"width\":1000,\"height\":1000,\"caption\":\"Arte Sagrado\"},\"image\":{\"@id\":\"https:\/\/artesagrado.com.mx\/#\/schema\/logo\/image\/\"},\"sameAs\":[\"https:\/\/www.facebook.com\/ArteSagradoMexico\",\"https:\/\/www.instagram.com\/arte_sagrado_oficial\/\",\"https:\/\/www.tiktok.com\/@arte_sagrado_oficial\"],\"description\":\"Arte Sagrado\u00ae es un proyecto pensado, sentido y accionado al servicio de la humanidad y la conciencia. Nacemos en tiempos precisos donde la luz y el recuerdo de nuestra grandeza, empiezan a resplandecer; es por eso que nuestro proyecto se enfoca y especializa en contribuir con informaci\u00f3n y conocimiento de los arquetipos originales y el lenguaje de la geometr\u00eda sagrada.\",\"publishingPrinciples\":\"https:\/\/artesagrado.com.mx\/conoce-a-arte-sagrado\/\"}]}<\/script>\n<meta property=\"og:availability\" content=\"instock\" \/>\n<meta property=\"product:availability\" content=\"instock\" \/>\n<meta property=\"product:condition\" content=\"new\" \/>\n<!-- \/ Yoast SEO Premium plugin. -->","yoast_head_json":{"title":"Pulsera Micro org\u00f3n Arcangel de Metatr\u00f3n Chapa de Oro en Piedra Luna y Perla &#8902; Arte Sagrado","description":"Pulsera Micro org\u00f3n Cubo Arc\u00e1ngel de Metatr\u00f3n en Chapa de Oro con Piedra Luna y Perla. Protecci\u00f3n y elegancia del Arc\u00e1ngel Metatr\u00f3n.","robots":{"index":"index","follow":"follow","max-snippet":"max-snippet:-1","max-image-preview":"max-image-preview:large","max-video-preview":"max-video-preview:-1"},"canonical":"https:\/\/artesagrado.com.mx\/en\/product\/pulsera-micro-orgon-cubo-arcangel-de-metatron-chapa-de-oro-en-piedra-luna-y-perla-tejido-negro\/","og_locale":"en_US","og_type":"article","og_title":"Pulsera Micro org\u00f3n Arcangel de Metatr\u00f3n Chapa de Oro en Piedra Luna y Perla","og_description":"Descubre la colecci\u00f3n de productos de Arte Sagrado M\u00e9xico: joyer\u00eda y dispositivos energ\u00e9ticos elaborados con geometr\u00eda sagrada y tecnolog\u00eda Org\u00f3n para equilibrar y armonizar tu vida.","og_url":"https:\/\/artesagrado.com.mx\/en\/product\/pulsera-micro-orgon-cubo-arcangel-de-metatron-chapa-de-oro-en-piedra-luna-y-perla-tejido-negro\/","og_site_name":"Arte Sagrado","article_publisher":"https:\/\/www.facebook.com\/ArteSagradoMexico","article_modified_time":"2026-01-22T22:35:45+00:00","og_image":[{"width":1000,"height":1000,"url":"https:\/\/artesagrado.com.mx\/wp-content\/uploads\/2024\/04\/Pulsera-Micro-Orgon-Cubo-de-Metatron-con-Piedra-Luna-y-Perla_4.webp","type":"image\/webp"}],"twitter_card":"summary_large_image","twitter_misc":{"Availability":"In stock"},"schema":{"@context":"https:\/\/schema.org","@graph":[{"@type":"WebPage","@id":"https:\/\/artesagrado.com.mx\/producto\/pulsera-micro-orgon-cubo-arcangel-de-metatron-chapa-de-oro-en-piedra-luna-y-perla-tejido-negro\/","url":"https:\/\/artesagrado.com.mx\/producto\/pulsera-micro-orgon-cubo-arcangel-de-metatron-chapa-de-oro-en-piedra-luna-y-perla-tejido-negro\/","name":"Pulsera Micro org\u00f3n Arcangel de Metatr\u00f3n Chapa de Oro en Piedra Luna y Perla &#8902; Arte Sagrado","isPartOf":{"@id":"https:\/\/artesagrado.com.mx\/#website"},"primaryImageOfPage":{"@id":"https:\/\/artesagrado.com.mx\/producto\/pulsera-micro-orgon-cubo-arcangel-de-metatron-chapa-de-oro-en-piedra-luna-y-perla-tejido-negro\/#primaryimage"},"image":{"@id":"https:\/\/artesagrado.com.mx\/producto\/pulsera-micro-orgon-cubo-arcangel-de-metatron-chapa-de-oro-en-piedra-luna-y-perla-tejido-negro\/#primaryimage"},"thumbnailUrl":"https:\/\/artesagrado.com.mx\/wp-content\/uploads\/2024\/04\/Pulsera-Micro-Orgon-Cubo-de-Metatron-con-Piedra-Luna-y-Perla_4.webp","datePublished":"2024-07-23T03:00:56+00:00","dateModified":"2026-01-22T22:35:45+00:00","description":"Pulsera Micro org\u00f3n Cubo Arc\u00e1ngel de Metatr\u00f3n en Chapa de Oro con Piedra Luna y Perla. Protecci\u00f3n y elegancia del Arc\u00e1ngel Metatr\u00f3n.","breadcrumb":{"@id":"https:\/\/artesagrado.com.mx\/producto\/pulsera-micro-orgon-cubo-arcangel-de-metatron-chapa-de-oro-en-piedra-luna-y-perla-tejido-negro\/#breadcrumb"},"inLanguage":"en-US","potentialAction":[{"@type":"ReadAction","target":["https:\/\/artesagrado.com.mx\/producto\/pulsera-micro-orgon-cubo-arcangel-de-metatron-chapa-de-oro-en-piedra-luna-y-perla-tejido-negro\/"]}]},{"@type":"ImageObject","inLanguage":"en-US","@id":"https:\/\/artesagrado.com.mx\/producto\/pulsera-micro-orgon-cubo-arcangel-de-metatron-chapa-de-oro-en-piedra-luna-y-perla-tejido-negro\/#primaryimage","url":"https:\/\/artesagrado.com.mx\/wp-content\/uploads\/2024\/04\/Pulsera-Micro-Orgon-Cubo-de-Metatron-con-Piedra-Luna-y-Perla_4.webp","contentUrl":"https:\/\/artesagrado.com.mx\/wp-content\/uploads\/2024\/04\/Pulsera-Micro-Orgon-Cubo-de-Metatron-con-Piedra-Luna-y-Perla_4.webp","width":1000,"height":1000,"caption":"Pulsera Tejida Micro Org\u00f3n Cubo de Metatr\u00f3n con Piedra Luna y Perla - Vista Lateral Derecha"},{"@type":"BreadcrumbList","@id":"https:\/\/artesagrado.com.mx\/producto\/pulsera-micro-orgon-cubo-arcangel-de-metatron-chapa-de-oro-en-piedra-luna-y-perla-tejido-negro\/#breadcrumb","itemListElement":[{"@type":"ListItem","position":1,"name":"Portada","item":"https:\/\/artesagrado.com.mx\/"},{"@type":"ListItem","position":2,"name":"Tienda","item":"https:\/\/artesagrado.com.mx\/tienda\/"},{"@type":"ListItem","position":3,"name":"Pulsera Micro org\u00f3n Arcangel de Metatr\u00f3n Chapa de Oro en Piedra Luna y Perla"}]},{"@type":"WebSite","@id":"https:\/\/artesagrado.com.mx\/#website","url":"https:\/\/artesagrado.com.mx\/","name":"Arte Sagrado","description":"Empoderando tu ser","publisher":{"@id":"https:\/\/artesagrado.com.mx\/#organization"},"alternateName":"Arte Sagrado M\u00e9xico","potentialAction":[{"@type":"SearchAction","target":{"@type":"EntryPoint","urlTemplate":"https:\/\/artesagrado.com.mx\/?s={search_term_string}"},"query-input":{"@type":"PropertyValueSpecification","valueRequired":true,"valueName":"search_term_string"}}],"inLanguage":"en-US"},{"@type":"Organization","@id":"https:\/\/artesagrado.com.mx\/#organization","name":"Arte Sagrado","alternateName":"Arte Sagrado M\u00e9xico","url":"https:\/\/artesagrado.com.mx\/","logo":{"@type":"ImageObject","inLanguage":"en-US","@id":"https:\/\/artesagrado.com.mx\/#\/schema\/logo\/image\/","url":"https:\/\/artesagrado.com.mx\/wp-content\/uploads\/2024\/07\/portada_cuadrada_base_arte-sagrado.webp","contentUrl":"https:\/\/artesagrado.com.mx\/wp-content\/uploads\/2024\/07\/portada_cuadrada_base_arte-sagrado.webp","width":1000,"height":1000,"caption":"Arte Sagrado"},"image":{"@id":"https:\/\/artesagrado.com.mx\/#\/schema\/logo\/image\/"},"sameAs":["https:\/\/www.facebook.com\/ArteSagradoMexico","https:\/\/www.instagram.com\/arte_sagrado_oficial\/","https:\/\/www.tiktok.com\/@arte_sagrado_oficial"],"description":"Arte Sagrado\u00ae es un proyecto pensado, sentido y accionado al servicio de la humanidad y la conciencia. Nacemos en tiempos precisos donde la luz y el recuerdo de nuestra grandeza, empiezan a resplandecer; es por eso que nuestro proyecto se enfoca y especializa en contribuir con informaci\u00f3n y conocimiento de los arquetipos originales y el lenguaje de la geometr\u00eda sagrada.","publishingPrinciples":"https:\/\/artesagrado.com.mx\/conoce-a-arte-sagrado\/"}]},"og_availability":"instock","product_availability":"instock","product_condition":"new"},"jetpack_sharing_enabled":true,"_links":{"self":[{"href":"https:\/\/artesagrado.com.mx\/en\/wp-json\/wp\/v2\/product\/42379","targetHints":{"allow":["GET"]}}],"collection":[{"href":"https:\/\/artesagrado.com.mx\/en\/wp-json\/wp\/v2\/product"}],"about":[{"href":"https:\/\/artesagrado.com.mx\/en\/wp-json\/wp\/v2\/types\/product"}],"replies":[{"embeddable":true,"href":"https:\/\/artesagrado.com.mx\/en\/wp-json\/wp\/v2\/comments?post=42379"}],"wp:featuredmedia":[{"embeddable":true,"href":"https:\/\/artesagrado.com.mx\/en\/wp-json\/wp\/v2\/media\/41746"}],"wp:attachment":[{"href":"https:\/\/artesagrado.com.mx\/en\/wp-json\/wp\/v2\/media?parent=42379"}],"wp:term":[{"taxonomy":"astrologia","embeddable":true,"href":"https:\/\/artesagrado.com.mx\/en\/wp-json\/wp\/v2\/astrologia?post=42379"},{"taxonomy":"coleccion","embeddable":true,"href":"https:\/\/artesagrado.com.mx\/en\/wp-json\/wp\/v2\/coleccion?post=42379"},{"taxonomy":"joyeria","embeddable":true,"href":"https:\/\/artesagrado.com.mx\/en\/wp-json\/wp\/v2\/joyeria?post=42379"},{"taxonomy":"linea","embeddable":true,"href":"https:\/\/artesagrado.com.mx\/en\/wp-json\/wp\/v2\/linea?post=42379"},{"taxonomy":"material","embeddable":true,"href":"https:\/\/artesagrado.com.mx\/en\/wp-json\/wp\/v2\/material?post=42379"},{"taxonomy":"orgonita","embeddable":true,"href":"https:\/\/artesagrado.com.mx\/en\/wp-json\/wp\/v2\/orgonita?post=42379"},{"taxonomy":"piedra","embeddable":true,"href":"https:\/\/artesagrado.com.mx\/en\/wp-json\/wp\/v2\/piedra?post=42379"},{"taxonomy":"proposito","embeddable":true,"href":"https:\/\/artesagrado.com.mx\/en\/wp-json\/wp\/v2\/proposito?post=42379"},{"taxonomy":"simbolo","embeddable":true,"href":"https:\/\/artesagrado.com.mx\/en\/wp-json\/wp\/v2\/simbolo?post=42379"},{"taxonomy":"tamano","embeddable":true,"href":"https:\/\/artesagrado.com.mx\/en\/wp-json\/wp\/v2\/tamano?post=42379"},{"taxonomy":"visibilidad-producto-nuevo","embeddable":true,"href":"https:\/\/artesagrado.com.mx\/en\/wp-json\/wp\/v2\/visibilidad-producto-nuevo?post=42379"},{"taxonomy":"product_brand","embeddable":true,"href":"https:\/\/artesagrado.com.mx\/en\/wp-json\/wp\/v2\/product_brand?post=42379"},{"taxonomy":"product_cat","embeddable":true,"href":"https:\/\/artesagrado.com.mx\/en\/wp-json\/wp\/v2\/product_cat?post=42379"},{"taxonomy":"product_tag","embeddable":true,"href":"https:\/\/artesagrado.com.mx\/en\/wp-json\/wp\/v2\/product_tag?post=42379"}],"curies":[{"name":"wp","href":"https:\/\/api.w.org\/{rel}","templated":true}]}}