{"id":43768,"date":"2024-08-02T11:35:49","date_gmt":"2024-08-02T17:35:49","guid":{"rendered":"https:\/\/artesagrado.com.mx\/?post_type=product&#038;p=43768"},"modified":"2026-01-22T16:35:32","modified_gmt":"2026-01-22T22:35:32","slug":"collar-orgon-flor-de-la-vida-en-plata-0-925-y-semilla-de-la-vida-en-chapa-de-oro-con-turmalina-shungita-y-obsidiana","status":"publish","type":"product","link":"https:\/\/artesagrado.com.mx\/en\/product\/collar-orgon-flor-de-la-vida-en-plata-0-925-y-semilla-de-la-vida-en-chapa-de-oro-con-turmalina-shungita-y-obsidiana\/","title":{"rendered":"Orgone Flower of Life Necklace in Silver 0.925 and Seed of Life in Gold Plate with Black Tourmaline, Shungite and Black Obsidian"},"content":{"rendered":"<p>This beautiful and unique orgone necklace is the special edition with which we commemorate our \"Tenth Anniversary\".<\/p>\n<p>A Work of Power with a double symbol; Seed of Life Gold Plate and Flower of Life Silver 0.925 and triple protection stone \"Black Tourmaline \u2013 Black Obsidian \u2013 Shungite\".<\/p>\n<p>With two symbols of sacred geometry superimposed that synchronize in harmony and perfection. The complementation of the masculine and the feminine. (Gold and Silver plate). We achieve an exquisite and complete work that gives you high protection and promotes the inner development and expansion of your Consciousness through its archetypal codes.<\/p>","protected":false},"excerpt":{"rendered":"<p><strong>Tourmaline Quartz, Shungite, Obsidian, Seed of Life, Flower of Life,<\/strong>\u00a0<\/p>\n<p><strong>Potencia Org\u00f3n: 1 Metro<\/strong><\/p>\n<ul>\n<li>Made of triple protection stone \"Black Tourmaline, Obsidian, Shungite\"<\/li>\n<li>Double symbol Seed of Life Gold Plate, Flower of Life Silver 0.925<\/li>\n<\/ul>\n<p>NOTE: Due to their nature, some of the pieces that make up this necklace may vary in detail, tone and color.<\/p>","protected":false},"featured_media":43771,"comment_status":"open","ping_status":"closed","template":"","meta":{"_acf_changed":false,"site-sidebar-layout":"default","site-content-layout":"","ast-site-content-layout":"default","site-content-style":"default","site-sidebar-style":"default","ast-global-header-display":"","ast-banner-title-visibility":"","ast-main-header-display":"","ast-hfb-above-header-display":"","ast-hfb-below-header-display":"","ast-hfb-mobile-header-display":"","site-post-title":"","ast-breadcrumbs-content":"","ast-featured-img":"","footer-sml-layout":"","ast-disable-related-posts":"","theme-transparent-header-meta":"default","adv-header-id-meta":"","stick-header-meta":"","header-above-stick-meta":"","header-main-stick-meta":"","header-below-stick-meta":"","astra-migrate-meta-layouts":"set","ast-page-background-enabled":"default","ast-page-background-meta":{"desktop":{"background-color":"var(--ast-global-color-4)","background-image":"","background-repeat":"repeat","background-position":"center center","background-size":"auto","background-attachment":"scroll","background-type":"","background-media":"","overlay-type":"","overlay-color":"","overlay-opacity":"","overlay-gradient":""},"tablet":{"background-color":"","background-image":"","background-repeat":"repeat","background-position":"center center","background-size":"auto","background-attachment":"scroll","background-type":"","background-media":"","overlay-type":"","overlay-color":"","overlay-opacity":"","overlay-gradient":""},"mobile":{"background-color":"","background-image":"","background-repeat":"repeat","background-position":"center center","background-size":"auto","background-attachment":"scroll","background-type":"","background-media":"","overlay-type":"","overlay-color":"","overlay-opacity":"","overlay-gradient":""}},"ast-content-background-meta":{"desktop":{"background-color":"var(--ast-global-color-5)","background-image":"","background-repeat":"repeat","background-position":"center center","background-size":"auto","background-attachment":"scroll","background-type":"","background-media":"","overlay-type":"","overlay-color":"","overlay-opacity":"","overlay-gradient":""},"tablet":{"background-color":"var(--ast-global-color-5)","background-image":"","background-repeat":"repeat","background-position":"center center","background-size":"auto","background-attachment":"scroll","background-type":"","background-media":"","overlay-type":"","overlay-color":"","overlay-opacity":"","overlay-gradient":""},"mobile":{"background-color":"var(--ast-global-color-5)","background-image":"","background-repeat":"repeat","background-position":"center center","background-size":"auto","background-attachment":"scroll","background-type":"","background-media":"","overlay-type":"","overlay-color":"","overlay-opacity":"","overlay-gradient":""}},"_joinchat":{"telephone":"+522215256867"}},"astrologia":[],"coleccion":[],"joyeria":[1577,1578,1581,1582],"linea":[],"material":[2225,2231,2342,2227,2226],"orgonita":[1596,1599,1633],"piedra":[822,901,909,906],"proposito":[686,2446,817,1785,1685],"simbolo":[834,848],"tamano":[810],"visibilidad-producto-nuevo":[],"product_brand":[],"product_cat":[1618,1610],"product_tag":[],"class_list":{"0":"post-43768","1":"product","2":"type-product","3":"status-publish","4":"has-post-thumbnail","6":"joyeria-collares","7":"joyeria-collares-de-chapa-de-oro","8":"joyeria-collares-de-plata","9":"joyeria-collares-orgon","10":"material-acero-inoxidable","11":"material-chapa-de-oro","12":"material-cuarzo","13":"material-plata","14":"material-tela","15":"orgonita-collar-orgon","16":"orgonita-collar-orgon-mediano","17":"orgonita-joyeria","18":"piedra-obsidiana-negra","19":"piedra-plata","20":"piedra-shungita","21":"piedra-turmalina-negra","22":"proposito-alta-proteccion","23":"proposito-autoconfianza","24":"proposito-conexion-universal","25":"proposito-contencion","26":"proposito-proteccion","27":"simbolo-flor-de-la-vida","28":"simbolo-semilla-de-la-vida","29":"tamano-mediano","30":"product_cat-joyeria","31":"product_cat-orgonitas","32":"pa_cuarzos-aguamarina","33":"pa_material-plata","34":"pa_simbolo-acuario","35":"desktop-align-left","36":"tablet-align-left","37":"mobile-align-left","39":"first","40":"outofstock","41":"featured","42":"purchasable","43":"product-type-variable","44":"has-default-attributes","45":"wvs-archive-product-wrapper"},"acf":[],"yoast_head":"<!-- This site is optimized with the Yoast SEO Premium plugin v24.9 (Yoast SEO v24.9) - https:\/\/yoast.com\/wordpress\/plugins\/seo\/ -->\n<title>Collar Orgon Flor de la Vida en Plata 0.925 y Semilla de la Vida en Chapa de Oro con Turmalina, Shungita y Obsidiana &#8902; Arte Sagrado<\/title>\n<meta name=\"description\" content=\"Collar Orgon Flor de la Vida en Plata 0.925 y Semilla de la Vida en Chapa de Oro con Turmalina, Shungita y Obsidiana Negra para Alta Protecci\u00f3n energ\u00e9tica.\" \/>\n<meta name=\"robots\" content=\"index, follow, max-snippet:-1, max-image-preview:large, max-video-preview:-1\" \/>\n<link rel=\"canonical\" href=\"https:\/\/artesagrado.com.mx\/en\/product\/collar-orgon-flor-de-la-vida-en-plata-0-925-y-semilla-de-la-vida-en-chapa-de-oro-con-turmalina-shungita-y-obsidiana\/\" \/>\n<meta property=\"og:locale\" content=\"en_US\" \/>\n<meta property=\"og:type\" content=\"article\" \/>\n<meta property=\"og:title\" content=\"Collar Orgon Flor de la Vida en Plata 0.925 y Semilla de la Vida en Chapa de Oro con Turmalina, Shungita y Obsidiana\" \/>\n<meta property=\"og:description\" content=\"Descubre la colecci\u00f3n de productos de Arte Sagrado M\u00e9xico: joyer\u00eda y dispositivos energ\u00e9ticos elaborados con geometr\u00eda sagrada y tecnolog\u00eda Org\u00f3n para equilibrar y armonizar tu vida.\" \/>\n<meta property=\"og:url\" content=\"https:\/\/artesagrado.com.mx\/en\/product\/collar-orgon-flor-de-la-vida-en-plata-0-925-y-semilla-de-la-vida-en-chapa-de-oro-con-turmalina-shungita-y-obsidiana\/\" \/>\n<meta property=\"og:site_name\" content=\"Arte Sagrado\" \/>\n<meta property=\"article:publisher\" content=\"https:\/\/www.facebook.com\/ArteSagradoMexico\" \/>\n<meta property=\"article:modified_time\" content=\"2026-01-22T22:35:32+00:00\" \/>\n<meta property=\"og:image\" content=\"https:\/\/artesagrado.com.mx\/wp-content\/uploads\/2024\/08\/Collar-Orgon-Flor-de-la-Vida-en-Plata-0.925-y-Semilla-de-la-Vida-en-Chapa-de-Oro-con-Turmalina-Shungita-y-Obsidiana_3.webp\" \/>\n\t<meta property=\"og:image:width\" content=\"1000\" \/>\n\t<meta property=\"og:image:height\" content=\"1000\" \/>\n\t<meta property=\"og:image:type\" content=\"image\/webp\" \/>\n<meta name=\"twitter:card\" content=\"summary_large_image\" \/>\n<meta name=\"twitter:label1\" content=\"Availability\" \/>\n\t<meta name=\"twitter:data1\" content=\"Out of stock\" \/>\n<script type=\"application\/ld+json\" class=\"yoast-schema-graph\">{\"@context\":\"https:\/\/schema.org\",\"@graph\":[{\"@type\":\"WebPage\",\"@id\":\"https:\/\/artesagrado.com.mx\/producto\/collar-orgon-flor-de-la-vida-en-plata-0-925-y-semilla-de-la-vida-en-chapa-de-oro-con-turmalina-shungita-y-obsidiana\/\",\"url\":\"https:\/\/artesagrado.com.mx\/producto\/collar-orgon-flor-de-la-vida-en-plata-0-925-y-semilla-de-la-vida-en-chapa-de-oro-con-turmalina-shungita-y-obsidiana\/\",\"name\":\"Collar Orgon Flor de la Vida en Plata 0.925 y Semilla de la Vida en Chapa de Oro con Turmalina, Shungita y Obsidiana &#8902; Arte Sagrado\",\"isPartOf\":{\"@id\":\"https:\/\/artesagrado.com.mx\/#website\"},\"primaryImageOfPage\":{\"@id\":\"https:\/\/artesagrado.com.mx\/producto\/collar-orgon-flor-de-la-vida-en-plata-0-925-y-semilla-de-la-vida-en-chapa-de-oro-con-turmalina-shungita-y-obsidiana\/#primaryimage\"},\"image\":{\"@id\":\"https:\/\/artesagrado.com.mx\/producto\/collar-orgon-flor-de-la-vida-en-plata-0-925-y-semilla-de-la-vida-en-chapa-de-oro-con-turmalina-shungita-y-obsidiana\/#primaryimage\"},\"thumbnailUrl\":\"https:\/\/artesagrado.com.mx\/wp-content\/uploads\/2024\/08\/Collar-Orgon-Flor-de-la-Vida-en-Plata-0.925-y-Semilla-de-la-Vida-en-Chapa-de-Oro-con-Turmalina-Shungita-y-Obsidiana_3.webp\",\"datePublished\":\"2024-08-02T17:35:49+00:00\",\"dateModified\":\"2026-01-22T22:35:32+00:00\",\"description\":\"Collar Orgon Flor de la Vida en Plata 0.925 y Semilla de la Vida en Chapa de Oro con Turmalina, Shungita y Obsidiana Negra para Alta Protecci\u00f3n energ\u00e9tica.\",\"breadcrumb\":{\"@id\":\"https:\/\/artesagrado.com.mx\/producto\/collar-orgon-flor-de-la-vida-en-plata-0-925-y-semilla-de-la-vida-en-chapa-de-oro-con-turmalina-shungita-y-obsidiana\/#breadcrumb\"},\"inLanguage\":\"en-US\",\"potentialAction\":[{\"@type\":\"ReadAction\",\"target\":[\"https:\/\/artesagrado.com.mx\/producto\/collar-orgon-flor-de-la-vida-en-plata-0-925-y-semilla-de-la-vida-en-chapa-de-oro-con-turmalina-shungita-y-obsidiana\/\"]}]},{\"@type\":\"ImageObject\",\"inLanguage\":\"en-US\",\"@id\":\"https:\/\/artesagrado.com.mx\/producto\/collar-orgon-flor-de-la-vida-en-plata-0-925-y-semilla-de-la-vida-en-chapa-de-oro-con-turmalina-shungita-y-obsidiana\/#primaryimage\",\"url\":\"https:\/\/artesagrado.com.mx\/wp-content\/uploads\/2024\/08\/Collar-Orgon-Flor-de-la-Vida-en-Plata-0.925-y-Semilla-de-la-Vida-en-Chapa-de-Oro-con-Turmalina-Shungita-y-Obsidiana_3.webp\",\"contentUrl\":\"https:\/\/artesagrado.com.mx\/wp-content\/uploads\/2024\/08\/Collar-Orgon-Flor-de-la-Vida-en-Plata-0.925-y-Semilla-de-la-Vida-en-Chapa-de-Oro-con-Turmalina-Shungita-y-Obsidiana_3.webp\",\"width\":1000,\"height\":1000},{\"@type\":\"BreadcrumbList\",\"@id\":\"https:\/\/artesagrado.com.mx\/producto\/collar-orgon-flor-de-la-vida-en-plata-0-925-y-semilla-de-la-vida-en-chapa-de-oro-con-turmalina-shungita-y-obsidiana\/#breadcrumb\",\"itemListElement\":[{\"@type\":\"ListItem\",\"position\":1,\"name\":\"Portada\",\"item\":\"https:\/\/artesagrado.com.mx\/\"},{\"@type\":\"ListItem\",\"position\":2,\"name\":\"Tienda\",\"item\":\"https:\/\/artesagrado.com.mx\/tienda\/\"},{\"@type\":\"ListItem\",\"position\":3,\"name\":\"Collar Orgon Flor de la Vida en Plata 0.925 y Semilla de la Vida en Chapa de Oro con Turmalina, Shungita y Obsidiana\"}]},{\"@type\":\"WebSite\",\"@id\":\"https:\/\/artesagrado.com.mx\/#website\",\"url\":\"https:\/\/artesagrado.com.mx\/\",\"name\":\"Arte Sagrado\",\"description\":\"Empoderando tu ser\",\"publisher\":{\"@id\":\"https:\/\/artesagrado.com.mx\/#organization\"},\"alternateName\":\"Arte Sagrado M\u00e9xico\",\"potentialAction\":[{\"@type\":\"SearchAction\",\"target\":{\"@type\":\"EntryPoint\",\"urlTemplate\":\"https:\/\/artesagrado.com.mx\/?s={search_term_string}\"},\"query-input\":{\"@type\":\"PropertyValueSpecification\",\"valueRequired\":true,\"valueName\":\"search_term_string\"}}],\"inLanguage\":\"en-US\"},{\"@type\":\"Organization\",\"@id\":\"https:\/\/artesagrado.com.mx\/#organization\",\"name\":\"Arte Sagrado\",\"alternateName\":\"Arte Sagrado M\u00e9xico\",\"url\":\"https:\/\/artesagrado.com.mx\/\",\"logo\":{\"@type\":\"ImageObject\",\"inLanguage\":\"en-US\",\"@id\":\"https:\/\/artesagrado.com.mx\/#\/schema\/logo\/image\/\",\"url\":\"https:\/\/artesagrado.com.mx\/wp-content\/uploads\/2024\/07\/portada_cuadrada_base_arte-sagrado.webp\",\"contentUrl\":\"https:\/\/artesagrado.com.mx\/wp-content\/uploads\/2024\/07\/portada_cuadrada_base_arte-sagrado.webp\",\"width\":1000,\"height\":1000,\"caption\":\"Arte Sagrado\"},\"image\":{\"@id\":\"https:\/\/artesagrado.com.mx\/#\/schema\/logo\/image\/\"},\"sameAs\":[\"https:\/\/www.facebook.com\/ArteSagradoMexico\",\"https:\/\/www.instagram.com\/arte_sagrado_oficial\/\",\"https:\/\/www.tiktok.com\/@arte_sagrado_oficial\"],\"description\":\"Arte Sagrado\u00ae es un proyecto pensado, sentido y accionado al servicio de la humanidad y la conciencia. Nacemos en tiempos precisos donde la luz y el recuerdo de nuestra grandeza, empiezan a resplandecer; es por eso que nuestro proyecto se enfoca y especializa en contribuir con informaci\u00f3n y conocimiento de los arquetipos originales y el lenguaje de la geometr\u00eda sagrada.\",\"publishingPrinciples\":\"https:\/\/artesagrado.com.mx\/conoce-a-arte-sagrado\/\"}]}<\/script>\n<meta property=\"og:availability\" content=\"out of stock\" \/>\n<meta property=\"product:availability\" content=\"out of stock\" \/>\n<meta property=\"product:retailer_item_id\" content=\"f15b6016ea8a-1\" \/>\n<meta property=\"product:condition\" content=\"new\" \/>\n<!-- \/ Yoast SEO Premium plugin. -->","yoast_head_json":{"title":"Collar Orgon Flor de la Vida en Plata 0.925 y Semilla de la Vida en Chapa de Oro con Turmalina, Shungita y Obsidiana &#8902; Arte Sagrado","description":"Collar Orgon Flor de la Vida en Plata 0.925 y Semilla de la Vida en Chapa de Oro con Turmalina, Shungita y Obsidiana Negra para Alta Protecci\u00f3n energ\u00e9tica.","robots":{"index":"index","follow":"follow","max-snippet":"max-snippet:-1","max-image-preview":"max-image-preview:large","max-video-preview":"max-video-preview:-1"},"canonical":"https:\/\/artesagrado.com.mx\/en\/product\/collar-orgon-flor-de-la-vida-en-plata-0-925-y-semilla-de-la-vida-en-chapa-de-oro-con-turmalina-shungita-y-obsidiana\/","og_locale":"en_US","og_type":"article","og_title":"Collar Orgon Flor de la Vida en Plata 0.925 y Semilla de la Vida en Chapa de Oro con Turmalina, Shungita y Obsidiana","og_description":"Descubre la colecci\u00f3n de productos de Arte Sagrado M\u00e9xico: joyer\u00eda y dispositivos energ\u00e9ticos elaborados con geometr\u00eda sagrada y tecnolog\u00eda Org\u00f3n para equilibrar y armonizar tu vida.","og_url":"https:\/\/artesagrado.com.mx\/en\/product\/collar-orgon-flor-de-la-vida-en-plata-0-925-y-semilla-de-la-vida-en-chapa-de-oro-con-turmalina-shungita-y-obsidiana\/","og_site_name":"Arte Sagrado","article_publisher":"https:\/\/www.facebook.com\/ArteSagradoMexico","article_modified_time":"2026-01-22T22:35:32+00:00","og_image":[{"width":1000,"height":1000,"url":"https:\/\/artesagrado.com.mx\/wp-content\/uploads\/2024\/08\/Collar-Orgon-Flor-de-la-Vida-en-Plata-0.925-y-Semilla-de-la-Vida-en-Chapa-de-Oro-con-Turmalina-Shungita-y-Obsidiana_3.webp","type":"image\/webp"}],"twitter_card":"summary_large_image","twitter_misc":{"Availability":"Out of stock"},"schema":{"@context":"https:\/\/schema.org","@graph":[{"@type":"WebPage","@id":"https:\/\/artesagrado.com.mx\/producto\/collar-orgon-flor-de-la-vida-en-plata-0-925-y-semilla-de-la-vida-en-chapa-de-oro-con-turmalina-shungita-y-obsidiana\/","url":"https:\/\/artesagrado.com.mx\/producto\/collar-orgon-flor-de-la-vida-en-plata-0-925-y-semilla-de-la-vida-en-chapa-de-oro-con-turmalina-shungita-y-obsidiana\/","name":"Collar Orgon Flor de la Vida en Plata 0.925 y Semilla de la Vida en Chapa de Oro con Turmalina, Shungita y Obsidiana &#8902; Arte Sagrado","isPartOf":{"@id":"https:\/\/artesagrado.com.mx\/#website"},"primaryImageOfPage":{"@id":"https:\/\/artesagrado.com.mx\/producto\/collar-orgon-flor-de-la-vida-en-plata-0-925-y-semilla-de-la-vida-en-chapa-de-oro-con-turmalina-shungita-y-obsidiana\/#primaryimage"},"image":{"@id":"https:\/\/artesagrado.com.mx\/producto\/collar-orgon-flor-de-la-vida-en-plata-0-925-y-semilla-de-la-vida-en-chapa-de-oro-con-turmalina-shungita-y-obsidiana\/#primaryimage"},"thumbnailUrl":"https:\/\/artesagrado.com.mx\/wp-content\/uploads\/2024\/08\/Collar-Orgon-Flor-de-la-Vida-en-Plata-0.925-y-Semilla-de-la-Vida-en-Chapa-de-Oro-con-Turmalina-Shungita-y-Obsidiana_3.webp","datePublished":"2024-08-02T17:35:49+00:00","dateModified":"2026-01-22T22:35:32+00:00","description":"Collar Orgon Flor de la Vida en Plata 0.925 y Semilla de la Vida en Chapa de Oro con Turmalina, Shungita y Obsidiana Negra para Alta Protecci\u00f3n energ\u00e9tica.","breadcrumb":{"@id":"https:\/\/artesagrado.com.mx\/producto\/collar-orgon-flor-de-la-vida-en-plata-0-925-y-semilla-de-la-vida-en-chapa-de-oro-con-turmalina-shungita-y-obsidiana\/#breadcrumb"},"inLanguage":"en-US","potentialAction":[{"@type":"ReadAction","target":["https:\/\/artesagrado.com.mx\/producto\/collar-orgon-flor-de-la-vida-en-plata-0-925-y-semilla-de-la-vida-en-chapa-de-oro-con-turmalina-shungita-y-obsidiana\/"]}]},{"@type":"ImageObject","inLanguage":"en-US","@id":"https:\/\/artesagrado.com.mx\/producto\/collar-orgon-flor-de-la-vida-en-plata-0-925-y-semilla-de-la-vida-en-chapa-de-oro-con-turmalina-shungita-y-obsidiana\/#primaryimage","url":"https:\/\/artesagrado.com.mx\/wp-content\/uploads\/2024\/08\/Collar-Orgon-Flor-de-la-Vida-en-Plata-0.925-y-Semilla-de-la-Vida-en-Chapa-de-Oro-con-Turmalina-Shungita-y-Obsidiana_3.webp","contentUrl":"https:\/\/artesagrado.com.mx\/wp-content\/uploads\/2024\/08\/Collar-Orgon-Flor-de-la-Vida-en-Plata-0.925-y-Semilla-de-la-Vida-en-Chapa-de-Oro-con-Turmalina-Shungita-y-Obsidiana_3.webp","width":1000,"height":1000},{"@type":"BreadcrumbList","@id":"https:\/\/artesagrado.com.mx\/producto\/collar-orgon-flor-de-la-vida-en-plata-0-925-y-semilla-de-la-vida-en-chapa-de-oro-con-turmalina-shungita-y-obsidiana\/#breadcrumb","itemListElement":[{"@type":"ListItem","position":1,"name":"Portada","item":"https:\/\/artesagrado.com.mx\/"},{"@type":"ListItem","position":2,"name":"Tienda","item":"https:\/\/artesagrado.com.mx\/tienda\/"},{"@type":"ListItem","position":3,"name":"Collar Orgon Flor de la Vida en Plata 0.925 y Semilla de la Vida en Chapa de Oro con Turmalina, Shungita y Obsidiana"}]},{"@type":"WebSite","@id":"https:\/\/artesagrado.com.mx\/#website","url":"https:\/\/artesagrado.com.mx\/","name":"Arte Sagrado","description":"Empoderando tu ser","publisher":{"@id":"https:\/\/artesagrado.com.mx\/#organization"},"alternateName":"Arte Sagrado M\u00e9xico","potentialAction":[{"@type":"SearchAction","target":{"@type":"EntryPoint","urlTemplate":"https:\/\/artesagrado.com.mx\/?s={search_term_string}"},"query-input":{"@type":"PropertyValueSpecification","valueRequired":true,"valueName":"search_term_string"}}],"inLanguage":"en-US"},{"@type":"Organization","@id":"https:\/\/artesagrado.com.mx\/#organization","name":"Arte Sagrado","alternateName":"Arte Sagrado M\u00e9xico","url":"https:\/\/artesagrado.com.mx\/","logo":{"@type":"ImageObject","inLanguage":"en-US","@id":"https:\/\/artesagrado.com.mx\/#\/schema\/logo\/image\/","url":"https:\/\/artesagrado.com.mx\/wp-content\/uploads\/2024\/07\/portada_cuadrada_base_arte-sagrado.webp","contentUrl":"https:\/\/artesagrado.com.mx\/wp-content\/uploads\/2024\/07\/portada_cuadrada_base_arte-sagrado.webp","width":1000,"height":1000,"caption":"Arte Sagrado"},"image":{"@id":"https:\/\/artesagrado.com.mx\/#\/schema\/logo\/image\/"},"sameAs":["https:\/\/www.facebook.com\/ArteSagradoMexico","https:\/\/www.instagram.com\/arte_sagrado_oficial\/","https:\/\/www.tiktok.com\/@arte_sagrado_oficial"],"description":"Arte Sagrado\u00ae es un proyecto pensado, sentido y accionado al servicio de la humanidad y la conciencia. Nacemos en tiempos precisos donde la luz y el recuerdo de nuestra grandeza, empiezan a resplandecer; es por eso que nuestro proyecto se enfoca y especializa en contribuir con informaci\u00f3n y conocimiento de los arquetipos originales y el lenguaje de la geometr\u00eda sagrada.","publishingPrinciples":"https:\/\/artesagrado.com.mx\/conoce-a-arte-sagrado\/"}]},"og_availability":"out of stock","product_availability":"out of stock","product_retailer_item_id":"f15b6016ea8a-1","product_condition":"new"},"jetpack_sharing_enabled":true,"_links":{"self":[{"href":"https:\/\/artesagrado.com.mx\/en\/wp-json\/wp\/v2\/product\/43768","targetHints":{"allow":["GET"]}}],"collection":[{"href":"https:\/\/artesagrado.com.mx\/en\/wp-json\/wp\/v2\/product"}],"about":[{"href":"https:\/\/artesagrado.com.mx\/en\/wp-json\/wp\/v2\/types\/product"}],"replies":[{"embeddable":true,"href":"https:\/\/artesagrado.com.mx\/en\/wp-json\/wp\/v2\/comments?post=43768"}],"wp:featuredmedia":[{"embeddable":true,"href":"https:\/\/artesagrado.com.mx\/en\/wp-json\/wp\/v2\/media\/43771"}],"wp:attachment":[{"href":"https:\/\/artesagrado.com.mx\/en\/wp-json\/wp\/v2\/media?parent=43768"}],"wp:term":[{"taxonomy":"astrologia","embeddable":true,"href":"https:\/\/artesagrado.com.mx\/en\/wp-json\/wp\/v2\/astrologia?post=43768"},{"taxonomy":"coleccion","embeddable":true,"href":"https:\/\/artesagrado.com.mx\/en\/wp-json\/wp\/v2\/coleccion?post=43768"},{"taxonomy":"joyeria","embeddable":true,"href":"https:\/\/artesagrado.com.mx\/en\/wp-json\/wp\/v2\/joyeria?post=43768"},{"taxonomy":"linea","embeddable":true,"href":"https:\/\/artesagrado.com.mx\/en\/wp-json\/wp\/v2\/linea?post=43768"},{"taxonomy":"material","embeddable":true,"href":"https:\/\/artesagrado.com.mx\/en\/wp-json\/wp\/v2\/material?post=43768"},{"taxonomy":"orgonita","embeddable":true,"href":"https:\/\/artesagrado.com.mx\/en\/wp-json\/wp\/v2\/orgonita?post=43768"},{"taxonomy":"piedra","embeddable":true,"href":"https:\/\/artesagrado.com.mx\/en\/wp-json\/wp\/v2\/piedra?post=43768"},{"taxonomy":"proposito","embeddable":true,"href":"https:\/\/artesagrado.com.mx\/en\/wp-json\/wp\/v2\/proposito?post=43768"},{"taxonomy":"simbolo","embeddable":true,"href":"https:\/\/artesagrado.com.mx\/en\/wp-json\/wp\/v2\/simbolo?post=43768"},{"taxonomy":"tamano","embeddable":true,"href":"https:\/\/artesagrado.com.mx\/en\/wp-json\/wp\/v2\/tamano?post=43768"},{"taxonomy":"visibilidad-producto-nuevo","embeddable":true,"href":"https:\/\/artesagrado.com.mx\/en\/wp-json\/wp\/v2\/visibilidad-producto-nuevo?post=43768"},{"taxonomy":"product_brand","embeddable":true,"href":"https:\/\/artesagrado.com.mx\/en\/wp-json\/wp\/v2\/product_brand?post=43768"},{"taxonomy":"product_cat","embeddable":true,"href":"https:\/\/artesagrado.com.mx\/en\/wp-json\/wp\/v2\/product_cat?post=43768"},{"taxonomy":"product_tag","embeddable":true,"href":"https:\/\/artesagrado.com.mx\/en\/wp-json\/wp\/v2\/product_tag?post=43768"}],"curies":[{"name":"wp","href":"https:\/\/api.w.org\/{rel}","templated":true}]}}