{"id":44937,"date":"2025-04-23T17:22:12","date_gmt":"2025-04-23T23:22:12","guid":{"rendered":"https:\/\/artesagrado.com.mx\/?post_type=product&#038;p=44937"},"modified":"2026-01-22T16:30:30","modified_gmt":"2026-01-22T22:30:30","slug":"collar-micro-orgon-vesica-piscis-en-chapa-de-oro-de-14k-con-jade-imperial-y-swarovski","status":"publish","type":"product","link":"https:\/\/artesagrado.com.mx\/en\/product\/collar-micro-orgon-vesica-piscis-en-chapa-de-oro-de-14k-con-jade-imperial-y-swarovski\/","title":{"rendered":"Micro Orgone Necklace Vesica Piscis in 14K Gold Plated with Imperial Jade and Swarovski"},"content":{"rendered":"<p>Dr. Willheim Reich described the<strong> Orgone<\/strong> as the cosmic energy that is part of all living matter. The name comes from \"organism and orgasm\", which refers to the vital energy and creative power.<\/p>\n<p>An Orgone generator or energy transmuter is a compact and solid structure made to stimulate the piezoelectric properties of its materials and thus attract, accumulate, order and enhance the energy present, transforming the negative and chaotic electromagnetic waves into vital energy, harmonized and in perfect harmony with nature, which is reflected in restorative biological effects, which is why it has been used for therapeutic purposes due to its benefits in a wide range of applications.<\/p>\n<p>&nbsp;<\/p>\n<p>The <strong>Vesica Pisces<\/strong> represents the union of two opposing forces, such as male and female, heaven and earth, or the spiritual and the material. Through their intersection, it symbolizes the creation of a new reality or the unity that emerges from duality.<\/p>\n<p>Vesica Pisces represents the first demonstration of true love, the first separation and dissolution of the ego to find the other in me and to allow myself to be found in the other.<\/p>\n<p>It is the root and primordial pattern for the construction of the flower of life; the continuous separation of divinity to build creation in a perfect balance between unity and the whole.<\/p>\n<p>&nbsp;<\/p>\n<p>The <strong>Imperial Jade<\/strong> is the most coveted and most valuable variant of this stone, distinguished by its intense color and dark green veins.  This stone protects and brings deep harmony. It is well known for its metaphysical magic and is often used as a tool for emotional healing, dream work and connection to higher realms.<\/p>\n<p>Jade is also a good luck charm, a talisman to welcome abundance and a stone of peace and sublime well-being. Symbol of purity, serenity and wisdom. It is also appreciated by shamans and therapists as a medicine stone.<\/p>\n<p>It has an excellent channeling factor of energies, thus removing negative energies and harmonizing the environment, producing a sense of calm.<\/p>\n<p>Ancient cultures whispered that jade was a stone of dreams. It is related to the heart chakra, to love and harmony.<\/p>","protected":false},"excerpt":{"rendered":"<p><strong>Vesica Pisces, Gold Plated, Imperial Jade and Swarovski<\/strong><\/p>\n<p>We create your micro orgone necklace through 33 artisanal processes of refinement and energetics.<\/p>\n<p><b>Orgone Power: Personal<\/b><\/p>\n<ul>\n<li>Orgone 2 cm in diameter and 7 mm thick.<\/li>\n<li>Copper machinery and aluminum or bronze base.<\/li>\n<li>Symbol and details in 14k gold plate.<\/li>\n<li>Stainless steel chain or adjustable fabric cord.<\/li>\n<li>Discreet, comfortable, elegant protection.<\/li>\n<\/ul>\n<p>NOTE: Due to their nature, some of the pieces that make up this work of power may vary in detail, tone and color.<\/p>","protected":false},"featured_media":44941,"comment_status":"closed","ping_status":"closed","template":"","meta":{"_acf_changed":false,"site-sidebar-layout":"default","site-content-layout":"","ast-site-content-layout":"default","site-content-style":"default","site-sidebar-style":"default","ast-global-header-display":"","ast-banner-title-visibility":"","ast-main-header-display":"","ast-hfb-above-header-display":"","ast-hfb-below-header-display":"","ast-hfb-mobile-header-display":"","site-post-title":"","ast-breadcrumbs-content":"","ast-featured-img":"","footer-sml-layout":"","ast-disable-related-posts":"","theme-transparent-header-meta":"default","adv-header-id-meta":"","stick-header-meta":"","header-above-stick-meta":"","header-main-stick-meta":"","header-below-stick-meta":"","astra-migrate-meta-layouts":"set","ast-page-background-enabled":"default","ast-page-background-meta":{"desktop":{"background-color":"var(--ast-global-color-4)","background-image":"","background-repeat":"repeat","background-position":"center center","background-size":"auto","background-attachment":"scroll","background-type":"","background-media":"","overlay-type":"","overlay-color":"","overlay-opacity":"","overlay-gradient":""},"tablet":{"background-color":"","background-image":"","background-repeat":"repeat","background-position":"center center","background-size":"auto","background-attachment":"scroll","background-type":"","background-media":"","overlay-type":"","overlay-color":"","overlay-opacity":"","overlay-gradient":""},"mobile":{"background-color":"","background-image":"","background-repeat":"repeat","background-position":"center center","background-size":"auto","background-attachment":"scroll","background-type":"","background-media":"","overlay-type":"","overlay-color":"","overlay-opacity":"","overlay-gradient":""}},"ast-content-background-meta":{"desktop":{"background-color":"var(--ast-global-color-5)","background-image":"","background-repeat":"repeat","background-position":"center center","background-size":"auto","background-attachment":"scroll","background-type":"","background-media":"","overlay-type":"","overlay-color":"","overlay-opacity":"","overlay-gradient":""},"tablet":{"background-color":"var(--ast-global-color-5)","background-image":"","background-repeat":"repeat","background-position":"center center","background-size":"auto","background-attachment":"scroll","background-type":"","background-media":"","overlay-type":"","overlay-color":"","overlay-opacity":"","overlay-gradient":""},"mobile":{"background-color":"var(--ast-global-color-5)","background-image":"","background-repeat":"repeat","background-position":"center center","background-size":"auto","background-attachment":"scroll","background-type":"","background-media":"","overlay-type":"","overlay-color":"","overlay-opacity":"","overlay-gradient":""}},"_joinchat":[]},"astrologia":[],"coleccion":[],"joyeria":[1579,1578,1580,1582,1574],"linea":[],"material":[2225,2231,2342,2226],"orgonita":[1597,1596,1633],"piedra":[886],"proposito":[2401,685,2065,2215,714,761,768,1884,1685,2094],"simbolo":[857],"tamano":[808],"visibilidad-producto-nuevo":[],"product_brand":[],"product_cat":[1610],"product_tag":[],"class_list":{"0":"post-44937","1":"product","2":"type-product","3":"status-publish","4":"has-post-thumbnail","6":"joyeria-collares-de-acero-inoxidable","7":"joyeria-collares-de-chapa-de-oro","8":"joyeria-collares-de-cuarzo","9":"joyeria-collares-orgon","10":"joyeria-coleccion-joyeria","11":"material-acero-inoxidable","12":"material-chapa-de-oro","13":"material-cuarzo","14":"material-tela","15":"orgonita-collar-micro-orgon","16":"orgonita-collar-orgon","17":"orgonita-joyeria","18":"piedra-jade-imperial","19":"proposito-abrir-corazon","20":"proposito-abundancia","21":"proposito-conexion-espiritual","22":"proposito-creacion","23":"proposito-energia-cristica","24":"proposito-energizante","25":"proposito-inteligencia","26":"proposito-perfeccion","27":"proposito-proteccion","28":"proposito-servicio","29":"simbolo-vesica-piscis","30":"tamano-micro","31":"product_cat-orgonitas","32":"desktop-align-left","33":"tablet-align-left","34":"mobile-align-left","36":"first","37":"instock","38":"shipping-taxable","39":"purchasable","40":"product-type-variable","41":"has-default-attributes","42":"wvs-archive-product-wrapper"},"acf":[],"yoast_head":"<!-- This site is optimized with the Yoast SEO Premium plugin v24.9 (Yoast SEO v24.9) - https:\/\/yoast.com\/wordpress\/plugins\/seo\/ -->\n<title>Collar Micro Org\u00f3n Vesica Piscis en Chapa de Oro de 14K con Jade Imperial y Swarovski &#8902; Arte Sagrado<\/title>\n<meta name=\"description\" content=\"El Collar Micro Org\u00f3n Vesica Piscis en Chapa de Oro de 14K con Jade Imperial y Swarovski encarna sabidur\u00eda ancestral y protecci\u00f3n energ\u00e9tica.\" \/>\n<meta name=\"robots\" content=\"index, follow, max-snippet:-1, max-image-preview:large, max-video-preview:-1\" \/>\n<link rel=\"canonical\" href=\"https:\/\/artesagrado.com.mx\/en\/product\/collar-micro-orgon-vesica-piscis-en-chapa-de-oro-de-14k-con-jade-imperial-y-swarovski\/\" \/>\n<meta property=\"og:locale\" content=\"en_US\" \/>\n<meta property=\"og:type\" content=\"article\" \/>\n<meta property=\"og:title\" content=\"Collar Micro Org\u00f3n Vesica Piscis en Chapa de Oro de 14K con Jade Imperial y Swarovski\" \/>\n<meta property=\"og:description\" content=\"Descubre la colecci\u00f3n de productos de Arte Sagrado M\u00e9xico: joyer\u00eda y dispositivos energ\u00e9ticos elaborados con geometr\u00eda sagrada y tecnolog\u00eda Org\u00f3n para equilibrar y armonizar tu vida.\" \/>\n<meta property=\"og:url\" content=\"https:\/\/artesagrado.com.mx\/en\/product\/collar-micro-orgon-vesica-piscis-en-chapa-de-oro-de-14k-con-jade-imperial-y-swarovski\/\" \/>\n<meta property=\"og:site_name\" content=\"Arte Sagrado\" \/>\n<meta property=\"article:publisher\" content=\"https:\/\/www.facebook.com\/ArteSagradoMexico\" \/>\n<meta property=\"article:modified_time\" content=\"2026-01-22T22:30:30+00:00\" \/>\n<meta property=\"og:image\" content=\"https:\/\/artesagrado.com.mx\/wp-content\/uploads\/2025\/04\/Collar-Micro-Orgon-Vesica-Piscis-en-Chapa-de-Oro-de-14K-con-Jade-Imperial-y-Swarovski_2.webp\" \/>\n\t<meta property=\"og:image:width\" content=\"1000\" \/>\n\t<meta property=\"og:image:height\" content=\"1000\" \/>\n\t<meta property=\"og:image:type\" content=\"image\/webp\" \/>\n<meta name=\"twitter:card\" content=\"summary_large_image\" \/>\n<meta name=\"twitter:label1\" content=\"Availability\" \/>\n\t<meta name=\"twitter:data1\" content=\"In stock\" \/>\n<script type=\"application\/ld+json\" class=\"yoast-schema-graph\">{\"@context\":\"https:\/\/schema.org\",\"@graph\":[{\"@type\":\"WebPage\",\"@id\":\"https:\/\/artesagrado.com.mx\/producto\/collar-micro-orgon-vesica-piscis-en-chapa-de-oro-de-14k-con-jade-imperial-y-swarovski\/\",\"url\":\"https:\/\/artesagrado.com.mx\/producto\/collar-micro-orgon-vesica-piscis-en-chapa-de-oro-de-14k-con-jade-imperial-y-swarovski\/\",\"name\":\"Collar Micro Org\u00f3n Vesica Piscis en Chapa de Oro de 14K con Jade Imperial y Swarovski &#8902; Arte Sagrado\",\"isPartOf\":{\"@id\":\"https:\/\/artesagrado.com.mx\/#website\"},\"primaryImageOfPage\":{\"@id\":\"https:\/\/artesagrado.com.mx\/producto\/collar-micro-orgon-vesica-piscis-en-chapa-de-oro-de-14k-con-jade-imperial-y-swarovski\/#primaryimage\"},\"image\":{\"@id\":\"https:\/\/artesagrado.com.mx\/producto\/collar-micro-orgon-vesica-piscis-en-chapa-de-oro-de-14k-con-jade-imperial-y-swarovski\/#primaryimage\"},\"thumbnailUrl\":\"https:\/\/artesagrado.com.mx\/wp-content\/uploads\/2025\/04\/Collar-Micro-Orgon-Vesica-Piscis-en-Chapa-de-Oro-de-14K-con-Jade-Imperial-y-Swarovski_2.webp\",\"datePublished\":\"2025-04-23T23:22:12+00:00\",\"dateModified\":\"2026-01-22T22:30:30+00:00\",\"description\":\"El Collar Micro Org\u00f3n Vesica Piscis en Chapa de Oro de 14K con Jade Imperial y Swarovski encarna sabidur\u00eda ancestral y protecci\u00f3n energ\u00e9tica.\",\"breadcrumb\":{\"@id\":\"https:\/\/artesagrado.com.mx\/producto\/collar-micro-orgon-vesica-piscis-en-chapa-de-oro-de-14k-con-jade-imperial-y-swarovski\/#breadcrumb\"},\"inLanguage\":\"en-US\",\"potentialAction\":[{\"@type\":\"ReadAction\",\"target\":[\"https:\/\/artesagrado.com.mx\/producto\/collar-micro-orgon-vesica-piscis-en-chapa-de-oro-de-14k-con-jade-imperial-y-swarovski\/\"]}]},{\"@type\":\"ImageObject\",\"inLanguage\":\"en-US\",\"@id\":\"https:\/\/artesagrado.com.mx\/producto\/collar-micro-orgon-vesica-piscis-en-chapa-de-oro-de-14k-con-jade-imperial-y-swarovski\/#primaryimage\",\"url\":\"https:\/\/artesagrado.com.mx\/wp-content\/uploads\/2025\/04\/Collar-Micro-Orgon-Vesica-Piscis-en-Chapa-de-Oro-de-14K-con-Jade-Imperial-y-Swarovski_2.webp\",\"contentUrl\":\"https:\/\/artesagrado.com.mx\/wp-content\/uploads\/2025\/04\/Collar-Micro-Orgon-Vesica-Piscis-en-Chapa-de-Oro-de-14K-con-Jade-Imperial-y-Swarovski_2.webp\",\"width\":1000,\"height\":1000},{\"@type\":\"BreadcrumbList\",\"@id\":\"https:\/\/artesagrado.com.mx\/producto\/collar-micro-orgon-vesica-piscis-en-chapa-de-oro-de-14k-con-jade-imperial-y-swarovski\/#breadcrumb\",\"itemListElement\":[{\"@type\":\"ListItem\",\"position\":1,\"name\":\"Portada\",\"item\":\"https:\/\/artesagrado.com.mx\/\"},{\"@type\":\"ListItem\",\"position\":2,\"name\":\"Tienda\",\"item\":\"https:\/\/artesagrado.com.mx\/tienda\/\"},{\"@type\":\"ListItem\",\"position\":3,\"name\":\"Collar Micro Org\u00f3n Vesica Piscis en Chapa de Oro de 14K con Jade Imperial y Swarovski\"}]},{\"@type\":\"WebSite\",\"@id\":\"https:\/\/artesagrado.com.mx\/#website\",\"url\":\"https:\/\/artesagrado.com.mx\/\",\"name\":\"Arte Sagrado\",\"description\":\"Empoderando tu ser\",\"publisher\":{\"@id\":\"https:\/\/artesagrado.com.mx\/#organization\"},\"alternateName\":\"Arte Sagrado M\u00e9xico\",\"potentialAction\":[{\"@type\":\"SearchAction\",\"target\":{\"@type\":\"EntryPoint\",\"urlTemplate\":\"https:\/\/artesagrado.com.mx\/?s={search_term_string}\"},\"query-input\":{\"@type\":\"PropertyValueSpecification\",\"valueRequired\":true,\"valueName\":\"search_term_string\"}}],\"inLanguage\":\"en-US\"},{\"@type\":\"Organization\",\"@id\":\"https:\/\/artesagrado.com.mx\/#organization\",\"name\":\"Arte Sagrado\",\"alternateName\":\"Arte Sagrado M\u00e9xico\",\"url\":\"https:\/\/artesagrado.com.mx\/\",\"logo\":{\"@type\":\"ImageObject\",\"inLanguage\":\"en-US\",\"@id\":\"https:\/\/artesagrado.com.mx\/#\/schema\/logo\/image\/\",\"url\":\"https:\/\/artesagrado.com.mx\/wp-content\/uploads\/2024\/07\/portada_cuadrada_base_arte-sagrado.webp\",\"contentUrl\":\"https:\/\/artesagrado.com.mx\/wp-content\/uploads\/2024\/07\/portada_cuadrada_base_arte-sagrado.webp\",\"width\":1000,\"height\":1000,\"caption\":\"Arte Sagrado\"},\"image\":{\"@id\":\"https:\/\/artesagrado.com.mx\/#\/schema\/logo\/image\/\"},\"sameAs\":[\"https:\/\/www.facebook.com\/ArteSagradoMexico\",\"https:\/\/www.instagram.com\/arte_sagrado_oficial\/\",\"https:\/\/www.tiktok.com\/@arte_sagrado_oficial\"],\"description\":\"Arte Sagrado\u00ae es un proyecto pensado, sentido y accionado al servicio de la humanidad y la conciencia. Nacemos en tiempos precisos donde la luz y el recuerdo de nuestra grandeza, empiezan a resplandecer; es por eso que nuestro proyecto se enfoca y especializa en contribuir con informaci\u00f3n y conocimiento de los arquetipos originales y el lenguaje de la geometr\u00eda sagrada.\",\"publishingPrinciples\":\"https:\/\/artesagrado.com.mx\/conoce-a-arte-sagrado\/\"}]}<\/script>\n<meta property=\"og:availability\" content=\"instock\" \/>\n<meta property=\"product:availability\" content=\"instock\" \/>\n<meta property=\"product:condition\" content=\"new\" \/>\n<!-- \/ Yoast SEO Premium plugin. -->","yoast_head_json":{"title":"Collar Micro Org\u00f3n Vesica Piscis en Chapa de Oro de 14K con Jade Imperial y Swarovski &#8902; Arte Sagrado","description":"El Collar Micro Org\u00f3n Vesica Piscis en Chapa de Oro de 14K con Jade Imperial y Swarovski encarna sabidur\u00eda ancestral y protecci\u00f3n energ\u00e9tica.","robots":{"index":"index","follow":"follow","max-snippet":"max-snippet:-1","max-image-preview":"max-image-preview:large","max-video-preview":"max-video-preview:-1"},"canonical":"https:\/\/artesagrado.com.mx\/en\/product\/collar-micro-orgon-vesica-piscis-en-chapa-de-oro-de-14k-con-jade-imperial-y-swarovski\/","og_locale":"en_US","og_type":"article","og_title":"Collar Micro Org\u00f3n Vesica Piscis en Chapa de Oro de 14K con Jade Imperial y Swarovski","og_description":"Descubre la colecci\u00f3n de productos de Arte Sagrado M\u00e9xico: joyer\u00eda y dispositivos energ\u00e9ticos elaborados con geometr\u00eda sagrada y tecnolog\u00eda Org\u00f3n para equilibrar y armonizar tu vida.","og_url":"https:\/\/artesagrado.com.mx\/en\/product\/collar-micro-orgon-vesica-piscis-en-chapa-de-oro-de-14k-con-jade-imperial-y-swarovski\/","og_site_name":"Arte Sagrado","article_publisher":"https:\/\/www.facebook.com\/ArteSagradoMexico","article_modified_time":"2026-01-22T22:30:30+00:00","og_image":[{"width":1000,"height":1000,"url":"https:\/\/artesagrado.com.mx\/wp-content\/uploads\/2025\/04\/Collar-Micro-Orgon-Vesica-Piscis-en-Chapa-de-Oro-de-14K-con-Jade-Imperial-y-Swarovski_2.webp","type":"image\/webp"}],"twitter_card":"summary_large_image","twitter_misc":{"Availability":"In stock"},"schema":{"@context":"https:\/\/schema.org","@graph":[{"@type":"WebPage","@id":"https:\/\/artesagrado.com.mx\/producto\/collar-micro-orgon-vesica-piscis-en-chapa-de-oro-de-14k-con-jade-imperial-y-swarovski\/","url":"https:\/\/artesagrado.com.mx\/producto\/collar-micro-orgon-vesica-piscis-en-chapa-de-oro-de-14k-con-jade-imperial-y-swarovski\/","name":"Collar Micro Org\u00f3n Vesica Piscis en Chapa de Oro de 14K con Jade Imperial y Swarovski &#8902; Arte Sagrado","isPartOf":{"@id":"https:\/\/artesagrado.com.mx\/#website"},"primaryImageOfPage":{"@id":"https:\/\/artesagrado.com.mx\/producto\/collar-micro-orgon-vesica-piscis-en-chapa-de-oro-de-14k-con-jade-imperial-y-swarovski\/#primaryimage"},"image":{"@id":"https:\/\/artesagrado.com.mx\/producto\/collar-micro-orgon-vesica-piscis-en-chapa-de-oro-de-14k-con-jade-imperial-y-swarovski\/#primaryimage"},"thumbnailUrl":"https:\/\/artesagrado.com.mx\/wp-content\/uploads\/2025\/04\/Collar-Micro-Orgon-Vesica-Piscis-en-Chapa-de-Oro-de-14K-con-Jade-Imperial-y-Swarovski_2.webp","datePublished":"2025-04-23T23:22:12+00:00","dateModified":"2026-01-22T22:30:30+00:00","description":"El Collar Micro Org\u00f3n Vesica Piscis en Chapa de Oro de 14K con Jade Imperial y Swarovski encarna sabidur\u00eda ancestral y protecci\u00f3n energ\u00e9tica.","breadcrumb":{"@id":"https:\/\/artesagrado.com.mx\/producto\/collar-micro-orgon-vesica-piscis-en-chapa-de-oro-de-14k-con-jade-imperial-y-swarovski\/#breadcrumb"},"inLanguage":"en-US","potentialAction":[{"@type":"ReadAction","target":["https:\/\/artesagrado.com.mx\/producto\/collar-micro-orgon-vesica-piscis-en-chapa-de-oro-de-14k-con-jade-imperial-y-swarovski\/"]}]},{"@type":"ImageObject","inLanguage":"en-US","@id":"https:\/\/artesagrado.com.mx\/producto\/collar-micro-orgon-vesica-piscis-en-chapa-de-oro-de-14k-con-jade-imperial-y-swarovski\/#primaryimage","url":"https:\/\/artesagrado.com.mx\/wp-content\/uploads\/2025\/04\/Collar-Micro-Orgon-Vesica-Piscis-en-Chapa-de-Oro-de-14K-con-Jade-Imperial-y-Swarovski_2.webp","contentUrl":"https:\/\/artesagrado.com.mx\/wp-content\/uploads\/2025\/04\/Collar-Micro-Orgon-Vesica-Piscis-en-Chapa-de-Oro-de-14K-con-Jade-Imperial-y-Swarovski_2.webp","width":1000,"height":1000},{"@type":"BreadcrumbList","@id":"https:\/\/artesagrado.com.mx\/producto\/collar-micro-orgon-vesica-piscis-en-chapa-de-oro-de-14k-con-jade-imperial-y-swarovski\/#breadcrumb","itemListElement":[{"@type":"ListItem","position":1,"name":"Portada","item":"https:\/\/artesagrado.com.mx\/"},{"@type":"ListItem","position":2,"name":"Tienda","item":"https:\/\/artesagrado.com.mx\/tienda\/"},{"@type":"ListItem","position":3,"name":"Collar Micro Org\u00f3n Vesica Piscis en Chapa de Oro de 14K con Jade Imperial y Swarovski"}]},{"@type":"WebSite","@id":"https:\/\/artesagrado.com.mx\/#website","url":"https:\/\/artesagrado.com.mx\/","name":"Arte Sagrado","description":"Empoderando tu ser","publisher":{"@id":"https:\/\/artesagrado.com.mx\/#organization"},"alternateName":"Arte Sagrado M\u00e9xico","potentialAction":[{"@type":"SearchAction","target":{"@type":"EntryPoint","urlTemplate":"https:\/\/artesagrado.com.mx\/?s={search_term_string}"},"query-input":{"@type":"PropertyValueSpecification","valueRequired":true,"valueName":"search_term_string"}}],"inLanguage":"en-US"},{"@type":"Organization","@id":"https:\/\/artesagrado.com.mx\/#organization","name":"Arte Sagrado","alternateName":"Arte Sagrado M\u00e9xico","url":"https:\/\/artesagrado.com.mx\/","logo":{"@type":"ImageObject","inLanguage":"en-US","@id":"https:\/\/artesagrado.com.mx\/#\/schema\/logo\/image\/","url":"https:\/\/artesagrado.com.mx\/wp-content\/uploads\/2024\/07\/portada_cuadrada_base_arte-sagrado.webp","contentUrl":"https:\/\/artesagrado.com.mx\/wp-content\/uploads\/2024\/07\/portada_cuadrada_base_arte-sagrado.webp","width":1000,"height":1000,"caption":"Arte Sagrado"},"image":{"@id":"https:\/\/artesagrado.com.mx\/#\/schema\/logo\/image\/"},"sameAs":["https:\/\/www.facebook.com\/ArteSagradoMexico","https:\/\/www.instagram.com\/arte_sagrado_oficial\/","https:\/\/www.tiktok.com\/@arte_sagrado_oficial"],"description":"Arte Sagrado\u00ae es un proyecto pensado, sentido y accionado al servicio de la humanidad y la conciencia. Nacemos en tiempos precisos donde la luz y el recuerdo de nuestra grandeza, empiezan a resplandecer; es por eso que nuestro proyecto se enfoca y especializa en contribuir con informaci\u00f3n y conocimiento de los arquetipos originales y el lenguaje de la geometr\u00eda sagrada.","publishingPrinciples":"https:\/\/artesagrado.com.mx\/conoce-a-arte-sagrado\/"}]},"og_availability":"instock","product_availability":"instock","product_condition":"new"},"jetpack_sharing_enabled":true,"_links":{"self":[{"href":"https:\/\/artesagrado.com.mx\/en\/wp-json\/wp\/v2\/product\/44937","targetHints":{"allow":["GET"]}}],"collection":[{"href":"https:\/\/artesagrado.com.mx\/en\/wp-json\/wp\/v2\/product"}],"about":[{"href":"https:\/\/artesagrado.com.mx\/en\/wp-json\/wp\/v2\/types\/product"}],"replies":[{"embeddable":true,"href":"https:\/\/artesagrado.com.mx\/en\/wp-json\/wp\/v2\/comments?post=44937"}],"wp:featuredmedia":[{"embeddable":true,"href":"https:\/\/artesagrado.com.mx\/en\/wp-json\/wp\/v2\/media\/44941"}],"wp:attachment":[{"href":"https:\/\/artesagrado.com.mx\/en\/wp-json\/wp\/v2\/media?parent=44937"}],"wp:term":[{"taxonomy":"astrologia","embeddable":true,"href":"https:\/\/artesagrado.com.mx\/en\/wp-json\/wp\/v2\/astrologia?post=44937"},{"taxonomy":"coleccion","embeddable":true,"href":"https:\/\/artesagrado.com.mx\/en\/wp-json\/wp\/v2\/coleccion?post=44937"},{"taxonomy":"joyeria","embeddable":true,"href":"https:\/\/artesagrado.com.mx\/en\/wp-json\/wp\/v2\/joyeria?post=44937"},{"taxonomy":"linea","embeddable":true,"href":"https:\/\/artesagrado.com.mx\/en\/wp-json\/wp\/v2\/linea?post=44937"},{"taxonomy":"material","embeddable":true,"href":"https:\/\/artesagrado.com.mx\/en\/wp-json\/wp\/v2\/material?post=44937"},{"taxonomy":"orgonita","embeddable":true,"href":"https:\/\/artesagrado.com.mx\/en\/wp-json\/wp\/v2\/orgonita?post=44937"},{"taxonomy":"piedra","embeddable":true,"href":"https:\/\/artesagrado.com.mx\/en\/wp-json\/wp\/v2\/piedra?post=44937"},{"taxonomy":"proposito","embeddable":true,"href":"https:\/\/artesagrado.com.mx\/en\/wp-json\/wp\/v2\/proposito?post=44937"},{"taxonomy":"simbolo","embeddable":true,"href":"https:\/\/artesagrado.com.mx\/en\/wp-json\/wp\/v2\/simbolo?post=44937"},{"taxonomy":"tamano","embeddable":true,"href":"https:\/\/artesagrado.com.mx\/en\/wp-json\/wp\/v2\/tamano?post=44937"},{"taxonomy":"visibilidad-producto-nuevo","embeddable":true,"href":"https:\/\/artesagrado.com.mx\/en\/wp-json\/wp\/v2\/visibilidad-producto-nuevo?post=44937"},{"taxonomy":"product_brand","embeddable":true,"href":"https:\/\/artesagrado.com.mx\/en\/wp-json\/wp\/v2\/product_brand?post=44937"},{"taxonomy":"product_cat","embeddable":true,"href":"https:\/\/artesagrado.com.mx\/en\/wp-json\/wp\/v2\/product_cat?post=44937"},{"taxonomy":"product_tag","embeddable":true,"href":"https:\/\/artesagrado.com.mx\/en\/wp-json\/wp\/v2\/product_tag?post=44937"}],"curies":[{"name":"wp","href":"https:\/\/api.w.org\/{rel}","templated":true}]}}