{"id":45009,"date":"2025-04-23T18:39:16","date_gmt":"2025-04-24T00:39:16","guid":{"rendered":"https:\/\/artesagrado.com.mx\/?post_type=product&#038;p=45009"},"modified":"2026-01-22T16:31:03","modified_gmt":"2026-01-22T22:31:03","slug":"collar-mini-orgon-nudo-de-bruja-en-plata-0-925-con-malaquita","status":"publish","type":"product","link":"https:\/\/artesagrado.com.mx\/en\/product\/collar-mini-orgon-nudo-de-bruja-en-plata-0-925-con-malaquita\/","title":{"rendered":"Mini Orgone Necklace Witch\u2019s Knot in 0.925 Silver with Malachite"},"content":{"rendered":"<p>Dr. Willheim Reich described the<strong> Orgone<\/strong> as the cosmic energy that is part of all living matter. The name comes from \"organism and orgasm\", which refers to the vital energy and creative power.<\/p>\n<p>An Orgone generator or energy transmuter is a compact and solid structure made to stimulate the piezoelectric properties of its materials and thus attract, accumulate, order and enhance the energy present, transforming the negative and chaotic electromagnetic waves into vital energy, harmonized and in perfect harmony with nature, which is reflected in restorative biological effects, which is why it has been used for therapeutic purposes due to its benefits in a wide range of applications.<\/p>\n<p>&nbsp;<\/p>\n<p>The <strong>Witch's Knot<\/strong> is an ancient symbol with roots in Celtic tradition and European folk magic. Its intertwined design, without beginning or end, connects it to the magic of knots, a practice used to trap or release energies according to the user's intention.<\/p>\n<p>The Witch's Knot symbolizes the power of ancestral magic, connection with nature and spiritual protection.<\/p>\n<p>It acts as a shield against negative energies, evil eye and psychic attacks. It favors the awakening of perception and occult knowledge. Its shape represents harmony and the continuous flow of existence.<\/p>\n<p>&nbsp;<\/p>\n<p>The <strong>Malachite<\/strong> is a mineral to be treated with caution due to its enormous power, as it amplifies both positive and negative energies.<\/p>\n<p>It is an important protective stone as it easily absorbs negative energies from the body.<\/p>\n<p>It cleanses and activates the chakras. Placed on the third eye, it activates visualization and psychic vision and, placed on the heart, it brings balance and harmony.<\/p>\n<p>Psychologically it is a stone of transformation, it shows all that hinders your spiritual growth, it breaks unwanted bonds and teaches you to assume responsibilities.<\/p>\n<p>Mentally helps you go to the heart of the problem with intuition and understanding. Strengthens the ability to absorb and process information.<\/p>\n<p>You can use it in different ways. On the solar plexus to balance the heart and navel chakras and absorb negative energies. As an elixir you must be careful to use rolled and do it in an indirect way and, to help healing, wear it on the left hand or over the third eye.<\/p>\n<p>&nbsp;<\/p>\n<p>The <strong>Silver<\/strong> is a bright white metal and is the best electrical conductor among metals. <\/p>\n<p>The shine of this metal symbolizes Moonlight, and as such, it is related to our deepest emotions and can store information about the inner world of the wearer. <\/p>\n<p>It is a powerful protector, as it distributes, neutralizes and eliminates negative energy from any source. It helps to enhance dreams making them more lucid, beneficial and productive.<\/p>\n<p>Being related to the moon and emotions, it stimulates clairvoyance and extrasensory perceptions and is the perfect ally to release negative emotions and tensions.<\/p>","protected":false},"excerpt":{"rendered":"<p><strong>Witch's Knot, Silver, Malachite<\/strong><\/p>\n<p>We create your mini orgone necklace through 33 artisanal processes of refinement and energetics.<\/p>\n<p><b>Orgone power: 1m<\/b><\/p>\n<ul>\n<li>Orgone 3 centimeters in diameter and 7 mm thick.<\/li>\n<li>Copper machinery and bronze base.<\/li>\n<li>Symbol and details in 14k gold plate.<\/li>\n<\/ul>\n<p>NOTE: Due to their nature, some of the pieces that make up this work of power may vary in detail, tone and color.<\/p>","protected":false},"featured_media":45013,"comment_status":"closed","ping_status":"closed","template":"","meta":{"_acf_changed":false,"site-sidebar-layout":"default","site-content-layout":"","ast-site-content-layout":"default","site-content-style":"default","site-sidebar-style":"default","ast-global-header-display":"","ast-banner-title-visibility":"","ast-main-header-display":"","ast-hfb-above-header-display":"","ast-hfb-below-header-display":"","ast-hfb-mobile-header-display":"","site-post-title":"","ast-breadcrumbs-content":"","ast-featured-img":"","footer-sml-layout":"","ast-disable-related-posts":"","theme-transparent-header-meta":"default","adv-header-id-meta":"","stick-header-meta":"","header-above-stick-meta":"","header-main-stick-meta":"","header-below-stick-meta":"","astra-migrate-meta-layouts":"set","ast-page-background-enabled":"default","ast-page-background-meta":{"desktop":{"background-color":"var(--ast-global-color-4)","background-image":"","background-repeat":"repeat","background-position":"center center","background-size":"auto","background-attachment":"scroll","background-type":"","background-media":"","overlay-type":"","overlay-color":"","overlay-opacity":"","overlay-gradient":""},"tablet":{"background-color":"","background-image":"","background-repeat":"repeat","background-position":"center center","background-size":"auto","background-attachment":"scroll","background-type":"","background-media":"","overlay-type":"","overlay-color":"","overlay-opacity":"","overlay-gradient":""},"mobile":{"background-color":"","background-image":"","background-repeat":"repeat","background-position":"center center","background-size":"auto","background-attachment":"scroll","background-type":"","background-media":"","overlay-type":"","overlay-color":"","overlay-opacity":"","overlay-gradient":""}},"ast-content-background-meta":{"desktop":{"background-color":"var(--ast-global-color-5)","background-image":"","background-repeat":"repeat","background-position":"center center","background-size":"auto","background-attachment":"scroll","background-type":"","background-media":"","overlay-type":"","overlay-color":"","overlay-opacity":"","overlay-gradient":""},"tablet":{"background-color":"var(--ast-global-color-5)","background-image":"","background-repeat":"repeat","background-position":"center center","background-size":"auto","background-attachment":"scroll","background-type":"","background-media":"","overlay-type":"","overlay-color":"","overlay-opacity":"","overlay-gradient":""},"mobile":{"background-color":"var(--ast-global-color-5)","background-image":"","background-repeat":"repeat","background-position":"center center","background-size":"auto","background-attachment":"scroll","background-type":"","background-media":"","overlay-type":"","overlay-color":"","overlay-opacity":"","overlay-gradient":""}},"_joinchat":[]},"astrologia":[],"coleccion":[],"joyeria":[1579,1580,1581,1582,1574],"linea":[],"material":[2225,2342,2227,2226],"orgonita":[1598,1596,1633],"piedra":[890],"proposito":[685,942,1865,762,1685],"simbolo":[2487],"tamano":[809],"visibilidad-producto-nuevo":[],"product_brand":[],"product_cat":[1610],"product_tag":[],"class_list":{"0":"post-45009","1":"product","2":"type-product","3":"status-publish","4":"has-post-thumbnail","6":"joyeria-collares-de-acero-inoxidable","7":"joyeria-collares-de-cuarzo","8":"joyeria-collares-de-plata","9":"joyeria-collares-orgon","10":"joyeria-coleccion-joyeria","11":"material-acero-inoxidable","12":"material-cuarzo","13":"material-plata","14":"material-tela","15":"orgonita-collar-mini-orgon","16":"orgonita-collar-orgon","17":"orgonita-joyeria","18":"piedra-malaquita","19":"proposito-abundancia","20":"proposito-activacion-de-dones","21":"proposito-desbloqueo","22":"proposito-escudo-energetico-sutil","23":"proposito-proteccion","24":"simbolo-nudo-de-bruja","25":"tamano-mini","26":"product_cat-orgonitas","27":"desktop-align-left","28":"tablet-align-left","29":"mobile-align-left","31":"first","32":"instock","33":"shipping-taxable","34":"purchasable","35":"product-type-variable","36":"has-default-attributes","37":"wvs-archive-product-wrapper"},"acf":[],"yoast_head":"<!-- This site is optimized with the Yoast SEO Premium plugin v24.9 (Yoast SEO v24.9) - https:\/\/yoast.com\/wordpress\/plugins\/seo\/ -->\n<title>Collar Mini Org\u00f3n Nudo de Bruja en Plata 0.925 con Malaquita &#8902; Arte Sagrado<\/title>\n<meta name=\"description\" content=\"Collar Mini Org\u00f3n Nudo de Bruja en Plata 0.925 con Malaquita, s\u00edmbolo de protecci\u00f3n, intuici\u00f3n y transformaci\u00f3n energ\u00e9tica personal.\" \/>\n<meta name=\"robots\" content=\"index, follow, max-snippet:-1, max-image-preview:large, max-video-preview:-1\" \/>\n<link rel=\"canonical\" href=\"https:\/\/artesagrado.com.mx\/en\/product\/collar-mini-orgon-nudo-de-bruja-en-plata-0-925-con-malaquita\/\" \/>\n<meta property=\"og:locale\" content=\"en_US\" \/>\n<meta property=\"og:type\" content=\"article\" \/>\n<meta property=\"og:title\" content=\"Collar Mini Org\u00f3n Nudo de Bruja en Plata 0.925 con Malaquita\" \/>\n<meta property=\"og:description\" content=\"Descubre la colecci\u00f3n de productos de Arte Sagrado M\u00e9xico: joyer\u00eda y dispositivos energ\u00e9ticos elaborados con geometr\u00eda sagrada y tecnolog\u00eda Org\u00f3n para equilibrar y armonizar tu vida.\" \/>\n<meta property=\"og:url\" content=\"https:\/\/artesagrado.com.mx\/en\/product\/collar-mini-orgon-nudo-de-bruja-en-plata-0-925-con-malaquita\/\" \/>\n<meta property=\"og:site_name\" content=\"Arte Sagrado\" \/>\n<meta property=\"article:publisher\" content=\"https:\/\/www.facebook.com\/ArteSagradoMexico\" \/>\n<meta property=\"article:modified_time\" content=\"2026-01-22T22:31:03+00:00\" \/>\n<meta property=\"og:image\" content=\"https:\/\/artesagrado.com.mx\/wp-content\/uploads\/2025\/04\/Collar-Mini-Orgon-Nudo-de-Bruja-en-Plata-0.925-con-Malaquita_4.webp\" \/>\n\t<meta property=\"og:image:width\" content=\"1000\" \/>\n\t<meta property=\"og:image:height\" content=\"1000\" \/>\n\t<meta property=\"og:image:type\" content=\"image\/webp\" \/>\n<meta name=\"twitter:card\" content=\"summary_large_image\" \/>\n<meta name=\"twitter:label1\" content=\"Availability\" \/>\n\t<meta name=\"twitter:data1\" content=\"In stock\" \/>\n<script type=\"application\/ld+json\" class=\"yoast-schema-graph\">{\"@context\":\"https:\/\/schema.org\",\"@graph\":[{\"@type\":\"WebPage\",\"@id\":\"https:\/\/artesagrado.com.mx\/producto\/collar-mini-orgon-nudo-de-bruja-en-plata-0-925-con-malaquita\/\",\"url\":\"https:\/\/artesagrado.com.mx\/producto\/collar-mini-orgon-nudo-de-bruja-en-plata-0-925-con-malaquita\/\",\"name\":\"Collar Mini Org\u00f3n Nudo de Bruja en Plata 0.925 con Malaquita &#8902; Arte Sagrado\",\"isPartOf\":{\"@id\":\"https:\/\/artesagrado.com.mx\/#website\"},\"primaryImageOfPage\":{\"@id\":\"https:\/\/artesagrado.com.mx\/producto\/collar-mini-orgon-nudo-de-bruja-en-plata-0-925-con-malaquita\/#primaryimage\"},\"image\":{\"@id\":\"https:\/\/artesagrado.com.mx\/producto\/collar-mini-orgon-nudo-de-bruja-en-plata-0-925-con-malaquita\/#primaryimage\"},\"thumbnailUrl\":\"https:\/\/artesagrado.com.mx\/wp-content\/uploads\/2025\/04\/Collar-Mini-Orgon-Nudo-de-Bruja-en-Plata-0.925-con-Malaquita_4.webp\",\"datePublished\":\"2025-04-24T00:39:16+00:00\",\"dateModified\":\"2026-01-22T22:31:03+00:00\",\"description\":\"Collar Mini Org\u00f3n Nudo de Bruja en Plata 0.925 con Malaquita, s\u00edmbolo de protecci\u00f3n, intuici\u00f3n y transformaci\u00f3n energ\u00e9tica personal.\",\"breadcrumb\":{\"@id\":\"https:\/\/artesagrado.com.mx\/producto\/collar-mini-orgon-nudo-de-bruja-en-plata-0-925-con-malaquita\/#breadcrumb\"},\"inLanguage\":\"en-US\",\"potentialAction\":[{\"@type\":\"ReadAction\",\"target\":[\"https:\/\/artesagrado.com.mx\/producto\/collar-mini-orgon-nudo-de-bruja-en-plata-0-925-con-malaquita\/\"]}]},{\"@type\":\"ImageObject\",\"inLanguage\":\"en-US\",\"@id\":\"https:\/\/artesagrado.com.mx\/producto\/collar-mini-orgon-nudo-de-bruja-en-plata-0-925-con-malaquita\/#primaryimage\",\"url\":\"https:\/\/artesagrado.com.mx\/wp-content\/uploads\/2025\/04\/Collar-Mini-Orgon-Nudo-de-Bruja-en-Plata-0.925-con-Malaquita_4.webp\",\"contentUrl\":\"https:\/\/artesagrado.com.mx\/wp-content\/uploads\/2025\/04\/Collar-Mini-Orgon-Nudo-de-Bruja-en-Plata-0.925-con-Malaquita_4.webp\",\"width\":1000,\"height\":1000},{\"@type\":\"BreadcrumbList\",\"@id\":\"https:\/\/artesagrado.com.mx\/producto\/collar-mini-orgon-nudo-de-bruja-en-plata-0-925-con-malaquita\/#breadcrumb\",\"itemListElement\":[{\"@type\":\"ListItem\",\"position\":1,\"name\":\"Portada\",\"item\":\"https:\/\/artesagrado.com.mx\/\"},{\"@type\":\"ListItem\",\"position\":2,\"name\":\"Tienda\",\"item\":\"https:\/\/artesagrado.com.mx\/tienda\/\"},{\"@type\":\"ListItem\",\"position\":3,\"name\":\"Collar Mini Org\u00f3n Nudo de Bruja en Plata 0.925 con Malaquita\"}]},{\"@type\":\"WebSite\",\"@id\":\"https:\/\/artesagrado.com.mx\/#website\",\"url\":\"https:\/\/artesagrado.com.mx\/\",\"name\":\"Arte Sagrado\",\"description\":\"Empoderando tu ser\",\"publisher\":{\"@id\":\"https:\/\/artesagrado.com.mx\/#organization\"},\"alternateName\":\"Arte Sagrado M\u00e9xico\",\"potentialAction\":[{\"@type\":\"SearchAction\",\"target\":{\"@type\":\"EntryPoint\",\"urlTemplate\":\"https:\/\/artesagrado.com.mx\/?s={search_term_string}\"},\"query-input\":{\"@type\":\"PropertyValueSpecification\",\"valueRequired\":true,\"valueName\":\"search_term_string\"}}],\"inLanguage\":\"en-US\"},{\"@type\":\"Organization\",\"@id\":\"https:\/\/artesagrado.com.mx\/#organization\",\"name\":\"Arte Sagrado\",\"alternateName\":\"Arte Sagrado M\u00e9xico\",\"url\":\"https:\/\/artesagrado.com.mx\/\",\"logo\":{\"@type\":\"ImageObject\",\"inLanguage\":\"en-US\",\"@id\":\"https:\/\/artesagrado.com.mx\/#\/schema\/logo\/image\/\",\"url\":\"https:\/\/artesagrado.com.mx\/wp-content\/uploads\/2024\/07\/portada_cuadrada_base_arte-sagrado.webp\",\"contentUrl\":\"https:\/\/artesagrado.com.mx\/wp-content\/uploads\/2024\/07\/portada_cuadrada_base_arte-sagrado.webp\",\"width\":1000,\"height\":1000,\"caption\":\"Arte Sagrado\"},\"image\":{\"@id\":\"https:\/\/artesagrado.com.mx\/#\/schema\/logo\/image\/\"},\"sameAs\":[\"https:\/\/www.facebook.com\/ArteSagradoMexico\",\"https:\/\/www.instagram.com\/arte_sagrado_oficial\/\",\"https:\/\/www.tiktok.com\/@arte_sagrado_oficial\"],\"description\":\"Arte Sagrado\u00ae es un proyecto pensado, sentido y accionado al servicio de la humanidad y la conciencia. Nacemos en tiempos precisos donde la luz y el recuerdo de nuestra grandeza, empiezan a resplandecer; es por eso que nuestro proyecto se enfoca y especializa en contribuir con informaci\u00f3n y conocimiento de los arquetipos originales y el lenguaje de la geometr\u00eda sagrada.\",\"publishingPrinciples\":\"https:\/\/artesagrado.com.mx\/conoce-a-arte-sagrado\/\"}]}<\/script>\n<meta property=\"og:availability\" content=\"instock\" \/>\n<meta property=\"product:availability\" content=\"instock\" \/>\n<meta property=\"product:condition\" content=\"new\" \/>\n<!-- \/ Yoast SEO Premium plugin. -->","yoast_head_json":{"title":"Collar Mini Org\u00f3n Nudo de Bruja en Plata 0.925 con Malaquita &#8902; Arte Sagrado","description":"Collar Mini Org\u00f3n Nudo de Bruja en Plata 0.925 con Malaquita, s\u00edmbolo de protecci\u00f3n, intuici\u00f3n y transformaci\u00f3n energ\u00e9tica personal.","robots":{"index":"index","follow":"follow","max-snippet":"max-snippet:-1","max-image-preview":"max-image-preview:large","max-video-preview":"max-video-preview:-1"},"canonical":"https:\/\/artesagrado.com.mx\/en\/product\/collar-mini-orgon-nudo-de-bruja-en-plata-0-925-con-malaquita\/","og_locale":"en_US","og_type":"article","og_title":"Collar Mini Org\u00f3n Nudo de Bruja en Plata 0.925 con Malaquita","og_description":"Descubre la colecci\u00f3n de productos de Arte Sagrado M\u00e9xico: joyer\u00eda y dispositivos energ\u00e9ticos elaborados con geometr\u00eda sagrada y tecnolog\u00eda Org\u00f3n para equilibrar y armonizar tu vida.","og_url":"https:\/\/artesagrado.com.mx\/en\/product\/collar-mini-orgon-nudo-de-bruja-en-plata-0-925-con-malaquita\/","og_site_name":"Arte Sagrado","article_publisher":"https:\/\/www.facebook.com\/ArteSagradoMexico","article_modified_time":"2026-01-22T22:31:03+00:00","og_image":[{"width":1000,"height":1000,"url":"https:\/\/artesagrado.com.mx\/wp-content\/uploads\/2025\/04\/Collar-Mini-Orgon-Nudo-de-Bruja-en-Plata-0.925-con-Malaquita_4.webp","type":"image\/webp"}],"twitter_card":"summary_large_image","twitter_misc":{"Availability":"In stock"},"schema":{"@context":"https:\/\/schema.org","@graph":[{"@type":"WebPage","@id":"https:\/\/artesagrado.com.mx\/producto\/collar-mini-orgon-nudo-de-bruja-en-plata-0-925-con-malaquita\/","url":"https:\/\/artesagrado.com.mx\/producto\/collar-mini-orgon-nudo-de-bruja-en-plata-0-925-con-malaquita\/","name":"Collar Mini Org\u00f3n Nudo de Bruja en Plata 0.925 con Malaquita &#8902; Arte Sagrado","isPartOf":{"@id":"https:\/\/artesagrado.com.mx\/#website"},"primaryImageOfPage":{"@id":"https:\/\/artesagrado.com.mx\/producto\/collar-mini-orgon-nudo-de-bruja-en-plata-0-925-con-malaquita\/#primaryimage"},"image":{"@id":"https:\/\/artesagrado.com.mx\/producto\/collar-mini-orgon-nudo-de-bruja-en-plata-0-925-con-malaquita\/#primaryimage"},"thumbnailUrl":"https:\/\/artesagrado.com.mx\/wp-content\/uploads\/2025\/04\/Collar-Mini-Orgon-Nudo-de-Bruja-en-Plata-0.925-con-Malaquita_4.webp","datePublished":"2025-04-24T00:39:16+00:00","dateModified":"2026-01-22T22:31:03+00:00","description":"Collar Mini Org\u00f3n Nudo de Bruja en Plata 0.925 con Malaquita, s\u00edmbolo de protecci\u00f3n, intuici\u00f3n y transformaci\u00f3n energ\u00e9tica personal.","breadcrumb":{"@id":"https:\/\/artesagrado.com.mx\/producto\/collar-mini-orgon-nudo-de-bruja-en-plata-0-925-con-malaquita\/#breadcrumb"},"inLanguage":"en-US","potentialAction":[{"@type":"ReadAction","target":["https:\/\/artesagrado.com.mx\/producto\/collar-mini-orgon-nudo-de-bruja-en-plata-0-925-con-malaquita\/"]}]},{"@type":"ImageObject","inLanguage":"en-US","@id":"https:\/\/artesagrado.com.mx\/producto\/collar-mini-orgon-nudo-de-bruja-en-plata-0-925-con-malaquita\/#primaryimage","url":"https:\/\/artesagrado.com.mx\/wp-content\/uploads\/2025\/04\/Collar-Mini-Orgon-Nudo-de-Bruja-en-Plata-0.925-con-Malaquita_4.webp","contentUrl":"https:\/\/artesagrado.com.mx\/wp-content\/uploads\/2025\/04\/Collar-Mini-Orgon-Nudo-de-Bruja-en-Plata-0.925-con-Malaquita_4.webp","width":1000,"height":1000},{"@type":"BreadcrumbList","@id":"https:\/\/artesagrado.com.mx\/producto\/collar-mini-orgon-nudo-de-bruja-en-plata-0-925-con-malaquita\/#breadcrumb","itemListElement":[{"@type":"ListItem","position":1,"name":"Portada","item":"https:\/\/artesagrado.com.mx\/"},{"@type":"ListItem","position":2,"name":"Tienda","item":"https:\/\/artesagrado.com.mx\/tienda\/"},{"@type":"ListItem","position":3,"name":"Collar Mini Org\u00f3n Nudo de Bruja en Plata 0.925 con Malaquita"}]},{"@type":"WebSite","@id":"https:\/\/artesagrado.com.mx\/#website","url":"https:\/\/artesagrado.com.mx\/","name":"Arte Sagrado","description":"Empoderando tu ser","publisher":{"@id":"https:\/\/artesagrado.com.mx\/#organization"},"alternateName":"Arte Sagrado M\u00e9xico","potentialAction":[{"@type":"SearchAction","target":{"@type":"EntryPoint","urlTemplate":"https:\/\/artesagrado.com.mx\/?s={search_term_string}"},"query-input":{"@type":"PropertyValueSpecification","valueRequired":true,"valueName":"search_term_string"}}],"inLanguage":"en-US"},{"@type":"Organization","@id":"https:\/\/artesagrado.com.mx\/#organization","name":"Arte Sagrado","alternateName":"Arte Sagrado M\u00e9xico","url":"https:\/\/artesagrado.com.mx\/","logo":{"@type":"ImageObject","inLanguage":"en-US","@id":"https:\/\/artesagrado.com.mx\/#\/schema\/logo\/image\/","url":"https:\/\/artesagrado.com.mx\/wp-content\/uploads\/2024\/07\/portada_cuadrada_base_arte-sagrado.webp","contentUrl":"https:\/\/artesagrado.com.mx\/wp-content\/uploads\/2024\/07\/portada_cuadrada_base_arte-sagrado.webp","width":1000,"height":1000,"caption":"Arte Sagrado"},"image":{"@id":"https:\/\/artesagrado.com.mx\/#\/schema\/logo\/image\/"},"sameAs":["https:\/\/www.facebook.com\/ArteSagradoMexico","https:\/\/www.instagram.com\/arte_sagrado_oficial\/","https:\/\/www.tiktok.com\/@arte_sagrado_oficial"],"description":"Arte Sagrado\u00ae es un proyecto pensado, sentido y accionado al servicio de la humanidad y la conciencia. Nacemos en tiempos precisos donde la luz y el recuerdo de nuestra grandeza, empiezan a resplandecer; es por eso que nuestro proyecto se enfoca y especializa en contribuir con informaci\u00f3n y conocimiento de los arquetipos originales y el lenguaje de la geometr\u00eda sagrada.","publishingPrinciples":"https:\/\/artesagrado.com.mx\/conoce-a-arte-sagrado\/"}]},"og_availability":"instock","product_availability":"instock","product_condition":"new"},"jetpack_sharing_enabled":true,"_links":{"self":[{"href":"https:\/\/artesagrado.com.mx\/en\/wp-json\/wp\/v2\/product\/45009","targetHints":{"allow":["GET"]}}],"collection":[{"href":"https:\/\/artesagrado.com.mx\/en\/wp-json\/wp\/v2\/product"}],"about":[{"href":"https:\/\/artesagrado.com.mx\/en\/wp-json\/wp\/v2\/types\/product"}],"replies":[{"embeddable":true,"href":"https:\/\/artesagrado.com.mx\/en\/wp-json\/wp\/v2\/comments?post=45009"}],"wp:featuredmedia":[{"embeddable":true,"href":"https:\/\/artesagrado.com.mx\/en\/wp-json\/wp\/v2\/media\/45013"}],"wp:attachment":[{"href":"https:\/\/artesagrado.com.mx\/en\/wp-json\/wp\/v2\/media?parent=45009"}],"wp:term":[{"taxonomy":"astrologia","embeddable":true,"href":"https:\/\/artesagrado.com.mx\/en\/wp-json\/wp\/v2\/astrologia?post=45009"},{"taxonomy":"coleccion","embeddable":true,"href":"https:\/\/artesagrado.com.mx\/en\/wp-json\/wp\/v2\/coleccion?post=45009"},{"taxonomy":"joyeria","embeddable":true,"href":"https:\/\/artesagrado.com.mx\/en\/wp-json\/wp\/v2\/joyeria?post=45009"},{"taxonomy":"linea","embeddable":true,"href":"https:\/\/artesagrado.com.mx\/en\/wp-json\/wp\/v2\/linea?post=45009"},{"taxonomy":"material","embeddable":true,"href":"https:\/\/artesagrado.com.mx\/en\/wp-json\/wp\/v2\/material?post=45009"},{"taxonomy":"orgonita","embeddable":true,"href":"https:\/\/artesagrado.com.mx\/en\/wp-json\/wp\/v2\/orgonita?post=45009"},{"taxonomy":"piedra","embeddable":true,"href":"https:\/\/artesagrado.com.mx\/en\/wp-json\/wp\/v2\/piedra?post=45009"},{"taxonomy":"proposito","embeddable":true,"href":"https:\/\/artesagrado.com.mx\/en\/wp-json\/wp\/v2\/proposito?post=45009"},{"taxonomy":"simbolo","embeddable":true,"href":"https:\/\/artesagrado.com.mx\/en\/wp-json\/wp\/v2\/simbolo?post=45009"},{"taxonomy":"tamano","embeddable":true,"href":"https:\/\/artesagrado.com.mx\/en\/wp-json\/wp\/v2\/tamano?post=45009"},{"taxonomy":"visibilidad-producto-nuevo","embeddable":true,"href":"https:\/\/artesagrado.com.mx\/en\/wp-json\/wp\/v2\/visibilidad-producto-nuevo?post=45009"},{"taxonomy":"product_brand","embeddable":true,"href":"https:\/\/artesagrado.com.mx\/en\/wp-json\/wp\/v2\/product_brand?post=45009"},{"taxonomy":"product_cat","embeddable":true,"href":"https:\/\/artesagrado.com.mx\/en\/wp-json\/wp\/v2\/product_cat?post=45009"},{"taxonomy":"product_tag","embeddable":true,"href":"https:\/\/artesagrado.com.mx\/en\/wp-json\/wp\/v2\/product_tag?post=45009"}],"curies":[{"name":"wp","href":"https:\/\/api.w.org\/{rel}","templated":true}]}}