{"id":45278,"date":"2025-04-24T12:21:40","date_gmt":"2025-04-24T18:21:40","guid":{"rendered":"https:\/\/artesagrado.com.mx\/?post_type=product&#038;p=45278"},"modified":"2026-01-22T16:35:46","modified_gmt":"2026-01-22T22:35:46","slug":"pulsera-micro-orgn-arcngel-metatrn-en-plata-0-925-con-pirita","status":"publish","type":"product","link":"https:\/\/artesagrado.com.mx\/en\/product\/pulsera-micro-orgn-arcngel-metatrn-en-plata-0-925-con-pirita\/","title":{"rendered":"Micro Orgone Bracelet Archangel Metatron in 0.925 Silver with Pyrite"},"content":{"rendered":"<p>Dr. Willheim Reich described the<strong> Orgone<\/strong> as the cosmic energy that is part of all living matter. The name comes from \"organism and orgasm\", which refers to the vital energy and creative power.<\/p>\n<p>An Orgone generator or energy transmuter is a compact and solid structure made to stimulate the piezoelectric properties of its materials and thus attract, accumulate, order and enhance the energy present, transforming the negative and chaotic electromagnetic waves into vital energy, harmonized and in perfect harmony with nature, which is reflected in restorative biological effects, which is why it has been used for therapeutic purposes due to its benefits in a wide range of applications.<\/p>\n<p>&nbsp;<\/p>\n<p>The <strong>Metatron's Cube<\/strong> is considered the pinnacle of ancient geometry and is a geometric body that is part of the \"Flower of Life\".<\/p>\n<p>Its name comes from the Mighty Eighth of the Archangels, Metatron. Metatron is the guardian Archangel of our planet who lovingly intervenes for its highest good, he embodied his almic code in this symbol\/code and when drawn in space, acts as a great protector and enhancer, protecting people and places.<\/p>\n<p>This code is formed by thirteen circles and two tetrahedrons, which in turn form the Merkabah or body of light. It is an archetypal code loaded with power and information of reality and divine truths; Metatron is also the main conductor and user of the Metatronic energy, the one with which the universe itself was created, and has also been named as quantum or tachyon energy, depending on the science under which it is analyzed.<\/p>\n<p>The power of this energy is manifested through thought, feeling and word, hence the idea that the universe was generated by a thought, a divine and wonderful thought, which gave way to the infinite and perfect creation of which we are an intimate part.<\/p>\n<p>&nbsp;<\/p>\n<p>The <strong>Pyrite<\/strong> is the quartz of Abundance, Power and Prosperity. It strengthens and empowers masculine energy. It enhances productivity, order and structure.<\/p>\n<p>It is the quartz of Abundance, Power and Prosperity. It strengthens and empowers masculine energy. Enhances productivity, order and structure. Increases security and self-confidence. Stops energetic leakage from the physical body and aura. Expands and structures mental capacities. Strengthens the digestive system, neutralizes toxins. Stimulates cell formation and repairs DNA. Relieves asthma and bronchitis.<\/p>\n<p>Let us pause for a moment to define ascension, which is a cosmic cycle that always happens in every given part of the universe.<\/p>\n<p>Nothing escapes ascension, whatever it is. It is a cyclic upward spiraling movement based on harmonic octaves and luminous sequences of light and love. ascension is a path of upward change, which step by step brings us closer to the Great Spirit; the \"Homecoming\".<\/p>\n<p>As you can notice, the times in which the human being evolves from one state to another are shorter and shorter, and always in higher physical, emotional, mental and spiritual planes and with a better understanding and AWARENESS of the universe to which we belong and are. The next step will not be from one evolutionary state to another, but from one dimension to another.<\/p>\n<p>It will truly be what we call a quantum leap, since in the previous evolutionary changes of the human being, he always remained with his DNA based on carbon, and in this Third Dimension.<\/p>\n<p>&nbsp;<\/p>\n<p>The <strong>Silver<\/strong> is a bright white metal and is the best electrical conductor among metals. <\/p>\n<p>The shine of this metal symbolizes Moonlight, and as such, it is related to our deepest emotions and can store information about the inner world of the wearer. <\/p>\n<p>It is a powerful protector, as it distributes, neutralizes and eliminates negative energy from any source. It helps to enhance dreams making them more lucid, beneficial and productive.<\/p>\n<p>Being related to the moon and emotions, it stimulates clairvoyance and extrasensory perceptions and is the perfect ally to release negative emotions and tensions.<\/p>","protected":false},"excerpt":{"rendered":"<p><strong>Archangel Metatron, Silver, Pyrite<\/strong><\/p>\n<p>Creamos tu pulsera micro org\u00f3n a trav\u00e9s de 33 procesos artesanales de refinamiento<br \/>\ny energ\u00e9ticos.<\/p>\n<p><b>Orgone Power: Personal<\/b><\/p>\n<ul>\n<li>Orgone 2 cm in diameter and 7 mm thick.<\/li>\n<li>Copper machinery and aluminum or bronze base.<\/li>\n<li>Symbol and details in 0.925 Silver.<\/li>\n<li>Adjustable fabric weave.<\/li>\n<li>Discreet, comfortable, elegant protection.<\/li>\n<\/ul>\n<p>NOTE: Due to their nature, some of the pieces that make up this work of power may vary in detail, tone and color.<\/p>","protected":false},"featured_media":45283,"comment_status":"closed","ping_status":"closed","template":"","meta":{"_acf_changed":false,"site-sidebar-layout":"default","site-content-layout":"","ast-site-content-layout":"default","site-content-style":"default","site-sidebar-style":"default","ast-global-header-display":"","ast-banner-title-visibility":"","ast-main-header-display":"","ast-hfb-above-header-display":"","ast-hfb-below-header-display":"","ast-hfb-mobile-header-display":"","site-post-title":"","ast-breadcrumbs-content":"","ast-featured-img":"","footer-sml-layout":"","ast-disable-related-posts":"","theme-transparent-header-meta":"default","adv-header-id-meta":"","stick-header-meta":"","header-above-stick-meta":"","header-main-stick-meta":"","header-below-stick-meta":"","astra-migrate-meta-layouts":"set","ast-page-background-enabled":"default","ast-page-background-meta":{"desktop":{"background-color":"var(--ast-global-color-4)","background-image":"","background-repeat":"repeat","background-position":"center center","background-size":"auto","background-attachment":"scroll","background-type":"","background-media":"","overlay-type":"","overlay-color":"","overlay-opacity":"","overlay-gradient":""},"tablet":{"background-color":"","background-image":"","background-repeat":"repeat","background-position":"center center","background-size":"auto","background-attachment":"scroll","background-type":"","background-media":"","overlay-type":"","overlay-color":"","overlay-opacity":"","overlay-gradient":""},"mobile":{"background-color":"","background-image":"","background-repeat":"repeat","background-position":"center center","background-size":"auto","background-attachment":"scroll","background-type":"","background-media":"","overlay-type":"","overlay-color":"","overlay-opacity":"","overlay-gradient":""}},"ast-content-background-meta":{"desktop":{"background-color":"var(--ast-global-color-5)","background-image":"","background-repeat":"repeat","background-position":"center center","background-size":"auto","background-attachment":"scroll","background-type":"","background-media":"","overlay-type":"","overlay-color":"","overlay-opacity":"","overlay-gradient":""},"tablet":{"background-color":"var(--ast-global-color-5)","background-image":"","background-repeat":"repeat","background-position":"center center","background-size":"auto","background-attachment":"scroll","background-type":"","background-media":"","overlay-type":"","overlay-color":"","overlay-opacity":"","overlay-gradient":""},"mobile":{"background-color":"var(--ast-global-color-5)","background-image":"","background-repeat":"repeat","background-position":"center center","background-size":"auto","background-attachment":"scroll","background-type":"","background-media":"","overlay-type":"","overlay-color":"","overlay-opacity":"","overlay-gradient":""}},"_joinchat":[]},"astrologia":[],"coleccion":[],"joyeria":[1574,1583,1588,1585,2483,1586],"linea":[],"material":[2342,2227,2226],"orgonita":[1633,1609],"piedra":[900,901],"proposito":[685,688,716,1685],"simbolo":[2486],"tamano":[808],"visibilidad-producto-nuevo":[],"product_brand":[],"product_cat":[1618,1610],"product_tag":[],"class_list":{"0":"post-45278","1":"product","2":"type-product","3":"status-publish","4":"has-post-thumbnail","6":"joyeria-coleccion-joyeria","7":"joyeria-pulseras","8":"joyeria-pulseras-de-cuarzo","9":"joyeria-pulseras-de-plata","10":"joyeria-pulseras-micro-orgon","11":"joyeria-pulseras-tejidas","12":"material-cuarzo","13":"material-plata","14":"material-tela","15":"orgonita-joyeria","16":"orgonita-pulseras-orgon","17":"piedra-pirita","18":"piedra-plata","19":"proposito-abundancia","20":"proposito-armonia","21":"proposito-dinero","22":"proposito-proteccion","23":"simbolo-arcangel-metatron","24":"tamano-micro","25":"product_cat-joyeria","26":"product_cat-orgonitas","27":"desktop-align-left","28":"tablet-align-left","29":"mobile-align-left","31":"first","32":"instock","33":"shipping-taxable","34":"purchasable","35":"product-type-variable","36":"has-default-attributes","37":"wvs-archive-product-wrapper"},"acf":[],"yoast_head":"<!-- This site is optimized with the Yoast SEO Premium plugin v24.9 (Yoast SEO v24.9) - https:\/\/yoast.com\/wordpress\/plugins\/seo\/ -->\n<title>Pulsera Micro Org\u00f3n Arc\u00e1ngel Metatr\u00f3n en Plata 0.925 con Pirita &#8902; Arte Sagrado<\/title>\n<meta name=\"description\" content=\"Pulsera Micro Org\u00f3n Arc\u00e1ngel Metatr\u00f3n en Plata 0.925 con Pirita, s\u00edmbolo de conexi\u00f3n divina y manifestaci\u00f3n, perfecta para elevar tu campo energ\u00e9tico.\" \/>\n<meta name=\"robots\" content=\"index, follow, max-snippet:-1, max-image-preview:large, max-video-preview:-1\" \/>\n<link rel=\"canonical\" href=\"https:\/\/artesagrado.com.mx\/en\/product\/pulsera-micro-orgn-arcngel-metatrn-en-plata-0-925-con-pirita\/\" \/>\n<meta property=\"og:locale\" content=\"en_US\" \/>\n<meta property=\"og:type\" content=\"article\" \/>\n<meta property=\"og:title\" content=\"Pulsera Micro Org\u00f3n Arc\u00e1ngel Metatr\u00f3n en Plata 0.925 con Pirita\" \/>\n<meta property=\"og:description\" content=\"Descubre la colecci\u00f3n de productos de Arte Sagrado M\u00e9xico: joyer\u00eda y dispositivos energ\u00e9ticos elaborados con geometr\u00eda sagrada y tecnolog\u00eda Org\u00f3n para equilibrar y armonizar tu vida.\" \/>\n<meta property=\"og:url\" content=\"https:\/\/artesagrado.com.mx\/en\/product\/pulsera-micro-orgn-arcngel-metatrn-en-plata-0-925-con-pirita\/\" \/>\n<meta property=\"og:site_name\" content=\"Arte Sagrado\" \/>\n<meta property=\"article:publisher\" content=\"https:\/\/www.facebook.com\/ArteSagradoMexico\" \/>\n<meta property=\"article:modified_time\" content=\"2026-01-22T22:35:46+00:00\" \/>\n<meta property=\"og:image\" content=\"https:\/\/artesagrado.com.mx\/wp-content\/uploads\/2025\/04\/Pulsera-Micro-Orgon-Arcangel-Metatron-en-Plata-0.925-con-Pirita_3.webp\" \/>\n\t<meta property=\"og:image:width\" content=\"1250\" \/>\n\t<meta property=\"og:image:height\" content=\"1250\" \/>\n\t<meta property=\"og:image:type\" content=\"image\/webp\" \/>\n<meta name=\"twitter:card\" content=\"summary_large_image\" \/>\n<meta name=\"twitter:label1\" content=\"Availability\" \/>\n\t<meta name=\"twitter:data1\" content=\"In stock\" \/>\n<script type=\"application\/ld+json\" class=\"yoast-schema-graph\">{\"@context\":\"https:\/\/schema.org\",\"@graph\":[{\"@type\":\"WebPage\",\"@id\":\"https:\/\/artesagrado.com.mx\/producto\/pulsera-micro-orgn-arcngel-metatrn-en-plata-0-925-con-pirita\/\",\"url\":\"https:\/\/artesagrado.com.mx\/producto\/pulsera-micro-orgn-arcngel-metatrn-en-plata-0-925-con-pirita\/\",\"name\":\"Pulsera Micro Org\u00f3n Arc\u00e1ngel Metatr\u00f3n en Plata 0.925 con Pirita &#8902; Arte Sagrado\",\"isPartOf\":{\"@id\":\"https:\/\/artesagrado.com.mx\/#website\"},\"primaryImageOfPage\":{\"@id\":\"https:\/\/artesagrado.com.mx\/producto\/pulsera-micro-orgn-arcngel-metatrn-en-plata-0-925-con-pirita\/#primaryimage\"},\"image\":{\"@id\":\"https:\/\/artesagrado.com.mx\/producto\/pulsera-micro-orgn-arcngel-metatrn-en-plata-0-925-con-pirita\/#primaryimage\"},\"thumbnailUrl\":\"https:\/\/artesagrado.com.mx\/wp-content\/uploads\/2025\/04\/Pulsera-Micro-Orgon-Arcangel-Metatron-en-Plata-0.925-con-Pirita_3.webp\",\"datePublished\":\"2025-04-24T18:21:40+00:00\",\"dateModified\":\"2026-01-22T22:35:46+00:00\",\"description\":\"Pulsera Micro Org\u00f3n Arc\u00e1ngel Metatr\u00f3n en Plata 0.925 con Pirita, s\u00edmbolo de conexi\u00f3n divina y manifestaci\u00f3n, perfecta para elevar tu campo energ\u00e9tico.\",\"breadcrumb\":{\"@id\":\"https:\/\/artesagrado.com.mx\/producto\/pulsera-micro-orgn-arcngel-metatrn-en-plata-0-925-con-pirita\/#breadcrumb\"},\"inLanguage\":\"en-US\",\"potentialAction\":[{\"@type\":\"ReadAction\",\"target\":[\"https:\/\/artesagrado.com.mx\/producto\/pulsera-micro-orgn-arcngel-metatrn-en-plata-0-925-con-pirita\/\"]}]},{\"@type\":\"ImageObject\",\"inLanguage\":\"en-US\",\"@id\":\"https:\/\/artesagrado.com.mx\/producto\/pulsera-micro-orgn-arcngel-metatrn-en-plata-0-925-con-pirita\/#primaryimage\",\"url\":\"https:\/\/artesagrado.com.mx\/wp-content\/uploads\/2025\/04\/Pulsera-Micro-Orgon-Arcangel-Metatron-en-Plata-0.925-con-Pirita_3.webp\",\"contentUrl\":\"https:\/\/artesagrado.com.mx\/wp-content\/uploads\/2025\/04\/Pulsera-Micro-Orgon-Arcangel-Metatron-en-Plata-0.925-con-Pirita_3.webp\",\"width\":1250,\"height\":1250},{\"@type\":\"BreadcrumbList\",\"@id\":\"https:\/\/artesagrado.com.mx\/producto\/pulsera-micro-orgn-arcngel-metatrn-en-plata-0-925-con-pirita\/#breadcrumb\",\"itemListElement\":[{\"@type\":\"ListItem\",\"position\":1,\"name\":\"Portada\",\"item\":\"https:\/\/artesagrado.com.mx\/\"},{\"@type\":\"ListItem\",\"position\":2,\"name\":\"Tienda\",\"item\":\"https:\/\/artesagrado.com.mx\/tienda\/\"},{\"@type\":\"ListItem\",\"position\":3,\"name\":\"Pulsera Micro Org\u00f3n Arc\u00e1ngel Metatr\u00f3n en Plata 0.925 con Pirita\"}]},{\"@type\":\"WebSite\",\"@id\":\"https:\/\/artesagrado.com.mx\/#website\",\"url\":\"https:\/\/artesagrado.com.mx\/\",\"name\":\"Arte Sagrado\",\"description\":\"Empoderando tu ser\",\"publisher\":{\"@id\":\"https:\/\/artesagrado.com.mx\/#organization\"},\"alternateName\":\"Arte Sagrado M\u00e9xico\",\"potentialAction\":[{\"@type\":\"SearchAction\",\"target\":{\"@type\":\"EntryPoint\",\"urlTemplate\":\"https:\/\/artesagrado.com.mx\/?s={search_term_string}\"},\"query-input\":{\"@type\":\"PropertyValueSpecification\",\"valueRequired\":true,\"valueName\":\"search_term_string\"}}],\"inLanguage\":\"en-US\"},{\"@type\":\"Organization\",\"@id\":\"https:\/\/artesagrado.com.mx\/#organization\",\"name\":\"Arte Sagrado\",\"alternateName\":\"Arte Sagrado M\u00e9xico\",\"url\":\"https:\/\/artesagrado.com.mx\/\",\"logo\":{\"@type\":\"ImageObject\",\"inLanguage\":\"en-US\",\"@id\":\"https:\/\/artesagrado.com.mx\/#\/schema\/logo\/image\/\",\"url\":\"https:\/\/artesagrado.com.mx\/wp-content\/uploads\/2024\/07\/portada_cuadrada_base_arte-sagrado.webp\",\"contentUrl\":\"https:\/\/artesagrado.com.mx\/wp-content\/uploads\/2024\/07\/portada_cuadrada_base_arte-sagrado.webp\",\"width\":1000,\"height\":1000,\"caption\":\"Arte Sagrado\"},\"image\":{\"@id\":\"https:\/\/artesagrado.com.mx\/#\/schema\/logo\/image\/\"},\"sameAs\":[\"https:\/\/www.facebook.com\/ArteSagradoMexico\",\"https:\/\/www.instagram.com\/arte_sagrado_oficial\/\",\"https:\/\/www.tiktok.com\/@arte_sagrado_oficial\"],\"description\":\"Arte Sagrado\u00ae es un proyecto pensado, sentido y accionado al servicio de la humanidad y la conciencia. Nacemos en tiempos precisos donde la luz y el recuerdo de nuestra grandeza, empiezan a resplandecer; es por eso que nuestro proyecto se enfoca y especializa en contribuir con informaci\u00f3n y conocimiento de los arquetipos originales y el lenguaje de la geometr\u00eda sagrada.\",\"publishingPrinciples\":\"https:\/\/artesagrado.com.mx\/conoce-a-arte-sagrado\/\"}]}<\/script>\n<meta property=\"og:availability\" content=\"instock\" \/>\n<meta property=\"product:availability\" content=\"instock\" \/>\n<meta property=\"product:condition\" content=\"new\" \/>\n<!-- \/ Yoast SEO Premium plugin. -->","yoast_head_json":{"title":"Pulsera Micro Org\u00f3n Arc\u00e1ngel Metatr\u00f3n en Plata 0.925 con Pirita &#8902; Arte Sagrado","description":"Pulsera Micro Org\u00f3n Arc\u00e1ngel Metatr\u00f3n en Plata 0.925 con Pirita, s\u00edmbolo de conexi\u00f3n divina y manifestaci\u00f3n, perfecta para elevar tu campo energ\u00e9tico.","robots":{"index":"index","follow":"follow","max-snippet":"max-snippet:-1","max-image-preview":"max-image-preview:large","max-video-preview":"max-video-preview:-1"},"canonical":"https:\/\/artesagrado.com.mx\/en\/product\/pulsera-micro-orgn-arcngel-metatrn-en-plata-0-925-con-pirita\/","og_locale":"en_US","og_type":"article","og_title":"Pulsera Micro Org\u00f3n Arc\u00e1ngel Metatr\u00f3n en Plata 0.925 con Pirita","og_description":"Descubre la colecci\u00f3n de productos de Arte Sagrado M\u00e9xico: joyer\u00eda y dispositivos energ\u00e9ticos elaborados con geometr\u00eda sagrada y tecnolog\u00eda Org\u00f3n para equilibrar y armonizar tu vida.","og_url":"https:\/\/artesagrado.com.mx\/en\/product\/pulsera-micro-orgn-arcngel-metatrn-en-plata-0-925-con-pirita\/","og_site_name":"Arte Sagrado","article_publisher":"https:\/\/www.facebook.com\/ArteSagradoMexico","article_modified_time":"2026-01-22T22:35:46+00:00","og_image":[{"width":1250,"height":1250,"url":"https:\/\/artesagrado.com.mx\/wp-content\/uploads\/2025\/04\/Pulsera-Micro-Orgon-Arcangel-Metatron-en-Plata-0.925-con-Pirita_3.webp","type":"image\/webp"}],"twitter_card":"summary_large_image","twitter_misc":{"Availability":"In stock"},"schema":{"@context":"https:\/\/schema.org","@graph":[{"@type":"WebPage","@id":"https:\/\/artesagrado.com.mx\/producto\/pulsera-micro-orgn-arcngel-metatrn-en-plata-0-925-con-pirita\/","url":"https:\/\/artesagrado.com.mx\/producto\/pulsera-micro-orgn-arcngel-metatrn-en-plata-0-925-con-pirita\/","name":"Pulsera Micro Org\u00f3n Arc\u00e1ngel Metatr\u00f3n en Plata 0.925 con Pirita &#8902; Arte Sagrado","isPartOf":{"@id":"https:\/\/artesagrado.com.mx\/#website"},"primaryImageOfPage":{"@id":"https:\/\/artesagrado.com.mx\/producto\/pulsera-micro-orgn-arcngel-metatrn-en-plata-0-925-con-pirita\/#primaryimage"},"image":{"@id":"https:\/\/artesagrado.com.mx\/producto\/pulsera-micro-orgn-arcngel-metatrn-en-plata-0-925-con-pirita\/#primaryimage"},"thumbnailUrl":"https:\/\/artesagrado.com.mx\/wp-content\/uploads\/2025\/04\/Pulsera-Micro-Orgon-Arcangel-Metatron-en-Plata-0.925-con-Pirita_3.webp","datePublished":"2025-04-24T18:21:40+00:00","dateModified":"2026-01-22T22:35:46+00:00","description":"Pulsera Micro Org\u00f3n Arc\u00e1ngel Metatr\u00f3n en Plata 0.925 con Pirita, s\u00edmbolo de conexi\u00f3n divina y manifestaci\u00f3n, perfecta para elevar tu campo energ\u00e9tico.","breadcrumb":{"@id":"https:\/\/artesagrado.com.mx\/producto\/pulsera-micro-orgn-arcngel-metatrn-en-plata-0-925-con-pirita\/#breadcrumb"},"inLanguage":"en-US","potentialAction":[{"@type":"ReadAction","target":["https:\/\/artesagrado.com.mx\/producto\/pulsera-micro-orgn-arcngel-metatrn-en-plata-0-925-con-pirita\/"]}]},{"@type":"ImageObject","inLanguage":"en-US","@id":"https:\/\/artesagrado.com.mx\/producto\/pulsera-micro-orgn-arcngel-metatrn-en-plata-0-925-con-pirita\/#primaryimage","url":"https:\/\/artesagrado.com.mx\/wp-content\/uploads\/2025\/04\/Pulsera-Micro-Orgon-Arcangel-Metatron-en-Plata-0.925-con-Pirita_3.webp","contentUrl":"https:\/\/artesagrado.com.mx\/wp-content\/uploads\/2025\/04\/Pulsera-Micro-Orgon-Arcangel-Metatron-en-Plata-0.925-con-Pirita_3.webp","width":1250,"height":1250},{"@type":"BreadcrumbList","@id":"https:\/\/artesagrado.com.mx\/producto\/pulsera-micro-orgn-arcngel-metatrn-en-plata-0-925-con-pirita\/#breadcrumb","itemListElement":[{"@type":"ListItem","position":1,"name":"Portada","item":"https:\/\/artesagrado.com.mx\/"},{"@type":"ListItem","position":2,"name":"Tienda","item":"https:\/\/artesagrado.com.mx\/tienda\/"},{"@type":"ListItem","position":3,"name":"Pulsera Micro Org\u00f3n Arc\u00e1ngel Metatr\u00f3n en Plata 0.925 con Pirita"}]},{"@type":"WebSite","@id":"https:\/\/artesagrado.com.mx\/#website","url":"https:\/\/artesagrado.com.mx\/","name":"Arte Sagrado","description":"Empoderando tu ser","publisher":{"@id":"https:\/\/artesagrado.com.mx\/#organization"},"alternateName":"Arte Sagrado M\u00e9xico","potentialAction":[{"@type":"SearchAction","target":{"@type":"EntryPoint","urlTemplate":"https:\/\/artesagrado.com.mx\/?s={search_term_string}"},"query-input":{"@type":"PropertyValueSpecification","valueRequired":true,"valueName":"search_term_string"}}],"inLanguage":"en-US"},{"@type":"Organization","@id":"https:\/\/artesagrado.com.mx\/#organization","name":"Arte Sagrado","alternateName":"Arte Sagrado M\u00e9xico","url":"https:\/\/artesagrado.com.mx\/","logo":{"@type":"ImageObject","inLanguage":"en-US","@id":"https:\/\/artesagrado.com.mx\/#\/schema\/logo\/image\/","url":"https:\/\/artesagrado.com.mx\/wp-content\/uploads\/2024\/07\/portada_cuadrada_base_arte-sagrado.webp","contentUrl":"https:\/\/artesagrado.com.mx\/wp-content\/uploads\/2024\/07\/portada_cuadrada_base_arte-sagrado.webp","width":1000,"height":1000,"caption":"Arte Sagrado"},"image":{"@id":"https:\/\/artesagrado.com.mx\/#\/schema\/logo\/image\/"},"sameAs":["https:\/\/www.facebook.com\/ArteSagradoMexico","https:\/\/www.instagram.com\/arte_sagrado_oficial\/","https:\/\/www.tiktok.com\/@arte_sagrado_oficial"],"description":"Arte Sagrado\u00ae es un proyecto pensado, sentido y accionado al servicio de la humanidad y la conciencia. Nacemos en tiempos precisos donde la luz y el recuerdo de nuestra grandeza, empiezan a resplandecer; es por eso que nuestro proyecto se enfoca y especializa en contribuir con informaci\u00f3n y conocimiento de los arquetipos originales y el lenguaje de la geometr\u00eda sagrada.","publishingPrinciples":"https:\/\/artesagrado.com.mx\/conoce-a-arte-sagrado\/"}]},"og_availability":"instock","product_availability":"instock","product_condition":"new"},"jetpack_sharing_enabled":true,"_links":{"self":[{"href":"https:\/\/artesagrado.com.mx\/en\/wp-json\/wp\/v2\/product\/45278","targetHints":{"allow":["GET"]}}],"collection":[{"href":"https:\/\/artesagrado.com.mx\/en\/wp-json\/wp\/v2\/product"}],"about":[{"href":"https:\/\/artesagrado.com.mx\/en\/wp-json\/wp\/v2\/types\/product"}],"replies":[{"embeddable":true,"href":"https:\/\/artesagrado.com.mx\/en\/wp-json\/wp\/v2\/comments?post=45278"}],"wp:featuredmedia":[{"embeddable":true,"href":"https:\/\/artesagrado.com.mx\/en\/wp-json\/wp\/v2\/media\/45283"}],"wp:attachment":[{"href":"https:\/\/artesagrado.com.mx\/en\/wp-json\/wp\/v2\/media?parent=45278"}],"wp:term":[{"taxonomy":"astrologia","embeddable":true,"href":"https:\/\/artesagrado.com.mx\/en\/wp-json\/wp\/v2\/astrologia?post=45278"},{"taxonomy":"coleccion","embeddable":true,"href":"https:\/\/artesagrado.com.mx\/en\/wp-json\/wp\/v2\/coleccion?post=45278"},{"taxonomy":"joyeria","embeddable":true,"href":"https:\/\/artesagrado.com.mx\/en\/wp-json\/wp\/v2\/joyeria?post=45278"},{"taxonomy":"linea","embeddable":true,"href":"https:\/\/artesagrado.com.mx\/en\/wp-json\/wp\/v2\/linea?post=45278"},{"taxonomy":"material","embeddable":true,"href":"https:\/\/artesagrado.com.mx\/en\/wp-json\/wp\/v2\/material?post=45278"},{"taxonomy":"orgonita","embeddable":true,"href":"https:\/\/artesagrado.com.mx\/en\/wp-json\/wp\/v2\/orgonita?post=45278"},{"taxonomy":"piedra","embeddable":true,"href":"https:\/\/artesagrado.com.mx\/en\/wp-json\/wp\/v2\/piedra?post=45278"},{"taxonomy":"proposito","embeddable":true,"href":"https:\/\/artesagrado.com.mx\/en\/wp-json\/wp\/v2\/proposito?post=45278"},{"taxonomy":"simbolo","embeddable":true,"href":"https:\/\/artesagrado.com.mx\/en\/wp-json\/wp\/v2\/simbolo?post=45278"},{"taxonomy":"tamano","embeddable":true,"href":"https:\/\/artesagrado.com.mx\/en\/wp-json\/wp\/v2\/tamano?post=45278"},{"taxonomy":"visibilidad-producto-nuevo","embeddable":true,"href":"https:\/\/artesagrado.com.mx\/en\/wp-json\/wp\/v2\/visibilidad-producto-nuevo?post=45278"},{"taxonomy":"product_brand","embeddable":true,"href":"https:\/\/artesagrado.com.mx\/en\/wp-json\/wp\/v2\/product_brand?post=45278"},{"taxonomy":"product_cat","embeddable":true,"href":"https:\/\/artesagrado.com.mx\/en\/wp-json\/wp\/v2\/product_cat?post=45278"},{"taxonomy":"product_tag","embeddable":true,"href":"https:\/\/artesagrado.com.mx\/en\/wp-json\/wp\/v2\/product_tag?post=45278"}],"curies":[{"name":"wp","href":"https:\/\/api.w.org\/{rel}","templated":true}]}}