{"id":45563,"date":"2025-05-08T17:07:41","date_gmt":"2025-05-08T23:07:41","guid":{"rendered":"https:\/\/artesagrado.com.mx\/?post_type=product&#038;p=45563"},"modified":"2026-01-22T17:06:51","modified_gmt":"2026-01-22T23:06:51","slug":"pulsera-cafe-micro-orgn-vesica-piscis-en-chapa-de-oro-de-14k-con-piedra-luna-perla-y-swarovski","status":"publish","type":"product","link":"https:\/\/artesagrado.com.mx\/en\/product\/pulsera-cafe-micro-orgn-vesica-piscis-en-chapa-de-oro-de-14k-con-piedra-luna-perla-y-swarovski\/","title":{"rendered":"Pulsera Caf\u00e9 Micro Org\u00f3n Vesica Piscis en Chapa de Oro de 14K con Piedra Luna, Perla y Swarovski"},"content":{"rendered":"<p>Dr. Willheim Reich described the<strong> Orgone<\/strong> as the cosmic energy that is part of all living matter. The name comes from \"organism and orgasm\", which refers to the vital energy and creative power.<\/p>\n<p>An Orgone generator or energy transmuter is a compact and solid structure made to stimulate the piezoelectric properties of its materials and thus attract, accumulate, order and enhance the energy present, transforming the negative and chaotic electromagnetic waves into vital energy, harmonized and in perfect harmony with nature, which is reflected in restorative biological effects, which is why it has been used for therapeutic purposes due to its benefits in a wide range of applications.<\/p>\n<p>&nbsp;<\/p>\n<p>The <strong>Vesica Pisces<\/strong> represents the union of two opposing forces, such as male and female, heaven and earth, or the spiritual and the material. Through their intersection, it symbolizes the creation of a new reality or the unity that emerges from duality.<\/p>\n<p>Vesica Pisces represents the first demonstration of true love, the first separation and dissolution of the ego to find the other in me and to allow myself to be found in the other.<\/p>\n<p>It is the root and primordial pattern for the construction of the flower of life; the continuous separation of divinity to build creation in a perfect balance between unity and the whole.<\/p>\n<p>&nbsp;<\/p>\n<p>The <strong>Moonstone<\/strong>, helps us to free ourselves from bad thoughts and energies, to carry out a personal catharsis often necessary to find the balance we are looking for in our lives.<\/p>\n<p>The Moonstone is also related to passionate love, the awakening of intuition, success in business and protection on land and sea, being an ideal element for any frequent traveler.<\/p>\n<p>Moonstone quartz is considered a stone that brings good omens to new couples, and protects their love against future problems or vicissitudes.<\/p>\n<p>&nbsp;<\/p>\n<p>The <strong>Pearl<\/strong> brings vitality, emotional and spiritual balance. They are a symbol of patience, high sensitivity, femininity and innocence. They are related to the moon and the feminine aspect, they are often used in night rituals, especially to attract love, money, protection or good luck.<\/p>\n<p>The mystical powers of the pearl make people go inside themselves to find their true self, thus reaching the real meaning of life. <\/p>\n<p>It helps to clear the mind and be more focused and humble. <\/p>","protected":false},"excerpt":{"rendered":"<p><strong>Vesica Pisces, Gold Plated, Moonstone, Pearl and Swarovski<\/strong><\/p>\n<p>We create your micro orgone bracelet through 33 artisanal processes of refinement and energetics.<\/p>\n<p><b>Orgone Power: Personal<\/b><\/p>\n<ul>\n<li>Orgone 2 cm in diameter and 7 mm thick.<\/li>\n<li>Copper machinery and aluminum or bronze base.<\/li>\n<li>Adjustable fabric weave.<\/li>\n<li>Symbol and details in 14k gold plate.<\/li>\n<li>Discreet, comfortable, elegant protection.<\/li>\n<\/ul>\n<p>NOTE: Due to their nature, some of the pieces that make up this work of power may vary in detail, tone and color.<\/p>","protected":false},"featured_media":45566,"comment_status":"closed","ping_status":"closed","template":"","meta":{"_acf_changed":false,"site-sidebar-layout":"default","site-content-layout":"","ast-site-content-layout":"default","site-content-style":"default","site-sidebar-style":"default","ast-global-header-display":"","ast-banner-title-visibility":"","ast-main-header-display":"","ast-hfb-above-header-display":"","ast-hfb-below-header-display":"","ast-hfb-mobile-header-display":"","site-post-title":"","ast-breadcrumbs-content":"","ast-featured-img":"","footer-sml-layout":"","ast-disable-related-posts":"","theme-transparent-header-meta":"default","adv-header-id-meta":"","stick-header-meta":"","header-above-stick-meta":"","header-main-stick-meta":"","header-below-stick-meta":"","astra-migrate-meta-layouts":"set","ast-page-background-enabled":"default","ast-page-background-meta":{"desktop":{"background-color":"var(--ast-global-color-4)","background-image":"","background-repeat":"repeat","background-position":"center center","background-size":"auto","background-attachment":"scroll","background-type":"","background-media":"","overlay-type":"","overlay-color":"","overlay-opacity":"","overlay-gradient":""},"tablet":{"background-color":"","background-image":"","background-repeat":"repeat","background-position":"center center","background-size":"auto","background-attachment":"scroll","background-type":"","background-media":"","overlay-type":"","overlay-color":"","overlay-opacity":"","overlay-gradient":""},"mobile":{"background-color":"","background-image":"","background-repeat":"repeat","background-position":"center center","background-size":"auto","background-attachment":"scroll","background-type":"","background-media":"","overlay-type":"","overlay-color":"","overlay-opacity":"","overlay-gradient":""}},"ast-content-background-meta":{"desktop":{"background-color":"var(--ast-global-color-5)","background-image":"","background-repeat":"repeat","background-position":"center center","background-size":"auto","background-attachment":"scroll","background-type":"","background-media":"","overlay-type":"","overlay-color":"","overlay-opacity":"","overlay-gradient":""},"tablet":{"background-color":"var(--ast-global-color-5)","background-image":"","background-repeat":"repeat","background-position":"center center","background-size":"auto","background-attachment":"scroll","background-type":"","background-media":"","overlay-type":"","overlay-color":"","overlay-opacity":"","overlay-gradient":""},"mobile":{"background-color":"var(--ast-global-color-5)","background-image":"","background-repeat":"repeat","background-position":"center center","background-size":"auto","background-attachment":"scroll","background-type":"","background-media":"","overlay-type":"","overlay-color":"","overlay-opacity":"","overlay-gradient":""}},"_joinchat":[]},"astrologia":[],"coleccion":[],"joyeria":[1574,1583,1587,1588,2483,1586],"linea":[],"material":[2231,2342,2226],"orgonita":[1633,1609],"piedra":[896,898],"proposito":[2065,2215,714,1907,2017,756,1782,1781],"simbolo":[857],"tamano":[808],"visibilidad-producto-nuevo":[],"product_brand":[],"product_cat":[1618,1610],"product_tag":[],"class_list":{"0":"post-45563","1":"product","2":"type-product","3":"status-publish","4":"has-post-thumbnail","6":"joyeria-coleccion-joyeria","7":"joyeria-pulseras","8":"joyeria-pulseras-de-chapa-de-oro","9":"joyeria-pulseras-de-cuarzo","10":"joyeria-pulseras-micro-orgon","11":"joyeria-pulseras-tejidas","12":"material-chapa-de-oro","13":"material-cuarzo","14":"material-tela","15":"orgonita-joyeria","16":"orgonita-pulseras-orgon","17":"piedra-perla","18":"piedra-piedra-luna","19":"proposito-conexion-espiritual","20":"proposito-creacion","21":"proposito-energia-cristica","22":"proposito-feminidad","23":"proposito-humanismo","24":"proposito-justicia","25":"proposito-paz","26":"proposito-tranquilidad","27":"simbolo-vesica-piscis","28":"tamano-micro","29":"product_cat-joyeria","30":"product_cat-orgonitas","31":"desktop-align-left","32":"tablet-align-left","33":"mobile-align-left","35":"first","36":"instock","37":"shipping-taxable","38":"purchasable","39":"product-type-variable","40":"has-default-attributes","41":"wvs-archive-product-wrapper"},"acf":[],"yoast_head":"<!-- This site is optimized with the Yoast SEO Premium plugin v24.9 (Yoast SEO v24.9) - https:\/\/yoast.com\/wordpress\/plugins\/seo\/ -->\n<title>Pulsera Caf\u00e9 Micro Org\u00f3n Vesica Piscis en Chapa de Oro de 14K con Piedra Luna, Perla y Swarovski &#8902; Arte Sagrado<\/title>\n<meta name=\"description\" content=\"Pulsera Micro Org\u00f3n Vesica Piscis en Chapa de Oro de 14K con Piedra Luna, Perla y Swarovski, un portal de energ\u00eda divina, intuici\u00f3n y brillo sutil.\" \/>\n<meta name=\"robots\" content=\"index, follow, max-snippet:-1, max-image-preview:large, max-video-preview:-1\" \/>\n<link rel=\"canonical\" href=\"https:\/\/artesagrado.com.mx\/en\/product\/pulsera-cafe-micro-orgn-vesica-piscis-en-chapa-de-oro-de-14k-con-piedra-luna-perla-y-swarovski\/\" \/>\n<meta property=\"og:locale\" content=\"en_US\" \/>\n<meta property=\"og:type\" content=\"article\" \/>\n<meta property=\"og:title\" content=\"Pulsera Caf\u00e9 Micro Org\u00f3n Vesica Piscis en Chapa de Oro de 14K con Piedra Luna, Perla y Swarovski\" \/>\n<meta property=\"og:description\" content=\"Descubre la colecci\u00f3n de productos de Arte Sagrado M\u00e9xico: joyer\u00eda y dispositivos energ\u00e9ticos elaborados con geometr\u00eda sagrada y tecnolog\u00eda Org\u00f3n para equilibrar y armonizar tu vida.\" \/>\n<meta property=\"og:url\" content=\"https:\/\/artesagrado.com.mx\/en\/product\/pulsera-cafe-micro-orgn-vesica-piscis-en-chapa-de-oro-de-14k-con-piedra-luna-perla-y-swarovski\/\" \/>\n<meta property=\"og:site_name\" content=\"Arte Sagrado\" \/>\n<meta property=\"article:publisher\" content=\"https:\/\/www.facebook.com\/ArteSagradoMexico\" \/>\n<meta property=\"article:modified_time\" content=\"2026-01-22T23:06:51+00:00\" \/>\n<meta property=\"og:image\" content=\"https:\/\/artesagrado.com.mx\/wp-content\/uploads\/2025\/05\/Pulsera-Micro-Orgon-Vesica-Piscis-en-Chapa-de-Oro-de-14K-con-Piedra-Luna-Perla-y-Swarovski_3.webp\" \/>\n\t<meta property=\"og:image:width\" content=\"1000\" \/>\n\t<meta property=\"og:image:height\" content=\"1000\" \/>\n\t<meta property=\"og:image:type\" content=\"image\/webp\" \/>\n<meta name=\"twitter:card\" content=\"summary_large_image\" \/>\n<meta name=\"twitter:label1\" content=\"Availability\" \/>\n\t<meta name=\"twitter:data1\" content=\"In stock\" \/>\n<script type=\"application\/ld+json\" class=\"yoast-schema-graph\">{\"@context\":\"https:\/\/schema.org\",\"@graph\":[{\"@type\":\"WebPage\",\"@id\":\"https:\/\/artesagrado.com.mx\/producto\/pulsera-cafe-micro-orgn-vesica-piscis-en-chapa-de-oro-de-14k-con-piedra-luna-perla-y-swarovski\/\",\"url\":\"https:\/\/artesagrado.com.mx\/producto\/pulsera-cafe-micro-orgn-vesica-piscis-en-chapa-de-oro-de-14k-con-piedra-luna-perla-y-swarovski\/\",\"name\":\"Pulsera Caf\u00e9 Micro Org\u00f3n Vesica Piscis en Chapa de Oro de 14K con Piedra Luna, Perla y Swarovski &#8902; Arte Sagrado\",\"isPartOf\":{\"@id\":\"https:\/\/artesagrado.com.mx\/#website\"},\"primaryImageOfPage\":{\"@id\":\"https:\/\/artesagrado.com.mx\/producto\/pulsera-cafe-micro-orgn-vesica-piscis-en-chapa-de-oro-de-14k-con-piedra-luna-perla-y-swarovski\/#primaryimage\"},\"image\":{\"@id\":\"https:\/\/artesagrado.com.mx\/producto\/pulsera-cafe-micro-orgn-vesica-piscis-en-chapa-de-oro-de-14k-con-piedra-luna-perla-y-swarovski\/#primaryimage\"},\"thumbnailUrl\":\"https:\/\/artesagrado.com.mx\/wp-content\/uploads\/2025\/05\/Pulsera-Micro-Orgon-Vesica-Piscis-en-Chapa-de-Oro-de-14K-con-Piedra-Luna-Perla-y-Swarovski_3.webp\",\"datePublished\":\"2025-05-08T23:07:41+00:00\",\"dateModified\":\"2026-01-22T23:06:51+00:00\",\"description\":\"Pulsera Micro Org\u00f3n Vesica Piscis en Chapa de Oro de 14K con Piedra Luna, Perla y Swarovski, un portal de energ\u00eda divina, intuici\u00f3n y brillo sutil.\",\"breadcrumb\":{\"@id\":\"https:\/\/artesagrado.com.mx\/producto\/pulsera-cafe-micro-orgn-vesica-piscis-en-chapa-de-oro-de-14k-con-piedra-luna-perla-y-swarovski\/#breadcrumb\"},\"inLanguage\":\"en-US\",\"potentialAction\":[{\"@type\":\"ReadAction\",\"target\":[\"https:\/\/artesagrado.com.mx\/producto\/pulsera-cafe-micro-orgn-vesica-piscis-en-chapa-de-oro-de-14k-con-piedra-luna-perla-y-swarovski\/\"]}]},{\"@type\":\"ImageObject\",\"inLanguage\":\"en-US\",\"@id\":\"https:\/\/artesagrado.com.mx\/producto\/pulsera-cafe-micro-orgn-vesica-piscis-en-chapa-de-oro-de-14k-con-piedra-luna-perla-y-swarovski\/#primaryimage\",\"url\":\"https:\/\/artesagrado.com.mx\/wp-content\/uploads\/2025\/05\/Pulsera-Micro-Orgon-Vesica-Piscis-en-Chapa-de-Oro-de-14K-con-Piedra-Luna-Perla-y-Swarovski_3.webp\",\"contentUrl\":\"https:\/\/artesagrado.com.mx\/wp-content\/uploads\/2025\/05\/Pulsera-Micro-Orgon-Vesica-Piscis-en-Chapa-de-Oro-de-14K-con-Piedra-Luna-Perla-y-Swarovski_3.webp\",\"width\":1000,\"height\":1000},{\"@type\":\"BreadcrumbList\",\"@id\":\"https:\/\/artesagrado.com.mx\/producto\/pulsera-cafe-micro-orgn-vesica-piscis-en-chapa-de-oro-de-14k-con-piedra-luna-perla-y-swarovski\/#breadcrumb\",\"itemListElement\":[{\"@type\":\"ListItem\",\"position\":1,\"name\":\"Portada\",\"item\":\"https:\/\/artesagrado.com.mx\/\"},{\"@type\":\"ListItem\",\"position\":2,\"name\":\"Tienda\",\"item\":\"https:\/\/artesagrado.com.mx\/tienda\/\"},{\"@type\":\"ListItem\",\"position\":3,\"name\":\"Pulsera Caf\u00e9 Micro Org\u00f3n Vesica Piscis en Chapa de Oro de 14K con Piedra Luna, Perla y Swarovski\"}]},{\"@type\":\"WebSite\",\"@id\":\"https:\/\/artesagrado.com.mx\/#website\",\"url\":\"https:\/\/artesagrado.com.mx\/\",\"name\":\"Arte Sagrado\",\"description\":\"Empoderando tu ser\",\"publisher\":{\"@id\":\"https:\/\/artesagrado.com.mx\/#organization\"},\"alternateName\":\"Arte Sagrado M\u00e9xico\",\"potentialAction\":[{\"@type\":\"SearchAction\",\"target\":{\"@type\":\"EntryPoint\",\"urlTemplate\":\"https:\/\/artesagrado.com.mx\/?s={search_term_string}\"},\"query-input\":{\"@type\":\"PropertyValueSpecification\",\"valueRequired\":true,\"valueName\":\"search_term_string\"}}],\"inLanguage\":\"en-US\"},{\"@type\":\"Organization\",\"@id\":\"https:\/\/artesagrado.com.mx\/#organization\",\"name\":\"Arte Sagrado\",\"alternateName\":\"Arte Sagrado M\u00e9xico\",\"url\":\"https:\/\/artesagrado.com.mx\/\",\"logo\":{\"@type\":\"ImageObject\",\"inLanguage\":\"en-US\",\"@id\":\"https:\/\/artesagrado.com.mx\/#\/schema\/logo\/image\/\",\"url\":\"https:\/\/artesagrado.com.mx\/wp-content\/uploads\/2024\/07\/portada_cuadrada_base_arte-sagrado.webp\",\"contentUrl\":\"https:\/\/artesagrado.com.mx\/wp-content\/uploads\/2024\/07\/portada_cuadrada_base_arte-sagrado.webp\",\"width\":1000,\"height\":1000,\"caption\":\"Arte Sagrado\"},\"image\":{\"@id\":\"https:\/\/artesagrado.com.mx\/#\/schema\/logo\/image\/\"},\"sameAs\":[\"https:\/\/www.facebook.com\/ArteSagradoMexico\",\"https:\/\/www.instagram.com\/arte_sagrado_oficial\/\",\"https:\/\/www.tiktok.com\/@arte_sagrado_oficial\"],\"description\":\"Arte Sagrado\u00ae es un proyecto pensado, sentido y accionado al servicio de la humanidad y la conciencia. Nacemos en tiempos precisos donde la luz y el recuerdo de nuestra grandeza, empiezan a resplandecer; es por eso que nuestro proyecto se enfoca y especializa en contribuir con informaci\u00f3n y conocimiento de los arquetipos originales y el lenguaje de la geometr\u00eda sagrada.\",\"publishingPrinciples\":\"https:\/\/artesagrado.com.mx\/conoce-a-arte-sagrado\/\"}]}<\/script>\n<meta property=\"og:availability\" content=\"instock\" \/>\n<meta property=\"product:availability\" content=\"instock\" \/>\n<meta property=\"product:condition\" content=\"new\" \/>\n<!-- \/ Yoast SEO Premium plugin. -->","yoast_head_json":{"title":"Pulsera Caf\u00e9 Micro Org\u00f3n Vesica Piscis en Chapa de Oro de 14K con Piedra Luna, Perla y Swarovski &#8902; Arte Sagrado","description":"Pulsera Micro Org\u00f3n Vesica Piscis en Chapa de Oro de 14K con Piedra Luna, Perla y Swarovski, un portal de energ\u00eda divina, intuici\u00f3n y brillo sutil.","robots":{"index":"index","follow":"follow","max-snippet":"max-snippet:-1","max-image-preview":"max-image-preview:large","max-video-preview":"max-video-preview:-1"},"canonical":"https:\/\/artesagrado.com.mx\/en\/product\/pulsera-cafe-micro-orgn-vesica-piscis-en-chapa-de-oro-de-14k-con-piedra-luna-perla-y-swarovski\/","og_locale":"en_US","og_type":"article","og_title":"Pulsera Caf\u00e9 Micro Org\u00f3n Vesica Piscis en Chapa de Oro de 14K con Piedra Luna, Perla y Swarovski","og_description":"Descubre la colecci\u00f3n de productos de Arte Sagrado M\u00e9xico: joyer\u00eda y dispositivos energ\u00e9ticos elaborados con geometr\u00eda sagrada y tecnolog\u00eda Org\u00f3n para equilibrar y armonizar tu vida.","og_url":"https:\/\/artesagrado.com.mx\/en\/product\/pulsera-cafe-micro-orgn-vesica-piscis-en-chapa-de-oro-de-14k-con-piedra-luna-perla-y-swarovski\/","og_site_name":"Arte Sagrado","article_publisher":"https:\/\/www.facebook.com\/ArteSagradoMexico","article_modified_time":"2026-01-22T23:06:51+00:00","og_image":[{"width":1000,"height":1000,"url":"https:\/\/artesagrado.com.mx\/wp-content\/uploads\/2025\/05\/Pulsera-Micro-Orgon-Vesica-Piscis-en-Chapa-de-Oro-de-14K-con-Piedra-Luna-Perla-y-Swarovski_3.webp","type":"image\/webp"}],"twitter_card":"summary_large_image","twitter_misc":{"Availability":"In stock"},"schema":{"@context":"https:\/\/schema.org","@graph":[{"@type":"WebPage","@id":"https:\/\/artesagrado.com.mx\/producto\/pulsera-cafe-micro-orgn-vesica-piscis-en-chapa-de-oro-de-14k-con-piedra-luna-perla-y-swarovski\/","url":"https:\/\/artesagrado.com.mx\/producto\/pulsera-cafe-micro-orgn-vesica-piscis-en-chapa-de-oro-de-14k-con-piedra-luna-perla-y-swarovski\/","name":"Pulsera Caf\u00e9 Micro Org\u00f3n Vesica Piscis en Chapa de Oro de 14K con Piedra Luna, Perla y Swarovski &#8902; Arte Sagrado","isPartOf":{"@id":"https:\/\/artesagrado.com.mx\/#website"},"primaryImageOfPage":{"@id":"https:\/\/artesagrado.com.mx\/producto\/pulsera-cafe-micro-orgn-vesica-piscis-en-chapa-de-oro-de-14k-con-piedra-luna-perla-y-swarovski\/#primaryimage"},"image":{"@id":"https:\/\/artesagrado.com.mx\/producto\/pulsera-cafe-micro-orgn-vesica-piscis-en-chapa-de-oro-de-14k-con-piedra-luna-perla-y-swarovski\/#primaryimage"},"thumbnailUrl":"https:\/\/artesagrado.com.mx\/wp-content\/uploads\/2025\/05\/Pulsera-Micro-Orgon-Vesica-Piscis-en-Chapa-de-Oro-de-14K-con-Piedra-Luna-Perla-y-Swarovski_3.webp","datePublished":"2025-05-08T23:07:41+00:00","dateModified":"2026-01-22T23:06:51+00:00","description":"Pulsera Micro Org\u00f3n Vesica Piscis en Chapa de Oro de 14K con Piedra Luna, Perla y Swarovski, un portal de energ\u00eda divina, intuici\u00f3n y brillo sutil.","breadcrumb":{"@id":"https:\/\/artesagrado.com.mx\/producto\/pulsera-cafe-micro-orgn-vesica-piscis-en-chapa-de-oro-de-14k-con-piedra-luna-perla-y-swarovski\/#breadcrumb"},"inLanguage":"en-US","potentialAction":[{"@type":"ReadAction","target":["https:\/\/artesagrado.com.mx\/producto\/pulsera-cafe-micro-orgn-vesica-piscis-en-chapa-de-oro-de-14k-con-piedra-luna-perla-y-swarovski\/"]}]},{"@type":"ImageObject","inLanguage":"en-US","@id":"https:\/\/artesagrado.com.mx\/producto\/pulsera-cafe-micro-orgn-vesica-piscis-en-chapa-de-oro-de-14k-con-piedra-luna-perla-y-swarovski\/#primaryimage","url":"https:\/\/artesagrado.com.mx\/wp-content\/uploads\/2025\/05\/Pulsera-Micro-Orgon-Vesica-Piscis-en-Chapa-de-Oro-de-14K-con-Piedra-Luna-Perla-y-Swarovski_3.webp","contentUrl":"https:\/\/artesagrado.com.mx\/wp-content\/uploads\/2025\/05\/Pulsera-Micro-Orgon-Vesica-Piscis-en-Chapa-de-Oro-de-14K-con-Piedra-Luna-Perla-y-Swarovski_3.webp","width":1000,"height":1000},{"@type":"BreadcrumbList","@id":"https:\/\/artesagrado.com.mx\/producto\/pulsera-cafe-micro-orgn-vesica-piscis-en-chapa-de-oro-de-14k-con-piedra-luna-perla-y-swarovski\/#breadcrumb","itemListElement":[{"@type":"ListItem","position":1,"name":"Portada","item":"https:\/\/artesagrado.com.mx\/"},{"@type":"ListItem","position":2,"name":"Tienda","item":"https:\/\/artesagrado.com.mx\/tienda\/"},{"@type":"ListItem","position":3,"name":"Pulsera Caf\u00e9 Micro Org\u00f3n Vesica Piscis en Chapa de Oro de 14K con Piedra Luna, Perla y Swarovski"}]},{"@type":"WebSite","@id":"https:\/\/artesagrado.com.mx\/#website","url":"https:\/\/artesagrado.com.mx\/","name":"Arte Sagrado","description":"Empoderando tu ser","publisher":{"@id":"https:\/\/artesagrado.com.mx\/#organization"},"alternateName":"Arte Sagrado M\u00e9xico","potentialAction":[{"@type":"SearchAction","target":{"@type":"EntryPoint","urlTemplate":"https:\/\/artesagrado.com.mx\/?s={search_term_string}"},"query-input":{"@type":"PropertyValueSpecification","valueRequired":true,"valueName":"search_term_string"}}],"inLanguage":"en-US"},{"@type":"Organization","@id":"https:\/\/artesagrado.com.mx\/#organization","name":"Arte Sagrado","alternateName":"Arte Sagrado M\u00e9xico","url":"https:\/\/artesagrado.com.mx\/","logo":{"@type":"ImageObject","inLanguage":"en-US","@id":"https:\/\/artesagrado.com.mx\/#\/schema\/logo\/image\/","url":"https:\/\/artesagrado.com.mx\/wp-content\/uploads\/2024\/07\/portada_cuadrada_base_arte-sagrado.webp","contentUrl":"https:\/\/artesagrado.com.mx\/wp-content\/uploads\/2024\/07\/portada_cuadrada_base_arte-sagrado.webp","width":1000,"height":1000,"caption":"Arte Sagrado"},"image":{"@id":"https:\/\/artesagrado.com.mx\/#\/schema\/logo\/image\/"},"sameAs":["https:\/\/www.facebook.com\/ArteSagradoMexico","https:\/\/www.instagram.com\/arte_sagrado_oficial\/","https:\/\/www.tiktok.com\/@arte_sagrado_oficial"],"description":"Arte Sagrado\u00ae es un proyecto pensado, sentido y accionado al servicio de la humanidad y la conciencia. Nacemos en tiempos precisos donde la luz y el recuerdo de nuestra grandeza, empiezan a resplandecer; es por eso que nuestro proyecto se enfoca y especializa en contribuir con informaci\u00f3n y conocimiento de los arquetipos originales y el lenguaje de la geometr\u00eda sagrada.","publishingPrinciples":"https:\/\/artesagrado.com.mx\/conoce-a-arte-sagrado\/"}]},"og_availability":"instock","product_availability":"instock","product_condition":"new"},"jetpack_sharing_enabled":true,"_links":{"self":[{"href":"https:\/\/artesagrado.com.mx\/en\/wp-json\/wp\/v2\/product\/45563","targetHints":{"allow":["GET"]}}],"collection":[{"href":"https:\/\/artesagrado.com.mx\/en\/wp-json\/wp\/v2\/product"}],"about":[{"href":"https:\/\/artesagrado.com.mx\/en\/wp-json\/wp\/v2\/types\/product"}],"replies":[{"embeddable":true,"href":"https:\/\/artesagrado.com.mx\/en\/wp-json\/wp\/v2\/comments?post=45563"}],"wp:featuredmedia":[{"embeddable":true,"href":"https:\/\/artesagrado.com.mx\/en\/wp-json\/wp\/v2\/media\/45566"}],"wp:attachment":[{"href":"https:\/\/artesagrado.com.mx\/en\/wp-json\/wp\/v2\/media?parent=45563"}],"wp:term":[{"taxonomy":"astrologia","embeddable":true,"href":"https:\/\/artesagrado.com.mx\/en\/wp-json\/wp\/v2\/astrologia?post=45563"},{"taxonomy":"coleccion","embeddable":true,"href":"https:\/\/artesagrado.com.mx\/en\/wp-json\/wp\/v2\/coleccion?post=45563"},{"taxonomy":"joyeria","embeddable":true,"href":"https:\/\/artesagrado.com.mx\/en\/wp-json\/wp\/v2\/joyeria?post=45563"},{"taxonomy":"linea","embeddable":true,"href":"https:\/\/artesagrado.com.mx\/en\/wp-json\/wp\/v2\/linea?post=45563"},{"taxonomy":"material","embeddable":true,"href":"https:\/\/artesagrado.com.mx\/en\/wp-json\/wp\/v2\/material?post=45563"},{"taxonomy":"orgonita","embeddable":true,"href":"https:\/\/artesagrado.com.mx\/en\/wp-json\/wp\/v2\/orgonita?post=45563"},{"taxonomy":"piedra","embeddable":true,"href":"https:\/\/artesagrado.com.mx\/en\/wp-json\/wp\/v2\/piedra?post=45563"},{"taxonomy":"proposito","embeddable":true,"href":"https:\/\/artesagrado.com.mx\/en\/wp-json\/wp\/v2\/proposito?post=45563"},{"taxonomy":"simbolo","embeddable":true,"href":"https:\/\/artesagrado.com.mx\/en\/wp-json\/wp\/v2\/simbolo?post=45563"},{"taxonomy":"tamano","embeddable":true,"href":"https:\/\/artesagrado.com.mx\/en\/wp-json\/wp\/v2\/tamano?post=45563"},{"taxonomy":"visibilidad-producto-nuevo","embeddable":true,"href":"https:\/\/artesagrado.com.mx\/en\/wp-json\/wp\/v2\/visibilidad-producto-nuevo?post=45563"},{"taxonomy":"product_brand","embeddable":true,"href":"https:\/\/artesagrado.com.mx\/en\/wp-json\/wp\/v2\/product_brand?post=45563"},{"taxonomy":"product_cat","embeddable":true,"href":"https:\/\/artesagrado.com.mx\/en\/wp-json\/wp\/v2\/product_cat?post=45563"},{"taxonomy":"product_tag","embeddable":true,"href":"https:\/\/artesagrado.com.mx\/en\/wp-json\/wp\/v2\/product_tag?post=45563"}],"curies":[{"name":"wp","href":"https:\/\/api.w.org\/{rel}","templated":true}]}}