{"id":45587,"date":"2025-05-08T18:13:35","date_gmt":"2025-05-09T00:13:35","guid":{"rendered":"https:\/\/artesagrado.com.mx\/?post_type=product&#038;p=45587"},"modified":"2026-01-22T16:29:01","modified_gmt":"2026-01-22T22:29:01","slug":"collar-micro-orgon-agata-morada-y-amatista-con-swarovski","status":"publish","type":"product","link":"https:\/\/artesagrado.com.mx\/en\/product\/collar-micro-orgon-agata-morada-y-amatista-con-swarovski\/","title":{"rendered":"Micro Orgone Necklace Purple Agate and Amethyst with Swarovski"},"content":{"rendered":"<p>Dr. Willheim Reich described the<strong> Orgone<\/strong> as the cosmic energy that is part of all living matter. The name comes from \"organism and orgasm\", which refers to the vital energy and creative power.<\/p>\n<p>An Orgone generator or energy transmuter is a compact and solid structure made to stimulate the piezoelectric properties of its materials and thus attract, accumulate, order and enhance the energy present, transforming the negative and chaotic electromagnetic waves into vital energy, harmonized and in perfect harmony with nature, which is reflected in restorative biological effects, which is why it has been used for therapeutic purposes due to its benefits in a wide range of applications.<\/p>\n<p>&nbsp;<\/p>\n<p>The <strong>Purple Agate<\/strong> harmonizes the positive and negative forces that hold the universe in place.<\/p>\n<p>It enhances sensitivity to others, boosts creativity and is a guide on the path to higher levels of consciousness.<\/p>\n<p>Its color connects it with the sixth and seventh chakra, allowing for increased intuition, creativity and spiritual connection.<\/p>\n<p>Some indigenous cultures believe that their physical properties are due to the fact that they are actually pieces of souls of the gods who have been sent to earth to help us.<\/p>\n<p>&nbsp;<\/p>\n<p class=\"translation-block\"><b>Amethyst<\/b><span style=\"font-weight: 400\"> is an extraordinarily powerful and protective stone, with a high spiritual vibration as it promotes love for the divine.<\/span><\/p>\n<p>It protects from psychic attack, transmuting energy into love, it is a natural tranquilizer and beneficial for the mind, relaxing or stimulating as needed, which is why it is recommended in cases of overactive mind or insomnia.<\/p>\n<p>On a mental level: It is highly recommended to meditate and work with the sixth chakra, related to the third eye, as it opens the intuition, facilitating decision making.<\/p>\n<p>Emotionally: Dispels anger, rage, fear and anxiety; Relieves sadness and grief, as it helps to integrate losses.<\/p>\n<p>On a physical level: It boosts hormone production, relieves pain and relaxes muscle tension, promotes wound healing, aids in ear disorders and swelling, helps heal lung and respiratory tract diseases, as well as cellular and digestive system disorders.<\/p>\n<p>At the energetic level: It cleanses the aura and transmutes negative energy, stimulating the chakras; It enhances spiritual awareness and blocks negative energies and geopathic tensions.<\/p>","protected":false},"excerpt":{"rendered":"<p><strong>Purple Agate, Amethyst and Swarovski<\/strong><\/p>\n<p>We create your micro orgone necklace through 33 artisanal processes of refinement and energetics.<\/p>\n<p><b>Orgone Power: Personal<\/b><\/p>\n<ul>\n<li>Orgone 2 cm in diameter and 7 mm thick.<\/li>\n<li>Copper machinery and aluminum or bronze base.<\/li>\n<li>Stainless steel chain or adjustable fabric lanyard<\/li>\n<li>Discreet, comfortable, elegant protection.<\/li>\n<\/ul>\n<p>NOTE: Due to their nature, some of the pieces that make up this work of power may vary in detail, tone and color.<\/p>","protected":false},"featured_media":45591,"comment_status":"closed","ping_status":"closed","template":"","meta":{"_acf_changed":false,"site-sidebar-layout":"default","site-content-layout":"","ast-site-content-layout":"default","site-content-style":"default","site-sidebar-style":"default","ast-global-header-display":"","ast-banner-title-visibility":"","ast-main-header-display":"","ast-hfb-above-header-display":"","ast-hfb-below-header-display":"","ast-hfb-mobile-header-display":"","site-post-title":"","ast-breadcrumbs-content":"","ast-featured-img":"","footer-sml-layout":"","ast-disable-related-posts":"","theme-transparent-header-meta":"default","adv-header-id-meta":"","stick-header-meta":"","header-above-stick-meta":"","header-main-stick-meta":"","header-below-stick-meta":"","astra-migrate-meta-layouts":"set","ast-page-background-enabled":"default","ast-page-background-meta":{"desktop":{"background-color":"var(--ast-global-color-4)","background-image":"","background-repeat":"repeat","background-position":"center center","background-size":"auto","background-attachment":"scroll","background-type":"","background-media":"","overlay-type":"","overlay-color":"","overlay-opacity":"","overlay-gradient":""},"tablet":{"background-color":"","background-image":"","background-repeat":"repeat","background-position":"center center","background-size":"auto","background-attachment":"scroll","background-type":"","background-media":"","overlay-type":"","overlay-color":"","overlay-opacity":"","overlay-gradient":""},"mobile":{"background-color":"","background-image":"","background-repeat":"repeat","background-position":"center center","background-size":"auto","background-attachment":"scroll","background-type":"","background-media":"","overlay-type":"","overlay-color":"","overlay-opacity":"","overlay-gradient":""}},"ast-content-background-meta":{"desktop":{"background-color":"var(--ast-global-color-5)","background-image":"","background-repeat":"repeat","background-position":"center center","background-size":"auto","background-attachment":"scroll","background-type":"","background-media":"","overlay-type":"","overlay-color":"","overlay-opacity":"","overlay-gradient":""},"tablet":{"background-color":"var(--ast-global-color-5)","background-image":"","background-repeat":"repeat","background-position":"center center","background-size":"auto","background-attachment":"scroll","background-type":"","background-media":"","overlay-type":"","overlay-color":"","overlay-opacity":"","overlay-gradient":""},"mobile":{"background-color":"var(--ast-global-color-5)","background-image":"","background-repeat":"repeat","background-position":"center center","background-size":"auto","background-attachment":"scroll","background-type":"","background-media":"","overlay-type":"","overlay-color":"","overlay-opacity":"","overlay-gradient":""}},"_joinchat":[]},"astrologia":[],"coleccion":[],"joyeria":[1577,1579,1580,1582,1574],"linea":[],"material":[2225,2342,2226],"orgonita":[1597,1596,1633],"piedra":[861,864],"proposito":[2399,2065,706,714,692,694],"simbolo":[],"tamano":[808],"visibilidad-producto-nuevo":[],"product_brand":[],"product_cat":[1618,1610],"product_tag":[],"class_list":{"0":"post-45587","1":"product","2":"type-product","3":"status-publish","4":"has-post-thumbnail","6":"joyeria-collares","7":"joyeria-collares-de-acero-inoxidable","8":"joyeria-collares-de-cuarzo","9":"joyeria-collares-orgon","10":"joyeria-coleccion-joyeria","11":"material-acero-inoxidable","12":"material-cuarzo","13":"material-tela","14":"orgonita-collar-micro-orgon","15":"orgonita-collar-orgon","16":"orgonita-joyeria","17":"piedra-agata-morada","18":"piedra-amatista","19":"proposito-atraccion-de-rayo-violeta","20":"proposito-conexion-espiritual","21":"proposito-desarrollo-espiritual","22":"proposito-energia-cristica","23":"proposito-intuicion","24":"proposito-purificacion","25":"tamano-micro","26":"product_cat-joyeria","27":"product_cat-orgonitas","28":"desktop-align-left","29":"tablet-align-left","30":"mobile-align-left","32":"first","33":"instock","34":"shipping-taxable","35":"purchasable","36":"product-type-variable","37":"has-default-attributes","38":"wvs-archive-product-wrapper"},"acf":[],"yoast_head":"<!-- This site is optimized with the Yoast SEO Premium plugin v24.9 (Yoast SEO v24.9) - https:\/\/yoast.com\/wordpress\/plugins\/seo\/ -->\n<title>Collar Micro Orgo\u0301n A\u0301gata Morada y Amatista con Swarovski &#8902; Arte Sagrado<\/title>\n<meta name=\"description\" content=\"El Collar Micro Org\u00f3n \u00c1gata Morada y Amatista con Swarovski estimula la calma mental y conexi\u00f3n espiritual con un toque de brillo delicado.\" \/>\n<meta name=\"robots\" content=\"index, follow, max-snippet:-1, max-image-preview:large, max-video-preview:-1\" \/>\n<link rel=\"canonical\" href=\"https:\/\/artesagrado.com.mx\/en\/product\/collar-micro-orgon-agata-morada-y-amatista-con-swarovski\/\" \/>\n<meta property=\"og:locale\" content=\"en_US\" \/>\n<meta property=\"og:type\" content=\"article\" \/>\n<meta property=\"og:title\" content=\"Collar Micro Orgo\u0301n A\u0301gata Morada y Amatista con Swarovski\" \/>\n<meta property=\"og:description\" content=\"Descubre la colecci\u00f3n de productos de Arte Sagrado M\u00e9xico: joyer\u00eda y dispositivos energ\u00e9ticos elaborados con geometr\u00eda sagrada y tecnolog\u00eda Org\u00f3n para equilibrar y armonizar tu vida.\" \/>\n<meta property=\"og:url\" content=\"https:\/\/artesagrado.com.mx\/en\/product\/collar-micro-orgon-agata-morada-y-amatista-con-swarovski\/\" \/>\n<meta property=\"og:site_name\" content=\"Arte Sagrado\" \/>\n<meta property=\"article:publisher\" content=\"https:\/\/www.facebook.com\/ArteSagradoMexico\" \/>\n<meta property=\"article:modified_time\" content=\"2026-01-22T22:29:01+00:00\" \/>\n<meta property=\"og:image\" content=\"https:\/\/artesagrado.com.mx\/wp-content\/uploads\/2025\/05\/Collar-Micro-Orgon-Agata-Morada-y-Amatista-con-Swarovski_4.webp\" \/>\n\t<meta property=\"og:image:width\" content=\"1000\" \/>\n\t<meta property=\"og:image:height\" content=\"1000\" \/>\n\t<meta property=\"og:image:type\" content=\"image\/webp\" \/>\n<meta name=\"twitter:card\" content=\"summary_large_image\" \/>\n<meta name=\"twitter:label1\" content=\"Availability\" \/>\n\t<meta name=\"twitter:data1\" content=\"In stock\" \/>\n<script type=\"application\/ld+json\" class=\"yoast-schema-graph\">{\"@context\":\"https:\/\/schema.org\",\"@graph\":[{\"@type\":\"WebPage\",\"@id\":\"https:\/\/artesagrado.com.mx\/producto\/collar-micro-orgon-agata-morada-y-amatista-con-swarovski\/\",\"url\":\"https:\/\/artesagrado.com.mx\/producto\/collar-micro-orgon-agata-morada-y-amatista-con-swarovski\/\",\"name\":\"Collar Micro Orgo\u0301n A\u0301gata Morada y Amatista con Swarovski &#8902; Arte Sagrado\",\"isPartOf\":{\"@id\":\"https:\/\/artesagrado.com.mx\/#website\"},\"primaryImageOfPage\":{\"@id\":\"https:\/\/artesagrado.com.mx\/producto\/collar-micro-orgon-agata-morada-y-amatista-con-swarovski\/#primaryimage\"},\"image\":{\"@id\":\"https:\/\/artesagrado.com.mx\/producto\/collar-micro-orgon-agata-morada-y-amatista-con-swarovski\/#primaryimage\"},\"thumbnailUrl\":\"https:\/\/artesagrado.com.mx\/wp-content\/uploads\/2025\/05\/Collar-Micro-Orgon-Agata-Morada-y-Amatista-con-Swarovski_4.webp\",\"datePublished\":\"2025-05-09T00:13:35+00:00\",\"dateModified\":\"2026-01-22T22:29:01+00:00\",\"description\":\"El Collar Micro Org\u00f3n \u00c1gata Morada y Amatista con Swarovski estimula la calma mental y conexi\u00f3n espiritual con un toque de brillo delicado.\",\"breadcrumb\":{\"@id\":\"https:\/\/artesagrado.com.mx\/producto\/collar-micro-orgon-agata-morada-y-amatista-con-swarovski\/#breadcrumb\"},\"inLanguage\":\"en-US\",\"potentialAction\":[{\"@type\":\"ReadAction\",\"target\":[\"https:\/\/artesagrado.com.mx\/producto\/collar-micro-orgon-agata-morada-y-amatista-con-swarovski\/\"]}]},{\"@type\":\"ImageObject\",\"inLanguage\":\"en-US\",\"@id\":\"https:\/\/artesagrado.com.mx\/producto\/collar-micro-orgon-agata-morada-y-amatista-con-swarovski\/#primaryimage\",\"url\":\"https:\/\/artesagrado.com.mx\/wp-content\/uploads\/2025\/05\/Collar-Micro-Orgon-Agata-Morada-y-Amatista-con-Swarovski_4.webp\",\"contentUrl\":\"https:\/\/artesagrado.com.mx\/wp-content\/uploads\/2025\/05\/Collar-Micro-Orgon-Agata-Morada-y-Amatista-con-Swarovski_4.webp\",\"width\":1000,\"height\":1000},{\"@type\":\"BreadcrumbList\",\"@id\":\"https:\/\/artesagrado.com.mx\/producto\/collar-micro-orgon-agata-morada-y-amatista-con-swarovski\/#breadcrumb\",\"itemListElement\":[{\"@type\":\"ListItem\",\"position\":1,\"name\":\"Portada\",\"item\":\"https:\/\/artesagrado.com.mx\/\"},{\"@type\":\"ListItem\",\"position\":2,\"name\":\"Tienda\",\"item\":\"https:\/\/artesagrado.com.mx\/tienda\/\"},{\"@type\":\"ListItem\",\"position\":3,\"name\":\"Collar Micro Orgo\u0301n A\u0301gata Morada y Amatista con Swarovski\"}]},{\"@type\":\"WebSite\",\"@id\":\"https:\/\/artesagrado.com.mx\/#website\",\"url\":\"https:\/\/artesagrado.com.mx\/\",\"name\":\"Arte Sagrado\",\"description\":\"Empoderando tu ser\",\"publisher\":{\"@id\":\"https:\/\/artesagrado.com.mx\/#organization\"},\"alternateName\":\"Arte Sagrado M\u00e9xico\",\"potentialAction\":[{\"@type\":\"SearchAction\",\"target\":{\"@type\":\"EntryPoint\",\"urlTemplate\":\"https:\/\/artesagrado.com.mx\/?s={search_term_string}\"},\"query-input\":{\"@type\":\"PropertyValueSpecification\",\"valueRequired\":true,\"valueName\":\"search_term_string\"}}],\"inLanguage\":\"en-US\"},{\"@type\":\"Organization\",\"@id\":\"https:\/\/artesagrado.com.mx\/#organization\",\"name\":\"Arte Sagrado\",\"alternateName\":\"Arte Sagrado M\u00e9xico\",\"url\":\"https:\/\/artesagrado.com.mx\/\",\"logo\":{\"@type\":\"ImageObject\",\"inLanguage\":\"en-US\",\"@id\":\"https:\/\/artesagrado.com.mx\/#\/schema\/logo\/image\/\",\"url\":\"https:\/\/artesagrado.com.mx\/wp-content\/uploads\/2024\/07\/portada_cuadrada_base_arte-sagrado.webp\",\"contentUrl\":\"https:\/\/artesagrado.com.mx\/wp-content\/uploads\/2024\/07\/portada_cuadrada_base_arte-sagrado.webp\",\"width\":1000,\"height\":1000,\"caption\":\"Arte Sagrado\"},\"image\":{\"@id\":\"https:\/\/artesagrado.com.mx\/#\/schema\/logo\/image\/\"},\"sameAs\":[\"https:\/\/www.facebook.com\/ArteSagradoMexico\",\"https:\/\/www.instagram.com\/arte_sagrado_oficial\/\",\"https:\/\/www.tiktok.com\/@arte_sagrado_oficial\"],\"description\":\"Arte Sagrado\u00ae es un proyecto pensado, sentido y accionado al servicio de la humanidad y la conciencia. Nacemos en tiempos precisos donde la luz y el recuerdo de nuestra grandeza, empiezan a resplandecer; es por eso que nuestro proyecto se enfoca y especializa en contribuir con informaci\u00f3n y conocimiento de los arquetipos originales y el lenguaje de la geometr\u00eda sagrada.\",\"publishingPrinciples\":\"https:\/\/artesagrado.com.mx\/conoce-a-arte-sagrado\/\"}]}<\/script>\n<meta property=\"og:availability\" content=\"instock\" \/>\n<meta property=\"product:availability\" content=\"instock\" \/>\n<meta property=\"product:condition\" content=\"new\" \/>\n<!-- \/ Yoast SEO Premium plugin. -->","yoast_head_json":{"title":"Collar Micro Orgo\u0301n A\u0301gata Morada y Amatista con Swarovski &#8902; Arte Sagrado","description":"El Collar Micro Org\u00f3n \u00c1gata Morada y Amatista con Swarovski estimula la calma mental y conexi\u00f3n espiritual con un toque de brillo delicado.","robots":{"index":"index","follow":"follow","max-snippet":"max-snippet:-1","max-image-preview":"max-image-preview:large","max-video-preview":"max-video-preview:-1"},"canonical":"https:\/\/artesagrado.com.mx\/en\/product\/collar-micro-orgon-agata-morada-y-amatista-con-swarovski\/","og_locale":"en_US","og_type":"article","og_title":"Collar Micro Orgo\u0301n A\u0301gata Morada y Amatista con Swarovski","og_description":"Descubre la colecci\u00f3n de productos de Arte Sagrado M\u00e9xico: joyer\u00eda y dispositivos energ\u00e9ticos elaborados con geometr\u00eda sagrada y tecnolog\u00eda Org\u00f3n para equilibrar y armonizar tu vida.","og_url":"https:\/\/artesagrado.com.mx\/en\/product\/collar-micro-orgon-agata-morada-y-amatista-con-swarovski\/","og_site_name":"Arte Sagrado","article_publisher":"https:\/\/www.facebook.com\/ArteSagradoMexico","article_modified_time":"2026-01-22T22:29:01+00:00","og_image":[{"width":1000,"height":1000,"url":"https:\/\/artesagrado.com.mx\/wp-content\/uploads\/2025\/05\/Collar-Micro-Orgon-Agata-Morada-y-Amatista-con-Swarovski_4.webp","type":"image\/webp"}],"twitter_card":"summary_large_image","twitter_misc":{"Availability":"In stock"},"schema":{"@context":"https:\/\/schema.org","@graph":[{"@type":"WebPage","@id":"https:\/\/artesagrado.com.mx\/producto\/collar-micro-orgon-agata-morada-y-amatista-con-swarovski\/","url":"https:\/\/artesagrado.com.mx\/producto\/collar-micro-orgon-agata-morada-y-amatista-con-swarovski\/","name":"Collar Micro Orgo\u0301n A\u0301gata Morada y Amatista con Swarovski &#8902; Arte Sagrado","isPartOf":{"@id":"https:\/\/artesagrado.com.mx\/#website"},"primaryImageOfPage":{"@id":"https:\/\/artesagrado.com.mx\/producto\/collar-micro-orgon-agata-morada-y-amatista-con-swarovski\/#primaryimage"},"image":{"@id":"https:\/\/artesagrado.com.mx\/producto\/collar-micro-orgon-agata-morada-y-amatista-con-swarovski\/#primaryimage"},"thumbnailUrl":"https:\/\/artesagrado.com.mx\/wp-content\/uploads\/2025\/05\/Collar-Micro-Orgon-Agata-Morada-y-Amatista-con-Swarovski_4.webp","datePublished":"2025-05-09T00:13:35+00:00","dateModified":"2026-01-22T22:29:01+00:00","description":"El Collar Micro Org\u00f3n \u00c1gata Morada y Amatista con Swarovski estimula la calma mental y conexi\u00f3n espiritual con un toque de brillo delicado.","breadcrumb":{"@id":"https:\/\/artesagrado.com.mx\/producto\/collar-micro-orgon-agata-morada-y-amatista-con-swarovski\/#breadcrumb"},"inLanguage":"en-US","potentialAction":[{"@type":"ReadAction","target":["https:\/\/artesagrado.com.mx\/producto\/collar-micro-orgon-agata-morada-y-amatista-con-swarovski\/"]}]},{"@type":"ImageObject","inLanguage":"en-US","@id":"https:\/\/artesagrado.com.mx\/producto\/collar-micro-orgon-agata-morada-y-amatista-con-swarovski\/#primaryimage","url":"https:\/\/artesagrado.com.mx\/wp-content\/uploads\/2025\/05\/Collar-Micro-Orgon-Agata-Morada-y-Amatista-con-Swarovski_4.webp","contentUrl":"https:\/\/artesagrado.com.mx\/wp-content\/uploads\/2025\/05\/Collar-Micro-Orgon-Agata-Morada-y-Amatista-con-Swarovski_4.webp","width":1000,"height":1000},{"@type":"BreadcrumbList","@id":"https:\/\/artesagrado.com.mx\/producto\/collar-micro-orgon-agata-morada-y-amatista-con-swarovski\/#breadcrumb","itemListElement":[{"@type":"ListItem","position":1,"name":"Portada","item":"https:\/\/artesagrado.com.mx\/"},{"@type":"ListItem","position":2,"name":"Tienda","item":"https:\/\/artesagrado.com.mx\/tienda\/"},{"@type":"ListItem","position":3,"name":"Collar Micro Orgo\u0301n A\u0301gata Morada y Amatista con Swarovski"}]},{"@type":"WebSite","@id":"https:\/\/artesagrado.com.mx\/#website","url":"https:\/\/artesagrado.com.mx\/","name":"Arte Sagrado","description":"Empoderando tu ser","publisher":{"@id":"https:\/\/artesagrado.com.mx\/#organization"},"alternateName":"Arte Sagrado M\u00e9xico","potentialAction":[{"@type":"SearchAction","target":{"@type":"EntryPoint","urlTemplate":"https:\/\/artesagrado.com.mx\/?s={search_term_string}"},"query-input":{"@type":"PropertyValueSpecification","valueRequired":true,"valueName":"search_term_string"}}],"inLanguage":"en-US"},{"@type":"Organization","@id":"https:\/\/artesagrado.com.mx\/#organization","name":"Arte Sagrado","alternateName":"Arte Sagrado M\u00e9xico","url":"https:\/\/artesagrado.com.mx\/","logo":{"@type":"ImageObject","inLanguage":"en-US","@id":"https:\/\/artesagrado.com.mx\/#\/schema\/logo\/image\/","url":"https:\/\/artesagrado.com.mx\/wp-content\/uploads\/2024\/07\/portada_cuadrada_base_arte-sagrado.webp","contentUrl":"https:\/\/artesagrado.com.mx\/wp-content\/uploads\/2024\/07\/portada_cuadrada_base_arte-sagrado.webp","width":1000,"height":1000,"caption":"Arte Sagrado"},"image":{"@id":"https:\/\/artesagrado.com.mx\/#\/schema\/logo\/image\/"},"sameAs":["https:\/\/www.facebook.com\/ArteSagradoMexico","https:\/\/www.instagram.com\/arte_sagrado_oficial\/","https:\/\/www.tiktok.com\/@arte_sagrado_oficial"],"description":"Arte Sagrado\u00ae es un proyecto pensado, sentido y accionado al servicio de la humanidad y la conciencia. Nacemos en tiempos precisos donde la luz y el recuerdo de nuestra grandeza, empiezan a resplandecer; es por eso que nuestro proyecto se enfoca y especializa en contribuir con informaci\u00f3n y conocimiento de los arquetipos originales y el lenguaje de la geometr\u00eda sagrada.","publishingPrinciples":"https:\/\/artesagrado.com.mx\/conoce-a-arte-sagrado\/"}]},"og_availability":"instock","product_availability":"instock","product_condition":"new"},"jetpack_sharing_enabled":true,"_links":{"self":[{"href":"https:\/\/artesagrado.com.mx\/en\/wp-json\/wp\/v2\/product\/45587","targetHints":{"allow":["GET"]}}],"collection":[{"href":"https:\/\/artesagrado.com.mx\/en\/wp-json\/wp\/v2\/product"}],"about":[{"href":"https:\/\/artesagrado.com.mx\/en\/wp-json\/wp\/v2\/types\/product"}],"replies":[{"embeddable":true,"href":"https:\/\/artesagrado.com.mx\/en\/wp-json\/wp\/v2\/comments?post=45587"}],"wp:featuredmedia":[{"embeddable":true,"href":"https:\/\/artesagrado.com.mx\/en\/wp-json\/wp\/v2\/media\/45591"}],"wp:attachment":[{"href":"https:\/\/artesagrado.com.mx\/en\/wp-json\/wp\/v2\/media?parent=45587"}],"wp:term":[{"taxonomy":"astrologia","embeddable":true,"href":"https:\/\/artesagrado.com.mx\/en\/wp-json\/wp\/v2\/astrologia?post=45587"},{"taxonomy":"coleccion","embeddable":true,"href":"https:\/\/artesagrado.com.mx\/en\/wp-json\/wp\/v2\/coleccion?post=45587"},{"taxonomy":"joyeria","embeddable":true,"href":"https:\/\/artesagrado.com.mx\/en\/wp-json\/wp\/v2\/joyeria?post=45587"},{"taxonomy":"linea","embeddable":true,"href":"https:\/\/artesagrado.com.mx\/en\/wp-json\/wp\/v2\/linea?post=45587"},{"taxonomy":"material","embeddable":true,"href":"https:\/\/artesagrado.com.mx\/en\/wp-json\/wp\/v2\/material?post=45587"},{"taxonomy":"orgonita","embeddable":true,"href":"https:\/\/artesagrado.com.mx\/en\/wp-json\/wp\/v2\/orgonita?post=45587"},{"taxonomy":"piedra","embeddable":true,"href":"https:\/\/artesagrado.com.mx\/en\/wp-json\/wp\/v2\/piedra?post=45587"},{"taxonomy":"proposito","embeddable":true,"href":"https:\/\/artesagrado.com.mx\/en\/wp-json\/wp\/v2\/proposito?post=45587"},{"taxonomy":"simbolo","embeddable":true,"href":"https:\/\/artesagrado.com.mx\/en\/wp-json\/wp\/v2\/simbolo?post=45587"},{"taxonomy":"tamano","embeddable":true,"href":"https:\/\/artesagrado.com.mx\/en\/wp-json\/wp\/v2\/tamano?post=45587"},{"taxonomy":"visibilidad-producto-nuevo","embeddable":true,"href":"https:\/\/artesagrado.com.mx\/en\/wp-json\/wp\/v2\/visibilidad-producto-nuevo?post=45587"},{"taxonomy":"product_brand","embeddable":true,"href":"https:\/\/artesagrado.com.mx\/en\/wp-json\/wp\/v2\/product_brand?post=45587"},{"taxonomy":"product_cat","embeddable":true,"href":"https:\/\/artesagrado.com.mx\/en\/wp-json\/wp\/v2\/product_cat?post=45587"},{"taxonomy":"product_tag","embeddable":true,"href":"https:\/\/artesagrado.com.mx\/en\/wp-json\/wp\/v2\/product_tag?post=45587"}],"curies":[{"name":"wp","href":"https:\/\/api.w.org\/{rel}","templated":true}]}}