{"id":45670,"date":"2025-05-08T20:30:43","date_gmt":"2025-05-09T02:30:43","guid":{"rendered":"https:\/\/artesagrado.com.mx\/?post_type=product&#038;p=45670"},"modified":"2026-01-22T16:30:47","modified_gmt":"2026-01-22T22:30:47","slug":"collar-mini-orgon-estructura-del-vacio-en-chapa-de-oro-de-14k-con-shungita-turmalina-negra-y-obsidiana","status":"publish","type":"product","link":"https:\/\/artesagrado.com.mx\/en\/product\/collar-mini-orgon-estructura-del-vacio-en-chapa-de-oro-de-14k-con-shungita-turmalina-negra-y-obsidiana\/","title":{"rendered":"Mini Orgone Necklace Vacuum Structure in 14K Gold Plated with Shungite, Black Tourmaline, and Obsidian"},"content":{"rendered":"<p>Dr. Willheim Reich described the<strong> Orgone<\/strong> as the cosmic energy that is part of all living matter. The name comes from \"organism and orgasm\", which refers to the vital energy and creative power.<\/p>\n<p>An Orgone generator or energy transmuter is a compact and solid structure made to stimulate the piezoelectric properties of its materials and thus attract, accumulate, order and enhance the energy present, transforming the negative and chaotic electromagnetic waves into vital energy, harmonized and in perfect harmony with nature, which is reflected in restorative biological effects, which is why it has been used for therapeutic purposes due to its benefits in a wide range of applications.<\/p>\n<p>&nbsp;<\/p>\n<p>The <strong>Vacuum Structure<\/strong> is a geometric shape composed of 64 tetrahedra, considered fundamental to understanding the geometry of space and the structure of the vacuum.<\/p>\n<p>This matrix is seen as the basis of universal energy and reflects how all things are interconnected at a fundamental level.<\/p>\n<p>It symbolizes the harmony and order inherent in the universe through its precise geometric arrangement, showing how energy flows and is evenly distributed; essential for the creation and sustenance of life.<\/p>\n<p>Facilitates greater connection with universal consciousness and spiritual expansion.<\/p>\n<p>It has the ability to manifest desires and create reality through energetic balance.<\/p>\n<p>&nbsp;<\/p>\n<p><strong>Shungite<\/strong> is named after the village of Shunga, on the shores of Lake Onega, Karelia, Russia.<\/p>\n<p>This is an incredibly beneficial stone for healthy living. It is one of the only natural materials known to contain fullerenes, which are powerful antioxidants.  It has been nicknamed \u201cthe smart stone\u201d or \u201cthe black hole\u201d because of its property of attracting electromagnetic energy.<\/p>\n<p>The energy embodied in this ancient stone is said to absorb and eliminate everything that is a danger to the health of human life, and has active metaphysical properties with strong healing powers.<\/p>\n<p>It reactivates our cellular intelligence and our power of self-healing, in this way we will achieve a greater mental, physical and emotional balance.<\/p>\n<p>&nbsp;<\/p>\n<p>The <strong>Black Tourmaline<\/strong> is a shamanic quartz that provides protection from any negative energy.<\/p>\n<p>It neutralizes psychic, physical attacks and enchantments, promotes self-confidence, reduces fear and also helps to increase physical vitality, dispersing tension and stress.<\/p>\n<p>It strengthens the immune system, treats dyslexia and arthritis.<\/p>\n<p>&nbsp;<\/p>\n<p>The <strong>Black Obsidian<\/strong> is an extremely protective stone, which operates with extreme speed and great power. <\/p>\n<p>Its attributes are truth and reflective power that helps us expose our faults, weaknesses and blockages, pointing out how to improve and obtain better results, brings us personal empowerment and drives us to grow.<\/p>","protected":false},"excerpt":{"rendered":"<p><strong>Vacuum Structure, Gold Plate, Shungite, Black Tourmaline and Obsidian<\/strong><\/p>\n<p>We create your mini orgone necklace through 33 artisanal processes of refinement and energetics.<\/p>\n<p><b>Orgone Power: Personal<\/b><\/p>\n<ul>\n<li>Orgone 3 centimeters in diameter and 7 mm thick.<\/li>\n<li>Copper machinery and aluminum or bronze base.<\/li>\n<li>Symbol and details in 14k gold plate.<\/li>\n<\/ul>\n<p>NOTE: Due to their nature, some of the pieces that make up this work of power may vary in detail, tone and color.<\/p>","protected":false},"featured_media":45675,"comment_status":"closed","ping_status":"closed","template":"","meta":{"_acf_changed":false,"site-sidebar-layout":"default","site-content-layout":"","ast-site-content-layout":"default","site-content-style":"default","site-sidebar-style":"default","ast-global-header-display":"","ast-banner-title-visibility":"","ast-main-header-display":"","ast-hfb-above-header-display":"","ast-hfb-below-header-display":"","ast-hfb-mobile-header-display":"","site-post-title":"","ast-breadcrumbs-content":"","ast-featured-img":"","footer-sml-layout":"","ast-disable-related-posts":"","theme-transparent-header-meta":"default","adv-header-id-meta":"","stick-header-meta":"","header-above-stick-meta":"","header-main-stick-meta":"","header-below-stick-meta":"","astra-migrate-meta-layouts":"set","ast-page-background-enabled":"default","ast-page-background-meta":{"desktop":{"background-color":"var(--ast-global-color-4)","background-image":"","background-repeat":"repeat","background-position":"center center","background-size":"auto","background-attachment":"scroll","background-type":"","background-media":"","overlay-type":"","overlay-color":"","overlay-opacity":"","overlay-gradient":""},"tablet":{"background-color":"","background-image":"","background-repeat":"repeat","background-position":"center center","background-size":"auto","background-attachment":"scroll","background-type":"","background-media":"","overlay-type":"","overlay-color":"","overlay-opacity":"","overlay-gradient":""},"mobile":{"background-color":"","background-image":"","background-repeat":"repeat","background-position":"center center","background-size":"auto","background-attachment":"scroll","background-type":"","background-media":"","overlay-type":"","overlay-color":"","overlay-opacity":"","overlay-gradient":""}},"ast-content-background-meta":{"desktop":{"background-color":"var(--ast-global-color-5)","background-image":"","background-repeat":"repeat","background-position":"center center","background-size":"auto","background-attachment":"scroll","background-type":"","background-media":"","overlay-type":"","overlay-color":"","overlay-opacity":"","overlay-gradient":""},"tablet":{"background-color":"var(--ast-global-color-5)","background-image":"","background-repeat":"repeat","background-position":"center center","background-size":"auto","background-attachment":"scroll","background-type":"","background-media":"","overlay-type":"","overlay-color":"","overlay-opacity":"","overlay-gradient":""},"mobile":{"background-color":"var(--ast-global-color-5)","background-image":"","background-repeat":"repeat","background-position":"center center","background-size":"auto","background-attachment":"scroll","background-type":"","background-media":"","overlay-type":"","overlay-color":"","overlay-opacity":"","overlay-gradient":""}},"_joinchat":[]},"astrologia":[],"coleccion":[],"joyeria":[1577,1579,1578,1580,1582,1574],"linea":[],"material":[2225,2231,2342,2226],"orgonita":[1598,1596,1633],"piedra":[822,909,906],"proposito":[685,686,688,2446,1968,718,1978,695],"simbolo":[2489],"tamano":[809],"visibilidad-producto-nuevo":[],"product_brand":[],"product_cat":[1618,1610],"product_tag":[],"class_list":{"0":"post-45670","1":"product","2":"type-product","3":"status-publish","4":"has-post-thumbnail","6":"joyeria-collares","7":"joyeria-collares-de-acero-inoxidable","8":"joyeria-collares-de-chapa-de-oro","9":"joyeria-collares-de-cuarzo","10":"joyeria-collares-orgon","11":"joyeria-coleccion-joyeria","12":"material-acero-inoxidable","13":"material-chapa-de-oro","14":"material-cuarzo","15":"material-tela","16":"orgonita-collar-mini-orgon","17":"orgonita-collar-orgon","18":"orgonita-joyeria","19":"piedra-obsidiana-negra","20":"piedra-shungita","21":"piedra-turmalina-negra","22":"proposito-abundancia","23":"proposito-alta-proteccion","24":"proposito-armonia","25":"proposito-autoconfianza","26":"proposito-escudo-anti-ataques","27":"proposito-estructura","28":"proposito-fuerza","29":"proposito-transmutacion","30":"simbolo-estructura-del-vacio","31":"tamano-mini","32":"product_cat-joyeria","33":"product_cat-orgonitas","34":"desktop-align-left","35":"tablet-align-left","36":"mobile-align-left","38":"first","39":"instock","40":"shipping-taxable","41":"purchasable","42":"product-type-variable","43":"has-default-attributes","44":"wvs-archive-product-wrapper"},"acf":[],"yoast_head":"<!-- This site is optimized with the Yoast SEO Premium plugin v24.9 (Yoast SEO v24.9) - https:\/\/yoast.com\/wordpress\/plugins\/seo\/ -->\n<title>Collar Mini Orgo\u0301n Estructura del Vaci\u0301o en Chapa de Oro de 14K con Shungita, Turmalina Negra y Obsidiana &#8902; Arte Sagrado<\/title>\n<meta name=\"description\" content=\"El Collar Mini Org\u00f3n Estructura del Vac\u00edo en Chapa de Oro de 14K con Shungita, Turmalina Negra y Obsidiana brinda fuerte protecci\u00f3n energ\u00e9tica diaria.\" \/>\n<meta name=\"robots\" content=\"index, follow, max-snippet:-1, max-image-preview:large, max-video-preview:-1\" \/>\n<link rel=\"canonical\" href=\"https:\/\/artesagrado.com.mx\/en\/product\/collar-mini-orgon-estructura-del-vacio-en-chapa-de-oro-de-14k-con-shungita-turmalina-negra-y-obsidiana\/\" \/>\n<meta property=\"og:locale\" content=\"en_US\" \/>\n<meta property=\"og:type\" content=\"article\" \/>\n<meta property=\"og:title\" content=\"Collar Mini Orgo\u0301n Estructura del Vaci\u0301o en Chapa de Oro de 14K con Shungita, Turmalina Negra y Obsidiana\" \/>\n<meta property=\"og:description\" content=\"Descubre la colecci\u00f3n de productos de Arte Sagrado M\u00e9xico: joyer\u00eda y dispositivos energ\u00e9ticos elaborados con geometr\u00eda sagrada y tecnolog\u00eda Org\u00f3n para equilibrar y armonizar tu vida.\" \/>\n<meta property=\"og:url\" content=\"https:\/\/artesagrado.com.mx\/en\/product\/collar-mini-orgon-estructura-del-vacio-en-chapa-de-oro-de-14k-con-shungita-turmalina-negra-y-obsidiana\/\" \/>\n<meta property=\"og:site_name\" content=\"Arte Sagrado\" \/>\n<meta property=\"article:publisher\" content=\"https:\/\/www.facebook.com\/ArteSagradoMexico\" \/>\n<meta property=\"article:modified_time\" content=\"2026-01-22T22:30:47+00:00\" \/>\n<meta property=\"og:image\" content=\"https:\/\/artesagrado.com.mx\/wp-content\/uploads\/2025\/05\/Collar-Mini-Orgon-Estructura-del-Vacio-en-Chapa-de-Oro-de-14K-con-Shungita-Turmalina-Negra-y-Obsidiana_5.webp\" \/>\n\t<meta property=\"og:image:width\" content=\"1000\" \/>\n\t<meta property=\"og:image:height\" content=\"1000\" \/>\n\t<meta property=\"og:image:type\" content=\"image\/webp\" \/>\n<meta name=\"twitter:card\" content=\"summary_large_image\" \/>\n<meta name=\"twitter:label1\" content=\"Availability\" \/>\n\t<meta name=\"twitter:data1\" content=\"In stock\" \/>\n<script type=\"application\/ld+json\" class=\"yoast-schema-graph\">{\"@context\":\"https:\/\/schema.org\",\"@graph\":[{\"@type\":\"WebPage\",\"@id\":\"https:\/\/artesagrado.com.mx\/producto\/collar-mini-orgon-estructura-del-vacio-en-chapa-de-oro-de-14k-con-shungita-turmalina-negra-y-obsidiana\/\",\"url\":\"https:\/\/artesagrado.com.mx\/producto\/collar-mini-orgon-estructura-del-vacio-en-chapa-de-oro-de-14k-con-shungita-turmalina-negra-y-obsidiana\/\",\"name\":\"Collar Mini Orgo\u0301n Estructura del Vaci\u0301o en Chapa de Oro de 14K con Shungita, Turmalina Negra y Obsidiana &#8902; Arte Sagrado\",\"isPartOf\":{\"@id\":\"https:\/\/artesagrado.com.mx\/#website\"},\"primaryImageOfPage\":{\"@id\":\"https:\/\/artesagrado.com.mx\/producto\/collar-mini-orgon-estructura-del-vacio-en-chapa-de-oro-de-14k-con-shungita-turmalina-negra-y-obsidiana\/#primaryimage\"},\"image\":{\"@id\":\"https:\/\/artesagrado.com.mx\/producto\/collar-mini-orgon-estructura-del-vacio-en-chapa-de-oro-de-14k-con-shungita-turmalina-negra-y-obsidiana\/#primaryimage\"},\"thumbnailUrl\":\"https:\/\/artesagrado.com.mx\/wp-content\/uploads\/2025\/05\/Collar-Mini-Orgon-Estructura-del-Vacio-en-Chapa-de-Oro-de-14K-con-Shungita-Turmalina-Negra-y-Obsidiana_5.webp\",\"datePublished\":\"2025-05-09T02:30:43+00:00\",\"dateModified\":\"2026-01-22T22:30:47+00:00\",\"description\":\"El Collar Mini Org\u00f3n Estructura del Vac\u00edo en Chapa de Oro de 14K con Shungita, Turmalina Negra y Obsidiana brinda fuerte protecci\u00f3n energ\u00e9tica diaria.\",\"breadcrumb\":{\"@id\":\"https:\/\/artesagrado.com.mx\/producto\/collar-mini-orgon-estructura-del-vacio-en-chapa-de-oro-de-14k-con-shungita-turmalina-negra-y-obsidiana\/#breadcrumb\"},\"inLanguage\":\"en-US\",\"potentialAction\":[{\"@type\":\"ReadAction\",\"target\":[\"https:\/\/artesagrado.com.mx\/producto\/collar-mini-orgon-estructura-del-vacio-en-chapa-de-oro-de-14k-con-shungita-turmalina-negra-y-obsidiana\/\"]}]},{\"@type\":\"ImageObject\",\"inLanguage\":\"en-US\",\"@id\":\"https:\/\/artesagrado.com.mx\/producto\/collar-mini-orgon-estructura-del-vacio-en-chapa-de-oro-de-14k-con-shungita-turmalina-negra-y-obsidiana\/#primaryimage\",\"url\":\"https:\/\/artesagrado.com.mx\/wp-content\/uploads\/2025\/05\/Collar-Mini-Orgon-Estructura-del-Vacio-en-Chapa-de-Oro-de-14K-con-Shungita-Turmalina-Negra-y-Obsidiana_5.webp\",\"contentUrl\":\"https:\/\/artesagrado.com.mx\/wp-content\/uploads\/2025\/05\/Collar-Mini-Orgon-Estructura-del-Vacio-en-Chapa-de-Oro-de-14K-con-Shungita-Turmalina-Negra-y-Obsidiana_5.webp\",\"width\":1000,\"height\":1000},{\"@type\":\"BreadcrumbList\",\"@id\":\"https:\/\/artesagrado.com.mx\/producto\/collar-mini-orgon-estructura-del-vacio-en-chapa-de-oro-de-14k-con-shungita-turmalina-negra-y-obsidiana\/#breadcrumb\",\"itemListElement\":[{\"@type\":\"ListItem\",\"position\":1,\"name\":\"Portada\",\"item\":\"https:\/\/artesagrado.com.mx\/\"},{\"@type\":\"ListItem\",\"position\":2,\"name\":\"Tienda\",\"item\":\"https:\/\/artesagrado.com.mx\/tienda\/\"},{\"@type\":\"ListItem\",\"position\":3,\"name\":\"Collar Mini Orgo\u0301n Estructura del Vaci\u0301o en Chapa de Oro de 14K con Shungita, Turmalina Negra y Obsidiana\"}]},{\"@type\":\"WebSite\",\"@id\":\"https:\/\/artesagrado.com.mx\/#website\",\"url\":\"https:\/\/artesagrado.com.mx\/\",\"name\":\"Arte Sagrado\",\"description\":\"Empoderando tu ser\",\"publisher\":{\"@id\":\"https:\/\/artesagrado.com.mx\/#organization\"},\"alternateName\":\"Arte Sagrado M\u00e9xico\",\"potentialAction\":[{\"@type\":\"SearchAction\",\"target\":{\"@type\":\"EntryPoint\",\"urlTemplate\":\"https:\/\/artesagrado.com.mx\/?s={search_term_string}\"},\"query-input\":{\"@type\":\"PropertyValueSpecification\",\"valueRequired\":true,\"valueName\":\"search_term_string\"}}],\"inLanguage\":\"en-US\"},{\"@type\":\"Organization\",\"@id\":\"https:\/\/artesagrado.com.mx\/#organization\",\"name\":\"Arte Sagrado\",\"alternateName\":\"Arte Sagrado M\u00e9xico\",\"url\":\"https:\/\/artesagrado.com.mx\/\",\"logo\":{\"@type\":\"ImageObject\",\"inLanguage\":\"en-US\",\"@id\":\"https:\/\/artesagrado.com.mx\/#\/schema\/logo\/image\/\",\"url\":\"https:\/\/artesagrado.com.mx\/wp-content\/uploads\/2024\/07\/portada_cuadrada_base_arte-sagrado.webp\",\"contentUrl\":\"https:\/\/artesagrado.com.mx\/wp-content\/uploads\/2024\/07\/portada_cuadrada_base_arte-sagrado.webp\",\"width\":1000,\"height\":1000,\"caption\":\"Arte Sagrado\"},\"image\":{\"@id\":\"https:\/\/artesagrado.com.mx\/#\/schema\/logo\/image\/\"},\"sameAs\":[\"https:\/\/www.facebook.com\/ArteSagradoMexico\",\"https:\/\/www.instagram.com\/arte_sagrado_oficial\/\",\"https:\/\/www.tiktok.com\/@arte_sagrado_oficial\"],\"description\":\"Arte Sagrado\u00ae es un proyecto pensado, sentido y accionado al servicio de la humanidad y la conciencia. Nacemos en tiempos precisos donde la luz y el recuerdo de nuestra grandeza, empiezan a resplandecer; es por eso que nuestro proyecto se enfoca y especializa en contribuir con informaci\u00f3n y conocimiento de los arquetipos originales y el lenguaje de la geometr\u00eda sagrada.\",\"publishingPrinciples\":\"https:\/\/artesagrado.com.mx\/conoce-a-arte-sagrado\/\"}]}<\/script>\n<meta property=\"og:availability\" content=\"instock\" \/>\n<meta property=\"product:availability\" content=\"instock\" \/>\n<meta property=\"product:condition\" content=\"new\" \/>\n<!-- \/ Yoast SEO Premium plugin. -->","yoast_head_json":{"title":"Collar Mini Orgo\u0301n Estructura del Vaci\u0301o en Chapa de Oro de 14K con Shungita, Turmalina Negra y Obsidiana &#8902; Arte Sagrado","description":"El Collar Mini Org\u00f3n Estructura del Vac\u00edo en Chapa de Oro de 14K con Shungita, Turmalina Negra y Obsidiana brinda fuerte protecci\u00f3n energ\u00e9tica diaria.","robots":{"index":"index","follow":"follow","max-snippet":"max-snippet:-1","max-image-preview":"max-image-preview:large","max-video-preview":"max-video-preview:-1"},"canonical":"https:\/\/artesagrado.com.mx\/en\/product\/collar-mini-orgon-estructura-del-vacio-en-chapa-de-oro-de-14k-con-shungita-turmalina-negra-y-obsidiana\/","og_locale":"en_US","og_type":"article","og_title":"Collar Mini Orgo\u0301n Estructura del Vaci\u0301o en Chapa de Oro de 14K con Shungita, Turmalina Negra y Obsidiana","og_description":"Descubre la colecci\u00f3n de productos de Arte Sagrado M\u00e9xico: joyer\u00eda y dispositivos energ\u00e9ticos elaborados con geometr\u00eda sagrada y tecnolog\u00eda Org\u00f3n para equilibrar y armonizar tu vida.","og_url":"https:\/\/artesagrado.com.mx\/en\/product\/collar-mini-orgon-estructura-del-vacio-en-chapa-de-oro-de-14k-con-shungita-turmalina-negra-y-obsidiana\/","og_site_name":"Arte Sagrado","article_publisher":"https:\/\/www.facebook.com\/ArteSagradoMexico","article_modified_time":"2026-01-22T22:30:47+00:00","og_image":[{"width":1000,"height":1000,"url":"https:\/\/artesagrado.com.mx\/wp-content\/uploads\/2025\/05\/Collar-Mini-Orgon-Estructura-del-Vacio-en-Chapa-de-Oro-de-14K-con-Shungita-Turmalina-Negra-y-Obsidiana_5.webp","type":"image\/webp"}],"twitter_card":"summary_large_image","twitter_misc":{"Availability":"In stock"},"schema":{"@context":"https:\/\/schema.org","@graph":[{"@type":"WebPage","@id":"https:\/\/artesagrado.com.mx\/producto\/collar-mini-orgon-estructura-del-vacio-en-chapa-de-oro-de-14k-con-shungita-turmalina-negra-y-obsidiana\/","url":"https:\/\/artesagrado.com.mx\/producto\/collar-mini-orgon-estructura-del-vacio-en-chapa-de-oro-de-14k-con-shungita-turmalina-negra-y-obsidiana\/","name":"Collar Mini Orgo\u0301n Estructura del Vaci\u0301o en Chapa de Oro de 14K con Shungita, Turmalina Negra y Obsidiana &#8902; Arte Sagrado","isPartOf":{"@id":"https:\/\/artesagrado.com.mx\/#website"},"primaryImageOfPage":{"@id":"https:\/\/artesagrado.com.mx\/producto\/collar-mini-orgon-estructura-del-vacio-en-chapa-de-oro-de-14k-con-shungita-turmalina-negra-y-obsidiana\/#primaryimage"},"image":{"@id":"https:\/\/artesagrado.com.mx\/producto\/collar-mini-orgon-estructura-del-vacio-en-chapa-de-oro-de-14k-con-shungita-turmalina-negra-y-obsidiana\/#primaryimage"},"thumbnailUrl":"https:\/\/artesagrado.com.mx\/wp-content\/uploads\/2025\/05\/Collar-Mini-Orgon-Estructura-del-Vacio-en-Chapa-de-Oro-de-14K-con-Shungita-Turmalina-Negra-y-Obsidiana_5.webp","datePublished":"2025-05-09T02:30:43+00:00","dateModified":"2026-01-22T22:30:47+00:00","description":"El Collar Mini Org\u00f3n Estructura del Vac\u00edo en Chapa de Oro de 14K con Shungita, Turmalina Negra y Obsidiana brinda fuerte protecci\u00f3n energ\u00e9tica diaria.","breadcrumb":{"@id":"https:\/\/artesagrado.com.mx\/producto\/collar-mini-orgon-estructura-del-vacio-en-chapa-de-oro-de-14k-con-shungita-turmalina-negra-y-obsidiana\/#breadcrumb"},"inLanguage":"en-US","potentialAction":[{"@type":"ReadAction","target":["https:\/\/artesagrado.com.mx\/producto\/collar-mini-orgon-estructura-del-vacio-en-chapa-de-oro-de-14k-con-shungita-turmalina-negra-y-obsidiana\/"]}]},{"@type":"ImageObject","inLanguage":"en-US","@id":"https:\/\/artesagrado.com.mx\/producto\/collar-mini-orgon-estructura-del-vacio-en-chapa-de-oro-de-14k-con-shungita-turmalina-negra-y-obsidiana\/#primaryimage","url":"https:\/\/artesagrado.com.mx\/wp-content\/uploads\/2025\/05\/Collar-Mini-Orgon-Estructura-del-Vacio-en-Chapa-de-Oro-de-14K-con-Shungita-Turmalina-Negra-y-Obsidiana_5.webp","contentUrl":"https:\/\/artesagrado.com.mx\/wp-content\/uploads\/2025\/05\/Collar-Mini-Orgon-Estructura-del-Vacio-en-Chapa-de-Oro-de-14K-con-Shungita-Turmalina-Negra-y-Obsidiana_5.webp","width":1000,"height":1000},{"@type":"BreadcrumbList","@id":"https:\/\/artesagrado.com.mx\/producto\/collar-mini-orgon-estructura-del-vacio-en-chapa-de-oro-de-14k-con-shungita-turmalina-negra-y-obsidiana\/#breadcrumb","itemListElement":[{"@type":"ListItem","position":1,"name":"Portada","item":"https:\/\/artesagrado.com.mx\/"},{"@type":"ListItem","position":2,"name":"Tienda","item":"https:\/\/artesagrado.com.mx\/tienda\/"},{"@type":"ListItem","position":3,"name":"Collar Mini Orgo\u0301n Estructura del Vaci\u0301o en Chapa de Oro de 14K con Shungita, Turmalina Negra y Obsidiana"}]},{"@type":"WebSite","@id":"https:\/\/artesagrado.com.mx\/#website","url":"https:\/\/artesagrado.com.mx\/","name":"Arte Sagrado","description":"Empoderando tu ser","publisher":{"@id":"https:\/\/artesagrado.com.mx\/#organization"},"alternateName":"Arte Sagrado M\u00e9xico","potentialAction":[{"@type":"SearchAction","target":{"@type":"EntryPoint","urlTemplate":"https:\/\/artesagrado.com.mx\/?s={search_term_string}"},"query-input":{"@type":"PropertyValueSpecification","valueRequired":true,"valueName":"search_term_string"}}],"inLanguage":"en-US"},{"@type":"Organization","@id":"https:\/\/artesagrado.com.mx\/#organization","name":"Arte Sagrado","alternateName":"Arte Sagrado M\u00e9xico","url":"https:\/\/artesagrado.com.mx\/","logo":{"@type":"ImageObject","inLanguage":"en-US","@id":"https:\/\/artesagrado.com.mx\/#\/schema\/logo\/image\/","url":"https:\/\/artesagrado.com.mx\/wp-content\/uploads\/2024\/07\/portada_cuadrada_base_arte-sagrado.webp","contentUrl":"https:\/\/artesagrado.com.mx\/wp-content\/uploads\/2024\/07\/portada_cuadrada_base_arte-sagrado.webp","width":1000,"height":1000,"caption":"Arte Sagrado"},"image":{"@id":"https:\/\/artesagrado.com.mx\/#\/schema\/logo\/image\/"},"sameAs":["https:\/\/www.facebook.com\/ArteSagradoMexico","https:\/\/www.instagram.com\/arte_sagrado_oficial\/","https:\/\/www.tiktok.com\/@arte_sagrado_oficial"],"description":"Arte Sagrado\u00ae es un proyecto pensado, sentido y accionado al servicio de la humanidad y la conciencia. Nacemos en tiempos precisos donde la luz y el recuerdo de nuestra grandeza, empiezan a resplandecer; es por eso que nuestro proyecto se enfoca y especializa en contribuir con informaci\u00f3n y conocimiento de los arquetipos originales y el lenguaje de la geometr\u00eda sagrada.","publishingPrinciples":"https:\/\/artesagrado.com.mx\/conoce-a-arte-sagrado\/"}]},"og_availability":"instock","product_availability":"instock","product_condition":"new"},"jetpack_sharing_enabled":true,"_links":{"self":[{"href":"https:\/\/artesagrado.com.mx\/en\/wp-json\/wp\/v2\/product\/45670","targetHints":{"allow":["GET"]}}],"collection":[{"href":"https:\/\/artesagrado.com.mx\/en\/wp-json\/wp\/v2\/product"}],"about":[{"href":"https:\/\/artesagrado.com.mx\/en\/wp-json\/wp\/v2\/types\/product"}],"replies":[{"embeddable":true,"href":"https:\/\/artesagrado.com.mx\/en\/wp-json\/wp\/v2\/comments?post=45670"}],"wp:featuredmedia":[{"embeddable":true,"href":"https:\/\/artesagrado.com.mx\/en\/wp-json\/wp\/v2\/media\/45675"}],"wp:attachment":[{"href":"https:\/\/artesagrado.com.mx\/en\/wp-json\/wp\/v2\/media?parent=45670"}],"wp:term":[{"taxonomy":"astrologia","embeddable":true,"href":"https:\/\/artesagrado.com.mx\/en\/wp-json\/wp\/v2\/astrologia?post=45670"},{"taxonomy":"coleccion","embeddable":true,"href":"https:\/\/artesagrado.com.mx\/en\/wp-json\/wp\/v2\/coleccion?post=45670"},{"taxonomy":"joyeria","embeddable":true,"href":"https:\/\/artesagrado.com.mx\/en\/wp-json\/wp\/v2\/joyeria?post=45670"},{"taxonomy":"linea","embeddable":true,"href":"https:\/\/artesagrado.com.mx\/en\/wp-json\/wp\/v2\/linea?post=45670"},{"taxonomy":"material","embeddable":true,"href":"https:\/\/artesagrado.com.mx\/en\/wp-json\/wp\/v2\/material?post=45670"},{"taxonomy":"orgonita","embeddable":true,"href":"https:\/\/artesagrado.com.mx\/en\/wp-json\/wp\/v2\/orgonita?post=45670"},{"taxonomy":"piedra","embeddable":true,"href":"https:\/\/artesagrado.com.mx\/en\/wp-json\/wp\/v2\/piedra?post=45670"},{"taxonomy":"proposito","embeddable":true,"href":"https:\/\/artesagrado.com.mx\/en\/wp-json\/wp\/v2\/proposito?post=45670"},{"taxonomy":"simbolo","embeddable":true,"href":"https:\/\/artesagrado.com.mx\/en\/wp-json\/wp\/v2\/simbolo?post=45670"},{"taxonomy":"tamano","embeddable":true,"href":"https:\/\/artesagrado.com.mx\/en\/wp-json\/wp\/v2\/tamano?post=45670"},{"taxonomy":"visibilidad-producto-nuevo","embeddable":true,"href":"https:\/\/artesagrado.com.mx\/en\/wp-json\/wp\/v2\/visibilidad-producto-nuevo?post=45670"},{"taxonomy":"product_brand","embeddable":true,"href":"https:\/\/artesagrado.com.mx\/en\/wp-json\/wp\/v2\/product_brand?post=45670"},{"taxonomy":"product_cat","embeddable":true,"href":"https:\/\/artesagrado.com.mx\/en\/wp-json\/wp\/v2\/product_cat?post=45670"},{"taxonomy":"product_tag","embeddable":true,"href":"https:\/\/artesagrado.com.mx\/en\/wp-json\/wp\/v2\/product_tag?post=45670"}],"curies":[{"name":"wp","href":"https:\/\/api.w.org\/{rel}","templated":true}]}}