{"id":46057,"date":"2025-06-09T09:47:33","date_gmt":"2025-06-09T15:47:33","guid":{"rendered":"https:\/\/artesagrado.com.mx\/?post_type=product&#038;p=46057"},"modified":"2026-01-22T16:35:36","modified_gmt":"2026-01-22T22:35:36","slug":"mini-piramide-orgonita-ojo-de-tigre-y-citrino","status":"publish","type":"product","link":"https:\/\/artesagrado.com.mx\/en\/product\/mini-piramide-orgonita-ojo-de-tigre-y-citrino\/","title":{"rendered":"Mini Pir\u00e1mide Orgonita Ojo de Tigre y Citrino"},"content":{"rendered":"<p>Dr. Willheim Reich described the<strong> Orgone<\/strong> as the cosmic energy that is part of all living matter. The name comes from \"organism and orgasm\", which refers to the vital energy and creative power.<\/p>\n<p>An Orgone generator or energy transmuter is a compact and solid structure made to stimulate the piezoelectric properties of its materials and thus attract, accumulate, order and enhance the energy present, transforming the negative and chaotic electromagnetic waves into vital energy, harmonized and in perfect harmony with nature, which is reflected in restorative biological effects, which is why it has been used for therapeutic purposes due to its benefits in a wide range of applications.<\/p>\n<p>The <strong>Tiger Eye<\/strong> combines the energy of the earth and the sun, integrates the cerebral hemispheres and anchors the high vibrational energy stimulating the ascent of the kundalini energy.<\/p>\n<p>It helps to achieve our goals, recognizing our inner strength, helps fight depression and elevates mood.<\/p>\n<p>It energizes the emotional body, improves vision, soothes the throat and is ideal for the Root, throat and Solar Plexus chakra.<\/p>\n<p class=\"translation-block\"><span style=\"font-weight: 400\">The <\/span><b>Citrine<\/b><span style=\"font-weight: 400\"> helps the manifestation of prosperity, particularly if combined with the power of affirmations.<\/p>\n<p>Because of its ability to activate the Solar Plexus, which is the seat of the will, it will help you to be decisive and assertive about what you can attract into your life.<\/p>\n<p>One of the lesser known properties of these crystals is their strong ability to calm fear and anxiety. By letting go of your fear you accept into your life the good that comes your way, i.e. prosperity.<\/p>\n<p>It will help you heal ego issues coming from the solar plexus, also known as the personal power chakra.<\/p>\n<p>Citrine will also help you release etheric blockages within your chakras.<\/p>","protected":false},"excerpt":{"rendered":"<p>Mini Pir&aacute;mide Orgonita con los mismo beneficios que el tama&ntilde;o regular , pero de bolsillo.<\/p>\n<p><strong id=\"isPasted\"><strong>Ojo de Tigre, Citrino, Base en Lat&oacute;n y espiral de Cobre.<\/strong><\/strong><\/p>\n<p>We create your Orgone Pyramid through 28 artisanal processes of refinement and energetics.<\/p>\n<p>Orgone power: 3 to 5m<\/p>\n<ul>\n<li>Orgone pyramid of 3cm per side.<\/li>\n<li>Maquinaria de cobre y base de bronce y lat&oacute;n.<\/li>\n<\/ul>\n<p>NOTA: Por su naturaleza, la pir&aacute;mide puede variar, en detalle, tono y color.<\/p>","protected":false},"featured_media":46063,"comment_status":"open","ping_status":"closed","template":"","meta":{"_acf_changed":false,"site-sidebar-layout":"default","site-content-layout":"","ast-site-content-layout":"default","site-content-style":"default","site-sidebar-style":"default","ast-global-header-display":"","ast-banner-title-visibility":"","ast-main-header-display":"","ast-hfb-above-header-display":"","ast-hfb-below-header-display":"","ast-hfb-mobile-header-display":"","site-post-title":"","ast-breadcrumbs-content":"","ast-featured-img":"","footer-sml-layout":"","ast-disable-related-posts":"","theme-transparent-header-meta":"default","adv-header-id-meta":"","stick-header-meta":"","header-above-stick-meta":"","header-main-stick-meta":"","header-below-stick-meta":"","astra-migrate-meta-layouts":"set","ast-page-background-enabled":"default","ast-page-background-meta":{"desktop":{"background-color":"var(--ast-global-color-4)","background-image":"","background-repeat":"repeat","background-position":"center center","background-size":"auto","background-attachment":"scroll","background-type":"","background-media":"","overlay-type":"","overlay-color":"","overlay-opacity":"","overlay-gradient":""},"tablet":{"background-color":"","background-image":"","background-repeat":"repeat","background-position":"center center","background-size":"auto","background-attachment":"scroll","background-type":"","background-media":"","overlay-type":"","overlay-color":"","overlay-opacity":"","overlay-gradient":""},"mobile":{"background-color":"","background-image":"","background-repeat":"repeat","background-position":"center center","background-size":"auto","background-attachment":"scroll","background-type":"","background-media":"","overlay-type":"","overlay-color":"","overlay-opacity":"","overlay-gradient":""}},"ast-content-background-meta":{"desktop":{"background-color":"var(--ast-global-color-5)","background-image":"","background-repeat":"repeat","background-position":"center center","background-size":"auto","background-attachment":"scroll","background-type":"","background-media":"","overlay-type":"","overlay-color":"","overlay-opacity":"","overlay-gradient":""},"tablet":{"background-color":"var(--ast-global-color-5)","background-image":"","background-repeat":"repeat","background-position":"center center","background-size":"auto","background-attachment":"scroll","background-type":"","background-media":"","overlay-type":"","overlay-color":"","overlay-opacity":"","overlay-gradient":""},"mobile":{"background-color":"var(--ast-global-color-5)","background-image":"","background-repeat":"repeat","background-position":"center center","background-size":"auto","background-attachment":"scroll","background-type":"","background-media":"","overlay-type":"","overlay-color":"","overlay-opacity":"","overlay-gradient":""}},"_joinchat":[]},"astrologia":[],"coleccion":[],"joyeria":[],"linea":[],"material":[2342],"orgonita":[1602,1600],"piedra":[872,894],"proposito":[685,757,2446,1989,2220,718,1997,2082],"simbolo":[],"tamano":[809],"visibilidad-producto-nuevo":[],"product_brand":[],"product_cat":[1617,1610],"product_tag":[2476,665],"class_list":{"0":"post-46057","1":"product","2":"type-product","3":"status-publish","4":"has-post-thumbnail","6":"material-cuarzo","7":"orgonita-mini-orgonita","8":"orgonita-piramides","9":"piedra-cuarzo-citrino","10":"piedra-ojo-de-tigre","11":"proposito-abundancia","12":"proposito-alegria","13":"proposito-autoconfianza","14":"proposito-conexion-con-la-tierra","15":"proposito-energia-solar","16":"proposito-estructura","17":"proposito-perseverancia","18":"proposito-vigor","19":"tamano-mini","20":"product_cat-colecciones","21":"product_cat-orgonitas","22":"product_tag-mini-piramides","23":"product_tag-piramides","24":"pa_cuarzos-cuarzo-citrino","25":"pa_cuarzos-ojo-de-tigre","26":"desktop-align-left","27":"tablet-align-left","28":"mobile-align-left","30":"first","31":"instock","32":"shipping-taxable","33":"purchasable","34":"product-type-simple"},"acf":[],"yoast_head":"<!-- This site is optimized with the Yoast SEO Premium plugin v24.9 (Yoast SEO v24.9) - https:\/\/yoast.com\/wordpress\/plugins\/seo\/ -->\n<title>Mini Pir\u00e1mide Orgonita Ojo de Tigre y Citrino &#8902; Arte Sagrado<\/title>\n<meta name=\"description\" content=\"Mini Pir\u00e1mide Orgonita con Ojo de Tigre y Citrino ideal para aumentar la confianza, el arraigo a la tierra, la voluntad y estimular el los primeros 4 chakra\" \/>\n<meta name=\"robots\" content=\"index, follow, max-snippet:-1, max-image-preview:large, max-video-preview:-1\" \/>\n<link rel=\"canonical\" href=\"https:\/\/artesagrado.com.mx\/en\/product\/mini-piramide-orgonita-ojo-de-tigre-y-citrino\/\" \/>\n<meta property=\"og:locale\" content=\"en_US\" \/>\n<meta property=\"og:type\" content=\"article\" \/>\n<meta property=\"og:title\" content=\"Mini Pir\u00e1mide Orgonita Ojo de Tigre y Citrino\" \/>\n<meta property=\"og:description\" content=\"Descubre la colecci\u00f3n de productos de Arte Sagrado M\u00e9xico: joyer\u00eda y dispositivos energ\u00e9ticos elaborados con geometr\u00eda sagrada y tecnolog\u00eda Org\u00f3n para equilibrar y armonizar tu vida.\" \/>\n<meta property=\"og:url\" content=\"https:\/\/artesagrado.com.mx\/en\/product\/mini-piramide-orgonita-ojo-de-tigre-y-citrino\/\" \/>\n<meta property=\"og:site_name\" content=\"Arte Sagrado\" \/>\n<meta property=\"article:publisher\" content=\"https:\/\/www.facebook.com\/ArteSagradoMexico\" \/>\n<meta property=\"article:modified_time\" content=\"2026-01-22T22:35:36+00:00\" \/>\n<meta property=\"og:image\" content=\"https:\/\/artesagrado.com.mx\/wp-content\/uploads\/2025\/06\/Mini-Piramide-Orgonita-con-Ojo-de-Tigre-y-Citrino_4B.webp\" \/>\n\t<meta property=\"og:image:width\" content=\"1000\" \/>\n\t<meta property=\"og:image:height\" content=\"1000\" \/>\n\t<meta property=\"og:image:type\" content=\"image\/webp\" \/>\n<meta name=\"twitter:card\" content=\"summary_large_image\" \/>\n<meta name=\"twitter:label1\" content=\"Price\" \/>\n\t<meta name=\"twitter:data1\" content=\"&#036;444.00\" \/>\n\t<meta name=\"twitter:label2\" content=\"Availability\" \/>\n\t<meta name=\"twitter:data2\" content=\"In stock\" \/>\n<script type=\"application\/ld+json\" class=\"yoast-schema-graph\">{\"@context\":\"https:\/\/schema.org\",\"@graph\":[{\"@type\":\"WebPage\",\"@id\":\"https:\/\/artesagrado.com.mx\/producto\/mini-piramide-orgonita-ojo-de-tigre-y-citrino\/\",\"url\":\"https:\/\/artesagrado.com.mx\/producto\/mini-piramide-orgonita-ojo-de-tigre-y-citrino\/\",\"name\":\"Mini Pir\u00e1mide Orgonita Ojo de Tigre y Citrino &#8902; Arte Sagrado\",\"isPartOf\":{\"@id\":\"https:\/\/artesagrado.com.mx\/#website\"},\"primaryImageOfPage\":{\"@id\":\"https:\/\/artesagrado.com.mx\/producto\/mini-piramide-orgonita-ojo-de-tigre-y-citrino\/#primaryimage\"},\"image\":{\"@id\":\"https:\/\/artesagrado.com.mx\/producto\/mini-piramide-orgonita-ojo-de-tigre-y-citrino\/#primaryimage\"},\"thumbnailUrl\":\"https:\/\/artesagrado.com.mx\/wp-content\/uploads\/2025\/06\/Mini-Piramide-Orgonita-con-Ojo-de-Tigre-y-Citrino_4B.webp\",\"datePublished\":\"2025-06-09T15:47:33+00:00\",\"dateModified\":\"2026-01-22T22:35:36+00:00\",\"description\":\"Mini Pir\u00e1mide Orgonita con Ojo de Tigre y Citrino ideal para aumentar la confianza, el arraigo a la tierra, la voluntad y estimular el los primeros 4 chakra\",\"breadcrumb\":{\"@id\":\"https:\/\/artesagrado.com.mx\/producto\/mini-piramide-orgonita-ojo-de-tigre-y-citrino\/#breadcrumb\"},\"inLanguage\":\"en-US\",\"potentialAction\":[{\"@type\":\"ReadAction\",\"target\":[\"https:\/\/artesagrado.com.mx\/producto\/mini-piramide-orgonita-ojo-de-tigre-y-citrino\/\"]}]},{\"@type\":\"ImageObject\",\"inLanguage\":\"en-US\",\"@id\":\"https:\/\/artesagrado.com.mx\/producto\/mini-piramide-orgonita-ojo-de-tigre-y-citrino\/#primaryimage\",\"url\":\"https:\/\/artesagrado.com.mx\/wp-content\/uploads\/2025\/06\/Mini-Piramide-Orgonita-con-Ojo-de-Tigre-y-Citrino_4B.webp\",\"contentUrl\":\"https:\/\/artesagrado.com.mx\/wp-content\/uploads\/2025\/06\/Mini-Piramide-Orgonita-con-Ojo-de-Tigre-y-Citrino_4B.webp\",\"width\":1000,\"height\":1000},{\"@type\":\"BreadcrumbList\",\"@id\":\"https:\/\/artesagrado.com.mx\/producto\/mini-piramide-orgonita-ojo-de-tigre-y-citrino\/#breadcrumb\",\"itemListElement\":[{\"@type\":\"ListItem\",\"position\":1,\"name\":\"Portada\",\"item\":\"https:\/\/artesagrado.com.mx\/\"},{\"@type\":\"ListItem\",\"position\":2,\"name\":\"Tienda\",\"item\":\"https:\/\/artesagrado.com.mx\/tienda\/\"},{\"@type\":\"ListItem\",\"position\":3,\"name\":\"Mini Pir\u00e1mide Orgonita Ojo de Tigre y Citrino\"}]},{\"@type\":\"WebSite\",\"@id\":\"https:\/\/artesagrado.com.mx\/#website\",\"url\":\"https:\/\/artesagrado.com.mx\/\",\"name\":\"Arte Sagrado\",\"description\":\"Empoderando tu ser\",\"publisher\":{\"@id\":\"https:\/\/artesagrado.com.mx\/#organization\"},\"alternateName\":\"Arte Sagrado M\u00e9xico\",\"potentialAction\":[{\"@type\":\"SearchAction\",\"target\":{\"@type\":\"EntryPoint\",\"urlTemplate\":\"https:\/\/artesagrado.com.mx\/?s={search_term_string}\"},\"query-input\":{\"@type\":\"PropertyValueSpecification\",\"valueRequired\":true,\"valueName\":\"search_term_string\"}}],\"inLanguage\":\"en-US\"},{\"@type\":\"Organization\",\"@id\":\"https:\/\/artesagrado.com.mx\/#organization\",\"name\":\"Arte Sagrado\",\"alternateName\":\"Arte Sagrado M\u00e9xico\",\"url\":\"https:\/\/artesagrado.com.mx\/\",\"logo\":{\"@type\":\"ImageObject\",\"inLanguage\":\"en-US\",\"@id\":\"https:\/\/artesagrado.com.mx\/#\/schema\/logo\/image\/\",\"url\":\"https:\/\/artesagrado.com.mx\/wp-content\/uploads\/2024\/07\/portada_cuadrada_base_arte-sagrado.webp\",\"contentUrl\":\"https:\/\/artesagrado.com.mx\/wp-content\/uploads\/2024\/07\/portada_cuadrada_base_arte-sagrado.webp\",\"width\":1000,\"height\":1000,\"caption\":\"Arte Sagrado\"},\"image\":{\"@id\":\"https:\/\/artesagrado.com.mx\/#\/schema\/logo\/image\/\"},\"sameAs\":[\"https:\/\/www.facebook.com\/ArteSagradoMexico\",\"https:\/\/www.instagram.com\/arte_sagrado_oficial\/\",\"https:\/\/www.tiktok.com\/@arte_sagrado_oficial\"],\"description\":\"Arte Sagrado\u00ae es un proyecto pensado, sentido y accionado al servicio de la humanidad y la conciencia. Nacemos en tiempos precisos donde la luz y el recuerdo de nuestra grandeza, empiezan a resplandecer; es por eso que nuestro proyecto se enfoca y especializa en contribuir con informaci\u00f3n y conocimiento de los arquetipos originales y el lenguaje de la geometr\u00eda sagrada.\",\"publishingPrinciples\":\"https:\/\/artesagrado.com.mx\/conoce-a-arte-sagrado\/\"}]}<\/script>\n<meta property=\"product:price:amount\" content=\"444.00\" \/>\n<meta property=\"product:price:currency\" content=\"MXN\" \/>\n<meta property=\"og:availability\" content=\"instock\" \/>\n<meta property=\"product:availability\" content=\"instock\" \/>\n<meta property=\"product:condition\" content=\"new\" \/>\n<!-- \/ Yoast SEO Premium plugin. -->","yoast_head_json":{"title":"Mini Pir\u00e1mide Orgonita Ojo de Tigre y Citrino &#8902; Arte Sagrado","description":"Mini Pir\u00e1mide Orgonita con Ojo de Tigre y Citrino ideal para aumentar la confianza, el arraigo a la tierra, la voluntad y estimular el los primeros 4 chakra","robots":{"index":"index","follow":"follow","max-snippet":"max-snippet:-1","max-image-preview":"max-image-preview:large","max-video-preview":"max-video-preview:-1"},"canonical":"https:\/\/artesagrado.com.mx\/en\/product\/mini-piramide-orgonita-ojo-de-tigre-y-citrino\/","og_locale":"en_US","og_type":"article","og_title":"Mini Pir\u00e1mide Orgonita Ojo de Tigre y Citrino","og_description":"Descubre la colecci\u00f3n de productos de Arte Sagrado M\u00e9xico: joyer\u00eda y dispositivos energ\u00e9ticos elaborados con geometr\u00eda sagrada y tecnolog\u00eda Org\u00f3n para equilibrar y armonizar tu vida.","og_url":"https:\/\/artesagrado.com.mx\/en\/product\/mini-piramide-orgonita-ojo-de-tigre-y-citrino\/","og_site_name":"Arte Sagrado","article_publisher":"https:\/\/www.facebook.com\/ArteSagradoMexico","article_modified_time":"2026-01-22T22:35:36+00:00","og_image":[{"width":1000,"height":1000,"url":"https:\/\/artesagrado.com.mx\/wp-content\/uploads\/2025\/06\/Mini-Piramide-Orgonita-con-Ojo-de-Tigre-y-Citrino_4B.webp","type":"image\/webp"}],"twitter_card":"summary_large_image","twitter_misc":{"Price":"&#36;444.00","Availability":"In stock"},"schema":{"@context":"https:\/\/schema.org","@graph":[{"@type":"WebPage","@id":"https:\/\/artesagrado.com.mx\/producto\/mini-piramide-orgonita-ojo-de-tigre-y-citrino\/","url":"https:\/\/artesagrado.com.mx\/producto\/mini-piramide-orgonita-ojo-de-tigre-y-citrino\/","name":"Mini Pir\u00e1mide Orgonita Ojo de Tigre y Citrino &#8902; Arte Sagrado","isPartOf":{"@id":"https:\/\/artesagrado.com.mx\/#website"},"primaryImageOfPage":{"@id":"https:\/\/artesagrado.com.mx\/producto\/mini-piramide-orgonita-ojo-de-tigre-y-citrino\/#primaryimage"},"image":{"@id":"https:\/\/artesagrado.com.mx\/producto\/mini-piramide-orgonita-ojo-de-tigre-y-citrino\/#primaryimage"},"thumbnailUrl":"https:\/\/artesagrado.com.mx\/wp-content\/uploads\/2025\/06\/Mini-Piramide-Orgonita-con-Ojo-de-Tigre-y-Citrino_4B.webp","datePublished":"2025-06-09T15:47:33+00:00","dateModified":"2026-01-22T22:35:36+00:00","description":"Mini Pir\u00e1mide Orgonita con Ojo de Tigre y Citrino ideal para aumentar la confianza, el arraigo a la tierra, la voluntad y estimular el los primeros 4 chakra","breadcrumb":{"@id":"https:\/\/artesagrado.com.mx\/producto\/mini-piramide-orgonita-ojo-de-tigre-y-citrino\/#breadcrumb"},"inLanguage":"en-US","potentialAction":[{"@type":"ReadAction","target":["https:\/\/artesagrado.com.mx\/producto\/mini-piramide-orgonita-ojo-de-tigre-y-citrino\/"]}]},{"@type":"ImageObject","inLanguage":"en-US","@id":"https:\/\/artesagrado.com.mx\/producto\/mini-piramide-orgonita-ojo-de-tigre-y-citrino\/#primaryimage","url":"https:\/\/artesagrado.com.mx\/wp-content\/uploads\/2025\/06\/Mini-Piramide-Orgonita-con-Ojo-de-Tigre-y-Citrino_4B.webp","contentUrl":"https:\/\/artesagrado.com.mx\/wp-content\/uploads\/2025\/06\/Mini-Piramide-Orgonita-con-Ojo-de-Tigre-y-Citrino_4B.webp","width":1000,"height":1000},{"@type":"BreadcrumbList","@id":"https:\/\/artesagrado.com.mx\/producto\/mini-piramide-orgonita-ojo-de-tigre-y-citrino\/#breadcrumb","itemListElement":[{"@type":"ListItem","position":1,"name":"Portada","item":"https:\/\/artesagrado.com.mx\/"},{"@type":"ListItem","position":2,"name":"Tienda","item":"https:\/\/artesagrado.com.mx\/tienda\/"},{"@type":"ListItem","position":3,"name":"Mini Pir\u00e1mide Orgonita Ojo de Tigre y Citrino"}]},{"@type":"WebSite","@id":"https:\/\/artesagrado.com.mx\/#website","url":"https:\/\/artesagrado.com.mx\/","name":"Arte Sagrado","description":"Empoderando tu ser","publisher":{"@id":"https:\/\/artesagrado.com.mx\/#organization"},"alternateName":"Arte Sagrado M\u00e9xico","potentialAction":[{"@type":"SearchAction","target":{"@type":"EntryPoint","urlTemplate":"https:\/\/artesagrado.com.mx\/?s={search_term_string}"},"query-input":{"@type":"PropertyValueSpecification","valueRequired":true,"valueName":"search_term_string"}}],"inLanguage":"en-US"},{"@type":"Organization","@id":"https:\/\/artesagrado.com.mx\/#organization","name":"Arte Sagrado","alternateName":"Arte Sagrado M\u00e9xico","url":"https:\/\/artesagrado.com.mx\/","logo":{"@type":"ImageObject","inLanguage":"en-US","@id":"https:\/\/artesagrado.com.mx\/#\/schema\/logo\/image\/","url":"https:\/\/artesagrado.com.mx\/wp-content\/uploads\/2024\/07\/portada_cuadrada_base_arte-sagrado.webp","contentUrl":"https:\/\/artesagrado.com.mx\/wp-content\/uploads\/2024\/07\/portada_cuadrada_base_arte-sagrado.webp","width":1000,"height":1000,"caption":"Arte Sagrado"},"image":{"@id":"https:\/\/artesagrado.com.mx\/#\/schema\/logo\/image\/"},"sameAs":["https:\/\/www.facebook.com\/ArteSagradoMexico","https:\/\/www.instagram.com\/arte_sagrado_oficial\/","https:\/\/www.tiktok.com\/@arte_sagrado_oficial"],"description":"Arte Sagrado\u00ae es un proyecto pensado, sentido y accionado al servicio de la humanidad y la conciencia. Nacemos en tiempos precisos donde la luz y el recuerdo de nuestra grandeza, empiezan a resplandecer; es por eso que nuestro proyecto se enfoca y especializa en contribuir con informaci\u00f3n y conocimiento de los arquetipos originales y el lenguaje de la geometr\u00eda sagrada.","publishingPrinciples":"https:\/\/artesagrado.com.mx\/conoce-a-arte-sagrado\/"}]},"product_price_amount":"444.00","product_price_currency":"MXN","og_availability":"instock","product_availability":"instock","product_condition":"new"},"jetpack_sharing_enabled":true,"_links":{"self":[{"href":"https:\/\/artesagrado.com.mx\/en\/wp-json\/wp\/v2\/product\/46057","targetHints":{"allow":["GET"]}}],"collection":[{"href":"https:\/\/artesagrado.com.mx\/en\/wp-json\/wp\/v2\/product"}],"about":[{"href":"https:\/\/artesagrado.com.mx\/en\/wp-json\/wp\/v2\/types\/product"}],"replies":[{"embeddable":true,"href":"https:\/\/artesagrado.com.mx\/en\/wp-json\/wp\/v2\/comments?post=46057"}],"wp:featuredmedia":[{"embeddable":true,"href":"https:\/\/artesagrado.com.mx\/en\/wp-json\/wp\/v2\/media\/46063"}],"wp:attachment":[{"href":"https:\/\/artesagrado.com.mx\/en\/wp-json\/wp\/v2\/media?parent=46057"}],"wp:term":[{"taxonomy":"astrologia","embeddable":true,"href":"https:\/\/artesagrado.com.mx\/en\/wp-json\/wp\/v2\/astrologia?post=46057"},{"taxonomy":"coleccion","embeddable":true,"href":"https:\/\/artesagrado.com.mx\/en\/wp-json\/wp\/v2\/coleccion?post=46057"},{"taxonomy":"joyeria","embeddable":true,"href":"https:\/\/artesagrado.com.mx\/en\/wp-json\/wp\/v2\/joyeria?post=46057"},{"taxonomy":"linea","embeddable":true,"href":"https:\/\/artesagrado.com.mx\/en\/wp-json\/wp\/v2\/linea?post=46057"},{"taxonomy":"material","embeddable":true,"href":"https:\/\/artesagrado.com.mx\/en\/wp-json\/wp\/v2\/material?post=46057"},{"taxonomy":"orgonita","embeddable":true,"href":"https:\/\/artesagrado.com.mx\/en\/wp-json\/wp\/v2\/orgonita?post=46057"},{"taxonomy":"piedra","embeddable":true,"href":"https:\/\/artesagrado.com.mx\/en\/wp-json\/wp\/v2\/piedra?post=46057"},{"taxonomy":"proposito","embeddable":true,"href":"https:\/\/artesagrado.com.mx\/en\/wp-json\/wp\/v2\/proposito?post=46057"},{"taxonomy":"simbolo","embeddable":true,"href":"https:\/\/artesagrado.com.mx\/en\/wp-json\/wp\/v2\/simbolo?post=46057"},{"taxonomy":"tamano","embeddable":true,"href":"https:\/\/artesagrado.com.mx\/en\/wp-json\/wp\/v2\/tamano?post=46057"},{"taxonomy":"visibilidad-producto-nuevo","embeddable":true,"href":"https:\/\/artesagrado.com.mx\/en\/wp-json\/wp\/v2\/visibilidad-producto-nuevo?post=46057"},{"taxonomy":"product_brand","embeddable":true,"href":"https:\/\/artesagrado.com.mx\/en\/wp-json\/wp\/v2\/product_brand?post=46057"},{"taxonomy":"product_cat","embeddable":true,"href":"https:\/\/artesagrado.com.mx\/en\/wp-json\/wp\/v2\/product_cat?post=46057"},{"taxonomy":"product_tag","embeddable":true,"href":"https:\/\/artesagrado.com.mx\/en\/wp-json\/wp\/v2\/product_tag?post=46057"}],"curies":[{"name":"wp","href":"https:\/\/api.w.org\/{rel}","templated":true}]}}