{"id":46151,"date":"2025-07-31T12:54:13","date_gmt":"2025-07-31T18:54:13","guid":{"rendered":"https:\/\/artesagrado.com.mx\/?post_type=product&#038;p=46151"},"modified":"2026-01-22T16:30:35","modified_gmt":"2026-01-22T22:30:35","slug":"collar-mini-orgon-1111-en-plata-0-925-con-ojo-de-halcon-lapislazuli-y-aventurina-azul","status":"publish","type":"product","link":"https:\/\/artesagrado.com.mx\/en\/product\/collar-mini-orgon-1111-en-plata-0-925-con-ojo-de-halcon-lapislazuli-y-aventurina-azul\/","title":{"rendered":"Mini Orgone Necklace 11:11 in 0.925 Silver with Lapislazulil, Hawk\u00b4s Eye, and Blue Aventurine"},"content":{"rendered":"<p><strong>11:11 Anniversary Edition<\/strong><\/p>\n<p><strong>Portal of Light \u00b7 Soul Activation \u00b7 Conscious Awakening<\/strong><\/p>\n<p>Commemorating 11 years of spiritual journey, conscious creation, and deep connection with the sacred, at Arte Sagrado\u00ae we present the 11:11 symbol as the emblem of our anniversary.<\/p>\n<p>It's a sacred symbol, a sign that you're in sync with the universe, aligned with your purpose, and guided by higher forces.<\/p>\n<p>In numerology, the number 11 is a \u201cMaster Number\u201d linked to intuition, spiritual vision, and higher consciousness.<\/p>\n<p>&nbsp;When repeated as 11:11, its energy doubles, becoming an energetic portal of transformation.<\/p>\n<p>It is the vibration of spiritual awakening and conscious manifestation; 11:11 is visualized as two parallel columns of light, two opening portals. They represent integrated duality: masculine and feminine, matter and spirit, shadow and light\u2026 in perfect balance.<\/p>\n<p>When you see 11:11, you are in the exact present moment where your soul and the universe meet.<br \/>Inner Code Activation: Awaken ancient memories, dormant talents, and your soul's mission.<br \/>Bridge between worlds: Activate the connection with your guides, angels or higher self.<br \/>Accelerated Manifestation: It's the ideal time to visualize what you want to create.<br \/>Collective awakening: Marks a turning point in individual and global spiritual evolution.<\/p>\n<p>Dr. Willheim Reich described the<strong>&nbsp;Orgone<\/strong>&nbsp;as the cosmic energy that is part of all living matter. The name comes from \"organism and orgasm\", which refers to the vital energy and creative power.<\/p>\n<p>An orgone generator or energy transmuter is a compact and solid structure made to stimulate the piezoelectric properties of its materials and thus attract, accumulate, order and enhance the energy present, transforming the negative and chaotic electromagnetic waves into vital energy, harmonized and in perfect harmony with nature, which is reflected in restorative biological effects, which is why it has been used for therapeutic purposes due to its benefits in a wide range of applications.<\/p>\n<p>&nbsp;<\/p>\n<p>The&nbsp;<strong>Hawk's Eye&nbsp;<\/strong>is a symbol of clairvoyance, energetic protection and heightened perception. It is considered the \u201cmystical brother\u201d of the Tiger Eye, but with a more introspective and spiritual energy.<\/p>\n<p>Its direct connection with the third eye chakra and the throat chakra makes it an ideal ally for those who wish to see beyond appearances, awaken intuition and strengthen conscious communication.<\/p>\n<p>It is a stone of psychic protection, used to clear negative energies, mental blockages and dense vibrations from the environment. Its energy acts as a subtle shield that maintains calm and clarity, even in times of emotional chaos.<\/p>\n<p>The&nbsp;<strong>Hawk's Eye<\/strong>&nbsp;Hawk's Eye also stimulates inner vision, being ideal for meditators, healers, therapists and channelers. It brings focus, serenity and objectivity to make decisions from the soul, not from fear.<\/p>\n<p>&nbsp;<\/p>\n<p>The&nbsp;<strong>Blue Aventurine<\/strong>&nbsp;is particularly stimulating to the third eye and throat chakra, opening us to a higher spiritual life and revealing psychic and intuitive abilities that may have been previously blocked. Encourages open and honest communication by speaking with the mind and heart.\nIt embodies strength, honors peace, generates compassion, knowledge, progress and love.<\/p>\n<p>It embodies strength, honors peace, generates compassion, knowledge, progress and love.<\/p>\n<p>&nbsp;<\/p>\n<p>&nbsp;The&nbsp;<strong>Lapislazuli<\/strong>&nbsp;is an ideal stone to stimulate, open and balance the throat chakra, teaching the power of the spoken word, reversing curses or concerns caused by not having been expressed in the past.<\/p>\n<p>The benefits of lapis lazuli consist of a powerful intense blue stone that is used to open the mind and give enlightenment. It is used to promote self-awareness, self-confidence, self-knowledge, peace and harmony, compassion, morality, making the wearer in a good mood throughout the day.<\/p>\n<p>Because of its connection to celestial energies, some of the healing properties of lapis lazuli are believed to produce vibrations that activate the mind and influence the life of more intelligence, success and stillness of the inner senses.<\/p>\n<p>Synchronizes mind, body and spirit.&nbsp;<\/p>\n<p>Its power can reveal your inner wisdom and enhance your connection to your inner strength.<\/p>\n<p><!-- Comments are visible in the HTML source only --><\/p>","protected":false},"excerpt":{"rendered":"<p><strong>Blue Aventurine, Lapislazuli, Hawk's Eye, 11:11, Orgone<\/strong><\/p>\n<p><strong>Orgone power: 1m<\/strong><\/p>\n<ul>\n<li>Orgone 3.3 centimeters in diameter and 7 mm thick.<\/li>\n<li>Copper machinery and aluminum base.<\/li>\n<li>Symbol and details in 0.925 Silver.<\/li>\n<li>Stainless steel chain.<\/li>\n<\/ul>\n<p>&nbsp;<\/p>\n<p>NOTE: Due to their nature, some of the pieces that make up this work of power may vary in detail, tone and color.<\/p>","protected":false},"featured_media":46153,"comment_status":"open","ping_status":"closed","template":"","meta":{"_acf_changed":false,"site-sidebar-layout":"default","site-content-layout":"","ast-site-content-layout":"default","site-content-style":"default","site-sidebar-style":"default","ast-global-header-display":"","ast-banner-title-visibility":"","ast-main-header-display":"","ast-hfb-above-header-display":"","ast-hfb-below-header-display":"","ast-hfb-mobile-header-display":"","site-post-title":"","ast-breadcrumbs-content":"","ast-featured-img":"","footer-sml-layout":"","ast-disable-related-posts":"","theme-transparent-header-meta":"default","adv-header-id-meta":"","stick-header-meta":"","header-above-stick-meta":"","header-main-stick-meta":"","header-below-stick-meta":"","astra-migrate-meta-layouts":"set","ast-page-background-enabled":"default","ast-page-background-meta":{"desktop":{"background-color":"var(--ast-global-color-4)","background-image":"","background-repeat":"repeat","background-position":"center center","background-size":"auto","background-attachment":"scroll","background-type":"","background-media":"","overlay-type":"","overlay-color":"","overlay-opacity":"","overlay-gradient":""},"tablet":{"background-color":"","background-image":"","background-repeat":"repeat","background-position":"center center","background-size":"auto","background-attachment":"scroll","background-type":"","background-media":"","overlay-type":"","overlay-color":"","overlay-opacity":"","overlay-gradient":""},"mobile":{"background-color":"","background-image":"","background-repeat":"repeat","background-position":"center center","background-size":"auto","background-attachment":"scroll","background-type":"","background-media":"","overlay-type":"","overlay-color":"","overlay-opacity":"","overlay-gradient":""}},"ast-content-background-meta":{"desktop":{"background-color":"var(--ast-global-color-5)","background-image":"","background-repeat":"repeat","background-position":"center center","background-size":"auto","background-attachment":"scroll","background-type":"","background-media":"","overlay-type":"","overlay-color":"","overlay-opacity":"","overlay-gradient":""},"tablet":{"background-color":"var(--ast-global-color-5)","background-image":"","background-repeat":"repeat","background-position":"center center","background-size":"auto","background-attachment":"scroll","background-type":"","background-media":"","overlay-type":"","overlay-color":"","overlay-opacity":"","overlay-gradient":""},"mobile":{"background-color":"var(--ast-global-color-5)","background-image":"","background-repeat":"repeat","background-position":"center center","background-size":"auto","background-attachment":"scroll","background-type":"","background-media":"","overlay-type":"","overlay-color":"","overlay-opacity":"","overlay-gradient":""}},"_joinchat":[]},"astrologia":[],"coleccion":[],"joyeria":[1577,1582,1574],"linea":[],"material":[2225,2342,2227,2226],"orgonita":[1598,1596,1633],"piedra":[869,889,2488],"proposito":[1875,2222,2065,2127,2217,2316,2017,936,692,740,781],"simbolo":[2490],"tamano":[809],"visibilidad-producto-nuevo":[],"product_brand":[],"product_cat":[1617,1618,1610],"product_tag":[],"class_list":{"0":"post-46151","1":"product","2":"type-product","3":"status-publish","4":"has-post-thumbnail","6":"joyeria-collares","7":"joyeria-collares-orgon","8":"joyeria-coleccion-joyeria","9":"material-acero-inoxidable","10":"material-cuarzo","11":"material-plata","12":"material-tela","13":"orgonita-collar-mini-orgon","14":"orgonita-collar-orgon","15":"orgonita-joyeria","16":"piedra-aventurina","17":"piedra-lapislazuli","18":"piedra-ojo-de-halcon","19":"proposito-ascension","20":"proposito-claridad","21":"proposito-conexion-espiritual","22":"proposito-creatividad","23":"proposito-despertar-interior","24":"proposito-guia-espiritual","25":"proposito-humanismo","26":"proposito-integracion-de-polaridades","27":"proposito-intuicion","28":"proposito-prosperidad","29":"proposito-relajacion","30":"simbolo-2490","31":"tamano-mini","32":"product_cat-colecciones","33":"product_cat-joyeria","34":"product_cat-orgonitas","35":"pa_piedras-aventurina-azul","36":"pa_piedras-lapislazuli","37":"pa_piedras-ojo-de-halcon","38":"pa_simbolo-2491","39":"desktop-align-left","40":"tablet-align-left","41":"mobile-align-left","43":"first","44":"instock","45":"featured","46":"purchasable","47":"product-type-variable","48":"has-default-attributes","49":"wvs-archive-product-wrapper"},"acf":[],"yoast_head":"<!-- This site is optimized with the Yoast SEO Premium plugin v24.9 (Yoast SEO v24.9) - https:\/\/yoast.com\/wordpress\/plugins\/seo\/ -->\n<title>Collar Mini Orgo\u0301n 11:11 Plata 0.925 y Su Energ\u00eda &#8902; Arte Sagrado<\/title>\n<meta name=\"description\" content=\"Descubre el Collar Mini Orgo\u0301n 11:11 Plata 0.925 con Ojo de Halco\u0301n, Lapisl\u00e1zuli y Aventurina Azul. Atrae energ\u00edas bioc\u00f3smicas a tu vida.\" \/>\n<meta name=\"robots\" content=\"index, follow, max-snippet:-1, max-image-preview:large, max-video-preview:-1\" \/>\n<link rel=\"canonical\" href=\"https:\/\/artesagrado.com.mx\/en\/product\/collar-mini-orgon-1111-en-plata-0-925-con-ojo-de-halcon-lapislazuli-y-aventurina-azul\/\" \/>\n<meta property=\"og:locale\" content=\"en_US\" \/>\n<meta property=\"og:type\" content=\"article\" \/>\n<meta property=\"og:title\" content=\"Collar Mini Orgo\u0301n 11:11 en Plata 0.925 con Ojo de Halco\u0301n, Lapisla\u0301zuli y Aventurina Azul\" \/>\n<meta property=\"og:description\" content=\"Descubre la colecci\u00f3n de productos de Arte Sagrado M\u00e9xico: joyer\u00eda y dispositivos energ\u00e9ticos elaborados con geometr\u00eda sagrada y tecnolog\u00eda Org\u00f3n para equilibrar y armonizar tu vida.\" \/>\n<meta property=\"og:url\" content=\"https:\/\/artesagrado.com.mx\/en\/product\/collar-mini-orgon-1111-en-plata-0-925-con-ojo-de-halcon-lapislazuli-y-aventurina-azul\/\" \/>\n<meta property=\"og:site_name\" content=\"Arte Sagrado\" \/>\n<meta property=\"article:publisher\" content=\"https:\/\/www.facebook.com\/ArteSagradoMexico\" \/>\n<meta property=\"article:modified_time\" content=\"2026-01-22T22:30:35+00:00\" \/>\n<meta property=\"og:image\" content=\"https:\/\/artesagrado.com.mx\/wp-content\/uploads\/2025\/07\/Collar-Mini-Orgon-1111-en-Plata-0.925-con-Ojo-de-Halcon-Lapislazuli-y-Aventurina-Azul_5.webp\" \/>\n\t<meta property=\"og:image:width\" content=\"1000\" \/>\n\t<meta property=\"og:image:height\" content=\"1000\" \/>\n\t<meta property=\"og:image:type\" content=\"image\/webp\" \/>\n<meta name=\"twitter:card\" content=\"summary_large_image\" \/>\n<meta name=\"twitter:label1\" content=\"Availability\" \/>\n\t<meta name=\"twitter:data1\" content=\"In stock\" \/>\n<script type=\"application\/ld+json\" class=\"yoast-schema-graph\">{\"@context\":\"https:\/\/schema.org\",\"@graph\":[{\"@type\":\"WebPage\",\"@id\":\"https:\/\/artesagrado.com.mx\/producto\/collar-mini-orgon-1111-en-plata-0-925-con-ojo-de-halcon-lapislazuli-y-aventurina-azul\/\",\"url\":\"https:\/\/artesagrado.com.mx\/producto\/collar-mini-orgon-1111-en-plata-0-925-con-ojo-de-halcon-lapislazuli-y-aventurina-azul\/\",\"name\":\"Collar Mini Orgo\u0301n 11:11 Plata 0.925 y Su Energ\u00eda &#8902; Arte Sagrado\",\"isPartOf\":{\"@id\":\"https:\/\/artesagrado.com.mx\/#website\"},\"primaryImageOfPage\":{\"@id\":\"https:\/\/artesagrado.com.mx\/producto\/collar-mini-orgon-1111-en-plata-0-925-con-ojo-de-halcon-lapislazuli-y-aventurina-azul\/#primaryimage\"},\"image\":{\"@id\":\"https:\/\/artesagrado.com.mx\/producto\/collar-mini-orgon-1111-en-plata-0-925-con-ojo-de-halcon-lapislazuli-y-aventurina-azul\/#primaryimage\"},\"thumbnailUrl\":\"https:\/\/artesagrado.com.mx\/wp-content\/uploads\/2025\/07\/Collar-Mini-Orgon-1111-en-Plata-0.925-con-Ojo-de-Halcon-Lapislazuli-y-Aventurina-Azul_5.webp\",\"datePublished\":\"2025-07-31T18:54:13+00:00\",\"dateModified\":\"2026-01-22T22:30:35+00:00\",\"description\":\"Descubre el Collar Mini Orgo\u0301n 11:11 Plata 0.925 con Ojo de Halco\u0301n, Lapisl\u00e1zuli y Aventurina Azul. Atrae energ\u00edas bioc\u00f3smicas a tu vida.\",\"breadcrumb\":{\"@id\":\"https:\/\/artesagrado.com.mx\/producto\/collar-mini-orgon-1111-en-plata-0-925-con-ojo-de-halcon-lapislazuli-y-aventurina-azul\/#breadcrumb\"},\"inLanguage\":\"en-US\",\"potentialAction\":[{\"@type\":\"ReadAction\",\"target\":[\"https:\/\/artesagrado.com.mx\/producto\/collar-mini-orgon-1111-en-plata-0-925-con-ojo-de-halcon-lapislazuli-y-aventurina-azul\/\"]}]},{\"@type\":\"ImageObject\",\"inLanguage\":\"en-US\",\"@id\":\"https:\/\/artesagrado.com.mx\/producto\/collar-mini-orgon-1111-en-plata-0-925-con-ojo-de-halcon-lapislazuli-y-aventurina-azul\/#primaryimage\",\"url\":\"https:\/\/artesagrado.com.mx\/wp-content\/uploads\/2025\/07\/Collar-Mini-Orgon-1111-en-Plata-0.925-con-Ojo-de-Halcon-Lapislazuli-y-Aventurina-Azul_5.webp\",\"contentUrl\":\"https:\/\/artesagrado.com.mx\/wp-content\/uploads\/2025\/07\/Collar-Mini-Orgon-1111-en-Plata-0.925-con-Ojo-de-Halcon-Lapislazuli-y-Aventurina-Azul_5.webp\",\"width\":1000,\"height\":1000},{\"@type\":\"BreadcrumbList\",\"@id\":\"https:\/\/artesagrado.com.mx\/producto\/collar-mini-orgon-1111-en-plata-0-925-con-ojo-de-halcon-lapislazuli-y-aventurina-azul\/#breadcrumb\",\"itemListElement\":[{\"@type\":\"ListItem\",\"position\":1,\"name\":\"Portada\",\"item\":\"https:\/\/artesagrado.com.mx\/\"},{\"@type\":\"ListItem\",\"position\":2,\"name\":\"Tienda\",\"item\":\"https:\/\/artesagrado.com.mx\/tienda\/\"},{\"@type\":\"ListItem\",\"position\":3,\"name\":\"Collar Mini Orgo\u0301n 11:11 en Plata 0.925 con Ojo de Halco\u0301n, Lapisla\u0301zuli y Aventurina Azul\"}]},{\"@type\":\"WebSite\",\"@id\":\"https:\/\/artesagrado.com.mx\/#website\",\"url\":\"https:\/\/artesagrado.com.mx\/\",\"name\":\"Arte Sagrado\",\"description\":\"Empoderando tu ser\",\"publisher\":{\"@id\":\"https:\/\/artesagrado.com.mx\/#organization\"},\"alternateName\":\"Arte Sagrado M\u00e9xico\",\"potentialAction\":[{\"@type\":\"SearchAction\",\"target\":{\"@type\":\"EntryPoint\",\"urlTemplate\":\"https:\/\/artesagrado.com.mx\/?s={search_term_string}\"},\"query-input\":{\"@type\":\"PropertyValueSpecification\",\"valueRequired\":true,\"valueName\":\"search_term_string\"}}],\"inLanguage\":\"en-US\"},{\"@type\":\"Organization\",\"@id\":\"https:\/\/artesagrado.com.mx\/#organization\",\"name\":\"Arte Sagrado\",\"alternateName\":\"Arte Sagrado M\u00e9xico\",\"url\":\"https:\/\/artesagrado.com.mx\/\",\"logo\":{\"@type\":\"ImageObject\",\"inLanguage\":\"en-US\",\"@id\":\"https:\/\/artesagrado.com.mx\/#\/schema\/logo\/image\/\",\"url\":\"https:\/\/artesagrado.com.mx\/wp-content\/uploads\/2024\/07\/portada_cuadrada_base_arte-sagrado.webp\",\"contentUrl\":\"https:\/\/artesagrado.com.mx\/wp-content\/uploads\/2024\/07\/portada_cuadrada_base_arte-sagrado.webp\",\"width\":1000,\"height\":1000,\"caption\":\"Arte Sagrado\"},\"image\":{\"@id\":\"https:\/\/artesagrado.com.mx\/#\/schema\/logo\/image\/\"},\"sameAs\":[\"https:\/\/www.facebook.com\/ArteSagradoMexico\",\"https:\/\/www.instagram.com\/arte_sagrado_oficial\/\",\"https:\/\/www.tiktok.com\/@arte_sagrado_oficial\"],\"description\":\"Arte Sagrado\u00ae es un proyecto pensado, sentido y accionado al servicio de la humanidad y la conciencia. Nacemos en tiempos precisos donde la luz y el recuerdo de nuestra grandeza, empiezan a resplandecer; es por eso que nuestro proyecto se enfoca y especializa en contribuir con informaci\u00f3n y conocimiento de los arquetipos originales y el lenguaje de la geometr\u00eda sagrada.\",\"publishingPrinciples\":\"https:\/\/artesagrado.com.mx\/conoce-a-arte-sagrado\/\"}]}<\/script>\n<meta property=\"og:availability\" content=\"instock\" \/>\n<meta property=\"product:availability\" content=\"instock\" \/>\n<meta property=\"product:retailer_item_id\" content=\"CMO-1111925-OJOHLAPISAVAZ\" \/>\n<meta property=\"product:condition\" content=\"new\" \/>\n<!-- \/ Yoast SEO Premium plugin. -->","yoast_head_json":{"title":"Collar Mini Orgo\u0301n 11:11 Plata 0.925 y Su Energ\u00eda &#8902; Arte Sagrado","description":"Descubre el Collar Mini Orgo\u0301n 11:11 Plata 0.925 con Ojo de Halco\u0301n, Lapisl\u00e1zuli y Aventurina Azul. Atrae energ\u00edas bioc\u00f3smicas a tu vida.","robots":{"index":"index","follow":"follow","max-snippet":"max-snippet:-1","max-image-preview":"max-image-preview:large","max-video-preview":"max-video-preview:-1"},"canonical":"https:\/\/artesagrado.com.mx\/en\/product\/collar-mini-orgon-1111-en-plata-0-925-con-ojo-de-halcon-lapislazuli-y-aventurina-azul\/","og_locale":"en_US","og_type":"article","og_title":"Collar Mini Orgo\u0301n 11:11 en Plata 0.925 con Ojo de Halco\u0301n, Lapisla\u0301zuli y Aventurina Azul","og_description":"Descubre la colecci\u00f3n de productos de Arte Sagrado M\u00e9xico: joyer\u00eda y dispositivos energ\u00e9ticos elaborados con geometr\u00eda sagrada y tecnolog\u00eda Org\u00f3n para equilibrar y armonizar tu vida.","og_url":"https:\/\/artesagrado.com.mx\/en\/product\/collar-mini-orgon-1111-en-plata-0-925-con-ojo-de-halcon-lapislazuli-y-aventurina-azul\/","og_site_name":"Arte Sagrado","article_publisher":"https:\/\/www.facebook.com\/ArteSagradoMexico","article_modified_time":"2026-01-22T22:30:35+00:00","og_image":[{"width":1000,"height":1000,"url":"https:\/\/artesagrado.com.mx\/wp-content\/uploads\/2025\/07\/Collar-Mini-Orgon-1111-en-Plata-0.925-con-Ojo-de-Halcon-Lapislazuli-y-Aventurina-Azul_5.webp","type":"image\/webp"}],"twitter_card":"summary_large_image","twitter_misc":{"Availability":"In stock"},"schema":{"@context":"https:\/\/schema.org","@graph":[{"@type":"WebPage","@id":"https:\/\/artesagrado.com.mx\/producto\/collar-mini-orgon-1111-en-plata-0-925-con-ojo-de-halcon-lapislazuli-y-aventurina-azul\/","url":"https:\/\/artesagrado.com.mx\/producto\/collar-mini-orgon-1111-en-plata-0-925-con-ojo-de-halcon-lapislazuli-y-aventurina-azul\/","name":"Collar Mini Orgo\u0301n 11:11 Plata 0.925 y Su Energ\u00eda &#8902; Arte Sagrado","isPartOf":{"@id":"https:\/\/artesagrado.com.mx\/#website"},"primaryImageOfPage":{"@id":"https:\/\/artesagrado.com.mx\/producto\/collar-mini-orgon-1111-en-plata-0-925-con-ojo-de-halcon-lapislazuli-y-aventurina-azul\/#primaryimage"},"image":{"@id":"https:\/\/artesagrado.com.mx\/producto\/collar-mini-orgon-1111-en-plata-0-925-con-ojo-de-halcon-lapislazuli-y-aventurina-azul\/#primaryimage"},"thumbnailUrl":"https:\/\/artesagrado.com.mx\/wp-content\/uploads\/2025\/07\/Collar-Mini-Orgon-1111-en-Plata-0.925-con-Ojo-de-Halcon-Lapislazuli-y-Aventurina-Azul_5.webp","datePublished":"2025-07-31T18:54:13+00:00","dateModified":"2026-01-22T22:30:35+00:00","description":"Descubre el Collar Mini Orgo\u0301n 11:11 Plata 0.925 con Ojo de Halco\u0301n, Lapisl\u00e1zuli y Aventurina Azul. Atrae energ\u00edas bioc\u00f3smicas a tu vida.","breadcrumb":{"@id":"https:\/\/artesagrado.com.mx\/producto\/collar-mini-orgon-1111-en-plata-0-925-con-ojo-de-halcon-lapislazuli-y-aventurina-azul\/#breadcrumb"},"inLanguage":"en-US","potentialAction":[{"@type":"ReadAction","target":["https:\/\/artesagrado.com.mx\/producto\/collar-mini-orgon-1111-en-plata-0-925-con-ojo-de-halcon-lapislazuli-y-aventurina-azul\/"]}]},{"@type":"ImageObject","inLanguage":"en-US","@id":"https:\/\/artesagrado.com.mx\/producto\/collar-mini-orgon-1111-en-plata-0-925-con-ojo-de-halcon-lapislazuli-y-aventurina-azul\/#primaryimage","url":"https:\/\/artesagrado.com.mx\/wp-content\/uploads\/2025\/07\/Collar-Mini-Orgon-1111-en-Plata-0.925-con-Ojo-de-Halcon-Lapislazuli-y-Aventurina-Azul_5.webp","contentUrl":"https:\/\/artesagrado.com.mx\/wp-content\/uploads\/2025\/07\/Collar-Mini-Orgon-1111-en-Plata-0.925-con-Ojo-de-Halcon-Lapislazuli-y-Aventurina-Azul_5.webp","width":1000,"height":1000},{"@type":"BreadcrumbList","@id":"https:\/\/artesagrado.com.mx\/producto\/collar-mini-orgon-1111-en-plata-0-925-con-ojo-de-halcon-lapislazuli-y-aventurina-azul\/#breadcrumb","itemListElement":[{"@type":"ListItem","position":1,"name":"Portada","item":"https:\/\/artesagrado.com.mx\/"},{"@type":"ListItem","position":2,"name":"Tienda","item":"https:\/\/artesagrado.com.mx\/tienda\/"},{"@type":"ListItem","position":3,"name":"Collar Mini Orgo\u0301n 11:11 en Plata 0.925 con Ojo de Halco\u0301n, Lapisla\u0301zuli y Aventurina Azul"}]},{"@type":"WebSite","@id":"https:\/\/artesagrado.com.mx\/#website","url":"https:\/\/artesagrado.com.mx\/","name":"Arte Sagrado","description":"Empoderando tu ser","publisher":{"@id":"https:\/\/artesagrado.com.mx\/#organization"},"alternateName":"Arte Sagrado M\u00e9xico","potentialAction":[{"@type":"SearchAction","target":{"@type":"EntryPoint","urlTemplate":"https:\/\/artesagrado.com.mx\/?s={search_term_string}"},"query-input":{"@type":"PropertyValueSpecification","valueRequired":true,"valueName":"search_term_string"}}],"inLanguage":"en-US"},{"@type":"Organization","@id":"https:\/\/artesagrado.com.mx\/#organization","name":"Arte Sagrado","alternateName":"Arte Sagrado M\u00e9xico","url":"https:\/\/artesagrado.com.mx\/","logo":{"@type":"ImageObject","inLanguage":"en-US","@id":"https:\/\/artesagrado.com.mx\/#\/schema\/logo\/image\/","url":"https:\/\/artesagrado.com.mx\/wp-content\/uploads\/2024\/07\/portada_cuadrada_base_arte-sagrado.webp","contentUrl":"https:\/\/artesagrado.com.mx\/wp-content\/uploads\/2024\/07\/portada_cuadrada_base_arte-sagrado.webp","width":1000,"height":1000,"caption":"Arte Sagrado"},"image":{"@id":"https:\/\/artesagrado.com.mx\/#\/schema\/logo\/image\/"},"sameAs":["https:\/\/www.facebook.com\/ArteSagradoMexico","https:\/\/www.instagram.com\/arte_sagrado_oficial\/","https:\/\/www.tiktok.com\/@arte_sagrado_oficial"],"description":"Arte Sagrado\u00ae es un proyecto pensado, sentido y accionado al servicio de la humanidad y la conciencia. Nacemos en tiempos precisos donde la luz y el recuerdo de nuestra grandeza, empiezan a resplandecer; es por eso que nuestro proyecto se enfoca y especializa en contribuir con informaci\u00f3n y conocimiento de los arquetipos originales y el lenguaje de la geometr\u00eda sagrada.","publishingPrinciples":"https:\/\/artesagrado.com.mx\/conoce-a-arte-sagrado\/"}]},"og_availability":"instock","product_availability":"instock","product_retailer_item_id":"CMO-1111925-OJOHLAPISAVAZ","product_condition":"new"},"jetpack_sharing_enabled":true,"_links":{"self":[{"href":"https:\/\/artesagrado.com.mx\/en\/wp-json\/wp\/v2\/product\/46151","targetHints":{"allow":["GET"]}}],"collection":[{"href":"https:\/\/artesagrado.com.mx\/en\/wp-json\/wp\/v2\/product"}],"about":[{"href":"https:\/\/artesagrado.com.mx\/en\/wp-json\/wp\/v2\/types\/product"}],"replies":[{"embeddable":true,"href":"https:\/\/artesagrado.com.mx\/en\/wp-json\/wp\/v2\/comments?post=46151"}],"wp:featuredmedia":[{"embeddable":true,"href":"https:\/\/artesagrado.com.mx\/en\/wp-json\/wp\/v2\/media\/46153"}],"wp:attachment":[{"href":"https:\/\/artesagrado.com.mx\/en\/wp-json\/wp\/v2\/media?parent=46151"}],"wp:term":[{"taxonomy":"astrologia","embeddable":true,"href":"https:\/\/artesagrado.com.mx\/en\/wp-json\/wp\/v2\/astrologia?post=46151"},{"taxonomy":"coleccion","embeddable":true,"href":"https:\/\/artesagrado.com.mx\/en\/wp-json\/wp\/v2\/coleccion?post=46151"},{"taxonomy":"joyeria","embeddable":true,"href":"https:\/\/artesagrado.com.mx\/en\/wp-json\/wp\/v2\/joyeria?post=46151"},{"taxonomy":"linea","embeddable":true,"href":"https:\/\/artesagrado.com.mx\/en\/wp-json\/wp\/v2\/linea?post=46151"},{"taxonomy":"material","embeddable":true,"href":"https:\/\/artesagrado.com.mx\/en\/wp-json\/wp\/v2\/material?post=46151"},{"taxonomy":"orgonita","embeddable":true,"href":"https:\/\/artesagrado.com.mx\/en\/wp-json\/wp\/v2\/orgonita?post=46151"},{"taxonomy":"piedra","embeddable":true,"href":"https:\/\/artesagrado.com.mx\/en\/wp-json\/wp\/v2\/piedra?post=46151"},{"taxonomy":"proposito","embeddable":true,"href":"https:\/\/artesagrado.com.mx\/en\/wp-json\/wp\/v2\/proposito?post=46151"},{"taxonomy":"simbolo","embeddable":true,"href":"https:\/\/artesagrado.com.mx\/en\/wp-json\/wp\/v2\/simbolo?post=46151"},{"taxonomy":"tamano","embeddable":true,"href":"https:\/\/artesagrado.com.mx\/en\/wp-json\/wp\/v2\/tamano?post=46151"},{"taxonomy":"visibilidad-producto-nuevo","embeddable":true,"href":"https:\/\/artesagrado.com.mx\/en\/wp-json\/wp\/v2\/visibilidad-producto-nuevo?post=46151"},{"taxonomy":"product_brand","embeddable":true,"href":"https:\/\/artesagrado.com.mx\/en\/wp-json\/wp\/v2\/product_brand?post=46151"},{"taxonomy":"product_cat","embeddable":true,"href":"https:\/\/artesagrado.com.mx\/en\/wp-json\/wp\/v2\/product_cat?post=46151"},{"taxonomy":"product_tag","embeddable":true,"href":"https:\/\/artesagrado.com.mx\/en\/wp-json\/wp\/v2\/product_tag?post=46151"}],"curies":[{"name":"wp","href":"https:\/\/api.w.org\/{rel}","templated":true}]}}