{"id":46430,"date":"2025-11-26T19:30:45","date_gmt":"2025-11-27T01:30:45","guid":{"rendered":"https:\/\/artesagrado.com.mx\/producto\/collar-micro-orgon-arcangel-metatron-en-chapa-de-oro-de-14k-con-ojo-de-tigre\/"},"modified":"2026-01-22T16:29:02","modified_gmt":"2026-01-22T22:29:02","slug":"collar-micro-orgon-arcangel-metatron-en-chapa-de-oro-de-14k-con-ojo-de-tigre","status":"publish","type":"product","link":"https:\/\/artesagrado.com.mx\/en\/product\/collar-micro-orgon-arcangel-metatron-en-chapa-de-oro-de-14k-con-ojo-de-tigre\/","title":{"rendered":"Archangel Metatron Micro Orgon Necklace in 14K Gold Plating with Tiger's Eye"},"content":{"rendered":"<p>Dr. Willheim Reich described the<strong> Orgone<\/strong> as the cosmic energy that is part of all living matter. The name comes from \"organism and orgasm\", which refers to the vital energy and creative power.<\/p>\n<p>An Orgone generator or energy transmuter is a compact and solid structure made to stimulate the piezoelectric properties of its materials and thus attract, accumulate, order and enhance the energy present, transforming the negative and chaotic electromagnetic waves into vital energy, harmonized and in perfect harmony with nature, which is reflected in restorative biological effects, which is why it has been used for therapeutic purposes due to its benefits in a wide range of applications.<\/p>\n<p>&nbsp;<\/p>\n<p>The <strong>Metatron's Cube<\/strong> is considered the pinnacle of ancient geometry and is a geometric body that is part of the \"Flower of Life\".<\/p>\n<p>Its name comes from the Mighty Eighth of the Archangels, Metatron. Metatron is the guardian Archangel of our planet who lovingly intervenes for its highest good, he embodied his almic code in this symbol\/code and when drawn in space, acts as a great protector and enhancer, protecting people and places.<\/p>\n<p>This code is formed by thirteen circles and two tetrahedrons, which in turn form the Merkabah or body of light. It is an archetypal code loaded with power and information of reality and divine truths; Metatron is also the main conductor and user of the Metatronic energy, the one with which the universe itself was created, and has also been named as quantum or tachyon energy, depending on the science under which it is analyzed.<\/p>\n<p>The power of this energy is manifested through thought, feeling and word, hence the idea that the universe was generated by a thought, a divine and wonderful thought, which gave way to the infinite and perfect creation of which we are an intimate part.<\/p>\n<p>&nbsp;<\/p>\n<p>The <strong>Tiger Eye<\/strong> combines the energy of the earth and the sun, integrates the cerebral hemispheres and anchors the high vibrational energy stimulating the ascent of the kundalini energy.<\/p>\n<p>It helps to achieve our goals, recognizing our inner strength, helps fight depression and elevates mood.<\/p>\n<p>It energizes the emotional body, improves vision, soothes the throat and is ideal for the Root, throat and Solar Plexus chakra.<\/p>","protected":false},"excerpt":{"rendered":"<p><strong>Archangel Metatron, Gold Plate, Tiger Eye<\/strong><\/p>\n<p>We create your micro orgone necklace through 33 artisanal processes of refinement and energetics.<\/p>\n<p><b>Orgone Power: Personal<\/b><\/p>\n<ul>\n<li>Orgone 2 cm in diameter and 7 mm thick.<\/li>\n<li>Copper machinery and aluminum or bronze base.<\/li>\n<li>Symbol and details in 14k gold plate.<\/li>\n<li>Stainless steel chain or adjustable fabric cord.<\/li>\n<li>Discreet, comfortable, elegant protection.<\/li>\n<\/ul>\n<p>NOTE: Due to their nature, some of the pieces that make up this work of power may vary in detail, tone and color.<\/p>","protected":false},"featured_media":46506,"comment_status":"open","ping_status":"closed","template":"","meta":{"_acf_changed":false,"site-sidebar-layout":"default","site-content-layout":"","ast-site-content-layout":"default","site-content-style":"default","site-sidebar-style":"default","ast-global-header-display":"","ast-banner-title-visibility":"","ast-main-header-display":"","ast-hfb-above-header-display":"","ast-hfb-below-header-display":"","ast-hfb-mobile-header-display":"","site-post-title":"","ast-breadcrumbs-content":"","ast-featured-img":"","footer-sml-layout":"","ast-disable-related-posts":"","theme-transparent-header-meta":"default","adv-header-id-meta":"","stick-header-meta":"","header-above-stick-meta":"","header-main-stick-meta":"","header-below-stick-meta":"","astra-migrate-meta-layouts":"set","ast-page-background-enabled":"default","ast-page-background-meta":{"desktop":{"background-color":"var(--ast-global-color-4)","background-image":"","background-repeat":"repeat","background-position":"center center","background-size":"auto","background-attachment":"scroll","background-type":"","background-media":"","overlay-type":"","overlay-color":"","overlay-opacity":"","overlay-gradient":""},"tablet":{"background-color":"","background-image":"","background-repeat":"repeat","background-position":"center center","background-size":"auto","background-attachment":"scroll","background-type":"","background-media":"","overlay-type":"","overlay-color":"","overlay-opacity":"","overlay-gradient":""},"mobile":{"background-color":"","background-image":"","background-repeat":"repeat","background-position":"center center","background-size":"auto","background-attachment":"scroll","background-type":"","background-media":"","overlay-type":"","overlay-color":"","overlay-opacity":"","overlay-gradient":""}},"ast-content-background-meta":{"desktop":{"background-color":"var(--ast-global-color-5)","background-image":"","background-repeat":"repeat","background-position":"center center","background-size":"auto","background-attachment":"scroll","background-type":"","background-media":"","overlay-type":"","overlay-color":"","overlay-opacity":"","overlay-gradient":""},"tablet":{"background-color":"var(--ast-global-color-5)","background-image":"","background-repeat":"repeat","background-position":"center center","background-size":"auto","background-attachment":"scroll","background-type":"","background-media":"","overlay-type":"","overlay-color":"","overlay-opacity":"","overlay-gradient":""},"mobile":{"background-color":"var(--ast-global-color-5)","background-image":"","background-repeat":"repeat","background-position":"center center","background-size":"auto","background-attachment":"scroll","background-type":"","background-media":"","overlay-type":"","overlay-color":"","overlay-opacity":"","overlay-gradient":""}},"_joinchat":[]},"astrologia":[],"coleccion":[],"joyeria":[1577,1579,1578,1580,1582,1574],"linea":[],"material":[2225,2231,2342,2226],"orgonita":[1597,1596,1633],"piedra":[894],"proposito":[1989,2324,946,2059,1695,1685],"simbolo":[2486],"tamano":[808],"visibilidad-producto-nuevo":[],"product_brand":[],"product_cat":[1618,1610],"product_tag":[],"class_list":{"0":"post-46430","1":"product","2":"type-product","3":"status-publish","4":"has-post-thumbnail","6":"joyeria-collares","7":"joyeria-collares-de-acero-inoxidable","8":"joyeria-collares-de-chapa-de-oro","9":"joyeria-collares-de-cuarzo","10":"joyeria-collares-orgon","11":"joyeria-coleccion-joyeria","12":"material-acero-inoxidable","13":"material-chapa-de-oro","14":"material-cuarzo","15":"material-tela","16":"orgonita-collar-micro-orgon","17":"orgonita-collar-orgon","18":"orgonita-joyeria","19":"piedra-ojo-de-tigre","20":"proposito-conexion-con-la-tierra","21":"proposito-conexion-psiquica","22":"proposito-confianza","23":"proposito-eleva-frecuencia-vibratoria","24":"proposito-poder","25":"proposito-proteccion","26":"simbolo-arcangel-metatron","27":"tamano-micro","28":"product_cat-joyeria","29":"product_cat-orgonitas","30":"desktop-align-left","31":"tablet-align-left","32":"mobile-align-left","34":"first","35":"instock","36":"shipping-taxable","37":"purchasable","38":"product-type-variable","39":"has-default-attributes","40":"wvs-archive-product-wrapper"},"acf":[],"yoast_head":"<!-- This site is optimized with the Yoast SEO Premium plugin v24.9 (Yoast SEO v24.9) - https:\/\/yoast.com\/wordpress\/plugins\/seo\/ -->\n<title>Collar Micro Org\u00f3n Arc\u00e1ngel Metatr\u00f3n en Chapa de Oro de 14K con Ojo de Tigre &#8902; Arte Sagrado<\/title>\n<meta name=\"description\" content=\"Collar Micro Org\u00f3n Arc\u00e1ngel Metatr\u00f3n en Chapa de Oro de 14K con Ojo de Tigre potencia liderazgo, protecci\u00f3n y equilibrio vital.\" \/>\n<meta name=\"robots\" content=\"index, follow, max-snippet:-1, max-image-preview:large, max-video-preview:-1\" \/>\n<link rel=\"canonical\" href=\"https:\/\/artesagrado.com.mx\/en\/product\/collar-micro-orgon-arcangel-metatron-en-chapa-de-oro-de-14k-con-ojo-de-tigre\/\" \/>\n<meta property=\"og:locale\" content=\"en_US\" \/>\n<meta property=\"og:type\" content=\"article\" \/>\n<meta property=\"og:title\" content=\"Collar Micro Org\u00f3n Arc\u00e1ngel Metatr\u00f3n en Chapa de Oro de 14K con Ojo de Tigre\" \/>\n<meta property=\"og:description\" content=\"Descubre la colecci\u00f3n de productos de Arte Sagrado M\u00e9xico: joyer\u00eda y dispositivos energ\u00e9ticos elaborados con geometr\u00eda sagrada y tecnolog\u00eda Org\u00f3n para equilibrar y armonizar tu vida.\" \/>\n<meta property=\"og:url\" content=\"https:\/\/artesagrado.com.mx\/en\/product\/collar-micro-orgon-arcangel-metatron-en-chapa-de-oro-de-14k-con-ojo-de-tigre\/\" \/>\n<meta property=\"og:site_name\" content=\"Arte Sagrado\" \/>\n<meta property=\"article:publisher\" content=\"https:\/\/www.facebook.com\/ArteSagradoMexico\" \/>\n<meta property=\"article:modified_time\" content=\"2026-01-22T22:29:02+00:00\" \/>\n<meta property=\"og:image\" content=\"https:\/\/artesagrado.com.mx\/wp-content\/uploads\/2025\/11\/Collar-Micro-Orgon-Arcangel-Metatron-en-Chapa-de-Oro-de-14K-con-Ojo-de-Tigre_5.webp\" \/>\n\t<meta property=\"og:image:width\" content=\"1000\" \/>\n\t<meta property=\"og:image:height\" content=\"1000\" \/>\n\t<meta property=\"og:image:type\" content=\"image\/webp\" \/>\n<meta name=\"twitter:card\" content=\"summary_large_image\" \/>\n<meta name=\"twitter:label1\" content=\"Availability\" \/>\n\t<meta name=\"twitter:data1\" content=\"In stock\" \/>\n<script type=\"application\/ld+json\" class=\"yoast-schema-graph\">{\"@context\":\"https:\/\/schema.org\",\"@graph\":[{\"@type\":\"WebPage\",\"@id\":\"https:\/\/artesagrado.com.mx\/producto\/collar-micro-orgon-arcangel-metatron-en-chapa-de-oro-de-14k-con-ojo-de-tigre\/\",\"url\":\"https:\/\/artesagrado.com.mx\/producto\/collar-micro-orgon-arcangel-metatron-en-chapa-de-oro-de-14k-con-ojo-de-tigre\/\",\"name\":\"Collar Micro Org\u00f3n Arc\u00e1ngel Metatr\u00f3n en Chapa de Oro de 14K con Ojo de Tigre &#8902; Arte Sagrado\",\"isPartOf\":{\"@id\":\"https:\/\/artesagrado.com.mx\/#website\"},\"primaryImageOfPage\":{\"@id\":\"https:\/\/artesagrado.com.mx\/producto\/collar-micro-orgon-arcangel-metatron-en-chapa-de-oro-de-14k-con-ojo-de-tigre\/#primaryimage\"},\"image\":{\"@id\":\"https:\/\/artesagrado.com.mx\/producto\/collar-micro-orgon-arcangel-metatron-en-chapa-de-oro-de-14k-con-ojo-de-tigre\/#primaryimage\"},\"thumbnailUrl\":\"https:\/\/artesagrado.com.mx\/wp-content\/uploads\/2025\/11\/Collar-Micro-Orgon-Arcangel-Metatron-en-Chapa-de-Oro-de-14K-con-Ojo-de-Tigre_5.webp\",\"datePublished\":\"2025-11-27T01:30:45+00:00\",\"dateModified\":\"2026-01-22T22:29:02+00:00\",\"description\":\"Collar Micro Org\u00f3n Arc\u00e1ngel Metatr\u00f3n en Chapa de Oro de 14K con Ojo de Tigre potencia liderazgo, protecci\u00f3n y equilibrio vital.\",\"breadcrumb\":{\"@id\":\"https:\/\/artesagrado.com.mx\/producto\/collar-micro-orgon-arcangel-metatron-en-chapa-de-oro-de-14k-con-ojo-de-tigre\/#breadcrumb\"},\"inLanguage\":\"en-US\",\"potentialAction\":[{\"@type\":\"ReadAction\",\"target\":[\"https:\/\/artesagrado.com.mx\/producto\/collar-micro-orgon-arcangel-metatron-en-chapa-de-oro-de-14k-con-ojo-de-tigre\/\"]}]},{\"@type\":\"ImageObject\",\"inLanguage\":\"en-US\",\"@id\":\"https:\/\/artesagrado.com.mx\/producto\/collar-micro-orgon-arcangel-metatron-en-chapa-de-oro-de-14k-con-ojo-de-tigre\/#primaryimage\",\"url\":\"https:\/\/artesagrado.com.mx\/wp-content\/uploads\/2025\/11\/Collar-Micro-Orgon-Arcangel-Metatron-en-Chapa-de-Oro-de-14K-con-Ojo-de-Tigre_5.webp\",\"contentUrl\":\"https:\/\/artesagrado.com.mx\/wp-content\/uploads\/2025\/11\/Collar-Micro-Orgon-Arcangel-Metatron-en-Chapa-de-Oro-de-14K-con-Ojo-de-Tigre_5.webp\",\"width\":1000,\"height\":1000},{\"@type\":\"BreadcrumbList\",\"@id\":\"https:\/\/artesagrado.com.mx\/producto\/collar-micro-orgon-arcangel-metatron-en-chapa-de-oro-de-14k-con-ojo-de-tigre\/#breadcrumb\",\"itemListElement\":[{\"@type\":\"ListItem\",\"position\":1,\"name\":\"Portada\",\"item\":\"https:\/\/artesagrado.com.mx\/\"},{\"@type\":\"ListItem\",\"position\":2,\"name\":\"Tienda\",\"item\":\"https:\/\/artesagrado.com.mx\/tienda\/\"},{\"@type\":\"ListItem\",\"position\":3,\"name\":\"Collar Micro Org\u00f3n Arc\u00e1ngel Metatr\u00f3n en Chapa de Oro de 14K con Ojo de Tigre\"}]},{\"@type\":\"WebSite\",\"@id\":\"https:\/\/artesagrado.com.mx\/#website\",\"url\":\"https:\/\/artesagrado.com.mx\/\",\"name\":\"Arte Sagrado\",\"description\":\"Empoderando tu ser\",\"publisher\":{\"@id\":\"https:\/\/artesagrado.com.mx\/#organization\"},\"alternateName\":\"Arte Sagrado M\u00e9xico\",\"potentialAction\":[{\"@type\":\"SearchAction\",\"target\":{\"@type\":\"EntryPoint\",\"urlTemplate\":\"https:\/\/artesagrado.com.mx\/?s={search_term_string}\"},\"query-input\":{\"@type\":\"PropertyValueSpecification\",\"valueRequired\":true,\"valueName\":\"search_term_string\"}}],\"inLanguage\":\"en-US\"},{\"@type\":\"Organization\",\"@id\":\"https:\/\/artesagrado.com.mx\/#organization\",\"name\":\"Arte Sagrado\",\"alternateName\":\"Arte Sagrado M\u00e9xico\",\"url\":\"https:\/\/artesagrado.com.mx\/\",\"logo\":{\"@type\":\"ImageObject\",\"inLanguage\":\"en-US\",\"@id\":\"https:\/\/artesagrado.com.mx\/#\/schema\/logo\/image\/\",\"url\":\"https:\/\/artesagrado.com.mx\/wp-content\/uploads\/2024\/07\/portada_cuadrada_base_arte-sagrado.webp\",\"contentUrl\":\"https:\/\/artesagrado.com.mx\/wp-content\/uploads\/2024\/07\/portada_cuadrada_base_arte-sagrado.webp\",\"width\":1000,\"height\":1000,\"caption\":\"Arte Sagrado\"},\"image\":{\"@id\":\"https:\/\/artesagrado.com.mx\/#\/schema\/logo\/image\/\"},\"sameAs\":[\"https:\/\/www.facebook.com\/ArteSagradoMexico\",\"https:\/\/www.instagram.com\/arte_sagrado_oficial\/\",\"https:\/\/www.tiktok.com\/@arte_sagrado_oficial\"],\"description\":\"Arte Sagrado\u00ae es un proyecto pensado, sentido y accionado al servicio de la humanidad y la conciencia. Nacemos en tiempos precisos donde la luz y el recuerdo de nuestra grandeza, empiezan a resplandecer; es por eso que nuestro proyecto se enfoca y especializa en contribuir con informaci\u00f3n y conocimiento de los arquetipos originales y el lenguaje de la geometr\u00eda sagrada.\",\"publishingPrinciples\":\"https:\/\/artesagrado.com.mx\/conoce-a-arte-sagrado\/\"}]}<\/script>\n<meta property=\"og:availability\" content=\"instock\" \/>\n<meta property=\"product:availability\" content=\"instock\" \/>\n<meta property=\"product:condition\" content=\"new\" \/>\n<!-- \/ Yoast SEO Premium plugin. -->","yoast_head_json":{"title":"Collar Micro Org\u00f3n Arc\u00e1ngel Metatr\u00f3n en Chapa de Oro de 14K con Ojo de Tigre &#8902; Arte Sagrado","description":"Collar Micro Org\u00f3n Arc\u00e1ngel Metatr\u00f3n en Chapa de Oro de 14K con Ojo de Tigre potencia liderazgo, protecci\u00f3n y equilibrio vital.","robots":{"index":"index","follow":"follow","max-snippet":"max-snippet:-1","max-image-preview":"max-image-preview:large","max-video-preview":"max-video-preview:-1"},"canonical":"https:\/\/artesagrado.com.mx\/en\/product\/collar-micro-orgon-arcangel-metatron-en-chapa-de-oro-de-14k-con-ojo-de-tigre\/","og_locale":"en_US","og_type":"article","og_title":"Collar Micro Org\u00f3n Arc\u00e1ngel Metatr\u00f3n en Chapa de Oro de 14K con Ojo de Tigre","og_description":"Descubre la colecci\u00f3n de productos de Arte Sagrado M\u00e9xico: joyer\u00eda y dispositivos energ\u00e9ticos elaborados con geometr\u00eda sagrada y tecnolog\u00eda Org\u00f3n para equilibrar y armonizar tu vida.","og_url":"https:\/\/artesagrado.com.mx\/en\/product\/collar-micro-orgon-arcangel-metatron-en-chapa-de-oro-de-14k-con-ojo-de-tigre\/","og_site_name":"Arte Sagrado","article_publisher":"https:\/\/www.facebook.com\/ArteSagradoMexico","article_modified_time":"2026-01-22T22:29:02+00:00","og_image":[{"width":1000,"height":1000,"url":"https:\/\/artesagrado.com.mx\/wp-content\/uploads\/2025\/11\/Collar-Micro-Orgon-Arcangel-Metatron-en-Chapa-de-Oro-de-14K-con-Ojo-de-Tigre_5.webp","type":"image\/webp"}],"twitter_card":"summary_large_image","twitter_misc":{"Availability":"In stock"},"schema":{"@context":"https:\/\/schema.org","@graph":[{"@type":"WebPage","@id":"https:\/\/artesagrado.com.mx\/producto\/collar-micro-orgon-arcangel-metatron-en-chapa-de-oro-de-14k-con-ojo-de-tigre\/","url":"https:\/\/artesagrado.com.mx\/producto\/collar-micro-orgon-arcangel-metatron-en-chapa-de-oro-de-14k-con-ojo-de-tigre\/","name":"Collar Micro Org\u00f3n Arc\u00e1ngel Metatr\u00f3n en Chapa de Oro de 14K con Ojo de Tigre &#8902; Arte Sagrado","isPartOf":{"@id":"https:\/\/artesagrado.com.mx\/#website"},"primaryImageOfPage":{"@id":"https:\/\/artesagrado.com.mx\/producto\/collar-micro-orgon-arcangel-metatron-en-chapa-de-oro-de-14k-con-ojo-de-tigre\/#primaryimage"},"image":{"@id":"https:\/\/artesagrado.com.mx\/producto\/collar-micro-orgon-arcangel-metatron-en-chapa-de-oro-de-14k-con-ojo-de-tigre\/#primaryimage"},"thumbnailUrl":"https:\/\/artesagrado.com.mx\/wp-content\/uploads\/2025\/11\/Collar-Micro-Orgon-Arcangel-Metatron-en-Chapa-de-Oro-de-14K-con-Ojo-de-Tigre_5.webp","datePublished":"2025-11-27T01:30:45+00:00","dateModified":"2026-01-22T22:29:02+00:00","description":"Collar Micro Org\u00f3n Arc\u00e1ngel Metatr\u00f3n en Chapa de Oro de 14K con Ojo de Tigre potencia liderazgo, protecci\u00f3n y equilibrio vital.","breadcrumb":{"@id":"https:\/\/artesagrado.com.mx\/producto\/collar-micro-orgon-arcangel-metatron-en-chapa-de-oro-de-14k-con-ojo-de-tigre\/#breadcrumb"},"inLanguage":"en-US","potentialAction":[{"@type":"ReadAction","target":["https:\/\/artesagrado.com.mx\/producto\/collar-micro-orgon-arcangel-metatron-en-chapa-de-oro-de-14k-con-ojo-de-tigre\/"]}]},{"@type":"ImageObject","inLanguage":"en-US","@id":"https:\/\/artesagrado.com.mx\/producto\/collar-micro-orgon-arcangel-metatron-en-chapa-de-oro-de-14k-con-ojo-de-tigre\/#primaryimage","url":"https:\/\/artesagrado.com.mx\/wp-content\/uploads\/2025\/11\/Collar-Micro-Orgon-Arcangel-Metatron-en-Chapa-de-Oro-de-14K-con-Ojo-de-Tigre_5.webp","contentUrl":"https:\/\/artesagrado.com.mx\/wp-content\/uploads\/2025\/11\/Collar-Micro-Orgon-Arcangel-Metatron-en-Chapa-de-Oro-de-14K-con-Ojo-de-Tigre_5.webp","width":1000,"height":1000},{"@type":"BreadcrumbList","@id":"https:\/\/artesagrado.com.mx\/producto\/collar-micro-orgon-arcangel-metatron-en-chapa-de-oro-de-14k-con-ojo-de-tigre\/#breadcrumb","itemListElement":[{"@type":"ListItem","position":1,"name":"Portada","item":"https:\/\/artesagrado.com.mx\/"},{"@type":"ListItem","position":2,"name":"Tienda","item":"https:\/\/artesagrado.com.mx\/tienda\/"},{"@type":"ListItem","position":3,"name":"Collar Micro Org\u00f3n Arc\u00e1ngel Metatr\u00f3n en Chapa de Oro de 14K con Ojo de Tigre"}]},{"@type":"WebSite","@id":"https:\/\/artesagrado.com.mx\/#website","url":"https:\/\/artesagrado.com.mx\/","name":"Arte Sagrado","description":"Empoderando tu ser","publisher":{"@id":"https:\/\/artesagrado.com.mx\/#organization"},"alternateName":"Arte Sagrado M\u00e9xico","potentialAction":[{"@type":"SearchAction","target":{"@type":"EntryPoint","urlTemplate":"https:\/\/artesagrado.com.mx\/?s={search_term_string}"},"query-input":{"@type":"PropertyValueSpecification","valueRequired":true,"valueName":"search_term_string"}}],"inLanguage":"en-US"},{"@type":"Organization","@id":"https:\/\/artesagrado.com.mx\/#organization","name":"Arte Sagrado","alternateName":"Arte Sagrado M\u00e9xico","url":"https:\/\/artesagrado.com.mx\/","logo":{"@type":"ImageObject","inLanguage":"en-US","@id":"https:\/\/artesagrado.com.mx\/#\/schema\/logo\/image\/","url":"https:\/\/artesagrado.com.mx\/wp-content\/uploads\/2024\/07\/portada_cuadrada_base_arte-sagrado.webp","contentUrl":"https:\/\/artesagrado.com.mx\/wp-content\/uploads\/2024\/07\/portada_cuadrada_base_arte-sagrado.webp","width":1000,"height":1000,"caption":"Arte Sagrado"},"image":{"@id":"https:\/\/artesagrado.com.mx\/#\/schema\/logo\/image\/"},"sameAs":["https:\/\/www.facebook.com\/ArteSagradoMexico","https:\/\/www.instagram.com\/arte_sagrado_oficial\/","https:\/\/www.tiktok.com\/@arte_sagrado_oficial"],"description":"Arte Sagrado\u00ae es un proyecto pensado, sentido y accionado al servicio de la humanidad y la conciencia. Nacemos en tiempos precisos donde la luz y el recuerdo de nuestra grandeza, empiezan a resplandecer; es por eso que nuestro proyecto se enfoca y especializa en contribuir con informaci\u00f3n y conocimiento de los arquetipos originales y el lenguaje de la geometr\u00eda sagrada.","publishingPrinciples":"https:\/\/artesagrado.com.mx\/conoce-a-arte-sagrado\/"}]},"og_availability":"instock","product_availability":"instock","product_condition":"new"},"jetpack_sharing_enabled":true,"_links":{"self":[{"href":"https:\/\/artesagrado.com.mx\/en\/wp-json\/wp\/v2\/product\/46430","targetHints":{"allow":["GET"]}}],"collection":[{"href":"https:\/\/artesagrado.com.mx\/en\/wp-json\/wp\/v2\/product"}],"about":[{"href":"https:\/\/artesagrado.com.mx\/en\/wp-json\/wp\/v2\/types\/product"}],"replies":[{"embeddable":true,"href":"https:\/\/artesagrado.com.mx\/en\/wp-json\/wp\/v2\/comments?post=46430"}],"wp:featuredmedia":[{"embeddable":true,"href":"https:\/\/artesagrado.com.mx\/en\/wp-json\/wp\/v2\/media\/46506"}],"wp:attachment":[{"href":"https:\/\/artesagrado.com.mx\/en\/wp-json\/wp\/v2\/media?parent=46430"}],"wp:term":[{"taxonomy":"astrologia","embeddable":true,"href":"https:\/\/artesagrado.com.mx\/en\/wp-json\/wp\/v2\/astrologia?post=46430"},{"taxonomy":"coleccion","embeddable":true,"href":"https:\/\/artesagrado.com.mx\/en\/wp-json\/wp\/v2\/coleccion?post=46430"},{"taxonomy":"joyeria","embeddable":true,"href":"https:\/\/artesagrado.com.mx\/en\/wp-json\/wp\/v2\/joyeria?post=46430"},{"taxonomy":"linea","embeddable":true,"href":"https:\/\/artesagrado.com.mx\/en\/wp-json\/wp\/v2\/linea?post=46430"},{"taxonomy":"material","embeddable":true,"href":"https:\/\/artesagrado.com.mx\/en\/wp-json\/wp\/v2\/material?post=46430"},{"taxonomy":"orgonita","embeddable":true,"href":"https:\/\/artesagrado.com.mx\/en\/wp-json\/wp\/v2\/orgonita?post=46430"},{"taxonomy":"piedra","embeddable":true,"href":"https:\/\/artesagrado.com.mx\/en\/wp-json\/wp\/v2\/piedra?post=46430"},{"taxonomy":"proposito","embeddable":true,"href":"https:\/\/artesagrado.com.mx\/en\/wp-json\/wp\/v2\/proposito?post=46430"},{"taxonomy":"simbolo","embeddable":true,"href":"https:\/\/artesagrado.com.mx\/en\/wp-json\/wp\/v2\/simbolo?post=46430"},{"taxonomy":"tamano","embeddable":true,"href":"https:\/\/artesagrado.com.mx\/en\/wp-json\/wp\/v2\/tamano?post=46430"},{"taxonomy":"visibilidad-producto-nuevo","embeddable":true,"href":"https:\/\/artesagrado.com.mx\/en\/wp-json\/wp\/v2\/visibilidad-producto-nuevo?post=46430"},{"taxonomy":"product_brand","embeddable":true,"href":"https:\/\/artesagrado.com.mx\/en\/wp-json\/wp\/v2\/product_brand?post=46430"},{"taxonomy":"product_cat","embeddable":true,"href":"https:\/\/artesagrado.com.mx\/en\/wp-json\/wp\/v2\/product_cat?post=46430"},{"taxonomy":"product_tag","embeddable":true,"href":"https:\/\/artesagrado.com.mx\/en\/wp-json\/wp\/v2\/product_tag?post=46430"}],"curies":[{"name":"wp","href":"https:\/\/api.w.org\/{rel}","templated":true}]}}