{"id":46985,"date":"2025-11-28T11:36:49","date_gmt":"2025-11-28T17:36:49","guid":{"rendered":"https:\/\/artesagrado.com.mx\/producto\/collar-mini-orgon-flor-de-la-vida-chapa-de-oro-de-14k-con-aventurina-azul\/"},"modified":"2026-01-22T16:30:50","modified_gmt":"2026-01-22T22:30:50","slug":"collar-mini-orgon-flor-de-la-vida-chapa-de-oro-de-14k-con-aventurina-azul","status":"publish","type":"product","link":"https:\/\/artesagrado.com.mx\/en\/product\/collar-mini-orgon-flor-de-la-vida-chapa-de-oro-de-14k-con-aventurina-azul\/","title":{"rendered":"Mini Flower of Life Orgone Necklace 14K Gold Plated with Blue Aventurine"},"content":{"rendered":"<p>Dr. Willheim Reich described the<strong> Orgone<\/strong> as the cosmic energy that is part of all living matter. The name comes from \"organism and orgasm\", which refers to the vital energy and creative power.<\/p>\n<p>An Orgone generator or energy transmuter is a compact and solid structure made to stimulate the piezoelectric properties of its materials and thus attract, accumulate, order and enhance the energy present, transforming the negative and chaotic electromagnetic waves into vital energy, harmonized and in perfect harmony with nature, which is reflected in restorative biological effects, which is why it has been used for therapeutic purposes due to its benefits in a wide range of applications.<\/p>\n<p>&nbsp;<\/p>\n<p>The <strong>Flower of Life<\/strong>contains within its proportions each and every aspect of life that exists, every mathematical formula, every law of physics, every musical harmony, every form of life, (including the wonder of the human body) every atom, every cell, every dimensional level; absolutely everything contained in multi-universes of waveforms.<\/p>\n<p>The symbol of the Flower of Life is considered sacred, since within it lies the code of all creation.<\/p>\n<p>The \"Flower of Life\" is undoubtedly the most powerful symbol of Creation.<\/p>\n<p>&nbsp;<\/p>\n<p>The <strong>Blue Aventurine<\/strong> is particularly stimulating to the third eye and throat chakra, opening us to a higher spiritual life and revealing psychic and intuitive abilities that may have been previously blocked.<\/p>\n<p>Encourages open and honest communication by speaking with the mind and heart. It embodies strength, honors peace, generates compassion, knowledge, progress and love. <\/p>","protected":false},"excerpt":{"rendered":"<p><strong>Flower of Life, Gold Plating, Blue Aventurine<\/strong><\/p>\n<p>We create your mini orgone necklace through 33 artisanal processes of refinement and energetics.<\/p>\n<p><b>Orgone power: 1m<\/b><\/p>\n<ul>\n<li>Orgone 3 centimeters in diameter and 7 mm thick.<\/li>\n<li>Copper machinery and bronze base.<\/li>\n<li>Symbol and details in 14k gold plate.<\/li>\n<\/ul>\n<p>NOTE: Due to their nature, some of the pieces that make up this work of power may vary in detail, tone and color.<\/p>","protected":false},"featured_media":47142,"comment_status":"open","ping_status":"closed","template":"","meta":{"_acf_changed":false,"site-sidebar-layout":"default","site-content-layout":"","ast-site-content-layout":"default","site-content-style":"default","site-sidebar-style":"default","ast-global-header-display":"","ast-banner-title-visibility":"","ast-main-header-display":"","ast-hfb-above-header-display":"","ast-hfb-below-header-display":"","ast-hfb-mobile-header-display":"","site-post-title":"","ast-breadcrumbs-content":"","ast-featured-img":"","footer-sml-layout":"","ast-disable-related-posts":"","theme-transparent-header-meta":"default","adv-header-id-meta":"","stick-header-meta":"","header-above-stick-meta":"","header-main-stick-meta":"","header-below-stick-meta":"","astra-migrate-meta-layouts":"set","ast-page-background-enabled":"default","ast-page-background-meta":{"desktop":{"background-color":"var(--ast-global-color-4)","background-image":"","background-repeat":"repeat","background-position":"center center","background-size":"auto","background-attachment":"scroll","background-type":"","background-media":"","overlay-type":"","overlay-color":"","overlay-opacity":"","overlay-gradient":""},"tablet":{"background-color":"","background-image":"","background-repeat":"repeat","background-position":"center center","background-size":"auto","background-attachment":"scroll","background-type":"","background-media":"","overlay-type":"","overlay-color":"","overlay-opacity":"","overlay-gradient":""},"mobile":{"background-color":"","background-image":"","background-repeat":"repeat","background-position":"center center","background-size":"auto","background-attachment":"scroll","background-type":"","background-media":"","overlay-type":"","overlay-color":"","overlay-opacity":"","overlay-gradient":""}},"ast-content-background-meta":{"desktop":{"background-color":"var(--ast-global-color-5)","background-image":"","background-repeat":"repeat","background-position":"center center","background-size":"auto","background-attachment":"scroll","background-type":"","background-media":"","overlay-type":"","overlay-color":"","overlay-opacity":"","overlay-gradient":""},"tablet":{"background-color":"var(--ast-global-color-5)","background-image":"","background-repeat":"repeat","background-position":"center center","background-size":"auto","background-attachment":"scroll","background-type":"","background-media":"","overlay-type":"","overlay-color":"","overlay-opacity":"","overlay-gradient":""},"mobile":{"background-color":"var(--ast-global-color-5)","background-image":"","background-repeat":"repeat","background-position":"center center","background-size":"auto","background-attachment":"scroll","background-type":"","background-media":"","overlay-type":"","overlay-color":"","overlay-opacity":"","overlay-gradient":""}},"_joinchat":[]},"astrologia":[],"coleccion":[],"joyeria":[1577,1579,1578,1580,1582,1574],"linea":[],"material":[2225,2231,2342,2226],"orgonita":[1598,1596,1633],"piedra":[869],"proposito":[],"simbolo":[834],"tamano":[809],"visibilidad-producto-nuevo":[],"product_brand":[],"product_cat":[1618,1610],"product_tag":[],"class_list":{"0":"post-46985","1":"product","2":"type-product","3":"status-publish","4":"has-post-thumbnail","6":"joyeria-collares","7":"joyeria-collares-de-acero-inoxidable","8":"joyeria-collares-de-chapa-de-oro","9":"joyeria-collares-de-cuarzo","10":"joyeria-collares-orgon","11":"joyeria-coleccion-joyeria","12":"material-acero-inoxidable","13":"material-chapa-de-oro","14":"material-cuarzo","15":"material-tela","16":"orgonita-collar-mini-orgon","17":"orgonita-collar-orgon","18":"orgonita-joyeria","19":"piedra-aventurina","20":"simbolo-flor-de-la-vida","21":"tamano-mini","22":"product_cat-joyeria","23":"product_cat-orgonitas","24":"desktop-align-left","25":"tablet-align-left","26":"mobile-align-left","28":"first","29":"instock","30":"shipping-taxable","31":"purchasable","32":"product-type-variable","33":"has-default-attributes","34":"wvs-archive-product-wrapper"},"acf":[],"yoast_head":"<!-- This site is optimized with the Yoast SEO Premium plugin v24.9 (Yoast SEO v24.9) - https:\/\/yoast.com\/wordpress\/plugins\/seo\/ -->\n<title>Collar Mini Org\u00f3n Flor de la Vida Chapa de Oro de 14K con Aventurina Azul &#8902; Arte Sagrado<\/title>\n<meta name=\"description\" content=\"Collar Mini Org\u00f3n Flor de la Vida Chapa de Oro de 14K con Aventurina Azul, s\u00edmbolo sagrado para armonizar cuerpo, mente y emociones.\" \/>\n<meta name=\"robots\" content=\"index, follow, max-snippet:-1, max-image-preview:large, max-video-preview:-1\" \/>\n<link rel=\"canonical\" href=\"https:\/\/artesagrado.com.mx\/en\/product\/collar-mini-orgon-flor-de-la-vida-chapa-de-oro-de-14k-con-aventurina-azul\/\" \/>\n<meta property=\"og:locale\" content=\"en_US\" \/>\n<meta property=\"og:type\" content=\"article\" \/>\n<meta property=\"og:title\" content=\"Collar Mini Org\u00f3n Flor de la Vida Chapa de Oro de 14K con Aventurina Azul\" \/>\n<meta property=\"og:description\" content=\"Descubre la colecci\u00f3n de productos de Arte Sagrado M\u00e9xico: joyer\u00eda y dispositivos energ\u00e9ticos elaborados con geometr\u00eda sagrada y tecnolog\u00eda Org\u00f3n para equilibrar y armonizar tu vida.\" \/>\n<meta property=\"og:url\" content=\"https:\/\/artesagrado.com.mx\/en\/product\/collar-mini-orgon-flor-de-la-vida-chapa-de-oro-de-14k-con-aventurina-azul\/\" \/>\n<meta property=\"og:site_name\" content=\"Arte Sagrado\" \/>\n<meta property=\"article:publisher\" content=\"https:\/\/www.facebook.com\/ArteSagradoMexico\" \/>\n<meta property=\"article:modified_time\" content=\"2026-01-22T22:30:50+00:00\" \/>\n<meta property=\"og:image\" content=\"https:\/\/artesagrado.com.mx\/wp-content\/uploads\/2025\/11\/Collar-Mini-Orgon-Flor-de-la-Vida-en-Chapa-de-Oro-de-14K-con-Aventurina-Azul_3.webp\" \/>\n\t<meta property=\"og:image:width\" content=\"1000\" \/>\n\t<meta property=\"og:image:height\" content=\"1000\" \/>\n\t<meta property=\"og:image:type\" content=\"image\/webp\" \/>\n<meta name=\"twitter:card\" content=\"summary_large_image\" \/>\n<meta name=\"twitter:label1\" content=\"Availability\" \/>\n\t<meta name=\"twitter:data1\" content=\"In stock\" \/>\n<script type=\"application\/ld+json\" class=\"yoast-schema-graph\">{\"@context\":\"https:\/\/schema.org\",\"@graph\":[{\"@type\":\"WebPage\",\"@id\":\"https:\/\/artesagrado.com.mx\/producto\/collar-mini-orgon-flor-de-la-vida-chapa-de-oro-de-14k-con-aventurina-azul\/\",\"url\":\"https:\/\/artesagrado.com.mx\/producto\/collar-mini-orgon-flor-de-la-vida-chapa-de-oro-de-14k-con-aventurina-azul\/\",\"name\":\"Collar Mini Org\u00f3n Flor de la Vida Chapa de Oro de 14K con Aventurina Azul &#8902; Arte Sagrado\",\"isPartOf\":{\"@id\":\"https:\/\/artesagrado.com.mx\/#website\"},\"primaryImageOfPage\":{\"@id\":\"https:\/\/artesagrado.com.mx\/producto\/collar-mini-orgon-flor-de-la-vida-chapa-de-oro-de-14k-con-aventurina-azul\/#primaryimage\"},\"image\":{\"@id\":\"https:\/\/artesagrado.com.mx\/producto\/collar-mini-orgon-flor-de-la-vida-chapa-de-oro-de-14k-con-aventurina-azul\/#primaryimage\"},\"thumbnailUrl\":\"https:\/\/artesagrado.com.mx\/wp-content\/uploads\/2025\/11\/Collar-Mini-Orgon-Flor-de-la-Vida-en-Chapa-de-Oro-de-14K-con-Aventurina-Azul_3.webp\",\"datePublished\":\"2025-11-28T17:36:49+00:00\",\"dateModified\":\"2026-01-22T22:30:50+00:00\",\"description\":\"Collar Mini Org\u00f3n Flor de la Vida Chapa de Oro de 14K con Aventurina Azul, s\u00edmbolo sagrado para armonizar cuerpo, mente y emociones.\",\"breadcrumb\":{\"@id\":\"https:\/\/artesagrado.com.mx\/producto\/collar-mini-orgon-flor-de-la-vida-chapa-de-oro-de-14k-con-aventurina-azul\/#breadcrumb\"},\"inLanguage\":\"en-US\",\"potentialAction\":[{\"@type\":\"ReadAction\",\"target\":[\"https:\/\/artesagrado.com.mx\/producto\/collar-mini-orgon-flor-de-la-vida-chapa-de-oro-de-14k-con-aventurina-azul\/\"]}]},{\"@type\":\"ImageObject\",\"inLanguage\":\"en-US\",\"@id\":\"https:\/\/artesagrado.com.mx\/producto\/collar-mini-orgon-flor-de-la-vida-chapa-de-oro-de-14k-con-aventurina-azul\/#primaryimage\",\"url\":\"https:\/\/artesagrado.com.mx\/wp-content\/uploads\/2025\/11\/Collar-Mini-Orgon-Flor-de-la-Vida-en-Chapa-de-Oro-de-14K-con-Aventurina-Azul_3.webp\",\"contentUrl\":\"https:\/\/artesagrado.com.mx\/wp-content\/uploads\/2025\/11\/Collar-Mini-Orgon-Flor-de-la-Vida-en-Chapa-de-Oro-de-14K-con-Aventurina-Azul_3.webp\",\"width\":1000,\"height\":1000},{\"@type\":\"BreadcrumbList\",\"@id\":\"https:\/\/artesagrado.com.mx\/producto\/collar-mini-orgon-flor-de-la-vida-chapa-de-oro-de-14k-con-aventurina-azul\/#breadcrumb\",\"itemListElement\":[{\"@type\":\"ListItem\",\"position\":1,\"name\":\"Portada\",\"item\":\"https:\/\/artesagrado.com.mx\/\"},{\"@type\":\"ListItem\",\"position\":2,\"name\":\"Tienda\",\"item\":\"https:\/\/artesagrado.com.mx\/tienda\/\"},{\"@type\":\"ListItem\",\"position\":3,\"name\":\"Collar Mini Org\u00f3n Flor de la Vida Chapa de Oro de 14K con Aventurina Azul\"}]},{\"@type\":\"WebSite\",\"@id\":\"https:\/\/artesagrado.com.mx\/#website\",\"url\":\"https:\/\/artesagrado.com.mx\/\",\"name\":\"Arte Sagrado\",\"description\":\"Empoderando tu ser\",\"publisher\":{\"@id\":\"https:\/\/artesagrado.com.mx\/#organization\"},\"alternateName\":\"Arte Sagrado M\u00e9xico\",\"potentialAction\":[{\"@type\":\"SearchAction\",\"target\":{\"@type\":\"EntryPoint\",\"urlTemplate\":\"https:\/\/artesagrado.com.mx\/?s={search_term_string}\"},\"query-input\":{\"@type\":\"PropertyValueSpecification\",\"valueRequired\":true,\"valueName\":\"search_term_string\"}}],\"inLanguage\":\"en-US\"},{\"@type\":\"Organization\",\"@id\":\"https:\/\/artesagrado.com.mx\/#organization\",\"name\":\"Arte Sagrado\",\"alternateName\":\"Arte Sagrado M\u00e9xico\",\"url\":\"https:\/\/artesagrado.com.mx\/\",\"logo\":{\"@type\":\"ImageObject\",\"inLanguage\":\"en-US\",\"@id\":\"https:\/\/artesagrado.com.mx\/#\/schema\/logo\/image\/\",\"url\":\"https:\/\/artesagrado.com.mx\/wp-content\/uploads\/2024\/07\/portada_cuadrada_base_arte-sagrado.webp\",\"contentUrl\":\"https:\/\/artesagrado.com.mx\/wp-content\/uploads\/2024\/07\/portada_cuadrada_base_arte-sagrado.webp\",\"width\":1000,\"height\":1000,\"caption\":\"Arte Sagrado\"},\"image\":{\"@id\":\"https:\/\/artesagrado.com.mx\/#\/schema\/logo\/image\/\"},\"sameAs\":[\"https:\/\/www.facebook.com\/ArteSagradoMexico\",\"https:\/\/www.instagram.com\/arte_sagrado_oficial\/\",\"https:\/\/www.tiktok.com\/@arte_sagrado_oficial\"],\"description\":\"Arte Sagrado\u00ae es un proyecto pensado, sentido y accionado al servicio de la humanidad y la conciencia. Nacemos en tiempos precisos donde la luz y el recuerdo de nuestra grandeza, empiezan a resplandecer; es por eso que nuestro proyecto se enfoca y especializa en contribuir con informaci\u00f3n y conocimiento de los arquetipos originales y el lenguaje de la geometr\u00eda sagrada.\",\"publishingPrinciples\":\"https:\/\/artesagrado.com.mx\/conoce-a-arte-sagrado\/\"}]}<\/script>\n<meta property=\"og:availability\" content=\"instock\" \/>\n<meta property=\"product:availability\" content=\"instock\" \/>\n<meta property=\"product:condition\" content=\"new\" \/>\n<!-- \/ Yoast SEO Premium plugin. -->","yoast_head_json":{"title":"Collar Mini Org\u00f3n Flor de la Vida Chapa de Oro de 14K con Aventurina Azul &#8902; Arte Sagrado","description":"Collar Mini Org\u00f3n Flor de la Vida Chapa de Oro de 14K con Aventurina Azul, s\u00edmbolo sagrado para armonizar cuerpo, mente y emociones.","robots":{"index":"index","follow":"follow","max-snippet":"max-snippet:-1","max-image-preview":"max-image-preview:large","max-video-preview":"max-video-preview:-1"},"canonical":"https:\/\/artesagrado.com.mx\/en\/product\/collar-mini-orgon-flor-de-la-vida-chapa-de-oro-de-14k-con-aventurina-azul\/","og_locale":"en_US","og_type":"article","og_title":"Collar Mini Org\u00f3n Flor de la Vida Chapa de Oro de 14K con Aventurina Azul","og_description":"Descubre la colecci\u00f3n de productos de Arte Sagrado M\u00e9xico: joyer\u00eda y dispositivos energ\u00e9ticos elaborados con geometr\u00eda sagrada y tecnolog\u00eda Org\u00f3n para equilibrar y armonizar tu vida.","og_url":"https:\/\/artesagrado.com.mx\/en\/product\/collar-mini-orgon-flor-de-la-vida-chapa-de-oro-de-14k-con-aventurina-azul\/","og_site_name":"Arte Sagrado","article_publisher":"https:\/\/www.facebook.com\/ArteSagradoMexico","article_modified_time":"2026-01-22T22:30:50+00:00","og_image":[{"width":1000,"height":1000,"url":"https:\/\/artesagrado.com.mx\/wp-content\/uploads\/2025\/11\/Collar-Mini-Orgon-Flor-de-la-Vida-en-Chapa-de-Oro-de-14K-con-Aventurina-Azul_3.webp","type":"image\/webp"}],"twitter_card":"summary_large_image","twitter_misc":{"Availability":"In stock"},"schema":{"@context":"https:\/\/schema.org","@graph":[{"@type":"WebPage","@id":"https:\/\/artesagrado.com.mx\/producto\/collar-mini-orgon-flor-de-la-vida-chapa-de-oro-de-14k-con-aventurina-azul\/","url":"https:\/\/artesagrado.com.mx\/producto\/collar-mini-orgon-flor-de-la-vida-chapa-de-oro-de-14k-con-aventurina-azul\/","name":"Collar Mini Org\u00f3n Flor de la Vida Chapa de Oro de 14K con Aventurina Azul &#8902; Arte Sagrado","isPartOf":{"@id":"https:\/\/artesagrado.com.mx\/#website"},"primaryImageOfPage":{"@id":"https:\/\/artesagrado.com.mx\/producto\/collar-mini-orgon-flor-de-la-vida-chapa-de-oro-de-14k-con-aventurina-azul\/#primaryimage"},"image":{"@id":"https:\/\/artesagrado.com.mx\/producto\/collar-mini-orgon-flor-de-la-vida-chapa-de-oro-de-14k-con-aventurina-azul\/#primaryimage"},"thumbnailUrl":"https:\/\/artesagrado.com.mx\/wp-content\/uploads\/2025\/11\/Collar-Mini-Orgon-Flor-de-la-Vida-en-Chapa-de-Oro-de-14K-con-Aventurina-Azul_3.webp","datePublished":"2025-11-28T17:36:49+00:00","dateModified":"2026-01-22T22:30:50+00:00","description":"Collar Mini Org\u00f3n Flor de la Vida Chapa de Oro de 14K con Aventurina Azul, s\u00edmbolo sagrado para armonizar cuerpo, mente y emociones.","breadcrumb":{"@id":"https:\/\/artesagrado.com.mx\/producto\/collar-mini-orgon-flor-de-la-vida-chapa-de-oro-de-14k-con-aventurina-azul\/#breadcrumb"},"inLanguage":"en-US","potentialAction":[{"@type":"ReadAction","target":["https:\/\/artesagrado.com.mx\/producto\/collar-mini-orgon-flor-de-la-vida-chapa-de-oro-de-14k-con-aventurina-azul\/"]}]},{"@type":"ImageObject","inLanguage":"en-US","@id":"https:\/\/artesagrado.com.mx\/producto\/collar-mini-orgon-flor-de-la-vida-chapa-de-oro-de-14k-con-aventurina-azul\/#primaryimage","url":"https:\/\/artesagrado.com.mx\/wp-content\/uploads\/2025\/11\/Collar-Mini-Orgon-Flor-de-la-Vida-en-Chapa-de-Oro-de-14K-con-Aventurina-Azul_3.webp","contentUrl":"https:\/\/artesagrado.com.mx\/wp-content\/uploads\/2025\/11\/Collar-Mini-Orgon-Flor-de-la-Vida-en-Chapa-de-Oro-de-14K-con-Aventurina-Azul_3.webp","width":1000,"height":1000},{"@type":"BreadcrumbList","@id":"https:\/\/artesagrado.com.mx\/producto\/collar-mini-orgon-flor-de-la-vida-chapa-de-oro-de-14k-con-aventurina-azul\/#breadcrumb","itemListElement":[{"@type":"ListItem","position":1,"name":"Portada","item":"https:\/\/artesagrado.com.mx\/"},{"@type":"ListItem","position":2,"name":"Tienda","item":"https:\/\/artesagrado.com.mx\/tienda\/"},{"@type":"ListItem","position":3,"name":"Collar Mini Org\u00f3n Flor de la Vida Chapa de Oro de 14K con Aventurina Azul"}]},{"@type":"WebSite","@id":"https:\/\/artesagrado.com.mx\/#website","url":"https:\/\/artesagrado.com.mx\/","name":"Arte Sagrado","description":"Empoderando tu ser","publisher":{"@id":"https:\/\/artesagrado.com.mx\/#organization"},"alternateName":"Arte Sagrado M\u00e9xico","potentialAction":[{"@type":"SearchAction","target":{"@type":"EntryPoint","urlTemplate":"https:\/\/artesagrado.com.mx\/?s={search_term_string}"},"query-input":{"@type":"PropertyValueSpecification","valueRequired":true,"valueName":"search_term_string"}}],"inLanguage":"en-US"},{"@type":"Organization","@id":"https:\/\/artesagrado.com.mx\/#organization","name":"Arte Sagrado","alternateName":"Arte Sagrado M\u00e9xico","url":"https:\/\/artesagrado.com.mx\/","logo":{"@type":"ImageObject","inLanguage":"en-US","@id":"https:\/\/artesagrado.com.mx\/#\/schema\/logo\/image\/","url":"https:\/\/artesagrado.com.mx\/wp-content\/uploads\/2024\/07\/portada_cuadrada_base_arte-sagrado.webp","contentUrl":"https:\/\/artesagrado.com.mx\/wp-content\/uploads\/2024\/07\/portada_cuadrada_base_arte-sagrado.webp","width":1000,"height":1000,"caption":"Arte Sagrado"},"image":{"@id":"https:\/\/artesagrado.com.mx\/#\/schema\/logo\/image\/"},"sameAs":["https:\/\/www.facebook.com\/ArteSagradoMexico","https:\/\/www.instagram.com\/arte_sagrado_oficial\/","https:\/\/www.tiktok.com\/@arte_sagrado_oficial"],"description":"Arte Sagrado\u00ae es un proyecto pensado, sentido y accionado al servicio de la humanidad y la conciencia. Nacemos en tiempos precisos donde la luz y el recuerdo de nuestra grandeza, empiezan a resplandecer; es por eso que nuestro proyecto se enfoca y especializa en contribuir con informaci\u00f3n y conocimiento de los arquetipos originales y el lenguaje de la geometr\u00eda sagrada.","publishingPrinciples":"https:\/\/artesagrado.com.mx\/conoce-a-arte-sagrado\/"}]},"og_availability":"instock","product_availability":"instock","product_condition":"new"},"jetpack_sharing_enabled":true,"_links":{"self":[{"href":"https:\/\/artesagrado.com.mx\/en\/wp-json\/wp\/v2\/product\/46985","targetHints":{"allow":["GET"]}}],"collection":[{"href":"https:\/\/artesagrado.com.mx\/en\/wp-json\/wp\/v2\/product"}],"about":[{"href":"https:\/\/artesagrado.com.mx\/en\/wp-json\/wp\/v2\/types\/product"}],"replies":[{"embeddable":true,"href":"https:\/\/artesagrado.com.mx\/en\/wp-json\/wp\/v2\/comments?post=46985"}],"wp:featuredmedia":[{"embeddable":true,"href":"https:\/\/artesagrado.com.mx\/en\/wp-json\/wp\/v2\/media\/47142"}],"wp:attachment":[{"href":"https:\/\/artesagrado.com.mx\/en\/wp-json\/wp\/v2\/media?parent=46985"}],"wp:term":[{"taxonomy":"astrologia","embeddable":true,"href":"https:\/\/artesagrado.com.mx\/en\/wp-json\/wp\/v2\/astrologia?post=46985"},{"taxonomy":"coleccion","embeddable":true,"href":"https:\/\/artesagrado.com.mx\/en\/wp-json\/wp\/v2\/coleccion?post=46985"},{"taxonomy":"joyeria","embeddable":true,"href":"https:\/\/artesagrado.com.mx\/en\/wp-json\/wp\/v2\/joyeria?post=46985"},{"taxonomy":"linea","embeddable":true,"href":"https:\/\/artesagrado.com.mx\/en\/wp-json\/wp\/v2\/linea?post=46985"},{"taxonomy":"material","embeddable":true,"href":"https:\/\/artesagrado.com.mx\/en\/wp-json\/wp\/v2\/material?post=46985"},{"taxonomy":"orgonita","embeddable":true,"href":"https:\/\/artesagrado.com.mx\/en\/wp-json\/wp\/v2\/orgonita?post=46985"},{"taxonomy":"piedra","embeddable":true,"href":"https:\/\/artesagrado.com.mx\/en\/wp-json\/wp\/v2\/piedra?post=46985"},{"taxonomy":"proposito","embeddable":true,"href":"https:\/\/artesagrado.com.mx\/en\/wp-json\/wp\/v2\/proposito?post=46985"},{"taxonomy":"simbolo","embeddable":true,"href":"https:\/\/artesagrado.com.mx\/en\/wp-json\/wp\/v2\/simbolo?post=46985"},{"taxonomy":"tamano","embeddable":true,"href":"https:\/\/artesagrado.com.mx\/en\/wp-json\/wp\/v2\/tamano?post=46985"},{"taxonomy":"visibilidad-producto-nuevo","embeddable":true,"href":"https:\/\/artesagrado.com.mx\/en\/wp-json\/wp\/v2\/visibilidad-producto-nuevo?post=46985"},{"taxonomy":"product_brand","embeddable":true,"href":"https:\/\/artesagrado.com.mx\/en\/wp-json\/wp\/v2\/product_brand?post=46985"},{"taxonomy":"product_cat","embeddable":true,"href":"https:\/\/artesagrado.com.mx\/en\/wp-json\/wp\/v2\/product_cat?post=46985"},{"taxonomy":"product_tag","embeddable":true,"href":"https:\/\/artesagrado.com.mx\/en\/wp-json\/wp\/v2\/product_tag?post=46985"}],"curies":[{"name":"wp","href":"https:\/\/api.w.org\/{rel}","templated":true}]}}