{"id":46997,"date":"2025-11-28T11:36:57","date_gmt":"2025-11-28T17:36:57","guid":{"rendered":"https:\/\/artesagrado.com.mx\/producto\/collar-mini-orgon-vesica-piscis-en-plata-0-925-con-aventurina-azul-phosphosiderite-y-swarovski\/"},"modified":"2026-01-22T16:30:42","modified_gmt":"2026-01-22T22:30:42","slug":"collar-mini-orgon-bicolor-vesica-piscis-en-plata-0-925-con-aventurina-azul-phosphosiderite-y-swarovski","status":"publish","type":"product","link":"https:\/\/artesagrado.com.mx\/en\/product\/collar-mini-orgon-bicolor-vesica-piscis-en-plata-0-925-con-aventurina-azul-phosphosiderite-y-swarovski\/","title":{"rendered":"Mini Two-Tone Vesica Piscis Orgone Necklace in 0.925 Silver with Blue Aventurine, Phosphosiderite, and Swarovski Crystals"},"content":{"rendered":"<p>Dr. Willheim Reich described the<strong> Orgone<\/strong> as the cosmic energy that is part of all living matter. The name comes from \"organism and orgasm\", which refers to the vital energy and creative power.<\/p>\n<p>An Orgone generator or energy transmuter is a compact and solid structure made to stimulate the piezoelectric properties of its materials and thus attract, accumulate, order and enhance the energy present, transforming the negative and chaotic electromagnetic waves into vital energy, harmonized and in perfect harmony with nature, which is reflected in restorative biological effects, which is why it has been used for therapeutic purposes due to its benefits in a wide range of applications.<\/p>\n<p>&nbsp;<\/p>\n<p>The <strong>Vesica Pisces<\/strong> represents the union of two opposing forces, such as male and female, heaven and earth, or the spiritual and the material. Through their intersection, it symbolizes the creation of a new reality or the unity that emerges from duality.<\/p>\n<p>Vesica Pisces represents the first demonstration of true love, the first separation and dissolution of the ego to find the other in me and to allow myself to be found in the other.<\/p>\n<p>It is the root and primordial pattern for the construction of the flower of life; the continuous separation of divinity to build creation in a perfect balance between unity and the whole.<\/p>\n<p>&nbsp;<\/p>\n<p>The <strong>Blue Aventurine<\/strong> is particularly stimulating to the third eye and throat chakra, opening us to a higher spiritual life and revealing psychic and intuitive abilities that may have been previously blocked.<\/p>\n<p>Encourages open and honest communication by speaking with the mind and heart. It embodies strength, honors peace, generates compassion, knowledge, progress and love. <\/p>\n<p>&nbsp;<\/p>\n<p>The <strong>Phosphosiderite<\/strong> also known as Phosphosiderite, allows celestial energies to be channeled through the body during meditation, which can also help to open consciousness and psychic abilities, as well as connect with our spirit guides and other higher dimensional energies.<\/p>\n<p>Phosphosiderite connects with the energy of the \u201cViolet Phoenix\u201d, which means it channels the Violet Flame, which transmutes and cleanses the energies around the body and etheric field, helping to heal and clear attachments and other energies. <\/p>\n<p>It can also be a great crystal to assist in magical work, as it helps support any type of healers, shamans or energy workers.<\/p>\n<p>&nbsp;<\/p>\n<p>The <strong>Silver<\/strong> is a bright white metal and is the best electrical conductor among metals. <\/p>\n<p>The shine of this metal symbolizes Moonlight, and as such, it is related to our deepest emotions and can store information about the inner world of the wearer. <\/p>\n<p>It is a powerful protector, as it distributes, neutralizes and eliminates negative energy from any source. It helps to enhance dreams making them more lucid, beneficial and productive.<\/p>\n<p>Being related to the moon and emotions, it stimulates clairvoyance and extrasensory perceptions and is the perfect ally to release negative emotions and tensions.<\/p>","protected":false},"excerpt":{"rendered":"<p><strong>Vesica Piscis, Silver, Blue Aventurine, Phosphosiderite, and Swarovski<\/strong><\/p>\n<p>We create your mini orgone necklace through 33 artisanal processes of refinement and energetics.<\/p>\n<p><b>Orgone power: 1m<\/b><\/p>\n<ul>\n<li>Orgone 3 centimeters in diameter and 7 mm thick.<\/li>\n<li>Copper machinery and bronze base.<\/li>\n<li>Symbol and details in 0.925 Silver.<\/li>\n<\/ul>\n<p>NOTE: Due to their nature, some of the pieces that make up this work of power may vary in detail, tone and color.<\/p>","protected":false},"featured_media":47027,"comment_status":"open","ping_status":"closed","template":"","meta":{"_acf_changed":false,"site-sidebar-layout":"default","site-content-layout":"","ast-site-content-layout":"default","site-content-style":"default","site-sidebar-style":"default","ast-global-header-display":"","ast-banner-title-visibility":"","ast-main-header-display":"","ast-hfb-above-header-display":"","ast-hfb-below-header-display":"","ast-hfb-mobile-header-display":"","site-post-title":"","ast-breadcrumbs-content":"","ast-featured-img":"","footer-sml-layout":"","ast-disable-related-posts":"","theme-transparent-header-meta":"default","adv-header-id-meta":"","stick-header-meta":"","header-above-stick-meta":"","header-main-stick-meta":"","header-below-stick-meta":"","astra-migrate-meta-layouts":"set","ast-page-background-enabled":"default","ast-page-background-meta":{"desktop":{"background-color":"var(--ast-global-color-4)","background-image":"","background-repeat":"repeat","background-position":"center center","background-size":"auto","background-attachment":"scroll","background-type":"","background-media":"","overlay-type":"","overlay-color":"","overlay-opacity":"","overlay-gradient":""},"tablet":{"background-color":"","background-image":"","background-repeat":"repeat","background-position":"center center","background-size":"auto","background-attachment":"scroll","background-type":"","background-media":"","overlay-type":"","overlay-color":"","overlay-opacity":"","overlay-gradient":""},"mobile":{"background-color":"","background-image":"","background-repeat":"repeat","background-position":"center center","background-size":"auto","background-attachment":"scroll","background-type":"","background-media":"","overlay-type":"","overlay-color":"","overlay-opacity":"","overlay-gradient":""}},"ast-content-background-meta":{"desktop":{"background-color":"var(--ast-global-color-5)","background-image":"","background-repeat":"repeat","background-position":"center center","background-size":"auto","background-attachment":"scroll","background-type":"","background-media":"","overlay-type":"","overlay-color":"","overlay-opacity":"","overlay-gradient":""},"tablet":{"background-color":"var(--ast-global-color-5)","background-image":"","background-repeat":"repeat","background-position":"center center","background-size":"auto","background-attachment":"scroll","background-type":"","background-media":"","overlay-type":"","overlay-color":"","overlay-opacity":"","overlay-gradient":""},"mobile":{"background-color":"var(--ast-global-color-5)","background-image":"","background-repeat":"repeat","background-position":"center center","background-size":"auto","background-attachment":"scroll","background-type":"","background-media":"","overlay-type":"","overlay-color":"","overlay-opacity":"","overlay-gradient":""}},"_joinchat":[]},"astrologia":[],"coleccion":[],"joyeria":[1577,1579,1580,1581,1582,1574],"linea":[],"material":[2225,2342,2227,2226],"orgonita":[1598,1596,1633],"piedra":[869,897,901],"proposito":[2399,2065,2215,706,714,692,694],"simbolo":[857],"tamano":[809],"visibilidad-producto-nuevo":[],"product_brand":[],"product_cat":[1618,1610],"product_tag":[],"class_list":{"0":"post-46997","1":"product","2":"type-product","3":"status-publish","4":"has-post-thumbnail","6":"joyeria-collares","7":"joyeria-collares-de-acero-inoxidable","8":"joyeria-collares-de-cuarzo","9":"joyeria-collares-de-plata","10":"joyeria-collares-orgon","11":"joyeria-coleccion-joyeria","12":"material-acero-inoxidable","13":"material-cuarzo","14":"material-plata","15":"material-tela","16":"orgonita-collar-mini-orgon","17":"orgonita-collar-orgon","18":"orgonita-joyeria","19":"piedra-aventurina","20":"piedra-phosphosiderite","21":"piedra-plata","22":"proposito-atraccion-de-rayo-violeta","23":"proposito-conexion-espiritual","24":"proposito-creacion","25":"proposito-desarrollo-espiritual","26":"proposito-energia-cristica","27":"proposito-intuicion","28":"proposito-purificacion","29":"simbolo-vesica-piscis","30":"tamano-mini","31":"product_cat-joyeria","32":"product_cat-orgonitas","33":"desktop-align-left","34":"tablet-align-left","35":"mobile-align-left","37":"first","38":"instock","39":"shipping-taxable","40":"purchasable","41":"product-type-variable","42":"has-default-attributes","43":"wvs-archive-product-wrapper"},"acf":[],"yoast_head":"<!-- This site is optimized with the Yoast SEO Premium plugin v24.9 (Yoast SEO v24.9) - https:\/\/yoast.com\/wordpress\/plugins\/seo\/ -->\n<title>Collar Mini Org\u00f3n Bicolor Vesica Piscis en Plata 0.925 con Aventurina Azul, Phosphosiderite y Swarovski &#8902; Arte Sagrado<\/title>\n<meta name=\"description\" content=\"Collar Mini Org\u00f3n Bicolor Vesica Piscis en Plata 0.925 con Aventurina Azul, Phosphosiderite y Swarovski, combinaci\u00f3n de sanaci\u00f3n emocional y espiritual.\" \/>\n<meta name=\"robots\" content=\"index, follow, max-snippet:-1, max-image-preview:large, max-video-preview:-1\" \/>\n<link rel=\"canonical\" href=\"https:\/\/artesagrado.com.mx\/en\/product\/collar-mini-orgon-bicolor-vesica-piscis-en-plata-0-925-con-aventurina-azul-phosphosiderite-y-swarovski\/\" \/>\n<meta property=\"og:locale\" content=\"en_US\" \/>\n<meta property=\"og:type\" content=\"article\" \/>\n<meta property=\"og:title\" content=\"Collar Mini Org\u00f3n Bicolor Vesica Piscis en Plata 0.925 con Aventurina Azul, Phosphosiderite y Swarovski\" \/>\n<meta property=\"og:description\" content=\"Descubre la colecci\u00f3n de productos de Arte Sagrado M\u00e9xico: joyer\u00eda y dispositivos energ\u00e9ticos elaborados con geometr\u00eda sagrada y tecnolog\u00eda Org\u00f3n para equilibrar y armonizar tu vida.\" \/>\n<meta property=\"og:url\" content=\"https:\/\/artesagrado.com.mx\/en\/product\/collar-mini-orgon-bicolor-vesica-piscis-en-plata-0-925-con-aventurina-azul-phosphosiderite-y-swarovski\/\" \/>\n<meta property=\"og:site_name\" content=\"Arte Sagrado\" \/>\n<meta property=\"article:publisher\" content=\"https:\/\/www.facebook.com\/ArteSagradoMexico\" \/>\n<meta property=\"article:modified_time\" content=\"2026-01-22T22:30:42+00:00\" \/>\n<meta property=\"og:image\" content=\"https:\/\/artesagrado.com.mx\/wp-content\/uploads\/2025\/11\/Collar-Mini-Orgon-Bicolor-Vesica-Piscis-en-Plata-0.925-con-Aventurina-Azul-Phosphosiderite-y-Swarovski_3.webp\" \/>\n\t<meta property=\"og:image:width\" content=\"1000\" \/>\n\t<meta property=\"og:image:height\" content=\"1000\" \/>\n\t<meta property=\"og:image:type\" content=\"image\/webp\" \/>\n<meta name=\"twitter:card\" content=\"summary_large_image\" \/>\n<meta name=\"twitter:label1\" content=\"Availability\" \/>\n\t<meta name=\"twitter:data1\" content=\"In stock\" \/>\n<script type=\"application\/ld+json\" class=\"yoast-schema-graph\">{\"@context\":\"https:\/\/schema.org\",\"@graph\":[{\"@type\":\"WebPage\",\"@id\":\"https:\/\/artesagrado.com.mx\/producto\/collar-mini-orgon-bicolor-vesica-piscis-en-plata-0-925-con-aventurina-azul-phosphosiderite-y-swarovski\/\",\"url\":\"https:\/\/artesagrado.com.mx\/producto\/collar-mini-orgon-bicolor-vesica-piscis-en-plata-0-925-con-aventurina-azul-phosphosiderite-y-swarovski\/\",\"name\":\"Collar Mini Org\u00f3n Bicolor Vesica Piscis en Plata 0.925 con Aventurina Azul, Phosphosiderite y Swarovski &#8902; Arte Sagrado\",\"isPartOf\":{\"@id\":\"https:\/\/artesagrado.com.mx\/#website\"},\"primaryImageOfPage\":{\"@id\":\"https:\/\/artesagrado.com.mx\/producto\/collar-mini-orgon-bicolor-vesica-piscis-en-plata-0-925-con-aventurina-azul-phosphosiderite-y-swarovski\/#primaryimage\"},\"image\":{\"@id\":\"https:\/\/artesagrado.com.mx\/producto\/collar-mini-orgon-bicolor-vesica-piscis-en-plata-0-925-con-aventurina-azul-phosphosiderite-y-swarovski\/#primaryimage\"},\"thumbnailUrl\":\"https:\/\/artesagrado.com.mx\/wp-content\/uploads\/2025\/11\/Collar-Mini-Orgon-Bicolor-Vesica-Piscis-en-Plata-0.925-con-Aventurina-Azul-Phosphosiderite-y-Swarovski_3.webp\",\"datePublished\":\"2025-11-28T17:36:57+00:00\",\"dateModified\":\"2026-01-22T22:30:42+00:00\",\"description\":\"Collar Mini Org\u00f3n Bicolor Vesica Piscis en Plata 0.925 con Aventurina Azul, Phosphosiderite y Swarovski, combinaci\u00f3n de sanaci\u00f3n emocional y espiritual.\",\"breadcrumb\":{\"@id\":\"https:\/\/artesagrado.com.mx\/producto\/collar-mini-orgon-bicolor-vesica-piscis-en-plata-0-925-con-aventurina-azul-phosphosiderite-y-swarovski\/#breadcrumb\"},\"inLanguage\":\"en-US\",\"potentialAction\":[{\"@type\":\"ReadAction\",\"target\":[\"https:\/\/artesagrado.com.mx\/producto\/collar-mini-orgon-bicolor-vesica-piscis-en-plata-0-925-con-aventurina-azul-phosphosiderite-y-swarovski\/\"]}]},{\"@type\":\"ImageObject\",\"inLanguage\":\"en-US\",\"@id\":\"https:\/\/artesagrado.com.mx\/producto\/collar-mini-orgon-bicolor-vesica-piscis-en-plata-0-925-con-aventurina-azul-phosphosiderite-y-swarovski\/#primaryimage\",\"url\":\"https:\/\/artesagrado.com.mx\/wp-content\/uploads\/2025\/11\/Collar-Mini-Orgon-Bicolor-Vesica-Piscis-en-Plata-0.925-con-Aventurina-Azul-Phosphosiderite-y-Swarovski_3.webp\",\"contentUrl\":\"https:\/\/artesagrado.com.mx\/wp-content\/uploads\/2025\/11\/Collar-Mini-Orgon-Bicolor-Vesica-Piscis-en-Plata-0.925-con-Aventurina-Azul-Phosphosiderite-y-Swarovski_3.webp\",\"width\":1000,\"height\":1000},{\"@type\":\"BreadcrumbList\",\"@id\":\"https:\/\/artesagrado.com.mx\/producto\/collar-mini-orgon-bicolor-vesica-piscis-en-plata-0-925-con-aventurina-azul-phosphosiderite-y-swarovski\/#breadcrumb\",\"itemListElement\":[{\"@type\":\"ListItem\",\"position\":1,\"name\":\"Portada\",\"item\":\"https:\/\/artesagrado.com.mx\/\"},{\"@type\":\"ListItem\",\"position\":2,\"name\":\"Tienda\",\"item\":\"https:\/\/artesagrado.com.mx\/tienda\/\"},{\"@type\":\"ListItem\",\"position\":3,\"name\":\"Collar Mini Org\u00f3n Bicolor Vesica Piscis en Plata 0.925 con Aventurina Azul, Phosphosiderite y Swarovski\"}]},{\"@type\":\"WebSite\",\"@id\":\"https:\/\/artesagrado.com.mx\/#website\",\"url\":\"https:\/\/artesagrado.com.mx\/\",\"name\":\"Arte Sagrado\",\"description\":\"Empoderando tu ser\",\"publisher\":{\"@id\":\"https:\/\/artesagrado.com.mx\/#organization\"},\"alternateName\":\"Arte Sagrado M\u00e9xico\",\"potentialAction\":[{\"@type\":\"SearchAction\",\"target\":{\"@type\":\"EntryPoint\",\"urlTemplate\":\"https:\/\/artesagrado.com.mx\/?s={search_term_string}\"},\"query-input\":{\"@type\":\"PropertyValueSpecification\",\"valueRequired\":true,\"valueName\":\"search_term_string\"}}],\"inLanguage\":\"en-US\"},{\"@type\":\"Organization\",\"@id\":\"https:\/\/artesagrado.com.mx\/#organization\",\"name\":\"Arte Sagrado\",\"alternateName\":\"Arte Sagrado M\u00e9xico\",\"url\":\"https:\/\/artesagrado.com.mx\/\",\"logo\":{\"@type\":\"ImageObject\",\"inLanguage\":\"en-US\",\"@id\":\"https:\/\/artesagrado.com.mx\/#\/schema\/logo\/image\/\",\"url\":\"https:\/\/artesagrado.com.mx\/wp-content\/uploads\/2024\/07\/portada_cuadrada_base_arte-sagrado.webp\",\"contentUrl\":\"https:\/\/artesagrado.com.mx\/wp-content\/uploads\/2024\/07\/portada_cuadrada_base_arte-sagrado.webp\",\"width\":1000,\"height\":1000,\"caption\":\"Arte Sagrado\"},\"image\":{\"@id\":\"https:\/\/artesagrado.com.mx\/#\/schema\/logo\/image\/\"},\"sameAs\":[\"https:\/\/www.facebook.com\/ArteSagradoMexico\",\"https:\/\/www.instagram.com\/arte_sagrado_oficial\/\",\"https:\/\/www.tiktok.com\/@arte_sagrado_oficial\"],\"description\":\"Arte Sagrado\u00ae es un proyecto pensado, sentido y accionado al servicio de la humanidad y la conciencia. Nacemos en tiempos precisos donde la luz y el recuerdo de nuestra grandeza, empiezan a resplandecer; es por eso que nuestro proyecto se enfoca y especializa en contribuir con informaci\u00f3n y conocimiento de los arquetipos originales y el lenguaje de la geometr\u00eda sagrada.\",\"publishingPrinciples\":\"https:\/\/artesagrado.com.mx\/conoce-a-arte-sagrado\/\"}]}<\/script>\n<meta property=\"og:availability\" content=\"instock\" \/>\n<meta property=\"product:availability\" content=\"instock\" \/>\n<meta property=\"product:condition\" content=\"new\" \/>\n<!-- \/ Yoast SEO Premium plugin. -->","yoast_head_json":{"title":"Collar Mini Org\u00f3n Bicolor Vesica Piscis en Plata 0.925 con Aventurina Azul, Phosphosiderite y Swarovski &#8902; Arte Sagrado","description":"Collar Mini Org\u00f3n Bicolor Vesica Piscis en Plata 0.925 con Aventurina Azul, Phosphosiderite y Swarovski, combinaci\u00f3n de sanaci\u00f3n emocional y espiritual.","robots":{"index":"index","follow":"follow","max-snippet":"max-snippet:-1","max-image-preview":"max-image-preview:large","max-video-preview":"max-video-preview:-1"},"canonical":"https:\/\/artesagrado.com.mx\/en\/product\/collar-mini-orgon-bicolor-vesica-piscis-en-plata-0-925-con-aventurina-azul-phosphosiderite-y-swarovski\/","og_locale":"en_US","og_type":"article","og_title":"Collar Mini Org\u00f3n Bicolor Vesica Piscis en Plata 0.925 con Aventurina Azul, Phosphosiderite y Swarovski","og_description":"Descubre la colecci\u00f3n de productos de Arte Sagrado M\u00e9xico: joyer\u00eda y dispositivos energ\u00e9ticos elaborados con geometr\u00eda sagrada y tecnolog\u00eda Org\u00f3n para equilibrar y armonizar tu vida.","og_url":"https:\/\/artesagrado.com.mx\/en\/product\/collar-mini-orgon-bicolor-vesica-piscis-en-plata-0-925-con-aventurina-azul-phosphosiderite-y-swarovski\/","og_site_name":"Arte Sagrado","article_publisher":"https:\/\/www.facebook.com\/ArteSagradoMexico","article_modified_time":"2026-01-22T22:30:42+00:00","og_image":[{"width":1000,"height":1000,"url":"https:\/\/artesagrado.com.mx\/wp-content\/uploads\/2025\/11\/Collar-Mini-Orgon-Bicolor-Vesica-Piscis-en-Plata-0.925-con-Aventurina-Azul-Phosphosiderite-y-Swarovski_3.webp","type":"image\/webp"}],"twitter_card":"summary_large_image","twitter_misc":{"Availability":"In stock"},"schema":{"@context":"https:\/\/schema.org","@graph":[{"@type":"WebPage","@id":"https:\/\/artesagrado.com.mx\/producto\/collar-mini-orgon-bicolor-vesica-piscis-en-plata-0-925-con-aventurina-azul-phosphosiderite-y-swarovski\/","url":"https:\/\/artesagrado.com.mx\/producto\/collar-mini-orgon-bicolor-vesica-piscis-en-plata-0-925-con-aventurina-azul-phosphosiderite-y-swarovski\/","name":"Collar Mini Org\u00f3n Bicolor Vesica Piscis en Plata 0.925 con Aventurina Azul, Phosphosiderite y Swarovski &#8902; Arte Sagrado","isPartOf":{"@id":"https:\/\/artesagrado.com.mx\/#website"},"primaryImageOfPage":{"@id":"https:\/\/artesagrado.com.mx\/producto\/collar-mini-orgon-bicolor-vesica-piscis-en-plata-0-925-con-aventurina-azul-phosphosiderite-y-swarovski\/#primaryimage"},"image":{"@id":"https:\/\/artesagrado.com.mx\/producto\/collar-mini-orgon-bicolor-vesica-piscis-en-plata-0-925-con-aventurina-azul-phosphosiderite-y-swarovski\/#primaryimage"},"thumbnailUrl":"https:\/\/artesagrado.com.mx\/wp-content\/uploads\/2025\/11\/Collar-Mini-Orgon-Bicolor-Vesica-Piscis-en-Plata-0.925-con-Aventurina-Azul-Phosphosiderite-y-Swarovski_3.webp","datePublished":"2025-11-28T17:36:57+00:00","dateModified":"2026-01-22T22:30:42+00:00","description":"Collar Mini Org\u00f3n Bicolor Vesica Piscis en Plata 0.925 con Aventurina Azul, Phosphosiderite y Swarovski, combinaci\u00f3n de sanaci\u00f3n emocional y espiritual.","breadcrumb":{"@id":"https:\/\/artesagrado.com.mx\/producto\/collar-mini-orgon-bicolor-vesica-piscis-en-plata-0-925-con-aventurina-azul-phosphosiderite-y-swarovski\/#breadcrumb"},"inLanguage":"en-US","potentialAction":[{"@type":"ReadAction","target":["https:\/\/artesagrado.com.mx\/producto\/collar-mini-orgon-bicolor-vesica-piscis-en-plata-0-925-con-aventurina-azul-phosphosiderite-y-swarovski\/"]}]},{"@type":"ImageObject","inLanguage":"en-US","@id":"https:\/\/artesagrado.com.mx\/producto\/collar-mini-orgon-bicolor-vesica-piscis-en-plata-0-925-con-aventurina-azul-phosphosiderite-y-swarovski\/#primaryimage","url":"https:\/\/artesagrado.com.mx\/wp-content\/uploads\/2025\/11\/Collar-Mini-Orgon-Bicolor-Vesica-Piscis-en-Plata-0.925-con-Aventurina-Azul-Phosphosiderite-y-Swarovski_3.webp","contentUrl":"https:\/\/artesagrado.com.mx\/wp-content\/uploads\/2025\/11\/Collar-Mini-Orgon-Bicolor-Vesica-Piscis-en-Plata-0.925-con-Aventurina-Azul-Phosphosiderite-y-Swarovski_3.webp","width":1000,"height":1000},{"@type":"BreadcrumbList","@id":"https:\/\/artesagrado.com.mx\/producto\/collar-mini-orgon-bicolor-vesica-piscis-en-plata-0-925-con-aventurina-azul-phosphosiderite-y-swarovski\/#breadcrumb","itemListElement":[{"@type":"ListItem","position":1,"name":"Portada","item":"https:\/\/artesagrado.com.mx\/"},{"@type":"ListItem","position":2,"name":"Tienda","item":"https:\/\/artesagrado.com.mx\/tienda\/"},{"@type":"ListItem","position":3,"name":"Collar Mini Org\u00f3n Bicolor Vesica Piscis en Plata 0.925 con Aventurina Azul, Phosphosiderite y Swarovski"}]},{"@type":"WebSite","@id":"https:\/\/artesagrado.com.mx\/#website","url":"https:\/\/artesagrado.com.mx\/","name":"Arte Sagrado","description":"Empoderando tu ser","publisher":{"@id":"https:\/\/artesagrado.com.mx\/#organization"},"alternateName":"Arte Sagrado M\u00e9xico","potentialAction":[{"@type":"SearchAction","target":{"@type":"EntryPoint","urlTemplate":"https:\/\/artesagrado.com.mx\/?s={search_term_string}"},"query-input":{"@type":"PropertyValueSpecification","valueRequired":true,"valueName":"search_term_string"}}],"inLanguage":"en-US"},{"@type":"Organization","@id":"https:\/\/artesagrado.com.mx\/#organization","name":"Arte Sagrado","alternateName":"Arte Sagrado M\u00e9xico","url":"https:\/\/artesagrado.com.mx\/","logo":{"@type":"ImageObject","inLanguage":"en-US","@id":"https:\/\/artesagrado.com.mx\/#\/schema\/logo\/image\/","url":"https:\/\/artesagrado.com.mx\/wp-content\/uploads\/2024\/07\/portada_cuadrada_base_arte-sagrado.webp","contentUrl":"https:\/\/artesagrado.com.mx\/wp-content\/uploads\/2024\/07\/portada_cuadrada_base_arte-sagrado.webp","width":1000,"height":1000,"caption":"Arte Sagrado"},"image":{"@id":"https:\/\/artesagrado.com.mx\/#\/schema\/logo\/image\/"},"sameAs":["https:\/\/www.facebook.com\/ArteSagradoMexico","https:\/\/www.instagram.com\/arte_sagrado_oficial\/","https:\/\/www.tiktok.com\/@arte_sagrado_oficial"],"description":"Arte Sagrado\u00ae es un proyecto pensado, sentido y accionado al servicio de la humanidad y la conciencia. Nacemos en tiempos precisos donde la luz y el recuerdo de nuestra grandeza, empiezan a resplandecer; es por eso que nuestro proyecto se enfoca y especializa en contribuir con informaci\u00f3n y conocimiento de los arquetipos originales y el lenguaje de la geometr\u00eda sagrada.","publishingPrinciples":"https:\/\/artesagrado.com.mx\/conoce-a-arte-sagrado\/"}]},"og_availability":"instock","product_availability":"instock","product_condition":"new"},"jetpack_sharing_enabled":true,"_links":{"self":[{"href":"https:\/\/artesagrado.com.mx\/en\/wp-json\/wp\/v2\/product\/46997","targetHints":{"allow":["GET"]}}],"collection":[{"href":"https:\/\/artesagrado.com.mx\/en\/wp-json\/wp\/v2\/product"}],"about":[{"href":"https:\/\/artesagrado.com.mx\/en\/wp-json\/wp\/v2\/types\/product"}],"replies":[{"embeddable":true,"href":"https:\/\/artesagrado.com.mx\/en\/wp-json\/wp\/v2\/comments?post=46997"}],"wp:featuredmedia":[{"embeddable":true,"href":"https:\/\/artesagrado.com.mx\/en\/wp-json\/wp\/v2\/media\/47027"}],"wp:attachment":[{"href":"https:\/\/artesagrado.com.mx\/en\/wp-json\/wp\/v2\/media?parent=46997"}],"wp:term":[{"taxonomy":"astrologia","embeddable":true,"href":"https:\/\/artesagrado.com.mx\/en\/wp-json\/wp\/v2\/astrologia?post=46997"},{"taxonomy":"coleccion","embeddable":true,"href":"https:\/\/artesagrado.com.mx\/en\/wp-json\/wp\/v2\/coleccion?post=46997"},{"taxonomy":"joyeria","embeddable":true,"href":"https:\/\/artesagrado.com.mx\/en\/wp-json\/wp\/v2\/joyeria?post=46997"},{"taxonomy":"linea","embeddable":true,"href":"https:\/\/artesagrado.com.mx\/en\/wp-json\/wp\/v2\/linea?post=46997"},{"taxonomy":"material","embeddable":true,"href":"https:\/\/artesagrado.com.mx\/en\/wp-json\/wp\/v2\/material?post=46997"},{"taxonomy":"orgonita","embeddable":true,"href":"https:\/\/artesagrado.com.mx\/en\/wp-json\/wp\/v2\/orgonita?post=46997"},{"taxonomy":"piedra","embeddable":true,"href":"https:\/\/artesagrado.com.mx\/en\/wp-json\/wp\/v2\/piedra?post=46997"},{"taxonomy":"proposito","embeddable":true,"href":"https:\/\/artesagrado.com.mx\/en\/wp-json\/wp\/v2\/proposito?post=46997"},{"taxonomy":"simbolo","embeddable":true,"href":"https:\/\/artesagrado.com.mx\/en\/wp-json\/wp\/v2\/simbolo?post=46997"},{"taxonomy":"tamano","embeddable":true,"href":"https:\/\/artesagrado.com.mx\/en\/wp-json\/wp\/v2\/tamano?post=46997"},{"taxonomy":"visibilidad-producto-nuevo","embeddable":true,"href":"https:\/\/artesagrado.com.mx\/en\/wp-json\/wp\/v2\/visibilidad-producto-nuevo?post=46997"},{"taxonomy":"product_brand","embeddable":true,"href":"https:\/\/artesagrado.com.mx\/en\/wp-json\/wp\/v2\/product_brand?post=46997"},{"taxonomy":"product_cat","embeddable":true,"href":"https:\/\/artesagrado.com.mx\/en\/wp-json\/wp\/v2\/product_cat?post=46997"},{"taxonomy":"product_tag","embeddable":true,"href":"https:\/\/artesagrado.com.mx\/en\/wp-json\/wp\/v2\/product_tag?post=46997"}],"curies":[{"name":"wp","href":"https:\/\/api.w.org\/{rel}","templated":true}]}}