{"id":47196,"date":"2025-12-02T19:05:53","date_gmt":"2025-12-03T01:05:53","guid":{"rendered":"https:\/\/artesagrado.com.mx\/?post_type=product&#038;p=47196"},"modified":"2026-01-22T16:28:58","modified_gmt":"2026-01-22T22:28:58","slug":"bisturi-energetico-de-cobre-con-punta-de-varios-cuarzos","status":"publish","type":"product","link":"https:\/\/artesagrado.com.mx\/en\/product\/bisturi-energetico-de-cobre-con-punta-de-varios-cuarzos\/","title":{"rendered":"Copper Energy Scalpel with Multiple Quartz Tips"},"content":{"rendered":"<p>Ideal work for energetic, quantum operations.<\/p>\n<p>Escritura de decretos y sellos.<br \/>\nEn una presentaci\u00f3n muy discreta y c\u00f3moda. Se puede guardar en el bolsillo.<\/p>\n<p><\/p>\n<p>The <strong>Pink Quartz <\/strong>It is a stone of unconditional love and infinite peace, and it is the most important stone for the heart, as it manifests the true essence of love; it purifies and opens the heart on all levels.<\/p>\n<p>It brings deep communication, calms and increases self-confidence and self-assurance.<\/p>\n<p>Rose Quartz gently extracts negative energy and replaces it with more subtle and loving energy vibrations, it is an excellent transmuter of unexpressed emotions.<\/p>\n<p>In health Rose Quartz strengthens the physical heart and circulatory system, stimulates the thymus gland. It helps in cases of Alzheimer's disease, Parkinson's disease and senile dementia.<\/p>\n<p><\/p>\n<p class=\"translation-block\"><b>Amethyst<\/b><span style=\"font-weight: 400\"> is an extraordinarily powerful and protective stone, with a high spiritual vibration as it promotes love for the divine.<\/span><\/p>\n<p>It protects from psychic attack, transmuting energy into love, it is a natural tranquilizer and beneficial for the mind, relaxing or stimulating as needed, which is why it is recommended in cases of overactive mind or insomnia.<\/p>\n<p>On a mental level: It is highly recommended to meditate and work with the sixth chakra, related to the third eye, as it opens the intuition, facilitating decision making.<\/p>\n<p>Emotionally: Dispels anger, rage, fear and anxiety; Relieves sadness and grief, as it helps to integrate losses.<\/p>\n<p>On a physical level: It boosts hormone production, relieves pain and relaxes muscle tension, promotes wound healing, aids in ear disorders and swelling, helps heal lung and respiratory tract diseases, as well as cellular and digestive system disorders.<\/p>\n<p>At the energetic level: It cleanses the aura and transmutes negative energy, stimulating the chakras; It enhances spiritual awareness and blocks negative energies and geopathic tensions.<\/p>\n<p><\/p>\n<p>The <strong>Tiger Eye<\/strong> combines the energy of the earth and the sun, integrates the cerebral hemispheres and anchors the high vibrational energy stimulating the ascent of the kundalini energy.<\/p>\n<p>It helps to achieve our goals, recognizing our inner strength, helps fight depression and elevates mood.<\/p>\n<p>It energizes the emotional body, improves vision, soothes the throat and is ideal for the Root, throat and Solar Plexus chakra.<\/p>","protected":false},"excerpt":{"rendered":"<p><strong>Copper Energy Scalpel with Multiple Quartz Tips: Amethyst, Rose Quartz, and Tiger's Eye<\/strong><\/p>\n<p><stong>Copper, Quartz, Orgone<\/strong><\/p>\n<p><b>Orgone Power: Personal and Projected<\/b><\/p>\n<ul>\n<li>Copper Rod<\/li>\n<li>Copper, resin, and quartz machinery inside<\/li>\n<\/ul>\n<p>NOTE: Due to their nature, some of the pieces that make up this work of power may vary in detail, tone and color.<\/p>","protected":false},"featured_media":47197,"comment_status":"open","ping_status":"closed","template":"","meta":{"_acf_changed":false,"site-sidebar-layout":"default","site-content-layout":"","ast-site-content-layout":"default","site-content-style":"default","site-sidebar-style":"default","ast-global-header-display":"","ast-banner-title-visibility":"","ast-main-header-display":"","ast-hfb-above-header-display":"","ast-hfb-below-header-display":"","ast-hfb-mobile-header-display":"","site-post-title":"","ast-breadcrumbs-content":"","ast-featured-img":"","footer-sml-layout":"","ast-disable-related-posts":"","theme-transparent-header-meta":"default","adv-header-id-meta":"","stick-header-meta":"","header-above-stick-meta":"","header-main-stick-meta":"","header-below-stick-meta":"","astra-migrate-meta-layouts":"set","ast-page-background-enabled":"default","ast-page-background-meta":{"desktop":{"background-color":"var(--ast-global-color-4)","background-image":"","background-repeat":"repeat","background-position":"center center","background-size":"auto","background-attachment":"scroll","background-type":"","background-media":"","overlay-type":"","overlay-color":"","overlay-opacity":"","overlay-gradient":""},"tablet":{"background-color":"","background-image":"","background-repeat":"repeat","background-position":"center center","background-size":"auto","background-attachment":"scroll","background-type":"","background-media":"","overlay-type":"","overlay-color":"","overlay-opacity":"","overlay-gradient":""},"mobile":{"background-color":"","background-image":"","background-repeat":"repeat","background-position":"center center","background-size":"auto","background-attachment":"scroll","background-type":"","background-media":"","overlay-type":"","overlay-color":"","overlay-opacity":"","overlay-gradient":""}},"ast-content-background-meta":{"desktop":{"background-color":"var(--ast-global-color-5)","background-image":"","background-repeat":"repeat","background-position":"center center","background-size":"auto","background-attachment":"scroll","background-type":"","background-media":"","overlay-type":"","overlay-color":"","overlay-opacity":"","overlay-gradient":""},"tablet":{"background-color":"var(--ast-global-color-5)","background-image":"","background-repeat":"repeat","background-position":"center center","background-size":"auto","background-attachment":"scroll","background-type":"","background-media":"","overlay-type":"","overlay-color":"","overlay-opacity":"","overlay-gradient":""},"mobile":{"background-color":"var(--ast-global-color-5)","background-image":"","background-repeat":"repeat","background-position":"center center","background-size":"auto","background-attachment":"scroll","background-type":"","background-media":"","overlay-type":"","overlay-color":"","overlay-opacity":"","overlay-gradient":""}},"_joinchat":[]},"astrologia":[],"coleccion":[],"joyeria":[],"linea":[],"material":[2229,2342],"orgonita":[2548,1604],"piedra":[864,879,894],"proposito":[1989,2065,2215,692,1780],"simbolo":[],"tamano":[],"visibilidad-producto-nuevo":[],"product_brand":[],"product_cat":[1610],"product_tag":[],"class_list":{"0":"post-47196","1":"product","2":"type-product","3":"status-publish","4":"has-post-thumbnail","6":"material-cobre","7":"material-cuarzo","8":"orgonita-bisturi-energetico","9":"orgonita-potenciadores","10":"piedra-amatista","11":"piedra-cuarzo-rosa","12":"piedra-ojo-de-tigre","13":"proposito-conexion-con-la-tierra","14":"proposito-conexion-espiritual","15":"proposito-creacion","16":"proposito-intuicion","17":"proposito-manifestacion","18":"product_cat-orgonitas","19":"pa_cuarzos-amatista","20":"pa_cuarzos-cuarzo-rosa","21":"pa_cuarzos-ojo-de-tigre","22":"desktop-align-left","23":"tablet-align-left","24":"mobile-align-left","26":"first","27":"instock","28":"shipping-taxable","29":"purchasable","30":"product-type-variable","31":"wvs-archive-product-wrapper"},"acf":[],"yoast_head":"<!-- This site is optimized with the Yoast SEO Premium plugin v24.9 (Yoast SEO v24.9) - https:\/\/yoast.com\/wordpress\/plugins\/seo\/ -->\n<title>Bisturi\u0301 Energe\u0301tico de Cobre con Punta de Varios Cuarzos &#8902; Arte Sagrado<\/title>\n<meta name=\"description\" content=\"Bistur\u00ed Energ\u00e9tico de Cobre con Punta de Varios Cuarzos canaliza energ\u00eda multivibracional para armonizar y equilibrar todos los centros energ\u00e9ticos.\" \/>\n<meta name=\"robots\" content=\"index, follow, max-snippet:-1, max-image-preview:large, max-video-preview:-1\" \/>\n<link rel=\"canonical\" href=\"https:\/\/artesagrado.com.mx\/en\/product\/bisturi-energetico-de-cobre-con-punta-de-varios-cuarzos\/\" \/>\n<meta property=\"og:locale\" content=\"en_US\" \/>\n<meta property=\"og:type\" content=\"article\" \/>\n<meta property=\"og:title\" content=\"Bisturi\u0301 Energe\u0301tico de Cobre con Punta de Varios Cuarzos\" \/>\n<meta property=\"og:description\" content=\"Descubre la colecci\u00f3n de productos de Arte Sagrado M\u00e9xico: joyer\u00eda y dispositivos energ\u00e9ticos elaborados con geometr\u00eda sagrada y tecnolog\u00eda Org\u00f3n para equilibrar y armonizar tu vida.\" \/>\n<meta property=\"og:url\" content=\"https:\/\/artesagrado.com.mx\/en\/product\/bisturi-energetico-de-cobre-con-punta-de-varios-cuarzos\/\" \/>\n<meta property=\"og:site_name\" content=\"Arte Sagrado\" \/>\n<meta property=\"article:publisher\" content=\"https:\/\/www.facebook.com\/ArteSagradoMexico\" \/>\n<meta property=\"article:modified_time\" content=\"2026-01-22T22:28:58+00:00\" \/>\n<meta property=\"og:image\" content=\"https:\/\/artesagrado.com.mx\/wp-content\/uploads\/2025\/12\/Bisturi-Energetico-de-Cobre-varios-cuarzos_1.webp\" \/>\n\t<meta property=\"og:image:width\" content=\"1000\" \/>\n\t<meta property=\"og:image:height\" content=\"1000\" \/>\n\t<meta property=\"og:image:type\" content=\"image\/webp\" \/>\n<meta name=\"twitter:card\" content=\"summary_large_image\" \/>\n<meta name=\"twitter:label1\" content=\"Availability\" \/>\n\t<meta name=\"twitter:data1\" content=\"In stock\" \/>\n<script type=\"application\/ld+json\" class=\"yoast-schema-graph\">{\"@context\":\"https:\/\/schema.org\",\"@graph\":[{\"@type\":\"WebPage\",\"@id\":\"https:\/\/artesagrado.com.mx\/producto\/bisturi-energetico-de-cobre-con-punta-de-varios-cuarzos\/\",\"url\":\"https:\/\/artesagrado.com.mx\/producto\/bisturi-energetico-de-cobre-con-punta-de-varios-cuarzos\/\",\"name\":\"Bisturi\u0301 Energe\u0301tico de Cobre con Punta de Varios Cuarzos &#8902; Arte Sagrado\",\"isPartOf\":{\"@id\":\"https:\/\/artesagrado.com.mx\/#website\"},\"primaryImageOfPage\":{\"@id\":\"https:\/\/artesagrado.com.mx\/producto\/bisturi-energetico-de-cobre-con-punta-de-varios-cuarzos\/#primaryimage\"},\"image\":{\"@id\":\"https:\/\/artesagrado.com.mx\/producto\/bisturi-energetico-de-cobre-con-punta-de-varios-cuarzos\/#primaryimage\"},\"thumbnailUrl\":\"https:\/\/artesagrado.com.mx\/wp-content\/uploads\/2025\/12\/Bisturi-Energetico-de-Cobre-varios-cuarzos_1.webp\",\"datePublished\":\"2025-12-03T01:05:53+00:00\",\"dateModified\":\"2026-01-22T22:28:58+00:00\",\"description\":\"Bistur\u00ed Energ\u00e9tico de Cobre con Punta de Varios Cuarzos canaliza energ\u00eda multivibracional para armonizar y equilibrar todos los centros energ\u00e9ticos.\",\"breadcrumb\":{\"@id\":\"https:\/\/artesagrado.com.mx\/producto\/bisturi-energetico-de-cobre-con-punta-de-varios-cuarzos\/#breadcrumb\"},\"inLanguage\":\"en-US\",\"potentialAction\":[{\"@type\":\"ReadAction\",\"target\":[\"https:\/\/artesagrado.com.mx\/producto\/bisturi-energetico-de-cobre-con-punta-de-varios-cuarzos\/\"]}]},{\"@type\":\"ImageObject\",\"inLanguage\":\"en-US\",\"@id\":\"https:\/\/artesagrado.com.mx\/producto\/bisturi-energetico-de-cobre-con-punta-de-varios-cuarzos\/#primaryimage\",\"url\":\"https:\/\/artesagrado.com.mx\/wp-content\/uploads\/2025\/12\/Bisturi-Energetico-de-Cobre-varios-cuarzos_1.webp\",\"contentUrl\":\"https:\/\/artesagrado.com.mx\/wp-content\/uploads\/2025\/12\/Bisturi-Energetico-de-Cobre-varios-cuarzos_1.webp\",\"width\":1000,\"height\":1000},{\"@type\":\"BreadcrumbList\",\"@id\":\"https:\/\/artesagrado.com.mx\/producto\/bisturi-energetico-de-cobre-con-punta-de-varios-cuarzos\/#breadcrumb\",\"itemListElement\":[{\"@type\":\"ListItem\",\"position\":1,\"name\":\"Portada\",\"item\":\"https:\/\/artesagrado.com.mx\/\"},{\"@type\":\"ListItem\",\"position\":2,\"name\":\"Tienda\",\"item\":\"https:\/\/artesagrado.com.mx\/tienda\/\"},{\"@type\":\"ListItem\",\"position\":3,\"name\":\"Bisturi\u0301 Energe\u0301tico de Cobre con Punta de Varios Cuarzos\"}]},{\"@type\":\"WebSite\",\"@id\":\"https:\/\/artesagrado.com.mx\/#website\",\"url\":\"https:\/\/artesagrado.com.mx\/\",\"name\":\"Arte Sagrado\",\"description\":\"Empoderando tu ser\",\"publisher\":{\"@id\":\"https:\/\/artesagrado.com.mx\/#organization\"},\"alternateName\":\"Arte Sagrado M\u00e9xico\",\"potentialAction\":[{\"@type\":\"SearchAction\",\"target\":{\"@type\":\"EntryPoint\",\"urlTemplate\":\"https:\/\/artesagrado.com.mx\/?s={search_term_string}\"},\"query-input\":{\"@type\":\"PropertyValueSpecification\",\"valueRequired\":true,\"valueName\":\"search_term_string\"}}],\"inLanguage\":\"en-US\"},{\"@type\":\"Organization\",\"@id\":\"https:\/\/artesagrado.com.mx\/#organization\",\"name\":\"Arte Sagrado\",\"alternateName\":\"Arte Sagrado M\u00e9xico\",\"url\":\"https:\/\/artesagrado.com.mx\/\",\"logo\":{\"@type\":\"ImageObject\",\"inLanguage\":\"en-US\",\"@id\":\"https:\/\/artesagrado.com.mx\/#\/schema\/logo\/image\/\",\"url\":\"https:\/\/artesagrado.com.mx\/wp-content\/uploads\/2024\/07\/portada_cuadrada_base_arte-sagrado.webp\",\"contentUrl\":\"https:\/\/artesagrado.com.mx\/wp-content\/uploads\/2024\/07\/portada_cuadrada_base_arte-sagrado.webp\",\"width\":1000,\"height\":1000,\"caption\":\"Arte Sagrado\"},\"image\":{\"@id\":\"https:\/\/artesagrado.com.mx\/#\/schema\/logo\/image\/\"},\"sameAs\":[\"https:\/\/www.facebook.com\/ArteSagradoMexico\",\"https:\/\/www.instagram.com\/arte_sagrado_oficial\/\",\"https:\/\/www.tiktok.com\/@arte_sagrado_oficial\"],\"description\":\"Arte Sagrado\u00ae es un proyecto pensado, sentido y accionado al servicio de la humanidad y la conciencia. Nacemos en tiempos precisos donde la luz y el recuerdo de nuestra grandeza, empiezan a resplandecer; es por eso que nuestro proyecto se enfoca y especializa en contribuir con informaci\u00f3n y conocimiento de los arquetipos originales y el lenguaje de la geometr\u00eda sagrada.\",\"publishingPrinciples\":\"https:\/\/artesagrado.com.mx\/conoce-a-arte-sagrado\/\"}]}<\/script>\n<meta property=\"og:availability\" content=\"instock\" \/>\n<meta property=\"product:availability\" content=\"instock\" \/>\n<meta property=\"product:condition\" content=\"new\" \/>\n<!-- \/ Yoast SEO Premium plugin. -->","yoast_head_json":{"title":"Bisturi\u0301 Energe\u0301tico de Cobre con Punta de Varios Cuarzos &#8902; Arte Sagrado","description":"Bistur\u00ed Energ\u00e9tico de Cobre con Punta de Varios Cuarzos canaliza energ\u00eda multivibracional para armonizar y equilibrar todos los centros energ\u00e9ticos.","robots":{"index":"index","follow":"follow","max-snippet":"max-snippet:-1","max-image-preview":"max-image-preview:large","max-video-preview":"max-video-preview:-1"},"canonical":"https:\/\/artesagrado.com.mx\/en\/product\/bisturi-energetico-de-cobre-con-punta-de-varios-cuarzos\/","og_locale":"en_US","og_type":"article","og_title":"Bisturi\u0301 Energe\u0301tico de Cobre con Punta de Varios Cuarzos","og_description":"Descubre la colecci\u00f3n de productos de Arte Sagrado M\u00e9xico: joyer\u00eda y dispositivos energ\u00e9ticos elaborados con geometr\u00eda sagrada y tecnolog\u00eda Org\u00f3n para equilibrar y armonizar tu vida.","og_url":"https:\/\/artesagrado.com.mx\/en\/product\/bisturi-energetico-de-cobre-con-punta-de-varios-cuarzos\/","og_site_name":"Arte Sagrado","article_publisher":"https:\/\/www.facebook.com\/ArteSagradoMexico","article_modified_time":"2026-01-22T22:28:58+00:00","og_image":[{"width":1000,"height":1000,"url":"https:\/\/artesagrado.com.mx\/wp-content\/uploads\/2025\/12\/Bisturi-Energetico-de-Cobre-varios-cuarzos_1.webp","type":"image\/webp"}],"twitter_card":"summary_large_image","twitter_misc":{"Availability":"In stock"},"schema":{"@context":"https:\/\/schema.org","@graph":[{"@type":"WebPage","@id":"https:\/\/artesagrado.com.mx\/producto\/bisturi-energetico-de-cobre-con-punta-de-varios-cuarzos\/","url":"https:\/\/artesagrado.com.mx\/producto\/bisturi-energetico-de-cobre-con-punta-de-varios-cuarzos\/","name":"Bisturi\u0301 Energe\u0301tico de Cobre con Punta de Varios Cuarzos &#8902; Arte Sagrado","isPartOf":{"@id":"https:\/\/artesagrado.com.mx\/#website"},"primaryImageOfPage":{"@id":"https:\/\/artesagrado.com.mx\/producto\/bisturi-energetico-de-cobre-con-punta-de-varios-cuarzos\/#primaryimage"},"image":{"@id":"https:\/\/artesagrado.com.mx\/producto\/bisturi-energetico-de-cobre-con-punta-de-varios-cuarzos\/#primaryimage"},"thumbnailUrl":"https:\/\/artesagrado.com.mx\/wp-content\/uploads\/2025\/12\/Bisturi-Energetico-de-Cobre-varios-cuarzos_1.webp","datePublished":"2025-12-03T01:05:53+00:00","dateModified":"2026-01-22T22:28:58+00:00","description":"Bistur\u00ed Energ\u00e9tico de Cobre con Punta de Varios Cuarzos canaliza energ\u00eda multivibracional para armonizar y equilibrar todos los centros energ\u00e9ticos.","breadcrumb":{"@id":"https:\/\/artesagrado.com.mx\/producto\/bisturi-energetico-de-cobre-con-punta-de-varios-cuarzos\/#breadcrumb"},"inLanguage":"en-US","potentialAction":[{"@type":"ReadAction","target":["https:\/\/artesagrado.com.mx\/producto\/bisturi-energetico-de-cobre-con-punta-de-varios-cuarzos\/"]}]},{"@type":"ImageObject","inLanguage":"en-US","@id":"https:\/\/artesagrado.com.mx\/producto\/bisturi-energetico-de-cobre-con-punta-de-varios-cuarzos\/#primaryimage","url":"https:\/\/artesagrado.com.mx\/wp-content\/uploads\/2025\/12\/Bisturi-Energetico-de-Cobre-varios-cuarzos_1.webp","contentUrl":"https:\/\/artesagrado.com.mx\/wp-content\/uploads\/2025\/12\/Bisturi-Energetico-de-Cobre-varios-cuarzos_1.webp","width":1000,"height":1000},{"@type":"BreadcrumbList","@id":"https:\/\/artesagrado.com.mx\/producto\/bisturi-energetico-de-cobre-con-punta-de-varios-cuarzos\/#breadcrumb","itemListElement":[{"@type":"ListItem","position":1,"name":"Portada","item":"https:\/\/artesagrado.com.mx\/"},{"@type":"ListItem","position":2,"name":"Tienda","item":"https:\/\/artesagrado.com.mx\/tienda\/"},{"@type":"ListItem","position":3,"name":"Bisturi\u0301 Energe\u0301tico de Cobre con Punta de Varios Cuarzos"}]},{"@type":"WebSite","@id":"https:\/\/artesagrado.com.mx\/#website","url":"https:\/\/artesagrado.com.mx\/","name":"Arte Sagrado","description":"Empoderando tu ser","publisher":{"@id":"https:\/\/artesagrado.com.mx\/#organization"},"alternateName":"Arte Sagrado M\u00e9xico","potentialAction":[{"@type":"SearchAction","target":{"@type":"EntryPoint","urlTemplate":"https:\/\/artesagrado.com.mx\/?s={search_term_string}"},"query-input":{"@type":"PropertyValueSpecification","valueRequired":true,"valueName":"search_term_string"}}],"inLanguage":"en-US"},{"@type":"Organization","@id":"https:\/\/artesagrado.com.mx\/#organization","name":"Arte Sagrado","alternateName":"Arte Sagrado M\u00e9xico","url":"https:\/\/artesagrado.com.mx\/","logo":{"@type":"ImageObject","inLanguage":"en-US","@id":"https:\/\/artesagrado.com.mx\/#\/schema\/logo\/image\/","url":"https:\/\/artesagrado.com.mx\/wp-content\/uploads\/2024\/07\/portada_cuadrada_base_arte-sagrado.webp","contentUrl":"https:\/\/artesagrado.com.mx\/wp-content\/uploads\/2024\/07\/portada_cuadrada_base_arte-sagrado.webp","width":1000,"height":1000,"caption":"Arte Sagrado"},"image":{"@id":"https:\/\/artesagrado.com.mx\/#\/schema\/logo\/image\/"},"sameAs":["https:\/\/www.facebook.com\/ArteSagradoMexico","https:\/\/www.instagram.com\/arte_sagrado_oficial\/","https:\/\/www.tiktok.com\/@arte_sagrado_oficial"],"description":"Arte Sagrado\u00ae es un proyecto pensado, sentido y accionado al servicio de la humanidad y la conciencia. Nacemos en tiempos precisos donde la luz y el recuerdo de nuestra grandeza, empiezan a resplandecer; es por eso que nuestro proyecto se enfoca y especializa en contribuir con informaci\u00f3n y conocimiento de los arquetipos originales y el lenguaje de la geometr\u00eda sagrada.","publishingPrinciples":"https:\/\/artesagrado.com.mx\/conoce-a-arte-sagrado\/"}]},"og_availability":"instock","product_availability":"instock","product_condition":"new"},"jetpack_sharing_enabled":true,"_links":{"self":[{"href":"https:\/\/artesagrado.com.mx\/en\/wp-json\/wp\/v2\/product\/47196","targetHints":{"allow":["GET"]}}],"collection":[{"href":"https:\/\/artesagrado.com.mx\/en\/wp-json\/wp\/v2\/product"}],"about":[{"href":"https:\/\/artesagrado.com.mx\/en\/wp-json\/wp\/v2\/types\/product"}],"replies":[{"embeddable":true,"href":"https:\/\/artesagrado.com.mx\/en\/wp-json\/wp\/v2\/comments?post=47196"}],"wp:featuredmedia":[{"embeddable":true,"href":"https:\/\/artesagrado.com.mx\/en\/wp-json\/wp\/v2\/media\/47197"}],"wp:attachment":[{"href":"https:\/\/artesagrado.com.mx\/en\/wp-json\/wp\/v2\/media?parent=47196"}],"wp:term":[{"taxonomy":"astrologia","embeddable":true,"href":"https:\/\/artesagrado.com.mx\/en\/wp-json\/wp\/v2\/astrologia?post=47196"},{"taxonomy":"coleccion","embeddable":true,"href":"https:\/\/artesagrado.com.mx\/en\/wp-json\/wp\/v2\/coleccion?post=47196"},{"taxonomy":"joyeria","embeddable":true,"href":"https:\/\/artesagrado.com.mx\/en\/wp-json\/wp\/v2\/joyeria?post=47196"},{"taxonomy":"linea","embeddable":true,"href":"https:\/\/artesagrado.com.mx\/en\/wp-json\/wp\/v2\/linea?post=47196"},{"taxonomy":"material","embeddable":true,"href":"https:\/\/artesagrado.com.mx\/en\/wp-json\/wp\/v2\/material?post=47196"},{"taxonomy":"orgonita","embeddable":true,"href":"https:\/\/artesagrado.com.mx\/en\/wp-json\/wp\/v2\/orgonita?post=47196"},{"taxonomy":"piedra","embeddable":true,"href":"https:\/\/artesagrado.com.mx\/en\/wp-json\/wp\/v2\/piedra?post=47196"},{"taxonomy":"proposito","embeddable":true,"href":"https:\/\/artesagrado.com.mx\/en\/wp-json\/wp\/v2\/proposito?post=47196"},{"taxonomy":"simbolo","embeddable":true,"href":"https:\/\/artesagrado.com.mx\/en\/wp-json\/wp\/v2\/simbolo?post=47196"},{"taxonomy":"tamano","embeddable":true,"href":"https:\/\/artesagrado.com.mx\/en\/wp-json\/wp\/v2\/tamano?post=47196"},{"taxonomy":"visibilidad-producto-nuevo","embeddable":true,"href":"https:\/\/artesagrado.com.mx\/en\/wp-json\/wp\/v2\/visibilidad-producto-nuevo?post=47196"},{"taxonomy":"product_brand","embeddable":true,"href":"https:\/\/artesagrado.com.mx\/en\/wp-json\/wp\/v2\/product_brand?post=47196"},{"taxonomy":"product_cat","embeddable":true,"href":"https:\/\/artesagrado.com.mx\/en\/wp-json\/wp\/v2\/product_cat?post=47196"},{"taxonomy":"product_tag","embeddable":true,"href":"https:\/\/artesagrado.com.mx\/en\/wp-json\/wp\/v2\/product_tag?post=47196"}],"curies":[{"name":"wp","href":"https:\/\/api.w.org\/{rel}","templated":true}]}}