{"id":47250,"date":"2025-12-02T20:12:16","date_gmt":"2025-12-03T02:12:16","guid":{"rendered":"https:\/\/artesagrado.com.mx\/?post_type=product&#038;p=47250"},"modified":"2026-01-22T16:35:52","modified_gmt":"2026-01-22T22:35:52","slug":"pulsera-micro-orgon-flor-de-la-vida-en-plata-0-925-con-piedra-luna-y-perla","status":"publish","type":"product","link":"https:\/\/artesagrado.com.mx\/en\/product\/pulsera-micro-orgon-flor-de-la-vida-en-plata-0-925-con-piedra-luna-y-perla\/","title":{"rendered":"Micro Orgon Flower of Life Bracelet in 0.925 Silver with Moonstone and Pearl"},"content":{"rendered":"<p>Dr. Willheim Reich described the<strong> Orgone<\/strong> as the cosmic energy that is part of all living matter. The name comes from \"organism and orgasm\", which refers to the vital energy and creative power.<\/p>\n<p>An Orgone generator or energy transmuter is a compact and solid structure made to stimulate the piezoelectric properties of its materials and thus attract, accumulate, order and enhance the energy present, transforming the negative and chaotic electromagnetic waves into vital energy, harmonized and in perfect harmony with nature, which is reflected in restorative biological effects, which is why it has been used for therapeutic purposes due to its benefits in a wide range of applications.<\/p>\n<p><\/p>\n<p>The <strong>Flower of Life<\/strong>contains within its proportions each and every aspect of life that exists, every mathematical formula, every law of physics, every musical harmony, every form of life, (including the wonder of the human body) every atom, every cell, every dimensional level; absolutely everything contained in multi-universes of waveforms.<\/p>\n<p>The symbol of the Flower of Life is considered sacred, since within it lies the code of all creation.<\/p>\n<p>The \"Flower of Life\" is undoubtedly the most powerful symbol of Creation.<\/p>\n<p><\/p>\n<p>The <strong>Moonstone<\/strong>, helps us to free ourselves from bad thoughts and energies, to carry out a personal catharsis often necessary to find the balance we are looking for in our lives.<\/p>\n<p>The Moonstone is also related to passionate love, the awakening of intuition, success in business and protection on land and sea, being an ideal element for any frequent traveler.<\/p>\n<p>Moonstone quartz is considered a stone that brings good omens to new couples, and protects their love against future problems or vicissitudes.<\/p>\n<p><\/p>\n<p>The <strong>Pearl<\/strong> brings vitality, emotional and spiritual balance. They are a symbol of patience, high sensitivity, femininity and innocence. They are related to the moon and the feminine aspect, they are often used in night rituals, especially to attract love, money, protection or good luck.<\/p>\n<p>The mystical powers of the pearl make people go inside themselves to find their true self, thus reaching the real meaning of life. <\/p>\n<p>It helps to clear the mind and be more focused and humble. <\/p>\n<p><\/p>\n<p>The <strong>Silver<\/strong> is a bright white metal and is the best electrical conductor among metals. <\/p>\n<p>The shine of this metal symbolizes Moonlight, and as such, it is related to our deepest emotions and can store information about the inner world of the wearer. <\/p>\n<p>It is a powerful protector, as it distributes, neutralizes and eliminates negative energy from any source. It helps to enhance dreams making them more lucid, beneficial and productive.<\/p>\n<p>Being related to the moon and emotions, it stimulates clairvoyance and extrasensory perceptions and is the perfect ally to release negative emotions and tensions.<\/p>","protected":false},"excerpt":{"rendered":"<p><strong>Flower of Life, Silver, Moonstone, Pearl<\/strong><\/p>\n<p>Creamos tu pulsera micro org\u00f3n a trav\u00e9s de 33 procesos artesanales de refinamiento<br \/>\ny energ\u00e9ticos.<\/p>\n<p><b>Orgone Power: Personal<\/b><\/p>\n<ul>\n<li>Orgone 2 cm in diameter and 7 mm thick.<\/li>\n<li>Copper machinery and aluminum or bronze base.<\/li>\n<li>Symbol and details in 0.925 Silver.<\/li>\n<li>Adjustable fabric weave.<\/li>\n<li>Discreet, comfortable, elegant protection.<\/li>\n<\/ul>\n<p>NOTE: Due to their nature, some of the pieces that make up this work of power may vary in detail, tone and color.<\/p>","protected":false},"featured_media":47376,"comment_status":"open","ping_status":"closed","template":"","meta":{"_acf_changed":false,"site-sidebar-layout":"default","site-content-layout":"","ast-site-content-layout":"default","site-content-style":"default","site-sidebar-style":"default","ast-global-header-display":"","ast-banner-title-visibility":"","ast-main-header-display":"","ast-hfb-above-header-display":"","ast-hfb-below-header-display":"","ast-hfb-mobile-header-display":"","site-post-title":"","ast-breadcrumbs-content":"","ast-featured-img":"","footer-sml-layout":"","ast-disable-related-posts":"","theme-transparent-header-meta":"default","adv-header-id-meta":"","stick-header-meta":"","header-above-stick-meta":"","header-main-stick-meta":"","header-below-stick-meta":"","astra-migrate-meta-layouts":"set","ast-page-background-enabled":"default","ast-page-background-meta":{"desktop":{"background-color":"var(--ast-global-color-4)","background-image":"","background-repeat":"repeat","background-position":"center center","background-size":"auto","background-attachment":"scroll","background-type":"","background-media":"","overlay-type":"","overlay-color":"","overlay-opacity":"","overlay-gradient":""},"tablet":{"background-color":"","background-image":"","background-repeat":"repeat","background-position":"center center","background-size":"auto","background-attachment":"scroll","background-type":"","background-media":"","overlay-type":"","overlay-color":"","overlay-opacity":"","overlay-gradient":""},"mobile":{"background-color":"","background-image":"","background-repeat":"repeat","background-position":"center center","background-size":"auto","background-attachment":"scroll","background-type":"","background-media":"","overlay-type":"","overlay-color":"","overlay-opacity":"","overlay-gradient":""}},"ast-content-background-meta":{"desktop":{"background-color":"var(--ast-global-color-5)","background-image":"","background-repeat":"repeat","background-position":"center center","background-size":"auto","background-attachment":"scroll","background-type":"","background-media":"","overlay-type":"","overlay-color":"","overlay-opacity":"","overlay-gradient":""},"tablet":{"background-color":"var(--ast-global-color-5)","background-image":"","background-repeat":"repeat","background-position":"center center","background-size":"auto","background-attachment":"scroll","background-type":"","background-media":"","overlay-type":"","overlay-color":"","overlay-opacity":"","overlay-gradient":""},"mobile":{"background-color":"var(--ast-global-color-5)","background-image":"","background-repeat":"repeat","background-position":"center center","background-size":"auto","background-attachment":"scroll","background-type":"","background-media":"","overlay-type":"","overlay-color":"","overlay-opacity":"","overlay-gradient":""}},"_joinchat":[]},"astrologia":[],"coleccion":[],"joyeria":[1574,1583,1588,1585,2483,1586],"linea":[],"material":[2342,2227,2226],"orgonita":[1633,1609],"piedra":[896,898,901],"proposito":[685,1907,2017,756,1782,1781,1975],"simbolo":[834],"tamano":[808],"visibilidad-producto-nuevo":[2714],"product_brand":[],"product_cat":[1618,1610],"product_tag":[],"class_list":{"0":"post-47250","1":"product","2":"type-product","3":"status-publish","4":"has-post-thumbnail","6":"joyeria-coleccion-joyeria","7":"joyeria-pulseras","8":"joyeria-pulseras-de-cuarzo","9":"joyeria-pulseras-de-plata","10":"joyeria-pulseras-micro-orgon","11":"joyeria-pulseras-tejidas","12":"material-cuarzo","13":"material-plata","14":"material-tela","15":"orgonita-joyeria","16":"orgonita-pulseras-orgon","17":"piedra-perla","18":"piedra-piedra-luna","19":"piedra-plata","20":"proposito-abundancia","21":"proposito-feminidad","22":"proposito-humanismo","23":"proposito-justicia","24":"proposito-paz","25":"proposito-tranquilidad","26":"proposito-union","27":"simbolo-flor-de-la-vida","28":"tamano-micro","29":"product_cat-joyeria","30":"product_cat-orgonitas","31":"desktop-align-left","32":"tablet-align-left","33":"mobile-align-left","35":"first","36":"instock","37":"shipping-taxable","38":"purchasable","39":"product-type-variable","40":"has-default-attributes","41":"wvs-archive-product-wrapper"},"acf":[],"yoast_head":"<!-- This site is optimized with the Yoast SEO Premium plugin v24.9 (Yoast SEO v24.9) - https:\/\/yoast.com\/wordpress\/plugins\/seo\/ -->\n<title>Pulsera Micro Orgon Flor de la Vida en Plata 0.925 con Piedra Luna y Perla &#8902; Arte Sagrado<\/title>\n<meta name=\"description\" content=\"Pulsera Micro Orgon Flor de la Vida en Plata 0.925 con Piedra Luna y Perla, esencia lunar para armon\u00eda emocional y sensibilidad espiritual.\" \/>\n<meta name=\"robots\" content=\"index, follow, max-snippet:-1, max-image-preview:large, max-video-preview:-1\" \/>\n<link rel=\"canonical\" href=\"https:\/\/artesagrado.com.mx\/en\/product\/pulsera-micro-orgon-flor-de-la-vida-en-plata-0-925-con-piedra-luna-y-perla\/\" \/>\n<meta property=\"og:locale\" content=\"en_US\" \/>\n<meta property=\"og:type\" content=\"article\" \/>\n<meta property=\"og:title\" content=\"Pulsera Micro Orgon Flor de la Vida en Plata 0.925 con Piedra Luna y Perla\" \/>\n<meta property=\"og:description\" content=\"Descubre la colecci\u00f3n de productos de Arte Sagrado M\u00e9xico: joyer\u00eda y dispositivos energ\u00e9ticos elaborados con geometr\u00eda sagrada y tecnolog\u00eda Org\u00f3n para equilibrar y armonizar tu vida.\" \/>\n<meta property=\"og:url\" content=\"https:\/\/artesagrado.com.mx\/en\/product\/pulsera-micro-orgon-flor-de-la-vida-en-plata-0-925-con-piedra-luna-y-perla\/\" \/>\n<meta property=\"og:site_name\" content=\"Arte Sagrado\" \/>\n<meta property=\"article:publisher\" content=\"https:\/\/www.facebook.com\/ArteSagradoMexico\" \/>\n<meta property=\"article:modified_time\" content=\"2026-01-22T22:35:52+00:00\" \/>\n<meta property=\"og:image\" content=\"https:\/\/artesagrado.com.mx\/wp-content\/uploads\/2025\/12\/Pulsera-Micro-Orgon-Flor-de-la-Vida-en-Plata-0.925-con-Piedra-Luna-y-Perla_4.webp\" \/>\n\t<meta property=\"og:image:width\" content=\"1000\" \/>\n\t<meta property=\"og:image:height\" content=\"1000\" \/>\n\t<meta property=\"og:image:type\" content=\"image\/webp\" \/>\n<meta name=\"twitter:card\" content=\"summary_large_image\" \/>\n<meta name=\"twitter:label1\" content=\"Availability\" \/>\n\t<meta name=\"twitter:data1\" content=\"In stock\" \/>\n<script type=\"application\/ld+json\" class=\"yoast-schema-graph\">{\"@context\":\"https:\/\/schema.org\",\"@graph\":[{\"@type\":\"WebPage\",\"@id\":\"https:\/\/artesagrado.com.mx\/producto\/pulsera-micro-orgon-flor-de-la-vida-en-plata-0-925-con-piedra-luna-y-perla\/\",\"url\":\"https:\/\/artesagrado.com.mx\/producto\/pulsera-micro-orgon-flor-de-la-vida-en-plata-0-925-con-piedra-luna-y-perla\/\",\"name\":\"Pulsera Micro Orgon Flor de la Vida en Plata 0.925 con Piedra Luna y Perla &#8902; Arte Sagrado\",\"isPartOf\":{\"@id\":\"https:\/\/artesagrado.com.mx\/#website\"},\"primaryImageOfPage\":{\"@id\":\"https:\/\/artesagrado.com.mx\/producto\/pulsera-micro-orgon-flor-de-la-vida-en-plata-0-925-con-piedra-luna-y-perla\/#primaryimage\"},\"image\":{\"@id\":\"https:\/\/artesagrado.com.mx\/producto\/pulsera-micro-orgon-flor-de-la-vida-en-plata-0-925-con-piedra-luna-y-perla\/#primaryimage\"},\"thumbnailUrl\":\"https:\/\/artesagrado.com.mx\/wp-content\/uploads\/2025\/12\/Pulsera-Micro-Orgon-Flor-de-la-Vida-en-Plata-0.925-con-Piedra-Luna-y-Perla_4.webp\",\"datePublished\":\"2025-12-03T02:12:16+00:00\",\"dateModified\":\"2026-01-22T22:35:52+00:00\",\"description\":\"Pulsera Micro Orgon Flor de la Vida en Plata 0.925 con Piedra Luna y Perla, esencia lunar para armon\u00eda emocional y sensibilidad espiritual.\",\"breadcrumb\":{\"@id\":\"https:\/\/artesagrado.com.mx\/producto\/pulsera-micro-orgon-flor-de-la-vida-en-plata-0-925-con-piedra-luna-y-perla\/#breadcrumb\"},\"inLanguage\":\"en-US\",\"potentialAction\":[{\"@type\":\"ReadAction\",\"target\":[\"https:\/\/artesagrado.com.mx\/producto\/pulsera-micro-orgon-flor-de-la-vida-en-plata-0-925-con-piedra-luna-y-perla\/\"]}]},{\"@type\":\"ImageObject\",\"inLanguage\":\"en-US\",\"@id\":\"https:\/\/artesagrado.com.mx\/producto\/pulsera-micro-orgon-flor-de-la-vida-en-plata-0-925-con-piedra-luna-y-perla\/#primaryimage\",\"url\":\"https:\/\/artesagrado.com.mx\/wp-content\/uploads\/2025\/12\/Pulsera-Micro-Orgon-Flor-de-la-Vida-en-Plata-0.925-con-Piedra-Luna-y-Perla_4.webp\",\"contentUrl\":\"https:\/\/artesagrado.com.mx\/wp-content\/uploads\/2025\/12\/Pulsera-Micro-Orgon-Flor-de-la-Vida-en-Plata-0.925-con-Piedra-Luna-y-Perla_4.webp\",\"width\":1000,\"height\":1000},{\"@type\":\"BreadcrumbList\",\"@id\":\"https:\/\/artesagrado.com.mx\/producto\/pulsera-micro-orgon-flor-de-la-vida-en-plata-0-925-con-piedra-luna-y-perla\/#breadcrumb\",\"itemListElement\":[{\"@type\":\"ListItem\",\"position\":1,\"name\":\"Portada\",\"item\":\"https:\/\/artesagrado.com.mx\/\"},{\"@type\":\"ListItem\",\"position\":2,\"name\":\"Tienda\",\"item\":\"https:\/\/artesagrado.com.mx\/tienda\/\"},{\"@type\":\"ListItem\",\"position\":3,\"name\":\"Pulsera Micro Orgon Flor de la Vida en Plata 0.925 con Piedra Luna y Perla\"}]},{\"@type\":\"WebSite\",\"@id\":\"https:\/\/artesagrado.com.mx\/#website\",\"url\":\"https:\/\/artesagrado.com.mx\/\",\"name\":\"Arte Sagrado\",\"description\":\"Empoderando tu ser\",\"publisher\":{\"@id\":\"https:\/\/artesagrado.com.mx\/#organization\"},\"alternateName\":\"Arte Sagrado M\u00e9xico\",\"potentialAction\":[{\"@type\":\"SearchAction\",\"target\":{\"@type\":\"EntryPoint\",\"urlTemplate\":\"https:\/\/artesagrado.com.mx\/?s={search_term_string}\"},\"query-input\":{\"@type\":\"PropertyValueSpecification\",\"valueRequired\":true,\"valueName\":\"search_term_string\"}}],\"inLanguage\":\"en-US\"},{\"@type\":\"Organization\",\"@id\":\"https:\/\/artesagrado.com.mx\/#organization\",\"name\":\"Arte Sagrado\",\"alternateName\":\"Arte Sagrado M\u00e9xico\",\"url\":\"https:\/\/artesagrado.com.mx\/\",\"logo\":{\"@type\":\"ImageObject\",\"inLanguage\":\"en-US\",\"@id\":\"https:\/\/artesagrado.com.mx\/#\/schema\/logo\/image\/\",\"url\":\"https:\/\/artesagrado.com.mx\/wp-content\/uploads\/2024\/07\/portada_cuadrada_base_arte-sagrado.webp\",\"contentUrl\":\"https:\/\/artesagrado.com.mx\/wp-content\/uploads\/2024\/07\/portada_cuadrada_base_arte-sagrado.webp\",\"width\":1000,\"height\":1000,\"caption\":\"Arte Sagrado\"},\"image\":{\"@id\":\"https:\/\/artesagrado.com.mx\/#\/schema\/logo\/image\/\"},\"sameAs\":[\"https:\/\/www.facebook.com\/ArteSagradoMexico\",\"https:\/\/www.instagram.com\/arte_sagrado_oficial\/\",\"https:\/\/www.tiktok.com\/@arte_sagrado_oficial\"],\"description\":\"Arte Sagrado\u00ae es un proyecto pensado, sentido y accionado al servicio de la humanidad y la conciencia. Nacemos en tiempos precisos donde la luz y el recuerdo de nuestra grandeza, empiezan a resplandecer; es por eso que nuestro proyecto se enfoca y especializa en contribuir con informaci\u00f3n y conocimiento de los arquetipos originales y el lenguaje de la geometr\u00eda sagrada.\",\"publishingPrinciples\":\"https:\/\/artesagrado.com.mx\/conoce-a-arte-sagrado\/\"}]}<\/script>\n<meta property=\"og:availability\" content=\"instock\" \/>\n<meta property=\"product:availability\" content=\"instock\" \/>\n<meta property=\"product:condition\" content=\"new\" \/>\n<!-- \/ Yoast SEO Premium plugin. -->","yoast_head_json":{"title":"Pulsera Micro Orgon Flor de la Vida en Plata 0.925 con Piedra Luna y Perla &#8902; Arte Sagrado","description":"Pulsera Micro Orgon Flor de la Vida en Plata 0.925 con Piedra Luna y Perla, esencia lunar para armon\u00eda emocional y sensibilidad espiritual.","robots":{"index":"index","follow":"follow","max-snippet":"max-snippet:-1","max-image-preview":"max-image-preview:large","max-video-preview":"max-video-preview:-1"},"canonical":"https:\/\/artesagrado.com.mx\/en\/product\/pulsera-micro-orgon-flor-de-la-vida-en-plata-0-925-con-piedra-luna-y-perla\/","og_locale":"en_US","og_type":"article","og_title":"Pulsera Micro Orgon Flor de la Vida en Plata 0.925 con Piedra Luna y Perla","og_description":"Descubre la colecci\u00f3n de productos de Arte Sagrado M\u00e9xico: joyer\u00eda y dispositivos energ\u00e9ticos elaborados con geometr\u00eda sagrada y tecnolog\u00eda Org\u00f3n para equilibrar y armonizar tu vida.","og_url":"https:\/\/artesagrado.com.mx\/en\/product\/pulsera-micro-orgon-flor-de-la-vida-en-plata-0-925-con-piedra-luna-y-perla\/","og_site_name":"Arte Sagrado","article_publisher":"https:\/\/www.facebook.com\/ArteSagradoMexico","article_modified_time":"2026-01-22T22:35:52+00:00","og_image":[{"width":1000,"height":1000,"url":"https:\/\/artesagrado.com.mx\/wp-content\/uploads\/2025\/12\/Pulsera-Micro-Orgon-Flor-de-la-Vida-en-Plata-0.925-con-Piedra-Luna-y-Perla_4.webp","type":"image\/webp"}],"twitter_card":"summary_large_image","twitter_misc":{"Availability":"In stock"},"schema":{"@context":"https:\/\/schema.org","@graph":[{"@type":"WebPage","@id":"https:\/\/artesagrado.com.mx\/producto\/pulsera-micro-orgon-flor-de-la-vida-en-plata-0-925-con-piedra-luna-y-perla\/","url":"https:\/\/artesagrado.com.mx\/producto\/pulsera-micro-orgon-flor-de-la-vida-en-plata-0-925-con-piedra-luna-y-perla\/","name":"Pulsera Micro Orgon Flor de la Vida en Plata 0.925 con Piedra Luna y Perla &#8902; Arte Sagrado","isPartOf":{"@id":"https:\/\/artesagrado.com.mx\/#website"},"primaryImageOfPage":{"@id":"https:\/\/artesagrado.com.mx\/producto\/pulsera-micro-orgon-flor-de-la-vida-en-plata-0-925-con-piedra-luna-y-perla\/#primaryimage"},"image":{"@id":"https:\/\/artesagrado.com.mx\/producto\/pulsera-micro-orgon-flor-de-la-vida-en-plata-0-925-con-piedra-luna-y-perla\/#primaryimage"},"thumbnailUrl":"https:\/\/artesagrado.com.mx\/wp-content\/uploads\/2025\/12\/Pulsera-Micro-Orgon-Flor-de-la-Vida-en-Plata-0.925-con-Piedra-Luna-y-Perla_4.webp","datePublished":"2025-12-03T02:12:16+00:00","dateModified":"2026-01-22T22:35:52+00:00","description":"Pulsera Micro Orgon Flor de la Vida en Plata 0.925 con Piedra Luna y Perla, esencia lunar para armon\u00eda emocional y sensibilidad espiritual.","breadcrumb":{"@id":"https:\/\/artesagrado.com.mx\/producto\/pulsera-micro-orgon-flor-de-la-vida-en-plata-0-925-con-piedra-luna-y-perla\/#breadcrumb"},"inLanguage":"en-US","potentialAction":[{"@type":"ReadAction","target":["https:\/\/artesagrado.com.mx\/producto\/pulsera-micro-orgon-flor-de-la-vida-en-plata-0-925-con-piedra-luna-y-perla\/"]}]},{"@type":"ImageObject","inLanguage":"en-US","@id":"https:\/\/artesagrado.com.mx\/producto\/pulsera-micro-orgon-flor-de-la-vida-en-plata-0-925-con-piedra-luna-y-perla\/#primaryimage","url":"https:\/\/artesagrado.com.mx\/wp-content\/uploads\/2025\/12\/Pulsera-Micro-Orgon-Flor-de-la-Vida-en-Plata-0.925-con-Piedra-Luna-y-Perla_4.webp","contentUrl":"https:\/\/artesagrado.com.mx\/wp-content\/uploads\/2025\/12\/Pulsera-Micro-Orgon-Flor-de-la-Vida-en-Plata-0.925-con-Piedra-Luna-y-Perla_4.webp","width":1000,"height":1000},{"@type":"BreadcrumbList","@id":"https:\/\/artesagrado.com.mx\/producto\/pulsera-micro-orgon-flor-de-la-vida-en-plata-0-925-con-piedra-luna-y-perla\/#breadcrumb","itemListElement":[{"@type":"ListItem","position":1,"name":"Portada","item":"https:\/\/artesagrado.com.mx\/"},{"@type":"ListItem","position":2,"name":"Tienda","item":"https:\/\/artesagrado.com.mx\/tienda\/"},{"@type":"ListItem","position":3,"name":"Pulsera Micro Orgon Flor de la Vida en Plata 0.925 con Piedra Luna y Perla"}]},{"@type":"WebSite","@id":"https:\/\/artesagrado.com.mx\/#website","url":"https:\/\/artesagrado.com.mx\/","name":"Arte Sagrado","description":"Empoderando tu ser","publisher":{"@id":"https:\/\/artesagrado.com.mx\/#organization"},"alternateName":"Arte Sagrado M\u00e9xico","potentialAction":[{"@type":"SearchAction","target":{"@type":"EntryPoint","urlTemplate":"https:\/\/artesagrado.com.mx\/?s={search_term_string}"},"query-input":{"@type":"PropertyValueSpecification","valueRequired":true,"valueName":"search_term_string"}}],"inLanguage":"en-US"},{"@type":"Organization","@id":"https:\/\/artesagrado.com.mx\/#organization","name":"Arte Sagrado","alternateName":"Arte Sagrado M\u00e9xico","url":"https:\/\/artesagrado.com.mx\/","logo":{"@type":"ImageObject","inLanguage":"en-US","@id":"https:\/\/artesagrado.com.mx\/#\/schema\/logo\/image\/","url":"https:\/\/artesagrado.com.mx\/wp-content\/uploads\/2024\/07\/portada_cuadrada_base_arte-sagrado.webp","contentUrl":"https:\/\/artesagrado.com.mx\/wp-content\/uploads\/2024\/07\/portada_cuadrada_base_arte-sagrado.webp","width":1000,"height":1000,"caption":"Arte Sagrado"},"image":{"@id":"https:\/\/artesagrado.com.mx\/#\/schema\/logo\/image\/"},"sameAs":["https:\/\/www.facebook.com\/ArteSagradoMexico","https:\/\/www.instagram.com\/arte_sagrado_oficial\/","https:\/\/www.tiktok.com\/@arte_sagrado_oficial"],"description":"Arte Sagrado\u00ae es un proyecto pensado, sentido y accionado al servicio de la humanidad y la conciencia. Nacemos en tiempos precisos donde la luz y el recuerdo de nuestra grandeza, empiezan a resplandecer; es por eso que nuestro proyecto se enfoca y especializa en contribuir con informaci\u00f3n y conocimiento de los arquetipos originales y el lenguaje de la geometr\u00eda sagrada.","publishingPrinciples":"https:\/\/artesagrado.com.mx\/conoce-a-arte-sagrado\/"}]},"og_availability":"instock","product_availability":"instock","product_condition":"new"},"jetpack_sharing_enabled":true,"_links":{"self":[{"href":"https:\/\/artesagrado.com.mx\/en\/wp-json\/wp\/v2\/product\/47250","targetHints":{"allow":["GET"]}}],"collection":[{"href":"https:\/\/artesagrado.com.mx\/en\/wp-json\/wp\/v2\/product"}],"about":[{"href":"https:\/\/artesagrado.com.mx\/en\/wp-json\/wp\/v2\/types\/product"}],"replies":[{"embeddable":true,"href":"https:\/\/artesagrado.com.mx\/en\/wp-json\/wp\/v2\/comments?post=47250"}],"wp:featuredmedia":[{"embeddable":true,"href":"https:\/\/artesagrado.com.mx\/en\/wp-json\/wp\/v2\/media\/47376"}],"wp:attachment":[{"href":"https:\/\/artesagrado.com.mx\/en\/wp-json\/wp\/v2\/media?parent=47250"}],"wp:term":[{"taxonomy":"astrologia","embeddable":true,"href":"https:\/\/artesagrado.com.mx\/en\/wp-json\/wp\/v2\/astrologia?post=47250"},{"taxonomy":"coleccion","embeddable":true,"href":"https:\/\/artesagrado.com.mx\/en\/wp-json\/wp\/v2\/coleccion?post=47250"},{"taxonomy":"joyeria","embeddable":true,"href":"https:\/\/artesagrado.com.mx\/en\/wp-json\/wp\/v2\/joyeria?post=47250"},{"taxonomy":"linea","embeddable":true,"href":"https:\/\/artesagrado.com.mx\/en\/wp-json\/wp\/v2\/linea?post=47250"},{"taxonomy":"material","embeddable":true,"href":"https:\/\/artesagrado.com.mx\/en\/wp-json\/wp\/v2\/material?post=47250"},{"taxonomy":"orgonita","embeddable":true,"href":"https:\/\/artesagrado.com.mx\/en\/wp-json\/wp\/v2\/orgonita?post=47250"},{"taxonomy":"piedra","embeddable":true,"href":"https:\/\/artesagrado.com.mx\/en\/wp-json\/wp\/v2\/piedra?post=47250"},{"taxonomy":"proposito","embeddable":true,"href":"https:\/\/artesagrado.com.mx\/en\/wp-json\/wp\/v2\/proposito?post=47250"},{"taxonomy":"simbolo","embeddable":true,"href":"https:\/\/artesagrado.com.mx\/en\/wp-json\/wp\/v2\/simbolo?post=47250"},{"taxonomy":"tamano","embeddable":true,"href":"https:\/\/artesagrado.com.mx\/en\/wp-json\/wp\/v2\/tamano?post=47250"},{"taxonomy":"visibilidad-producto-nuevo","embeddable":true,"href":"https:\/\/artesagrado.com.mx\/en\/wp-json\/wp\/v2\/visibilidad-producto-nuevo?post=47250"},{"taxonomy":"product_brand","embeddable":true,"href":"https:\/\/artesagrado.com.mx\/en\/wp-json\/wp\/v2\/product_brand?post=47250"},{"taxonomy":"product_cat","embeddable":true,"href":"https:\/\/artesagrado.com.mx\/en\/wp-json\/wp\/v2\/product_cat?post=47250"},{"taxonomy":"product_tag","embeddable":true,"href":"https:\/\/artesagrado.com.mx\/en\/wp-json\/wp\/v2\/product_tag?post=47250"}],"curies":[{"name":"wp","href":"https:\/\/api.w.org\/{rel}","templated":true}]}}